{"id":390999,"date":"2025-06-17T00:12:29","date_gmt":"2025-06-16T22:12:29","guid":{"rendered":"https:\/\/shopatoa.com\/ro\/pixi-glow-mud-curatare-pentru-toate-tipurile-de-ten-135-ml\/"},"modified":"2025-12-14T06:53:12","modified_gmt":"2025-12-14T05:53:12","slug":"pixi-glow-mud-curatare-pentru-toate-tipurile-de-ten-135-ml","status":"publish","type":"product","link":"https:\/\/shopatoa.com\/ro\/pixi-glow-mud-curatare-pentru-toate-tipurile-de-ten-135-ml\/","title":{"rendered":"Pixi Glow Mud curatare pentru toate tipurile de ten 135 ml"},"content":{"rendered":"<p>Pixi Glow Mud, 135 ml, Cur\u0103\u021barea pielii pentru femei, Produsul pentru cur\u0103\u021barea pielii Pixi Glow Mud reprezint\u0103 alegerea potrivit\u0103 pentru \u00eengrijirea zilnic\u0103.  Caracteristici:  efect exfoliant cur\u0103\u021b\u0103 eficient porii are efect de calmare las\u0103 tenul luminos spal\u0103 u\u0219or \u0219i temeinic \u00eentreaga fa\u021b\u0103 previne deshidratarea tenului  Ingrediente:  produs vegan aloe vera \u2013 are efecte puternic hidratante \u0219i de regenerare, ac\u021bioneaz\u0103 ca antioxidant, ajut\u0103 la protejarea \u00eempotriva radicalilor liberi \u0219i a usc\u0103rii acid glicolic \u2013 \u00eendep\u0103rteaz\u0103 celulele moarte cutanate \u0219i favorizeaz\u0103 astfel re\u00eennoirea stratului superior al pielii, hidrateaz\u0103, contribuie la uniformizarea nuan\u021bei, reduce petele pigmentare \u0219i neteze\u0219te ridurile fine  Cum se utilizeaz\u0103: Se aplic\u0103 pe fa\u021ba umed\u0103, prin masaj delicat \u0219i se cl\u0103te\u0219te atent cu ap\u0103. A se evita zona ochilor.<\/p>\n","protected":false},"excerpt":{"rendered":"<p>Pixi Glow Mud, 135 ml, Cur\u0103\u021barea pielii pentru femei, Produsul pentru cur\u0103\u021barea pielii Pixi Glow Mud reprezint\u0103 alegerea potrivit\u0103 pentru \u00eengrijirea zilnic\u0103. Caracteristici: efect exfoliant cur\u0103\u021b\u0103 eficient porii are efect de calmare las\u0103 tenul luminos spal\u0103 u\u0219or \u0219i temeinic \u00eentreaga fa\u021b\u0103 previne deshidratarea tenului Ingrediente: produs vegan aloe vera \u2013 are efecte puternic hidratante \u0219i&#8230;<\/p>\n","protected":false},"featured_media":391000,"comment_status":"closed","ping_status":"open","template":"","meta":{"_acf_changed":false,"_kadence_starter_templates_imported_post":false,"_kad_post_transparent":"","_kad_post_title":"","_kad_post_layout":"","_kad_post_sidebar_id":"","_kad_post_content_style":"","_kad_post_vertical_padding":"","_kad_post_feature":"","_kad_post_feature_position":"","_kad_post_header":false,"_kad_post_footer":false,"_kad_post_classname":""},"product_brand":[2371],"product_cat":[1564,1616,1563,1565,1562],"product_tag":[],"class_list":{"0":"post-390999","1":"product","2":"type-product","3":"status-publish","4":"has-post-thumbnail","6":"product_brand-pixi","7":"product_cat-cosmetice-ingrijire-personala","8":"product_cat-demachiante-faciale","9":"product_cat-ingrijire-personala","10":"product_cat-ingrijirea-pielii","11":"product_cat-sanatate-si-frumusete","12":"pa_gen-female","13":"pa_marime-135-ml","15":"first","16":"instock","17":"sale","18":"product-type-external","19":"entry","20":"content-bg","21":"loop-entry"},"acf":[],"yoast_head":"<!-- This site is optimized with the Yoast SEO plugin v27.4 - https:\/\/yoast.com\/product\/yoast-seo-wordpress\/ -->\n<title>Pixi Glow Mud curatare pentru toate tipurile de ten 135 ml - SHOPATOA.COM<\/title>\n<meta name=\"robots\" content=\"index, follow, max-snippet:-1, max-image-preview:large, max-video-preview:-1\" \/>\n<link rel=\"canonical\" href=\"https:\/\/shopatoa.com\/ro\/pixi-glow-mud-curatare-pentru-toate-tipurile-de-ten-135-ml\/\" \/>\n<meta property=\"og:locale\" content=\"ro_RO\" \/>\n<meta property=\"og:type\" content=\"article\" \/>\n<meta property=\"og:title\" content=\"Pixi Glow Mud curatare pentru toate tipurile de ten 135 ml - SHOPATOA.COM\" \/>\n<meta property=\"og:description\" content=\"Pixi Glow Mud, 135 ml, Cur\u0103\u021barea pielii pentru femei, Produsul pentru cur\u0103\u021barea pielii Pixi Glow Mud reprezint\u0103 alegerea potrivit\u0103 pentru \u00eengrijirea zilnic\u0103. Caracteristici: efect exfoliant cur\u0103\u021b\u0103 eficient porii are efect de calmare las\u0103 tenul luminos spal\u0103 u\u0219or \u0219i temeinic \u00eentreaga fa\u021b\u0103 previne deshidratarea tenului Ingrediente: produs vegan aloe vera \u2013 are efecte puternic hidratante \u0219i...\" \/>\n<meta property=\"og:url\" content=\"https:\/\/shopatoa.com\/ro\/pixi-glow-mud-curatare-pentru-toate-tipurile-de-ten-135-ml\/\" \/>\n<meta property=\"og:site_name\" content=\"SHOPATOA\" \/>\n<meta property=\"article:modified_time\" content=\"2025-12-14T05:53:12+00:00\" \/>\n<meta property=\"og:image\" content=\"https:\/\/storage.googleapis.com\/cz-shopatoa-img\/ro\/847ed881-unnamed-file.webp\" \/>\n\t<meta property=\"og:image:width\" content=\"800\" \/>\n\t<meta property=\"og:image:height\" content=\"800\" \/>\n\t<meta property=\"og:image:type\" content=\"image\/webp\" \/>\n<meta name=\"twitter:card\" content=\"summary_large_image\" \/>\n<meta name=\"twitter:label1\" content=\"Timp estimat pentru citire\" \/>\n\t<meta name=\"twitter:data1\" content=\"1 minut\" \/>\n<script type=\"application\/ld+json\" class=\"yoast-schema-graph\">{\"@context\":\"https:\\\/\\\/schema.org\",\"@graph\":[{\"@type\":\"WebPage\",\"@id\":\"https:\\\/\\\/shopatoa.com\\\/ro\\\/pixi-glow-mud-curatare-pentru-toate-tipurile-de-ten-135-ml\\\/\",\"url\":\"https:\\\/\\\/shopatoa.com\\\/ro\\\/pixi-glow-mud-curatare-pentru-toate-tipurile-de-ten-135-ml\\\/\",\"name\":\"Pixi Glow Mud curatare pentru toate tipurile de ten 135 ml - SHOPATOA.COM\",\"isPartOf\":{\"@id\":\"https:\\\/\\\/shopatoa.com\\\/ro\\\/#website\"},\"primaryImageOfPage\":{\"@id\":\"https:\\\/\\\/shopatoa.com\\\/ro\\\/pixi-glow-mud-curatare-pentru-toate-tipurile-de-ten-135-ml\\\/#primaryimage\"},\"image\":{\"@id\":\"https:\\\/\\\/shopatoa.com\\\/ro\\\/pixi-glow-mud-curatare-pentru-toate-tipurile-de-ten-135-ml\\\/#primaryimage\"},\"thumbnailUrl\":\"https:\\\/\\\/storage.googleapis.com\\\/cz-shopatoa-img\\\/ro\\\/847ed881-unnamed-file.webp\",\"datePublished\":\"2025-06-16T22:12:29+00:00\",\"dateModified\":\"2025-12-14T05:53:12+00:00\",\"breadcrumb\":{\"@id\":\"https:\\\/\\\/shopatoa.com\\\/ro\\\/pixi-glow-mud-curatare-pentru-toate-tipurile-de-ten-135-ml\\\/#breadcrumb\"},\"inLanguage\":\"ro-RO\",\"potentialAction\":[{\"@type\":\"ReadAction\",\"target\":[\"https:\\\/\\\/shopatoa.com\\\/ro\\\/pixi-glow-mud-curatare-pentru-toate-tipurile-de-ten-135-ml\\\/\"]}]},{\"@type\":\"ImageObject\",\"inLanguage\":\"ro-RO\",\"@id\":\"https:\\\/\\\/shopatoa.com\\\/ro\\\/pixi-glow-mud-curatare-pentru-toate-tipurile-de-ten-135-ml\\\/#primaryimage\",\"url\":\"https:\\\/\\\/storage.googleapis.com\\\/cz-shopatoa-img\\\/ro\\\/847ed881-unnamed-file.webp\",\"contentUrl\":\"https:\\\/\\\/storage.googleapis.com\\\/cz-shopatoa-img\\\/ro\\\/847ed881-unnamed-file.webp\",\"width\":800,\"height\":800},{\"@type\":\"BreadcrumbList\",\"@id\":\"https:\\\/\\\/shopatoa.com\\\/ro\\\/pixi-glow-mud-curatare-pentru-toate-tipurile-de-ten-135-ml\\\/#breadcrumb\",\"itemListElement\":[{\"@type\":\"ListItem\",\"position\":1,\"name\":\"Dom\u016f\",\"item\":\"https:\\\/\\\/shopatoa.com\\\/ro\\\/\"},{\"@type\":\"ListItem\",\"position\":2,\"name\":\"Shop\",\"item\":\"https:\\\/\\\/shopatoa.com\\\/ro\\\/shop\\\/\"},{\"@type\":\"ListItem\",\"position\":3,\"name\":\"S\u0103n\u0103tate \u0219i frumuse\u021be\",\"item\":\"https:\\\/\\\/shopatoa.com\\\/ro\\\/sanatate-si-frumusete\\\/\"},{\"@type\":\"ListItem\",\"position\":4,\"name\":\"\u00cengrijire personal\u0103\",\"item\":\"https:\\\/\\\/shopatoa.com\\\/ro\\\/ingrijire-personala\\\/\"},{\"@type\":\"ListItem\",\"position\":5,\"name\":\"Cosmetice\",\"item\":\"https:\\\/\\\/shopatoa.com\\\/ro\\\/cosmetice-ingrijire-personala\\\/\"},{\"@type\":\"ListItem\",\"position\":6,\"name\":\"\u00cengrijirea pielii\",\"item\":\"https:\\\/\\\/shopatoa.com\\\/ro\\\/ingrijirea-pielii\\\/\"},{\"@type\":\"ListItem\",\"position\":7,\"name\":\"Demachiante faciale\",\"item\":\"https:\\\/\\\/shopatoa.com\\\/ro\\\/demachiante-faciale\\\/\"},{\"@type\":\"ListItem\",\"position\":8,\"name\":\"Pixi Glow Mud curatare pentru toate tipurile de ten 135 ml\"}]},{\"@type\":\"WebSite\",\"@id\":\"https:\\\/\\\/shopatoa.com\\\/ro\\\/#website\",\"url\":\"https:\\\/\\\/shopatoa.com\\\/ro\\\/\",\"name\":\"SHOPATOA\",\"description\":\"\",\"publisher\":{\"@id\":\"https:\\\/\\\/shopatoa.com\\\/ro\\\/#organization\"},\"potentialAction\":[{\"@type\":\"SearchAction\",\"target\":{\"@type\":\"EntryPoint\",\"urlTemplate\":\"https:\\\/\\\/shopatoa.com\\\/ro\\\/?s={search_term_string}\"},\"query-input\":{\"@type\":\"PropertyValueSpecification\",\"valueRequired\":true,\"valueName\":\"search_term_string\"}}],\"inLanguage\":\"ro-RO\"},{\"@type\":\"Organization\",\"@id\":\"https:\\\/\\\/shopatoa.com\\\/ro\\\/#organization\",\"name\":\"SHOPATOA\",\"url\":\"https:\\\/\\\/shopatoa.com\\\/ro\\\/\",\"logo\":{\"@type\":\"ImageObject\",\"inLanguage\":\"ro-RO\",\"@id\":\"https:\\\/\\\/shopatoa.com\\\/ro\\\/#\\\/schema\\\/logo\\\/image\\\/\",\"url\":\"https:\\\/\\\/storage.googleapis.com\\\/cz-shopatoa-img\\\/ro\\\/b4dac915-shopatoa_logo.png\",\"contentUrl\":\"https:\\\/\\\/storage.googleapis.com\\\/cz-shopatoa-img\\\/ro\\\/b4dac915-shopatoa_logo.png\",\"width\":416,\"height\":63,\"caption\":\"SHOPATOA\"},\"image\":{\"@id\":\"https:\\\/\\\/shopatoa.com\\\/ro\\\/#\\\/schema\\\/logo\\\/image\\\/\"}}]}<\/script>\n<!-- \/ Yoast SEO plugin. -->","yoast_head_json":{"title":"Pixi Glow Mud curatare pentru toate tipurile de ten 135 ml - SHOPATOA.COM","robots":{"index":"index","follow":"follow","max-snippet":"max-snippet:-1","max-image-preview":"max-image-preview:large","max-video-preview":"max-video-preview:-1"},"canonical":"https:\/\/shopatoa.com\/ro\/pixi-glow-mud-curatare-pentru-toate-tipurile-de-ten-135-ml\/","og_locale":"ro_RO","og_type":"article","og_title":"Pixi Glow Mud curatare pentru toate tipurile de ten 135 ml - SHOPATOA.COM","og_description":"Pixi Glow Mud, 135 ml, Cur\u0103\u021barea pielii pentru femei, Produsul pentru cur\u0103\u021barea pielii Pixi Glow Mud reprezint\u0103 alegerea potrivit\u0103 pentru \u00eengrijirea zilnic\u0103. Caracteristici: efect exfoliant cur\u0103\u021b\u0103 eficient porii are efect de calmare las\u0103 tenul luminos spal\u0103 u\u0219or \u0219i temeinic \u00eentreaga fa\u021b\u0103 previne deshidratarea tenului Ingrediente: produs vegan aloe vera \u2013 are efecte puternic hidratante \u0219i...","og_url":"https:\/\/shopatoa.com\/ro\/pixi-glow-mud-curatare-pentru-toate-tipurile-de-ten-135-ml\/","og_site_name":"SHOPATOA","article_modified_time":"2025-12-14T05:53:12+00:00","og_image":[{"width":800,"height":800,"url":"https:\/\/storage.googleapis.com\/cz-shopatoa-img\/ro\/847ed881-unnamed-file.webp","type":"image\/webp"}],"twitter_card":"summary_large_image","twitter_misc":{"Timp estimat pentru citire":"1 minut"},"schema":{"@context":"https:\/\/schema.org","@graph":[{"@type":"WebPage","@id":"https:\/\/shopatoa.com\/ro\/pixi-glow-mud-curatare-pentru-toate-tipurile-de-ten-135-ml\/","url":"https:\/\/shopatoa.com\/ro\/pixi-glow-mud-curatare-pentru-toate-tipurile-de-ten-135-ml\/","name":"Pixi Glow Mud curatare pentru toate tipurile de ten 135 ml - SHOPATOA.COM","isPartOf":{"@id":"https:\/\/shopatoa.com\/ro\/#website"},"primaryImageOfPage":{"@id":"https:\/\/shopatoa.com\/ro\/pixi-glow-mud-curatare-pentru-toate-tipurile-de-ten-135-ml\/#primaryimage"},"image":{"@id":"https:\/\/shopatoa.com\/ro\/pixi-glow-mud-curatare-pentru-toate-tipurile-de-ten-135-ml\/#primaryimage"},"thumbnailUrl":"https:\/\/storage.googleapis.com\/cz-shopatoa-img\/ro\/847ed881-unnamed-file.webp","datePublished":"2025-06-16T22:12:29+00:00","dateModified":"2025-12-14T05:53:12+00:00","breadcrumb":{"@id":"https:\/\/shopatoa.com\/ro\/pixi-glow-mud-curatare-pentru-toate-tipurile-de-ten-135-ml\/#breadcrumb"},"inLanguage":"ro-RO","potentialAction":[{"@type":"ReadAction","target":["https:\/\/shopatoa.com\/ro\/pixi-glow-mud-curatare-pentru-toate-tipurile-de-ten-135-ml\/"]}]},{"@type":"ImageObject","inLanguage":"ro-RO","@id":"https:\/\/shopatoa.com\/ro\/pixi-glow-mud-curatare-pentru-toate-tipurile-de-ten-135-ml\/#primaryimage","url":"https:\/\/storage.googleapis.com\/cz-shopatoa-img\/ro\/847ed881-unnamed-file.webp","contentUrl":"https:\/\/storage.googleapis.com\/cz-shopatoa-img\/ro\/847ed881-unnamed-file.webp","width":800,"height":800},{"@type":"BreadcrumbList","@id":"https:\/\/shopatoa.com\/ro\/pixi-glow-mud-curatare-pentru-toate-tipurile-de-ten-135-ml\/#breadcrumb","itemListElement":[{"@type":"ListItem","position":1,"name":"Dom\u016f","item":"https:\/\/shopatoa.com\/ro\/"},{"@type":"ListItem","position":2,"name":"Shop","item":"https:\/\/shopatoa.com\/ro\/shop\/"},{"@type":"ListItem","position":3,"name":"S\u0103n\u0103tate \u0219i frumuse\u021be","item":"https:\/\/shopatoa.com\/ro\/sanatate-si-frumusete\/"},{"@type":"ListItem","position":4,"name":"\u00cengrijire personal\u0103","item":"https:\/\/shopatoa.com\/ro\/ingrijire-personala\/"},{"@type":"ListItem","position":5,"name":"Cosmetice","item":"https:\/\/shopatoa.com\/ro\/cosmetice-ingrijire-personala\/"},{"@type":"ListItem","position":6,"name":"\u00cengrijirea pielii","item":"https:\/\/shopatoa.com\/ro\/ingrijirea-pielii\/"},{"@type":"ListItem","position":7,"name":"Demachiante faciale","item":"https:\/\/shopatoa.com\/ro\/demachiante-faciale\/"},{"@type":"ListItem","position":8,"name":"Pixi Glow Mud curatare pentru toate tipurile de ten 135 ml"}]},{"@type":"WebSite","@id":"https:\/\/shopatoa.com\/ro\/#website","url":"https:\/\/shopatoa.com\/ro\/","name":"SHOPATOA","description":"","publisher":{"@id":"https:\/\/shopatoa.com\/ro\/#organization"},"potentialAction":[{"@type":"SearchAction","target":{"@type":"EntryPoint","urlTemplate":"https:\/\/shopatoa.com\/ro\/?s={search_term_string}"},"query-input":{"@type":"PropertyValueSpecification","valueRequired":true,"valueName":"search_term_string"}}],"inLanguage":"ro-RO"},{"@type":"Organization","@id":"https:\/\/shopatoa.com\/ro\/#organization","name":"SHOPATOA","url":"https:\/\/shopatoa.com\/ro\/","logo":{"@type":"ImageObject","inLanguage":"ro-RO","@id":"https:\/\/shopatoa.com\/ro\/#\/schema\/logo\/image\/","url":"https:\/\/storage.googleapis.com\/cz-shopatoa-img\/ro\/b4dac915-shopatoa_logo.png","contentUrl":"https:\/\/storage.googleapis.com\/cz-shopatoa-img\/ro\/b4dac915-shopatoa_logo.png","width":416,"height":63,"caption":"SHOPATOA"},"image":{"@id":"https:\/\/shopatoa.com\/ro\/#\/schema\/logo\/image\/"}}]}},"_links":{"self":[{"href":"https:\/\/shopatoa.com\/ro\/wp-json\/wp\/v2\/product\/390999","targetHints":{"allow":["GET"]}}],"collection":[{"href":"https:\/\/shopatoa.com\/ro\/wp-json\/wp\/v2\/product"}],"about":[{"href":"https:\/\/shopatoa.com\/ro\/wp-json\/wp\/v2\/types\/product"}],"replies":[{"embeddable":true,"href":"https:\/\/shopatoa.com\/ro\/wp-json\/wp\/v2\/comments?post=390999"}],"wp:featuredmedia":[{"embeddable":true,"href":"https:\/\/shopatoa.com\/ro\/wp-json\/wp\/v2\/media\/391000"}],"wp:attachment":[{"href":"https:\/\/shopatoa.com\/ro\/wp-json\/wp\/v2\/media?parent=390999"}],"wp:term":[{"taxonomy":"product_brand","embeddable":true,"href":"https:\/\/shopatoa.com\/ro\/wp-json\/wp\/v2\/product_brand?post=390999"},{"taxonomy":"product_cat","embeddable":true,"href":"https:\/\/shopatoa.com\/ro\/wp-json\/wp\/v2\/product_cat?post=390999"},{"taxonomy":"product_tag","embeddable":true,"href":"https:\/\/shopatoa.com\/ro\/wp-json\/wp\/v2\/product_tag?post=390999"}],"curies":[{"name":"wp","href":"https:\/\/api.w.org\/{rel}","templated":true}]}}