{"id":391058,"date":"2025-06-17T00:28:33","date_gmt":"2025-06-16T22:28:33","guid":{"rendered":"https:\/\/shopatoa.com\/ro\/nirvel-color-remover-decolorant-250-ml\/"},"modified":"2025-12-14T06:43:28","modified_gmt":"2025-12-14T05:43:28","slug":"nirvel-color-remover-decolorant-250-ml","status":"publish","type":"product","link":"https:\/\/shopatoa.com\/ro\/nirvel-color-remover-decolorant-250-ml\/","title":{"rendered":"Nirvel Color Remover decolorant 250 ml"},"content":{"rendered":"<p>Nirvel Color Remover, 250 ml, Produse pentru \u00eendep\u0103rtarea vopselei pentru femei, Bucuria p\u0103rului proasp\u0103t vopsit poate fi rapid compromis\u0103 de petele inestetice de vopsea de pe scalp, mai ales dac\u0103 nu se pot \u00eendep\u0103rta. Dac\u0103 vi se \u00eent\u00e2mpl\u0103 \u0219i dvs., nu v\u0103 face\u021bi griji \u2013 solu\u021bia de \u00eendep\u0103rtare a vopselei Nirvel Color Remover se va ocupa de ele. Cur\u0103\u021b\u0103 delicat, dar eficient, scalpul, m\u00e2inile \u0219i tenul de petele de vopsea, asigur\u00e2ndu-v\u0103 un aspect impecabil.  Caracteristici:  \u00eenl\u0103tur\u0103 u\u0219or resturile de vopsea de pe piele neagresiv cu tenul \u0219i cu scalpul hidrateaz\u0103 \u0219i hr\u0103ne\u0219te previne uscarea pielii u\u0219or de utilizat pentru orice tip de p\u0103r numai pentru uz profesional  Cum se utilizeaz\u0103: Aplica\u021bi produsul pe un tampon de vat\u0103 \u0219i \u0219terge\u021bi delicat zonele de piele afectate.<\/p>\n","protected":false},"excerpt":{"rendered":"<p>Nirvel Color Remover, 250 ml, Produse pentru \u00eendep\u0103rtarea vopselei pentru femei, Bucuria p\u0103rului proasp\u0103t vopsit poate fi rapid compromis\u0103 de petele inestetice de vopsea de pe scalp, mai ales dac\u0103 nu se pot \u00eendep\u0103rta. Dac\u0103 vi se \u00eent\u00e2mpl\u0103 \u0219i dvs., nu v\u0103 face\u021bi griji \u2013 solu\u021bia de \u00eendep\u0103rtare a vopselei Nirvel Color Remover se va&#8230;<\/p>\n","protected":false},"featured_media":391059,"comment_status":"closed","ping_status":"open","template":"","meta":{"_acf_changed":false,"_kadence_starter_templates_imported_post":false,"_kad_post_transparent":"","_kad_post_title":"","_kad_post_layout":"","_kad_post_sidebar_id":"","_kad_post_content_style":"","_kad_post_vertical_padding":"","_kad_post_feature":"","_kad_post_feature_position":"","_kad_post_header":false,"_kad_post_footer":false,"_kad_post_classname":""},"product_brand":[1840],"product_cat":[2374,1563,1590,1562],"product_tag":[],"class_list":{"0":"post-391058","1":"product","2":"type-product","3":"status-publish","4":"has-post-thumbnail","6":"product_brand-nirvel","7":"product_cat-indepartarea-culorii-parului","8":"product_cat-ingrijire-personala","9":"product_cat-ingrijirea-parului","10":"product_cat-sanatate-si-frumusete","11":"pa_gen-female","12":"pa_marime-250-ml","14":"first","15":"instock","16":"sale","17":"product-type-external","18":"entry","19":"content-bg","20":"loop-entry"},"acf":[],"yoast_head":"<!-- This site is optimized with the Yoast SEO plugin v27.4 - https:\/\/yoast.com\/product\/yoast-seo-wordpress\/ -->\n<title>Nirvel Color Remover decolorant 250 ml - SHOPATOA.COM<\/title>\n<meta name=\"robots\" content=\"index, follow, max-snippet:-1, max-image-preview:large, max-video-preview:-1\" \/>\n<link rel=\"canonical\" href=\"https:\/\/shopatoa.com\/ro\/nirvel-color-remover-decolorant-250-ml\/\" \/>\n<meta property=\"og:locale\" content=\"ro_RO\" \/>\n<meta property=\"og:type\" content=\"article\" \/>\n<meta property=\"og:title\" content=\"Nirvel Color Remover decolorant 250 ml - SHOPATOA.COM\" \/>\n<meta property=\"og:description\" content=\"Nirvel Color Remover, 250 ml, Produse pentru \u00eendep\u0103rtarea vopselei pentru femei, Bucuria p\u0103rului proasp\u0103t vopsit poate fi rapid compromis\u0103 de petele inestetice de vopsea de pe scalp, mai ales dac\u0103 nu se pot \u00eendep\u0103rta. Dac\u0103 vi se \u00eent\u00e2mpl\u0103 \u0219i dvs., nu v\u0103 face\u021bi griji \u2013 solu\u021bia de \u00eendep\u0103rtare a vopselei Nirvel Color Remover se va...\" \/>\n<meta property=\"og:url\" content=\"https:\/\/shopatoa.com\/ro\/nirvel-color-remover-decolorant-250-ml\/\" \/>\n<meta property=\"og:site_name\" content=\"SHOPATOA\" \/>\n<meta property=\"article:modified_time\" content=\"2025-12-14T05:43:28+00:00\" \/>\n<meta property=\"og:image\" content=\"https:\/\/storage.googleapis.com\/cz-shopatoa-img\/ro\/3b7396c6-unnamed-file.webp\" \/>\n\t<meta property=\"og:image:width\" content=\"800\" \/>\n\t<meta property=\"og:image:height\" content=\"800\" \/>\n\t<meta property=\"og:image:type\" content=\"image\/webp\" \/>\n<meta name=\"twitter:card\" content=\"summary_large_image\" \/>\n<meta name=\"twitter:label1\" content=\"Timp estimat pentru citire\" \/>\n\t<meta name=\"twitter:data1\" content=\"1 minut\" \/>\n<script type=\"application\/ld+json\" class=\"yoast-schema-graph\">{\"@context\":\"https:\\\/\\\/schema.org\",\"@graph\":[{\"@type\":\"WebPage\",\"@id\":\"https:\\\/\\\/shopatoa.com\\\/ro\\\/nirvel-color-remover-decolorant-250-ml\\\/\",\"url\":\"https:\\\/\\\/shopatoa.com\\\/ro\\\/nirvel-color-remover-decolorant-250-ml\\\/\",\"name\":\"Nirvel Color Remover decolorant 250 ml - SHOPATOA.COM\",\"isPartOf\":{\"@id\":\"https:\\\/\\\/shopatoa.com\\\/ro\\\/#website\"},\"primaryImageOfPage\":{\"@id\":\"https:\\\/\\\/shopatoa.com\\\/ro\\\/nirvel-color-remover-decolorant-250-ml\\\/#primaryimage\"},\"image\":{\"@id\":\"https:\\\/\\\/shopatoa.com\\\/ro\\\/nirvel-color-remover-decolorant-250-ml\\\/#primaryimage\"},\"thumbnailUrl\":\"https:\\\/\\\/storage.googleapis.com\\\/cz-shopatoa-img\\\/ro\\\/3b7396c6-unnamed-file.webp\",\"datePublished\":\"2025-06-16T22:28:33+00:00\",\"dateModified\":\"2025-12-14T05:43:28+00:00\",\"breadcrumb\":{\"@id\":\"https:\\\/\\\/shopatoa.com\\\/ro\\\/nirvel-color-remover-decolorant-250-ml\\\/#breadcrumb\"},\"inLanguage\":\"ro-RO\",\"potentialAction\":[{\"@type\":\"ReadAction\",\"target\":[\"https:\\\/\\\/shopatoa.com\\\/ro\\\/nirvel-color-remover-decolorant-250-ml\\\/\"]}]},{\"@type\":\"ImageObject\",\"inLanguage\":\"ro-RO\",\"@id\":\"https:\\\/\\\/shopatoa.com\\\/ro\\\/nirvel-color-remover-decolorant-250-ml\\\/#primaryimage\",\"url\":\"https:\\\/\\\/storage.googleapis.com\\\/cz-shopatoa-img\\\/ro\\\/3b7396c6-unnamed-file.webp\",\"contentUrl\":\"https:\\\/\\\/storage.googleapis.com\\\/cz-shopatoa-img\\\/ro\\\/3b7396c6-unnamed-file.webp\",\"width\":800,\"height\":800},{\"@type\":\"BreadcrumbList\",\"@id\":\"https:\\\/\\\/shopatoa.com\\\/ro\\\/nirvel-color-remover-decolorant-250-ml\\\/#breadcrumb\",\"itemListElement\":[{\"@type\":\"ListItem\",\"position\":1,\"name\":\"Dom\u016f\",\"item\":\"https:\\\/\\\/shopatoa.com\\\/ro\\\/\"},{\"@type\":\"ListItem\",\"position\":2,\"name\":\"Shop\",\"item\":\"https:\\\/\\\/shopatoa.com\\\/ro\\\/shop\\\/\"},{\"@type\":\"ListItem\",\"position\":3,\"name\":\"S\u0103n\u0103tate \u0219i frumuse\u021be\",\"item\":\"https:\\\/\\\/shopatoa.com\\\/ro\\\/sanatate-si-frumusete\\\/\"},{\"@type\":\"ListItem\",\"position\":4,\"name\":\"\u00cengrijire personal\u0103\",\"item\":\"https:\\\/\\\/shopatoa.com\\\/ro\\\/ingrijire-personala\\\/\"},{\"@type\":\"ListItem\",\"position\":5,\"name\":\"\u00cengrijirea p\u0103rului\",\"item\":\"https:\\\/\\\/shopatoa.com\\\/ro\\\/ingrijirea-parului\\\/\"},{\"@type\":\"ListItem\",\"position\":6,\"name\":\"\u00cendep\u0103rtarea culorii p\u0103rului\",\"item\":\"https:\\\/\\\/shopatoa.com\\\/ro\\\/indepartarea-culorii-parului\\\/\"},{\"@type\":\"ListItem\",\"position\":7,\"name\":\"Nirvel Color Remover decolorant 250 ml\"}]},{\"@type\":\"WebSite\",\"@id\":\"https:\\\/\\\/shopatoa.com\\\/ro\\\/#website\",\"url\":\"https:\\\/\\\/shopatoa.com\\\/ro\\\/\",\"name\":\"SHOPATOA\",\"description\":\"\",\"publisher\":{\"@id\":\"https:\\\/\\\/shopatoa.com\\\/ro\\\/#organization\"},\"potentialAction\":[{\"@type\":\"SearchAction\",\"target\":{\"@type\":\"EntryPoint\",\"urlTemplate\":\"https:\\\/\\\/shopatoa.com\\\/ro\\\/?s={search_term_string}\"},\"query-input\":{\"@type\":\"PropertyValueSpecification\",\"valueRequired\":true,\"valueName\":\"search_term_string\"}}],\"inLanguage\":\"ro-RO\"},{\"@type\":\"Organization\",\"@id\":\"https:\\\/\\\/shopatoa.com\\\/ro\\\/#organization\",\"name\":\"SHOPATOA\",\"url\":\"https:\\\/\\\/shopatoa.com\\\/ro\\\/\",\"logo\":{\"@type\":\"ImageObject\",\"inLanguage\":\"ro-RO\",\"@id\":\"https:\\\/\\\/shopatoa.com\\\/ro\\\/#\\\/schema\\\/logo\\\/image\\\/\",\"url\":\"https:\\\/\\\/storage.googleapis.com\\\/cz-shopatoa-img\\\/ro\\\/b4dac915-shopatoa_logo.png\",\"contentUrl\":\"https:\\\/\\\/storage.googleapis.com\\\/cz-shopatoa-img\\\/ro\\\/b4dac915-shopatoa_logo.png\",\"width\":416,\"height\":63,\"caption\":\"SHOPATOA\"},\"image\":{\"@id\":\"https:\\\/\\\/shopatoa.com\\\/ro\\\/#\\\/schema\\\/logo\\\/image\\\/\"}}]}<\/script>\n<!-- \/ Yoast SEO plugin. -->","yoast_head_json":{"title":"Nirvel Color Remover decolorant 250 ml - SHOPATOA.COM","robots":{"index":"index","follow":"follow","max-snippet":"max-snippet:-1","max-image-preview":"max-image-preview:large","max-video-preview":"max-video-preview:-1"},"canonical":"https:\/\/shopatoa.com\/ro\/nirvel-color-remover-decolorant-250-ml\/","og_locale":"ro_RO","og_type":"article","og_title":"Nirvel Color Remover decolorant 250 ml - SHOPATOA.COM","og_description":"Nirvel Color Remover, 250 ml, Produse pentru \u00eendep\u0103rtarea vopselei pentru femei, Bucuria p\u0103rului proasp\u0103t vopsit poate fi rapid compromis\u0103 de petele inestetice de vopsea de pe scalp, mai ales dac\u0103 nu se pot \u00eendep\u0103rta. Dac\u0103 vi se \u00eent\u00e2mpl\u0103 \u0219i dvs., nu v\u0103 face\u021bi griji \u2013 solu\u021bia de \u00eendep\u0103rtare a vopselei Nirvel Color Remover se va...","og_url":"https:\/\/shopatoa.com\/ro\/nirvel-color-remover-decolorant-250-ml\/","og_site_name":"SHOPATOA","article_modified_time":"2025-12-14T05:43:28+00:00","og_image":[{"width":800,"height":800,"url":"https:\/\/storage.googleapis.com\/cz-shopatoa-img\/ro\/3b7396c6-unnamed-file.webp","type":"image\/webp"}],"twitter_card":"summary_large_image","twitter_misc":{"Timp estimat pentru citire":"1 minut"},"schema":{"@context":"https:\/\/schema.org","@graph":[{"@type":"WebPage","@id":"https:\/\/shopatoa.com\/ro\/nirvel-color-remover-decolorant-250-ml\/","url":"https:\/\/shopatoa.com\/ro\/nirvel-color-remover-decolorant-250-ml\/","name":"Nirvel Color Remover decolorant 250 ml - SHOPATOA.COM","isPartOf":{"@id":"https:\/\/shopatoa.com\/ro\/#website"},"primaryImageOfPage":{"@id":"https:\/\/shopatoa.com\/ro\/nirvel-color-remover-decolorant-250-ml\/#primaryimage"},"image":{"@id":"https:\/\/shopatoa.com\/ro\/nirvel-color-remover-decolorant-250-ml\/#primaryimage"},"thumbnailUrl":"https:\/\/storage.googleapis.com\/cz-shopatoa-img\/ro\/3b7396c6-unnamed-file.webp","datePublished":"2025-06-16T22:28:33+00:00","dateModified":"2025-12-14T05:43:28+00:00","breadcrumb":{"@id":"https:\/\/shopatoa.com\/ro\/nirvel-color-remover-decolorant-250-ml\/#breadcrumb"},"inLanguage":"ro-RO","potentialAction":[{"@type":"ReadAction","target":["https:\/\/shopatoa.com\/ro\/nirvel-color-remover-decolorant-250-ml\/"]}]},{"@type":"ImageObject","inLanguage":"ro-RO","@id":"https:\/\/shopatoa.com\/ro\/nirvel-color-remover-decolorant-250-ml\/#primaryimage","url":"https:\/\/storage.googleapis.com\/cz-shopatoa-img\/ro\/3b7396c6-unnamed-file.webp","contentUrl":"https:\/\/storage.googleapis.com\/cz-shopatoa-img\/ro\/3b7396c6-unnamed-file.webp","width":800,"height":800},{"@type":"BreadcrumbList","@id":"https:\/\/shopatoa.com\/ro\/nirvel-color-remover-decolorant-250-ml\/#breadcrumb","itemListElement":[{"@type":"ListItem","position":1,"name":"Dom\u016f","item":"https:\/\/shopatoa.com\/ro\/"},{"@type":"ListItem","position":2,"name":"Shop","item":"https:\/\/shopatoa.com\/ro\/shop\/"},{"@type":"ListItem","position":3,"name":"S\u0103n\u0103tate \u0219i frumuse\u021be","item":"https:\/\/shopatoa.com\/ro\/sanatate-si-frumusete\/"},{"@type":"ListItem","position":4,"name":"\u00cengrijire personal\u0103","item":"https:\/\/shopatoa.com\/ro\/ingrijire-personala\/"},{"@type":"ListItem","position":5,"name":"\u00cengrijirea p\u0103rului","item":"https:\/\/shopatoa.com\/ro\/ingrijirea-parului\/"},{"@type":"ListItem","position":6,"name":"\u00cendep\u0103rtarea culorii p\u0103rului","item":"https:\/\/shopatoa.com\/ro\/indepartarea-culorii-parului\/"},{"@type":"ListItem","position":7,"name":"Nirvel Color Remover decolorant 250 ml"}]},{"@type":"WebSite","@id":"https:\/\/shopatoa.com\/ro\/#website","url":"https:\/\/shopatoa.com\/ro\/","name":"SHOPATOA","description":"","publisher":{"@id":"https:\/\/shopatoa.com\/ro\/#organization"},"potentialAction":[{"@type":"SearchAction","target":{"@type":"EntryPoint","urlTemplate":"https:\/\/shopatoa.com\/ro\/?s={search_term_string}"},"query-input":{"@type":"PropertyValueSpecification","valueRequired":true,"valueName":"search_term_string"}}],"inLanguage":"ro-RO"},{"@type":"Organization","@id":"https:\/\/shopatoa.com\/ro\/#organization","name":"SHOPATOA","url":"https:\/\/shopatoa.com\/ro\/","logo":{"@type":"ImageObject","inLanguage":"ro-RO","@id":"https:\/\/shopatoa.com\/ro\/#\/schema\/logo\/image\/","url":"https:\/\/storage.googleapis.com\/cz-shopatoa-img\/ro\/b4dac915-shopatoa_logo.png","contentUrl":"https:\/\/storage.googleapis.com\/cz-shopatoa-img\/ro\/b4dac915-shopatoa_logo.png","width":416,"height":63,"caption":"SHOPATOA"},"image":{"@id":"https:\/\/shopatoa.com\/ro\/#\/schema\/logo\/image\/"}}]}},"_links":{"self":[{"href":"https:\/\/shopatoa.com\/ro\/wp-json\/wp\/v2\/product\/391058","targetHints":{"allow":["GET"]}}],"collection":[{"href":"https:\/\/shopatoa.com\/ro\/wp-json\/wp\/v2\/product"}],"about":[{"href":"https:\/\/shopatoa.com\/ro\/wp-json\/wp\/v2\/types\/product"}],"replies":[{"embeddable":true,"href":"https:\/\/shopatoa.com\/ro\/wp-json\/wp\/v2\/comments?post=391058"}],"wp:featuredmedia":[{"embeddable":true,"href":"https:\/\/shopatoa.com\/ro\/wp-json\/wp\/v2\/media\/391059"}],"wp:attachment":[{"href":"https:\/\/shopatoa.com\/ro\/wp-json\/wp\/v2\/media?parent=391058"}],"wp:term":[{"taxonomy":"product_brand","embeddable":true,"href":"https:\/\/shopatoa.com\/ro\/wp-json\/wp\/v2\/product_brand?post=391058"},{"taxonomy":"product_cat","embeddable":true,"href":"https:\/\/shopatoa.com\/ro\/wp-json\/wp\/v2\/product_cat?post=391058"},{"taxonomy":"product_tag","embeddable":true,"href":"https:\/\/shopatoa.com\/ro\/wp-json\/wp\/v2\/product_tag?post=391058"}],"curies":[{"name":"wp","href":"https:\/\/api.w.org\/{rel}","templated":true}]}}