{"id":391096,"date":"2025-06-17T00:31:38","date_gmt":"2025-06-16T22:31:38","guid":{"rendered":"https:\/\/shopatoa.com\/ro\/philips-4000-bre247-00-epilator-1-buc\/"},"modified":"2025-12-14T06:26:02","modified_gmt":"2025-12-14T05:26:02","slug":"philips-4000-bre247-00-epilator-1-buc","status":"publish","type":"product","link":"https:\/\/shopatoa.com\/ro\/philips-4000-bre247-00-epilator-1-buc\/","title":{"rendered":"Philips 4000 BRE247\/00 epilator 1 buc"},"content":{"rendered":"<p>Philips 4000 BRE247\/00, 1 buc, Epilatoare pentru femei, Epilatorul Philips 4000 asigur\u0103 o piele neted\u0103 \u0219i frumoas\u0103, f\u0103r\u0103 fire de p\u0103r, pentru c\u00e2teva s\u0103pt\u0103m\u00e2ni.  Caracteristici:  epileaz\u0103 firele din r\u0103d\u0103cini pentru o piele frumoas\u0103 \u0219i neted\u0103 cu lumin\u0103 \u00eencorporat\u0103, pentru a v\u0103 asigura c\u0103 nu rata\u021bi nici m\u0103car firele fine de p\u0103r este mai rapid \u0219i mai minu\u021bios dec\u00e2t depilarea tradi\u021bional\u0103 chiar \u0219i firele scurte sunt \u00eendep\u0103rtate u\u0219or, rapid \u0219i precis se adapteaz\u0103 la contururile corpului \u0219i, astfel, asigur\u0103 o epilare mai minu\u021bioas\u0103 cu un accesoriu de masaj care reduce senza\u021bia de durere  Cum se utilizeaz\u0103: Se vor urma instruc\u021biunile incluse.<\/p>\n","protected":false},"excerpt":{"rendered":"<p>Philips 4000 BRE247\/00, 1 buc, Epilatoare pentru femei, Epilatorul Philips 4000 asigur\u0103 o piele neted\u0103 \u0219i frumoas\u0103, f\u0103r\u0103 fire de p\u0103r, pentru c\u00e2teva s\u0103pt\u0103m\u00e2ni. Caracteristici: epileaz\u0103 firele din r\u0103d\u0103cini pentru o piele frumoas\u0103 \u0219i neted\u0103 cu lumin\u0103 \u00eencorporat\u0103, pentru a v\u0103 asigura c\u0103 nu rata\u021bi nici m\u0103car firele fine de p\u0103r este mai rapid \u0219i&#8230;<\/p>\n","protected":false},"featured_media":391097,"comment_status":"closed","ping_status":"open","template":"","meta":{"_acf_changed":false,"_kadence_starter_templates_imported_post":false,"_kad_post_transparent":"","_kad_post_title":"","_kad_post_layout":"","_kad_post_sidebar_id":"","_kad_post_content_style":"","_kad_post_vertical_padding":"","_kad_post_feature":"","_kad_post_feature_position":"","_kad_post_header":false,"_kad_post_footer":false,"_kad_post_classname":""},"product_brand":[495],"product_cat":[1881,2330,1952,1563,1562],"product_tag":[],"class_list":{"0":"post-391096","1":"product","2":"type-product","3":"status-publish","4":"has-post-thumbnail","6":"product_brand-philips","7":"product_cat-barbierit-si-ingrijire","8":"product_cat-epilatoare","9":"product_cat-indepartarea-parului","10":"product_cat-ingrijire-personala","11":"product_cat-sanatate-si-frumusete","12":"pa_gen-female","13":"pa_marime-1-buc","15":"first","16":"instock","17":"sale","18":"product-type-external","19":"entry","20":"content-bg","21":"loop-entry"},"acf":[],"yoast_head":"<!-- This site is optimized with the Yoast SEO plugin v27.4 - https:\/\/yoast.com\/product\/yoast-seo-wordpress\/ -->\n<title>Philips 4000 BRE247\/00 epilator 1 buc - SHOPATOA.COM<\/title>\n<meta name=\"robots\" content=\"index, follow, max-snippet:-1, max-image-preview:large, max-video-preview:-1\" \/>\n<link rel=\"canonical\" href=\"https:\/\/shopatoa.com\/ro\/philips-4000-bre247-00-epilator-1-buc\/\" \/>\n<meta property=\"og:locale\" content=\"ro_RO\" \/>\n<meta property=\"og:type\" content=\"article\" \/>\n<meta property=\"og:title\" content=\"Philips 4000 BRE247\/00 epilator 1 buc - SHOPATOA.COM\" \/>\n<meta property=\"og:description\" content=\"Philips 4000 BRE247\/00, 1 buc, Epilatoare pentru femei, Epilatorul Philips 4000 asigur\u0103 o piele neted\u0103 \u0219i frumoas\u0103, f\u0103r\u0103 fire de p\u0103r, pentru c\u00e2teva s\u0103pt\u0103m\u00e2ni. Caracteristici: epileaz\u0103 firele din r\u0103d\u0103cini pentru o piele frumoas\u0103 \u0219i neted\u0103 cu lumin\u0103 \u00eencorporat\u0103, pentru a v\u0103 asigura c\u0103 nu rata\u021bi nici m\u0103car firele fine de p\u0103r este mai rapid \u0219i...\" \/>\n<meta property=\"og:url\" content=\"https:\/\/shopatoa.com\/ro\/philips-4000-bre247-00-epilator-1-buc\/\" \/>\n<meta property=\"og:site_name\" content=\"SHOPATOA\" \/>\n<meta property=\"article:modified_time\" content=\"2025-12-14T05:26:02+00:00\" \/>\n<meta property=\"og:image\" content=\"https:\/\/storage.googleapis.com\/cz-shopatoa-img\/ro\/64423409-unnamed-file.webp\" \/>\n\t<meta property=\"og:image:width\" content=\"800\" \/>\n\t<meta property=\"og:image:height\" content=\"800\" \/>\n\t<meta property=\"og:image:type\" content=\"image\/webp\" \/>\n<meta name=\"twitter:card\" content=\"summary_large_image\" \/>\n<meta name=\"twitter:label1\" content=\"Timp estimat pentru citire\" \/>\n\t<meta name=\"twitter:data1\" content=\"1 minut\" \/>\n<script type=\"application\/ld+json\" class=\"yoast-schema-graph\">{\"@context\":\"https:\\\/\\\/schema.org\",\"@graph\":[{\"@type\":\"WebPage\",\"@id\":\"https:\\\/\\\/shopatoa.com\\\/ro\\\/philips-4000-bre247-00-epilator-1-buc\\\/\",\"url\":\"https:\\\/\\\/shopatoa.com\\\/ro\\\/philips-4000-bre247-00-epilator-1-buc\\\/\",\"name\":\"Philips 4000 BRE247\\\/00 epilator 1 buc - SHOPATOA.COM\",\"isPartOf\":{\"@id\":\"https:\\\/\\\/shopatoa.com\\\/ro\\\/#website\"},\"primaryImageOfPage\":{\"@id\":\"https:\\\/\\\/shopatoa.com\\\/ro\\\/philips-4000-bre247-00-epilator-1-buc\\\/#primaryimage\"},\"image\":{\"@id\":\"https:\\\/\\\/shopatoa.com\\\/ro\\\/philips-4000-bre247-00-epilator-1-buc\\\/#primaryimage\"},\"thumbnailUrl\":\"https:\\\/\\\/storage.googleapis.com\\\/cz-shopatoa-img\\\/ro\\\/64423409-unnamed-file.webp\",\"datePublished\":\"2025-06-16T22:31:38+00:00\",\"dateModified\":\"2025-12-14T05:26:02+00:00\",\"breadcrumb\":{\"@id\":\"https:\\\/\\\/shopatoa.com\\\/ro\\\/philips-4000-bre247-00-epilator-1-buc\\\/#breadcrumb\"},\"inLanguage\":\"ro-RO\",\"potentialAction\":[{\"@type\":\"ReadAction\",\"target\":[\"https:\\\/\\\/shopatoa.com\\\/ro\\\/philips-4000-bre247-00-epilator-1-buc\\\/\"]}]},{\"@type\":\"ImageObject\",\"inLanguage\":\"ro-RO\",\"@id\":\"https:\\\/\\\/shopatoa.com\\\/ro\\\/philips-4000-bre247-00-epilator-1-buc\\\/#primaryimage\",\"url\":\"https:\\\/\\\/storage.googleapis.com\\\/cz-shopatoa-img\\\/ro\\\/64423409-unnamed-file.webp\",\"contentUrl\":\"https:\\\/\\\/storage.googleapis.com\\\/cz-shopatoa-img\\\/ro\\\/64423409-unnamed-file.webp\",\"width\":800,\"height\":800},{\"@type\":\"BreadcrumbList\",\"@id\":\"https:\\\/\\\/shopatoa.com\\\/ro\\\/philips-4000-bre247-00-epilator-1-buc\\\/#breadcrumb\",\"itemListElement\":[{\"@type\":\"ListItem\",\"position\":1,\"name\":\"Dom\u016f\",\"item\":\"https:\\\/\\\/shopatoa.com\\\/ro\\\/\"},{\"@type\":\"ListItem\",\"position\":2,\"name\":\"Shop\",\"item\":\"https:\\\/\\\/shopatoa.com\\\/ro\\\/shop\\\/\"},{\"@type\":\"ListItem\",\"position\":3,\"name\":\"S\u0103n\u0103tate \u0219i frumuse\u021be\",\"item\":\"https:\\\/\\\/shopatoa.com\\\/ro\\\/sanatate-si-frumusete\\\/\"},{\"@type\":\"ListItem\",\"position\":4,\"name\":\"\u00cengrijire personal\u0103\",\"item\":\"https:\\\/\\\/shopatoa.com\\\/ro\\\/ingrijire-personala\\\/\"},{\"@type\":\"ListItem\",\"position\":5,\"name\":\"B\u0103rbierit \u0219i \u00eengrijire\",\"item\":\"https:\\\/\\\/shopatoa.com\\\/ro\\\/barbierit-si-ingrijire\\\/\"},{\"@type\":\"ListItem\",\"position\":6,\"name\":\"\u00cendep\u0103rtarea p\u0103rului\",\"item\":\"https:\\\/\\\/shopatoa.com\\\/ro\\\/indepartarea-parului\\\/\"},{\"@type\":\"ListItem\",\"position\":7,\"name\":\"Epilatoare\",\"item\":\"https:\\\/\\\/shopatoa.com\\\/ro\\\/epilatoare\\\/\"},{\"@type\":\"ListItem\",\"position\":8,\"name\":\"Philips 4000 BRE247\\\/00 epilator 1 buc\"}]},{\"@type\":\"WebSite\",\"@id\":\"https:\\\/\\\/shopatoa.com\\\/ro\\\/#website\",\"url\":\"https:\\\/\\\/shopatoa.com\\\/ro\\\/\",\"name\":\"SHOPATOA\",\"description\":\"\",\"publisher\":{\"@id\":\"https:\\\/\\\/shopatoa.com\\\/ro\\\/#organization\"},\"potentialAction\":[{\"@type\":\"SearchAction\",\"target\":{\"@type\":\"EntryPoint\",\"urlTemplate\":\"https:\\\/\\\/shopatoa.com\\\/ro\\\/?s={search_term_string}\"},\"query-input\":{\"@type\":\"PropertyValueSpecification\",\"valueRequired\":true,\"valueName\":\"search_term_string\"}}],\"inLanguage\":\"ro-RO\"},{\"@type\":\"Organization\",\"@id\":\"https:\\\/\\\/shopatoa.com\\\/ro\\\/#organization\",\"name\":\"SHOPATOA\",\"url\":\"https:\\\/\\\/shopatoa.com\\\/ro\\\/\",\"logo\":{\"@type\":\"ImageObject\",\"inLanguage\":\"ro-RO\",\"@id\":\"https:\\\/\\\/shopatoa.com\\\/ro\\\/#\\\/schema\\\/logo\\\/image\\\/\",\"url\":\"https:\\\/\\\/storage.googleapis.com\\\/cz-shopatoa-img\\\/ro\\\/b4dac915-shopatoa_logo.png\",\"contentUrl\":\"https:\\\/\\\/storage.googleapis.com\\\/cz-shopatoa-img\\\/ro\\\/b4dac915-shopatoa_logo.png\",\"width\":416,\"height\":63,\"caption\":\"SHOPATOA\"},\"image\":{\"@id\":\"https:\\\/\\\/shopatoa.com\\\/ro\\\/#\\\/schema\\\/logo\\\/image\\\/\"}}]}<\/script>\n<!-- \/ Yoast SEO plugin. -->","yoast_head_json":{"title":"Philips 4000 BRE247\/00 epilator 1 buc - SHOPATOA.COM","robots":{"index":"index","follow":"follow","max-snippet":"max-snippet:-1","max-image-preview":"max-image-preview:large","max-video-preview":"max-video-preview:-1"},"canonical":"https:\/\/shopatoa.com\/ro\/philips-4000-bre247-00-epilator-1-buc\/","og_locale":"ro_RO","og_type":"article","og_title":"Philips 4000 BRE247\/00 epilator 1 buc - SHOPATOA.COM","og_description":"Philips 4000 BRE247\/00, 1 buc, Epilatoare pentru femei, Epilatorul Philips 4000 asigur\u0103 o piele neted\u0103 \u0219i frumoas\u0103, f\u0103r\u0103 fire de p\u0103r, pentru c\u00e2teva s\u0103pt\u0103m\u00e2ni. Caracteristici: epileaz\u0103 firele din r\u0103d\u0103cini pentru o piele frumoas\u0103 \u0219i neted\u0103 cu lumin\u0103 \u00eencorporat\u0103, pentru a v\u0103 asigura c\u0103 nu rata\u021bi nici m\u0103car firele fine de p\u0103r este mai rapid \u0219i...","og_url":"https:\/\/shopatoa.com\/ro\/philips-4000-bre247-00-epilator-1-buc\/","og_site_name":"SHOPATOA","article_modified_time":"2025-12-14T05:26:02+00:00","og_image":[{"width":800,"height":800,"url":"https:\/\/storage.googleapis.com\/cz-shopatoa-img\/ro\/64423409-unnamed-file.webp","type":"image\/webp"}],"twitter_card":"summary_large_image","twitter_misc":{"Timp estimat pentru citire":"1 minut"},"schema":{"@context":"https:\/\/schema.org","@graph":[{"@type":"WebPage","@id":"https:\/\/shopatoa.com\/ro\/philips-4000-bre247-00-epilator-1-buc\/","url":"https:\/\/shopatoa.com\/ro\/philips-4000-bre247-00-epilator-1-buc\/","name":"Philips 4000 BRE247\/00 epilator 1 buc - SHOPATOA.COM","isPartOf":{"@id":"https:\/\/shopatoa.com\/ro\/#website"},"primaryImageOfPage":{"@id":"https:\/\/shopatoa.com\/ro\/philips-4000-bre247-00-epilator-1-buc\/#primaryimage"},"image":{"@id":"https:\/\/shopatoa.com\/ro\/philips-4000-bre247-00-epilator-1-buc\/#primaryimage"},"thumbnailUrl":"https:\/\/storage.googleapis.com\/cz-shopatoa-img\/ro\/64423409-unnamed-file.webp","datePublished":"2025-06-16T22:31:38+00:00","dateModified":"2025-12-14T05:26:02+00:00","breadcrumb":{"@id":"https:\/\/shopatoa.com\/ro\/philips-4000-bre247-00-epilator-1-buc\/#breadcrumb"},"inLanguage":"ro-RO","potentialAction":[{"@type":"ReadAction","target":["https:\/\/shopatoa.com\/ro\/philips-4000-bre247-00-epilator-1-buc\/"]}]},{"@type":"ImageObject","inLanguage":"ro-RO","@id":"https:\/\/shopatoa.com\/ro\/philips-4000-bre247-00-epilator-1-buc\/#primaryimage","url":"https:\/\/storage.googleapis.com\/cz-shopatoa-img\/ro\/64423409-unnamed-file.webp","contentUrl":"https:\/\/storage.googleapis.com\/cz-shopatoa-img\/ro\/64423409-unnamed-file.webp","width":800,"height":800},{"@type":"BreadcrumbList","@id":"https:\/\/shopatoa.com\/ro\/philips-4000-bre247-00-epilator-1-buc\/#breadcrumb","itemListElement":[{"@type":"ListItem","position":1,"name":"Dom\u016f","item":"https:\/\/shopatoa.com\/ro\/"},{"@type":"ListItem","position":2,"name":"Shop","item":"https:\/\/shopatoa.com\/ro\/shop\/"},{"@type":"ListItem","position":3,"name":"S\u0103n\u0103tate \u0219i frumuse\u021be","item":"https:\/\/shopatoa.com\/ro\/sanatate-si-frumusete\/"},{"@type":"ListItem","position":4,"name":"\u00cengrijire personal\u0103","item":"https:\/\/shopatoa.com\/ro\/ingrijire-personala\/"},{"@type":"ListItem","position":5,"name":"B\u0103rbierit \u0219i \u00eengrijire","item":"https:\/\/shopatoa.com\/ro\/barbierit-si-ingrijire\/"},{"@type":"ListItem","position":6,"name":"\u00cendep\u0103rtarea p\u0103rului","item":"https:\/\/shopatoa.com\/ro\/indepartarea-parului\/"},{"@type":"ListItem","position":7,"name":"Epilatoare","item":"https:\/\/shopatoa.com\/ro\/epilatoare\/"},{"@type":"ListItem","position":8,"name":"Philips 4000 BRE247\/00 epilator 1 buc"}]},{"@type":"WebSite","@id":"https:\/\/shopatoa.com\/ro\/#website","url":"https:\/\/shopatoa.com\/ro\/","name":"SHOPATOA","description":"","publisher":{"@id":"https:\/\/shopatoa.com\/ro\/#organization"},"potentialAction":[{"@type":"SearchAction","target":{"@type":"EntryPoint","urlTemplate":"https:\/\/shopatoa.com\/ro\/?s={search_term_string}"},"query-input":{"@type":"PropertyValueSpecification","valueRequired":true,"valueName":"search_term_string"}}],"inLanguage":"ro-RO"},{"@type":"Organization","@id":"https:\/\/shopatoa.com\/ro\/#organization","name":"SHOPATOA","url":"https:\/\/shopatoa.com\/ro\/","logo":{"@type":"ImageObject","inLanguage":"ro-RO","@id":"https:\/\/shopatoa.com\/ro\/#\/schema\/logo\/image\/","url":"https:\/\/storage.googleapis.com\/cz-shopatoa-img\/ro\/b4dac915-shopatoa_logo.png","contentUrl":"https:\/\/storage.googleapis.com\/cz-shopatoa-img\/ro\/b4dac915-shopatoa_logo.png","width":416,"height":63,"caption":"SHOPATOA"},"image":{"@id":"https:\/\/shopatoa.com\/ro\/#\/schema\/logo\/image\/"}}]}},"_links":{"self":[{"href":"https:\/\/shopatoa.com\/ro\/wp-json\/wp\/v2\/product\/391096","targetHints":{"allow":["GET"]}}],"collection":[{"href":"https:\/\/shopatoa.com\/ro\/wp-json\/wp\/v2\/product"}],"about":[{"href":"https:\/\/shopatoa.com\/ro\/wp-json\/wp\/v2\/types\/product"}],"replies":[{"embeddable":true,"href":"https:\/\/shopatoa.com\/ro\/wp-json\/wp\/v2\/comments?post=391096"}],"wp:featuredmedia":[{"embeddable":true,"href":"https:\/\/shopatoa.com\/ro\/wp-json\/wp\/v2\/media\/391097"}],"wp:attachment":[{"href":"https:\/\/shopatoa.com\/ro\/wp-json\/wp\/v2\/media?parent=391096"}],"wp:term":[{"taxonomy":"product_brand","embeddable":true,"href":"https:\/\/shopatoa.com\/ro\/wp-json\/wp\/v2\/product_brand?post=391096"},{"taxonomy":"product_cat","embeddable":true,"href":"https:\/\/shopatoa.com\/ro\/wp-json\/wp\/v2\/product_cat?post=391096"},{"taxonomy":"product_tag","embeddable":true,"href":"https:\/\/shopatoa.com\/ro\/wp-json\/wp\/v2\/product_tag?post=391096"}],"curies":[{"name":"wp","href":"https:\/\/api.w.org\/{rel}","templated":true}]}}