{"id":391941,"date":"2025-06-17T02:05:15","date_gmt":"2025-06-17T00:05:15","guid":{"rendered":"https:\/\/shopatoa.com\/ro\/korika-fermentbeauty-set-of-5-anti-wrinkle-face-sheet-masks-with-fermented-wine-and-hyaluronic-acid-set-de-masti-de-fata-la-un-pret-mai-avantajos\/"},"modified":"2025-12-14T20:04:29","modified_gmt":"2025-12-14T19:04:29","slug":"korika-fermentbeauty-set-of-5-anti-wrinkle-face-sheet-masks-with-fermented-wine-and-hyaluronic-acid-set-de-masti-de-fata-la-un-pret-mai-avantajos","status":"publish","type":"product","link":"https:\/\/shopatoa.com\/ro\/korika-fermentbeauty-set-of-5-anti-wrinkle-face-sheet-masks-with-fermented-wine-and-hyaluronic-acid-set-de-masti-de-fata-la-un-pret-mai-avantajos\/","title":{"rendered":"KORIKA FermentBeauty Set of 5 Anti-wrinkle Face Sheet Masks with Fermented Wine and Hyaluronic Acid set de m\u0103\u0219ti de fa\u021b\u0103 la un pre\u021b mai avantajos"},"content":{"rendered":"<p>KORIKA FermentBeauty Set of 5 Anti-wrinkle Face Sheet Masks with Fermented Wine and Hyaluronic Acid, M\u0103\u0219ti pentru fa\u021b\u0103 pentru femei, Sim\u021bi\u021bi c\u0103 tenul dvs. nu este \u00een cea mai bun\u0103 form\u0103 \u0219i c\u0103 are nevoie de o \u00eengrijire suplimentar\u0103 fa\u021b\u0103 de cea oferit\u0103 de crema facial\u0103? Masca facial\u0103 KORIKA FermentBeauty Set of 5 Anti-wrinkle Face Sheet Masks with Fermented Wine and Hyaluronic Acid v\u0103 va \u00eembog\u0103\u021bi perfect rutina de \u00eengrijire \u2013 va r\u0103sf\u0103\u021ba tenul \u0219i \u00eei va oferi o \u00eengrijire intensiv\u0103, care \u00eei va \u00eembun\u0103t\u0103\u021bi imediat aspectul.  Setul con\u021bine:   KORIKA FermentBeauty Anti-wrinkle Face Sheet Mask with Fermented Wine and Hyaluronic Acid masc\u0103 facial\u0103 de p\u00e2nz\u0103 cu efect anti-rid, cu vin fermentat \u0219i acid hialuronic 5 buc   Caracteristici:  hidrateaz\u0103 profund \u0219i hr\u0103ne\u0219te intens red\u0103 pielii elasticitatea \u0219i sentimentul de confort pentru un ten perfect fin \u0219i suplu pentru diminuarea ridurilor  Cum se utilizeaz\u0103: Se scoate cu grij\u0103 masca din ambalaj \u0219i se aplic\u0103 pe fa\u021ba curat\u0103. Se las\u0103 s\u0103 ac\u021bioneze pe durata specificat\u0103 pe ambalaj.<\/p>\n","protected":false},"excerpt":{"rendered":"<p>KORIKA FermentBeauty Set of 5 Anti-wrinkle Face Sheet Masks with Fermented Wine and Hyaluronic Acid, M\u0103\u0219ti pentru fa\u021b\u0103 pentru femei, Sim\u021bi\u021bi c\u0103 tenul dvs. nu este \u00een cea mai bun\u0103 form\u0103 \u0219i c\u0103 are nevoie de o \u00eengrijire suplimentar\u0103 fa\u021b\u0103 de cea oferit\u0103 de crema facial\u0103? Masca facial\u0103 KORIKA FermentBeauty Set of 5 Anti-wrinkle Face&#8230;<\/p>\n","protected":false},"featured_media":391942,"comment_status":"closed","ping_status":"open","template":"","meta":{"_acf_changed":false,"_kadence_starter_templates_imported_post":false,"_kad_post_transparent":"","_kad_post_title":"","_kad_post_layout":"","_kad_post_sidebar_id":"","_kad_post_content_style":"","_kad_post_vertical_padding":"","_kad_post_feature":"","_kad_post_feature_position":"","_kad_post_header":false,"_kad_post_footer":false,"_kad_post_classname":""},"product_brand":[1924],"product_cat":[1564,1563,1565,1614,1562],"product_tag":[],"class_list":{"0":"post-391941","1":"product","2":"type-product","3":"status-publish","4":"has-post-thumbnail","6":"product_brand-korika","7":"product_cat-cosmetice-ingrijire-personala","8":"product_cat-ingrijire-personala","9":"product_cat-ingrijirea-pielii","10":"product_cat-masti-si-peelings-pentru-ten","11":"product_cat-sanatate-si-frumusete","12":"pa_gen-female","14":"first","15":"instock","16":"sale","17":"product-type-external","18":"entry","19":"content-bg","20":"loop-entry"},"acf":[],"yoast_head":"<!-- This site is optimized with the Yoast SEO plugin v27.4 - https:\/\/yoast.com\/product\/yoast-seo-wordpress\/ -->\n<title>KORIKA FermentBeauty Set of 5 Anti-wrinkle Face Sheet Masks with Fermented Wine and Hyaluronic Acid set de m\u0103\u0219ti de fa\u021b\u0103 la un pre\u021b mai avantajos - SHOPATOA.COM<\/title>\n<meta name=\"robots\" content=\"index, follow, max-snippet:-1, max-image-preview:large, max-video-preview:-1\" \/>\n<link rel=\"canonical\" href=\"https:\/\/shopatoa.com\/ro\/korika-fermentbeauty-set-of-5-anti-wrinkle-face-sheet-masks-with-fermented-wine-and-hyaluronic-acid-set-de-masti-de-fata-la-un-pret-mai-avantajos\/\" \/>\n<meta property=\"og:locale\" content=\"ro_RO\" \/>\n<meta property=\"og:type\" content=\"article\" \/>\n<meta property=\"og:title\" content=\"KORIKA FermentBeauty Set of 5 Anti-wrinkle Face Sheet Masks with Fermented Wine and Hyaluronic Acid set de m\u0103\u0219ti de fa\u021b\u0103 la un pre\u021b mai avantajos - SHOPATOA.COM\" \/>\n<meta property=\"og:description\" content=\"KORIKA FermentBeauty Set of 5 Anti-wrinkle Face Sheet Masks with Fermented Wine and Hyaluronic Acid, M\u0103\u0219ti pentru fa\u021b\u0103 pentru femei, Sim\u021bi\u021bi c\u0103 tenul dvs. nu este \u00een cea mai bun\u0103 form\u0103 \u0219i c\u0103 are nevoie de o \u00eengrijire suplimentar\u0103 fa\u021b\u0103 de cea oferit\u0103 de crema facial\u0103? Masca facial\u0103 KORIKA FermentBeauty Set of 5 Anti-wrinkle Face...\" \/>\n<meta property=\"og:url\" content=\"https:\/\/shopatoa.com\/ro\/korika-fermentbeauty-set-of-5-anti-wrinkle-face-sheet-masks-with-fermented-wine-and-hyaluronic-acid-set-de-masti-de-fata-la-un-pret-mai-avantajos\/\" \/>\n<meta property=\"og:site_name\" content=\"SHOPATOA\" \/>\n<meta property=\"article:modified_time\" content=\"2025-12-14T19:04:29+00:00\" \/>\n<meta property=\"og:image\" content=\"https:\/\/storage.googleapis.com\/cz-shopatoa-img\/ro\/0d5b75c2-unnamed-file.webp\" \/>\n\t<meta property=\"og:image:width\" content=\"800\" \/>\n\t<meta property=\"og:image:height\" content=\"800\" \/>\n\t<meta property=\"og:image:type\" content=\"image\/webp\" \/>\n<meta name=\"twitter:card\" content=\"summary_large_image\" \/>\n<meta name=\"twitter:label1\" content=\"Timp estimat pentru citire\" \/>\n\t<meta name=\"twitter:data1\" content=\"1 minut\" \/>\n<script type=\"application\/ld+json\" class=\"yoast-schema-graph\">{\"@context\":\"https:\\\/\\\/schema.org\",\"@graph\":[{\"@type\":\"WebPage\",\"@id\":\"https:\\\/\\\/shopatoa.com\\\/ro\\\/korika-fermentbeauty-set-of-5-anti-wrinkle-face-sheet-masks-with-fermented-wine-and-hyaluronic-acid-set-de-masti-de-fata-la-un-pret-mai-avantajos\\\/\",\"url\":\"https:\\\/\\\/shopatoa.com\\\/ro\\\/korika-fermentbeauty-set-of-5-anti-wrinkle-face-sheet-masks-with-fermented-wine-and-hyaluronic-acid-set-de-masti-de-fata-la-un-pret-mai-avantajos\\\/\",\"name\":\"KORIKA FermentBeauty Set of 5 Anti-wrinkle Face Sheet Masks with Fermented Wine and Hyaluronic Acid set de m\u0103\u0219ti de fa\u021b\u0103 la un pre\u021b mai avantajos - SHOPATOA.COM\",\"isPartOf\":{\"@id\":\"https:\\\/\\\/shopatoa.com\\\/ro\\\/#website\"},\"primaryImageOfPage\":{\"@id\":\"https:\\\/\\\/shopatoa.com\\\/ro\\\/korika-fermentbeauty-set-of-5-anti-wrinkle-face-sheet-masks-with-fermented-wine-and-hyaluronic-acid-set-de-masti-de-fata-la-un-pret-mai-avantajos\\\/#primaryimage\"},\"image\":{\"@id\":\"https:\\\/\\\/shopatoa.com\\\/ro\\\/korika-fermentbeauty-set-of-5-anti-wrinkle-face-sheet-masks-with-fermented-wine-and-hyaluronic-acid-set-de-masti-de-fata-la-un-pret-mai-avantajos\\\/#primaryimage\"},\"thumbnailUrl\":\"https:\\\/\\\/storage.googleapis.com\\\/cz-shopatoa-img\\\/ro\\\/0d5b75c2-unnamed-file.webp\",\"datePublished\":\"2025-06-17T00:05:15+00:00\",\"dateModified\":\"2025-12-14T19:04:29+00:00\",\"breadcrumb\":{\"@id\":\"https:\\\/\\\/shopatoa.com\\\/ro\\\/korika-fermentbeauty-set-of-5-anti-wrinkle-face-sheet-masks-with-fermented-wine-and-hyaluronic-acid-set-de-masti-de-fata-la-un-pret-mai-avantajos\\\/#breadcrumb\"},\"inLanguage\":\"ro-RO\",\"potentialAction\":[{\"@type\":\"ReadAction\",\"target\":[\"https:\\\/\\\/shopatoa.com\\\/ro\\\/korika-fermentbeauty-set-of-5-anti-wrinkle-face-sheet-masks-with-fermented-wine-and-hyaluronic-acid-set-de-masti-de-fata-la-un-pret-mai-avantajos\\\/\"]}]},{\"@type\":\"ImageObject\",\"inLanguage\":\"ro-RO\",\"@id\":\"https:\\\/\\\/shopatoa.com\\\/ro\\\/korika-fermentbeauty-set-of-5-anti-wrinkle-face-sheet-masks-with-fermented-wine-and-hyaluronic-acid-set-de-masti-de-fata-la-un-pret-mai-avantajos\\\/#primaryimage\",\"url\":\"https:\\\/\\\/storage.googleapis.com\\\/cz-shopatoa-img\\\/ro\\\/0d5b75c2-unnamed-file.webp\",\"contentUrl\":\"https:\\\/\\\/storage.googleapis.com\\\/cz-shopatoa-img\\\/ro\\\/0d5b75c2-unnamed-file.webp\",\"width\":800,\"height\":800},{\"@type\":\"BreadcrumbList\",\"@id\":\"https:\\\/\\\/shopatoa.com\\\/ro\\\/korika-fermentbeauty-set-of-5-anti-wrinkle-face-sheet-masks-with-fermented-wine-and-hyaluronic-acid-set-de-masti-de-fata-la-un-pret-mai-avantajos\\\/#breadcrumb\",\"itemListElement\":[{\"@type\":\"ListItem\",\"position\":1,\"name\":\"Dom\u016f\",\"item\":\"https:\\\/\\\/shopatoa.com\\\/ro\\\/\"},{\"@type\":\"ListItem\",\"position\":2,\"name\":\"Shop\",\"item\":\"https:\\\/\\\/shopatoa.com\\\/ro\\\/shop\\\/\"},{\"@type\":\"ListItem\",\"position\":3,\"name\":\"S\u0103n\u0103tate \u0219i frumuse\u021be\",\"item\":\"https:\\\/\\\/shopatoa.com\\\/ro\\\/sanatate-si-frumusete\\\/\"},{\"@type\":\"ListItem\",\"position\":4,\"name\":\"\u00cengrijire personal\u0103\",\"item\":\"https:\\\/\\\/shopatoa.com\\\/ro\\\/ingrijire-personala\\\/\"},{\"@type\":\"ListItem\",\"position\":5,\"name\":\"Cosmetice\",\"item\":\"https:\\\/\\\/shopatoa.com\\\/ro\\\/cosmetice-ingrijire-personala\\\/\"},{\"@type\":\"ListItem\",\"position\":6,\"name\":\"\u00cengrijirea pielii\",\"item\":\"https:\\\/\\\/shopatoa.com\\\/ro\\\/ingrijirea-pielii\\\/\"},{\"@type\":\"ListItem\",\"position\":7,\"name\":\"M\u0103\u0219ti \u0219i peelings pentru ten\",\"item\":\"https:\\\/\\\/shopatoa.com\\\/ro\\\/masti-si-peelings-pentru-ten\\\/\"},{\"@type\":\"ListItem\",\"position\":8,\"name\":\"KORIKA FermentBeauty Set of 5 Anti-wrinkle Face Sheet Masks with Fermented Wine and Hyaluronic Acid set de m\u0103\u0219ti de fa\u021b\u0103 la un pre\u021b mai avantajos\"}]},{\"@type\":\"WebSite\",\"@id\":\"https:\\\/\\\/shopatoa.com\\\/ro\\\/#website\",\"url\":\"https:\\\/\\\/shopatoa.com\\\/ro\\\/\",\"name\":\"SHOPATOA\",\"description\":\"\",\"publisher\":{\"@id\":\"https:\\\/\\\/shopatoa.com\\\/ro\\\/#organization\"},\"potentialAction\":[{\"@type\":\"SearchAction\",\"target\":{\"@type\":\"EntryPoint\",\"urlTemplate\":\"https:\\\/\\\/shopatoa.com\\\/ro\\\/?s={search_term_string}\"},\"query-input\":{\"@type\":\"PropertyValueSpecification\",\"valueRequired\":true,\"valueName\":\"search_term_string\"}}],\"inLanguage\":\"ro-RO\"},{\"@type\":\"Organization\",\"@id\":\"https:\\\/\\\/shopatoa.com\\\/ro\\\/#organization\",\"name\":\"SHOPATOA\",\"url\":\"https:\\\/\\\/shopatoa.com\\\/ro\\\/\",\"logo\":{\"@type\":\"ImageObject\",\"inLanguage\":\"ro-RO\",\"@id\":\"https:\\\/\\\/shopatoa.com\\\/ro\\\/#\\\/schema\\\/logo\\\/image\\\/\",\"url\":\"https:\\\/\\\/storage.googleapis.com\\\/cz-shopatoa-img\\\/ro\\\/b4dac915-shopatoa_logo.png\",\"contentUrl\":\"https:\\\/\\\/storage.googleapis.com\\\/cz-shopatoa-img\\\/ro\\\/b4dac915-shopatoa_logo.png\",\"width\":416,\"height\":63,\"caption\":\"SHOPATOA\"},\"image\":{\"@id\":\"https:\\\/\\\/shopatoa.com\\\/ro\\\/#\\\/schema\\\/logo\\\/image\\\/\"}}]}<\/script>\n<!-- \/ Yoast SEO plugin. -->","yoast_head_json":{"title":"KORIKA FermentBeauty Set of 5 Anti-wrinkle Face Sheet Masks with Fermented Wine and Hyaluronic Acid set de m\u0103\u0219ti de fa\u021b\u0103 la un pre\u021b mai avantajos - SHOPATOA.COM","robots":{"index":"index","follow":"follow","max-snippet":"max-snippet:-1","max-image-preview":"max-image-preview:large","max-video-preview":"max-video-preview:-1"},"canonical":"https:\/\/shopatoa.com\/ro\/korika-fermentbeauty-set-of-5-anti-wrinkle-face-sheet-masks-with-fermented-wine-and-hyaluronic-acid-set-de-masti-de-fata-la-un-pret-mai-avantajos\/","og_locale":"ro_RO","og_type":"article","og_title":"KORIKA FermentBeauty Set of 5 Anti-wrinkle Face Sheet Masks with Fermented Wine and Hyaluronic Acid set de m\u0103\u0219ti de fa\u021b\u0103 la un pre\u021b mai avantajos - SHOPATOA.COM","og_description":"KORIKA FermentBeauty Set of 5 Anti-wrinkle Face Sheet Masks with Fermented Wine and Hyaluronic Acid, M\u0103\u0219ti pentru fa\u021b\u0103 pentru femei, Sim\u021bi\u021bi c\u0103 tenul dvs. nu este \u00een cea mai bun\u0103 form\u0103 \u0219i c\u0103 are nevoie de o \u00eengrijire suplimentar\u0103 fa\u021b\u0103 de cea oferit\u0103 de crema facial\u0103? Masca facial\u0103 KORIKA FermentBeauty Set of 5 Anti-wrinkle Face...","og_url":"https:\/\/shopatoa.com\/ro\/korika-fermentbeauty-set-of-5-anti-wrinkle-face-sheet-masks-with-fermented-wine-and-hyaluronic-acid-set-de-masti-de-fata-la-un-pret-mai-avantajos\/","og_site_name":"SHOPATOA","article_modified_time":"2025-12-14T19:04:29+00:00","og_image":[{"width":800,"height":800,"url":"https:\/\/storage.googleapis.com\/cz-shopatoa-img\/ro\/0d5b75c2-unnamed-file.webp","type":"image\/webp"}],"twitter_card":"summary_large_image","twitter_misc":{"Timp estimat pentru citire":"1 minut"},"schema":{"@context":"https:\/\/schema.org","@graph":[{"@type":"WebPage","@id":"https:\/\/shopatoa.com\/ro\/korika-fermentbeauty-set-of-5-anti-wrinkle-face-sheet-masks-with-fermented-wine-and-hyaluronic-acid-set-de-masti-de-fata-la-un-pret-mai-avantajos\/","url":"https:\/\/shopatoa.com\/ro\/korika-fermentbeauty-set-of-5-anti-wrinkle-face-sheet-masks-with-fermented-wine-and-hyaluronic-acid-set-de-masti-de-fata-la-un-pret-mai-avantajos\/","name":"KORIKA FermentBeauty Set of 5 Anti-wrinkle Face Sheet Masks with Fermented Wine and Hyaluronic Acid set de m\u0103\u0219ti de fa\u021b\u0103 la un pre\u021b mai avantajos - SHOPATOA.COM","isPartOf":{"@id":"https:\/\/shopatoa.com\/ro\/#website"},"primaryImageOfPage":{"@id":"https:\/\/shopatoa.com\/ro\/korika-fermentbeauty-set-of-5-anti-wrinkle-face-sheet-masks-with-fermented-wine-and-hyaluronic-acid-set-de-masti-de-fata-la-un-pret-mai-avantajos\/#primaryimage"},"image":{"@id":"https:\/\/shopatoa.com\/ro\/korika-fermentbeauty-set-of-5-anti-wrinkle-face-sheet-masks-with-fermented-wine-and-hyaluronic-acid-set-de-masti-de-fata-la-un-pret-mai-avantajos\/#primaryimage"},"thumbnailUrl":"https:\/\/storage.googleapis.com\/cz-shopatoa-img\/ro\/0d5b75c2-unnamed-file.webp","datePublished":"2025-06-17T00:05:15+00:00","dateModified":"2025-12-14T19:04:29+00:00","breadcrumb":{"@id":"https:\/\/shopatoa.com\/ro\/korika-fermentbeauty-set-of-5-anti-wrinkle-face-sheet-masks-with-fermented-wine-and-hyaluronic-acid-set-de-masti-de-fata-la-un-pret-mai-avantajos\/#breadcrumb"},"inLanguage":"ro-RO","potentialAction":[{"@type":"ReadAction","target":["https:\/\/shopatoa.com\/ro\/korika-fermentbeauty-set-of-5-anti-wrinkle-face-sheet-masks-with-fermented-wine-and-hyaluronic-acid-set-de-masti-de-fata-la-un-pret-mai-avantajos\/"]}]},{"@type":"ImageObject","inLanguage":"ro-RO","@id":"https:\/\/shopatoa.com\/ro\/korika-fermentbeauty-set-of-5-anti-wrinkle-face-sheet-masks-with-fermented-wine-and-hyaluronic-acid-set-de-masti-de-fata-la-un-pret-mai-avantajos\/#primaryimage","url":"https:\/\/storage.googleapis.com\/cz-shopatoa-img\/ro\/0d5b75c2-unnamed-file.webp","contentUrl":"https:\/\/storage.googleapis.com\/cz-shopatoa-img\/ro\/0d5b75c2-unnamed-file.webp","width":800,"height":800},{"@type":"BreadcrumbList","@id":"https:\/\/shopatoa.com\/ro\/korika-fermentbeauty-set-of-5-anti-wrinkle-face-sheet-masks-with-fermented-wine-and-hyaluronic-acid-set-de-masti-de-fata-la-un-pret-mai-avantajos\/#breadcrumb","itemListElement":[{"@type":"ListItem","position":1,"name":"Dom\u016f","item":"https:\/\/shopatoa.com\/ro\/"},{"@type":"ListItem","position":2,"name":"Shop","item":"https:\/\/shopatoa.com\/ro\/shop\/"},{"@type":"ListItem","position":3,"name":"S\u0103n\u0103tate \u0219i frumuse\u021be","item":"https:\/\/shopatoa.com\/ro\/sanatate-si-frumusete\/"},{"@type":"ListItem","position":4,"name":"\u00cengrijire personal\u0103","item":"https:\/\/shopatoa.com\/ro\/ingrijire-personala\/"},{"@type":"ListItem","position":5,"name":"Cosmetice","item":"https:\/\/shopatoa.com\/ro\/cosmetice-ingrijire-personala\/"},{"@type":"ListItem","position":6,"name":"\u00cengrijirea pielii","item":"https:\/\/shopatoa.com\/ro\/ingrijirea-pielii\/"},{"@type":"ListItem","position":7,"name":"M\u0103\u0219ti \u0219i peelings pentru ten","item":"https:\/\/shopatoa.com\/ro\/masti-si-peelings-pentru-ten\/"},{"@type":"ListItem","position":8,"name":"KORIKA FermentBeauty Set of 5 Anti-wrinkle Face Sheet Masks with Fermented Wine and Hyaluronic Acid set de m\u0103\u0219ti de fa\u021b\u0103 la un pre\u021b mai avantajos"}]},{"@type":"WebSite","@id":"https:\/\/shopatoa.com\/ro\/#website","url":"https:\/\/shopatoa.com\/ro\/","name":"SHOPATOA","description":"","publisher":{"@id":"https:\/\/shopatoa.com\/ro\/#organization"},"potentialAction":[{"@type":"SearchAction","target":{"@type":"EntryPoint","urlTemplate":"https:\/\/shopatoa.com\/ro\/?s={search_term_string}"},"query-input":{"@type":"PropertyValueSpecification","valueRequired":true,"valueName":"search_term_string"}}],"inLanguage":"ro-RO"},{"@type":"Organization","@id":"https:\/\/shopatoa.com\/ro\/#organization","name":"SHOPATOA","url":"https:\/\/shopatoa.com\/ro\/","logo":{"@type":"ImageObject","inLanguage":"ro-RO","@id":"https:\/\/shopatoa.com\/ro\/#\/schema\/logo\/image\/","url":"https:\/\/storage.googleapis.com\/cz-shopatoa-img\/ro\/b4dac915-shopatoa_logo.png","contentUrl":"https:\/\/storage.googleapis.com\/cz-shopatoa-img\/ro\/b4dac915-shopatoa_logo.png","width":416,"height":63,"caption":"SHOPATOA"},"image":{"@id":"https:\/\/shopatoa.com\/ro\/#\/schema\/logo\/image\/"}}]}},"_links":{"self":[{"href":"https:\/\/shopatoa.com\/ro\/wp-json\/wp\/v2\/product\/391941","targetHints":{"allow":["GET"]}}],"collection":[{"href":"https:\/\/shopatoa.com\/ro\/wp-json\/wp\/v2\/product"}],"about":[{"href":"https:\/\/shopatoa.com\/ro\/wp-json\/wp\/v2\/types\/product"}],"replies":[{"embeddable":true,"href":"https:\/\/shopatoa.com\/ro\/wp-json\/wp\/v2\/comments?post=391941"}],"wp:featuredmedia":[{"embeddable":true,"href":"https:\/\/shopatoa.com\/ro\/wp-json\/wp\/v2\/media\/391942"}],"wp:attachment":[{"href":"https:\/\/shopatoa.com\/ro\/wp-json\/wp\/v2\/media?parent=391941"}],"wp:term":[{"taxonomy":"product_brand","embeddable":true,"href":"https:\/\/shopatoa.com\/ro\/wp-json\/wp\/v2\/product_brand?post=391941"},{"taxonomy":"product_cat","embeddable":true,"href":"https:\/\/shopatoa.com\/ro\/wp-json\/wp\/v2\/product_cat?post=391941"},{"taxonomy":"product_tag","embeddable":true,"href":"https:\/\/shopatoa.com\/ro\/wp-json\/wp\/v2\/product_tag?post=391941"}],"curies":[{"name":"wp","href":"https:\/\/api.w.org\/{rel}","templated":true}]}}