{"id":392125,"date":"2025-06-17T02:23:02","date_gmt":"2025-06-17T00:23:02","guid":{"rendered":"https:\/\/shopatoa.com\/ro\/maybelline-new-york-baby-skin-baza-din-gel-pentru-minimalizarea-porilor-22-ml\/"},"modified":"2025-12-14T18:25:01","modified_gmt":"2025-12-14T17:25:01","slug":"maybelline-new-york-baby-skin-baza-din-gel-pentru-minimalizarea-porilor-22-ml","status":"publish","type":"product","link":"https:\/\/shopatoa.com\/ro\/maybelline-new-york-baby-skin-baza-din-gel-pentru-minimalizarea-porilor-22-ml\/","title":{"rendered":"MAYBELLINE NEW YORK Baby Skin baz\u0103 din gel pentru minimalizarea porilor 22 ml"},"content":{"rendered":"<p>MAYBELLINE NEW YORK Baby Skin, 22 ml, baza pentru machiaj pentru femei, Nu doar machiajul determin\u0103 aspectul perfect al tenului dvs. pe tot parcursul zilei. Un rol important \u00eel joac\u0103 \u0219i baza pe care o aplica\u021bi pe ten mai \u00eent\u00e2i. Primerul MAYBELLINE NEW YORKBaby Skin neteze\u0219te perfect tenul \u0219i \u00eel preg\u0103te\u0219te ideal pentru urm\u0103torii pa\u0219i de machiaj. Creeaz\u0103 pe ten o baz\u0103 uniform\u0103, care nu numai c\u0103 faciliteaz\u0103 aplicarea fondului de ten, dar ajut\u0103 \u0219i la extinderea rezisten\u021bei acestuia. V\u0103 permite s\u0103 ob\u021bine\u021bi un aspect perfect machiat, indiferent de stilul ales. Datorit\u0103 acestui primer ve\u021bi duce machiajul la un nivel superior \u0219i ve\u021bi ob\u021bine rezultate mai bune \u00een aplicarea fondului de ten preferat.  Caracteristici:  matifiaz\u0103 umple porii protejeaz\u0103 tenul<\/p>\n","protected":false},"excerpt":{"rendered":"<p>MAYBELLINE NEW YORK Baby Skin, 22 ml, baza pentru machiaj pentru femei, Nu doar machiajul determin\u0103 aspectul perfect al tenului dvs. pe tot parcursul zilei. Un rol important \u00eel joac\u0103 \u0219i baza pe care o aplica\u021bi pe ten mai \u00eent\u00e2i. Primerul MAYBELLINE NEW YORKBaby Skin neteze\u0219te perfect tenul \u0219i \u00eel preg\u0103te\u0219te ideal pentru urm\u0103torii pa\u0219i&#8230;<\/p>\n","protected":false},"featured_media":392126,"comment_status":"closed","ping_status":"open","template":"","meta":{"_acf_changed":false,"_kadence_starter_templates_imported_post":false,"_kad_post_transparent":"","_kad_post_title":"","_kad_post_layout":"","_kad_post_sidebar_id":"","_kad_post_content_style":"","_kad_post_vertical_padding":"","_kad_post_feature":"","_kad_post_feature_position":"","_kad_post_header":false,"_kad_post_footer":false,"_kad_post_classname":""},"product_brand":[1716],"product_cat":[1564,1563,1576,1622,1709,1562],"product_tag":[],"class_list":{"0":"post-392125","1":"product","2":"type-product","3":"status-publish","4":"has-post-thumbnail","6":"product_brand-maybelline-new-york","7":"product_cat-cosmetice-ingrijire-personala","8":"product_cat-ingrijire-personala","9":"product_cat-machiaj","10":"product_cat-machiaj-de-fata","11":"product_cat-primer-de-fata","12":"product_cat-sanatate-si-frumusete","13":"pa_gen-female","14":"pa_marime-22-ml","16":"first","17":"instock","18":"product-type-external","19":"entry","20":"content-bg","21":"loop-entry"},"acf":[],"yoast_head":"<!-- This site is optimized with the Yoast SEO plugin v27.3 - https:\/\/yoast.com\/product\/yoast-seo-wordpress\/ -->\n<title>MAYBELLINE NEW YORK Baby Skin baz\u0103 din gel pentru minimalizarea porilor 22 ml - SHOPATOA.COM<\/title>\n<meta name=\"robots\" content=\"index, follow, max-snippet:-1, max-image-preview:large, max-video-preview:-1\" \/>\n<link rel=\"canonical\" href=\"https:\/\/shopatoa.com\/ro\/maybelline-new-york-baby-skin-baza-din-gel-pentru-minimalizarea-porilor-22-ml\/\" \/>\n<meta property=\"og:locale\" content=\"ro_RO\" \/>\n<meta property=\"og:type\" content=\"article\" \/>\n<meta property=\"og:title\" content=\"MAYBELLINE NEW YORK Baby Skin baz\u0103 din gel pentru minimalizarea porilor 22 ml - SHOPATOA.COM\" \/>\n<meta property=\"og:description\" content=\"MAYBELLINE NEW YORK Baby Skin, 22 ml, baza pentru machiaj pentru femei, Nu doar machiajul determin\u0103 aspectul perfect al tenului dvs. pe tot parcursul zilei. Un rol important \u00eel joac\u0103 \u0219i baza pe care o aplica\u021bi pe ten mai \u00eent\u00e2i. Primerul MAYBELLINE NEW YORKBaby Skin neteze\u0219te perfect tenul \u0219i \u00eel preg\u0103te\u0219te ideal pentru urm\u0103torii pa\u0219i...\" \/>\n<meta property=\"og:url\" content=\"https:\/\/shopatoa.com\/ro\/maybelline-new-york-baby-skin-baza-din-gel-pentru-minimalizarea-porilor-22-ml\/\" \/>\n<meta property=\"og:site_name\" content=\"SHOPATOA\" \/>\n<meta property=\"article:modified_time\" content=\"2025-12-14T17:25:01+00:00\" \/>\n<meta property=\"og:image\" content=\"https:\/\/storage.googleapis.com\/cz-shopatoa-img\/ro\/d9e3603a-unnamed-file.webp\" \/>\n\t<meta property=\"og:image:width\" content=\"800\" \/>\n\t<meta property=\"og:image:height\" content=\"800\" \/>\n\t<meta property=\"og:image:type\" content=\"image\/webp\" \/>\n<meta name=\"twitter:card\" content=\"summary_large_image\" \/>\n<meta name=\"twitter:label1\" content=\"Timp estimat pentru citire\" \/>\n\t<meta name=\"twitter:data1\" content=\"1 minut\" \/>\n<script type=\"application\/ld+json\" class=\"yoast-schema-graph\">{\"@context\":\"https:\\\/\\\/schema.org\",\"@graph\":[{\"@type\":\"WebPage\",\"@id\":\"https:\\\/\\\/shopatoa.com\\\/ro\\\/maybelline-new-york-baby-skin-baza-din-gel-pentru-minimalizarea-porilor-22-ml\\\/\",\"url\":\"https:\\\/\\\/shopatoa.com\\\/ro\\\/maybelline-new-york-baby-skin-baza-din-gel-pentru-minimalizarea-porilor-22-ml\\\/\",\"name\":\"MAYBELLINE NEW YORK Baby Skin baz\u0103 din gel pentru minimalizarea porilor 22 ml - SHOPATOA.COM\",\"isPartOf\":{\"@id\":\"https:\\\/\\\/shopatoa.com\\\/ro\\\/#website\"},\"primaryImageOfPage\":{\"@id\":\"https:\\\/\\\/shopatoa.com\\\/ro\\\/maybelline-new-york-baby-skin-baza-din-gel-pentru-minimalizarea-porilor-22-ml\\\/#primaryimage\"},\"image\":{\"@id\":\"https:\\\/\\\/shopatoa.com\\\/ro\\\/maybelline-new-york-baby-skin-baza-din-gel-pentru-minimalizarea-porilor-22-ml\\\/#primaryimage\"},\"thumbnailUrl\":\"https:\\\/\\\/storage.googleapis.com\\\/cz-shopatoa-img\\\/ro\\\/d9e3603a-unnamed-file.webp\",\"datePublished\":\"2025-06-17T00:23:02+00:00\",\"dateModified\":\"2025-12-14T17:25:01+00:00\",\"breadcrumb\":{\"@id\":\"https:\\\/\\\/shopatoa.com\\\/ro\\\/maybelline-new-york-baby-skin-baza-din-gel-pentru-minimalizarea-porilor-22-ml\\\/#breadcrumb\"},\"inLanguage\":\"ro-RO\",\"potentialAction\":[{\"@type\":\"ReadAction\",\"target\":[\"https:\\\/\\\/shopatoa.com\\\/ro\\\/maybelline-new-york-baby-skin-baza-din-gel-pentru-minimalizarea-porilor-22-ml\\\/\"]}]},{\"@type\":\"ImageObject\",\"inLanguage\":\"ro-RO\",\"@id\":\"https:\\\/\\\/shopatoa.com\\\/ro\\\/maybelline-new-york-baby-skin-baza-din-gel-pentru-minimalizarea-porilor-22-ml\\\/#primaryimage\",\"url\":\"https:\\\/\\\/storage.googleapis.com\\\/cz-shopatoa-img\\\/ro\\\/d9e3603a-unnamed-file.webp\",\"contentUrl\":\"https:\\\/\\\/storage.googleapis.com\\\/cz-shopatoa-img\\\/ro\\\/d9e3603a-unnamed-file.webp\",\"width\":800,\"height\":800},{\"@type\":\"BreadcrumbList\",\"@id\":\"https:\\\/\\\/shopatoa.com\\\/ro\\\/maybelline-new-york-baby-skin-baza-din-gel-pentru-minimalizarea-porilor-22-ml\\\/#breadcrumb\",\"itemListElement\":[{\"@type\":\"ListItem\",\"position\":1,\"name\":\"Dom\u016f\",\"item\":\"https:\\\/\\\/shopatoa.com\\\/ro\\\/\"},{\"@type\":\"ListItem\",\"position\":2,\"name\":\"Shop\",\"item\":\"https:\\\/\\\/shopatoa.com\\\/ro\\\/shop\\\/\"},{\"@type\":\"ListItem\",\"position\":3,\"name\":\"S\u0103n\u0103tate \u0219i frumuse\u021be\",\"item\":\"https:\\\/\\\/shopatoa.com\\\/ro\\\/sanatate-si-frumusete\\\/\"},{\"@type\":\"ListItem\",\"position\":4,\"name\":\"\u00cengrijire personal\u0103\",\"item\":\"https:\\\/\\\/shopatoa.com\\\/ro\\\/ingrijire-personala\\\/\"},{\"@type\":\"ListItem\",\"position\":5,\"name\":\"Cosmetice\",\"item\":\"https:\\\/\\\/shopatoa.com\\\/ro\\\/cosmetice-ingrijire-personala\\\/\"},{\"@type\":\"ListItem\",\"position\":6,\"name\":\"Machiaj\",\"item\":\"https:\\\/\\\/shopatoa.com\\\/ro\\\/machiaj\\\/\"},{\"@type\":\"ListItem\",\"position\":7,\"name\":\"Machiaj de fa\u021b\u0103\",\"item\":\"https:\\\/\\\/shopatoa.com\\\/ro\\\/machiaj-de-fata\\\/\"},{\"@type\":\"ListItem\",\"position\":8,\"name\":\"Primer de fa\u021b\u0103\",\"item\":\"https:\\\/\\\/shopatoa.com\\\/ro\\\/primer-de-fata\\\/\"},{\"@type\":\"ListItem\",\"position\":9,\"name\":\"MAYBELLINE NEW YORK Baby Skin baz\u0103 din gel pentru minimalizarea porilor 22 ml\"}]},{\"@type\":\"WebSite\",\"@id\":\"https:\\\/\\\/shopatoa.com\\\/ro\\\/#website\",\"url\":\"https:\\\/\\\/shopatoa.com\\\/ro\\\/\",\"name\":\"SHOPATOA\",\"description\":\"\",\"publisher\":{\"@id\":\"https:\\\/\\\/shopatoa.com\\\/ro\\\/#organization\"},\"potentialAction\":[{\"@type\":\"SearchAction\",\"target\":{\"@type\":\"EntryPoint\",\"urlTemplate\":\"https:\\\/\\\/shopatoa.com\\\/ro\\\/?s={search_term_string}\"},\"query-input\":{\"@type\":\"PropertyValueSpecification\",\"valueRequired\":true,\"valueName\":\"search_term_string\"}}],\"inLanguage\":\"ro-RO\"},{\"@type\":\"Organization\",\"@id\":\"https:\\\/\\\/shopatoa.com\\\/ro\\\/#organization\",\"name\":\"SHOPATOA\",\"url\":\"https:\\\/\\\/shopatoa.com\\\/ro\\\/\",\"logo\":{\"@type\":\"ImageObject\",\"inLanguage\":\"ro-RO\",\"@id\":\"https:\\\/\\\/shopatoa.com\\\/ro\\\/#\\\/schema\\\/logo\\\/image\\\/\",\"url\":\"https:\\\/\\\/storage.googleapis.com\\\/cz-shopatoa-img\\\/ro\\\/b4dac915-shopatoa_logo.png\",\"contentUrl\":\"https:\\\/\\\/storage.googleapis.com\\\/cz-shopatoa-img\\\/ro\\\/b4dac915-shopatoa_logo.png\",\"width\":416,\"height\":63,\"caption\":\"SHOPATOA\"},\"image\":{\"@id\":\"https:\\\/\\\/shopatoa.com\\\/ro\\\/#\\\/schema\\\/logo\\\/image\\\/\"}}]}<\/script>\n<!-- \/ Yoast SEO plugin. -->","yoast_head_json":{"title":"MAYBELLINE NEW YORK Baby Skin baz\u0103 din gel pentru minimalizarea porilor 22 ml - SHOPATOA.COM","robots":{"index":"index","follow":"follow","max-snippet":"max-snippet:-1","max-image-preview":"max-image-preview:large","max-video-preview":"max-video-preview:-1"},"canonical":"https:\/\/shopatoa.com\/ro\/maybelline-new-york-baby-skin-baza-din-gel-pentru-minimalizarea-porilor-22-ml\/","og_locale":"ro_RO","og_type":"article","og_title":"MAYBELLINE NEW YORK Baby Skin baz\u0103 din gel pentru minimalizarea porilor 22 ml - SHOPATOA.COM","og_description":"MAYBELLINE NEW YORK Baby Skin, 22 ml, baza pentru machiaj pentru femei, Nu doar machiajul determin\u0103 aspectul perfect al tenului dvs. pe tot parcursul zilei. Un rol important \u00eel joac\u0103 \u0219i baza pe care o aplica\u021bi pe ten mai \u00eent\u00e2i. Primerul MAYBELLINE NEW YORKBaby Skin neteze\u0219te perfect tenul \u0219i \u00eel preg\u0103te\u0219te ideal pentru urm\u0103torii pa\u0219i...","og_url":"https:\/\/shopatoa.com\/ro\/maybelline-new-york-baby-skin-baza-din-gel-pentru-minimalizarea-porilor-22-ml\/","og_site_name":"SHOPATOA","article_modified_time":"2025-12-14T17:25:01+00:00","og_image":[{"width":800,"height":800,"url":"https:\/\/storage.googleapis.com\/cz-shopatoa-img\/ro\/d9e3603a-unnamed-file.webp","type":"image\/webp"}],"twitter_card":"summary_large_image","twitter_misc":{"Timp estimat pentru citire":"1 minut"},"schema":{"@context":"https:\/\/schema.org","@graph":[{"@type":"WebPage","@id":"https:\/\/shopatoa.com\/ro\/maybelline-new-york-baby-skin-baza-din-gel-pentru-minimalizarea-porilor-22-ml\/","url":"https:\/\/shopatoa.com\/ro\/maybelline-new-york-baby-skin-baza-din-gel-pentru-minimalizarea-porilor-22-ml\/","name":"MAYBELLINE NEW YORK Baby Skin baz\u0103 din gel pentru minimalizarea porilor 22 ml - SHOPATOA.COM","isPartOf":{"@id":"https:\/\/shopatoa.com\/ro\/#website"},"primaryImageOfPage":{"@id":"https:\/\/shopatoa.com\/ro\/maybelline-new-york-baby-skin-baza-din-gel-pentru-minimalizarea-porilor-22-ml\/#primaryimage"},"image":{"@id":"https:\/\/shopatoa.com\/ro\/maybelline-new-york-baby-skin-baza-din-gel-pentru-minimalizarea-porilor-22-ml\/#primaryimage"},"thumbnailUrl":"https:\/\/storage.googleapis.com\/cz-shopatoa-img\/ro\/d9e3603a-unnamed-file.webp","datePublished":"2025-06-17T00:23:02+00:00","dateModified":"2025-12-14T17:25:01+00:00","breadcrumb":{"@id":"https:\/\/shopatoa.com\/ro\/maybelline-new-york-baby-skin-baza-din-gel-pentru-minimalizarea-porilor-22-ml\/#breadcrumb"},"inLanguage":"ro-RO","potentialAction":[{"@type":"ReadAction","target":["https:\/\/shopatoa.com\/ro\/maybelline-new-york-baby-skin-baza-din-gel-pentru-minimalizarea-porilor-22-ml\/"]}]},{"@type":"ImageObject","inLanguage":"ro-RO","@id":"https:\/\/shopatoa.com\/ro\/maybelline-new-york-baby-skin-baza-din-gel-pentru-minimalizarea-porilor-22-ml\/#primaryimage","url":"https:\/\/storage.googleapis.com\/cz-shopatoa-img\/ro\/d9e3603a-unnamed-file.webp","contentUrl":"https:\/\/storage.googleapis.com\/cz-shopatoa-img\/ro\/d9e3603a-unnamed-file.webp","width":800,"height":800},{"@type":"BreadcrumbList","@id":"https:\/\/shopatoa.com\/ro\/maybelline-new-york-baby-skin-baza-din-gel-pentru-minimalizarea-porilor-22-ml\/#breadcrumb","itemListElement":[{"@type":"ListItem","position":1,"name":"Dom\u016f","item":"https:\/\/shopatoa.com\/ro\/"},{"@type":"ListItem","position":2,"name":"Shop","item":"https:\/\/shopatoa.com\/ro\/shop\/"},{"@type":"ListItem","position":3,"name":"S\u0103n\u0103tate \u0219i frumuse\u021be","item":"https:\/\/shopatoa.com\/ro\/sanatate-si-frumusete\/"},{"@type":"ListItem","position":4,"name":"\u00cengrijire personal\u0103","item":"https:\/\/shopatoa.com\/ro\/ingrijire-personala\/"},{"@type":"ListItem","position":5,"name":"Cosmetice","item":"https:\/\/shopatoa.com\/ro\/cosmetice-ingrijire-personala\/"},{"@type":"ListItem","position":6,"name":"Machiaj","item":"https:\/\/shopatoa.com\/ro\/machiaj\/"},{"@type":"ListItem","position":7,"name":"Machiaj de fa\u021b\u0103","item":"https:\/\/shopatoa.com\/ro\/machiaj-de-fata\/"},{"@type":"ListItem","position":8,"name":"Primer de fa\u021b\u0103","item":"https:\/\/shopatoa.com\/ro\/primer-de-fata\/"},{"@type":"ListItem","position":9,"name":"MAYBELLINE NEW YORK Baby Skin baz\u0103 din gel pentru minimalizarea porilor 22 ml"}]},{"@type":"WebSite","@id":"https:\/\/shopatoa.com\/ro\/#website","url":"https:\/\/shopatoa.com\/ro\/","name":"SHOPATOA","description":"","publisher":{"@id":"https:\/\/shopatoa.com\/ro\/#organization"},"potentialAction":[{"@type":"SearchAction","target":{"@type":"EntryPoint","urlTemplate":"https:\/\/shopatoa.com\/ro\/?s={search_term_string}"},"query-input":{"@type":"PropertyValueSpecification","valueRequired":true,"valueName":"search_term_string"}}],"inLanguage":"ro-RO"},{"@type":"Organization","@id":"https:\/\/shopatoa.com\/ro\/#organization","name":"SHOPATOA","url":"https:\/\/shopatoa.com\/ro\/","logo":{"@type":"ImageObject","inLanguage":"ro-RO","@id":"https:\/\/shopatoa.com\/ro\/#\/schema\/logo\/image\/","url":"https:\/\/storage.googleapis.com\/cz-shopatoa-img\/ro\/b4dac915-shopatoa_logo.png","contentUrl":"https:\/\/storage.googleapis.com\/cz-shopatoa-img\/ro\/b4dac915-shopatoa_logo.png","width":416,"height":63,"caption":"SHOPATOA"},"image":{"@id":"https:\/\/shopatoa.com\/ro\/#\/schema\/logo\/image\/"}}]}},"_links":{"self":[{"href":"https:\/\/shopatoa.com\/ro\/wp-json\/wp\/v2\/product\/392125","targetHints":{"allow":["GET"]}}],"collection":[{"href":"https:\/\/shopatoa.com\/ro\/wp-json\/wp\/v2\/product"}],"about":[{"href":"https:\/\/shopatoa.com\/ro\/wp-json\/wp\/v2\/types\/product"}],"replies":[{"embeddable":true,"href":"https:\/\/shopatoa.com\/ro\/wp-json\/wp\/v2\/comments?post=392125"}],"wp:featuredmedia":[{"embeddable":true,"href":"https:\/\/shopatoa.com\/ro\/wp-json\/wp\/v2\/media\/392126"}],"wp:attachment":[{"href":"https:\/\/shopatoa.com\/ro\/wp-json\/wp\/v2\/media?parent=392125"}],"wp:term":[{"taxonomy":"product_brand","embeddable":true,"href":"https:\/\/shopatoa.com\/ro\/wp-json\/wp\/v2\/product_brand?post=392125"},{"taxonomy":"product_cat","embeddable":true,"href":"https:\/\/shopatoa.com\/ro\/wp-json\/wp\/v2\/product_cat?post=392125"},{"taxonomy":"product_tag","embeddable":true,"href":"https:\/\/shopatoa.com\/ro\/wp-json\/wp\/v2\/product_tag?post=392125"}],"curies":[{"name":"wp","href":"https:\/\/api.w.org\/{rel}","templated":true}]}}