{"id":392421,"date":"2025-06-17T02:48:06","date_gmt":"2025-06-17T00:48:06","guid":{"rendered":"https:\/\/shopatoa.com\/ro\/nature-republic-green-derma-mild-cica-big-toner-calmant-tonic-reface-bariera-protectoare-a-pielii-500-ml\/"},"modified":"2025-10-08T18:44:13","modified_gmt":"2025-10-08T16:44:13","slug":"nature-republic-green-derma-mild-cica-big-toner-calmant-tonic-reface-bariera-protectoare-a-pielii-500-ml","status":"publish","type":"product","link":"https:\/\/shopatoa.com\/ro\/nature-republic-green-derma-mild-cica-big-toner-calmant-tonic-reface-bariera-protectoare-a-pielii-500-ml\/","title":{"rendered":"NATURE REPUBLIC Green Derma Mild Cica Big Toner calmant tonic reface bariera protectoare a pielii 500 ml"},"content":{"rendered":"<p>NATURE REPUBLIC Green Derma Mild Cica Big Toner, 500 ml, lotiuni tonice pentru femei, Produsul tonic NATURE REPUBLIC Green Derma ajut\u0103 la cur\u0103\u021barea final\u0103, la armonizarea \u0219i la \u00eenviorarea pielii.  Caracteristici:  previne uscarea excesiv\u0103 a pielii are efect de calmare hidrateaz\u0103 \u0219i hr\u0103ne\u0219te pielea protejeaz\u0103 pielea fa\u021b\u0103 de influen\u021be externe nocive se recomand\u0103 pentru tenul sensibil  Ingrediente:  f\u0103r\u0103 alcool  Cum se utilizeaz\u0103: Se aplic\u0103 pe un tampon cosmetic \u0219i se trateaz\u0103 pielea, cu mi\u0219c\u0103ri circulare.<\/p>\n","protected":false},"excerpt":{"rendered":"<p>NATURE REPUBLIC Green Derma Mild Cica Big Toner, 500 ml, lotiuni tonice pentru femei, Produsul tonic NATURE REPUBLIC Green Derma ajut\u0103 la cur\u0103\u021barea final\u0103, la armonizarea \u0219i la \u00eenviorarea pielii. Caracteristici: previne uscarea excesiv\u0103 a pielii are efect de calmare hidrateaz\u0103 \u0219i hr\u0103ne\u0219te pielea protejeaz\u0103 pielea fa\u021b\u0103 de influen\u021be externe nocive se recomand\u0103 pentru tenul&#8230;<\/p>\n","protected":false},"featured_media":392422,"comment_status":"closed","ping_status":"open","template":"","meta":{"_acf_changed":false,"_kadence_starter_templates_imported_post":false,"_kad_post_transparent":"","_kad_post_title":"","_kad_post_layout":"","_kad_post_sidebar_id":"","_kad_post_content_style":"","_kad_post_vertical_padding":"","_kad_post_feature":"","_kad_post_feature_position":"","_kad_post_header":false,"_kad_post_footer":false,"_kad_post_classname":""},"product_brand":[2653],"product_cat":[1564,1563,1565,1562],"product_tag":[],"class_list":{"0":"post-392421","1":"product","2":"type-product","3":"status-publish","4":"has-post-thumbnail","6":"product_brand-nature-republic","7":"product_cat-cosmetice-ingrijire-personala","8":"product_cat-ingrijire-personala","9":"product_cat-ingrijirea-pielii","10":"product_cat-sanatate-si-frumusete","11":"pa_gen-female","12":"pa_marime-500-ml","14":"first","15":"instock","16":"product-type-external","17":"entry","18":"content-bg","19":"loop-entry"},"acf":[],"yoast_head":"<!-- This site is optimized with the Yoast SEO plugin v27.4 - https:\/\/yoast.com\/product\/yoast-seo-wordpress\/ -->\n<title>NATURE REPUBLIC Green Derma Mild Cica Big Toner calmant tonic reface bariera protectoare a pielii 500 ml - SHOPATOA.COM<\/title>\n<meta name=\"robots\" content=\"index, follow, max-snippet:-1, max-image-preview:large, max-video-preview:-1\" \/>\n<link rel=\"canonical\" href=\"https:\/\/shopatoa.com\/ro\/nature-republic-green-derma-mild-cica-big-toner-calmant-tonic-reface-bariera-protectoare-a-pielii-500-ml\/\" \/>\n<meta property=\"og:locale\" content=\"ro_RO\" \/>\n<meta property=\"og:type\" content=\"article\" \/>\n<meta property=\"og:title\" content=\"NATURE REPUBLIC Green Derma Mild Cica Big Toner calmant tonic reface bariera protectoare a pielii 500 ml - SHOPATOA.COM\" \/>\n<meta property=\"og:description\" content=\"NATURE REPUBLIC Green Derma Mild Cica Big Toner, 500 ml, lotiuni tonice pentru femei, Produsul tonic NATURE REPUBLIC Green Derma ajut\u0103 la cur\u0103\u021barea final\u0103, la armonizarea \u0219i la \u00eenviorarea pielii. Caracteristici: previne uscarea excesiv\u0103 a pielii are efect de calmare hidrateaz\u0103 \u0219i hr\u0103ne\u0219te pielea protejeaz\u0103 pielea fa\u021b\u0103 de influen\u021be externe nocive se recomand\u0103 pentru tenul...\" \/>\n<meta property=\"og:url\" content=\"https:\/\/shopatoa.com\/ro\/nature-republic-green-derma-mild-cica-big-toner-calmant-tonic-reface-bariera-protectoare-a-pielii-500-ml\/\" \/>\n<meta property=\"og:site_name\" content=\"SHOPATOA\" \/>\n<meta property=\"article:modified_time\" content=\"2025-10-08T16:44:13+00:00\" \/>\n<meta property=\"og:image\" content=\"https:\/\/storage.googleapis.com\/cz-shopatoa-img\/ro\/32b8c73c-unnamed-file.webp\" \/>\n\t<meta property=\"og:image:width\" content=\"800\" \/>\n\t<meta property=\"og:image:height\" content=\"800\" \/>\n\t<meta property=\"og:image:type\" content=\"image\/webp\" \/>\n<meta name=\"twitter:card\" content=\"summary_large_image\" \/>\n<script type=\"application\/ld+json\" class=\"yoast-schema-graph\">{\"@context\":\"https:\\\/\\\/schema.org\",\"@graph\":[{\"@type\":\"WebPage\",\"@id\":\"https:\\\/\\\/shopatoa.com\\\/ro\\\/nature-republic-green-derma-mild-cica-big-toner-calmant-tonic-reface-bariera-protectoare-a-pielii-500-ml\\\/\",\"url\":\"https:\\\/\\\/shopatoa.com\\\/ro\\\/nature-republic-green-derma-mild-cica-big-toner-calmant-tonic-reface-bariera-protectoare-a-pielii-500-ml\\\/\",\"name\":\"NATURE REPUBLIC Green Derma Mild Cica Big Toner calmant tonic reface bariera protectoare a pielii 500 ml - SHOPATOA.COM\",\"isPartOf\":{\"@id\":\"https:\\\/\\\/shopatoa.com\\\/ro\\\/#website\"},\"primaryImageOfPage\":{\"@id\":\"https:\\\/\\\/shopatoa.com\\\/ro\\\/nature-republic-green-derma-mild-cica-big-toner-calmant-tonic-reface-bariera-protectoare-a-pielii-500-ml\\\/#primaryimage\"},\"image\":{\"@id\":\"https:\\\/\\\/shopatoa.com\\\/ro\\\/nature-republic-green-derma-mild-cica-big-toner-calmant-tonic-reface-bariera-protectoare-a-pielii-500-ml\\\/#primaryimage\"},\"thumbnailUrl\":\"https:\\\/\\\/storage.googleapis.com\\\/cz-shopatoa-img\\\/ro\\\/32b8c73c-unnamed-file.webp\",\"datePublished\":\"2025-06-17T00:48:06+00:00\",\"dateModified\":\"2025-10-08T16:44:13+00:00\",\"breadcrumb\":{\"@id\":\"https:\\\/\\\/shopatoa.com\\\/ro\\\/nature-republic-green-derma-mild-cica-big-toner-calmant-tonic-reface-bariera-protectoare-a-pielii-500-ml\\\/#breadcrumb\"},\"inLanguage\":\"ro-RO\",\"potentialAction\":[{\"@type\":\"ReadAction\",\"target\":[\"https:\\\/\\\/shopatoa.com\\\/ro\\\/nature-republic-green-derma-mild-cica-big-toner-calmant-tonic-reface-bariera-protectoare-a-pielii-500-ml\\\/\"]}]},{\"@type\":\"ImageObject\",\"inLanguage\":\"ro-RO\",\"@id\":\"https:\\\/\\\/shopatoa.com\\\/ro\\\/nature-republic-green-derma-mild-cica-big-toner-calmant-tonic-reface-bariera-protectoare-a-pielii-500-ml\\\/#primaryimage\",\"url\":\"https:\\\/\\\/storage.googleapis.com\\\/cz-shopatoa-img\\\/ro\\\/32b8c73c-unnamed-file.webp\",\"contentUrl\":\"https:\\\/\\\/storage.googleapis.com\\\/cz-shopatoa-img\\\/ro\\\/32b8c73c-unnamed-file.webp\",\"width\":800,\"height\":800},{\"@type\":\"BreadcrumbList\",\"@id\":\"https:\\\/\\\/shopatoa.com\\\/ro\\\/nature-republic-green-derma-mild-cica-big-toner-calmant-tonic-reface-bariera-protectoare-a-pielii-500-ml\\\/#breadcrumb\",\"itemListElement\":[{\"@type\":\"ListItem\",\"position\":1,\"name\":\"Dom\u016f\",\"item\":\"https:\\\/\\\/shopatoa.com\\\/ro\\\/\"},{\"@type\":\"ListItem\",\"position\":2,\"name\":\"Shop\",\"item\":\"https:\\\/\\\/shopatoa.com\\\/ro\\\/shop\\\/\"},{\"@type\":\"ListItem\",\"position\":3,\"name\":\"S\u0103n\u0103tate \u0219i frumuse\u021be\",\"item\":\"https:\\\/\\\/shopatoa.com\\\/ro\\\/sanatate-si-frumusete\\\/\"},{\"@type\":\"ListItem\",\"position\":4,\"name\":\"\u00cengrijire personal\u0103\",\"item\":\"https:\\\/\\\/shopatoa.com\\\/ro\\\/ingrijire-personala\\\/\"},{\"@type\":\"ListItem\",\"position\":5,\"name\":\"Cosmetice\",\"item\":\"https:\\\/\\\/shopatoa.com\\\/ro\\\/cosmetice-ingrijire-personala\\\/\"},{\"@type\":\"ListItem\",\"position\":6,\"name\":\"\u00cengrijirea pielii\",\"item\":\"https:\\\/\\\/shopatoa.com\\\/ro\\\/ingrijirea-pielii\\\/\"},{\"@type\":\"ListItem\",\"position\":7,\"name\":\"NATURE REPUBLIC Green Derma Mild Cica Big Toner calmant tonic reface bariera protectoare a pielii 500 ml\"}]},{\"@type\":\"WebSite\",\"@id\":\"https:\\\/\\\/shopatoa.com\\\/ro\\\/#website\",\"url\":\"https:\\\/\\\/shopatoa.com\\\/ro\\\/\",\"name\":\"SHOPATOA\",\"description\":\"\",\"publisher\":{\"@id\":\"https:\\\/\\\/shopatoa.com\\\/ro\\\/#organization\"},\"potentialAction\":[{\"@type\":\"SearchAction\",\"target\":{\"@type\":\"EntryPoint\",\"urlTemplate\":\"https:\\\/\\\/shopatoa.com\\\/ro\\\/?s={search_term_string}\"},\"query-input\":{\"@type\":\"PropertyValueSpecification\",\"valueRequired\":true,\"valueName\":\"search_term_string\"}}],\"inLanguage\":\"ro-RO\"},{\"@type\":\"Organization\",\"@id\":\"https:\\\/\\\/shopatoa.com\\\/ro\\\/#organization\",\"name\":\"SHOPATOA\",\"url\":\"https:\\\/\\\/shopatoa.com\\\/ro\\\/\",\"logo\":{\"@type\":\"ImageObject\",\"inLanguage\":\"ro-RO\",\"@id\":\"https:\\\/\\\/shopatoa.com\\\/ro\\\/#\\\/schema\\\/logo\\\/image\\\/\",\"url\":\"https:\\\/\\\/storage.googleapis.com\\\/cz-shopatoa-img\\\/ro\\\/b4dac915-shopatoa_logo.png\",\"contentUrl\":\"https:\\\/\\\/storage.googleapis.com\\\/cz-shopatoa-img\\\/ro\\\/b4dac915-shopatoa_logo.png\",\"width\":416,\"height\":63,\"caption\":\"SHOPATOA\"},\"image\":{\"@id\":\"https:\\\/\\\/shopatoa.com\\\/ro\\\/#\\\/schema\\\/logo\\\/image\\\/\"}}]}<\/script>\n<!-- \/ Yoast SEO plugin. -->","yoast_head_json":{"title":"NATURE REPUBLIC Green Derma Mild Cica Big Toner calmant tonic reface bariera protectoare a pielii 500 ml - SHOPATOA.COM","robots":{"index":"index","follow":"follow","max-snippet":"max-snippet:-1","max-image-preview":"max-image-preview:large","max-video-preview":"max-video-preview:-1"},"canonical":"https:\/\/shopatoa.com\/ro\/nature-republic-green-derma-mild-cica-big-toner-calmant-tonic-reface-bariera-protectoare-a-pielii-500-ml\/","og_locale":"ro_RO","og_type":"article","og_title":"NATURE REPUBLIC Green Derma Mild Cica Big Toner calmant tonic reface bariera protectoare a pielii 500 ml - SHOPATOA.COM","og_description":"NATURE REPUBLIC Green Derma Mild Cica Big Toner, 500 ml, lotiuni tonice pentru femei, Produsul tonic NATURE REPUBLIC Green Derma ajut\u0103 la cur\u0103\u021barea final\u0103, la armonizarea \u0219i la \u00eenviorarea pielii. Caracteristici: previne uscarea excesiv\u0103 a pielii are efect de calmare hidrateaz\u0103 \u0219i hr\u0103ne\u0219te pielea protejeaz\u0103 pielea fa\u021b\u0103 de influen\u021be externe nocive se recomand\u0103 pentru tenul...","og_url":"https:\/\/shopatoa.com\/ro\/nature-republic-green-derma-mild-cica-big-toner-calmant-tonic-reface-bariera-protectoare-a-pielii-500-ml\/","og_site_name":"SHOPATOA","article_modified_time":"2025-10-08T16:44:13+00:00","og_image":[{"width":800,"height":800,"url":"https:\/\/storage.googleapis.com\/cz-shopatoa-img\/ro\/32b8c73c-unnamed-file.webp","type":"image\/webp"}],"twitter_card":"summary_large_image","schema":{"@context":"https:\/\/schema.org","@graph":[{"@type":"WebPage","@id":"https:\/\/shopatoa.com\/ro\/nature-republic-green-derma-mild-cica-big-toner-calmant-tonic-reface-bariera-protectoare-a-pielii-500-ml\/","url":"https:\/\/shopatoa.com\/ro\/nature-republic-green-derma-mild-cica-big-toner-calmant-tonic-reface-bariera-protectoare-a-pielii-500-ml\/","name":"NATURE REPUBLIC Green Derma Mild Cica Big Toner calmant tonic reface bariera protectoare a pielii 500 ml - SHOPATOA.COM","isPartOf":{"@id":"https:\/\/shopatoa.com\/ro\/#website"},"primaryImageOfPage":{"@id":"https:\/\/shopatoa.com\/ro\/nature-republic-green-derma-mild-cica-big-toner-calmant-tonic-reface-bariera-protectoare-a-pielii-500-ml\/#primaryimage"},"image":{"@id":"https:\/\/shopatoa.com\/ro\/nature-republic-green-derma-mild-cica-big-toner-calmant-tonic-reface-bariera-protectoare-a-pielii-500-ml\/#primaryimage"},"thumbnailUrl":"https:\/\/storage.googleapis.com\/cz-shopatoa-img\/ro\/32b8c73c-unnamed-file.webp","datePublished":"2025-06-17T00:48:06+00:00","dateModified":"2025-10-08T16:44:13+00:00","breadcrumb":{"@id":"https:\/\/shopatoa.com\/ro\/nature-republic-green-derma-mild-cica-big-toner-calmant-tonic-reface-bariera-protectoare-a-pielii-500-ml\/#breadcrumb"},"inLanguage":"ro-RO","potentialAction":[{"@type":"ReadAction","target":["https:\/\/shopatoa.com\/ro\/nature-republic-green-derma-mild-cica-big-toner-calmant-tonic-reface-bariera-protectoare-a-pielii-500-ml\/"]}]},{"@type":"ImageObject","inLanguage":"ro-RO","@id":"https:\/\/shopatoa.com\/ro\/nature-republic-green-derma-mild-cica-big-toner-calmant-tonic-reface-bariera-protectoare-a-pielii-500-ml\/#primaryimage","url":"https:\/\/storage.googleapis.com\/cz-shopatoa-img\/ro\/32b8c73c-unnamed-file.webp","contentUrl":"https:\/\/storage.googleapis.com\/cz-shopatoa-img\/ro\/32b8c73c-unnamed-file.webp","width":800,"height":800},{"@type":"BreadcrumbList","@id":"https:\/\/shopatoa.com\/ro\/nature-republic-green-derma-mild-cica-big-toner-calmant-tonic-reface-bariera-protectoare-a-pielii-500-ml\/#breadcrumb","itemListElement":[{"@type":"ListItem","position":1,"name":"Dom\u016f","item":"https:\/\/shopatoa.com\/ro\/"},{"@type":"ListItem","position":2,"name":"Shop","item":"https:\/\/shopatoa.com\/ro\/shop\/"},{"@type":"ListItem","position":3,"name":"S\u0103n\u0103tate \u0219i frumuse\u021be","item":"https:\/\/shopatoa.com\/ro\/sanatate-si-frumusete\/"},{"@type":"ListItem","position":4,"name":"\u00cengrijire personal\u0103","item":"https:\/\/shopatoa.com\/ro\/ingrijire-personala\/"},{"@type":"ListItem","position":5,"name":"Cosmetice","item":"https:\/\/shopatoa.com\/ro\/cosmetice-ingrijire-personala\/"},{"@type":"ListItem","position":6,"name":"\u00cengrijirea pielii","item":"https:\/\/shopatoa.com\/ro\/ingrijirea-pielii\/"},{"@type":"ListItem","position":7,"name":"NATURE REPUBLIC Green Derma Mild Cica Big Toner calmant tonic reface bariera protectoare a pielii 500 ml"}]},{"@type":"WebSite","@id":"https:\/\/shopatoa.com\/ro\/#website","url":"https:\/\/shopatoa.com\/ro\/","name":"SHOPATOA","description":"","publisher":{"@id":"https:\/\/shopatoa.com\/ro\/#organization"},"potentialAction":[{"@type":"SearchAction","target":{"@type":"EntryPoint","urlTemplate":"https:\/\/shopatoa.com\/ro\/?s={search_term_string}"},"query-input":{"@type":"PropertyValueSpecification","valueRequired":true,"valueName":"search_term_string"}}],"inLanguage":"ro-RO"},{"@type":"Organization","@id":"https:\/\/shopatoa.com\/ro\/#organization","name":"SHOPATOA","url":"https:\/\/shopatoa.com\/ro\/","logo":{"@type":"ImageObject","inLanguage":"ro-RO","@id":"https:\/\/shopatoa.com\/ro\/#\/schema\/logo\/image\/","url":"https:\/\/storage.googleapis.com\/cz-shopatoa-img\/ro\/b4dac915-shopatoa_logo.png","contentUrl":"https:\/\/storage.googleapis.com\/cz-shopatoa-img\/ro\/b4dac915-shopatoa_logo.png","width":416,"height":63,"caption":"SHOPATOA"},"image":{"@id":"https:\/\/shopatoa.com\/ro\/#\/schema\/logo\/image\/"}}]}},"_links":{"self":[{"href":"https:\/\/shopatoa.com\/ro\/wp-json\/wp\/v2\/product\/392421","targetHints":{"allow":["GET"]}}],"collection":[{"href":"https:\/\/shopatoa.com\/ro\/wp-json\/wp\/v2\/product"}],"about":[{"href":"https:\/\/shopatoa.com\/ro\/wp-json\/wp\/v2\/types\/product"}],"replies":[{"embeddable":true,"href":"https:\/\/shopatoa.com\/ro\/wp-json\/wp\/v2\/comments?post=392421"}],"wp:featuredmedia":[{"embeddable":true,"href":"https:\/\/shopatoa.com\/ro\/wp-json\/wp\/v2\/media\/392422"}],"wp:attachment":[{"href":"https:\/\/shopatoa.com\/ro\/wp-json\/wp\/v2\/media?parent=392421"}],"wp:term":[{"taxonomy":"product_brand","embeddable":true,"href":"https:\/\/shopatoa.com\/ro\/wp-json\/wp\/v2\/product_brand?post=392421"},{"taxonomy":"product_cat","embeddable":true,"href":"https:\/\/shopatoa.com\/ro\/wp-json\/wp\/v2\/product_cat?post=392421"},{"taxonomy":"product_tag","embeddable":true,"href":"https:\/\/shopatoa.com\/ro\/wp-json\/wp\/v2\/product_tag?post=392421"}],"curies":[{"name":"wp","href":"https:\/\/api.w.org\/{rel}","templated":true}]}}