{"id":392720,"date":"2025-06-17T03:36:17","date_gmt":"2025-06-17T01:36:17","guid":{"rendered":"https:\/\/shopatoa.com\/ro\/delia-cosmetics-eyebrow-expert-zest-set-pentru-aranjarea-sprancenelor-culoare-1-1-graphite-black-1-buc\/"},"modified":"2025-12-14T15:32:38","modified_gmt":"2025-12-14T14:32:38","slug":"delia-cosmetics-eyebrow-expert-zest-set-pentru-aranjarea-sprancenelor-culoare-1-1-graphite-black-1-buc","status":"publish","type":"product","link":"https:\/\/shopatoa.com\/ro\/delia-cosmetics-eyebrow-expert-zest-set-pentru-aranjarea-sprancenelor-culoare-1-1-graphite-black-1-buc\/","title":{"rendered":"Delia Cosmetics Eyebrow Expert Zest set pentru aranjarea spr\u00e2ncenelor culoare 1.1 Graphite Black 1 buc"},"content":{"rendered":"<p>Delia Cosmetics Eyebrow Expert Zest, 1 buc, Aranjarea spr\u00e2ncenelor pentru femei, Nimic nu v\u0103 \u00eencadreaz\u0103 fa\u021ba mai bine dec\u00e2t spr\u00e2ncenele \u00eengrijite \u0219i perfect conturate. Produsul Delia CosmeticsEyebrow ExpertZest v\u0103 permite s\u0103 v\u0103 modela\u021bi spr\u00e2ncenele la aspectul dorit \u0219i s\u0103 aranja\u021bi firele de p\u0103r rebele \u00een c\u00e2teva clipe. Pe scurt, v\u0103 va ajuta s\u0103 conferi\u021bi spr\u00e2ncenelor forma dorit\u0103 \u0219i s\u0103 accentua\u021bi frumuse\u021bea natural\u0103 a tr\u0103s\u0103turilor fe\u021bei dvs.  Caracteristici:  set la pre\u021b promo\u021bional o rutin\u0103 complet\u0103<\/p>\n","protected":false},"excerpt":{"rendered":"<p>Delia Cosmetics Eyebrow Expert Zest, 1 buc, Aranjarea spr\u00e2ncenelor pentru femei, Nimic nu v\u0103 \u00eencadreaz\u0103 fa\u021ba mai bine dec\u00e2t spr\u00e2ncenele \u00eengrijite \u0219i perfect conturate. Produsul Delia CosmeticsEyebrow ExpertZest v\u0103 permite s\u0103 v\u0103 modela\u021bi spr\u00e2ncenele la aspectul dorit \u0219i s\u0103 aranja\u021bi firele de p\u0103r rebele \u00een c\u00e2teva clipe. Pe scurt, v\u0103 va ajuta s\u0103 conferi\u021bi spr\u00e2ncenelor&#8230;<\/p>\n","protected":false},"featured_media":392721,"comment_status":"closed","ping_status":"open","template":"","meta":{"_acf_changed":false,"_kadence_starter_templates_imported_post":false,"_kad_post_transparent":"","_kad_post_title":"","_kad_post_layout":"","_kad_post_sidebar_id":"","_kad_post_content_style":"","_kad_post_vertical_padding":"","_kad_post_feature":"","_kad_post_feature_position":"","_kad_post_header":false,"_kad_post_footer":false,"_kad_post_classname":""},"product_brand":[1674],"product_cat":[1564,1563,1562,1651],"product_tag":[],"class_list":{"0":"post-392720","1":"product","2":"type-product","3":"status-publish","4":"has-post-thumbnail","6":"product_brand-delia-cosmetics","7":"product_cat-cosmetice-ingrijire-personala","8":"product_cat-ingrijire-personala","9":"product_cat-sanatate-si-frumusete","10":"product_cat-seturi-cosmetice","11":"pa_gen-female","12":"pa_marime-1-buc","14":"first","15":"instock","16":"sale","17":"product-type-external","18":"entry","19":"content-bg","20":"loop-entry"},"acf":[],"yoast_head":"<!-- This site is optimized with the Yoast SEO plugin v27.4 - https:\/\/yoast.com\/product\/yoast-seo-wordpress\/ -->\n<title>Delia Cosmetics Eyebrow Expert Zest set pentru aranjarea spr\u00e2ncenelor culoare 1.1 Graphite Black 1 buc - SHOPATOA.COM<\/title>\n<meta name=\"robots\" content=\"index, follow, max-snippet:-1, max-image-preview:large, max-video-preview:-1\" \/>\n<link rel=\"canonical\" href=\"https:\/\/shopatoa.com\/ro\/delia-cosmetics-eyebrow-expert-zest-set-pentru-aranjarea-sprancenelor-culoare-1-1-graphite-black-1-buc\/\" \/>\n<meta property=\"og:locale\" content=\"ro_RO\" \/>\n<meta property=\"og:type\" content=\"article\" \/>\n<meta property=\"og:title\" content=\"Delia Cosmetics Eyebrow Expert Zest set pentru aranjarea spr\u00e2ncenelor culoare 1.1 Graphite Black 1 buc - SHOPATOA.COM\" \/>\n<meta property=\"og:description\" content=\"Delia Cosmetics Eyebrow Expert Zest, 1 buc, Aranjarea spr\u00e2ncenelor pentru femei, Nimic nu v\u0103 \u00eencadreaz\u0103 fa\u021ba mai bine dec\u00e2t spr\u00e2ncenele \u00eengrijite \u0219i perfect conturate. Produsul Delia CosmeticsEyebrow ExpertZest v\u0103 permite s\u0103 v\u0103 modela\u021bi spr\u00e2ncenele la aspectul dorit \u0219i s\u0103 aranja\u021bi firele de p\u0103r rebele \u00een c\u00e2teva clipe. Pe scurt, v\u0103 va ajuta s\u0103 conferi\u021bi spr\u00e2ncenelor...\" \/>\n<meta property=\"og:url\" content=\"https:\/\/shopatoa.com\/ro\/delia-cosmetics-eyebrow-expert-zest-set-pentru-aranjarea-sprancenelor-culoare-1-1-graphite-black-1-buc\/\" \/>\n<meta property=\"og:site_name\" content=\"SHOPATOA\" \/>\n<meta property=\"article:modified_time\" content=\"2025-12-14T14:32:38+00:00\" \/>\n<meta property=\"og:image\" content=\"https:\/\/storage.googleapis.com\/cz-shopatoa-img\/ro\/3a3fde6e-unnamed-file.webp\" \/>\n\t<meta property=\"og:image:width\" content=\"800\" \/>\n\t<meta property=\"og:image:height\" content=\"800\" \/>\n\t<meta property=\"og:image:type\" content=\"image\/webp\" \/>\n<meta name=\"twitter:card\" content=\"summary_large_image\" \/>\n<script type=\"application\/ld+json\" class=\"yoast-schema-graph\">{\"@context\":\"https:\\\/\\\/schema.org\",\"@graph\":[{\"@type\":\"WebPage\",\"@id\":\"https:\\\/\\\/shopatoa.com\\\/ro\\\/delia-cosmetics-eyebrow-expert-zest-set-pentru-aranjarea-sprancenelor-culoare-1-1-graphite-black-1-buc\\\/\",\"url\":\"https:\\\/\\\/shopatoa.com\\\/ro\\\/delia-cosmetics-eyebrow-expert-zest-set-pentru-aranjarea-sprancenelor-culoare-1-1-graphite-black-1-buc\\\/\",\"name\":\"Delia Cosmetics Eyebrow Expert Zest set pentru aranjarea spr\u00e2ncenelor culoare 1.1 Graphite Black 1 buc - SHOPATOA.COM\",\"isPartOf\":{\"@id\":\"https:\\\/\\\/shopatoa.com\\\/ro\\\/#website\"},\"primaryImageOfPage\":{\"@id\":\"https:\\\/\\\/shopatoa.com\\\/ro\\\/delia-cosmetics-eyebrow-expert-zest-set-pentru-aranjarea-sprancenelor-culoare-1-1-graphite-black-1-buc\\\/#primaryimage\"},\"image\":{\"@id\":\"https:\\\/\\\/shopatoa.com\\\/ro\\\/delia-cosmetics-eyebrow-expert-zest-set-pentru-aranjarea-sprancenelor-culoare-1-1-graphite-black-1-buc\\\/#primaryimage\"},\"thumbnailUrl\":\"https:\\\/\\\/storage.googleapis.com\\\/cz-shopatoa-img\\\/ro\\\/3a3fde6e-unnamed-file.webp\",\"datePublished\":\"2025-06-17T01:36:17+00:00\",\"dateModified\":\"2025-12-14T14:32:38+00:00\",\"breadcrumb\":{\"@id\":\"https:\\\/\\\/shopatoa.com\\\/ro\\\/delia-cosmetics-eyebrow-expert-zest-set-pentru-aranjarea-sprancenelor-culoare-1-1-graphite-black-1-buc\\\/#breadcrumb\"},\"inLanguage\":\"ro-RO\",\"potentialAction\":[{\"@type\":\"ReadAction\",\"target\":[\"https:\\\/\\\/shopatoa.com\\\/ro\\\/delia-cosmetics-eyebrow-expert-zest-set-pentru-aranjarea-sprancenelor-culoare-1-1-graphite-black-1-buc\\\/\"]}]},{\"@type\":\"ImageObject\",\"inLanguage\":\"ro-RO\",\"@id\":\"https:\\\/\\\/shopatoa.com\\\/ro\\\/delia-cosmetics-eyebrow-expert-zest-set-pentru-aranjarea-sprancenelor-culoare-1-1-graphite-black-1-buc\\\/#primaryimage\",\"url\":\"https:\\\/\\\/storage.googleapis.com\\\/cz-shopatoa-img\\\/ro\\\/3a3fde6e-unnamed-file.webp\",\"contentUrl\":\"https:\\\/\\\/storage.googleapis.com\\\/cz-shopatoa-img\\\/ro\\\/3a3fde6e-unnamed-file.webp\",\"width\":800,\"height\":800},{\"@type\":\"BreadcrumbList\",\"@id\":\"https:\\\/\\\/shopatoa.com\\\/ro\\\/delia-cosmetics-eyebrow-expert-zest-set-pentru-aranjarea-sprancenelor-culoare-1-1-graphite-black-1-buc\\\/#breadcrumb\",\"itemListElement\":[{\"@type\":\"ListItem\",\"position\":1,\"name\":\"Dom\u016f\",\"item\":\"https:\\\/\\\/shopatoa.com\\\/ro\\\/\"},{\"@type\":\"ListItem\",\"position\":2,\"name\":\"Shop\",\"item\":\"https:\\\/\\\/shopatoa.com\\\/ro\\\/shop\\\/\"},{\"@type\":\"ListItem\",\"position\":3,\"name\":\"S\u0103n\u0103tate \u0219i frumuse\u021be\",\"item\":\"https:\\\/\\\/shopatoa.com\\\/ro\\\/sanatate-si-frumusete\\\/\"},{\"@type\":\"ListItem\",\"position\":4,\"name\":\"\u00cengrijire personal\u0103\",\"item\":\"https:\\\/\\\/shopatoa.com\\\/ro\\\/ingrijire-personala\\\/\"},{\"@type\":\"ListItem\",\"position\":5,\"name\":\"Cosmetice\",\"item\":\"https:\\\/\\\/shopatoa.com\\\/ro\\\/cosmetice-ingrijire-personala\\\/\"},{\"@type\":\"ListItem\",\"position\":6,\"name\":\"Seturi cosmetice\",\"item\":\"https:\\\/\\\/shopatoa.com\\\/ro\\\/seturi-cosmetice\\\/\"},{\"@type\":\"ListItem\",\"position\":7,\"name\":\"Delia Cosmetics Eyebrow Expert Zest set pentru aranjarea spr\u00e2ncenelor culoare 1.1 Graphite Black 1 buc\"}]},{\"@type\":\"WebSite\",\"@id\":\"https:\\\/\\\/shopatoa.com\\\/ro\\\/#website\",\"url\":\"https:\\\/\\\/shopatoa.com\\\/ro\\\/\",\"name\":\"SHOPATOA\",\"description\":\"\",\"publisher\":{\"@id\":\"https:\\\/\\\/shopatoa.com\\\/ro\\\/#organization\"},\"potentialAction\":[{\"@type\":\"SearchAction\",\"target\":{\"@type\":\"EntryPoint\",\"urlTemplate\":\"https:\\\/\\\/shopatoa.com\\\/ro\\\/?s={search_term_string}\"},\"query-input\":{\"@type\":\"PropertyValueSpecification\",\"valueRequired\":true,\"valueName\":\"search_term_string\"}}],\"inLanguage\":\"ro-RO\"},{\"@type\":\"Organization\",\"@id\":\"https:\\\/\\\/shopatoa.com\\\/ro\\\/#organization\",\"name\":\"SHOPATOA\",\"url\":\"https:\\\/\\\/shopatoa.com\\\/ro\\\/\",\"logo\":{\"@type\":\"ImageObject\",\"inLanguage\":\"ro-RO\",\"@id\":\"https:\\\/\\\/shopatoa.com\\\/ro\\\/#\\\/schema\\\/logo\\\/image\\\/\",\"url\":\"https:\\\/\\\/storage.googleapis.com\\\/cz-shopatoa-img\\\/ro\\\/b4dac915-shopatoa_logo.png\",\"contentUrl\":\"https:\\\/\\\/storage.googleapis.com\\\/cz-shopatoa-img\\\/ro\\\/b4dac915-shopatoa_logo.png\",\"width\":416,\"height\":63,\"caption\":\"SHOPATOA\"},\"image\":{\"@id\":\"https:\\\/\\\/shopatoa.com\\\/ro\\\/#\\\/schema\\\/logo\\\/image\\\/\"}}]}<\/script>\n<!-- \/ Yoast SEO plugin. -->","yoast_head_json":{"title":"Delia Cosmetics Eyebrow Expert Zest set pentru aranjarea spr\u00e2ncenelor culoare 1.1 Graphite Black 1 buc - SHOPATOA.COM","robots":{"index":"index","follow":"follow","max-snippet":"max-snippet:-1","max-image-preview":"max-image-preview:large","max-video-preview":"max-video-preview:-1"},"canonical":"https:\/\/shopatoa.com\/ro\/delia-cosmetics-eyebrow-expert-zest-set-pentru-aranjarea-sprancenelor-culoare-1-1-graphite-black-1-buc\/","og_locale":"ro_RO","og_type":"article","og_title":"Delia Cosmetics Eyebrow Expert Zest set pentru aranjarea spr\u00e2ncenelor culoare 1.1 Graphite Black 1 buc - SHOPATOA.COM","og_description":"Delia Cosmetics Eyebrow Expert Zest, 1 buc, Aranjarea spr\u00e2ncenelor pentru femei, Nimic nu v\u0103 \u00eencadreaz\u0103 fa\u021ba mai bine dec\u00e2t spr\u00e2ncenele \u00eengrijite \u0219i perfect conturate. Produsul Delia CosmeticsEyebrow ExpertZest v\u0103 permite s\u0103 v\u0103 modela\u021bi spr\u00e2ncenele la aspectul dorit \u0219i s\u0103 aranja\u021bi firele de p\u0103r rebele \u00een c\u00e2teva clipe. Pe scurt, v\u0103 va ajuta s\u0103 conferi\u021bi spr\u00e2ncenelor...","og_url":"https:\/\/shopatoa.com\/ro\/delia-cosmetics-eyebrow-expert-zest-set-pentru-aranjarea-sprancenelor-culoare-1-1-graphite-black-1-buc\/","og_site_name":"SHOPATOA","article_modified_time":"2025-12-14T14:32:38+00:00","og_image":[{"width":800,"height":800,"url":"https:\/\/storage.googleapis.com\/cz-shopatoa-img\/ro\/3a3fde6e-unnamed-file.webp","type":"image\/webp"}],"twitter_card":"summary_large_image","schema":{"@context":"https:\/\/schema.org","@graph":[{"@type":"WebPage","@id":"https:\/\/shopatoa.com\/ro\/delia-cosmetics-eyebrow-expert-zest-set-pentru-aranjarea-sprancenelor-culoare-1-1-graphite-black-1-buc\/","url":"https:\/\/shopatoa.com\/ro\/delia-cosmetics-eyebrow-expert-zest-set-pentru-aranjarea-sprancenelor-culoare-1-1-graphite-black-1-buc\/","name":"Delia Cosmetics Eyebrow Expert Zest set pentru aranjarea spr\u00e2ncenelor culoare 1.1 Graphite Black 1 buc - SHOPATOA.COM","isPartOf":{"@id":"https:\/\/shopatoa.com\/ro\/#website"},"primaryImageOfPage":{"@id":"https:\/\/shopatoa.com\/ro\/delia-cosmetics-eyebrow-expert-zest-set-pentru-aranjarea-sprancenelor-culoare-1-1-graphite-black-1-buc\/#primaryimage"},"image":{"@id":"https:\/\/shopatoa.com\/ro\/delia-cosmetics-eyebrow-expert-zest-set-pentru-aranjarea-sprancenelor-culoare-1-1-graphite-black-1-buc\/#primaryimage"},"thumbnailUrl":"https:\/\/storage.googleapis.com\/cz-shopatoa-img\/ro\/3a3fde6e-unnamed-file.webp","datePublished":"2025-06-17T01:36:17+00:00","dateModified":"2025-12-14T14:32:38+00:00","breadcrumb":{"@id":"https:\/\/shopatoa.com\/ro\/delia-cosmetics-eyebrow-expert-zest-set-pentru-aranjarea-sprancenelor-culoare-1-1-graphite-black-1-buc\/#breadcrumb"},"inLanguage":"ro-RO","potentialAction":[{"@type":"ReadAction","target":["https:\/\/shopatoa.com\/ro\/delia-cosmetics-eyebrow-expert-zest-set-pentru-aranjarea-sprancenelor-culoare-1-1-graphite-black-1-buc\/"]}]},{"@type":"ImageObject","inLanguage":"ro-RO","@id":"https:\/\/shopatoa.com\/ro\/delia-cosmetics-eyebrow-expert-zest-set-pentru-aranjarea-sprancenelor-culoare-1-1-graphite-black-1-buc\/#primaryimage","url":"https:\/\/storage.googleapis.com\/cz-shopatoa-img\/ro\/3a3fde6e-unnamed-file.webp","contentUrl":"https:\/\/storage.googleapis.com\/cz-shopatoa-img\/ro\/3a3fde6e-unnamed-file.webp","width":800,"height":800},{"@type":"BreadcrumbList","@id":"https:\/\/shopatoa.com\/ro\/delia-cosmetics-eyebrow-expert-zest-set-pentru-aranjarea-sprancenelor-culoare-1-1-graphite-black-1-buc\/#breadcrumb","itemListElement":[{"@type":"ListItem","position":1,"name":"Dom\u016f","item":"https:\/\/shopatoa.com\/ro\/"},{"@type":"ListItem","position":2,"name":"Shop","item":"https:\/\/shopatoa.com\/ro\/shop\/"},{"@type":"ListItem","position":3,"name":"S\u0103n\u0103tate \u0219i frumuse\u021be","item":"https:\/\/shopatoa.com\/ro\/sanatate-si-frumusete\/"},{"@type":"ListItem","position":4,"name":"\u00cengrijire personal\u0103","item":"https:\/\/shopatoa.com\/ro\/ingrijire-personala\/"},{"@type":"ListItem","position":5,"name":"Cosmetice","item":"https:\/\/shopatoa.com\/ro\/cosmetice-ingrijire-personala\/"},{"@type":"ListItem","position":6,"name":"Seturi cosmetice","item":"https:\/\/shopatoa.com\/ro\/seturi-cosmetice\/"},{"@type":"ListItem","position":7,"name":"Delia Cosmetics Eyebrow Expert Zest set pentru aranjarea spr\u00e2ncenelor culoare 1.1 Graphite Black 1 buc"}]},{"@type":"WebSite","@id":"https:\/\/shopatoa.com\/ro\/#website","url":"https:\/\/shopatoa.com\/ro\/","name":"SHOPATOA","description":"","publisher":{"@id":"https:\/\/shopatoa.com\/ro\/#organization"},"potentialAction":[{"@type":"SearchAction","target":{"@type":"EntryPoint","urlTemplate":"https:\/\/shopatoa.com\/ro\/?s={search_term_string}"},"query-input":{"@type":"PropertyValueSpecification","valueRequired":true,"valueName":"search_term_string"}}],"inLanguage":"ro-RO"},{"@type":"Organization","@id":"https:\/\/shopatoa.com\/ro\/#organization","name":"SHOPATOA","url":"https:\/\/shopatoa.com\/ro\/","logo":{"@type":"ImageObject","inLanguage":"ro-RO","@id":"https:\/\/shopatoa.com\/ro\/#\/schema\/logo\/image\/","url":"https:\/\/storage.googleapis.com\/cz-shopatoa-img\/ro\/b4dac915-shopatoa_logo.png","contentUrl":"https:\/\/storage.googleapis.com\/cz-shopatoa-img\/ro\/b4dac915-shopatoa_logo.png","width":416,"height":63,"caption":"SHOPATOA"},"image":{"@id":"https:\/\/shopatoa.com\/ro\/#\/schema\/logo\/image\/"}}]}},"_links":{"self":[{"href":"https:\/\/shopatoa.com\/ro\/wp-json\/wp\/v2\/product\/392720","targetHints":{"allow":["GET"]}}],"collection":[{"href":"https:\/\/shopatoa.com\/ro\/wp-json\/wp\/v2\/product"}],"about":[{"href":"https:\/\/shopatoa.com\/ro\/wp-json\/wp\/v2\/types\/product"}],"replies":[{"embeddable":true,"href":"https:\/\/shopatoa.com\/ro\/wp-json\/wp\/v2\/comments?post=392720"}],"wp:featuredmedia":[{"embeddable":true,"href":"https:\/\/shopatoa.com\/ro\/wp-json\/wp\/v2\/media\/392721"}],"wp:attachment":[{"href":"https:\/\/shopatoa.com\/ro\/wp-json\/wp\/v2\/media?parent=392720"}],"wp:term":[{"taxonomy":"product_brand","embeddable":true,"href":"https:\/\/shopatoa.com\/ro\/wp-json\/wp\/v2\/product_brand?post=392720"},{"taxonomy":"product_cat","embeddable":true,"href":"https:\/\/shopatoa.com\/ro\/wp-json\/wp\/v2\/product_cat?post=392720"},{"taxonomy":"product_tag","embeddable":true,"href":"https:\/\/shopatoa.com\/ro\/wp-json\/wp\/v2\/product_tag?post=392720"}],"curies":[{"name":"wp","href":"https:\/\/api.w.org\/{rel}","templated":true}]}}