{"id":393012,"date":"2025-06-17T04:01:17","date_gmt":"2025-06-17T02:01:17","guid":{"rendered":"https:\/\/shopatoa.com\/ro\/renovality-original-series-renolips-ulei-pentru-buze-10-ml\/"},"modified":"2025-12-14T14:23:38","modified_gmt":"2025-12-14T13:23:38","slug":"renovality-original-series-renolips-ulei-pentru-buze-10-ml","status":"publish","type":"product","link":"https:\/\/shopatoa.com\/ro\/renovality-original-series-renolips-ulei-pentru-buze-10-ml\/","title":{"rendered":"Renovality Original Series Renolips ulei pentru buze 10 ml"},"content":{"rendered":"<p>Renovality Original Series Renolips, 10 ml, Cre\u0219terea buzelor pentru femei, Zona buzelor are propriile particularit\u0103\u021bi. De exemplu, este una dintre zonele \u00een care tind s\u0103 apar\u0103 semnele de \u00eemb\u0103tr\u00e2nire \u0219i irita\u021biile. Prin urmare, \u00eengrijirea Renovality Original Series Renolips este dezvoltat\u0103 \u00een a\u0219a fel \u00eenc\u00e2t s\u0103 r\u0103spund\u0103 nevoilor specifice ale tenului delicat din aceast\u0103 zon\u0103. Ofer\u0103 hidratare, previne uscarea nedorit\u0103 \u0219i favorizeaz\u0103 un aspect s\u0103n\u0103tos al zonei buzelor. Astfel, garanteaz\u0103 un z\u00e2mbet chiar mai frumos.  Caracteristici:  hidrateaz\u0103 profund \u0219i hr\u0103ne\u0219te intens las\u0103 buzele moi \u0219i fine creeaz\u0103 un efect de buze pline  Cum se utilizeaz\u0103: Se aplic\u0103 pe buzele curate \u0219i uscate.<\/p>\n","protected":false},"excerpt":{"rendered":"<p>Renovality Original Series Renolips, 10 ml, Cre\u0219terea buzelor pentru femei, Zona buzelor are propriile particularit\u0103\u021bi. De exemplu, este una dintre zonele \u00een care tind s\u0103 apar\u0103 semnele de \u00eemb\u0103tr\u00e2nire \u0219i irita\u021biile. Prin urmare, \u00eengrijirea Renovality Original Series Renolips este dezvoltat\u0103 \u00een a\u0219a fel \u00eenc\u00e2t s\u0103 r\u0103spund\u0103 nevoilor specifice ale tenului delicat din aceast\u0103 zon\u0103. Ofer\u0103&#8230;<\/p>\n","protected":false},"featured_media":393013,"comment_status":"closed","ping_status":"open","template":"","meta":{"_acf_changed":false,"_kadence_starter_templates_imported_post":false,"_kad_post_transparent":"","_kad_post_title":"","_kad_post_layout":"","_kad_post_sidebar_id":"","_kad_post_content_style":"","_kad_post_vertical_padding":"","_kad_post_feature":"","_kad_post_feature_position":"","_kad_post_header":false,"_kad_post_footer":false,"_kad_post_classname":""},"product_brand":[2001],"product_cat":[1628,1564,1563,1565,1562],"product_tag":[],"class_list":{"0":"post-393012","1":"product","2":"type-product","3":"status-publish","4":"has-post-thumbnail","6":"product_brand-renovality","7":"product_cat-balsamuri-si-tratamente-pentru-buze","8":"product_cat-cosmetice-ingrijire-personala","9":"product_cat-ingrijire-personala","10":"product_cat-ingrijirea-pielii","11":"product_cat-sanatate-si-frumusete","12":"pa_gen-female","13":"pa_marime-10-ml","15":"first","16":"instock","17":"sale","18":"product-type-external","19":"entry","20":"content-bg","21":"loop-entry"},"acf":[],"yoast_head":"<!-- This site is optimized with the Yoast SEO plugin v27.4 - https:\/\/yoast.com\/product\/yoast-seo-wordpress\/ -->\n<title>Renovality Original Series Renolips ulei pentru buze 10 ml - SHOPATOA.COM<\/title>\n<meta name=\"robots\" content=\"index, follow, max-snippet:-1, max-image-preview:large, max-video-preview:-1\" \/>\n<link rel=\"canonical\" href=\"https:\/\/shopatoa.com\/ro\/renovality-original-series-renolips-ulei-pentru-buze-10-ml\/\" \/>\n<meta property=\"og:locale\" content=\"ro_RO\" \/>\n<meta property=\"og:type\" content=\"article\" \/>\n<meta property=\"og:title\" content=\"Renovality Original Series Renolips ulei pentru buze 10 ml - SHOPATOA.COM\" \/>\n<meta property=\"og:description\" content=\"Renovality Original Series Renolips, 10 ml, Cre\u0219terea buzelor pentru femei, Zona buzelor are propriile particularit\u0103\u021bi. De exemplu, este una dintre zonele \u00een care tind s\u0103 apar\u0103 semnele de \u00eemb\u0103tr\u00e2nire \u0219i irita\u021biile. Prin urmare, \u00eengrijirea Renovality Original Series Renolips este dezvoltat\u0103 \u00een a\u0219a fel \u00eenc\u00e2t s\u0103 r\u0103spund\u0103 nevoilor specifice ale tenului delicat din aceast\u0103 zon\u0103. Ofer\u0103...\" \/>\n<meta property=\"og:url\" content=\"https:\/\/shopatoa.com\/ro\/renovality-original-series-renolips-ulei-pentru-buze-10-ml\/\" \/>\n<meta property=\"og:site_name\" content=\"SHOPATOA\" \/>\n<meta property=\"article:modified_time\" content=\"2025-12-14T13:23:38+00:00\" \/>\n<meta property=\"og:image\" content=\"https:\/\/storage.googleapis.com\/cz-shopatoa-img\/ro\/9bfd47d2-unnamed-file.webp\" \/>\n\t<meta property=\"og:image:width\" content=\"800\" \/>\n\t<meta property=\"og:image:height\" content=\"800\" \/>\n\t<meta property=\"og:image:type\" content=\"image\/webp\" \/>\n<meta name=\"twitter:card\" content=\"summary_large_image\" \/>\n<meta name=\"twitter:label1\" content=\"Timp estimat pentru citire\" \/>\n\t<meta name=\"twitter:data1\" content=\"1 minut\" \/>\n<script type=\"application\/ld+json\" class=\"yoast-schema-graph\">{\"@context\":\"https:\\\/\\\/schema.org\",\"@graph\":[{\"@type\":\"WebPage\",\"@id\":\"https:\\\/\\\/shopatoa.com\\\/ro\\\/renovality-original-series-renolips-ulei-pentru-buze-10-ml\\\/\",\"url\":\"https:\\\/\\\/shopatoa.com\\\/ro\\\/renovality-original-series-renolips-ulei-pentru-buze-10-ml\\\/\",\"name\":\"Renovality Original Series Renolips ulei pentru buze 10 ml - SHOPATOA.COM\",\"isPartOf\":{\"@id\":\"https:\\\/\\\/shopatoa.com\\\/ro\\\/#website\"},\"primaryImageOfPage\":{\"@id\":\"https:\\\/\\\/shopatoa.com\\\/ro\\\/renovality-original-series-renolips-ulei-pentru-buze-10-ml\\\/#primaryimage\"},\"image\":{\"@id\":\"https:\\\/\\\/shopatoa.com\\\/ro\\\/renovality-original-series-renolips-ulei-pentru-buze-10-ml\\\/#primaryimage\"},\"thumbnailUrl\":\"https:\\\/\\\/storage.googleapis.com\\\/cz-shopatoa-img\\\/ro\\\/9bfd47d2-unnamed-file.webp\",\"datePublished\":\"2025-06-17T02:01:17+00:00\",\"dateModified\":\"2025-12-14T13:23:38+00:00\",\"breadcrumb\":{\"@id\":\"https:\\\/\\\/shopatoa.com\\\/ro\\\/renovality-original-series-renolips-ulei-pentru-buze-10-ml\\\/#breadcrumb\"},\"inLanguage\":\"ro-RO\",\"potentialAction\":[{\"@type\":\"ReadAction\",\"target\":[\"https:\\\/\\\/shopatoa.com\\\/ro\\\/renovality-original-series-renolips-ulei-pentru-buze-10-ml\\\/\"]}]},{\"@type\":\"ImageObject\",\"inLanguage\":\"ro-RO\",\"@id\":\"https:\\\/\\\/shopatoa.com\\\/ro\\\/renovality-original-series-renolips-ulei-pentru-buze-10-ml\\\/#primaryimage\",\"url\":\"https:\\\/\\\/storage.googleapis.com\\\/cz-shopatoa-img\\\/ro\\\/9bfd47d2-unnamed-file.webp\",\"contentUrl\":\"https:\\\/\\\/storage.googleapis.com\\\/cz-shopatoa-img\\\/ro\\\/9bfd47d2-unnamed-file.webp\",\"width\":800,\"height\":800},{\"@type\":\"BreadcrumbList\",\"@id\":\"https:\\\/\\\/shopatoa.com\\\/ro\\\/renovality-original-series-renolips-ulei-pentru-buze-10-ml\\\/#breadcrumb\",\"itemListElement\":[{\"@type\":\"ListItem\",\"position\":1,\"name\":\"Dom\u016f\",\"item\":\"https:\\\/\\\/shopatoa.com\\\/ro\\\/\"},{\"@type\":\"ListItem\",\"position\":2,\"name\":\"Shop\",\"item\":\"https:\\\/\\\/shopatoa.com\\\/ro\\\/shop\\\/\"},{\"@type\":\"ListItem\",\"position\":3,\"name\":\"S\u0103n\u0103tate \u0219i frumuse\u021be\",\"item\":\"https:\\\/\\\/shopatoa.com\\\/ro\\\/sanatate-si-frumusete\\\/\"},{\"@type\":\"ListItem\",\"position\":4,\"name\":\"\u00cengrijire personal\u0103\",\"item\":\"https:\\\/\\\/shopatoa.com\\\/ro\\\/ingrijire-personala\\\/\"},{\"@type\":\"ListItem\",\"position\":5,\"name\":\"Cosmetice\",\"item\":\"https:\\\/\\\/shopatoa.com\\\/ro\\\/cosmetice-ingrijire-personala\\\/\"},{\"@type\":\"ListItem\",\"position\":6,\"name\":\"\u00cengrijirea pielii\",\"item\":\"https:\\\/\\\/shopatoa.com\\\/ro\\\/ingrijirea-pielii\\\/\"},{\"@type\":\"ListItem\",\"position\":7,\"name\":\"Balsamuri \u0219i tratamente pentru buze\",\"item\":\"https:\\\/\\\/shopatoa.com\\\/ro\\\/balsamuri-si-tratamente-pentru-buze\\\/\"},{\"@type\":\"ListItem\",\"position\":8,\"name\":\"Renovality Original Series Renolips ulei pentru buze 10 ml\"}]},{\"@type\":\"WebSite\",\"@id\":\"https:\\\/\\\/shopatoa.com\\\/ro\\\/#website\",\"url\":\"https:\\\/\\\/shopatoa.com\\\/ro\\\/\",\"name\":\"SHOPATOA\",\"description\":\"\",\"publisher\":{\"@id\":\"https:\\\/\\\/shopatoa.com\\\/ro\\\/#organization\"},\"potentialAction\":[{\"@type\":\"SearchAction\",\"target\":{\"@type\":\"EntryPoint\",\"urlTemplate\":\"https:\\\/\\\/shopatoa.com\\\/ro\\\/?s={search_term_string}\"},\"query-input\":{\"@type\":\"PropertyValueSpecification\",\"valueRequired\":true,\"valueName\":\"search_term_string\"}}],\"inLanguage\":\"ro-RO\"},{\"@type\":\"Organization\",\"@id\":\"https:\\\/\\\/shopatoa.com\\\/ro\\\/#organization\",\"name\":\"SHOPATOA\",\"url\":\"https:\\\/\\\/shopatoa.com\\\/ro\\\/\",\"logo\":{\"@type\":\"ImageObject\",\"inLanguage\":\"ro-RO\",\"@id\":\"https:\\\/\\\/shopatoa.com\\\/ro\\\/#\\\/schema\\\/logo\\\/image\\\/\",\"url\":\"https:\\\/\\\/storage.googleapis.com\\\/cz-shopatoa-img\\\/ro\\\/b4dac915-shopatoa_logo.png\",\"contentUrl\":\"https:\\\/\\\/storage.googleapis.com\\\/cz-shopatoa-img\\\/ro\\\/b4dac915-shopatoa_logo.png\",\"width\":416,\"height\":63,\"caption\":\"SHOPATOA\"},\"image\":{\"@id\":\"https:\\\/\\\/shopatoa.com\\\/ro\\\/#\\\/schema\\\/logo\\\/image\\\/\"}}]}<\/script>\n<!-- \/ Yoast SEO plugin. -->","yoast_head_json":{"title":"Renovality Original Series Renolips ulei pentru buze 10 ml - SHOPATOA.COM","robots":{"index":"index","follow":"follow","max-snippet":"max-snippet:-1","max-image-preview":"max-image-preview:large","max-video-preview":"max-video-preview:-1"},"canonical":"https:\/\/shopatoa.com\/ro\/renovality-original-series-renolips-ulei-pentru-buze-10-ml\/","og_locale":"ro_RO","og_type":"article","og_title":"Renovality Original Series Renolips ulei pentru buze 10 ml - SHOPATOA.COM","og_description":"Renovality Original Series Renolips, 10 ml, Cre\u0219terea buzelor pentru femei, Zona buzelor are propriile particularit\u0103\u021bi. De exemplu, este una dintre zonele \u00een care tind s\u0103 apar\u0103 semnele de \u00eemb\u0103tr\u00e2nire \u0219i irita\u021biile. Prin urmare, \u00eengrijirea Renovality Original Series Renolips este dezvoltat\u0103 \u00een a\u0219a fel \u00eenc\u00e2t s\u0103 r\u0103spund\u0103 nevoilor specifice ale tenului delicat din aceast\u0103 zon\u0103. Ofer\u0103...","og_url":"https:\/\/shopatoa.com\/ro\/renovality-original-series-renolips-ulei-pentru-buze-10-ml\/","og_site_name":"SHOPATOA","article_modified_time":"2025-12-14T13:23:38+00:00","og_image":[{"width":800,"height":800,"url":"https:\/\/storage.googleapis.com\/cz-shopatoa-img\/ro\/9bfd47d2-unnamed-file.webp","type":"image\/webp"}],"twitter_card":"summary_large_image","twitter_misc":{"Timp estimat pentru citire":"1 minut"},"schema":{"@context":"https:\/\/schema.org","@graph":[{"@type":"WebPage","@id":"https:\/\/shopatoa.com\/ro\/renovality-original-series-renolips-ulei-pentru-buze-10-ml\/","url":"https:\/\/shopatoa.com\/ro\/renovality-original-series-renolips-ulei-pentru-buze-10-ml\/","name":"Renovality Original Series Renolips ulei pentru buze 10 ml - SHOPATOA.COM","isPartOf":{"@id":"https:\/\/shopatoa.com\/ro\/#website"},"primaryImageOfPage":{"@id":"https:\/\/shopatoa.com\/ro\/renovality-original-series-renolips-ulei-pentru-buze-10-ml\/#primaryimage"},"image":{"@id":"https:\/\/shopatoa.com\/ro\/renovality-original-series-renolips-ulei-pentru-buze-10-ml\/#primaryimage"},"thumbnailUrl":"https:\/\/storage.googleapis.com\/cz-shopatoa-img\/ro\/9bfd47d2-unnamed-file.webp","datePublished":"2025-06-17T02:01:17+00:00","dateModified":"2025-12-14T13:23:38+00:00","breadcrumb":{"@id":"https:\/\/shopatoa.com\/ro\/renovality-original-series-renolips-ulei-pentru-buze-10-ml\/#breadcrumb"},"inLanguage":"ro-RO","potentialAction":[{"@type":"ReadAction","target":["https:\/\/shopatoa.com\/ro\/renovality-original-series-renolips-ulei-pentru-buze-10-ml\/"]}]},{"@type":"ImageObject","inLanguage":"ro-RO","@id":"https:\/\/shopatoa.com\/ro\/renovality-original-series-renolips-ulei-pentru-buze-10-ml\/#primaryimage","url":"https:\/\/storage.googleapis.com\/cz-shopatoa-img\/ro\/9bfd47d2-unnamed-file.webp","contentUrl":"https:\/\/storage.googleapis.com\/cz-shopatoa-img\/ro\/9bfd47d2-unnamed-file.webp","width":800,"height":800},{"@type":"BreadcrumbList","@id":"https:\/\/shopatoa.com\/ro\/renovality-original-series-renolips-ulei-pentru-buze-10-ml\/#breadcrumb","itemListElement":[{"@type":"ListItem","position":1,"name":"Dom\u016f","item":"https:\/\/shopatoa.com\/ro\/"},{"@type":"ListItem","position":2,"name":"Shop","item":"https:\/\/shopatoa.com\/ro\/shop\/"},{"@type":"ListItem","position":3,"name":"S\u0103n\u0103tate \u0219i frumuse\u021be","item":"https:\/\/shopatoa.com\/ro\/sanatate-si-frumusete\/"},{"@type":"ListItem","position":4,"name":"\u00cengrijire personal\u0103","item":"https:\/\/shopatoa.com\/ro\/ingrijire-personala\/"},{"@type":"ListItem","position":5,"name":"Cosmetice","item":"https:\/\/shopatoa.com\/ro\/cosmetice-ingrijire-personala\/"},{"@type":"ListItem","position":6,"name":"\u00cengrijirea pielii","item":"https:\/\/shopatoa.com\/ro\/ingrijirea-pielii\/"},{"@type":"ListItem","position":7,"name":"Balsamuri \u0219i tratamente pentru buze","item":"https:\/\/shopatoa.com\/ro\/balsamuri-si-tratamente-pentru-buze\/"},{"@type":"ListItem","position":8,"name":"Renovality Original Series Renolips ulei pentru buze 10 ml"}]},{"@type":"WebSite","@id":"https:\/\/shopatoa.com\/ro\/#website","url":"https:\/\/shopatoa.com\/ro\/","name":"SHOPATOA","description":"","publisher":{"@id":"https:\/\/shopatoa.com\/ro\/#organization"},"potentialAction":[{"@type":"SearchAction","target":{"@type":"EntryPoint","urlTemplate":"https:\/\/shopatoa.com\/ro\/?s={search_term_string}"},"query-input":{"@type":"PropertyValueSpecification","valueRequired":true,"valueName":"search_term_string"}}],"inLanguage":"ro-RO"},{"@type":"Organization","@id":"https:\/\/shopatoa.com\/ro\/#organization","name":"SHOPATOA","url":"https:\/\/shopatoa.com\/ro\/","logo":{"@type":"ImageObject","inLanguage":"ro-RO","@id":"https:\/\/shopatoa.com\/ro\/#\/schema\/logo\/image\/","url":"https:\/\/storage.googleapis.com\/cz-shopatoa-img\/ro\/b4dac915-shopatoa_logo.png","contentUrl":"https:\/\/storage.googleapis.com\/cz-shopatoa-img\/ro\/b4dac915-shopatoa_logo.png","width":416,"height":63,"caption":"SHOPATOA"},"image":{"@id":"https:\/\/shopatoa.com\/ro\/#\/schema\/logo\/image\/"}}]}},"_links":{"self":[{"href":"https:\/\/shopatoa.com\/ro\/wp-json\/wp\/v2\/product\/393012","targetHints":{"allow":["GET"]}}],"collection":[{"href":"https:\/\/shopatoa.com\/ro\/wp-json\/wp\/v2\/product"}],"about":[{"href":"https:\/\/shopatoa.com\/ro\/wp-json\/wp\/v2\/types\/product"}],"replies":[{"embeddable":true,"href":"https:\/\/shopatoa.com\/ro\/wp-json\/wp\/v2\/comments?post=393012"}],"wp:featuredmedia":[{"embeddable":true,"href":"https:\/\/shopatoa.com\/ro\/wp-json\/wp\/v2\/media\/393013"}],"wp:attachment":[{"href":"https:\/\/shopatoa.com\/ro\/wp-json\/wp\/v2\/media?parent=393012"}],"wp:term":[{"taxonomy":"product_brand","embeddable":true,"href":"https:\/\/shopatoa.com\/ro\/wp-json\/wp\/v2\/product_brand?post=393012"},{"taxonomy":"product_cat","embeddable":true,"href":"https:\/\/shopatoa.com\/ro\/wp-json\/wp\/v2\/product_cat?post=393012"},{"taxonomy":"product_tag","embeddable":true,"href":"https:\/\/shopatoa.com\/ro\/wp-json\/wp\/v2\/product_tag?post=393012"}],"curies":[{"name":"wp","href":"https:\/\/api.w.org\/{rel}","templated":true}]}}