{"id":393026,"date":"2025-06-17T04:02:54","date_gmt":"2025-06-17T02:02:54","guid":{"rendered":"https:\/\/shopatoa.com\/ro\/oclean-air-2t-seturi-pentru-voiaj-pentru-dinti-green\/"},"modified":"2025-12-14T14:14:25","modified_gmt":"2025-12-14T13:14:25","slug":"oclean-air-2t-seturi-pentru-voiaj-pentru-dinti-green","status":"publish","type":"product","link":"https:\/\/shopatoa.com\/ro\/oclean-air-2t-seturi-pentru-voiaj-pentru-dinti-green\/","title":{"rendered":"Oclean Air 2T Seturi pentru voiaj pentru dinti Green"},"content":{"rendered":"<p>Oclean Air 2T, Periute de dinti Sonicare unisex, Din\u021bii s\u0103n\u0103to\u0219i \u0219i albi sunt cei mai frumo\u0219i. Setul de cosmetice Oclean Air 2T v\u0103 ofer\u0103 \u00eengrijirea necesar\u0103 pentru din\u021bi frumo\u0219i, datorit\u0103 c\u0103rora ve\u021bi dori s\u0103 z\u00e2mbi\u021bi mereu.  Setul con\u021bine:  Oclean Air 2T Green periuta de dinti electrica sonica 1 buc Geanta pentru calatorio 1 buc  Caracteristici:  cur\u0103\u021b\u0103 eficient chiar \u0219i spa\u021biile interdentare \u00eembun\u0103t\u0103\u021be\u0219te s\u0103n\u0103tatea gingiilor faciliteaz\u0103 accesul la zona din spate a danturii ajut\u0103 la \u00eentre\u021binerea unor din\u021bi mai albi, \u00een mod natural cu timer \u00eencorporat \u00eenc\u0103rcare USB  Cum se utilizeaz\u0103: Se vor urma instruc\u021biunile de utilizare incluse.<\/p>\n","protected":false},"excerpt":{"rendered":"<p>Oclean Air 2T, Periute de dinti Sonicare unisex, Din\u021bii s\u0103n\u0103to\u0219i \u0219i albi sunt cei mai frumo\u0219i. Setul de cosmetice Oclean Air 2T v\u0103 ofer\u0103 \u00eengrijirea necesar\u0103 pentru din\u021bi frumo\u0219i, datorit\u0103 c\u0103rora ve\u021bi dori s\u0103 z\u00e2mbi\u021bi mereu. Setul con\u021bine: Oclean Air 2T Green periuta de dinti electrica sonica 1 buc Geanta pentru calatorio 1 buc Caracteristici:&#8230;<\/p>\n","protected":false},"featured_media":393027,"comment_status":"closed","ping_status":"open","template":"","meta":{"_acf_changed":false,"_kadence_starter_templates_imported_post":false,"_kad_post_transparent":"","_kad_post_title":"","_kad_post_layout":"","_kad_post_sidebar_id":"","_kad_post_content_style":"","_kad_post_vertical_padding":"","_kad_post_feature":"","_kad_post_feature_position":"","_kad_post_header":false,"_kad_post_footer":false,"_kad_post_classname":""},"product_brand":[1062],"product_cat":[1564,1563,1562,1651],"product_tag":[],"class_list":{"0":"post-393026","1":"product","2":"type-product","3":"status-publish","4":"has-post-thumbnail","6":"product_brand-oclean","7":"product_cat-cosmetice-ingrijire-personala","8":"product_cat-ingrijire-personala","9":"product_cat-sanatate-si-frumusete","10":"product_cat-seturi-cosmetice","11":"pa_gen-unisex","13":"first","14":"instock","15":"sale","16":"product-type-external","17":"entry","18":"content-bg","19":"loop-entry"},"acf":[],"yoast_head":"<!-- This site is optimized with the Yoast SEO plugin v27.4 - https:\/\/yoast.com\/product\/yoast-seo-wordpress\/ -->\n<title>Oclean Air 2T Seturi pentru voiaj pentru dinti Green - SHOPATOA.COM<\/title>\n<meta name=\"robots\" content=\"index, follow, max-snippet:-1, max-image-preview:large, max-video-preview:-1\" \/>\n<link rel=\"canonical\" href=\"https:\/\/shopatoa.com\/ro\/oclean-air-2t-seturi-pentru-voiaj-pentru-dinti-green\/\" \/>\n<meta property=\"og:locale\" content=\"ro_RO\" \/>\n<meta property=\"og:type\" content=\"article\" \/>\n<meta property=\"og:title\" content=\"Oclean Air 2T Seturi pentru voiaj pentru dinti Green - SHOPATOA.COM\" \/>\n<meta property=\"og:description\" content=\"Oclean Air 2T, Periute de dinti Sonicare unisex, Din\u021bii s\u0103n\u0103to\u0219i \u0219i albi sunt cei mai frumo\u0219i. Setul de cosmetice Oclean Air 2T v\u0103 ofer\u0103 \u00eengrijirea necesar\u0103 pentru din\u021bi frumo\u0219i, datorit\u0103 c\u0103rora ve\u021bi dori s\u0103 z\u00e2mbi\u021bi mereu. Setul con\u021bine: Oclean Air 2T Green periuta de dinti electrica sonica 1 buc Geanta pentru calatorio 1 buc Caracteristici:...\" \/>\n<meta property=\"og:url\" content=\"https:\/\/shopatoa.com\/ro\/oclean-air-2t-seturi-pentru-voiaj-pentru-dinti-green\/\" \/>\n<meta property=\"og:site_name\" content=\"SHOPATOA\" \/>\n<meta property=\"article:modified_time\" content=\"2025-12-14T13:14:25+00:00\" \/>\n<meta property=\"og:image\" content=\"https:\/\/storage.googleapis.com\/cz-shopatoa-img\/ro\/7fc186a7-unnamed-file.webp\" \/>\n\t<meta property=\"og:image:width\" content=\"800\" \/>\n\t<meta property=\"og:image:height\" content=\"800\" \/>\n\t<meta property=\"og:image:type\" content=\"image\/webp\" \/>\n<meta name=\"twitter:card\" content=\"summary_large_image\" \/>\n<meta name=\"twitter:label1\" content=\"Timp estimat pentru citire\" \/>\n\t<meta name=\"twitter:data1\" content=\"1 minut\" \/>\n<script type=\"application\/ld+json\" class=\"yoast-schema-graph\">{\"@context\":\"https:\\\/\\\/schema.org\",\"@graph\":[{\"@type\":\"WebPage\",\"@id\":\"https:\\\/\\\/shopatoa.com\\\/ro\\\/oclean-air-2t-seturi-pentru-voiaj-pentru-dinti-green\\\/\",\"url\":\"https:\\\/\\\/shopatoa.com\\\/ro\\\/oclean-air-2t-seturi-pentru-voiaj-pentru-dinti-green\\\/\",\"name\":\"Oclean Air 2T Seturi pentru voiaj pentru dinti Green - SHOPATOA.COM\",\"isPartOf\":{\"@id\":\"https:\\\/\\\/shopatoa.com\\\/ro\\\/#website\"},\"primaryImageOfPage\":{\"@id\":\"https:\\\/\\\/shopatoa.com\\\/ro\\\/oclean-air-2t-seturi-pentru-voiaj-pentru-dinti-green\\\/#primaryimage\"},\"image\":{\"@id\":\"https:\\\/\\\/shopatoa.com\\\/ro\\\/oclean-air-2t-seturi-pentru-voiaj-pentru-dinti-green\\\/#primaryimage\"},\"thumbnailUrl\":\"https:\\\/\\\/storage.googleapis.com\\\/cz-shopatoa-img\\\/ro\\\/7fc186a7-unnamed-file.webp\",\"datePublished\":\"2025-06-17T02:02:54+00:00\",\"dateModified\":\"2025-12-14T13:14:25+00:00\",\"breadcrumb\":{\"@id\":\"https:\\\/\\\/shopatoa.com\\\/ro\\\/oclean-air-2t-seturi-pentru-voiaj-pentru-dinti-green\\\/#breadcrumb\"},\"inLanguage\":\"ro-RO\",\"potentialAction\":[{\"@type\":\"ReadAction\",\"target\":[\"https:\\\/\\\/shopatoa.com\\\/ro\\\/oclean-air-2t-seturi-pentru-voiaj-pentru-dinti-green\\\/\"]}]},{\"@type\":\"ImageObject\",\"inLanguage\":\"ro-RO\",\"@id\":\"https:\\\/\\\/shopatoa.com\\\/ro\\\/oclean-air-2t-seturi-pentru-voiaj-pentru-dinti-green\\\/#primaryimage\",\"url\":\"https:\\\/\\\/storage.googleapis.com\\\/cz-shopatoa-img\\\/ro\\\/7fc186a7-unnamed-file.webp\",\"contentUrl\":\"https:\\\/\\\/storage.googleapis.com\\\/cz-shopatoa-img\\\/ro\\\/7fc186a7-unnamed-file.webp\",\"width\":800,\"height\":800},{\"@type\":\"BreadcrumbList\",\"@id\":\"https:\\\/\\\/shopatoa.com\\\/ro\\\/oclean-air-2t-seturi-pentru-voiaj-pentru-dinti-green\\\/#breadcrumb\",\"itemListElement\":[{\"@type\":\"ListItem\",\"position\":1,\"name\":\"Dom\u016f\",\"item\":\"https:\\\/\\\/shopatoa.com\\\/ro\\\/\"},{\"@type\":\"ListItem\",\"position\":2,\"name\":\"Shop\",\"item\":\"https:\\\/\\\/shopatoa.com\\\/ro\\\/shop\\\/\"},{\"@type\":\"ListItem\",\"position\":3,\"name\":\"S\u0103n\u0103tate \u0219i frumuse\u021be\",\"item\":\"https:\\\/\\\/shopatoa.com\\\/ro\\\/sanatate-si-frumusete\\\/\"},{\"@type\":\"ListItem\",\"position\":4,\"name\":\"\u00cengrijire personal\u0103\",\"item\":\"https:\\\/\\\/shopatoa.com\\\/ro\\\/ingrijire-personala\\\/\"},{\"@type\":\"ListItem\",\"position\":5,\"name\":\"Cosmetice\",\"item\":\"https:\\\/\\\/shopatoa.com\\\/ro\\\/cosmetice-ingrijire-personala\\\/\"},{\"@type\":\"ListItem\",\"position\":6,\"name\":\"Seturi cosmetice\",\"item\":\"https:\\\/\\\/shopatoa.com\\\/ro\\\/seturi-cosmetice\\\/\"},{\"@type\":\"ListItem\",\"position\":7,\"name\":\"Oclean Air 2T Seturi pentru voiaj pentru dinti Green\"}]},{\"@type\":\"WebSite\",\"@id\":\"https:\\\/\\\/shopatoa.com\\\/ro\\\/#website\",\"url\":\"https:\\\/\\\/shopatoa.com\\\/ro\\\/\",\"name\":\"SHOPATOA\",\"description\":\"\",\"publisher\":{\"@id\":\"https:\\\/\\\/shopatoa.com\\\/ro\\\/#organization\"},\"potentialAction\":[{\"@type\":\"SearchAction\",\"target\":{\"@type\":\"EntryPoint\",\"urlTemplate\":\"https:\\\/\\\/shopatoa.com\\\/ro\\\/?s={search_term_string}\"},\"query-input\":{\"@type\":\"PropertyValueSpecification\",\"valueRequired\":true,\"valueName\":\"search_term_string\"}}],\"inLanguage\":\"ro-RO\"},{\"@type\":\"Organization\",\"@id\":\"https:\\\/\\\/shopatoa.com\\\/ro\\\/#organization\",\"name\":\"SHOPATOA\",\"url\":\"https:\\\/\\\/shopatoa.com\\\/ro\\\/\",\"logo\":{\"@type\":\"ImageObject\",\"inLanguage\":\"ro-RO\",\"@id\":\"https:\\\/\\\/shopatoa.com\\\/ro\\\/#\\\/schema\\\/logo\\\/image\\\/\",\"url\":\"https:\\\/\\\/storage.googleapis.com\\\/cz-shopatoa-img\\\/ro\\\/b4dac915-shopatoa_logo.png\",\"contentUrl\":\"https:\\\/\\\/storage.googleapis.com\\\/cz-shopatoa-img\\\/ro\\\/b4dac915-shopatoa_logo.png\",\"width\":416,\"height\":63,\"caption\":\"SHOPATOA\"},\"image\":{\"@id\":\"https:\\\/\\\/shopatoa.com\\\/ro\\\/#\\\/schema\\\/logo\\\/image\\\/\"}}]}<\/script>\n<!-- \/ Yoast SEO plugin. -->","yoast_head_json":{"title":"Oclean Air 2T Seturi pentru voiaj pentru dinti Green - SHOPATOA.COM","robots":{"index":"index","follow":"follow","max-snippet":"max-snippet:-1","max-image-preview":"max-image-preview:large","max-video-preview":"max-video-preview:-1"},"canonical":"https:\/\/shopatoa.com\/ro\/oclean-air-2t-seturi-pentru-voiaj-pentru-dinti-green\/","og_locale":"ro_RO","og_type":"article","og_title":"Oclean Air 2T Seturi pentru voiaj pentru dinti Green - SHOPATOA.COM","og_description":"Oclean Air 2T, Periute de dinti Sonicare unisex, Din\u021bii s\u0103n\u0103to\u0219i \u0219i albi sunt cei mai frumo\u0219i. Setul de cosmetice Oclean Air 2T v\u0103 ofer\u0103 \u00eengrijirea necesar\u0103 pentru din\u021bi frumo\u0219i, datorit\u0103 c\u0103rora ve\u021bi dori s\u0103 z\u00e2mbi\u021bi mereu. Setul con\u021bine: Oclean Air 2T Green periuta de dinti electrica sonica 1 buc Geanta pentru calatorio 1 buc Caracteristici:...","og_url":"https:\/\/shopatoa.com\/ro\/oclean-air-2t-seturi-pentru-voiaj-pentru-dinti-green\/","og_site_name":"SHOPATOA","article_modified_time":"2025-12-14T13:14:25+00:00","og_image":[{"width":800,"height":800,"url":"https:\/\/storage.googleapis.com\/cz-shopatoa-img\/ro\/7fc186a7-unnamed-file.webp","type":"image\/webp"}],"twitter_card":"summary_large_image","twitter_misc":{"Timp estimat pentru citire":"1 minut"},"schema":{"@context":"https:\/\/schema.org","@graph":[{"@type":"WebPage","@id":"https:\/\/shopatoa.com\/ro\/oclean-air-2t-seturi-pentru-voiaj-pentru-dinti-green\/","url":"https:\/\/shopatoa.com\/ro\/oclean-air-2t-seturi-pentru-voiaj-pentru-dinti-green\/","name":"Oclean Air 2T Seturi pentru voiaj pentru dinti Green - SHOPATOA.COM","isPartOf":{"@id":"https:\/\/shopatoa.com\/ro\/#website"},"primaryImageOfPage":{"@id":"https:\/\/shopatoa.com\/ro\/oclean-air-2t-seturi-pentru-voiaj-pentru-dinti-green\/#primaryimage"},"image":{"@id":"https:\/\/shopatoa.com\/ro\/oclean-air-2t-seturi-pentru-voiaj-pentru-dinti-green\/#primaryimage"},"thumbnailUrl":"https:\/\/storage.googleapis.com\/cz-shopatoa-img\/ro\/7fc186a7-unnamed-file.webp","datePublished":"2025-06-17T02:02:54+00:00","dateModified":"2025-12-14T13:14:25+00:00","breadcrumb":{"@id":"https:\/\/shopatoa.com\/ro\/oclean-air-2t-seturi-pentru-voiaj-pentru-dinti-green\/#breadcrumb"},"inLanguage":"ro-RO","potentialAction":[{"@type":"ReadAction","target":["https:\/\/shopatoa.com\/ro\/oclean-air-2t-seturi-pentru-voiaj-pentru-dinti-green\/"]}]},{"@type":"ImageObject","inLanguage":"ro-RO","@id":"https:\/\/shopatoa.com\/ro\/oclean-air-2t-seturi-pentru-voiaj-pentru-dinti-green\/#primaryimage","url":"https:\/\/storage.googleapis.com\/cz-shopatoa-img\/ro\/7fc186a7-unnamed-file.webp","contentUrl":"https:\/\/storage.googleapis.com\/cz-shopatoa-img\/ro\/7fc186a7-unnamed-file.webp","width":800,"height":800},{"@type":"BreadcrumbList","@id":"https:\/\/shopatoa.com\/ro\/oclean-air-2t-seturi-pentru-voiaj-pentru-dinti-green\/#breadcrumb","itemListElement":[{"@type":"ListItem","position":1,"name":"Dom\u016f","item":"https:\/\/shopatoa.com\/ro\/"},{"@type":"ListItem","position":2,"name":"Shop","item":"https:\/\/shopatoa.com\/ro\/shop\/"},{"@type":"ListItem","position":3,"name":"S\u0103n\u0103tate \u0219i frumuse\u021be","item":"https:\/\/shopatoa.com\/ro\/sanatate-si-frumusete\/"},{"@type":"ListItem","position":4,"name":"\u00cengrijire personal\u0103","item":"https:\/\/shopatoa.com\/ro\/ingrijire-personala\/"},{"@type":"ListItem","position":5,"name":"Cosmetice","item":"https:\/\/shopatoa.com\/ro\/cosmetice-ingrijire-personala\/"},{"@type":"ListItem","position":6,"name":"Seturi cosmetice","item":"https:\/\/shopatoa.com\/ro\/seturi-cosmetice\/"},{"@type":"ListItem","position":7,"name":"Oclean Air 2T Seturi pentru voiaj pentru dinti Green"}]},{"@type":"WebSite","@id":"https:\/\/shopatoa.com\/ro\/#website","url":"https:\/\/shopatoa.com\/ro\/","name":"SHOPATOA","description":"","publisher":{"@id":"https:\/\/shopatoa.com\/ro\/#organization"},"potentialAction":[{"@type":"SearchAction","target":{"@type":"EntryPoint","urlTemplate":"https:\/\/shopatoa.com\/ro\/?s={search_term_string}"},"query-input":{"@type":"PropertyValueSpecification","valueRequired":true,"valueName":"search_term_string"}}],"inLanguage":"ro-RO"},{"@type":"Organization","@id":"https:\/\/shopatoa.com\/ro\/#organization","name":"SHOPATOA","url":"https:\/\/shopatoa.com\/ro\/","logo":{"@type":"ImageObject","inLanguage":"ro-RO","@id":"https:\/\/shopatoa.com\/ro\/#\/schema\/logo\/image\/","url":"https:\/\/storage.googleapis.com\/cz-shopatoa-img\/ro\/b4dac915-shopatoa_logo.png","contentUrl":"https:\/\/storage.googleapis.com\/cz-shopatoa-img\/ro\/b4dac915-shopatoa_logo.png","width":416,"height":63,"caption":"SHOPATOA"},"image":{"@id":"https:\/\/shopatoa.com\/ro\/#\/schema\/logo\/image\/"}}]}},"_links":{"self":[{"href":"https:\/\/shopatoa.com\/ro\/wp-json\/wp\/v2\/product\/393026","targetHints":{"allow":["GET"]}}],"collection":[{"href":"https:\/\/shopatoa.com\/ro\/wp-json\/wp\/v2\/product"}],"about":[{"href":"https:\/\/shopatoa.com\/ro\/wp-json\/wp\/v2\/types\/product"}],"replies":[{"embeddable":true,"href":"https:\/\/shopatoa.com\/ro\/wp-json\/wp\/v2\/comments?post=393026"}],"wp:featuredmedia":[{"embeddable":true,"href":"https:\/\/shopatoa.com\/ro\/wp-json\/wp\/v2\/media\/393027"}],"wp:attachment":[{"href":"https:\/\/shopatoa.com\/ro\/wp-json\/wp\/v2\/media?parent=393026"}],"wp:term":[{"taxonomy":"product_brand","embeddable":true,"href":"https:\/\/shopatoa.com\/ro\/wp-json\/wp\/v2\/product_brand?post=393026"},{"taxonomy":"product_cat","embeddable":true,"href":"https:\/\/shopatoa.com\/ro\/wp-json\/wp\/v2\/product_cat?post=393026"},{"taxonomy":"product_tag","embeddable":true,"href":"https:\/\/shopatoa.com\/ro\/wp-json\/wp\/v2\/product_tag?post=393026"}],"curies":[{"name":"wp","href":"https:\/\/api.w.org\/{rel}","templated":true}]}}