{"id":393366,"date":"2025-06-17T04:42:52","date_gmt":"2025-06-17T02:42:52","guid":{"rendered":"https:\/\/shopatoa.com\/ro\/apis-natural-cosmetics-cocoa-cleansing-emulsie-demachianta-cu-unt-de-cacao-40-g\/"},"modified":"2025-12-08T11:33:49","modified_gmt":"2025-12-08T10:33:49","slug":"apis-natural-cosmetics-cocoa-cleansing-emulsie-demachianta-cu-unt-de-cacao-40-g","status":"publish","type":"product","link":"https:\/\/shopatoa.com\/ro\/apis-natural-cosmetics-cocoa-cleansing-emulsie-demachianta-cu-unt-de-cacao-40-g\/","title":{"rendered":"Apis Natural Cosmetics Cocoa Cleansing emulsie demachianta cu unt de cacao 40 g"},"content":{"rendered":"<p>Apis Natural Cosmetics Cocoa Cleansing, 40 g, Cur\u0103\u021barea pielii pentru femei, Produsul demachiant Apis Natural Cosmetics Cocoa Cleansing \u00eenl\u0103tur\u0103 perfect fondul de ten \u0219i impurit\u0103\u021bile, l\u0103s\u00e2nd tenul neted \u0219i curat.  Caracteristici:  \u00eenl\u0103tur\u0103 eficient fondul de ten fe\u021bei demachiaz\u0103 perfect toate tipurile de fond de ten pentru ochi hidrateaz\u0103 \u0219i catifeleaz\u0103 tenul hr\u0103ne\u0219te tenul tenul este moale \u0219i catifelat la atingere  Cum se utilizeaz\u0103: Se aplic\u0103 pe fa\u021ba uscat\u0103, prin masaj delicat, \u0219i se cl\u0103te\u0219te atent cu ap\u0103.<\/p>\n","protected":false},"excerpt":{"rendered":"<p>Apis Natural Cosmetics Cocoa Cleansing, 40 g, Cur\u0103\u021barea pielii pentru femei, Produsul demachiant Apis Natural Cosmetics Cocoa Cleansing \u00eenl\u0103tur\u0103 perfect fondul de ten \u0219i impurit\u0103\u021bile, l\u0103s\u00e2nd tenul neted \u0219i curat. Caracteristici: \u00eenl\u0103tur\u0103 eficient fondul de ten fe\u021bei demachiaz\u0103 perfect toate tipurile de fond de ten pentru ochi hidrateaz\u0103 \u0219i catifeleaz\u0103 tenul hr\u0103ne\u0219te tenul tenul este&#8230;<\/p>\n","protected":false},"featured_media":393367,"comment_status":"closed","ping_status":"open","template":"","meta":{"_acf_changed":false,"_kadence_starter_templates_imported_post":false,"_kad_post_transparent":"","_kad_post_title":"","_kad_post_layout":"","_kad_post_sidebar_id":"","_kad_post_content_style":"","_kad_post_vertical_padding":"","_kad_post_feature":"","_kad_post_feature_position":"","_kad_post_header":false,"_kad_post_footer":false,"_kad_post_classname":""},"product_brand":[1714],"product_cat":[1564,1566,1563,1565,1562],"product_tag":[],"class_list":{"0":"post-393366","1":"product","2":"type-product","3":"status-publish","4":"has-post-thumbnail","6":"product_brand-apis-natural-cosmetics","7":"product_cat-cosmetice-ingrijire-personala","8":"product_cat-demachiere","9":"product_cat-ingrijire-personala","10":"product_cat-ingrijirea-pielii","11":"product_cat-sanatate-si-frumusete","12":"pa_gen-female","13":"pa_marime-40-g","15":"first","16":"instock","17":"sale","18":"product-type-external","19":"entry","20":"content-bg","21":"loop-entry"},"acf":[],"yoast_head":"<!-- This site is optimized with the Yoast SEO plugin v27.4 - https:\/\/yoast.com\/product\/yoast-seo-wordpress\/ -->\n<title>Apis Natural Cosmetics Cocoa Cleansing emulsie demachianta cu unt de cacao 40 g - SHOPATOA.COM<\/title>\n<meta name=\"robots\" content=\"index, follow, max-snippet:-1, max-image-preview:large, max-video-preview:-1\" \/>\n<link rel=\"canonical\" href=\"https:\/\/shopatoa.com\/ro\/apis-natural-cosmetics-cocoa-cleansing-emulsie-demachianta-cu-unt-de-cacao-40-g\/\" \/>\n<meta property=\"og:locale\" content=\"ro_RO\" \/>\n<meta property=\"og:type\" content=\"article\" \/>\n<meta property=\"og:title\" content=\"Apis Natural Cosmetics Cocoa Cleansing emulsie demachianta cu unt de cacao 40 g - SHOPATOA.COM\" \/>\n<meta property=\"og:description\" content=\"Apis Natural Cosmetics Cocoa Cleansing, 40 g, Cur\u0103\u021barea pielii pentru femei, Produsul demachiant Apis Natural Cosmetics Cocoa Cleansing \u00eenl\u0103tur\u0103 perfect fondul de ten \u0219i impurit\u0103\u021bile, l\u0103s\u00e2nd tenul neted \u0219i curat. Caracteristici: \u00eenl\u0103tur\u0103 eficient fondul de ten fe\u021bei demachiaz\u0103 perfect toate tipurile de fond de ten pentru ochi hidrateaz\u0103 \u0219i catifeleaz\u0103 tenul hr\u0103ne\u0219te tenul tenul este...\" \/>\n<meta property=\"og:url\" content=\"https:\/\/shopatoa.com\/ro\/apis-natural-cosmetics-cocoa-cleansing-emulsie-demachianta-cu-unt-de-cacao-40-g\/\" \/>\n<meta property=\"og:site_name\" content=\"SHOPATOA\" \/>\n<meta property=\"article:modified_time\" content=\"2025-12-08T10:33:49+00:00\" \/>\n<meta property=\"og:image\" content=\"https:\/\/storage.googleapis.com\/cz-shopatoa-img\/ro\/a707299a-unnamed-file.webp\" \/>\n\t<meta property=\"og:image:width\" content=\"800\" \/>\n\t<meta property=\"og:image:height\" content=\"800\" \/>\n\t<meta property=\"og:image:type\" content=\"image\/webp\" \/>\n<meta name=\"twitter:card\" content=\"summary_large_image\" \/>\n<script type=\"application\/ld+json\" class=\"yoast-schema-graph\">{\"@context\":\"https:\\\/\\\/schema.org\",\"@graph\":[{\"@type\":\"WebPage\",\"@id\":\"https:\\\/\\\/shopatoa.com\\\/ro\\\/apis-natural-cosmetics-cocoa-cleansing-emulsie-demachianta-cu-unt-de-cacao-40-g\\\/\",\"url\":\"https:\\\/\\\/shopatoa.com\\\/ro\\\/apis-natural-cosmetics-cocoa-cleansing-emulsie-demachianta-cu-unt-de-cacao-40-g\\\/\",\"name\":\"Apis Natural Cosmetics Cocoa Cleansing emulsie demachianta cu unt de cacao 40 g - SHOPATOA.COM\",\"isPartOf\":{\"@id\":\"https:\\\/\\\/shopatoa.com\\\/ro\\\/#website\"},\"primaryImageOfPage\":{\"@id\":\"https:\\\/\\\/shopatoa.com\\\/ro\\\/apis-natural-cosmetics-cocoa-cleansing-emulsie-demachianta-cu-unt-de-cacao-40-g\\\/#primaryimage\"},\"image\":{\"@id\":\"https:\\\/\\\/shopatoa.com\\\/ro\\\/apis-natural-cosmetics-cocoa-cleansing-emulsie-demachianta-cu-unt-de-cacao-40-g\\\/#primaryimage\"},\"thumbnailUrl\":\"https:\\\/\\\/storage.googleapis.com\\\/cz-shopatoa-img\\\/ro\\\/a707299a-unnamed-file.webp\",\"datePublished\":\"2025-06-17T02:42:52+00:00\",\"dateModified\":\"2025-12-08T10:33:49+00:00\",\"breadcrumb\":{\"@id\":\"https:\\\/\\\/shopatoa.com\\\/ro\\\/apis-natural-cosmetics-cocoa-cleansing-emulsie-demachianta-cu-unt-de-cacao-40-g\\\/#breadcrumb\"},\"inLanguage\":\"ro-RO\",\"potentialAction\":[{\"@type\":\"ReadAction\",\"target\":[\"https:\\\/\\\/shopatoa.com\\\/ro\\\/apis-natural-cosmetics-cocoa-cleansing-emulsie-demachianta-cu-unt-de-cacao-40-g\\\/\"]}]},{\"@type\":\"ImageObject\",\"inLanguage\":\"ro-RO\",\"@id\":\"https:\\\/\\\/shopatoa.com\\\/ro\\\/apis-natural-cosmetics-cocoa-cleansing-emulsie-demachianta-cu-unt-de-cacao-40-g\\\/#primaryimage\",\"url\":\"https:\\\/\\\/storage.googleapis.com\\\/cz-shopatoa-img\\\/ro\\\/a707299a-unnamed-file.webp\",\"contentUrl\":\"https:\\\/\\\/storage.googleapis.com\\\/cz-shopatoa-img\\\/ro\\\/a707299a-unnamed-file.webp\",\"width\":800,\"height\":800},{\"@type\":\"BreadcrumbList\",\"@id\":\"https:\\\/\\\/shopatoa.com\\\/ro\\\/apis-natural-cosmetics-cocoa-cleansing-emulsie-demachianta-cu-unt-de-cacao-40-g\\\/#breadcrumb\",\"itemListElement\":[{\"@type\":\"ListItem\",\"position\":1,\"name\":\"Dom\u016f\",\"item\":\"https:\\\/\\\/shopatoa.com\\\/ro\\\/\"},{\"@type\":\"ListItem\",\"position\":2,\"name\":\"Shop\",\"item\":\"https:\\\/\\\/shopatoa.com\\\/ro\\\/shop\\\/\"},{\"@type\":\"ListItem\",\"position\":3,\"name\":\"S\u0103n\u0103tate \u0219i frumuse\u021be\",\"item\":\"https:\\\/\\\/shopatoa.com\\\/ro\\\/sanatate-si-frumusete\\\/\"},{\"@type\":\"ListItem\",\"position\":4,\"name\":\"\u00cengrijire personal\u0103\",\"item\":\"https:\\\/\\\/shopatoa.com\\\/ro\\\/ingrijire-personala\\\/\"},{\"@type\":\"ListItem\",\"position\":5,\"name\":\"Cosmetice\",\"item\":\"https:\\\/\\\/shopatoa.com\\\/ro\\\/cosmetice-ingrijire-personala\\\/\"},{\"@type\":\"ListItem\",\"position\":6,\"name\":\"\u00cengrijirea pielii\",\"item\":\"https:\\\/\\\/shopatoa.com\\\/ro\\\/ingrijirea-pielii\\\/\"},{\"@type\":\"ListItem\",\"position\":7,\"name\":\"Demachiere\",\"item\":\"https:\\\/\\\/shopatoa.com\\\/ro\\\/demachiere\\\/\"},{\"@type\":\"ListItem\",\"position\":8,\"name\":\"Apis Natural Cosmetics Cocoa Cleansing emulsie demachianta cu unt de cacao 40 g\"}]},{\"@type\":\"WebSite\",\"@id\":\"https:\\\/\\\/shopatoa.com\\\/ro\\\/#website\",\"url\":\"https:\\\/\\\/shopatoa.com\\\/ro\\\/\",\"name\":\"SHOPATOA\",\"description\":\"\",\"publisher\":{\"@id\":\"https:\\\/\\\/shopatoa.com\\\/ro\\\/#organization\"},\"potentialAction\":[{\"@type\":\"SearchAction\",\"target\":{\"@type\":\"EntryPoint\",\"urlTemplate\":\"https:\\\/\\\/shopatoa.com\\\/ro\\\/?s={search_term_string}\"},\"query-input\":{\"@type\":\"PropertyValueSpecification\",\"valueRequired\":true,\"valueName\":\"search_term_string\"}}],\"inLanguage\":\"ro-RO\"},{\"@type\":\"Organization\",\"@id\":\"https:\\\/\\\/shopatoa.com\\\/ro\\\/#organization\",\"name\":\"SHOPATOA\",\"url\":\"https:\\\/\\\/shopatoa.com\\\/ro\\\/\",\"logo\":{\"@type\":\"ImageObject\",\"inLanguage\":\"ro-RO\",\"@id\":\"https:\\\/\\\/shopatoa.com\\\/ro\\\/#\\\/schema\\\/logo\\\/image\\\/\",\"url\":\"https:\\\/\\\/storage.googleapis.com\\\/cz-shopatoa-img\\\/ro\\\/b4dac915-shopatoa_logo.png\",\"contentUrl\":\"https:\\\/\\\/storage.googleapis.com\\\/cz-shopatoa-img\\\/ro\\\/b4dac915-shopatoa_logo.png\",\"width\":416,\"height\":63,\"caption\":\"SHOPATOA\"},\"image\":{\"@id\":\"https:\\\/\\\/shopatoa.com\\\/ro\\\/#\\\/schema\\\/logo\\\/image\\\/\"}}]}<\/script>\n<!-- \/ Yoast SEO plugin. -->","yoast_head_json":{"title":"Apis Natural Cosmetics Cocoa Cleansing emulsie demachianta cu unt de cacao 40 g - SHOPATOA.COM","robots":{"index":"index","follow":"follow","max-snippet":"max-snippet:-1","max-image-preview":"max-image-preview:large","max-video-preview":"max-video-preview:-1"},"canonical":"https:\/\/shopatoa.com\/ro\/apis-natural-cosmetics-cocoa-cleansing-emulsie-demachianta-cu-unt-de-cacao-40-g\/","og_locale":"ro_RO","og_type":"article","og_title":"Apis Natural Cosmetics Cocoa Cleansing emulsie demachianta cu unt de cacao 40 g - SHOPATOA.COM","og_description":"Apis Natural Cosmetics Cocoa Cleansing, 40 g, Cur\u0103\u021barea pielii pentru femei, Produsul demachiant Apis Natural Cosmetics Cocoa Cleansing \u00eenl\u0103tur\u0103 perfect fondul de ten \u0219i impurit\u0103\u021bile, l\u0103s\u00e2nd tenul neted \u0219i curat. Caracteristici: \u00eenl\u0103tur\u0103 eficient fondul de ten fe\u021bei demachiaz\u0103 perfect toate tipurile de fond de ten pentru ochi hidrateaz\u0103 \u0219i catifeleaz\u0103 tenul hr\u0103ne\u0219te tenul tenul este...","og_url":"https:\/\/shopatoa.com\/ro\/apis-natural-cosmetics-cocoa-cleansing-emulsie-demachianta-cu-unt-de-cacao-40-g\/","og_site_name":"SHOPATOA","article_modified_time":"2025-12-08T10:33:49+00:00","og_image":[{"width":800,"height":800,"url":"https:\/\/storage.googleapis.com\/cz-shopatoa-img\/ro\/a707299a-unnamed-file.webp","type":"image\/webp"}],"twitter_card":"summary_large_image","schema":{"@context":"https:\/\/schema.org","@graph":[{"@type":"WebPage","@id":"https:\/\/shopatoa.com\/ro\/apis-natural-cosmetics-cocoa-cleansing-emulsie-demachianta-cu-unt-de-cacao-40-g\/","url":"https:\/\/shopatoa.com\/ro\/apis-natural-cosmetics-cocoa-cleansing-emulsie-demachianta-cu-unt-de-cacao-40-g\/","name":"Apis Natural Cosmetics Cocoa Cleansing emulsie demachianta cu unt de cacao 40 g - SHOPATOA.COM","isPartOf":{"@id":"https:\/\/shopatoa.com\/ro\/#website"},"primaryImageOfPage":{"@id":"https:\/\/shopatoa.com\/ro\/apis-natural-cosmetics-cocoa-cleansing-emulsie-demachianta-cu-unt-de-cacao-40-g\/#primaryimage"},"image":{"@id":"https:\/\/shopatoa.com\/ro\/apis-natural-cosmetics-cocoa-cleansing-emulsie-demachianta-cu-unt-de-cacao-40-g\/#primaryimage"},"thumbnailUrl":"https:\/\/storage.googleapis.com\/cz-shopatoa-img\/ro\/a707299a-unnamed-file.webp","datePublished":"2025-06-17T02:42:52+00:00","dateModified":"2025-12-08T10:33:49+00:00","breadcrumb":{"@id":"https:\/\/shopatoa.com\/ro\/apis-natural-cosmetics-cocoa-cleansing-emulsie-demachianta-cu-unt-de-cacao-40-g\/#breadcrumb"},"inLanguage":"ro-RO","potentialAction":[{"@type":"ReadAction","target":["https:\/\/shopatoa.com\/ro\/apis-natural-cosmetics-cocoa-cleansing-emulsie-demachianta-cu-unt-de-cacao-40-g\/"]}]},{"@type":"ImageObject","inLanguage":"ro-RO","@id":"https:\/\/shopatoa.com\/ro\/apis-natural-cosmetics-cocoa-cleansing-emulsie-demachianta-cu-unt-de-cacao-40-g\/#primaryimage","url":"https:\/\/storage.googleapis.com\/cz-shopatoa-img\/ro\/a707299a-unnamed-file.webp","contentUrl":"https:\/\/storage.googleapis.com\/cz-shopatoa-img\/ro\/a707299a-unnamed-file.webp","width":800,"height":800},{"@type":"BreadcrumbList","@id":"https:\/\/shopatoa.com\/ro\/apis-natural-cosmetics-cocoa-cleansing-emulsie-demachianta-cu-unt-de-cacao-40-g\/#breadcrumb","itemListElement":[{"@type":"ListItem","position":1,"name":"Dom\u016f","item":"https:\/\/shopatoa.com\/ro\/"},{"@type":"ListItem","position":2,"name":"Shop","item":"https:\/\/shopatoa.com\/ro\/shop\/"},{"@type":"ListItem","position":3,"name":"S\u0103n\u0103tate \u0219i frumuse\u021be","item":"https:\/\/shopatoa.com\/ro\/sanatate-si-frumusete\/"},{"@type":"ListItem","position":4,"name":"\u00cengrijire personal\u0103","item":"https:\/\/shopatoa.com\/ro\/ingrijire-personala\/"},{"@type":"ListItem","position":5,"name":"Cosmetice","item":"https:\/\/shopatoa.com\/ro\/cosmetice-ingrijire-personala\/"},{"@type":"ListItem","position":6,"name":"\u00cengrijirea pielii","item":"https:\/\/shopatoa.com\/ro\/ingrijirea-pielii\/"},{"@type":"ListItem","position":7,"name":"Demachiere","item":"https:\/\/shopatoa.com\/ro\/demachiere\/"},{"@type":"ListItem","position":8,"name":"Apis Natural Cosmetics Cocoa Cleansing emulsie demachianta cu unt de cacao 40 g"}]},{"@type":"WebSite","@id":"https:\/\/shopatoa.com\/ro\/#website","url":"https:\/\/shopatoa.com\/ro\/","name":"SHOPATOA","description":"","publisher":{"@id":"https:\/\/shopatoa.com\/ro\/#organization"},"potentialAction":[{"@type":"SearchAction","target":{"@type":"EntryPoint","urlTemplate":"https:\/\/shopatoa.com\/ro\/?s={search_term_string}"},"query-input":{"@type":"PropertyValueSpecification","valueRequired":true,"valueName":"search_term_string"}}],"inLanguage":"ro-RO"},{"@type":"Organization","@id":"https:\/\/shopatoa.com\/ro\/#organization","name":"SHOPATOA","url":"https:\/\/shopatoa.com\/ro\/","logo":{"@type":"ImageObject","inLanguage":"ro-RO","@id":"https:\/\/shopatoa.com\/ro\/#\/schema\/logo\/image\/","url":"https:\/\/storage.googleapis.com\/cz-shopatoa-img\/ro\/b4dac915-shopatoa_logo.png","contentUrl":"https:\/\/storage.googleapis.com\/cz-shopatoa-img\/ro\/b4dac915-shopatoa_logo.png","width":416,"height":63,"caption":"SHOPATOA"},"image":{"@id":"https:\/\/shopatoa.com\/ro\/#\/schema\/logo\/image\/"}}]}},"_links":{"self":[{"href":"https:\/\/shopatoa.com\/ro\/wp-json\/wp\/v2\/product\/393366","targetHints":{"allow":["GET"]}}],"collection":[{"href":"https:\/\/shopatoa.com\/ro\/wp-json\/wp\/v2\/product"}],"about":[{"href":"https:\/\/shopatoa.com\/ro\/wp-json\/wp\/v2\/types\/product"}],"replies":[{"embeddable":true,"href":"https:\/\/shopatoa.com\/ro\/wp-json\/wp\/v2\/comments?post=393366"}],"wp:featuredmedia":[{"embeddable":true,"href":"https:\/\/shopatoa.com\/ro\/wp-json\/wp\/v2\/media\/393367"}],"wp:attachment":[{"href":"https:\/\/shopatoa.com\/ro\/wp-json\/wp\/v2\/media?parent=393366"}],"wp:term":[{"taxonomy":"product_brand","embeddable":true,"href":"https:\/\/shopatoa.com\/ro\/wp-json\/wp\/v2\/product_brand?post=393366"},{"taxonomy":"product_cat","embeddable":true,"href":"https:\/\/shopatoa.com\/ro\/wp-json\/wp\/v2\/product_cat?post=393366"},{"taxonomy":"product_tag","embeddable":true,"href":"https:\/\/shopatoa.com\/ro\/wp-json\/wp\/v2\/product_tag?post=393366"}],"curies":[{"name":"wp","href":"https:\/\/api.w.org\/{rel}","templated":true}]}}