{"id":393418,"date":"2025-06-17T04:48:04","date_gmt":"2025-06-17T02:48:04","guid":{"rendered":"https:\/\/shopatoa.com\/ro\/nature-republic-black-bean-invigorating-hair-treatment-tratament-impotriva-subtierii-parului-200-ml\/"},"modified":"2025-12-15T11:15:06","modified_gmt":"2025-12-15T10:15:06","slug":"nature-republic-black-bean-invigorating-hair-treatment-tratament-impotriva-subtierii-parului-200-ml","status":"publish","type":"product","link":"https:\/\/shopatoa.com\/ro\/nature-republic-black-bean-invigorating-hair-treatment-tratament-impotriva-subtierii-parului-200-ml\/","title":{"rendered":"NATURE REPUBLIC Black Bean Invigorating Hair Treatment tratament impotriva subtierii parului 200 ml"},"content":{"rendered":"<p>NATURE REPUBLIC Black Bean Invigorating Hair Treatment, 200 ml, Balsam de par unisex, Caracteristici:  regenereaz\u0103 p\u0103rul pe \u00eentreaga sa lungime red\u0103 p\u0103rului aspectul natural \u0219i s\u0103n\u0103tos ofer\u0103 p\u0103rului o str\u0103lucire radiant\u0103 ac\u021bioneaz\u0103 \u00een profunzimea fibrelor de p\u0103r stimuleaz\u0103 cre\u0219terea p\u0103rului efect benefic contra c\u0103derii p\u0103rului  Cum se utilizeaz\u0103: Pentru maximizarea efectului, se va utiliza \u00een combina\u021bie cu \u0219amponul din aceea\u0219i serie. Se aplic\u0103 pe p\u0103rul umed, sp\u0103lat \u00een prealabil cu \u0219ampon. Se las\u0103 s\u0103 ac\u021bioneze conform timpului specificat pe ambalaj, apoi se cl\u0103te\u0219te bine.<\/p>\n","protected":false},"excerpt":{"rendered":"<p>NATURE REPUBLIC Black Bean Invigorating Hair Treatment, 200 ml, Balsam de par unisex, Caracteristici: regenereaz\u0103 p\u0103rul pe \u00eentreaga sa lungime red\u0103 p\u0103rului aspectul natural \u0219i s\u0103n\u0103tos ofer\u0103 p\u0103rului o str\u0103lucire radiant\u0103 ac\u021bioneaz\u0103 \u00een profunzimea fibrelor de p\u0103r stimuleaz\u0103 cre\u0219terea p\u0103rului efect benefic contra c\u0103derii p\u0103rului Cum se utilizeaz\u0103: Pentru maximizarea efectului, se va utiliza \u00een&#8230;<\/p>\n","protected":false},"featured_media":393419,"comment_status":"closed","ping_status":"open","template":"","meta":{"_acf_changed":false,"_kadence_starter_templates_imported_post":false,"_kad_post_transparent":"","_kad_post_title":"","_kad_post_layout":"","_kad_post_sidebar_id":"","_kad_post_content_style":"","_kad_post_vertical_padding":"","_kad_post_feature":"","_kad_post_feature_position":"","_kad_post_header":false,"_kad_post_footer":false,"_kad_post_classname":""},"product_brand":[2653],"product_cat":[1564,1563,1565,1614,1562],"product_tag":[],"class_list":{"0":"post-393418","1":"product","2":"type-product","3":"status-publish","4":"has-post-thumbnail","6":"product_brand-nature-republic","7":"product_cat-cosmetice-ingrijire-personala","8":"product_cat-ingrijire-personala","9":"product_cat-ingrijirea-pielii","10":"product_cat-masti-si-peelings-pentru-ten","11":"product_cat-sanatate-si-frumusete","12":"pa_gen-unisex","13":"pa_marime-200-ml","15":"first","16":"instock","17":"sale","18":"product-type-external","19":"entry","20":"content-bg","21":"loop-entry"},"acf":[],"yoast_head":"<!-- This site is optimized with the Yoast SEO plugin v27.4 - https:\/\/yoast.com\/product\/yoast-seo-wordpress\/ -->\n<title>NATURE REPUBLIC Black Bean Invigorating Hair Treatment tratament impotriva subtierii parului 200 ml - SHOPATOA.COM<\/title>\n<meta name=\"robots\" content=\"index, follow, max-snippet:-1, max-image-preview:large, max-video-preview:-1\" \/>\n<link rel=\"canonical\" href=\"https:\/\/shopatoa.com\/ro\/nature-republic-black-bean-invigorating-hair-treatment-tratament-impotriva-subtierii-parului-200-ml\/\" \/>\n<meta property=\"og:locale\" content=\"ro_RO\" \/>\n<meta property=\"og:type\" content=\"article\" \/>\n<meta property=\"og:title\" content=\"NATURE REPUBLIC Black Bean Invigorating Hair Treatment tratament impotriva subtierii parului 200 ml - SHOPATOA.COM\" \/>\n<meta property=\"og:description\" content=\"NATURE REPUBLIC Black Bean Invigorating Hair Treatment, 200 ml, Balsam de par unisex, Caracteristici: regenereaz\u0103 p\u0103rul pe \u00eentreaga sa lungime red\u0103 p\u0103rului aspectul natural \u0219i s\u0103n\u0103tos ofer\u0103 p\u0103rului o str\u0103lucire radiant\u0103 ac\u021bioneaz\u0103 \u00een profunzimea fibrelor de p\u0103r stimuleaz\u0103 cre\u0219terea p\u0103rului efect benefic contra c\u0103derii p\u0103rului Cum se utilizeaz\u0103: Pentru maximizarea efectului, se va utiliza \u00een...\" \/>\n<meta property=\"og:url\" content=\"https:\/\/shopatoa.com\/ro\/nature-republic-black-bean-invigorating-hair-treatment-tratament-impotriva-subtierii-parului-200-ml\/\" \/>\n<meta property=\"og:site_name\" content=\"SHOPATOA\" \/>\n<meta property=\"article:modified_time\" content=\"2025-12-15T10:15:06+00:00\" \/>\n<meta property=\"og:image\" content=\"https:\/\/storage.googleapis.com\/cz-shopatoa-img\/ro\/7cf05619-unnamed-file.webp\" \/>\n\t<meta property=\"og:image:width\" content=\"800\" \/>\n\t<meta property=\"og:image:height\" content=\"800\" \/>\n\t<meta property=\"og:image:type\" content=\"image\/webp\" \/>\n<meta name=\"twitter:card\" content=\"summary_large_image\" \/>\n<meta name=\"twitter:label1\" content=\"Timp estimat pentru citire\" \/>\n\t<meta name=\"twitter:data1\" content=\"1 minut\" \/>\n<script type=\"application\/ld+json\" class=\"yoast-schema-graph\">{\"@context\":\"https:\\\/\\\/schema.org\",\"@graph\":[{\"@type\":\"WebPage\",\"@id\":\"https:\\\/\\\/shopatoa.com\\\/ro\\\/nature-republic-black-bean-invigorating-hair-treatment-tratament-impotriva-subtierii-parului-200-ml\\\/\",\"url\":\"https:\\\/\\\/shopatoa.com\\\/ro\\\/nature-republic-black-bean-invigorating-hair-treatment-tratament-impotriva-subtierii-parului-200-ml\\\/\",\"name\":\"NATURE REPUBLIC Black Bean Invigorating Hair Treatment tratament impotriva subtierii parului 200 ml - SHOPATOA.COM\",\"isPartOf\":{\"@id\":\"https:\\\/\\\/shopatoa.com\\\/ro\\\/#website\"},\"primaryImageOfPage\":{\"@id\":\"https:\\\/\\\/shopatoa.com\\\/ro\\\/nature-republic-black-bean-invigorating-hair-treatment-tratament-impotriva-subtierii-parului-200-ml\\\/#primaryimage\"},\"image\":{\"@id\":\"https:\\\/\\\/shopatoa.com\\\/ro\\\/nature-republic-black-bean-invigorating-hair-treatment-tratament-impotriva-subtierii-parului-200-ml\\\/#primaryimage\"},\"thumbnailUrl\":\"https:\\\/\\\/storage.googleapis.com\\\/cz-shopatoa-img\\\/ro\\\/7cf05619-unnamed-file.webp\",\"datePublished\":\"2025-06-17T02:48:04+00:00\",\"dateModified\":\"2025-12-15T10:15:06+00:00\",\"breadcrumb\":{\"@id\":\"https:\\\/\\\/shopatoa.com\\\/ro\\\/nature-republic-black-bean-invigorating-hair-treatment-tratament-impotriva-subtierii-parului-200-ml\\\/#breadcrumb\"},\"inLanguage\":\"ro-RO\",\"potentialAction\":[{\"@type\":\"ReadAction\",\"target\":[\"https:\\\/\\\/shopatoa.com\\\/ro\\\/nature-republic-black-bean-invigorating-hair-treatment-tratament-impotriva-subtierii-parului-200-ml\\\/\"]}]},{\"@type\":\"ImageObject\",\"inLanguage\":\"ro-RO\",\"@id\":\"https:\\\/\\\/shopatoa.com\\\/ro\\\/nature-republic-black-bean-invigorating-hair-treatment-tratament-impotriva-subtierii-parului-200-ml\\\/#primaryimage\",\"url\":\"https:\\\/\\\/storage.googleapis.com\\\/cz-shopatoa-img\\\/ro\\\/7cf05619-unnamed-file.webp\",\"contentUrl\":\"https:\\\/\\\/storage.googleapis.com\\\/cz-shopatoa-img\\\/ro\\\/7cf05619-unnamed-file.webp\",\"width\":800,\"height\":800},{\"@type\":\"BreadcrumbList\",\"@id\":\"https:\\\/\\\/shopatoa.com\\\/ro\\\/nature-republic-black-bean-invigorating-hair-treatment-tratament-impotriva-subtierii-parului-200-ml\\\/#breadcrumb\",\"itemListElement\":[{\"@type\":\"ListItem\",\"position\":1,\"name\":\"Dom\u016f\",\"item\":\"https:\\\/\\\/shopatoa.com\\\/ro\\\/\"},{\"@type\":\"ListItem\",\"position\":2,\"name\":\"Shop\",\"item\":\"https:\\\/\\\/shopatoa.com\\\/ro\\\/shop\\\/\"},{\"@type\":\"ListItem\",\"position\":3,\"name\":\"S\u0103n\u0103tate \u0219i frumuse\u021be\",\"item\":\"https:\\\/\\\/shopatoa.com\\\/ro\\\/sanatate-si-frumusete\\\/\"},{\"@type\":\"ListItem\",\"position\":4,\"name\":\"\u00cengrijire personal\u0103\",\"item\":\"https:\\\/\\\/shopatoa.com\\\/ro\\\/ingrijire-personala\\\/\"},{\"@type\":\"ListItem\",\"position\":5,\"name\":\"Cosmetice\",\"item\":\"https:\\\/\\\/shopatoa.com\\\/ro\\\/cosmetice-ingrijire-personala\\\/\"},{\"@type\":\"ListItem\",\"position\":6,\"name\":\"\u00cengrijirea pielii\",\"item\":\"https:\\\/\\\/shopatoa.com\\\/ro\\\/ingrijirea-pielii\\\/\"},{\"@type\":\"ListItem\",\"position\":7,\"name\":\"M\u0103\u0219ti \u0219i peelings pentru ten\",\"item\":\"https:\\\/\\\/shopatoa.com\\\/ro\\\/masti-si-peelings-pentru-ten\\\/\"},{\"@type\":\"ListItem\",\"position\":8,\"name\":\"NATURE REPUBLIC Black Bean Invigorating Hair Treatment tratament impotriva subtierii parului 200 ml\"}]},{\"@type\":\"WebSite\",\"@id\":\"https:\\\/\\\/shopatoa.com\\\/ro\\\/#website\",\"url\":\"https:\\\/\\\/shopatoa.com\\\/ro\\\/\",\"name\":\"SHOPATOA\",\"description\":\"\",\"publisher\":{\"@id\":\"https:\\\/\\\/shopatoa.com\\\/ro\\\/#organization\"},\"potentialAction\":[{\"@type\":\"SearchAction\",\"target\":{\"@type\":\"EntryPoint\",\"urlTemplate\":\"https:\\\/\\\/shopatoa.com\\\/ro\\\/?s={search_term_string}\"},\"query-input\":{\"@type\":\"PropertyValueSpecification\",\"valueRequired\":true,\"valueName\":\"search_term_string\"}}],\"inLanguage\":\"ro-RO\"},{\"@type\":\"Organization\",\"@id\":\"https:\\\/\\\/shopatoa.com\\\/ro\\\/#organization\",\"name\":\"SHOPATOA\",\"url\":\"https:\\\/\\\/shopatoa.com\\\/ro\\\/\",\"logo\":{\"@type\":\"ImageObject\",\"inLanguage\":\"ro-RO\",\"@id\":\"https:\\\/\\\/shopatoa.com\\\/ro\\\/#\\\/schema\\\/logo\\\/image\\\/\",\"url\":\"https:\\\/\\\/storage.googleapis.com\\\/cz-shopatoa-img\\\/ro\\\/b4dac915-shopatoa_logo.png\",\"contentUrl\":\"https:\\\/\\\/storage.googleapis.com\\\/cz-shopatoa-img\\\/ro\\\/b4dac915-shopatoa_logo.png\",\"width\":416,\"height\":63,\"caption\":\"SHOPATOA\"},\"image\":{\"@id\":\"https:\\\/\\\/shopatoa.com\\\/ro\\\/#\\\/schema\\\/logo\\\/image\\\/\"}}]}<\/script>\n<!-- \/ Yoast SEO plugin. -->","yoast_head_json":{"title":"NATURE REPUBLIC Black Bean Invigorating Hair Treatment tratament impotriva subtierii parului 200 ml - SHOPATOA.COM","robots":{"index":"index","follow":"follow","max-snippet":"max-snippet:-1","max-image-preview":"max-image-preview:large","max-video-preview":"max-video-preview:-1"},"canonical":"https:\/\/shopatoa.com\/ro\/nature-republic-black-bean-invigorating-hair-treatment-tratament-impotriva-subtierii-parului-200-ml\/","og_locale":"ro_RO","og_type":"article","og_title":"NATURE REPUBLIC Black Bean Invigorating Hair Treatment tratament impotriva subtierii parului 200 ml - SHOPATOA.COM","og_description":"NATURE REPUBLIC Black Bean Invigorating Hair Treatment, 200 ml, Balsam de par unisex, Caracteristici: regenereaz\u0103 p\u0103rul pe \u00eentreaga sa lungime red\u0103 p\u0103rului aspectul natural \u0219i s\u0103n\u0103tos ofer\u0103 p\u0103rului o str\u0103lucire radiant\u0103 ac\u021bioneaz\u0103 \u00een profunzimea fibrelor de p\u0103r stimuleaz\u0103 cre\u0219terea p\u0103rului efect benefic contra c\u0103derii p\u0103rului Cum se utilizeaz\u0103: Pentru maximizarea efectului, se va utiliza \u00een...","og_url":"https:\/\/shopatoa.com\/ro\/nature-republic-black-bean-invigorating-hair-treatment-tratament-impotriva-subtierii-parului-200-ml\/","og_site_name":"SHOPATOA","article_modified_time":"2025-12-15T10:15:06+00:00","og_image":[{"width":800,"height":800,"url":"https:\/\/storage.googleapis.com\/cz-shopatoa-img\/ro\/7cf05619-unnamed-file.webp","type":"image\/webp"}],"twitter_card":"summary_large_image","twitter_misc":{"Timp estimat pentru citire":"1 minut"},"schema":{"@context":"https:\/\/schema.org","@graph":[{"@type":"WebPage","@id":"https:\/\/shopatoa.com\/ro\/nature-republic-black-bean-invigorating-hair-treatment-tratament-impotriva-subtierii-parului-200-ml\/","url":"https:\/\/shopatoa.com\/ro\/nature-republic-black-bean-invigorating-hair-treatment-tratament-impotriva-subtierii-parului-200-ml\/","name":"NATURE REPUBLIC Black Bean Invigorating Hair Treatment tratament impotriva subtierii parului 200 ml - SHOPATOA.COM","isPartOf":{"@id":"https:\/\/shopatoa.com\/ro\/#website"},"primaryImageOfPage":{"@id":"https:\/\/shopatoa.com\/ro\/nature-republic-black-bean-invigorating-hair-treatment-tratament-impotriva-subtierii-parului-200-ml\/#primaryimage"},"image":{"@id":"https:\/\/shopatoa.com\/ro\/nature-republic-black-bean-invigorating-hair-treatment-tratament-impotriva-subtierii-parului-200-ml\/#primaryimage"},"thumbnailUrl":"https:\/\/storage.googleapis.com\/cz-shopatoa-img\/ro\/7cf05619-unnamed-file.webp","datePublished":"2025-06-17T02:48:04+00:00","dateModified":"2025-12-15T10:15:06+00:00","breadcrumb":{"@id":"https:\/\/shopatoa.com\/ro\/nature-republic-black-bean-invigorating-hair-treatment-tratament-impotriva-subtierii-parului-200-ml\/#breadcrumb"},"inLanguage":"ro-RO","potentialAction":[{"@type":"ReadAction","target":["https:\/\/shopatoa.com\/ro\/nature-republic-black-bean-invigorating-hair-treatment-tratament-impotriva-subtierii-parului-200-ml\/"]}]},{"@type":"ImageObject","inLanguage":"ro-RO","@id":"https:\/\/shopatoa.com\/ro\/nature-republic-black-bean-invigorating-hair-treatment-tratament-impotriva-subtierii-parului-200-ml\/#primaryimage","url":"https:\/\/storage.googleapis.com\/cz-shopatoa-img\/ro\/7cf05619-unnamed-file.webp","contentUrl":"https:\/\/storage.googleapis.com\/cz-shopatoa-img\/ro\/7cf05619-unnamed-file.webp","width":800,"height":800},{"@type":"BreadcrumbList","@id":"https:\/\/shopatoa.com\/ro\/nature-republic-black-bean-invigorating-hair-treatment-tratament-impotriva-subtierii-parului-200-ml\/#breadcrumb","itemListElement":[{"@type":"ListItem","position":1,"name":"Dom\u016f","item":"https:\/\/shopatoa.com\/ro\/"},{"@type":"ListItem","position":2,"name":"Shop","item":"https:\/\/shopatoa.com\/ro\/shop\/"},{"@type":"ListItem","position":3,"name":"S\u0103n\u0103tate \u0219i frumuse\u021be","item":"https:\/\/shopatoa.com\/ro\/sanatate-si-frumusete\/"},{"@type":"ListItem","position":4,"name":"\u00cengrijire personal\u0103","item":"https:\/\/shopatoa.com\/ro\/ingrijire-personala\/"},{"@type":"ListItem","position":5,"name":"Cosmetice","item":"https:\/\/shopatoa.com\/ro\/cosmetice-ingrijire-personala\/"},{"@type":"ListItem","position":6,"name":"\u00cengrijirea pielii","item":"https:\/\/shopatoa.com\/ro\/ingrijirea-pielii\/"},{"@type":"ListItem","position":7,"name":"M\u0103\u0219ti \u0219i peelings pentru ten","item":"https:\/\/shopatoa.com\/ro\/masti-si-peelings-pentru-ten\/"},{"@type":"ListItem","position":8,"name":"NATURE REPUBLIC Black Bean Invigorating Hair Treatment tratament impotriva subtierii parului 200 ml"}]},{"@type":"WebSite","@id":"https:\/\/shopatoa.com\/ro\/#website","url":"https:\/\/shopatoa.com\/ro\/","name":"SHOPATOA","description":"","publisher":{"@id":"https:\/\/shopatoa.com\/ro\/#organization"},"potentialAction":[{"@type":"SearchAction","target":{"@type":"EntryPoint","urlTemplate":"https:\/\/shopatoa.com\/ro\/?s={search_term_string}"},"query-input":{"@type":"PropertyValueSpecification","valueRequired":true,"valueName":"search_term_string"}}],"inLanguage":"ro-RO"},{"@type":"Organization","@id":"https:\/\/shopatoa.com\/ro\/#organization","name":"SHOPATOA","url":"https:\/\/shopatoa.com\/ro\/","logo":{"@type":"ImageObject","inLanguage":"ro-RO","@id":"https:\/\/shopatoa.com\/ro\/#\/schema\/logo\/image\/","url":"https:\/\/storage.googleapis.com\/cz-shopatoa-img\/ro\/b4dac915-shopatoa_logo.png","contentUrl":"https:\/\/storage.googleapis.com\/cz-shopatoa-img\/ro\/b4dac915-shopatoa_logo.png","width":416,"height":63,"caption":"SHOPATOA"},"image":{"@id":"https:\/\/shopatoa.com\/ro\/#\/schema\/logo\/image\/"}}]}},"_links":{"self":[{"href":"https:\/\/shopatoa.com\/ro\/wp-json\/wp\/v2\/product\/393418","targetHints":{"allow":["GET"]}}],"collection":[{"href":"https:\/\/shopatoa.com\/ro\/wp-json\/wp\/v2\/product"}],"about":[{"href":"https:\/\/shopatoa.com\/ro\/wp-json\/wp\/v2\/types\/product"}],"replies":[{"embeddable":true,"href":"https:\/\/shopatoa.com\/ro\/wp-json\/wp\/v2\/comments?post=393418"}],"wp:featuredmedia":[{"embeddable":true,"href":"https:\/\/shopatoa.com\/ro\/wp-json\/wp\/v2\/media\/393419"}],"wp:attachment":[{"href":"https:\/\/shopatoa.com\/ro\/wp-json\/wp\/v2\/media?parent=393418"}],"wp:term":[{"taxonomy":"product_brand","embeddable":true,"href":"https:\/\/shopatoa.com\/ro\/wp-json\/wp\/v2\/product_brand?post=393418"},{"taxonomy":"product_cat","embeddable":true,"href":"https:\/\/shopatoa.com\/ro\/wp-json\/wp\/v2\/product_cat?post=393418"},{"taxonomy":"product_tag","embeddable":true,"href":"https:\/\/shopatoa.com\/ro\/wp-json\/wp\/v2\/product_tag?post=393418"}],"curies":[{"name":"wp","href":"https:\/\/api.w.org\/{rel}","templated":true}]}}