{"id":393860,"date":"2025-06-17T05:27:10","date_gmt":"2025-06-17T03:27:10","guid":{"rendered":"https:\/\/shopatoa.com\/ro\/dermacol-black-sensation-precise-black-tus-de-ochi-brown-1-ml\/"},"modified":"2025-12-15T09:04:22","modified_gmt":"2025-12-15T08:04:22","slug":"dermacol-black-sensation-precise-black-tus-de-ochi-brown-1-ml","status":"publish","type":"product","link":"https:\/\/shopatoa.com\/ro\/dermacol-black-sensation-precise-black-tus-de-ochi-brown-1-ml\/","title":{"rendered":"Dermacol Black Sensation Precise Black tus de ochi Brown 1 ml"},"content":{"rendered":"<p>Dermacol Black Sensation Precise Black, 1 ml, Tus de ochi pentru femei, Dori\u021bi s\u0103 v\u0103 eviden\u021bia\u021bi conturul ochilor \u0219i s\u0103 atrage\u021bi toat\u0103 aten\u021bia asupra ochilor dvs.? Produsul DermacolBlack SensationPrecise Black v\u0103 va ajuta \u00een acest sens. Va conferi intensitate \u0219i dramatism privirii dvs. \u0219i va accentua orice alt machiaj. Textura sa u\u0219or de aplicat v\u0103 permite s\u0103 crea\u021bi printr-o singur\u0103 mi\u0219care o linie precis\u0103 de culoare \u00eendr\u0103znea\u021b\u0103 \u0219i bogat\u0103, \u00eencadr\u00e2nd perfect ochii \u0219i accentu\u00e2ndu-le frumuse\u021bea. Oriunde a\u021bi merge, ve\u021bi ob\u021bine rapid \u0219i u\u0219or un machiaj perfect care s\u0103 reziste.  Caracteristici:  traseaz\u0103 linii precise creeaz\u0103 un look dramatic \u0219i atractiv culoare bogat\u0103 \u0219i intens\u0103 formul\u0103 cu uscare rapid\u0103 produsul este rezistent la ap\u0103 testate oftalmologic  Cum se utilizeaz\u0103: Se traseaz\u0103 u\u0219or o linie pe pleoap\u0103. Se las\u0103 s\u0103 se usuce. Se \u00eenchide cu aten\u021bie, dup\u0103 fiecare utilizare.<\/p>\n","protected":false},"excerpt":{"rendered":"<p>Dermacol Black Sensation Precise Black, 1 ml, Tus de ochi pentru femei, Dori\u021bi s\u0103 v\u0103 eviden\u021bia\u021bi conturul ochilor \u0219i s\u0103 atrage\u021bi toat\u0103 aten\u021bia asupra ochilor dvs.? Produsul DermacolBlack SensationPrecise Black v\u0103 va ajuta \u00een acest sens. Va conferi intensitate \u0219i dramatism privirii dvs. \u0219i va accentua orice alt machiaj. Textura sa u\u0219or de aplicat v\u0103&#8230;<\/p>\n","protected":false},"featured_media":393861,"comment_status":"closed","ping_status":"open","template":"","meta":{"_acf_changed":false,"_kadence_starter_templates_imported_post":false,"_kad_post_transparent":"","_kad_post_title":"","_kad_post_layout":"","_kad_post_sidebar_id":"","_kad_post_content_style":"","_kad_post_vertical_padding":"","_kad_post_feature":"","_kad_post_feature_position":"","_kad_post_header":false,"_kad_post_footer":false,"_kad_post_classname":""},"product_brand":[126],"product_cat":[1564,1673,1563,1576,1599,1562],"product_tag":[],"class_list":{"0":"post-393860","1":"product","2":"type-product","3":"status-publish","4":"has-post-thumbnail","6":"product_brand-dermacol","7":"product_cat-cosmetice-ingrijire-personala","8":"product_cat-creion-de-ochi","9":"product_cat-ingrijire-personala","10":"product_cat-machiaj","11":"product_cat-machiaj-pentru-ochi-machiaj","12":"product_cat-sanatate-si-frumusete","13":"pa_gen-female","14":"pa_marime-1-ml","16":"first","17":"instock","18":"product-type-external","19":"entry","20":"content-bg","21":"loop-entry"},"acf":[],"yoast_head":"<!-- This site is optimized with the Yoast SEO plugin v27.3 - https:\/\/yoast.com\/product\/yoast-seo-wordpress\/ -->\n<title>Dermacol Black Sensation Precise Black tus de ochi Brown 1 ml - SHOPATOA.COM<\/title>\n<meta name=\"robots\" content=\"index, follow, max-snippet:-1, max-image-preview:large, max-video-preview:-1\" \/>\n<link rel=\"canonical\" href=\"https:\/\/shopatoa.com\/ro\/dermacol-black-sensation-precise-black-tus-de-ochi-brown-1-ml\/\" \/>\n<meta property=\"og:locale\" content=\"ro_RO\" \/>\n<meta property=\"og:type\" content=\"article\" \/>\n<meta property=\"og:title\" content=\"Dermacol Black Sensation Precise Black tus de ochi Brown 1 ml - SHOPATOA.COM\" \/>\n<meta property=\"og:description\" content=\"Dermacol Black Sensation Precise Black, 1 ml, Tus de ochi pentru femei, Dori\u021bi s\u0103 v\u0103 eviden\u021bia\u021bi conturul ochilor \u0219i s\u0103 atrage\u021bi toat\u0103 aten\u021bia asupra ochilor dvs.? Produsul DermacolBlack SensationPrecise Black v\u0103 va ajuta \u00een acest sens. Va conferi intensitate \u0219i dramatism privirii dvs. \u0219i va accentua orice alt machiaj. Textura sa u\u0219or de aplicat v\u0103...\" \/>\n<meta property=\"og:url\" content=\"https:\/\/shopatoa.com\/ro\/dermacol-black-sensation-precise-black-tus-de-ochi-brown-1-ml\/\" \/>\n<meta property=\"og:site_name\" content=\"SHOPATOA\" \/>\n<meta property=\"article:modified_time\" content=\"2025-12-15T08:04:22+00:00\" \/>\n<meta property=\"og:image\" content=\"https:\/\/storage.googleapis.com\/cz-shopatoa-img\/ro\/7378c937-unnamed-file.webp\" \/>\n\t<meta property=\"og:image:width\" content=\"800\" \/>\n\t<meta property=\"og:image:height\" content=\"800\" \/>\n\t<meta property=\"og:image:type\" content=\"image\/webp\" \/>\n<meta name=\"twitter:card\" content=\"summary_large_image\" \/>\n<meta name=\"twitter:label1\" content=\"Timp estimat pentru citire\" \/>\n\t<meta name=\"twitter:data1\" content=\"1 minut\" \/>\n<script type=\"application\/ld+json\" class=\"yoast-schema-graph\">{\"@context\":\"https:\\\/\\\/schema.org\",\"@graph\":[{\"@type\":\"WebPage\",\"@id\":\"https:\\\/\\\/shopatoa.com\\\/ro\\\/dermacol-black-sensation-precise-black-tus-de-ochi-brown-1-ml\\\/\",\"url\":\"https:\\\/\\\/shopatoa.com\\\/ro\\\/dermacol-black-sensation-precise-black-tus-de-ochi-brown-1-ml\\\/\",\"name\":\"Dermacol Black Sensation Precise Black tus de ochi Brown 1 ml - SHOPATOA.COM\",\"isPartOf\":{\"@id\":\"https:\\\/\\\/shopatoa.com\\\/ro\\\/#website\"},\"primaryImageOfPage\":{\"@id\":\"https:\\\/\\\/shopatoa.com\\\/ro\\\/dermacol-black-sensation-precise-black-tus-de-ochi-brown-1-ml\\\/#primaryimage\"},\"image\":{\"@id\":\"https:\\\/\\\/shopatoa.com\\\/ro\\\/dermacol-black-sensation-precise-black-tus-de-ochi-brown-1-ml\\\/#primaryimage\"},\"thumbnailUrl\":\"https:\\\/\\\/storage.googleapis.com\\\/cz-shopatoa-img\\\/ro\\\/7378c937-unnamed-file.webp\",\"datePublished\":\"2025-06-17T03:27:10+00:00\",\"dateModified\":\"2025-12-15T08:04:22+00:00\",\"breadcrumb\":{\"@id\":\"https:\\\/\\\/shopatoa.com\\\/ro\\\/dermacol-black-sensation-precise-black-tus-de-ochi-brown-1-ml\\\/#breadcrumb\"},\"inLanguage\":\"ro-RO\",\"potentialAction\":[{\"@type\":\"ReadAction\",\"target\":[\"https:\\\/\\\/shopatoa.com\\\/ro\\\/dermacol-black-sensation-precise-black-tus-de-ochi-brown-1-ml\\\/\"]}]},{\"@type\":\"ImageObject\",\"inLanguage\":\"ro-RO\",\"@id\":\"https:\\\/\\\/shopatoa.com\\\/ro\\\/dermacol-black-sensation-precise-black-tus-de-ochi-brown-1-ml\\\/#primaryimage\",\"url\":\"https:\\\/\\\/storage.googleapis.com\\\/cz-shopatoa-img\\\/ro\\\/7378c937-unnamed-file.webp\",\"contentUrl\":\"https:\\\/\\\/storage.googleapis.com\\\/cz-shopatoa-img\\\/ro\\\/7378c937-unnamed-file.webp\",\"width\":800,\"height\":800},{\"@type\":\"BreadcrumbList\",\"@id\":\"https:\\\/\\\/shopatoa.com\\\/ro\\\/dermacol-black-sensation-precise-black-tus-de-ochi-brown-1-ml\\\/#breadcrumb\",\"itemListElement\":[{\"@type\":\"ListItem\",\"position\":1,\"name\":\"Dom\u016f\",\"item\":\"https:\\\/\\\/shopatoa.com\\\/ro\\\/\"},{\"@type\":\"ListItem\",\"position\":2,\"name\":\"Shop\",\"item\":\"https:\\\/\\\/shopatoa.com\\\/ro\\\/shop\\\/\"},{\"@type\":\"ListItem\",\"position\":3,\"name\":\"S\u0103n\u0103tate \u0219i frumuse\u021be\",\"item\":\"https:\\\/\\\/shopatoa.com\\\/ro\\\/sanatate-si-frumusete\\\/\"},{\"@type\":\"ListItem\",\"position\":4,\"name\":\"\u00cengrijire personal\u0103\",\"item\":\"https:\\\/\\\/shopatoa.com\\\/ro\\\/ingrijire-personala\\\/\"},{\"@type\":\"ListItem\",\"position\":5,\"name\":\"Cosmetice\",\"item\":\"https:\\\/\\\/shopatoa.com\\\/ro\\\/cosmetice-ingrijire-personala\\\/\"},{\"@type\":\"ListItem\",\"position\":6,\"name\":\"Machiaj\",\"item\":\"https:\\\/\\\/shopatoa.com\\\/ro\\\/machiaj\\\/\"},{\"@type\":\"ListItem\",\"position\":7,\"name\":\"Machiaj pentru ochi\",\"item\":\"https:\\\/\\\/shopatoa.com\\\/ro\\\/machiaj-pentru-ochi-machiaj\\\/\"},{\"@type\":\"ListItem\",\"position\":8,\"name\":\"Creion de ochi\",\"item\":\"https:\\\/\\\/shopatoa.com\\\/ro\\\/creion-de-ochi\\\/\"},{\"@type\":\"ListItem\",\"position\":9,\"name\":\"Dermacol Black Sensation Precise Black tus de ochi Brown 1 ml\"}]},{\"@type\":\"WebSite\",\"@id\":\"https:\\\/\\\/shopatoa.com\\\/ro\\\/#website\",\"url\":\"https:\\\/\\\/shopatoa.com\\\/ro\\\/\",\"name\":\"SHOPATOA\",\"description\":\"\",\"publisher\":{\"@id\":\"https:\\\/\\\/shopatoa.com\\\/ro\\\/#organization\"},\"potentialAction\":[{\"@type\":\"SearchAction\",\"target\":{\"@type\":\"EntryPoint\",\"urlTemplate\":\"https:\\\/\\\/shopatoa.com\\\/ro\\\/?s={search_term_string}\"},\"query-input\":{\"@type\":\"PropertyValueSpecification\",\"valueRequired\":true,\"valueName\":\"search_term_string\"}}],\"inLanguage\":\"ro-RO\"},{\"@type\":\"Organization\",\"@id\":\"https:\\\/\\\/shopatoa.com\\\/ro\\\/#organization\",\"name\":\"SHOPATOA\",\"url\":\"https:\\\/\\\/shopatoa.com\\\/ro\\\/\",\"logo\":{\"@type\":\"ImageObject\",\"inLanguage\":\"ro-RO\",\"@id\":\"https:\\\/\\\/shopatoa.com\\\/ro\\\/#\\\/schema\\\/logo\\\/image\\\/\",\"url\":\"https:\\\/\\\/storage.googleapis.com\\\/cz-shopatoa-img\\\/ro\\\/b4dac915-shopatoa_logo.png\",\"contentUrl\":\"https:\\\/\\\/storage.googleapis.com\\\/cz-shopatoa-img\\\/ro\\\/b4dac915-shopatoa_logo.png\",\"width\":416,\"height\":63,\"caption\":\"SHOPATOA\"},\"image\":{\"@id\":\"https:\\\/\\\/shopatoa.com\\\/ro\\\/#\\\/schema\\\/logo\\\/image\\\/\"}}]}<\/script>\n<!-- \/ Yoast SEO plugin. -->","yoast_head_json":{"title":"Dermacol Black Sensation Precise Black tus de ochi Brown 1 ml - SHOPATOA.COM","robots":{"index":"index","follow":"follow","max-snippet":"max-snippet:-1","max-image-preview":"max-image-preview:large","max-video-preview":"max-video-preview:-1"},"canonical":"https:\/\/shopatoa.com\/ro\/dermacol-black-sensation-precise-black-tus-de-ochi-brown-1-ml\/","og_locale":"ro_RO","og_type":"article","og_title":"Dermacol Black Sensation Precise Black tus de ochi Brown 1 ml - SHOPATOA.COM","og_description":"Dermacol Black Sensation Precise Black, 1 ml, Tus de ochi pentru femei, Dori\u021bi s\u0103 v\u0103 eviden\u021bia\u021bi conturul ochilor \u0219i s\u0103 atrage\u021bi toat\u0103 aten\u021bia asupra ochilor dvs.? Produsul DermacolBlack SensationPrecise Black v\u0103 va ajuta \u00een acest sens. Va conferi intensitate \u0219i dramatism privirii dvs. \u0219i va accentua orice alt machiaj. Textura sa u\u0219or de aplicat v\u0103...","og_url":"https:\/\/shopatoa.com\/ro\/dermacol-black-sensation-precise-black-tus-de-ochi-brown-1-ml\/","og_site_name":"SHOPATOA","article_modified_time":"2025-12-15T08:04:22+00:00","og_image":[{"width":800,"height":800,"url":"https:\/\/storage.googleapis.com\/cz-shopatoa-img\/ro\/7378c937-unnamed-file.webp","type":"image\/webp"}],"twitter_card":"summary_large_image","twitter_misc":{"Timp estimat pentru citire":"1 minut"},"schema":{"@context":"https:\/\/schema.org","@graph":[{"@type":"WebPage","@id":"https:\/\/shopatoa.com\/ro\/dermacol-black-sensation-precise-black-tus-de-ochi-brown-1-ml\/","url":"https:\/\/shopatoa.com\/ro\/dermacol-black-sensation-precise-black-tus-de-ochi-brown-1-ml\/","name":"Dermacol Black Sensation Precise Black tus de ochi Brown 1 ml - SHOPATOA.COM","isPartOf":{"@id":"https:\/\/shopatoa.com\/ro\/#website"},"primaryImageOfPage":{"@id":"https:\/\/shopatoa.com\/ro\/dermacol-black-sensation-precise-black-tus-de-ochi-brown-1-ml\/#primaryimage"},"image":{"@id":"https:\/\/shopatoa.com\/ro\/dermacol-black-sensation-precise-black-tus-de-ochi-brown-1-ml\/#primaryimage"},"thumbnailUrl":"https:\/\/storage.googleapis.com\/cz-shopatoa-img\/ro\/7378c937-unnamed-file.webp","datePublished":"2025-06-17T03:27:10+00:00","dateModified":"2025-12-15T08:04:22+00:00","breadcrumb":{"@id":"https:\/\/shopatoa.com\/ro\/dermacol-black-sensation-precise-black-tus-de-ochi-brown-1-ml\/#breadcrumb"},"inLanguage":"ro-RO","potentialAction":[{"@type":"ReadAction","target":["https:\/\/shopatoa.com\/ro\/dermacol-black-sensation-precise-black-tus-de-ochi-brown-1-ml\/"]}]},{"@type":"ImageObject","inLanguage":"ro-RO","@id":"https:\/\/shopatoa.com\/ro\/dermacol-black-sensation-precise-black-tus-de-ochi-brown-1-ml\/#primaryimage","url":"https:\/\/storage.googleapis.com\/cz-shopatoa-img\/ro\/7378c937-unnamed-file.webp","contentUrl":"https:\/\/storage.googleapis.com\/cz-shopatoa-img\/ro\/7378c937-unnamed-file.webp","width":800,"height":800},{"@type":"BreadcrumbList","@id":"https:\/\/shopatoa.com\/ro\/dermacol-black-sensation-precise-black-tus-de-ochi-brown-1-ml\/#breadcrumb","itemListElement":[{"@type":"ListItem","position":1,"name":"Dom\u016f","item":"https:\/\/shopatoa.com\/ro\/"},{"@type":"ListItem","position":2,"name":"Shop","item":"https:\/\/shopatoa.com\/ro\/shop\/"},{"@type":"ListItem","position":3,"name":"S\u0103n\u0103tate \u0219i frumuse\u021be","item":"https:\/\/shopatoa.com\/ro\/sanatate-si-frumusete\/"},{"@type":"ListItem","position":4,"name":"\u00cengrijire personal\u0103","item":"https:\/\/shopatoa.com\/ro\/ingrijire-personala\/"},{"@type":"ListItem","position":5,"name":"Cosmetice","item":"https:\/\/shopatoa.com\/ro\/cosmetice-ingrijire-personala\/"},{"@type":"ListItem","position":6,"name":"Machiaj","item":"https:\/\/shopatoa.com\/ro\/machiaj\/"},{"@type":"ListItem","position":7,"name":"Machiaj pentru ochi","item":"https:\/\/shopatoa.com\/ro\/machiaj-pentru-ochi-machiaj\/"},{"@type":"ListItem","position":8,"name":"Creion de ochi","item":"https:\/\/shopatoa.com\/ro\/creion-de-ochi\/"},{"@type":"ListItem","position":9,"name":"Dermacol Black Sensation Precise Black tus de ochi Brown 1 ml"}]},{"@type":"WebSite","@id":"https:\/\/shopatoa.com\/ro\/#website","url":"https:\/\/shopatoa.com\/ro\/","name":"SHOPATOA","description":"","publisher":{"@id":"https:\/\/shopatoa.com\/ro\/#organization"},"potentialAction":[{"@type":"SearchAction","target":{"@type":"EntryPoint","urlTemplate":"https:\/\/shopatoa.com\/ro\/?s={search_term_string}"},"query-input":{"@type":"PropertyValueSpecification","valueRequired":true,"valueName":"search_term_string"}}],"inLanguage":"ro-RO"},{"@type":"Organization","@id":"https:\/\/shopatoa.com\/ro\/#organization","name":"SHOPATOA","url":"https:\/\/shopatoa.com\/ro\/","logo":{"@type":"ImageObject","inLanguage":"ro-RO","@id":"https:\/\/shopatoa.com\/ro\/#\/schema\/logo\/image\/","url":"https:\/\/storage.googleapis.com\/cz-shopatoa-img\/ro\/b4dac915-shopatoa_logo.png","contentUrl":"https:\/\/storage.googleapis.com\/cz-shopatoa-img\/ro\/b4dac915-shopatoa_logo.png","width":416,"height":63,"caption":"SHOPATOA"},"image":{"@id":"https:\/\/shopatoa.com\/ro\/#\/schema\/logo\/image\/"}}]}},"_links":{"self":[{"href":"https:\/\/shopatoa.com\/ro\/wp-json\/wp\/v2\/product\/393860","targetHints":{"allow":["GET"]}}],"collection":[{"href":"https:\/\/shopatoa.com\/ro\/wp-json\/wp\/v2\/product"}],"about":[{"href":"https:\/\/shopatoa.com\/ro\/wp-json\/wp\/v2\/types\/product"}],"replies":[{"embeddable":true,"href":"https:\/\/shopatoa.com\/ro\/wp-json\/wp\/v2\/comments?post=393860"}],"wp:featuredmedia":[{"embeddable":true,"href":"https:\/\/shopatoa.com\/ro\/wp-json\/wp\/v2\/media\/393861"}],"wp:attachment":[{"href":"https:\/\/shopatoa.com\/ro\/wp-json\/wp\/v2\/media?parent=393860"}],"wp:term":[{"taxonomy":"product_brand","embeddable":true,"href":"https:\/\/shopatoa.com\/ro\/wp-json\/wp\/v2\/product_brand?post=393860"},{"taxonomy":"product_cat","embeddable":true,"href":"https:\/\/shopatoa.com\/ro\/wp-json\/wp\/v2\/product_cat?post=393860"},{"taxonomy":"product_tag","embeddable":true,"href":"https:\/\/shopatoa.com\/ro\/wp-json\/wp\/v2\/product_tag?post=393860"}],"curies":[{"name":"wp","href":"https:\/\/api.w.org\/{rel}","templated":true}]}}