{"id":394856,"date":"2025-06-17T07:17:13","date_gmt":"2025-06-17T05:17:13","guid":{"rendered":"https:\/\/shopatoa.com\/ro\/kundal-honey-macadamia-white-musk-gel-de-dus-matasos-cu-efect-de-hidratare-500-ml\/"},"modified":"2025-12-09T03:35:56","modified_gmt":"2025-12-09T02:35:56","slug":"kundal-honey-macadamia-white-musk-gel-de-dus-matasos-cu-efect-de-hidratare-500-ml","status":"publish","type":"product","link":"https:\/\/shopatoa.com\/ro\/kundal-honey-macadamia-white-musk-gel-de-dus-matasos-cu-efect-de-hidratare-500-ml\/","title":{"rendered":"KUNDAL Honey &amp; Macadamia White Musk gel de du\u0219 m\u0103t\u0103sos cu efect de hidratare 500 ml"},"content":{"rendered":"<p>KUNDAL Honey &amp; Macadamia White Musk, 500 ml, Geluri de dus pentru femei, Du\u0219ul sau baia regulat\u0103 este foarte important\u0103, \u00eens\u0103 dac\u0103 pielea dvs. este predispus\u0103 la uscare, gelurile de du\u0219 obi\u0219nuite \u00eei pot perturba echilibrul delicat. Gelul de du\u0219 KUNDAL Honey &amp; Macadamia White Musk este, prin urmare, \u00eembog\u0103\u021bit cu ingrediente de \u00eengrijire, asigur\u00e2nd pielii \u00een timpul sp\u0103l\u0103rii hidratarea \u0219i nutri\u021bia necesare. Produce o spum\u0103 delicat\u0103, care \u00eendep\u0103rteaz\u0103 u\u0219or toate impurit\u0103\u021bile, hidrat\u00e2nd pielea \u0219i l\u0103s\u00e2nd-o protejat\u0103 \u00eempotriva usc\u0103rii nedorite. Gata cu descuam\u0103rile sau senza\u021bia nepl\u0103cut\u0103 de tensiune, bucura\u021bi-v\u0103 de o piele perfect curat\u0103, catifelat\u0103 \u0219i hidratat\u0103.  Caracteristici:  spal\u0103 pielea \u0219i \u00eendep\u0103rteaz\u0103 impurit\u0103\u021bile hidrateaz\u0103 intens hr\u0103ne\u0219te \u0219i trateaz\u0103 pielea protejeaz\u0103 pielea \u00eempotriva usc\u0103rii creeaz\u0103 o spum\u0103 abundent\u0103 las\u0103 pielea catifelat\u0103, moale \u0219i neted\u0103 miroase pl\u0103cut  Ingrediente:  aloe vera \u2013 are efecte puternic hidratante \u0219i de regenerare, ac\u021bioneaz\u0103 ca antioxidant, ajut\u0103 la protejarea \u00eempotriva radicalilor liberi \u0219i a usc\u0103rii ulei de jojoba \u2013 men\u021bine pielea intens hidratat\u0103, ofer\u0103 protec\u021bie antioxidant\u0103, combate irita\u021bia \u0219i uscarea, ajut\u0103 la reglarea produc\u021biei de sebum \u0219i favorizeaz\u0103 regenerarea ulei de macadamia \u2013 este bogat \u00een acizi gra\u0219i nesatura\u021bi \u0219i vitaminele E \u0219i A, ajut\u0103 la men\u021binerea tenului hidratat \u0219i \u00eel protejeaz\u0103 de pierderea umidit\u0103\u021bii, favorizeaz\u0103 regenerarea, neteze\u0219te \u0219i combate \u00eemb\u0103tr\u00e2nirea extract de gotu kola \u2013 favorizeaz\u0103 regenerarea pielii deteriorate \u0219i afectate, contribuie la netezirea acesteia, previne l\u0103sarea \u0219i pierderea elasticit\u0103\u021bii \u0219i ajut\u0103 la combaterea celulitei  Cum se utilizeaz\u0103: Se aplic\u0103 \u00een timpul du\u0219ului sau al b\u0103ii. Se aplic\u0103 pe \u00eentregul corp \u0219i se cl\u0103te\u0219te cu ap\u0103 cald\u0103. Evita\u021bi contactul direct cu ochii. Ideal pentru utilizarea zilnic\u0103.<\/p>\n","protected":false},"excerpt":{"rendered":"<p>KUNDAL Honey &amp; Macadamia White Musk, 500 ml, Geluri de dus pentru femei, Du\u0219ul sau baia regulat\u0103 este foarte important\u0103, \u00eens\u0103 dac\u0103 pielea dvs. este predispus\u0103 la uscare, gelurile de du\u0219 obi\u0219nuite \u00eei pot perturba echilibrul delicat. Gelul de du\u0219 KUNDAL Honey &amp; Macadamia White Musk este, prin urmare, \u00eembog\u0103\u021bit cu ingrediente de \u00eengrijire, asigur\u00e2nd&#8230;<\/p>\n","protected":false},"featured_media":394857,"comment_status":"closed","ping_status":"open","template":"","meta":{"_acf_changed":false,"_kadence_starter_templates_imported_post":false,"_kad_post_transparent":"","_kad_post_title":"","_kad_post_layout":"","_kad_post_sidebar_id":"","_kad_post_content_style":"","_kad_post_vertical_padding":"","_kad_post_feature":"","_kad_post_feature_position":"","_kad_post_header":false,"_kad_post_footer":false,"_kad_post_classname":""},"product_brand":[2321],"product_cat":[1570,1564,1571,1563,1562],"product_tag":[],"class_list":{"0":"post-394856","1":"product","2":"type-product","3":"status-publish","4":"has-post-thumbnail","6":"product_brand-kundal","7":"product_cat-baie-si-corp","8":"product_cat-cosmetice-ingrijire-personala","9":"product_cat-gel-de-dus","10":"product_cat-ingrijire-personala","11":"product_cat-sanatate-si-frumusete","12":"pa_gen-female","13":"pa_marime-500-ml","15":"first","16":"instock","17":"sale","18":"product-type-external","19":"entry","20":"content-bg","21":"loop-entry"},"acf":[],"yoast_head":"<!-- This site is optimized with the Yoast SEO plugin v27.4 - https:\/\/yoast.com\/product\/yoast-seo-wordpress\/ -->\n<title>KUNDAL Honey &amp; Macadamia White Musk gel de du\u0219 m\u0103t\u0103sos cu efect de hidratare 500 ml - SHOPATOA.COM<\/title>\n<meta name=\"robots\" content=\"index, follow, max-snippet:-1, max-image-preview:large, max-video-preview:-1\" \/>\n<link rel=\"canonical\" href=\"https:\/\/shopatoa.com\/ro\/kundal-honey-macadamia-white-musk-gel-de-dus-matasos-cu-efect-de-hidratare-500-ml\/\" \/>\n<meta property=\"og:locale\" content=\"ro_RO\" \/>\n<meta property=\"og:type\" content=\"article\" \/>\n<meta property=\"og:title\" content=\"KUNDAL Honey &amp; Macadamia White Musk gel de du\u0219 m\u0103t\u0103sos cu efect de hidratare 500 ml - SHOPATOA.COM\" \/>\n<meta property=\"og:description\" content=\"KUNDAL Honey &amp; Macadamia White Musk, 500 ml, Geluri de dus pentru femei, Du\u0219ul sau baia regulat\u0103 este foarte important\u0103, \u00eens\u0103 dac\u0103 pielea dvs. este predispus\u0103 la uscare, gelurile de du\u0219 obi\u0219nuite \u00eei pot perturba echilibrul delicat. Gelul de du\u0219 KUNDAL Honey &amp; Macadamia White Musk este, prin urmare, \u00eembog\u0103\u021bit cu ingrediente de \u00eengrijire, asigur\u00e2nd...\" \/>\n<meta property=\"og:url\" content=\"https:\/\/shopatoa.com\/ro\/kundal-honey-macadamia-white-musk-gel-de-dus-matasos-cu-efect-de-hidratare-500-ml\/\" \/>\n<meta property=\"og:site_name\" content=\"SHOPATOA\" \/>\n<meta property=\"article:modified_time\" content=\"2025-12-09T02:35:56+00:00\" \/>\n<meta property=\"og:image\" content=\"https:\/\/storage.googleapis.com\/cz-shopatoa-img\/ro\/0d9d85c6-unnamed-file.webp\" \/>\n\t<meta property=\"og:image:width\" content=\"800\" \/>\n\t<meta property=\"og:image:height\" content=\"800\" \/>\n\t<meta property=\"og:image:type\" content=\"image\/webp\" \/>\n<meta name=\"twitter:card\" content=\"summary_large_image\" \/>\n<meta name=\"twitter:label1\" content=\"Timp estimat pentru citire\" \/>\n\t<meta name=\"twitter:data1\" content=\"1 minut\" \/>\n<script type=\"application\/ld+json\" class=\"yoast-schema-graph\">{\"@context\":\"https:\\\/\\\/schema.org\",\"@graph\":[{\"@type\":\"WebPage\",\"@id\":\"https:\\\/\\\/shopatoa.com\\\/ro\\\/kundal-honey-macadamia-white-musk-gel-de-dus-matasos-cu-efect-de-hidratare-500-ml\\\/\",\"url\":\"https:\\\/\\\/shopatoa.com\\\/ro\\\/kundal-honey-macadamia-white-musk-gel-de-dus-matasos-cu-efect-de-hidratare-500-ml\\\/\",\"name\":\"KUNDAL Honey & Macadamia White Musk gel de du\u0219 m\u0103t\u0103sos cu efect de hidratare 500 ml - SHOPATOA.COM\",\"isPartOf\":{\"@id\":\"https:\\\/\\\/shopatoa.com\\\/ro\\\/#website\"},\"primaryImageOfPage\":{\"@id\":\"https:\\\/\\\/shopatoa.com\\\/ro\\\/kundal-honey-macadamia-white-musk-gel-de-dus-matasos-cu-efect-de-hidratare-500-ml\\\/#primaryimage\"},\"image\":{\"@id\":\"https:\\\/\\\/shopatoa.com\\\/ro\\\/kundal-honey-macadamia-white-musk-gel-de-dus-matasos-cu-efect-de-hidratare-500-ml\\\/#primaryimage\"},\"thumbnailUrl\":\"https:\\\/\\\/storage.googleapis.com\\\/cz-shopatoa-img\\\/ro\\\/0d9d85c6-unnamed-file.webp\",\"datePublished\":\"2025-06-17T05:17:13+00:00\",\"dateModified\":\"2025-12-09T02:35:56+00:00\",\"breadcrumb\":{\"@id\":\"https:\\\/\\\/shopatoa.com\\\/ro\\\/kundal-honey-macadamia-white-musk-gel-de-dus-matasos-cu-efect-de-hidratare-500-ml\\\/#breadcrumb\"},\"inLanguage\":\"ro-RO\",\"potentialAction\":[{\"@type\":\"ReadAction\",\"target\":[\"https:\\\/\\\/shopatoa.com\\\/ro\\\/kundal-honey-macadamia-white-musk-gel-de-dus-matasos-cu-efect-de-hidratare-500-ml\\\/\"]}]},{\"@type\":\"ImageObject\",\"inLanguage\":\"ro-RO\",\"@id\":\"https:\\\/\\\/shopatoa.com\\\/ro\\\/kundal-honey-macadamia-white-musk-gel-de-dus-matasos-cu-efect-de-hidratare-500-ml\\\/#primaryimage\",\"url\":\"https:\\\/\\\/storage.googleapis.com\\\/cz-shopatoa-img\\\/ro\\\/0d9d85c6-unnamed-file.webp\",\"contentUrl\":\"https:\\\/\\\/storage.googleapis.com\\\/cz-shopatoa-img\\\/ro\\\/0d9d85c6-unnamed-file.webp\",\"width\":800,\"height\":800},{\"@type\":\"BreadcrumbList\",\"@id\":\"https:\\\/\\\/shopatoa.com\\\/ro\\\/kundal-honey-macadamia-white-musk-gel-de-dus-matasos-cu-efect-de-hidratare-500-ml\\\/#breadcrumb\",\"itemListElement\":[{\"@type\":\"ListItem\",\"position\":1,\"name\":\"Dom\u016f\",\"item\":\"https:\\\/\\\/shopatoa.com\\\/ro\\\/\"},{\"@type\":\"ListItem\",\"position\":2,\"name\":\"Shop\",\"item\":\"https:\\\/\\\/shopatoa.com\\\/ro\\\/shop\\\/\"},{\"@type\":\"ListItem\",\"position\":3,\"name\":\"S\u0103n\u0103tate \u0219i frumuse\u021be\",\"item\":\"https:\\\/\\\/shopatoa.com\\\/ro\\\/sanatate-si-frumusete\\\/\"},{\"@type\":\"ListItem\",\"position\":4,\"name\":\"\u00cengrijire personal\u0103\",\"item\":\"https:\\\/\\\/shopatoa.com\\\/ro\\\/ingrijire-personala\\\/\"},{\"@type\":\"ListItem\",\"position\":5,\"name\":\"Cosmetice\",\"item\":\"https:\\\/\\\/shopatoa.com\\\/ro\\\/cosmetice-ingrijire-personala\\\/\"},{\"@type\":\"ListItem\",\"position\":6,\"name\":\"Baie \u0219i corp\",\"item\":\"https:\\\/\\\/shopatoa.com\\\/ro\\\/baie-si-corp\\\/\"},{\"@type\":\"ListItem\",\"position\":7,\"name\":\"Gel de du\u0219\",\"item\":\"https:\\\/\\\/shopatoa.com\\\/ro\\\/gel-de-dus\\\/\"},{\"@type\":\"ListItem\",\"position\":8,\"name\":\"KUNDAL Honey &amp; Macadamia White Musk gel de du\u0219 m\u0103t\u0103sos cu efect de hidratare 500 ml\"}]},{\"@type\":\"WebSite\",\"@id\":\"https:\\\/\\\/shopatoa.com\\\/ro\\\/#website\",\"url\":\"https:\\\/\\\/shopatoa.com\\\/ro\\\/\",\"name\":\"SHOPATOA\",\"description\":\"\",\"publisher\":{\"@id\":\"https:\\\/\\\/shopatoa.com\\\/ro\\\/#organization\"},\"potentialAction\":[{\"@type\":\"SearchAction\",\"target\":{\"@type\":\"EntryPoint\",\"urlTemplate\":\"https:\\\/\\\/shopatoa.com\\\/ro\\\/?s={search_term_string}\"},\"query-input\":{\"@type\":\"PropertyValueSpecification\",\"valueRequired\":true,\"valueName\":\"search_term_string\"}}],\"inLanguage\":\"ro-RO\"},{\"@type\":\"Organization\",\"@id\":\"https:\\\/\\\/shopatoa.com\\\/ro\\\/#organization\",\"name\":\"SHOPATOA\",\"url\":\"https:\\\/\\\/shopatoa.com\\\/ro\\\/\",\"logo\":{\"@type\":\"ImageObject\",\"inLanguage\":\"ro-RO\",\"@id\":\"https:\\\/\\\/shopatoa.com\\\/ro\\\/#\\\/schema\\\/logo\\\/image\\\/\",\"url\":\"https:\\\/\\\/storage.googleapis.com\\\/cz-shopatoa-img\\\/ro\\\/b4dac915-shopatoa_logo.png\",\"contentUrl\":\"https:\\\/\\\/storage.googleapis.com\\\/cz-shopatoa-img\\\/ro\\\/b4dac915-shopatoa_logo.png\",\"width\":416,\"height\":63,\"caption\":\"SHOPATOA\"},\"image\":{\"@id\":\"https:\\\/\\\/shopatoa.com\\\/ro\\\/#\\\/schema\\\/logo\\\/image\\\/\"}}]}<\/script>\n<!-- \/ Yoast SEO plugin. -->","yoast_head_json":{"title":"KUNDAL Honey & Macadamia White Musk gel de du\u0219 m\u0103t\u0103sos cu efect de hidratare 500 ml - SHOPATOA.COM","robots":{"index":"index","follow":"follow","max-snippet":"max-snippet:-1","max-image-preview":"max-image-preview:large","max-video-preview":"max-video-preview:-1"},"canonical":"https:\/\/shopatoa.com\/ro\/kundal-honey-macadamia-white-musk-gel-de-dus-matasos-cu-efect-de-hidratare-500-ml\/","og_locale":"ro_RO","og_type":"article","og_title":"KUNDAL Honey & Macadamia White Musk gel de du\u0219 m\u0103t\u0103sos cu efect de hidratare 500 ml - SHOPATOA.COM","og_description":"KUNDAL Honey &amp; Macadamia White Musk, 500 ml, Geluri de dus pentru femei, Du\u0219ul sau baia regulat\u0103 este foarte important\u0103, \u00eens\u0103 dac\u0103 pielea dvs. este predispus\u0103 la uscare, gelurile de du\u0219 obi\u0219nuite \u00eei pot perturba echilibrul delicat. Gelul de du\u0219 KUNDAL Honey &amp; Macadamia White Musk este, prin urmare, \u00eembog\u0103\u021bit cu ingrediente de \u00eengrijire, asigur\u00e2nd...","og_url":"https:\/\/shopatoa.com\/ro\/kundal-honey-macadamia-white-musk-gel-de-dus-matasos-cu-efect-de-hidratare-500-ml\/","og_site_name":"SHOPATOA","article_modified_time":"2025-12-09T02:35:56+00:00","og_image":[{"width":800,"height":800,"url":"https:\/\/storage.googleapis.com\/cz-shopatoa-img\/ro\/0d9d85c6-unnamed-file.webp","type":"image\/webp"}],"twitter_card":"summary_large_image","twitter_misc":{"Timp estimat pentru citire":"1 minut"},"schema":{"@context":"https:\/\/schema.org","@graph":[{"@type":"WebPage","@id":"https:\/\/shopatoa.com\/ro\/kundal-honey-macadamia-white-musk-gel-de-dus-matasos-cu-efect-de-hidratare-500-ml\/","url":"https:\/\/shopatoa.com\/ro\/kundal-honey-macadamia-white-musk-gel-de-dus-matasos-cu-efect-de-hidratare-500-ml\/","name":"KUNDAL Honey & Macadamia White Musk gel de du\u0219 m\u0103t\u0103sos cu efect de hidratare 500 ml - SHOPATOA.COM","isPartOf":{"@id":"https:\/\/shopatoa.com\/ro\/#website"},"primaryImageOfPage":{"@id":"https:\/\/shopatoa.com\/ro\/kundal-honey-macadamia-white-musk-gel-de-dus-matasos-cu-efect-de-hidratare-500-ml\/#primaryimage"},"image":{"@id":"https:\/\/shopatoa.com\/ro\/kundal-honey-macadamia-white-musk-gel-de-dus-matasos-cu-efect-de-hidratare-500-ml\/#primaryimage"},"thumbnailUrl":"https:\/\/storage.googleapis.com\/cz-shopatoa-img\/ro\/0d9d85c6-unnamed-file.webp","datePublished":"2025-06-17T05:17:13+00:00","dateModified":"2025-12-09T02:35:56+00:00","breadcrumb":{"@id":"https:\/\/shopatoa.com\/ro\/kundal-honey-macadamia-white-musk-gel-de-dus-matasos-cu-efect-de-hidratare-500-ml\/#breadcrumb"},"inLanguage":"ro-RO","potentialAction":[{"@type":"ReadAction","target":["https:\/\/shopatoa.com\/ro\/kundal-honey-macadamia-white-musk-gel-de-dus-matasos-cu-efect-de-hidratare-500-ml\/"]}]},{"@type":"ImageObject","inLanguage":"ro-RO","@id":"https:\/\/shopatoa.com\/ro\/kundal-honey-macadamia-white-musk-gel-de-dus-matasos-cu-efect-de-hidratare-500-ml\/#primaryimage","url":"https:\/\/storage.googleapis.com\/cz-shopatoa-img\/ro\/0d9d85c6-unnamed-file.webp","contentUrl":"https:\/\/storage.googleapis.com\/cz-shopatoa-img\/ro\/0d9d85c6-unnamed-file.webp","width":800,"height":800},{"@type":"BreadcrumbList","@id":"https:\/\/shopatoa.com\/ro\/kundal-honey-macadamia-white-musk-gel-de-dus-matasos-cu-efect-de-hidratare-500-ml\/#breadcrumb","itemListElement":[{"@type":"ListItem","position":1,"name":"Dom\u016f","item":"https:\/\/shopatoa.com\/ro\/"},{"@type":"ListItem","position":2,"name":"Shop","item":"https:\/\/shopatoa.com\/ro\/shop\/"},{"@type":"ListItem","position":3,"name":"S\u0103n\u0103tate \u0219i frumuse\u021be","item":"https:\/\/shopatoa.com\/ro\/sanatate-si-frumusete\/"},{"@type":"ListItem","position":4,"name":"\u00cengrijire personal\u0103","item":"https:\/\/shopatoa.com\/ro\/ingrijire-personala\/"},{"@type":"ListItem","position":5,"name":"Cosmetice","item":"https:\/\/shopatoa.com\/ro\/cosmetice-ingrijire-personala\/"},{"@type":"ListItem","position":6,"name":"Baie \u0219i corp","item":"https:\/\/shopatoa.com\/ro\/baie-si-corp\/"},{"@type":"ListItem","position":7,"name":"Gel de du\u0219","item":"https:\/\/shopatoa.com\/ro\/gel-de-dus\/"},{"@type":"ListItem","position":8,"name":"KUNDAL Honey &amp; Macadamia White Musk gel de du\u0219 m\u0103t\u0103sos cu efect de hidratare 500 ml"}]},{"@type":"WebSite","@id":"https:\/\/shopatoa.com\/ro\/#website","url":"https:\/\/shopatoa.com\/ro\/","name":"SHOPATOA","description":"","publisher":{"@id":"https:\/\/shopatoa.com\/ro\/#organization"},"potentialAction":[{"@type":"SearchAction","target":{"@type":"EntryPoint","urlTemplate":"https:\/\/shopatoa.com\/ro\/?s={search_term_string}"},"query-input":{"@type":"PropertyValueSpecification","valueRequired":true,"valueName":"search_term_string"}}],"inLanguage":"ro-RO"},{"@type":"Organization","@id":"https:\/\/shopatoa.com\/ro\/#organization","name":"SHOPATOA","url":"https:\/\/shopatoa.com\/ro\/","logo":{"@type":"ImageObject","inLanguage":"ro-RO","@id":"https:\/\/shopatoa.com\/ro\/#\/schema\/logo\/image\/","url":"https:\/\/storage.googleapis.com\/cz-shopatoa-img\/ro\/b4dac915-shopatoa_logo.png","contentUrl":"https:\/\/storage.googleapis.com\/cz-shopatoa-img\/ro\/b4dac915-shopatoa_logo.png","width":416,"height":63,"caption":"SHOPATOA"},"image":{"@id":"https:\/\/shopatoa.com\/ro\/#\/schema\/logo\/image\/"}}]}},"_links":{"self":[{"href":"https:\/\/shopatoa.com\/ro\/wp-json\/wp\/v2\/product\/394856","targetHints":{"allow":["GET"]}}],"collection":[{"href":"https:\/\/shopatoa.com\/ro\/wp-json\/wp\/v2\/product"}],"about":[{"href":"https:\/\/shopatoa.com\/ro\/wp-json\/wp\/v2\/types\/product"}],"replies":[{"embeddable":true,"href":"https:\/\/shopatoa.com\/ro\/wp-json\/wp\/v2\/comments?post=394856"}],"wp:featuredmedia":[{"embeddable":true,"href":"https:\/\/shopatoa.com\/ro\/wp-json\/wp\/v2\/media\/394857"}],"wp:attachment":[{"href":"https:\/\/shopatoa.com\/ro\/wp-json\/wp\/v2\/media?parent=394856"}],"wp:term":[{"taxonomy":"product_brand","embeddable":true,"href":"https:\/\/shopatoa.com\/ro\/wp-json\/wp\/v2\/product_brand?post=394856"},{"taxonomy":"product_cat","embeddable":true,"href":"https:\/\/shopatoa.com\/ro\/wp-json\/wp\/v2\/product_cat?post=394856"},{"taxonomy":"product_tag","embeddable":true,"href":"https:\/\/shopatoa.com\/ro\/wp-json\/wp\/v2\/product_tag?post=394856"}],"curies":[{"name":"wp","href":"https:\/\/api.w.org\/{rel}","templated":true}]}}