{"id":395264,"date":"2025-06-17T07:52:35","date_gmt":"2025-06-17T05:52:35","guid":{"rendered":"https:\/\/shopatoa.com\/ro\/nyx-professional-makeup-fa-la-l-a-land-set-cadou-de-craciun\/"},"modified":"2025-11-14T07:53:18","modified_gmt":"2025-11-14T06:53:18","slug":"nyx-professional-makeup-fa-la-l-a-land-set-cadou-de-craciun","status":"publish","type":"product","link":"https:\/\/shopatoa.com\/ro\/nyx-professional-makeup-fa-la-l-a-land-set-cadou-de-craciun\/","title":{"rendered":"NYX Professional Makeup FA LA L.A. LAND set cadou de Cr\u0103ciun"},"content":{"rendered":"<p>NYX Professional Makeup FA LA L.A. LAND, 15 buc, Iluminator pentru femei, Totul pentru un machiaj perfect \u00eentr-un singur ambalaj. Setul de cosmetice NYX Professional Makeup FA LA L.A. LAND con\u021bine nu unul, ci mai multe articole de beauty, pentru a v\u0103 ajuta s\u0103 crea\u021bi sau s\u0103 \u00eembog\u0103\u021bi\u021bi rutina obi\u0219nuit\u0103 de machiaj. Pachetul plin de produse cosmetice decorative v\u0103 va \u00eenc\u00e2nta cu siguran\u021b\u0103 sau, drept cadou, \u00eei va \u00eenc\u00e2nta pe cei dragi.  Setul con\u021bine:  NYX Professional Makeup Sweet Cheeks fard de obraz lichid 1 buc NYX Professional Makeup Born To Glow! iluminator lichid 1 buc NYX Professional Makeup Butter Gloss Candy Swirl lip gloss (editie limitata) 1 buc NYX Professional Makeup burete pentru machiaj 1 buc NYX Professional Makeup pil\u0103 de unghii 1 buc  NYX Professional Makeup Fat Oil Lip Drip ulei pentru buze 4.8 ml  NYX Professional Makeup Butter Gloss lip gloss 3 buc  NYX Professional Makeup Ultimate Edit Petite Shadow palet\u0103 cu farduri de ochi 6&#215;1.2 g  NYX Professional Makeup This is Milky Gloss Milkshakes lip gloss hidratant produs parfumat 4 ml  NYX Professional Makeup Smooth Whip Matte Lip Cream ruj de buze catifelant cu efect de netezire 4 ml   Caracteristici:  o rutin\u0103 complet\u0103 permite crearea unui machiaj variat foarte potrivit ca un cadou frumos ambalat<\/p>\n","protected":false},"excerpt":{"rendered":"<p>NYX Professional Makeup FA LA L.A. LAND, 15 buc, Iluminator pentru femei, Totul pentru un machiaj perfect \u00eentr-un singur ambalaj. Setul de cosmetice NYX Professional Makeup FA LA L.A. LAND con\u021bine nu unul, ci mai multe articole de beauty, pentru a v\u0103 ajuta s\u0103 crea\u021bi sau s\u0103 \u00eembog\u0103\u021bi\u021bi rutina obi\u0219nuit\u0103 de machiaj. Pachetul plin de&#8230;<\/p>\n","protected":false},"featured_media":395265,"comment_status":"closed","ping_status":"open","template":"","meta":{"_acf_changed":false,"_kadence_starter_templates_imported_post":false,"_kad_post_transparent":"","_kad_post_title":"","_kad_post_layout":"","_kad_post_sidebar_id":"","_kad_post_content_style":"","_kad_post_vertical_padding":"","_kad_post_feature":"","_kad_post_feature_position":"","_kad_post_header":false,"_kad_post_footer":false,"_kad_post_classname":""},"product_brand":[1750],"product_cat":[1628,1564,1563,1565,1562],"product_tag":[],"class_list":{"0":"post-395264","1":"product","2":"type-product","3":"status-publish","4":"has-post-thumbnail","6":"product_brand-nyx-professional-makeup","7":"product_cat-balsamuri-si-tratamente-pentru-buze","8":"product_cat-cosmetice-ingrijire-personala","9":"product_cat-ingrijire-personala","10":"product_cat-ingrijirea-pielii","11":"product_cat-sanatate-si-frumusete","12":"pa_gen-female","13":"pa_marime-15-buc","15":"first","16":"instock","17":"sale","18":"product-type-external","19":"entry","20":"content-bg","21":"loop-entry"},"acf":[],"yoast_head":"<!-- This site is optimized with the Yoast SEO plugin v27.4 - https:\/\/yoast.com\/product\/yoast-seo-wordpress\/ -->\n<title>NYX Professional Makeup FA LA L.A. LAND set cadou de Cr\u0103ciun - SHOPATOA.COM<\/title>\n<meta name=\"robots\" content=\"index, follow, max-snippet:-1, max-image-preview:large, max-video-preview:-1\" \/>\n<link rel=\"canonical\" href=\"https:\/\/shopatoa.com\/ro\/nyx-professional-makeup-fa-la-l-a-land-set-cadou-de-craciun\/\" \/>\n<meta property=\"og:locale\" content=\"ro_RO\" \/>\n<meta property=\"og:type\" content=\"article\" \/>\n<meta property=\"og:title\" content=\"NYX Professional Makeup FA LA L.A. LAND set cadou de Cr\u0103ciun - SHOPATOA.COM\" \/>\n<meta property=\"og:description\" content=\"NYX Professional Makeup FA LA L.A. LAND, 15 buc, Iluminator pentru femei, Totul pentru un machiaj perfect \u00eentr-un singur ambalaj. Setul de cosmetice NYX Professional Makeup FA LA L.A. LAND con\u021bine nu unul, ci mai multe articole de beauty, pentru a v\u0103 ajuta s\u0103 crea\u021bi sau s\u0103 \u00eembog\u0103\u021bi\u021bi rutina obi\u0219nuit\u0103 de machiaj. Pachetul plin de...\" \/>\n<meta property=\"og:url\" content=\"https:\/\/shopatoa.com\/ro\/nyx-professional-makeup-fa-la-l-a-land-set-cadou-de-craciun\/\" \/>\n<meta property=\"og:site_name\" content=\"SHOPATOA\" \/>\n<meta property=\"article:modified_time\" content=\"2025-11-14T06:53:18+00:00\" \/>\n<meta property=\"og:image\" content=\"https:\/\/storage.googleapis.com\/cz-shopatoa-img\/ro\/40157d10-unnamed-file.webp\" \/>\n\t<meta property=\"og:image:width\" content=\"800\" \/>\n\t<meta property=\"og:image:height\" content=\"800\" \/>\n\t<meta property=\"og:image:type\" content=\"image\/webp\" \/>\n<meta name=\"twitter:card\" content=\"summary_large_image\" \/>\n<meta name=\"twitter:label1\" content=\"Timp estimat pentru citire\" \/>\n\t<meta name=\"twitter:data1\" content=\"1 minut\" \/>\n<script type=\"application\/ld+json\" class=\"yoast-schema-graph\">{\"@context\":\"https:\\\/\\\/schema.org\",\"@graph\":[{\"@type\":\"WebPage\",\"@id\":\"https:\\\/\\\/shopatoa.com\\\/ro\\\/nyx-professional-makeup-fa-la-l-a-land-set-cadou-de-craciun\\\/\",\"url\":\"https:\\\/\\\/shopatoa.com\\\/ro\\\/nyx-professional-makeup-fa-la-l-a-land-set-cadou-de-craciun\\\/\",\"name\":\"NYX Professional Makeup FA LA L.A. LAND set cadou de Cr\u0103ciun - SHOPATOA.COM\",\"isPartOf\":{\"@id\":\"https:\\\/\\\/shopatoa.com\\\/ro\\\/#website\"},\"primaryImageOfPage\":{\"@id\":\"https:\\\/\\\/shopatoa.com\\\/ro\\\/nyx-professional-makeup-fa-la-l-a-land-set-cadou-de-craciun\\\/#primaryimage\"},\"image\":{\"@id\":\"https:\\\/\\\/shopatoa.com\\\/ro\\\/nyx-professional-makeup-fa-la-l-a-land-set-cadou-de-craciun\\\/#primaryimage\"},\"thumbnailUrl\":\"https:\\\/\\\/storage.googleapis.com\\\/cz-shopatoa-img\\\/ro\\\/40157d10-unnamed-file.webp\",\"datePublished\":\"2025-06-17T05:52:35+00:00\",\"dateModified\":\"2025-11-14T06:53:18+00:00\",\"breadcrumb\":{\"@id\":\"https:\\\/\\\/shopatoa.com\\\/ro\\\/nyx-professional-makeup-fa-la-l-a-land-set-cadou-de-craciun\\\/#breadcrumb\"},\"inLanguage\":\"ro-RO\",\"potentialAction\":[{\"@type\":\"ReadAction\",\"target\":[\"https:\\\/\\\/shopatoa.com\\\/ro\\\/nyx-professional-makeup-fa-la-l-a-land-set-cadou-de-craciun\\\/\"]}]},{\"@type\":\"ImageObject\",\"inLanguage\":\"ro-RO\",\"@id\":\"https:\\\/\\\/shopatoa.com\\\/ro\\\/nyx-professional-makeup-fa-la-l-a-land-set-cadou-de-craciun\\\/#primaryimage\",\"url\":\"https:\\\/\\\/storage.googleapis.com\\\/cz-shopatoa-img\\\/ro\\\/40157d10-unnamed-file.webp\",\"contentUrl\":\"https:\\\/\\\/storage.googleapis.com\\\/cz-shopatoa-img\\\/ro\\\/40157d10-unnamed-file.webp\",\"width\":800,\"height\":800},{\"@type\":\"BreadcrumbList\",\"@id\":\"https:\\\/\\\/shopatoa.com\\\/ro\\\/nyx-professional-makeup-fa-la-l-a-land-set-cadou-de-craciun\\\/#breadcrumb\",\"itemListElement\":[{\"@type\":\"ListItem\",\"position\":1,\"name\":\"Dom\u016f\",\"item\":\"https:\\\/\\\/shopatoa.com\\\/ro\\\/\"},{\"@type\":\"ListItem\",\"position\":2,\"name\":\"Shop\",\"item\":\"https:\\\/\\\/shopatoa.com\\\/ro\\\/shop\\\/\"},{\"@type\":\"ListItem\",\"position\":3,\"name\":\"S\u0103n\u0103tate \u0219i frumuse\u021be\",\"item\":\"https:\\\/\\\/shopatoa.com\\\/ro\\\/sanatate-si-frumusete\\\/\"},{\"@type\":\"ListItem\",\"position\":4,\"name\":\"\u00cengrijire personal\u0103\",\"item\":\"https:\\\/\\\/shopatoa.com\\\/ro\\\/ingrijire-personala\\\/\"},{\"@type\":\"ListItem\",\"position\":5,\"name\":\"Cosmetice\",\"item\":\"https:\\\/\\\/shopatoa.com\\\/ro\\\/cosmetice-ingrijire-personala\\\/\"},{\"@type\":\"ListItem\",\"position\":6,\"name\":\"\u00cengrijirea pielii\",\"item\":\"https:\\\/\\\/shopatoa.com\\\/ro\\\/ingrijirea-pielii\\\/\"},{\"@type\":\"ListItem\",\"position\":7,\"name\":\"Balsamuri \u0219i tratamente pentru buze\",\"item\":\"https:\\\/\\\/shopatoa.com\\\/ro\\\/balsamuri-si-tratamente-pentru-buze\\\/\"},{\"@type\":\"ListItem\",\"position\":8,\"name\":\"NYX Professional Makeup FA LA L.A. LAND set cadou de Cr\u0103ciun\"}]},{\"@type\":\"WebSite\",\"@id\":\"https:\\\/\\\/shopatoa.com\\\/ro\\\/#website\",\"url\":\"https:\\\/\\\/shopatoa.com\\\/ro\\\/\",\"name\":\"SHOPATOA\",\"description\":\"\",\"publisher\":{\"@id\":\"https:\\\/\\\/shopatoa.com\\\/ro\\\/#organization\"},\"potentialAction\":[{\"@type\":\"SearchAction\",\"target\":{\"@type\":\"EntryPoint\",\"urlTemplate\":\"https:\\\/\\\/shopatoa.com\\\/ro\\\/?s={search_term_string}\"},\"query-input\":{\"@type\":\"PropertyValueSpecification\",\"valueRequired\":true,\"valueName\":\"search_term_string\"}}],\"inLanguage\":\"ro-RO\"},{\"@type\":\"Organization\",\"@id\":\"https:\\\/\\\/shopatoa.com\\\/ro\\\/#organization\",\"name\":\"SHOPATOA\",\"url\":\"https:\\\/\\\/shopatoa.com\\\/ro\\\/\",\"logo\":{\"@type\":\"ImageObject\",\"inLanguage\":\"ro-RO\",\"@id\":\"https:\\\/\\\/shopatoa.com\\\/ro\\\/#\\\/schema\\\/logo\\\/image\\\/\",\"url\":\"https:\\\/\\\/storage.googleapis.com\\\/cz-shopatoa-img\\\/ro\\\/b4dac915-shopatoa_logo.png\",\"contentUrl\":\"https:\\\/\\\/storage.googleapis.com\\\/cz-shopatoa-img\\\/ro\\\/b4dac915-shopatoa_logo.png\",\"width\":416,\"height\":63,\"caption\":\"SHOPATOA\"},\"image\":{\"@id\":\"https:\\\/\\\/shopatoa.com\\\/ro\\\/#\\\/schema\\\/logo\\\/image\\\/\"}}]}<\/script>\n<!-- \/ Yoast SEO plugin. -->","yoast_head_json":{"title":"NYX Professional Makeup FA LA L.A. LAND set cadou de Cr\u0103ciun - SHOPATOA.COM","robots":{"index":"index","follow":"follow","max-snippet":"max-snippet:-1","max-image-preview":"max-image-preview:large","max-video-preview":"max-video-preview:-1"},"canonical":"https:\/\/shopatoa.com\/ro\/nyx-professional-makeup-fa-la-l-a-land-set-cadou-de-craciun\/","og_locale":"ro_RO","og_type":"article","og_title":"NYX Professional Makeup FA LA L.A. LAND set cadou de Cr\u0103ciun - SHOPATOA.COM","og_description":"NYX Professional Makeup FA LA L.A. LAND, 15 buc, Iluminator pentru femei, Totul pentru un machiaj perfect \u00eentr-un singur ambalaj. Setul de cosmetice NYX Professional Makeup FA LA L.A. LAND con\u021bine nu unul, ci mai multe articole de beauty, pentru a v\u0103 ajuta s\u0103 crea\u021bi sau s\u0103 \u00eembog\u0103\u021bi\u021bi rutina obi\u0219nuit\u0103 de machiaj. Pachetul plin de...","og_url":"https:\/\/shopatoa.com\/ro\/nyx-professional-makeup-fa-la-l-a-land-set-cadou-de-craciun\/","og_site_name":"SHOPATOA","article_modified_time":"2025-11-14T06:53:18+00:00","og_image":[{"width":800,"height":800,"url":"https:\/\/storage.googleapis.com\/cz-shopatoa-img\/ro\/40157d10-unnamed-file.webp","type":"image\/webp"}],"twitter_card":"summary_large_image","twitter_misc":{"Timp estimat pentru citire":"1 minut"},"schema":{"@context":"https:\/\/schema.org","@graph":[{"@type":"WebPage","@id":"https:\/\/shopatoa.com\/ro\/nyx-professional-makeup-fa-la-l-a-land-set-cadou-de-craciun\/","url":"https:\/\/shopatoa.com\/ro\/nyx-professional-makeup-fa-la-l-a-land-set-cadou-de-craciun\/","name":"NYX Professional Makeup FA LA L.A. LAND set cadou de Cr\u0103ciun - SHOPATOA.COM","isPartOf":{"@id":"https:\/\/shopatoa.com\/ro\/#website"},"primaryImageOfPage":{"@id":"https:\/\/shopatoa.com\/ro\/nyx-professional-makeup-fa-la-l-a-land-set-cadou-de-craciun\/#primaryimage"},"image":{"@id":"https:\/\/shopatoa.com\/ro\/nyx-professional-makeup-fa-la-l-a-land-set-cadou-de-craciun\/#primaryimage"},"thumbnailUrl":"https:\/\/storage.googleapis.com\/cz-shopatoa-img\/ro\/40157d10-unnamed-file.webp","datePublished":"2025-06-17T05:52:35+00:00","dateModified":"2025-11-14T06:53:18+00:00","breadcrumb":{"@id":"https:\/\/shopatoa.com\/ro\/nyx-professional-makeup-fa-la-l-a-land-set-cadou-de-craciun\/#breadcrumb"},"inLanguage":"ro-RO","potentialAction":[{"@type":"ReadAction","target":["https:\/\/shopatoa.com\/ro\/nyx-professional-makeup-fa-la-l-a-land-set-cadou-de-craciun\/"]}]},{"@type":"ImageObject","inLanguage":"ro-RO","@id":"https:\/\/shopatoa.com\/ro\/nyx-professional-makeup-fa-la-l-a-land-set-cadou-de-craciun\/#primaryimage","url":"https:\/\/storage.googleapis.com\/cz-shopatoa-img\/ro\/40157d10-unnamed-file.webp","contentUrl":"https:\/\/storage.googleapis.com\/cz-shopatoa-img\/ro\/40157d10-unnamed-file.webp","width":800,"height":800},{"@type":"BreadcrumbList","@id":"https:\/\/shopatoa.com\/ro\/nyx-professional-makeup-fa-la-l-a-land-set-cadou-de-craciun\/#breadcrumb","itemListElement":[{"@type":"ListItem","position":1,"name":"Dom\u016f","item":"https:\/\/shopatoa.com\/ro\/"},{"@type":"ListItem","position":2,"name":"Shop","item":"https:\/\/shopatoa.com\/ro\/shop\/"},{"@type":"ListItem","position":3,"name":"S\u0103n\u0103tate \u0219i frumuse\u021be","item":"https:\/\/shopatoa.com\/ro\/sanatate-si-frumusete\/"},{"@type":"ListItem","position":4,"name":"\u00cengrijire personal\u0103","item":"https:\/\/shopatoa.com\/ro\/ingrijire-personala\/"},{"@type":"ListItem","position":5,"name":"Cosmetice","item":"https:\/\/shopatoa.com\/ro\/cosmetice-ingrijire-personala\/"},{"@type":"ListItem","position":6,"name":"\u00cengrijirea pielii","item":"https:\/\/shopatoa.com\/ro\/ingrijirea-pielii\/"},{"@type":"ListItem","position":7,"name":"Balsamuri \u0219i tratamente pentru buze","item":"https:\/\/shopatoa.com\/ro\/balsamuri-si-tratamente-pentru-buze\/"},{"@type":"ListItem","position":8,"name":"NYX Professional Makeup FA LA L.A. LAND set cadou de Cr\u0103ciun"}]},{"@type":"WebSite","@id":"https:\/\/shopatoa.com\/ro\/#website","url":"https:\/\/shopatoa.com\/ro\/","name":"SHOPATOA","description":"","publisher":{"@id":"https:\/\/shopatoa.com\/ro\/#organization"},"potentialAction":[{"@type":"SearchAction","target":{"@type":"EntryPoint","urlTemplate":"https:\/\/shopatoa.com\/ro\/?s={search_term_string}"},"query-input":{"@type":"PropertyValueSpecification","valueRequired":true,"valueName":"search_term_string"}}],"inLanguage":"ro-RO"},{"@type":"Organization","@id":"https:\/\/shopatoa.com\/ro\/#organization","name":"SHOPATOA","url":"https:\/\/shopatoa.com\/ro\/","logo":{"@type":"ImageObject","inLanguage":"ro-RO","@id":"https:\/\/shopatoa.com\/ro\/#\/schema\/logo\/image\/","url":"https:\/\/storage.googleapis.com\/cz-shopatoa-img\/ro\/b4dac915-shopatoa_logo.png","contentUrl":"https:\/\/storage.googleapis.com\/cz-shopatoa-img\/ro\/b4dac915-shopatoa_logo.png","width":416,"height":63,"caption":"SHOPATOA"},"image":{"@id":"https:\/\/shopatoa.com\/ro\/#\/schema\/logo\/image\/"}}]}},"_links":{"self":[{"href":"https:\/\/shopatoa.com\/ro\/wp-json\/wp\/v2\/product\/395264","targetHints":{"allow":["GET"]}}],"collection":[{"href":"https:\/\/shopatoa.com\/ro\/wp-json\/wp\/v2\/product"}],"about":[{"href":"https:\/\/shopatoa.com\/ro\/wp-json\/wp\/v2\/types\/product"}],"replies":[{"embeddable":true,"href":"https:\/\/shopatoa.com\/ro\/wp-json\/wp\/v2\/comments?post=395264"}],"wp:featuredmedia":[{"embeddable":true,"href":"https:\/\/shopatoa.com\/ro\/wp-json\/wp\/v2\/media\/395265"}],"wp:attachment":[{"href":"https:\/\/shopatoa.com\/ro\/wp-json\/wp\/v2\/media?parent=395264"}],"wp:term":[{"taxonomy":"product_brand","embeddable":true,"href":"https:\/\/shopatoa.com\/ro\/wp-json\/wp\/v2\/product_brand?post=395264"},{"taxonomy":"product_cat","embeddable":true,"href":"https:\/\/shopatoa.com\/ro\/wp-json\/wp\/v2\/product_cat?post=395264"},{"taxonomy":"product_tag","embeddable":true,"href":"https:\/\/shopatoa.com\/ro\/wp-json\/wp\/v2\/product_tag?post=395264"}],"curies":[{"name":"wp","href":"https:\/\/api.w.org\/{rel}","templated":true}]}}