{"id":395776,"date":"2025-06-17T08:58:21","date_gmt":"2025-06-17T06:58:21","guid":{"rendered":"https:\/\/shopatoa.com\/ro\/remington-silk-curling-wand-ci96w1-ondulator-conic-1-buc\/"},"modified":"2025-12-08T21:15:33","modified_gmt":"2025-12-08T20:15:33","slug":"remington-silk-curling-wand-ci96w1-ondulator-conic-1-buc","status":"publish","type":"product","link":"https:\/\/shopatoa.com\/ro\/remington-silk-curling-wand-ci96w1-ondulator-conic-1-buc\/","title":{"rendered":"Remington Silk Curling Wand CI96W1 ondulator conic 1 buc"},"content":{"rendered":"<p>Remington Silk Curling Wand CI96W1, 1 buc, Produse electronice pentru femei, Dori\u021bi s\u0103 crea\u021bi valuri romantice, bucle voluminoase ori c\u00e2rlion\u021bi dezl\u0103n\u021bui\u021bi? Ondulatorul de p\u0103r Remington Silk Curling Wand CI96W1 v\u0103 onduleaz\u0103 p\u0103rul \u00een c\u00e2teva minute \u0219i \u00eei asigur\u0103 o form\u0103 perfect\u0103, exact a\u0219a cum v\u0103 dori\u021bi. Fie c\u0103 merge\u021bi la munc\u0103, la o petrecere sau chiar la un bal de absolvire, acest ondulator v\u0103 va oferi un styling perfect ca din m\u00e2inile unui profesionist, \u00een confortul propriei b\u0103i.  Caracteristici:  onduleaz\u0103 p\u0103rul cu grij\u0103, cre\u00e2nd coafuri moderne onduleaz\u0103 p\u0103rul, f\u0103r\u0103 a-l stresa sau a-l rupe oprire automat\u0103, dup\u0103 o perioad\u0103 de inactivitate ondulator conic  Cum se utilizeaz\u0103: Se vor urma instruc\u021biunile de utilizare incluse.<\/p>\n","protected":false},"excerpt":{"rendered":"<p>Remington Silk Curling Wand CI96W1, 1 buc, Produse electronice pentru femei, Dori\u021bi s\u0103 crea\u021bi valuri romantice, bucle voluminoase ori c\u00e2rlion\u021bi dezl\u0103n\u021bui\u021bi? Ondulatorul de p\u0103r Remington Silk Curling Wand CI96W1 v\u0103 onduleaz\u0103 p\u0103rul \u00een c\u00e2teva minute \u0219i \u00eei asigur\u0103 o form\u0103 perfect\u0103, exact a\u0219a cum v\u0103 dori\u021bi. Fie c\u0103 merge\u021bi la munc\u0103, la o petrecere sau&#8230;<\/p>\n","protected":false},"featured_media":395777,"comment_status":"closed","ping_status":"open","template":"","meta":{"_acf_changed":false,"_kadence_starter_templates_imported_post":false,"_kad_post_transparent":"","_kad_post_title":"","_kad_post_layout":"","_kad_post_sidebar_id":"","_kad_post_content_style":"","_kad_post_vertical_padding":"","_kad_post_feature":"","_kad_post_feature_position":"","_kad_post_header":false,"_kad_post_footer":false,"_kad_post_classname":""},"product_brand":[2074],"product_cat":[1563,1590,2560,1562,1657],"product_tag":[],"class_list":{"0":"post-395776","1":"product","2":"type-product","3":"status-publish","4":"has-post-thumbnail","6":"product_brand-remington","7":"product_cat-ingrijire-personala","8":"product_cat-ingrijirea-parului","9":"product_cat-ondulatoare","10":"product_cat-sanatate-si-frumusete","11":"product_cat-unelte-de-coafat","12":"pa_gen-female","13":"pa_marime-1-buc","15":"first","16":"instock","17":"sale","18":"product-type-external","19":"entry","20":"content-bg","21":"loop-entry"},"acf":[],"yoast_head":"<!-- This site is optimized with the Yoast SEO plugin v27.4 - https:\/\/yoast.com\/product\/yoast-seo-wordpress\/ -->\n<title>Remington Silk Curling Wand CI96W1 ondulator conic 1 buc - SHOPATOA.COM<\/title>\n<meta name=\"robots\" content=\"index, follow, max-snippet:-1, max-image-preview:large, max-video-preview:-1\" \/>\n<link rel=\"canonical\" href=\"https:\/\/shopatoa.com\/ro\/remington-silk-curling-wand-ci96w1-ondulator-conic-1-buc\/\" \/>\n<meta property=\"og:locale\" content=\"ro_RO\" \/>\n<meta property=\"og:type\" content=\"article\" \/>\n<meta property=\"og:title\" content=\"Remington Silk Curling Wand CI96W1 ondulator conic 1 buc - SHOPATOA.COM\" \/>\n<meta property=\"og:description\" content=\"Remington Silk Curling Wand CI96W1, 1 buc, Produse electronice pentru femei, Dori\u021bi s\u0103 crea\u021bi valuri romantice, bucle voluminoase ori c\u00e2rlion\u021bi dezl\u0103n\u021bui\u021bi? Ondulatorul de p\u0103r Remington Silk Curling Wand CI96W1 v\u0103 onduleaz\u0103 p\u0103rul \u00een c\u00e2teva minute \u0219i \u00eei asigur\u0103 o form\u0103 perfect\u0103, exact a\u0219a cum v\u0103 dori\u021bi. Fie c\u0103 merge\u021bi la munc\u0103, la o petrecere sau...\" \/>\n<meta property=\"og:url\" content=\"https:\/\/shopatoa.com\/ro\/remington-silk-curling-wand-ci96w1-ondulator-conic-1-buc\/\" \/>\n<meta property=\"og:site_name\" content=\"SHOPATOA\" \/>\n<meta property=\"article:modified_time\" content=\"2025-12-08T20:15:33+00:00\" \/>\n<meta property=\"og:image\" content=\"https:\/\/storage.googleapis.com\/cz-shopatoa-img\/ro\/199b4b14-unnamed-file.webp\" \/>\n\t<meta property=\"og:image:width\" content=\"800\" \/>\n\t<meta property=\"og:image:height\" content=\"800\" \/>\n\t<meta property=\"og:image:type\" content=\"image\/webp\" \/>\n<meta name=\"twitter:card\" content=\"summary_large_image\" \/>\n<meta name=\"twitter:label1\" content=\"Timp estimat pentru citire\" \/>\n\t<meta name=\"twitter:data1\" content=\"1 minut\" \/>\n<script type=\"application\/ld+json\" class=\"yoast-schema-graph\">{\"@context\":\"https:\\\/\\\/schema.org\",\"@graph\":[{\"@type\":\"WebPage\",\"@id\":\"https:\\\/\\\/shopatoa.com\\\/ro\\\/remington-silk-curling-wand-ci96w1-ondulator-conic-1-buc\\\/\",\"url\":\"https:\\\/\\\/shopatoa.com\\\/ro\\\/remington-silk-curling-wand-ci96w1-ondulator-conic-1-buc\\\/\",\"name\":\"Remington Silk Curling Wand CI96W1 ondulator conic 1 buc - SHOPATOA.COM\",\"isPartOf\":{\"@id\":\"https:\\\/\\\/shopatoa.com\\\/ro\\\/#website\"},\"primaryImageOfPage\":{\"@id\":\"https:\\\/\\\/shopatoa.com\\\/ro\\\/remington-silk-curling-wand-ci96w1-ondulator-conic-1-buc\\\/#primaryimage\"},\"image\":{\"@id\":\"https:\\\/\\\/shopatoa.com\\\/ro\\\/remington-silk-curling-wand-ci96w1-ondulator-conic-1-buc\\\/#primaryimage\"},\"thumbnailUrl\":\"https:\\\/\\\/storage.googleapis.com\\\/cz-shopatoa-img\\\/ro\\\/199b4b14-unnamed-file.webp\",\"datePublished\":\"2025-06-17T06:58:21+00:00\",\"dateModified\":\"2025-12-08T20:15:33+00:00\",\"breadcrumb\":{\"@id\":\"https:\\\/\\\/shopatoa.com\\\/ro\\\/remington-silk-curling-wand-ci96w1-ondulator-conic-1-buc\\\/#breadcrumb\"},\"inLanguage\":\"ro-RO\",\"potentialAction\":[{\"@type\":\"ReadAction\",\"target\":[\"https:\\\/\\\/shopatoa.com\\\/ro\\\/remington-silk-curling-wand-ci96w1-ondulator-conic-1-buc\\\/\"]}]},{\"@type\":\"ImageObject\",\"inLanguage\":\"ro-RO\",\"@id\":\"https:\\\/\\\/shopatoa.com\\\/ro\\\/remington-silk-curling-wand-ci96w1-ondulator-conic-1-buc\\\/#primaryimage\",\"url\":\"https:\\\/\\\/storage.googleapis.com\\\/cz-shopatoa-img\\\/ro\\\/199b4b14-unnamed-file.webp\",\"contentUrl\":\"https:\\\/\\\/storage.googleapis.com\\\/cz-shopatoa-img\\\/ro\\\/199b4b14-unnamed-file.webp\",\"width\":800,\"height\":800},{\"@type\":\"BreadcrumbList\",\"@id\":\"https:\\\/\\\/shopatoa.com\\\/ro\\\/remington-silk-curling-wand-ci96w1-ondulator-conic-1-buc\\\/#breadcrumb\",\"itemListElement\":[{\"@type\":\"ListItem\",\"position\":1,\"name\":\"Dom\u016f\",\"item\":\"https:\\\/\\\/shopatoa.com\\\/ro\\\/\"},{\"@type\":\"ListItem\",\"position\":2,\"name\":\"Shop\",\"item\":\"https:\\\/\\\/shopatoa.com\\\/ro\\\/shop\\\/\"},{\"@type\":\"ListItem\",\"position\":3,\"name\":\"S\u0103n\u0103tate \u0219i frumuse\u021be\",\"item\":\"https:\\\/\\\/shopatoa.com\\\/ro\\\/sanatate-si-frumusete\\\/\"},{\"@type\":\"ListItem\",\"position\":4,\"name\":\"\u00cengrijire personal\u0103\",\"item\":\"https:\\\/\\\/shopatoa.com\\\/ro\\\/ingrijire-personala\\\/\"},{\"@type\":\"ListItem\",\"position\":5,\"name\":\"\u00cengrijirea p\u0103rului\",\"item\":\"https:\\\/\\\/shopatoa.com\\\/ro\\\/ingrijirea-parului\\\/\"},{\"@type\":\"ListItem\",\"position\":6,\"name\":\"Unelte de coafat\",\"item\":\"https:\\\/\\\/shopatoa.com\\\/ro\\\/unelte-de-coafat\\\/\"},{\"@type\":\"ListItem\",\"position\":7,\"name\":\"Ondulatoare\",\"item\":\"https:\\\/\\\/shopatoa.com\\\/ro\\\/ondulatoare\\\/\"},{\"@type\":\"ListItem\",\"position\":8,\"name\":\"Remington Silk Curling Wand CI96W1 ondulator conic 1 buc\"}]},{\"@type\":\"WebSite\",\"@id\":\"https:\\\/\\\/shopatoa.com\\\/ro\\\/#website\",\"url\":\"https:\\\/\\\/shopatoa.com\\\/ro\\\/\",\"name\":\"SHOPATOA\",\"description\":\"\",\"publisher\":{\"@id\":\"https:\\\/\\\/shopatoa.com\\\/ro\\\/#organization\"},\"potentialAction\":[{\"@type\":\"SearchAction\",\"target\":{\"@type\":\"EntryPoint\",\"urlTemplate\":\"https:\\\/\\\/shopatoa.com\\\/ro\\\/?s={search_term_string}\"},\"query-input\":{\"@type\":\"PropertyValueSpecification\",\"valueRequired\":true,\"valueName\":\"search_term_string\"}}],\"inLanguage\":\"ro-RO\"},{\"@type\":\"Organization\",\"@id\":\"https:\\\/\\\/shopatoa.com\\\/ro\\\/#organization\",\"name\":\"SHOPATOA\",\"url\":\"https:\\\/\\\/shopatoa.com\\\/ro\\\/\",\"logo\":{\"@type\":\"ImageObject\",\"inLanguage\":\"ro-RO\",\"@id\":\"https:\\\/\\\/shopatoa.com\\\/ro\\\/#\\\/schema\\\/logo\\\/image\\\/\",\"url\":\"https:\\\/\\\/storage.googleapis.com\\\/cz-shopatoa-img\\\/ro\\\/b4dac915-shopatoa_logo.png\",\"contentUrl\":\"https:\\\/\\\/storage.googleapis.com\\\/cz-shopatoa-img\\\/ro\\\/b4dac915-shopatoa_logo.png\",\"width\":416,\"height\":63,\"caption\":\"SHOPATOA\"},\"image\":{\"@id\":\"https:\\\/\\\/shopatoa.com\\\/ro\\\/#\\\/schema\\\/logo\\\/image\\\/\"}}]}<\/script>\n<!-- \/ Yoast SEO plugin. -->","yoast_head_json":{"title":"Remington Silk Curling Wand CI96W1 ondulator conic 1 buc - SHOPATOA.COM","robots":{"index":"index","follow":"follow","max-snippet":"max-snippet:-1","max-image-preview":"max-image-preview:large","max-video-preview":"max-video-preview:-1"},"canonical":"https:\/\/shopatoa.com\/ro\/remington-silk-curling-wand-ci96w1-ondulator-conic-1-buc\/","og_locale":"ro_RO","og_type":"article","og_title":"Remington Silk Curling Wand CI96W1 ondulator conic 1 buc - SHOPATOA.COM","og_description":"Remington Silk Curling Wand CI96W1, 1 buc, Produse electronice pentru femei, Dori\u021bi s\u0103 crea\u021bi valuri romantice, bucle voluminoase ori c\u00e2rlion\u021bi dezl\u0103n\u021bui\u021bi? Ondulatorul de p\u0103r Remington Silk Curling Wand CI96W1 v\u0103 onduleaz\u0103 p\u0103rul \u00een c\u00e2teva minute \u0219i \u00eei asigur\u0103 o form\u0103 perfect\u0103, exact a\u0219a cum v\u0103 dori\u021bi. Fie c\u0103 merge\u021bi la munc\u0103, la o petrecere sau...","og_url":"https:\/\/shopatoa.com\/ro\/remington-silk-curling-wand-ci96w1-ondulator-conic-1-buc\/","og_site_name":"SHOPATOA","article_modified_time":"2025-12-08T20:15:33+00:00","og_image":[{"width":800,"height":800,"url":"https:\/\/storage.googleapis.com\/cz-shopatoa-img\/ro\/199b4b14-unnamed-file.webp","type":"image\/webp"}],"twitter_card":"summary_large_image","twitter_misc":{"Timp estimat pentru citire":"1 minut"},"schema":{"@context":"https:\/\/schema.org","@graph":[{"@type":"WebPage","@id":"https:\/\/shopatoa.com\/ro\/remington-silk-curling-wand-ci96w1-ondulator-conic-1-buc\/","url":"https:\/\/shopatoa.com\/ro\/remington-silk-curling-wand-ci96w1-ondulator-conic-1-buc\/","name":"Remington Silk Curling Wand CI96W1 ondulator conic 1 buc - SHOPATOA.COM","isPartOf":{"@id":"https:\/\/shopatoa.com\/ro\/#website"},"primaryImageOfPage":{"@id":"https:\/\/shopatoa.com\/ro\/remington-silk-curling-wand-ci96w1-ondulator-conic-1-buc\/#primaryimage"},"image":{"@id":"https:\/\/shopatoa.com\/ro\/remington-silk-curling-wand-ci96w1-ondulator-conic-1-buc\/#primaryimage"},"thumbnailUrl":"https:\/\/storage.googleapis.com\/cz-shopatoa-img\/ro\/199b4b14-unnamed-file.webp","datePublished":"2025-06-17T06:58:21+00:00","dateModified":"2025-12-08T20:15:33+00:00","breadcrumb":{"@id":"https:\/\/shopatoa.com\/ro\/remington-silk-curling-wand-ci96w1-ondulator-conic-1-buc\/#breadcrumb"},"inLanguage":"ro-RO","potentialAction":[{"@type":"ReadAction","target":["https:\/\/shopatoa.com\/ro\/remington-silk-curling-wand-ci96w1-ondulator-conic-1-buc\/"]}]},{"@type":"ImageObject","inLanguage":"ro-RO","@id":"https:\/\/shopatoa.com\/ro\/remington-silk-curling-wand-ci96w1-ondulator-conic-1-buc\/#primaryimage","url":"https:\/\/storage.googleapis.com\/cz-shopatoa-img\/ro\/199b4b14-unnamed-file.webp","contentUrl":"https:\/\/storage.googleapis.com\/cz-shopatoa-img\/ro\/199b4b14-unnamed-file.webp","width":800,"height":800},{"@type":"BreadcrumbList","@id":"https:\/\/shopatoa.com\/ro\/remington-silk-curling-wand-ci96w1-ondulator-conic-1-buc\/#breadcrumb","itemListElement":[{"@type":"ListItem","position":1,"name":"Dom\u016f","item":"https:\/\/shopatoa.com\/ro\/"},{"@type":"ListItem","position":2,"name":"Shop","item":"https:\/\/shopatoa.com\/ro\/shop\/"},{"@type":"ListItem","position":3,"name":"S\u0103n\u0103tate \u0219i frumuse\u021be","item":"https:\/\/shopatoa.com\/ro\/sanatate-si-frumusete\/"},{"@type":"ListItem","position":4,"name":"\u00cengrijire personal\u0103","item":"https:\/\/shopatoa.com\/ro\/ingrijire-personala\/"},{"@type":"ListItem","position":5,"name":"\u00cengrijirea p\u0103rului","item":"https:\/\/shopatoa.com\/ro\/ingrijirea-parului\/"},{"@type":"ListItem","position":6,"name":"Unelte de coafat","item":"https:\/\/shopatoa.com\/ro\/unelte-de-coafat\/"},{"@type":"ListItem","position":7,"name":"Ondulatoare","item":"https:\/\/shopatoa.com\/ro\/ondulatoare\/"},{"@type":"ListItem","position":8,"name":"Remington Silk Curling Wand CI96W1 ondulator conic 1 buc"}]},{"@type":"WebSite","@id":"https:\/\/shopatoa.com\/ro\/#website","url":"https:\/\/shopatoa.com\/ro\/","name":"SHOPATOA","description":"","publisher":{"@id":"https:\/\/shopatoa.com\/ro\/#organization"},"potentialAction":[{"@type":"SearchAction","target":{"@type":"EntryPoint","urlTemplate":"https:\/\/shopatoa.com\/ro\/?s={search_term_string}"},"query-input":{"@type":"PropertyValueSpecification","valueRequired":true,"valueName":"search_term_string"}}],"inLanguage":"ro-RO"},{"@type":"Organization","@id":"https:\/\/shopatoa.com\/ro\/#organization","name":"SHOPATOA","url":"https:\/\/shopatoa.com\/ro\/","logo":{"@type":"ImageObject","inLanguage":"ro-RO","@id":"https:\/\/shopatoa.com\/ro\/#\/schema\/logo\/image\/","url":"https:\/\/storage.googleapis.com\/cz-shopatoa-img\/ro\/b4dac915-shopatoa_logo.png","contentUrl":"https:\/\/storage.googleapis.com\/cz-shopatoa-img\/ro\/b4dac915-shopatoa_logo.png","width":416,"height":63,"caption":"SHOPATOA"},"image":{"@id":"https:\/\/shopatoa.com\/ro\/#\/schema\/logo\/image\/"}}]}},"_links":{"self":[{"href":"https:\/\/shopatoa.com\/ro\/wp-json\/wp\/v2\/product\/395776","targetHints":{"allow":["GET"]}}],"collection":[{"href":"https:\/\/shopatoa.com\/ro\/wp-json\/wp\/v2\/product"}],"about":[{"href":"https:\/\/shopatoa.com\/ro\/wp-json\/wp\/v2\/types\/product"}],"replies":[{"embeddable":true,"href":"https:\/\/shopatoa.com\/ro\/wp-json\/wp\/v2\/comments?post=395776"}],"wp:featuredmedia":[{"embeddable":true,"href":"https:\/\/shopatoa.com\/ro\/wp-json\/wp\/v2\/media\/395777"}],"wp:attachment":[{"href":"https:\/\/shopatoa.com\/ro\/wp-json\/wp\/v2\/media?parent=395776"}],"wp:term":[{"taxonomy":"product_brand","embeddable":true,"href":"https:\/\/shopatoa.com\/ro\/wp-json\/wp\/v2\/product_brand?post=395776"},{"taxonomy":"product_cat","embeddable":true,"href":"https:\/\/shopatoa.com\/ro\/wp-json\/wp\/v2\/product_cat?post=395776"},{"taxonomy":"product_tag","embeddable":true,"href":"https:\/\/shopatoa.com\/ro\/wp-json\/wp\/v2\/product_tag?post=395776"}],"curies":[{"name":"wp","href":"https:\/\/api.w.org\/{rel}","templated":true}]}}