{"id":396201,"date":"2025-06-17T09:49:52","date_gmt":"2025-06-17T07:49:52","guid":{"rendered":"https:\/\/shopatoa.com\/ro\/accentra-winter-magic-calendar-de-craciun\/"},"modified":"2025-12-01T06:04:11","modified_gmt":"2025-12-01T05:04:11","slug":"accentra-winter-magic-calendar-de-craciun","status":"publish","type":"product","link":"https:\/\/shopatoa.com\/ro\/accentra-winter-magic-calendar-de-craciun\/","title":{"rendered":"Accentra Winter Magic Calendar de Cr\u0103ciun"},"content":{"rendered":"<p>Accentra Winter Magic, 24 buc, Bombe de baie pentru femei, Perioada de dinaintea Cr\u0103ciunului este cea mai frumoas\u0103 din tot anul. Calendarul de Advent Accentra Winter Magic v\u0103 convinge c\u0103 poate fi \u0219i mai frumoas\u0103. Deschide\u021bi c\u00e2te o ferestruic\u0103 \u00een fiecare zi \u0219i petrece\u021bi fermecata perioad\u0103 de Advent cu noi piese beauty.  Setul con\u021bine:  Gel de dus pentru curatare sapun pentru curatare ingredient pentru baie piatr\u0103 ponce bomb\u0103 de baie pil\u0103 de unghii crema de maini bomb\u0103 de baie sapun pentru curatare burete pentru spalare sampon pentru curatare saruri de baie bomb\u0103 de baie crema de picioare spuma de baie perie de cur\u0103\u021bare pentru unghii exfoliant pentru corp sapun delicat Lotiune de corp delicata crema delicata saruri de baie bomb\u0103 de baie gel de dus hidratant lum\u00e2nare parfumat\u0103   Caracteristici:  o fereastr\u0103 de deschis \u00een fiecare zi 24 cadouri de desf\u0103cut \u2013 din prima zi de decembrie p\u00e2n\u0103 de Ajun   Cum se utilizeaz\u0103: Folosi\u021bi fiecare produs din setul cosmetic conform instruc\u021biunilor proprii.<\/p>\n","protected":false},"excerpt":{"rendered":"<p>Accentra Winter Magic, 24 buc, Bombe de baie pentru femei, Perioada de dinaintea Cr\u0103ciunului este cea mai frumoas\u0103 din tot anul. Calendarul de Advent Accentra Winter Magic v\u0103 convinge c\u0103 poate fi \u0219i mai frumoas\u0103. Deschide\u021bi c\u00e2te o ferestruic\u0103 \u00een fiecare zi \u0219i petrece\u021bi fermecata perioad\u0103 de Advent cu noi piese beauty. Setul con\u021bine: Gel&#8230;<\/p>\n","protected":false},"featured_media":396202,"comment_status":"closed","ping_status":"open","template":"","meta":{"_acf_changed":false,"_kadence_starter_templates_imported_post":false,"_kad_post_transparent":"","_kad_post_title":"","_kad_post_layout":"","_kad_post_sidebar_id":"","_kad_post_content_style":"","_kad_post_vertical_padding":"","_kad_post_feature":"","_kad_post_feature_position":"","_kad_post_header":false,"_kad_post_footer":false,"_kad_post_classname":""},"product_brand":[590],"product_cat":[1570,1564,1571,1563,1562],"product_tag":[],"class_list":{"0":"post-396201","1":"product","2":"type-product","3":"status-publish","4":"has-post-thumbnail","6":"product_brand-accentra","7":"product_cat-baie-si-corp","8":"product_cat-cosmetice-ingrijire-personala","9":"product_cat-gel-de-dus","10":"product_cat-ingrijire-personala","11":"product_cat-sanatate-si-frumusete","12":"pa_gen-female","13":"pa_marime-24-buc","15":"first","16":"instock","17":"sale","18":"product-type-external","19":"entry","20":"content-bg","21":"loop-entry"},"acf":[],"yoast_head":"<!-- This site is optimized with the Yoast SEO plugin v27.3 - https:\/\/yoast.com\/product\/yoast-seo-wordpress\/ -->\n<title>Accentra Winter Magic Calendar de Cr\u0103ciun - SHOPATOA.COM<\/title>\n<meta name=\"robots\" content=\"index, follow, max-snippet:-1, max-image-preview:large, max-video-preview:-1\" \/>\n<link rel=\"canonical\" href=\"https:\/\/shopatoa.com\/ro\/accentra-winter-magic-calendar-de-craciun\/\" \/>\n<meta property=\"og:locale\" content=\"ro_RO\" \/>\n<meta property=\"og:type\" content=\"article\" \/>\n<meta property=\"og:title\" content=\"Accentra Winter Magic Calendar de Cr\u0103ciun - SHOPATOA.COM\" \/>\n<meta property=\"og:description\" content=\"Accentra Winter Magic, 24 buc, Bombe de baie pentru femei, Perioada de dinaintea Cr\u0103ciunului este cea mai frumoas\u0103 din tot anul. Calendarul de Advent Accentra Winter Magic v\u0103 convinge c\u0103 poate fi \u0219i mai frumoas\u0103. Deschide\u021bi c\u00e2te o ferestruic\u0103 \u00een fiecare zi \u0219i petrece\u021bi fermecata perioad\u0103 de Advent cu noi piese beauty. Setul con\u021bine: Gel...\" \/>\n<meta property=\"og:url\" content=\"https:\/\/shopatoa.com\/ro\/accentra-winter-magic-calendar-de-craciun\/\" \/>\n<meta property=\"og:site_name\" content=\"SHOPATOA\" \/>\n<meta property=\"article:modified_time\" content=\"2025-12-01T05:04:11+00:00\" \/>\n<meta property=\"og:image\" content=\"https:\/\/storage.googleapis.com\/cz-shopatoa-img\/ro\/28a30e2a-unnamed-file.webp\" \/>\n\t<meta property=\"og:image:width\" content=\"800\" \/>\n\t<meta property=\"og:image:height\" content=\"800\" \/>\n\t<meta property=\"og:image:type\" content=\"image\/webp\" \/>\n<meta name=\"twitter:card\" content=\"summary_large_image\" \/>\n<meta name=\"twitter:label1\" content=\"Timp estimat pentru citire\" \/>\n\t<meta name=\"twitter:data1\" content=\"1 minut\" \/>\n<script type=\"application\/ld+json\" class=\"yoast-schema-graph\">{\"@context\":\"https:\\\/\\\/schema.org\",\"@graph\":[{\"@type\":\"WebPage\",\"@id\":\"https:\\\/\\\/shopatoa.com\\\/ro\\\/accentra-winter-magic-calendar-de-craciun\\\/\",\"url\":\"https:\\\/\\\/shopatoa.com\\\/ro\\\/accentra-winter-magic-calendar-de-craciun\\\/\",\"name\":\"Accentra Winter Magic Calendar de Cr\u0103ciun - SHOPATOA.COM\",\"isPartOf\":{\"@id\":\"https:\\\/\\\/shopatoa.com\\\/ro\\\/#website\"},\"primaryImageOfPage\":{\"@id\":\"https:\\\/\\\/shopatoa.com\\\/ro\\\/accentra-winter-magic-calendar-de-craciun\\\/#primaryimage\"},\"image\":{\"@id\":\"https:\\\/\\\/shopatoa.com\\\/ro\\\/accentra-winter-magic-calendar-de-craciun\\\/#primaryimage\"},\"thumbnailUrl\":\"https:\\\/\\\/storage.googleapis.com\\\/cz-shopatoa-img\\\/ro\\\/28a30e2a-unnamed-file.webp\",\"datePublished\":\"2025-06-17T07:49:52+00:00\",\"dateModified\":\"2025-12-01T05:04:11+00:00\",\"breadcrumb\":{\"@id\":\"https:\\\/\\\/shopatoa.com\\\/ro\\\/accentra-winter-magic-calendar-de-craciun\\\/#breadcrumb\"},\"inLanguage\":\"ro-RO\",\"potentialAction\":[{\"@type\":\"ReadAction\",\"target\":[\"https:\\\/\\\/shopatoa.com\\\/ro\\\/accentra-winter-magic-calendar-de-craciun\\\/\"]}]},{\"@type\":\"ImageObject\",\"inLanguage\":\"ro-RO\",\"@id\":\"https:\\\/\\\/shopatoa.com\\\/ro\\\/accentra-winter-magic-calendar-de-craciun\\\/#primaryimage\",\"url\":\"https:\\\/\\\/storage.googleapis.com\\\/cz-shopatoa-img\\\/ro\\\/28a30e2a-unnamed-file.webp\",\"contentUrl\":\"https:\\\/\\\/storage.googleapis.com\\\/cz-shopatoa-img\\\/ro\\\/28a30e2a-unnamed-file.webp\",\"width\":800,\"height\":800},{\"@type\":\"BreadcrumbList\",\"@id\":\"https:\\\/\\\/shopatoa.com\\\/ro\\\/accentra-winter-magic-calendar-de-craciun\\\/#breadcrumb\",\"itemListElement\":[{\"@type\":\"ListItem\",\"position\":1,\"name\":\"Dom\u016f\",\"item\":\"https:\\\/\\\/shopatoa.com\\\/ro\\\/\"},{\"@type\":\"ListItem\",\"position\":2,\"name\":\"Shop\",\"item\":\"https:\\\/\\\/shopatoa.com\\\/ro\\\/shop\\\/\"},{\"@type\":\"ListItem\",\"position\":3,\"name\":\"S\u0103n\u0103tate \u0219i frumuse\u021be\",\"item\":\"https:\\\/\\\/shopatoa.com\\\/ro\\\/sanatate-si-frumusete\\\/\"},{\"@type\":\"ListItem\",\"position\":4,\"name\":\"\u00cengrijire personal\u0103\",\"item\":\"https:\\\/\\\/shopatoa.com\\\/ro\\\/ingrijire-personala\\\/\"},{\"@type\":\"ListItem\",\"position\":5,\"name\":\"Cosmetice\",\"item\":\"https:\\\/\\\/shopatoa.com\\\/ro\\\/cosmetice-ingrijire-personala\\\/\"},{\"@type\":\"ListItem\",\"position\":6,\"name\":\"Baie \u0219i corp\",\"item\":\"https:\\\/\\\/shopatoa.com\\\/ro\\\/baie-si-corp\\\/\"},{\"@type\":\"ListItem\",\"position\":7,\"name\":\"Gel de du\u0219\",\"item\":\"https:\\\/\\\/shopatoa.com\\\/ro\\\/gel-de-dus\\\/\"},{\"@type\":\"ListItem\",\"position\":8,\"name\":\"Accentra Winter Magic Calendar de Cr\u0103ciun\"}]},{\"@type\":\"WebSite\",\"@id\":\"https:\\\/\\\/shopatoa.com\\\/ro\\\/#website\",\"url\":\"https:\\\/\\\/shopatoa.com\\\/ro\\\/\",\"name\":\"SHOPATOA\",\"description\":\"\",\"publisher\":{\"@id\":\"https:\\\/\\\/shopatoa.com\\\/ro\\\/#organization\"},\"potentialAction\":[{\"@type\":\"SearchAction\",\"target\":{\"@type\":\"EntryPoint\",\"urlTemplate\":\"https:\\\/\\\/shopatoa.com\\\/ro\\\/?s={search_term_string}\"},\"query-input\":{\"@type\":\"PropertyValueSpecification\",\"valueRequired\":true,\"valueName\":\"search_term_string\"}}],\"inLanguage\":\"ro-RO\"},{\"@type\":\"Organization\",\"@id\":\"https:\\\/\\\/shopatoa.com\\\/ro\\\/#organization\",\"name\":\"SHOPATOA\",\"url\":\"https:\\\/\\\/shopatoa.com\\\/ro\\\/\",\"logo\":{\"@type\":\"ImageObject\",\"inLanguage\":\"ro-RO\",\"@id\":\"https:\\\/\\\/shopatoa.com\\\/ro\\\/#\\\/schema\\\/logo\\\/image\\\/\",\"url\":\"https:\\\/\\\/storage.googleapis.com\\\/cz-shopatoa-img\\\/ro\\\/b4dac915-shopatoa_logo.png\",\"contentUrl\":\"https:\\\/\\\/storage.googleapis.com\\\/cz-shopatoa-img\\\/ro\\\/b4dac915-shopatoa_logo.png\",\"width\":416,\"height\":63,\"caption\":\"SHOPATOA\"},\"image\":{\"@id\":\"https:\\\/\\\/shopatoa.com\\\/ro\\\/#\\\/schema\\\/logo\\\/image\\\/\"}}]}<\/script>\n<!-- \/ Yoast SEO plugin. -->","yoast_head_json":{"title":"Accentra Winter Magic Calendar de Cr\u0103ciun - SHOPATOA.COM","robots":{"index":"index","follow":"follow","max-snippet":"max-snippet:-1","max-image-preview":"max-image-preview:large","max-video-preview":"max-video-preview:-1"},"canonical":"https:\/\/shopatoa.com\/ro\/accentra-winter-magic-calendar-de-craciun\/","og_locale":"ro_RO","og_type":"article","og_title":"Accentra Winter Magic Calendar de Cr\u0103ciun - SHOPATOA.COM","og_description":"Accentra Winter Magic, 24 buc, Bombe de baie pentru femei, Perioada de dinaintea Cr\u0103ciunului este cea mai frumoas\u0103 din tot anul. Calendarul de Advent Accentra Winter Magic v\u0103 convinge c\u0103 poate fi \u0219i mai frumoas\u0103. Deschide\u021bi c\u00e2te o ferestruic\u0103 \u00een fiecare zi \u0219i petrece\u021bi fermecata perioad\u0103 de Advent cu noi piese beauty. Setul con\u021bine: Gel...","og_url":"https:\/\/shopatoa.com\/ro\/accentra-winter-magic-calendar-de-craciun\/","og_site_name":"SHOPATOA","article_modified_time":"2025-12-01T05:04:11+00:00","og_image":[{"width":800,"height":800,"url":"https:\/\/storage.googleapis.com\/cz-shopatoa-img\/ro\/28a30e2a-unnamed-file.webp","type":"image\/webp"}],"twitter_card":"summary_large_image","twitter_misc":{"Timp estimat pentru citire":"1 minut"},"schema":{"@context":"https:\/\/schema.org","@graph":[{"@type":"WebPage","@id":"https:\/\/shopatoa.com\/ro\/accentra-winter-magic-calendar-de-craciun\/","url":"https:\/\/shopatoa.com\/ro\/accentra-winter-magic-calendar-de-craciun\/","name":"Accentra Winter Magic Calendar de Cr\u0103ciun - SHOPATOA.COM","isPartOf":{"@id":"https:\/\/shopatoa.com\/ro\/#website"},"primaryImageOfPage":{"@id":"https:\/\/shopatoa.com\/ro\/accentra-winter-magic-calendar-de-craciun\/#primaryimage"},"image":{"@id":"https:\/\/shopatoa.com\/ro\/accentra-winter-magic-calendar-de-craciun\/#primaryimage"},"thumbnailUrl":"https:\/\/storage.googleapis.com\/cz-shopatoa-img\/ro\/28a30e2a-unnamed-file.webp","datePublished":"2025-06-17T07:49:52+00:00","dateModified":"2025-12-01T05:04:11+00:00","breadcrumb":{"@id":"https:\/\/shopatoa.com\/ro\/accentra-winter-magic-calendar-de-craciun\/#breadcrumb"},"inLanguage":"ro-RO","potentialAction":[{"@type":"ReadAction","target":["https:\/\/shopatoa.com\/ro\/accentra-winter-magic-calendar-de-craciun\/"]}]},{"@type":"ImageObject","inLanguage":"ro-RO","@id":"https:\/\/shopatoa.com\/ro\/accentra-winter-magic-calendar-de-craciun\/#primaryimage","url":"https:\/\/storage.googleapis.com\/cz-shopatoa-img\/ro\/28a30e2a-unnamed-file.webp","contentUrl":"https:\/\/storage.googleapis.com\/cz-shopatoa-img\/ro\/28a30e2a-unnamed-file.webp","width":800,"height":800},{"@type":"BreadcrumbList","@id":"https:\/\/shopatoa.com\/ro\/accentra-winter-magic-calendar-de-craciun\/#breadcrumb","itemListElement":[{"@type":"ListItem","position":1,"name":"Dom\u016f","item":"https:\/\/shopatoa.com\/ro\/"},{"@type":"ListItem","position":2,"name":"Shop","item":"https:\/\/shopatoa.com\/ro\/shop\/"},{"@type":"ListItem","position":3,"name":"S\u0103n\u0103tate \u0219i frumuse\u021be","item":"https:\/\/shopatoa.com\/ro\/sanatate-si-frumusete\/"},{"@type":"ListItem","position":4,"name":"\u00cengrijire personal\u0103","item":"https:\/\/shopatoa.com\/ro\/ingrijire-personala\/"},{"@type":"ListItem","position":5,"name":"Cosmetice","item":"https:\/\/shopatoa.com\/ro\/cosmetice-ingrijire-personala\/"},{"@type":"ListItem","position":6,"name":"Baie \u0219i corp","item":"https:\/\/shopatoa.com\/ro\/baie-si-corp\/"},{"@type":"ListItem","position":7,"name":"Gel de du\u0219","item":"https:\/\/shopatoa.com\/ro\/gel-de-dus\/"},{"@type":"ListItem","position":8,"name":"Accentra Winter Magic Calendar de Cr\u0103ciun"}]},{"@type":"WebSite","@id":"https:\/\/shopatoa.com\/ro\/#website","url":"https:\/\/shopatoa.com\/ro\/","name":"SHOPATOA","description":"","publisher":{"@id":"https:\/\/shopatoa.com\/ro\/#organization"},"potentialAction":[{"@type":"SearchAction","target":{"@type":"EntryPoint","urlTemplate":"https:\/\/shopatoa.com\/ro\/?s={search_term_string}"},"query-input":{"@type":"PropertyValueSpecification","valueRequired":true,"valueName":"search_term_string"}}],"inLanguage":"ro-RO"},{"@type":"Organization","@id":"https:\/\/shopatoa.com\/ro\/#organization","name":"SHOPATOA","url":"https:\/\/shopatoa.com\/ro\/","logo":{"@type":"ImageObject","inLanguage":"ro-RO","@id":"https:\/\/shopatoa.com\/ro\/#\/schema\/logo\/image\/","url":"https:\/\/storage.googleapis.com\/cz-shopatoa-img\/ro\/b4dac915-shopatoa_logo.png","contentUrl":"https:\/\/storage.googleapis.com\/cz-shopatoa-img\/ro\/b4dac915-shopatoa_logo.png","width":416,"height":63,"caption":"SHOPATOA"},"image":{"@id":"https:\/\/shopatoa.com\/ro\/#\/schema\/logo\/image\/"}}]}},"_links":{"self":[{"href":"https:\/\/shopatoa.com\/ro\/wp-json\/wp\/v2\/product\/396201","targetHints":{"allow":["GET"]}}],"collection":[{"href":"https:\/\/shopatoa.com\/ro\/wp-json\/wp\/v2\/product"}],"about":[{"href":"https:\/\/shopatoa.com\/ro\/wp-json\/wp\/v2\/types\/product"}],"replies":[{"embeddable":true,"href":"https:\/\/shopatoa.com\/ro\/wp-json\/wp\/v2\/comments?post=396201"}],"wp:featuredmedia":[{"embeddable":true,"href":"https:\/\/shopatoa.com\/ro\/wp-json\/wp\/v2\/media\/396202"}],"wp:attachment":[{"href":"https:\/\/shopatoa.com\/ro\/wp-json\/wp\/v2\/media?parent=396201"}],"wp:term":[{"taxonomy":"product_brand","embeddable":true,"href":"https:\/\/shopatoa.com\/ro\/wp-json\/wp\/v2\/product_brand?post=396201"},{"taxonomy":"product_cat","embeddable":true,"href":"https:\/\/shopatoa.com\/ro\/wp-json\/wp\/v2\/product_cat?post=396201"},{"taxonomy":"product_tag","embeddable":true,"href":"https:\/\/shopatoa.com\/ro\/wp-json\/wp\/v2\/product_tag?post=396201"}],"curies":[{"name":"wp","href":"https:\/\/api.w.org\/{rel}","templated":true}]}}