{"id":396301,"date":"2025-06-17T09:58:53","date_gmt":"2025-06-17T07:58:53","guid":{"rendered":"https:\/\/shopatoa.com\/ro\/davines-more-inside-strong-dry-wax-ceara-de-par-75-ml\/"},"modified":"2025-12-08T18:25:07","modified_gmt":"2025-12-08T17:25:07","slug":"davines-more-inside-strong-dry-wax-ceara-de-par-75-ml","status":"publish","type":"product","link":"https:\/\/shopatoa.com\/ro\/davines-more-inside-strong-dry-wax-ceara-de-par-75-ml\/","title":{"rendered":"Davines More Inside Strong Dry Wax ceara de par 75 ml"},"content":{"rendered":"<p>Davines More Inside Strong Dry Wax, 75 ml, Cear\u0103 de p\u0103r pentru femei, Ce coafur\u0103 v\u0103 va completa azi \u021binuta \u0219i v\u0103 va accentua personalitatea? Indiferent de felul \u00een care v\u0103 modela\u021bi p\u0103rul, ceara de p\u0103r Davines More Inside Strong Dry Wax v\u0103 va permite acest lucru. Cu ajutorul ei, pute\u021bi crea o coafur\u0103 ca din m\u00e2inile unui profesionist \u00een confortul propriei b\u0103i. V\u0103 ofer\u0103 control total asupra p\u0103rului, pentru a-l putea modela \u0219i aranja dup\u0103 cum dori\u021bi. Mai mult, v\u0103 va oferi o fixare puternic\u0103 \u0219i v\u0103 va surprinde pl\u0103cut cu rezisten\u021ba sa \u00eendelungat\u0103.  Caracteristici:  creeaz\u0103 u\u0219or coafura dorit\u0103 modeleaz\u0103 puternic p\u0103rul efect mat  Cum se utilizeaz\u0103: Se \u00eenc\u0103lze\u0219te produsul \u00een palme \u0219i se aplic\u0103 pe p\u0103rul uscat. Apoi se modeleaz\u0103 p\u0103rul cu degetele.<\/p>\n","protected":false},"excerpt":{"rendered":"<p>Davines More Inside Strong Dry Wax, 75 ml, Cear\u0103 de p\u0103r pentru femei, Ce coafur\u0103 v\u0103 va completa azi \u021binuta \u0219i v\u0103 va accentua personalitatea? Indiferent de felul \u00een care v\u0103 modela\u021bi p\u0103rul, ceara de p\u0103r Davines More Inside Strong Dry Wax v\u0103 va permite acest lucru. Cu ajutorul ei, pute\u021bi crea o coafur\u0103 ca&#8230;<\/p>\n","protected":false},"featured_media":396302,"comment_status":"closed","ping_status":"open","template":"","meta":{"_acf_changed":false,"_kadence_starter_templates_imported_post":false,"_kad_post_transparent":"","_kad_post_title":"","_kad_post_layout":"","_kad_post_sidebar_id":"","_kad_post_content_style":"","_kad_post_vertical_padding":"","_kad_post_feature":"","_kad_post_feature_position":"","_kad_post_header":false,"_kad_post_footer":false,"_kad_post_classname":""},"product_brand":[1655],"product_cat":[1563,1590,1633,1562],"product_tag":[],"class_list":{"0":"post-396301","1":"product","2":"type-product","3":"status-publish","4":"has-post-thumbnail","6":"product_brand-davines","7":"product_cat-ingrijire-personala","8":"product_cat-ingrijirea-parului","9":"product_cat-produse-de-coafare-a-parului","10":"product_cat-sanatate-si-frumusete","11":"pa_gen-female","12":"pa_marime-75-ml","14":"first","15":"instock","16":"product-type-external","17":"entry","18":"content-bg","19":"loop-entry"},"acf":[],"yoast_head":"<!-- This site is optimized with the Yoast SEO plugin v27.3 - https:\/\/yoast.com\/product\/yoast-seo-wordpress\/ -->\n<title>Davines More Inside Strong Dry Wax ceara de par 75 ml - SHOPATOA.COM<\/title>\n<meta name=\"robots\" content=\"index, follow, max-snippet:-1, max-image-preview:large, max-video-preview:-1\" \/>\n<link rel=\"canonical\" href=\"https:\/\/shopatoa.com\/ro\/davines-more-inside-strong-dry-wax-ceara-de-par-75-ml\/\" \/>\n<meta property=\"og:locale\" content=\"ro_RO\" \/>\n<meta property=\"og:type\" content=\"article\" \/>\n<meta property=\"og:title\" content=\"Davines More Inside Strong Dry Wax ceara de par 75 ml - SHOPATOA.COM\" \/>\n<meta property=\"og:description\" content=\"Davines More Inside Strong Dry Wax, 75 ml, Cear\u0103 de p\u0103r pentru femei, Ce coafur\u0103 v\u0103 va completa azi \u021binuta \u0219i v\u0103 va accentua personalitatea? Indiferent de felul \u00een care v\u0103 modela\u021bi p\u0103rul, ceara de p\u0103r Davines More Inside Strong Dry Wax v\u0103 va permite acest lucru. Cu ajutorul ei, pute\u021bi crea o coafur\u0103 ca...\" \/>\n<meta property=\"og:url\" content=\"https:\/\/shopatoa.com\/ro\/davines-more-inside-strong-dry-wax-ceara-de-par-75-ml\/\" \/>\n<meta property=\"og:site_name\" content=\"SHOPATOA\" \/>\n<meta property=\"article:modified_time\" content=\"2025-12-08T17:25:07+00:00\" \/>\n<meta property=\"og:image\" content=\"https:\/\/storage.googleapis.com\/cz-shopatoa-img\/ro\/f8af1a5c-unnamed-file.webp\" \/>\n\t<meta property=\"og:image:width\" content=\"800\" \/>\n\t<meta property=\"og:image:height\" content=\"800\" \/>\n\t<meta property=\"og:image:type\" content=\"image\/webp\" \/>\n<meta name=\"twitter:card\" content=\"summary_large_image\" \/>\n<meta name=\"twitter:label1\" content=\"Timp estimat pentru citire\" \/>\n\t<meta name=\"twitter:data1\" content=\"1 minut\" \/>\n<script type=\"application\/ld+json\" class=\"yoast-schema-graph\">{\"@context\":\"https:\\\/\\\/schema.org\",\"@graph\":[{\"@type\":\"WebPage\",\"@id\":\"https:\\\/\\\/shopatoa.com\\\/ro\\\/davines-more-inside-strong-dry-wax-ceara-de-par-75-ml\\\/\",\"url\":\"https:\\\/\\\/shopatoa.com\\\/ro\\\/davines-more-inside-strong-dry-wax-ceara-de-par-75-ml\\\/\",\"name\":\"Davines More Inside Strong Dry Wax ceara de par 75 ml - SHOPATOA.COM\",\"isPartOf\":{\"@id\":\"https:\\\/\\\/shopatoa.com\\\/ro\\\/#website\"},\"primaryImageOfPage\":{\"@id\":\"https:\\\/\\\/shopatoa.com\\\/ro\\\/davines-more-inside-strong-dry-wax-ceara-de-par-75-ml\\\/#primaryimage\"},\"image\":{\"@id\":\"https:\\\/\\\/shopatoa.com\\\/ro\\\/davines-more-inside-strong-dry-wax-ceara-de-par-75-ml\\\/#primaryimage\"},\"thumbnailUrl\":\"https:\\\/\\\/storage.googleapis.com\\\/cz-shopatoa-img\\\/ro\\\/f8af1a5c-unnamed-file.webp\",\"datePublished\":\"2025-06-17T07:58:53+00:00\",\"dateModified\":\"2025-12-08T17:25:07+00:00\",\"breadcrumb\":{\"@id\":\"https:\\\/\\\/shopatoa.com\\\/ro\\\/davines-more-inside-strong-dry-wax-ceara-de-par-75-ml\\\/#breadcrumb\"},\"inLanguage\":\"ro-RO\",\"potentialAction\":[{\"@type\":\"ReadAction\",\"target\":[\"https:\\\/\\\/shopatoa.com\\\/ro\\\/davines-more-inside-strong-dry-wax-ceara-de-par-75-ml\\\/\"]}]},{\"@type\":\"ImageObject\",\"inLanguage\":\"ro-RO\",\"@id\":\"https:\\\/\\\/shopatoa.com\\\/ro\\\/davines-more-inside-strong-dry-wax-ceara-de-par-75-ml\\\/#primaryimage\",\"url\":\"https:\\\/\\\/storage.googleapis.com\\\/cz-shopatoa-img\\\/ro\\\/f8af1a5c-unnamed-file.webp\",\"contentUrl\":\"https:\\\/\\\/storage.googleapis.com\\\/cz-shopatoa-img\\\/ro\\\/f8af1a5c-unnamed-file.webp\",\"width\":800,\"height\":800},{\"@type\":\"BreadcrumbList\",\"@id\":\"https:\\\/\\\/shopatoa.com\\\/ro\\\/davines-more-inside-strong-dry-wax-ceara-de-par-75-ml\\\/#breadcrumb\",\"itemListElement\":[{\"@type\":\"ListItem\",\"position\":1,\"name\":\"Dom\u016f\",\"item\":\"https:\\\/\\\/shopatoa.com\\\/ro\\\/\"},{\"@type\":\"ListItem\",\"position\":2,\"name\":\"Shop\",\"item\":\"https:\\\/\\\/shopatoa.com\\\/ro\\\/shop\\\/\"},{\"@type\":\"ListItem\",\"position\":3,\"name\":\"S\u0103n\u0103tate \u0219i frumuse\u021be\",\"item\":\"https:\\\/\\\/shopatoa.com\\\/ro\\\/sanatate-si-frumusete\\\/\"},{\"@type\":\"ListItem\",\"position\":4,\"name\":\"\u00cengrijire personal\u0103\",\"item\":\"https:\\\/\\\/shopatoa.com\\\/ro\\\/ingrijire-personala\\\/\"},{\"@type\":\"ListItem\",\"position\":5,\"name\":\"\u00cengrijirea p\u0103rului\",\"item\":\"https:\\\/\\\/shopatoa.com\\\/ro\\\/ingrijirea-parului\\\/\"},{\"@type\":\"ListItem\",\"position\":6,\"name\":\"Produse de coafare a p\u0103rului\",\"item\":\"https:\\\/\\\/shopatoa.com\\\/ro\\\/produse-de-coafare-a-parului\\\/\"},{\"@type\":\"ListItem\",\"position\":7,\"name\":\"Davines More Inside Strong Dry Wax ceara de par 75 ml\"}]},{\"@type\":\"WebSite\",\"@id\":\"https:\\\/\\\/shopatoa.com\\\/ro\\\/#website\",\"url\":\"https:\\\/\\\/shopatoa.com\\\/ro\\\/\",\"name\":\"SHOPATOA\",\"description\":\"\",\"publisher\":{\"@id\":\"https:\\\/\\\/shopatoa.com\\\/ro\\\/#organization\"},\"potentialAction\":[{\"@type\":\"SearchAction\",\"target\":{\"@type\":\"EntryPoint\",\"urlTemplate\":\"https:\\\/\\\/shopatoa.com\\\/ro\\\/?s={search_term_string}\"},\"query-input\":{\"@type\":\"PropertyValueSpecification\",\"valueRequired\":true,\"valueName\":\"search_term_string\"}}],\"inLanguage\":\"ro-RO\"},{\"@type\":\"Organization\",\"@id\":\"https:\\\/\\\/shopatoa.com\\\/ro\\\/#organization\",\"name\":\"SHOPATOA\",\"url\":\"https:\\\/\\\/shopatoa.com\\\/ro\\\/\",\"logo\":{\"@type\":\"ImageObject\",\"inLanguage\":\"ro-RO\",\"@id\":\"https:\\\/\\\/shopatoa.com\\\/ro\\\/#\\\/schema\\\/logo\\\/image\\\/\",\"url\":\"https:\\\/\\\/storage.googleapis.com\\\/cz-shopatoa-img\\\/ro\\\/b4dac915-shopatoa_logo.png\",\"contentUrl\":\"https:\\\/\\\/storage.googleapis.com\\\/cz-shopatoa-img\\\/ro\\\/b4dac915-shopatoa_logo.png\",\"width\":416,\"height\":63,\"caption\":\"SHOPATOA\"},\"image\":{\"@id\":\"https:\\\/\\\/shopatoa.com\\\/ro\\\/#\\\/schema\\\/logo\\\/image\\\/\"}}]}<\/script>\n<!-- \/ Yoast SEO plugin. -->","yoast_head_json":{"title":"Davines More Inside Strong Dry Wax ceara de par 75 ml - SHOPATOA.COM","robots":{"index":"index","follow":"follow","max-snippet":"max-snippet:-1","max-image-preview":"max-image-preview:large","max-video-preview":"max-video-preview:-1"},"canonical":"https:\/\/shopatoa.com\/ro\/davines-more-inside-strong-dry-wax-ceara-de-par-75-ml\/","og_locale":"ro_RO","og_type":"article","og_title":"Davines More Inside Strong Dry Wax ceara de par 75 ml - SHOPATOA.COM","og_description":"Davines More Inside Strong Dry Wax, 75 ml, Cear\u0103 de p\u0103r pentru femei, Ce coafur\u0103 v\u0103 va completa azi \u021binuta \u0219i v\u0103 va accentua personalitatea? Indiferent de felul \u00een care v\u0103 modela\u021bi p\u0103rul, ceara de p\u0103r Davines More Inside Strong Dry Wax v\u0103 va permite acest lucru. Cu ajutorul ei, pute\u021bi crea o coafur\u0103 ca...","og_url":"https:\/\/shopatoa.com\/ro\/davines-more-inside-strong-dry-wax-ceara-de-par-75-ml\/","og_site_name":"SHOPATOA","article_modified_time":"2025-12-08T17:25:07+00:00","og_image":[{"width":800,"height":800,"url":"https:\/\/storage.googleapis.com\/cz-shopatoa-img\/ro\/f8af1a5c-unnamed-file.webp","type":"image\/webp"}],"twitter_card":"summary_large_image","twitter_misc":{"Timp estimat pentru citire":"1 minut"},"schema":{"@context":"https:\/\/schema.org","@graph":[{"@type":"WebPage","@id":"https:\/\/shopatoa.com\/ro\/davines-more-inside-strong-dry-wax-ceara-de-par-75-ml\/","url":"https:\/\/shopatoa.com\/ro\/davines-more-inside-strong-dry-wax-ceara-de-par-75-ml\/","name":"Davines More Inside Strong Dry Wax ceara de par 75 ml - SHOPATOA.COM","isPartOf":{"@id":"https:\/\/shopatoa.com\/ro\/#website"},"primaryImageOfPage":{"@id":"https:\/\/shopatoa.com\/ro\/davines-more-inside-strong-dry-wax-ceara-de-par-75-ml\/#primaryimage"},"image":{"@id":"https:\/\/shopatoa.com\/ro\/davines-more-inside-strong-dry-wax-ceara-de-par-75-ml\/#primaryimage"},"thumbnailUrl":"https:\/\/storage.googleapis.com\/cz-shopatoa-img\/ro\/f8af1a5c-unnamed-file.webp","datePublished":"2025-06-17T07:58:53+00:00","dateModified":"2025-12-08T17:25:07+00:00","breadcrumb":{"@id":"https:\/\/shopatoa.com\/ro\/davines-more-inside-strong-dry-wax-ceara-de-par-75-ml\/#breadcrumb"},"inLanguage":"ro-RO","potentialAction":[{"@type":"ReadAction","target":["https:\/\/shopatoa.com\/ro\/davines-more-inside-strong-dry-wax-ceara-de-par-75-ml\/"]}]},{"@type":"ImageObject","inLanguage":"ro-RO","@id":"https:\/\/shopatoa.com\/ro\/davines-more-inside-strong-dry-wax-ceara-de-par-75-ml\/#primaryimage","url":"https:\/\/storage.googleapis.com\/cz-shopatoa-img\/ro\/f8af1a5c-unnamed-file.webp","contentUrl":"https:\/\/storage.googleapis.com\/cz-shopatoa-img\/ro\/f8af1a5c-unnamed-file.webp","width":800,"height":800},{"@type":"BreadcrumbList","@id":"https:\/\/shopatoa.com\/ro\/davines-more-inside-strong-dry-wax-ceara-de-par-75-ml\/#breadcrumb","itemListElement":[{"@type":"ListItem","position":1,"name":"Dom\u016f","item":"https:\/\/shopatoa.com\/ro\/"},{"@type":"ListItem","position":2,"name":"Shop","item":"https:\/\/shopatoa.com\/ro\/shop\/"},{"@type":"ListItem","position":3,"name":"S\u0103n\u0103tate \u0219i frumuse\u021be","item":"https:\/\/shopatoa.com\/ro\/sanatate-si-frumusete\/"},{"@type":"ListItem","position":4,"name":"\u00cengrijire personal\u0103","item":"https:\/\/shopatoa.com\/ro\/ingrijire-personala\/"},{"@type":"ListItem","position":5,"name":"\u00cengrijirea p\u0103rului","item":"https:\/\/shopatoa.com\/ro\/ingrijirea-parului\/"},{"@type":"ListItem","position":6,"name":"Produse de coafare a p\u0103rului","item":"https:\/\/shopatoa.com\/ro\/produse-de-coafare-a-parului\/"},{"@type":"ListItem","position":7,"name":"Davines More Inside Strong Dry Wax ceara de par 75 ml"}]},{"@type":"WebSite","@id":"https:\/\/shopatoa.com\/ro\/#website","url":"https:\/\/shopatoa.com\/ro\/","name":"SHOPATOA","description":"","publisher":{"@id":"https:\/\/shopatoa.com\/ro\/#organization"},"potentialAction":[{"@type":"SearchAction","target":{"@type":"EntryPoint","urlTemplate":"https:\/\/shopatoa.com\/ro\/?s={search_term_string}"},"query-input":{"@type":"PropertyValueSpecification","valueRequired":true,"valueName":"search_term_string"}}],"inLanguage":"ro-RO"},{"@type":"Organization","@id":"https:\/\/shopatoa.com\/ro\/#organization","name":"SHOPATOA","url":"https:\/\/shopatoa.com\/ro\/","logo":{"@type":"ImageObject","inLanguage":"ro-RO","@id":"https:\/\/shopatoa.com\/ro\/#\/schema\/logo\/image\/","url":"https:\/\/storage.googleapis.com\/cz-shopatoa-img\/ro\/b4dac915-shopatoa_logo.png","contentUrl":"https:\/\/storage.googleapis.com\/cz-shopatoa-img\/ro\/b4dac915-shopatoa_logo.png","width":416,"height":63,"caption":"SHOPATOA"},"image":{"@id":"https:\/\/shopatoa.com\/ro\/#\/schema\/logo\/image\/"}}]}},"_links":{"self":[{"href":"https:\/\/shopatoa.com\/ro\/wp-json\/wp\/v2\/product\/396301","targetHints":{"allow":["GET"]}}],"collection":[{"href":"https:\/\/shopatoa.com\/ro\/wp-json\/wp\/v2\/product"}],"about":[{"href":"https:\/\/shopatoa.com\/ro\/wp-json\/wp\/v2\/types\/product"}],"replies":[{"embeddable":true,"href":"https:\/\/shopatoa.com\/ro\/wp-json\/wp\/v2\/comments?post=396301"}],"wp:featuredmedia":[{"embeddable":true,"href":"https:\/\/shopatoa.com\/ro\/wp-json\/wp\/v2\/media\/396302"}],"wp:attachment":[{"href":"https:\/\/shopatoa.com\/ro\/wp-json\/wp\/v2\/media?parent=396301"}],"wp:term":[{"taxonomy":"product_brand","embeddable":true,"href":"https:\/\/shopatoa.com\/ro\/wp-json\/wp\/v2\/product_brand?post=396301"},{"taxonomy":"product_cat","embeddable":true,"href":"https:\/\/shopatoa.com\/ro\/wp-json\/wp\/v2\/product_cat?post=396301"},{"taxonomy":"product_tag","embeddable":true,"href":"https:\/\/shopatoa.com\/ro\/wp-json\/wp\/v2\/product_tag?post=396301"}],"curies":[{"name":"wp","href":"https:\/\/api.w.org\/{rel}","templated":true}]}}