{"id":396315,"date":"2025-06-17T09:58:53","date_gmt":"2025-06-17T07:58:53","guid":{"rendered":"https:\/\/shopatoa.com\/ro\/melody-lashes-violette-gene-false-2-buc\/"},"modified":"2025-10-08T18:55:04","modified_gmt":"2025-10-08T16:55:04","slug":"melody-lashes-violette-gene-false-2-buc","status":"publish","type":"product","link":"https:\/\/shopatoa.com\/ro\/melody-lashes-violette-gene-false-2-buc\/","title":{"rendered":"Melody Lashes Violette gene false 2 buc"},"content":{"rendered":"<p>Melody Lashes Violette, 2 buc, Gene false pentru femei, Natura nu v-a \u00eenzestrat cu gene pe care vi le-a\u021bi fi dorit? Alungirea lor \u0219i ob\u021binerea unui aspect \u00eendr\u0103zne\u021b nu mai trebuie s\u0103 fie doar un vis. Genele false Melody LashesViolette ofer\u0103 un aspect dramatic \u0219i seduc\u0103tor chiar \u0219i f\u0103r\u0103 aplicarea mai multor straturi de rimel \u0219i f\u0103r\u0103 a fi nevoie s\u0103 v\u0103 programa\u021bi la un salon de cosmetic\u0103 pentru extensii \u2013 ve\u021bi ob\u021bine un rezultat similar rapid \u0219i u\u0219or \u00een confortul de acas\u0103. Bucura\u021bi-v\u0103 de o lungime extraordinar\u0103, volum \u0219i densitate ori de c\u00e2te ori dori\u021bi.  Caracteristici:  creeaz\u0103 un efect dramatic ideale mai ales la ocazii speciale foarte u\u0219or de aplicat dispuse pe o band\u0103 sub\u021bire neagr\u0103 adezivul pentru gene nu este inclus \u00een pachet  Ingrediente:  fire sintetice  Cum se utilizeaz\u0103: \u00centinde\u021bi adezivul pe band\u0103, l\u0103sa\u021bi scurt timp s\u0103 se usuce \u0219i lipi\u021bi banda pe pleoap\u0103, c\u00e2t mai aproape de genele naturale. La final, pute\u021bi r\u0103suci genele cu un cle\u0219te pentru gene.<\/p>\n","protected":false},"excerpt":{"rendered":"<p>Melody Lashes Violette, 2 buc, Gene false pentru femei, Natura nu v-a \u00eenzestrat cu gene pe care vi le-a\u021bi fi dorit? Alungirea lor \u0219i ob\u021binerea unui aspect \u00eendr\u0103zne\u021b nu mai trebuie s\u0103 fie doar un vis. Genele false Melody LashesViolette ofer\u0103 un aspect dramatic \u0219i seduc\u0103tor chiar \u0219i f\u0103r\u0103 aplicarea mai multor straturi de rimel&#8230;<\/p>\n","protected":false},"featured_media":396316,"comment_status":"closed","ping_status":"open","template":"","meta":{"_acf_changed":false,"_kadence_starter_templates_imported_post":false,"_kad_post_transparent":"","_kad_post_title":"","_kad_post_layout":"","_kad_post_sidebar_id":"","_kad_post_content_style":"","_kad_post_vertical_padding":"","_kad_post_feature":"","_kad_post_feature_position":"","_kad_post_header":false,"_kad_post_footer":false,"_kad_post_classname":""},"product_brand":[2528],"product_cat":[1564,1578,1563,1576,1577,1562],"product_tag":[],"class_list":{"0":"post-396315","1":"product","2":"type-product","3":"status-publish","4":"has-post-thumbnail","6":"product_brand-melody-lashes","7":"product_cat-cosmetice-ingrijire-personala","8":"product_cat-gene-false-machiaj-ochi","9":"product_cat-ingrijire-personala","10":"product_cat-machiaj","11":"product_cat-machiaj-ochi","12":"product_cat-sanatate-si-frumusete","13":"pa_gen-female","14":"pa_marime-2-buc","16":"first","17":"instock","18":"product-type-external","19":"entry","20":"content-bg","21":"loop-entry"},"acf":[],"yoast_head":"<!-- This site is optimized with the Yoast SEO plugin v27.3 - https:\/\/yoast.com\/product\/yoast-seo-wordpress\/ -->\n<title>Melody Lashes Violette gene false 2 buc - SHOPATOA.COM<\/title>\n<meta name=\"robots\" content=\"index, follow, max-snippet:-1, max-image-preview:large, max-video-preview:-1\" \/>\n<link rel=\"canonical\" href=\"https:\/\/shopatoa.com\/ro\/melody-lashes-violette-gene-false-2-buc\/\" \/>\n<meta property=\"og:locale\" content=\"ro_RO\" \/>\n<meta property=\"og:type\" content=\"article\" \/>\n<meta property=\"og:title\" content=\"Melody Lashes Violette gene false 2 buc - SHOPATOA.COM\" \/>\n<meta property=\"og:description\" content=\"Melody Lashes Violette, 2 buc, Gene false pentru femei, Natura nu v-a \u00eenzestrat cu gene pe care vi le-a\u021bi fi dorit? Alungirea lor \u0219i ob\u021binerea unui aspect \u00eendr\u0103zne\u021b nu mai trebuie s\u0103 fie doar un vis. Genele false Melody LashesViolette ofer\u0103 un aspect dramatic \u0219i seduc\u0103tor chiar \u0219i f\u0103r\u0103 aplicarea mai multor straturi de rimel...\" \/>\n<meta property=\"og:url\" content=\"https:\/\/shopatoa.com\/ro\/melody-lashes-violette-gene-false-2-buc\/\" \/>\n<meta property=\"og:site_name\" content=\"SHOPATOA\" \/>\n<meta property=\"article:modified_time\" content=\"2025-10-08T16:55:04+00:00\" \/>\n<meta property=\"og:image\" content=\"https:\/\/storage.googleapis.com\/cz-shopatoa-img\/ro\/5f1507b6-unnamed-file.webp\" \/>\n\t<meta property=\"og:image:width\" content=\"800\" \/>\n\t<meta property=\"og:image:height\" content=\"800\" \/>\n\t<meta property=\"og:image:type\" content=\"image\/webp\" \/>\n<meta name=\"twitter:card\" content=\"summary_large_image\" \/>\n<meta name=\"twitter:label1\" content=\"Timp estimat pentru citire\" \/>\n\t<meta name=\"twitter:data1\" content=\"1 minut\" \/>\n<script type=\"application\/ld+json\" class=\"yoast-schema-graph\">{\"@context\":\"https:\\\/\\\/schema.org\",\"@graph\":[{\"@type\":\"WebPage\",\"@id\":\"https:\\\/\\\/shopatoa.com\\\/ro\\\/melody-lashes-violette-gene-false-2-buc\\\/\",\"url\":\"https:\\\/\\\/shopatoa.com\\\/ro\\\/melody-lashes-violette-gene-false-2-buc\\\/\",\"name\":\"Melody Lashes Violette gene false 2 buc - SHOPATOA.COM\",\"isPartOf\":{\"@id\":\"https:\\\/\\\/shopatoa.com\\\/ro\\\/#website\"},\"primaryImageOfPage\":{\"@id\":\"https:\\\/\\\/shopatoa.com\\\/ro\\\/melody-lashes-violette-gene-false-2-buc\\\/#primaryimage\"},\"image\":{\"@id\":\"https:\\\/\\\/shopatoa.com\\\/ro\\\/melody-lashes-violette-gene-false-2-buc\\\/#primaryimage\"},\"thumbnailUrl\":\"https:\\\/\\\/storage.googleapis.com\\\/cz-shopatoa-img\\\/ro\\\/5f1507b6-unnamed-file.webp\",\"datePublished\":\"2025-06-17T07:58:53+00:00\",\"dateModified\":\"2025-10-08T16:55:04+00:00\",\"breadcrumb\":{\"@id\":\"https:\\\/\\\/shopatoa.com\\\/ro\\\/melody-lashes-violette-gene-false-2-buc\\\/#breadcrumb\"},\"inLanguage\":\"ro-RO\",\"potentialAction\":[{\"@type\":\"ReadAction\",\"target\":[\"https:\\\/\\\/shopatoa.com\\\/ro\\\/melody-lashes-violette-gene-false-2-buc\\\/\"]}]},{\"@type\":\"ImageObject\",\"inLanguage\":\"ro-RO\",\"@id\":\"https:\\\/\\\/shopatoa.com\\\/ro\\\/melody-lashes-violette-gene-false-2-buc\\\/#primaryimage\",\"url\":\"https:\\\/\\\/storage.googleapis.com\\\/cz-shopatoa-img\\\/ro\\\/5f1507b6-unnamed-file.webp\",\"contentUrl\":\"https:\\\/\\\/storage.googleapis.com\\\/cz-shopatoa-img\\\/ro\\\/5f1507b6-unnamed-file.webp\",\"width\":800,\"height\":800},{\"@type\":\"BreadcrumbList\",\"@id\":\"https:\\\/\\\/shopatoa.com\\\/ro\\\/melody-lashes-violette-gene-false-2-buc\\\/#breadcrumb\",\"itemListElement\":[{\"@type\":\"ListItem\",\"position\":1,\"name\":\"Dom\u016f\",\"item\":\"https:\\\/\\\/shopatoa.com\\\/ro\\\/\"},{\"@type\":\"ListItem\",\"position\":2,\"name\":\"Shop\",\"item\":\"https:\\\/\\\/shopatoa.com\\\/ro\\\/shop\\\/\"},{\"@type\":\"ListItem\",\"position\":3,\"name\":\"S\u0103n\u0103tate \u0219i frumuse\u021be\",\"item\":\"https:\\\/\\\/shopatoa.com\\\/ro\\\/sanatate-si-frumusete\\\/\"},{\"@type\":\"ListItem\",\"position\":4,\"name\":\"\u00cengrijire personal\u0103\",\"item\":\"https:\\\/\\\/shopatoa.com\\\/ro\\\/ingrijire-personala\\\/\"},{\"@type\":\"ListItem\",\"position\":5,\"name\":\"Cosmetice\",\"item\":\"https:\\\/\\\/shopatoa.com\\\/ro\\\/cosmetice-ingrijire-personala\\\/\"},{\"@type\":\"ListItem\",\"position\":6,\"name\":\"Machiaj\",\"item\":\"https:\\\/\\\/shopatoa.com\\\/ro\\\/machiaj\\\/\"},{\"@type\":\"ListItem\",\"position\":7,\"name\":\"Machiaj ochi\",\"item\":\"https:\\\/\\\/shopatoa.com\\\/ro\\\/machiaj-ochi\\\/\"},{\"@type\":\"ListItem\",\"position\":8,\"name\":\"Gene false\",\"item\":\"https:\\\/\\\/shopatoa.com\\\/ro\\\/gene-false-machiaj-ochi\\\/\"},{\"@type\":\"ListItem\",\"position\":9,\"name\":\"Melody Lashes Violette gene false 2 buc\"}]},{\"@type\":\"WebSite\",\"@id\":\"https:\\\/\\\/shopatoa.com\\\/ro\\\/#website\",\"url\":\"https:\\\/\\\/shopatoa.com\\\/ro\\\/\",\"name\":\"SHOPATOA\",\"description\":\"\",\"publisher\":{\"@id\":\"https:\\\/\\\/shopatoa.com\\\/ro\\\/#organization\"},\"potentialAction\":[{\"@type\":\"SearchAction\",\"target\":{\"@type\":\"EntryPoint\",\"urlTemplate\":\"https:\\\/\\\/shopatoa.com\\\/ro\\\/?s={search_term_string}\"},\"query-input\":{\"@type\":\"PropertyValueSpecification\",\"valueRequired\":true,\"valueName\":\"search_term_string\"}}],\"inLanguage\":\"ro-RO\"},{\"@type\":\"Organization\",\"@id\":\"https:\\\/\\\/shopatoa.com\\\/ro\\\/#organization\",\"name\":\"SHOPATOA\",\"url\":\"https:\\\/\\\/shopatoa.com\\\/ro\\\/\",\"logo\":{\"@type\":\"ImageObject\",\"inLanguage\":\"ro-RO\",\"@id\":\"https:\\\/\\\/shopatoa.com\\\/ro\\\/#\\\/schema\\\/logo\\\/image\\\/\",\"url\":\"https:\\\/\\\/storage.googleapis.com\\\/cz-shopatoa-img\\\/ro\\\/b4dac915-shopatoa_logo.png\",\"contentUrl\":\"https:\\\/\\\/storage.googleapis.com\\\/cz-shopatoa-img\\\/ro\\\/b4dac915-shopatoa_logo.png\",\"width\":416,\"height\":63,\"caption\":\"SHOPATOA\"},\"image\":{\"@id\":\"https:\\\/\\\/shopatoa.com\\\/ro\\\/#\\\/schema\\\/logo\\\/image\\\/\"}}]}<\/script>\n<!-- \/ Yoast SEO plugin. -->","yoast_head_json":{"title":"Melody Lashes Violette gene false 2 buc - SHOPATOA.COM","robots":{"index":"index","follow":"follow","max-snippet":"max-snippet:-1","max-image-preview":"max-image-preview:large","max-video-preview":"max-video-preview:-1"},"canonical":"https:\/\/shopatoa.com\/ro\/melody-lashes-violette-gene-false-2-buc\/","og_locale":"ro_RO","og_type":"article","og_title":"Melody Lashes Violette gene false 2 buc - SHOPATOA.COM","og_description":"Melody Lashes Violette, 2 buc, Gene false pentru femei, Natura nu v-a \u00eenzestrat cu gene pe care vi le-a\u021bi fi dorit? Alungirea lor \u0219i ob\u021binerea unui aspect \u00eendr\u0103zne\u021b nu mai trebuie s\u0103 fie doar un vis. Genele false Melody LashesViolette ofer\u0103 un aspect dramatic \u0219i seduc\u0103tor chiar \u0219i f\u0103r\u0103 aplicarea mai multor straturi de rimel...","og_url":"https:\/\/shopatoa.com\/ro\/melody-lashes-violette-gene-false-2-buc\/","og_site_name":"SHOPATOA","article_modified_time":"2025-10-08T16:55:04+00:00","og_image":[{"width":800,"height":800,"url":"https:\/\/storage.googleapis.com\/cz-shopatoa-img\/ro\/5f1507b6-unnamed-file.webp","type":"image\/webp"}],"twitter_card":"summary_large_image","twitter_misc":{"Timp estimat pentru citire":"1 minut"},"schema":{"@context":"https:\/\/schema.org","@graph":[{"@type":"WebPage","@id":"https:\/\/shopatoa.com\/ro\/melody-lashes-violette-gene-false-2-buc\/","url":"https:\/\/shopatoa.com\/ro\/melody-lashes-violette-gene-false-2-buc\/","name":"Melody Lashes Violette gene false 2 buc - SHOPATOA.COM","isPartOf":{"@id":"https:\/\/shopatoa.com\/ro\/#website"},"primaryImageOfPage":{"@id":"https:\/\/shopatoa.com\/ro\/melody-lashes-violette-gene-false-2-buc\/#primaryimage"},"image":{"@id":"https:\/\/shopatoa.com\/ro\/melody-lashes-violette-gene-false-2-buc\/#primaryimage"},"thumbnailUrl":"https:\/\/storage.googleapis.com\/cz-shopatoa-img\/ro\/5f1507b6-unnamed-file.webp","datePublished":"2025-06-17T07:58:53+00:00","dateModified":"2025-10-08T16:55:04+00:00","breadcrumb":{"@id":"https:\/\/shopatoa.com\/ro\/melody-lashes-violette-gene-false-2-buc\/#breadcrumb"},"inLanguage":"ro-RO","potentialAction":[{"@type":"ReadAction","target":["https:\/\/shopatoa.com\/ro\/melody-lashes-violette-gene-false-2-buc\/"]}]},{"@type":"ImageObject","inLanguage":"ro-RO","@id":"https:\/\/shopatoa.com\/ro\/melody-lashes-violette-gene-false-2-buc\/#primaryimage","url":"https:\/\/storage.googleapis.com\/cz-shopatoa-img\/ro\/5f1507b6-unnamed-file.webp","contentUrl":"https:\/\/storage.googleapis.com\/cz-shopatoa-img\/ro\/5f1507b6-unnamed-file.webp","width":800,"height":800},{"@type":"BreadcrumbList","@id":"https:\/\/shopatoa.com\/ro\/melody-lashes-violette-gene-false-2-buc\/#breadcrumb","itemListElement":[{"@type":"ListItem","position":1,"name":"Dom\u016f","item":"https:\/\/shopatoa.com\/ro\/"},{"@type":"ListItem","position":2,"name":"Shop","item":"https:\/\/shopatoa.com\/ro\/shop\/"},{"@type":"ListItem","position":3,"name":"S\u0103n\u0103tate \u0219i frumuse\u021be","item":"https:\/\/shopatoa.com\/ro\/sanatate-si-frumusete\/"},{"@type":"ListItem","position":4,"name":"\u00cengrijire personal\u0103","item":"https:\/\/shopatoa.com\/ro\/ingrijire-personala\/"},{"@type":"ListItem","position":5,"name":"Cosmetice","item":"https:\/\/shopatoa.com\/ro\/cosmetice-ingrijire-personala\/"},{"@type":"ListItem","position":6,"name":"Machiaj","item":"https:\/\/shopatoa.com\/ro\/machiaj\/"},{"@type":"ListItem","position":7,"name":"Machiaj ochi","item":"https:\/\/shopatoa.com\/ro\/machiaj-ochi\/"},{"@type":"ListItem","position":8,"name":"Gene false","item":"https:\/\/shopatoa.com\/ro\/gene-false-machiaj-ochi\/"},{"@type":"ListItem","position":9,"name":"Melody Lashes Violette gene false 2 buc"}]},{"@type":"WebSite","@id":"https:\/\/shopatoa.com\/ro\/#website","url":"https:\/\/shopatoa.com\/ro\/","name":"SHOPATOA","description":"","publisher":{"@id":"https:\/\/shopatoa.com\/ro\/#organization"},"potentialAction":[{"@type":"SearchAction","target":{"@type":"EntryPoint","urlTemplate":"https:\/\/shopatoa.com\/ro\/?s={search_term_string}"},"query-input":{"@type":"PropertyValueSpecification","valueRequired":true,"valueName":"search_term_string"}}],"inLanguage":"ro-RO"},{"@type":"Organization","@id":"https:\/\/shopatoa.com\/ro\/#organization","name":"SHOPATOA","url":"https:\/\/shopatoa.com\/ro\/","logo":{"@type":"ImageObject","inLanguage":"ro-RO","@id":"https:\/\/shopatoa.com\/ro\/#\/schema\/logo\/image\/","url":"https:\/\/storage.googleapis.com\/cz-shopatoa-img\/ro\/b4dac915-shopatoa_logo.png","contentUrl":"https:\/\/storage.googleapis.com\/cz-shopatoa-img\/ro\/b4dac915-shopatoa_logo.png","width":416,"height":63,"caption":"SHOPATOA"},"image":{"@id":"https:\/\/shopatoa.com\/ro\/#\/schema\/logo\/image\/"}}]}},"_links":{"self":[{"href":"https:\/\/shopatoa.com\/ro\/wp-json\/wp\/v2\/product\/396315","targetHints":{"allow":["GET"]}}],"collection":[{"href":"https:\/\/shopatoa.com\/ro\/wp-json\/wp\/v2\/product"}],"about":[{"href":"https:\/\/shopatoa.com\/ro\/wp-json\/wp\/v2\/types\/product"}],"replies":[{"embeddable":true,"href":"https:\/\/shopatoa.com\/ro\/wp-json\/wp\/v2\/comments?post=396315"}],"wp:featuredmedia":[{"embeddable":true,"href":"https:\/\/shopatoa.com\/ro\/wp-json\/wp\/v2\/media\/396316"}],"wp:attachment":[{"href":"https:\/\/shopatoa.com\/ro\/wp-json\/wp\/v2\/media?parent=396315"}],"wp:term":[{"taxonomy":"product_brand","embeddable":true,"href":"https:\/\/shopatoa.com\/ro\/wp-json\/wp\/v2\/product_brand?post=396315"},{"taxonomy":"product_cat","embeddable":true,"href":"https:\/\/shopatoa.com\/ro\/wp-json\/wp\/v2\/product_cat?post=396315"},{"taxonomy":"product_tag","embeddable":true,"href":"https:\/\/shopatoa.com\/ro\/wp-json\/wp\/v2\/product_tag?post=396315"}],"curies":[{"name":"wp","href":"https:\/\/api.w.org\/{rel}","templated":true}]}}