{"id":396507,"date":"2025-06-17T10:28:25","date_gmt":"2025-06-17T08:28:25","guid":{"rendered":"https:\/\/shopatoa.com\/ro\/beauty-jar-berry-sugar-exfoliant-pentru-buze-cu-unt-de-cacao-si-vitamina-e-15-ml\/"},"modified":"2025-12-08T17:35:19","modified_gmt":"2025-12-08T16:35:19","slug":"beauty-jar-berry-sugar-exfoliant-pentru-buze-cu-unt-de-cacao-si-vitamina-e-15-ml","status":"publish","type":"product","link":"https:\/\/shopatoa.com\/ro\/beauty-jar-berry-sugar-exfoliant-pentru-buze-cu-unt-de-cacao-si-vitamina-e-15-ml\/","title":{"rendered":"Beauty Jar Berry Sugar Exfoliant pentru buze cu unt de cacao si vitamina E 15 ml"},"content":{"rendered":"<p>Beauty Jar Berry Sugar, 15 ml, Peeling pentru buze pentru femei, Exfolierea, sau \u00eendep\u0103rtarea celulelor moarte cutanate, este cea mai eficient\u0103 modalitate de a ob\u021bine o piele neted\u0103. \u0218i nu doar \u00een cazul pielii corpului \u2013 chiar \u0219i buzele pot fi netezite prin exfoliere. Exfoliantul pentru buze Beauty Jar Berry Sugar v\u0103 va ajuta s\u0103 \u00eendep\u0103rta\u021bi pielea uscat\u0103, descuamat\u0103 \u0219i moart\u0103 de pe buze, l\u0103s\u00e2ndu-le catifelate \u0219i netede. Totodat\u0103, va contribui la \u00eembun\u0103t\u0103\u021birea circula\u021biei sanguine, asigur\u00e2nd o aplicare mai u\u0219oar\u0103 a oric\u0103rui ruj \u0219i rezultate mai bune \u0219i mai durabile.  Caracteristici:  \u00eenl\u0103tur\u0103 celulele moarte de pe buze ofer\u0103 buzelor \u0219i zonei din jur hidratarea \u0219i nutri\u021bia necesare buzele devin moi \u0219i fine ca m\u0103tasea  Ingrediente:  produs vegan  Cum se utilizeaz\u0103: Preleva\u021bi din recipient fie cu m\u00e2inile complet uscate, fie cu o spatul\u0103 uscat\u0103. Masa\u021bi sau freca\u021bi u\u0219or cu v\u00e2rful degetelor.<\/p>\n","protected":false},"excerpt":{"rendered":"<p>Beauty Jar Berry Sugar, 15 ml, Peeling pentru buze pentru femei, Exfolierea, sau \u00eendep\u0103rtarea celulelor moarte cutanate, este cea mai eficient\u0103 modalitate de a ob\u021bine o piele neted\u0103. \u0218i nu doar \u00een cazul pielii corpului \u2013 chiar \u0219i buzele pot fi netezite prin exfoliere. Exfoliantul pentru buze Beauty Jar Berry Sugar v\u0103 va ajuta s\u0103&#8230;<\/p>\n","protected":false},"featured_media":396508,"comment_status":"closed","ping_status":"open","template":"","meta":{"_acf_changed":false,"_kadence_starter_templates_imported_post":false,"_kad_post_transparent":"","_kad_post_title":"","_kad_post_layout":"","_kad_post_sidebar_id":"","_kad_post_content_style":"","_kad_post_vertical_padding":"","_kad_post_feature":"","_kad_post_feature_position":"","_kad_post_header":false,"_kad_post_footer":false,"_kad_post_classname":""},"product_brand":[1625],"product_cat":[1628,1564,1563,1565,1562],"product_tag":[],"class_list":{"0":"post-396507","1":"product","2":"type-product","3":"status-publish","4":"has-post-thumbnail","6":"product_brand-beauty-jar","7":"product_cat-balsamuri-si-tratamente-pentru-buze","8":"product_cat-cosmetice-ingrijire-personala","9":"product_cat-ingrijire-personala","10":"product_cat-ingrijirea-pielii","11":"product_cat-sanatate-si-frumusete","12":"pa_gen-female","13":"pa_marime-15-ml","15":"first","16":"instock","17":"sale","18":"product-type-external","19":"entry","20":"content-bg","21":"loop-entry"},"acf":[],"yoast_head":"<!-- This site is optimized with the Yoast SEO plugin v27.4 - https:\/\/yoast.com\/product\/yoast-seo-wordpress\/ -->\n<title>Beauty Jar Berry Sugar Exfoliant pentru buze cu unt de cacao si vitamina E 15 ml - SHOPATOA.COM<\/title>\n<meta name=\"robots\" content=\"index, follow, max-snippet:-1, max-image-preview:large, max-video-preview:-1\" \/>\n<link rel=\"canonical\" href=\"https:\/\/shopatoa.com\/ro\/beauty-jar-berry-sugar-exfoliant-pentru-buze-cu-unt-de-cacao-si-vitamina-e-15-ml\/\" \/>\n<meta property=\"og:locale\" content=\"ro_RO\" \/>\n<meta property=\"og:type\" content=\"article\" \/>\n<meta property=\"og:title\" content=\"Beauty Jar Berry Sugar Exfoliant pentru buze cu unt de cacao si vitamina E 15 ml - SHOPATOA.COM\" \/>\n<meta property=\"og:description\" content=\"Beauty Jar Berry Sugar, 15 ml, Peeling pentru buze pentru femei, Exfolierea, sau \u00eendep\u0103rtarea celulelor moarte cutanate, este cea mai eficient\u0103 modalitate de a ob\u021bine o piele neted\u0103. \u0218i nu doar \u00een cazul pielii corpului \u2013 chiar \u0219i buzele pot fi netezite prin exfoliere. Exfoliantul pentru buze Beauty Jar Berry Sugar v\u0103 va ajuta s\u0103...\" \/>\n<meta property=\"og:url\" content=\"https:\/\/shopatoa.com\/ro\/beauty-jar-berry-sugar-exfoliant-pentru-buze-cu-unt-de-cacao-si-vitamina-e-15-ml\/\" \/>\n<meta property=\"og:site_name\" content=\"SHOPATOA\" \/>\n<meta property=\"article:modified_time\" content=\"2025-12-08T16:35:19+00:00\" \/>\n<meta property=\"og:image\" content=\"https:\/\/storage.googleapis.com\/cz-shopatoa-img\/ro\/e579b0f8-unnamed-file.webp\" \/>\n\t<meta property=\"og:image:width\" content=\"800\" \/>\n\t<meta property=\"og:image:height\" content=\"800\" \/>\n\t<meta property=\"og:image:type\" content=\"image\/webp\" \/>\n<meta name=\"twitter:card\" content=\"summary_large_image\" \/>\n<meta name=\"twitter:label1\" content=\"Timp estimat pentru citire\" \/>\n\t<meta name=\"twitter:data1\" content=\"1 minut\" \/>\n<script type=\"application\/ld+json\" class=\"yoast-schema-graph\">{\"@context\":\"https:\\\/\\\/schema.org\",\"@graph\":[{\"@type\":\"WebPage\",\"@id\":\"https:\\\/\\\/shopatoa.com\\\/ro\\\/beauty-jar-berry-sugar-exfoliant-pentru-buze-cu-unt-de-cacao-si-vitamina-e-15-ml\\\/\",\"url\":\"https:\\\/\\\/shopatoa.com\\\/ro\\\/beauty-jar-berry-sugar-exfoliant-pentru-buze-cu-unt-de-cacao-si-vitamina-e-15-ml\\\/\",\"name\":\"Beauty Jar Berry Sugar Exfoliant pentru buze cu unt de cacao si vitamina E 15 ml - SHOPATOA.COM\",\"isPartOf\":{\"@id\":\"https:\\\/\\\/shopatoa.com\\\/ro\\\/#website\"},\"primaryImageOfPage\":{\"@id\":\"https:\\\/\\\/shopatoa.com\\\/ro\\\/beauty-jar-berry-sugar-exfoliant-pentru-buze-cu-unt-de-cacao-si-vitamina-e-15-ml\\\/#primaryimage\"},\"image\":{\"@id\":\"https:\\\/\\\/shopatoa.com\\\/ro\\\/beauty-jar-berry-sugar-exfoliant-pentru-buze-cu-unt-de-cacao-si-vitamina-e-15-ml\\\/#primaryimage\"},\"thumbnailUrl\":\"https:\\\/\\\/storage.googleapis.com\\\/cz-shopatoa-img\\\/ro\\\/e579b0f8-unnamed-file.webp\",\"datePublished\":\"2025-06-17T08:28:25+00:00\",\"dateModified\":\"2025-12-08T16:35:19+00:00\",\"breadcrumb\":{\"@id\":\"https:\\\/\\\/shopatoa.com\\\/ro\\\/beauty-jar-berry-sugar-exfoliant-pentru-buze-cu-unt-de-cacao-si-vitamina-e-15-ml\\\/#breadcrumb\"},\"inLanguage\":\"ro-RO\",\"potentialAction\":[{\"@type\":\"ReadAction\",\"target\":[\"https:\\\/\\\/shopatoa.com\\\/ro\\\/beauty-jar-berry-sugar-exfoliant-pentru-buze-cu-unt-de-cacao-si-vitamina-e-15-ml\\\/\"]}]},{\"@type\":\"ImageObject\",\"inLanguage\":\"ro-RO\",\"@id\":\"https:\\\/\\\/shopatoa.com\\\/ro\\\/beauty-jar-berry-sugar-exfoliant-pentru-buze-cu-unt-de-cacao-si-vitamina-e-15-ml\\\/#primaryimage\",\"url\":\"https:\\\/\\\/storage.googleapis.com\\\/cz-shopatoa-img\\\/ro\\\/e579b0f8-unnamed-file.webp\",\"contentUrl\":\"https:\\\/\\\/storage.googleapis.com\\\/cz-shopatoa-img\\\/ro\\\/e579b0f8-unnamed-file.webp\",\"width\":800,\"height\":800},{\"@type\":\"BreadcrumbList\",\"@id\":\"https:\\\/\\\/shopatoa.com\\\/ro\\\/beauty-jar-berry-sugar-exfoliant-pentru-buze-cu-unt-de-cacao-si-vitamina-e-15-ml\\\/#breadcrumb\",\"itemListElement\":[{\"@type\":\"ListItem\",\"position\":1,\"name\":\"Dom\u016f\",\"item\":\"https:\\\/\\\/shopatoa.com\\\/ro\\\/\"},{\"@type\":\"ListItem\",\"position\":2,\"name\":\"Shop\",\"item\":\"https:\\\/\\\/shopatoa.com\\\/ro\\\/shop\\\/\"},{\"@type\":\"ListItem\",\"position\":3,\"name\":\"S\u0103n\u0103tate \u0219i frumuse\u021be\",\"item\":\"https:\\\/\\\/shopatoa.com\\\/ro\\\/sanatate-si-frumusete\\\/\"},{\"@type\":\"ListItem\",\"position\":4,\"name\":\"\u00cengrijire personal\u0103\",\"item\":\"https:\\\/\\\/shopatoa.com\\\/ro\\\/ingrijire-personala\\\/\"},{\"@type\":\"ListItem\",\"position\":5,\"name\":\"Cosmetice\",\"item\":\"https:\\\/\\\/shopatoa.com\\\/ro\\\/cosmetice-ingrijire-personala\\\/\"},{\"@type\":\"ListItem\",\"position\":6,\"name\":\"\u00cengrijirea pielii\",\"item\":\"https:\\\/\\\/shopatoa.com\\\/ro\\\/ingrijirea-pielii\\\/\"},{\"@type\":\"ListItem\",\"position\":7,\"name\":\"Balsamuri \u0219i tratamente pentru buze\",\"item\":\"https:\\\/\\\/shopatoa.com\\\/ro\\\/balsamuri-si-tratamente-pentru-buze\\\/\"},{\"@type\":\"ListItem\",\"position\":8,\"name\":\"Beauty Jar Berry Sugar Exfoliant pentru buze cu unt de cacao si vitamina E 15 ml\"}]},{\"@type\":\"WebSite\",\"@id\":\"https:\\\/\\\/shopatoa.com\\\/ro\\\/#website\",\"url\":\"https:\\\/\\\/shopatoa.com\\\/ro\\\/\",\"name\":\"SHOPATOA\",\"description\":\"\",\"publisher\":{\"@id\":\"https:\\\/\\\/shopatoa.com\\\/ro\\\/#organization\"},\"potentialAction\":[{\"@type\":\"SearchAction\",\"target\":{\"@type\":\"EntryPoint\",\"urlTemplate\":\"https:\\\/\\\/shopatoa.com\\\/ro\\\/?s={search_term_string}\"},\"query-input\":{\"@type\":\"PropertyValueSpecification\",\"valueRequired\":true,\"valueName\":\"search_term_string\"}}],\"inLanguage\":\"ro-RO\"},{\"@type\":\"Organization\",\"@id\":\"https:\\\/\\\/shopatoa.com\\\/ro\\\/#organization\",\"name\":\"SHOPATOA\",\"url\":\"https:\\\/\\\/shopatoa.com\\\/ro\\\/\",\"logo\":{\"@type\":\"ImageObject\",\"inLanguage\":\"ro-RO\",\"@id\":\"https:\\\/\\\/shopatoa.com\\\/ro\\\/#\\\/schema\\\/logo\\\/image\\\/\",\"url\":\"https:\\\/\\\/storage.googleapis.com\\\/cz-shopatoa-img\\\/ro\\\/b4dac915-shopatoa_logo.png\",\"contentUrl\":\"https:\\\/\\\/storage.googleapis.com\\\/cz-shopatoa-img\\\/ro\\\/b4dac915-shopatoa_logo.png\",\"width\":416,\"height\":63,\"caption\":\"SHOPATOA\"},\"image\":{\"@id\":\"https:\\\/\\\/shopatoa.com\\\/ro\\\/#\\\/schema\\\/logo\\\/image\\\/\"}}]}<\/script>\n<!-- \/ Yoast SEO plugin. -->","yoast_head_json":{"title":"Beauty Jar Berry Sugar Exfoliant pentru buze cu unt de cacao si vitamina E 15 ml - SHOPATOA.COM","robots":{"index":"index","follow":"follow","max-snippet":"max-snippet:-1","max-image-preview":"max-image-preview:large","max-video-preview":"max-video-preview:-1"},"canonical":"https:\/\/shopatoa.com\/ro\/beauty-jar-berry-sugar-exfoliant-pentru-buze-cu-unt-de-cacao-si-vitamina-e-15-ml\/","og_locale":"ro_RO","og_type":"article","og_title":"Beauty Jar Berry Sugar Exfoliant pentru buze cu unt de cacao si vitamina E 15 ml - SHOPATOA.COM","og_description":"Beauty Jar Berry Sugar, 15 ml, Peeling pentru buze pentru femei, Exfolierea, sau \u00eendep\u0103rtarea celulelor moarte cutanate, este cea mai eficient\u0103 modalitate de a ob\u021bine o piele neted\u0103. \u0218i nu doar \u00een cazul pielii corpului \u2013 chiar \u0219i buzele pot fi netezite prin exfoliere. Exfoliantul pentru buze Beauty Jar Berry Sugar v\u0103 va ajuta s\u0103...","og_url":"https:\/\/shopatoa.com\/ro\/beauty-jar-berry-sugar-exfoliant-pentru-buze-cu-unt-de-cacao-si-vitamina-e-15-ml\/","og_site_name":"SHOPATOA","article_modified_time":"2025-12-08T16:35:19+00:00","og_image":[{"width":800,"height":800,"url":"https:\/\/storage.googleapis.com\/cz-shopatoa-img\/ro\/e579b0f8-unnamed-file.webp","type":"image\/webp"}],"twitter_card":"summary_large_image","twitter_misc":{"Timp estimat pentru citire":"1 minut"},"schema":{"@context":"https:\/\/schema.org","@graph":[{"@type":"WebPage","@id":"https:\/\/shopatoa.com\/ro\/beauty-jar-berry-sugar-exfoliant-pentru-buze-cu-unt-de-cacao-si-vitamina-e-15-ml\/","url":"https:\/\/shopatoa.com\/ro\/beauty-jar-berry-sugar-exfoliant-pentru-buze-cu-unt-de-cacao-si-vitamina-e-15-ml\/","name":"Beauty Jar Berry Sugar Exfoliant pentru buze cu unt de cacao si vitamina E 15 ml - SHOPATOA.COM","isPartOf":{"@id":"https:\/\/shopatoa.com\/ro\/#website"},"primaryImageOfPage":{"@id":"https:\/\/shopatoa.com\/ro\/beauty-jar-berry-sugar-exfoliant-pentru-buze-cu-unt-de-cacao-si-vitamina-e-15-ml\/#primaryimage"},"image":{"@id":"https:\/\/shopatoa.com\/ro\/beauty-jar-berry-sugar-exfoliant-pentru-buze-cu-unt-de-cacao-si-vitamina-e-15-ml\/#primaryimage"},"thumbnailUrl":"https:\/\/storage.googleapis.com\/cz-shopatoa-img\/ro\/e579b0f8-unnamed-file.webp","datePublished":"2025-06-17T08:28:25+00:00","dateModified":"2025-12-08T16:35:19+00:00","breadcrumb":{"@id":"https:\/\/shopatoa.com\/ro\/beauty-jar-berry-sugar-exfoliant-pentru-buze-cu-unt-de-cacao-si-vitamina-e-15-ml\/#breadcrumb"},"inLanguage":"ro-RO","potentialAction":[{"@type":"ReadAction","target":["https:\/\/shopatoa.com\/ro\/beauty-jar-berry-sugar-exfoliant-pentru-buze-cu-unt-de-cacao-si-vitamina-e-15-ml\/"]}]},{"@type":"ImageObject","inLanguage":"ro-RO","@id":"https:\/\/shopatoa.com\/ro\/beauty-jar-berry-sugar-exfoliant-pentru-buze-cu-unt-de-cacao-si-vitamina-e-15-ml\/#primaryimage","url":"https:\/\/storage.googleapis.com\/cz-shopatoa-img\/ro\/e579b0f8-unnamed-file.webp","contentUrl":"https:\/\/storage.googleapis.com\/cz-shopatoa-img\/ro\/e579b0f8-unnamed-file.webp","width":800,"height":800},{"@type":"BreadcrumbList","@id":"https:\/\/shopatoa.com\/ro\/beauty-jar-berry-sugar-exfoliant-pentru-buze-cu-unt-de-cacao-si-vitamina-e-15-ml\/#breadcrumb","itemListElement":[{"@type":"ListItem","position":1,"name":"Dom\u016f","item":"https:\/\/shopatoa.com\/ro\/"},{"@type":"ListItem","position":2,"name":"Shop","item":"https:\/\/shopatoa.com\/ro\/shop\/"},{"@type":"ListItem","position":3,"name":"S\u0103n\u0103tate \u0219i frumuse\u021be","item":"https:\/\/shopatoa.com\/ro\/sanatate-si-frumusete\/"},{"@type":"ListItem","position":4,"name":"\u00cengrijire personal\u0103","item":"https:\/\/shopatoa.com\/ro\/ingrijire-personala\/"},{"@type":"ListItem","position":5,"name":"Cosmetice","item":"https:\/\/shopatoa.com\/ro\/cosmetice-ingrijire-personala\/"},{"@type":"ListItem","position":6,"name":"\u00cengrijirea pielii","item":"https:\/\/shopatoa.com\/ro\/ingrijirea-pielii\/"},{"@type":"ListItem","position":7,"name":"Balsamuri \u0219i tratamente pentru buze","item":"https:\/\/shopatoa.com\/ro\/balsamuri-si-tratamente-pentru-buze\/"},{"@type":"ListItem","position":8,"name":"Beauty Jar Berry Sugar Exfoliant pentru buze cu unt de cacao si vitamina E 15 ml"}]},{"@type":"WebSite","@id":"https:\/\/shopatoa.com\/ro\/#website","url":"https:\/\/shopatoa.com\/ro\/","name":"SHOPATOA","description":"","publisher":{"@id":"https:\/\/shopatoa.com\/ro\/#organization"},"potentialAction":[{"@type":"SearchAction","target":{"@type":"EntryPoint","urlTemplate":"https:\/\/shopatoa.com\/ro\/?s={search_term_string}"},"query-input":{"@type":"PropertyValueSpecification","valueRequired":true,"valueName":"search_term_string"}}],"inLanguage":"ro-RO"},{"@type":"Organization","@id":"https:\/\/shopatoa.com\/ro\/#organization","name":"SHOPATOA","url":"https:\/\/shopatoa.com\/ro\/","logo":{"@type":"ImageObject","inLanguage":"ro-RO","@id":"https:\/\/shopatoa.com\/ro\/#\/schema\/logo\/image\/","url":"https:\/\/storage.googleapis.com\/cz-shopatoa-img\/ro\/b4dac915-shopatoa_logo.png","contentUrl":"https:\/\/storage.googleapis.com\/cz-shopatoa-img\/ro\/b4dac915-shopatoa_logo.png","width":416,"height":63,"caption":"SHOPATOA"},"image":{"@id":"https:\/\/shopatoa.com\/ro\/#\/schema\/logo\/image\/"}}]}},"_links":{"self":[{"href":"https:\/\/shopatoa.com\/ro\/wp-json\/wp\/v2\/product\/396507","targetHints":{"allow":["GET"]}}],"collection":[{"href":"https:\/\/shopatoa.com\/ro\/wp-json\/wp\/v2\/product"}],"about":[{"href":"https:\/\/shopatoa.com\/ro\/wp-json\/wp\/v2\/types\/product"}],"replies":[{"embeddable":true,"href":"https:\/\/shopatoa.com\/ro\/wp-json\/wp\/v2\/comments?post=396507"}],"wp:featuredmedia":[{"embeddable":true,"href":"https:\/\/shopatoa.com\/ro\/wp-json\/wp\/v2\/media\/396508"}],"wp:attachment":[{"href":"https:\/\/shopatoa.com\/ro\/wp-json\/wp\/v2\/media?parent=396507"}],"wp:term":[{"taxonomy":"product_brand","embeddable":true,"href":"https:\/\/shopatoa.com\/ro\/wp-json\/wp\/v2\/product_brand?post=396507"},{"taxonomy":"product_cat","embeddable":true,"href":"https:\/\/shopatoa.com\/ro\/wp-json\/wp\/v2\/product_cat?post=396507"},{"taxonomy":"product_tag","embeddable":true,"href":"https:\/\/shopatoa.com\/ro\/wp-json\/wp\/v2\/product_tag?post=396507"}],"curies":[{"name":"wp","href":"https:\/\/api.w.org\/{rel}","templated":true}]}}