{"id":396629,"date":"2025-06-17T10:49:22","date_gmt":"2025-06-17T08:49:22","guid":{"rendered":"https:\/\/shopatoa.com\/ro\/nacomi-deep-hydration-apa-din-nuca-de-cocos-100-ml\/"},"modified":"2025-12-09T19:43:28","modified_gmt":"2025-12-09T18:43:28","slug":"nacomi-deep-hydration-apa-din-nuca-de-cocos-100-ml","status":"publish","type":"product","link":"https:\/\/shopatoa.com\/ro\/nacomi-deep-hydration-apa-din-nuca-de-cocos-100-ml\/","title":{"rendered":"Nacomi Deep hydration ap\u0103 din nuc\u0103 de cocos 100 ml"},"content":{"rendered":"<p>Nacomi Deep hydration, 100 ml, spray pentru fa\u021b\u0103 pentru femei, Spray-ul facial Nacomi Deep hydration nu numai c\u0103 \u00eemprosp\u0103teaz\u0103 \u0219i hidrateaz\u0103 instantaneu tenul, dar ajut\u0103 \u0219i la fixarea machiajului. \u00cel pute\u021bi aplica \u00een orice moment al zilei, chiar \u0219i peste machiaj \u2013 va contribui la prelungirea rezisten\u021bei acestuia \u0219i v\u0103 va oferi o senza\u021bie de prospe\u021bime.  Caracteristici:  \u00eemprosp\u0103teaz\u0103 \u0219i ilumineaz\u0103 \u00eentre\u021bine echilibrul pielii are efect de calmare ajut\u0103 la prevenirea deshidrat\u0103rii pielii  Ingrediente:  produs vegan  Cum se utilizeaz\u0103: Se pulverizeaz\u0103 pe fa\u021b\u0103 o cantitate potrivit\u0103 de produs. Se poate utiliza \u00een orice moment al zilei.<\/p>\n","protected":false},"excerpt":{"rendered":"<p>Nacomi Deep hydration, 100 ml, spray pentru fa\u021b\u0103 pentru femei, Spray-ul facial Nacomi Deep hydration nu numai c\u0103 \u00eemprosp\u0103teaz\u0103 \u0219i hidrateaz\u0103 instantaneu tenul, dar ajut\u0103 \u0219i la fixarea machiajului. \u00cel pute\u021bi aplica \u00een orice moment al zilei, chiar \u0219i peste machiaj \u2013 va contribui la prelungirea rezisten\u021bei acestuia \u0219i v\u0103 va oferi o senza\u021bie de&#8230;<\/p>\n","protected":false},"featured_media":396630,"comment_status":"closed","ping_status":"open","template":"","meta":{"_acf_changed":false,"_kadence_starter_templates_imported_post":false,"_kad_post_transparent":"","_kad_post_title":"","_kad_post_layout":"","_kad_post_sidebar_id":"","_kad_post_content_style":"","_kad_post_vertical_padding":"","_kad_post_feature":"","_kad_post_feature_position":"","_kad_post_header":false,"_kad_post_footer":false,"_kad_post_classname":""},"product_brand":[2516],"product_cat":[1564,1563,1565,1562],"product_tag":[],"class_list":{"0":"post-396629","1":"product","2":"type-product","3":"status-publish","4":"has-post-thumbnail","6":"product_brand-nacomi","7":"product_cat-cosmetice-ingrijire-personala","8":"product_cat-ingrijire-personala","9":"product_cat-ingrijirea-pielii","10":"product_cat-sanatate-si-frumusete","11":"pa_gen-female","12":"pa_marime-100-ml","14":"first","15":"instock","16":"sale","17":"product-type-external","18":"entry","19":"content-bg","20":"loop-entry"},"acf":[],"yoast_head":"<!-- This site is optimized with the Yoast SEO plugin v27.4 - https:\/\/yoast.com\/product\/yoast-seo-wordpress\/ -->\n<title>Nacomi Deep hydration ap\u0103 din nuc\u0103 de cocos 100 ml - SHOPATOA.COM<\/title>\n<meta name=\"robots\" content=\"index, follow, max-snippet:-1, max-image-preview:large, max-video-preview:-1\" \/>\n<link rel=\"canonical\" href=\"https:\/\/shopatoa.com\/ro\/nacomi-deep-hydration-apa-din-nuca-de-cocos-100-ml\/\" \/>\n<meta property=\"og:locale\" content=\"ro_RO\" \/>\n<meta property=\"og:type\" content=\"article\" \/>\n<meta property=\"og:title\" content=\"Nacomi Deep hydration ap\u0103 din nuc\u0103 de cocos 100 ml - SHOPATOA.COM\" \/>\n<meta property=\"og:description\" content=\"Nacomi Deep hydration, 100 ml, spray pentru fa\u021b\u0103 pentru femei, Spray-ul facial Nacomi Deep hydration nu numai c\u0103 \u00eemprosp\u0103teaz\u0103 \u0219i hidrateaz\u0103 instantaneu tenul, dar ajut\u0103 \u0219i la fixarea machiajului. \u00cel pute\u021bi aplica \u00een orice moment al zilei, chiar \u0219i peste machiaj \u2013 va contribui la prelungirea rezisten\u021bei acestuia \u0219i v\u0103 va oferi o senza\u021bie de...\" \/>\n<meta property=\"og:url\" content=\"https:\/\/shopatoa.com\/ro\/nacomi-deep-hydration-apa-din-nuca-de-cocos-100-ml\/\" \/>\n<meta property=\"og:site_name\" content=\"SHOPATOA\" \/>\n<meta property=\"article:modified_time\" content=\"2025-12-09T18:43:28+00:00\" \/>\n<meta property=\"og:image\" content=\"https:\/\/storage.googleapis.com\/cz-shopatoa-img\/ro\/13f0056c-unnamed-file.webp\" \/>\n\t<meta property=\"og:image:width\" content=\"800\" \/>\n\t<meta property=\"og:image:height\" content=\"800\" \/>\n\t<meta property=\"og:image:type\" content=\"image\/webp\" \/>\n<meta name=\"twitter:card\" content=\"summary_large_image\" \/>\n<meta name=\"twitter:label1\" content=\"Timp estimat pentru citire\" \/>\n\t<meta name=\"twitter:data1\" content=\"1 minut\" \/>\n<script type=\"application\/ld+json\" class=\"yoast-schema-graph\">{\"@context\":\"https:\\\/\\\/schema.org\",\"@graph\":[{\"@type\":\"WebPage\",\"@id\":\"https:\\\/\\\/shopatoa.com\\\/ro\\\/nacomi-deep-hydration-apa-din-nuca-de-cocos-100-ml\\\/\",\"url\":\"https:\\\/\\\/shopatoa.com\\\/ro\\\/nacomi-deep-hydration-apa-din-nuca-de-cocos-100-ml\\\/\",\"name\":\"Nacomi Deep hydration ap\u0103 din nuc\u0103 de cocos 100 ml - SHOPATOA.COM\",\"isPartOf\":{\"@id\":\"https:\\\/\\\/shopatoa.com\\\/ro\\\/#website\"},\"primaryImageOfPage\":{\"@id\":\"https:\\\/\\\/shopatoa.com\\\/ro\\\/nacomi-deep-hydration-apa-din-nuca-de-cocos-100-ml\\\/#primaryimage\"},\"image\":{\"@id\":\"https:\\\/\\\/shopatoa.com\\\/ro\\\/nacomi-deep-hydration-apa-din-nuca-de-cocos-100-ml\\\/#primaryimage\"},\"thumbnailUrl\":\"https:\\\/\\\/storage.googleapis.com\\\/cz-shopatoa-img\\\/ro\\\/13f0056c-unnamed-file.webp\",\"datePublished\":\"2025-06-17T08:49:22+00:00\",\"dateModified\":\"2025-12-09T18:43:28+00:00\",\"breadcrumb\":{\"@id\":\"https:\\\/\\\/shopatoa.com\\\/ro\\\/nacomi-deep-hydration-apa-din-nuca-de-cocos-100-ml\\\/#breadcrumb\"},\"inLanguage\":\"ro-RO\",\"potentialAction\":[{\"@type\":\"ReadAction\",\"target\":[\"https:\\\/\\\/shopatoa.com\\\/ro\\\/nacomi-deep-hydration-apa-din-nuca-de-cocos-100-ml\\\/\"]}]},{\"@type\":\"ImageObject\",\"inLanguage\":\"ro-RO\",\"@id\":\"https:\\\/\\\/shopatoa.com\\\/ro\\\/nacomi-deep-hydration-apa-din-nuca-de-cocos-100-ml\\\/#primaryimage\",\"url\":\"https:\\\/\\\/storage.googleapis.com\\\/cz-shopatoa-img\\\/ro\\\/13f0056c-unnamed-file.webp\",\"contentUrl\":\"https:\\\/\\\/storage.googleapis.com\\\/cz-shopatoa-img\\\/ro\\\/13f0056c-unnamed-file.webp\",\"width\":800,\"height\":800},{\"@type\":\"BreadcrumbList\",\"@id\":\"https:\\\/\\\/shopatoa.com\\\/ro\\\/nacomi-deep-hydration-apa-din-nuca-de-cocos-100-ml\\\/#breadcrumb\",\"itemListElement\":[{\"@type\":\"ListItem\",\"position\":1,\"name\":\"Dom\u016f\",\"item\":\"https:\\\/\\\/shopatoa.com\\\/ro\\\/\"},{\"@type\":\"ListItem\",\"position\":2,\"name\":\"Shop\",\"item\":\"https:\\\/\\\/shopatoa.com\\\/ro\\\/shop\\\/\"},{\"@type\":\"ListItem\",\"position\":3,\"name\":\"S\u0103n\u0103tate \u0219i frumuse\u021be\",\"item\":\"https:\\\/\\\/shopatoa.com\\\/ro\\\/sanatate-si-frumusete\\\/\"},{\"@type\":\"ListItem\",\"position\":4,\"name\":\"\u00cengrijire personal\u0103\",\"item\":\"https:\\\/\\\/shopatoa.com\\\/ro\\\/ingrijire-personala\\\/\"},{\"@type\":\"ListItem\",\"position\":5,\"name\":\"Cosmetice\",\"item\":\"https:\\\/\\\/shopatoa.com\\\/ro\\\/cosmetice-ingrijire-personala\\\/\"},{\"@type\":\"ListItem\",\"position\":6,\"name\":\"\u00cengrijirea pielii\",\"item\":\"https:\\\/\\\/shopatoa.com\\\/ro\\\/ingrijirea-pielii\\\/\"},{\"@type\":\"ListItem\",\"position\":7,\"name\":\"Nacomi Deep hydration ap\u0103 din nuc\u0103 de cocos 100 ml\"}]},{\"@type\":\"WebSite\",\"@id\":\"https:\\\/\\\/shopatoa.com\\\/ro\\\/#website\",\"url\":\"https:\\\/\\\/shopatoa.com\\\/ro\\\/\",\"name\":\"SHOPATOA\",\"description\":\"\",\"publisher\":{\"@id\":\"https:\\\/\\\/shopatoa.com\\\/ro\\\/#organization\"},\"potentialAction\":[{\"@type\":\"SearchAction\",\"target\":{\"@type\":\"EntryPoint\",\"urlTemplate\":\"https:\\\/\\\/shopatoa.com\\\/ro\\\/?s={search_term_string}\"},\"query-input\":{\"@type\":\"PropertyValueSpecification\",\"valueRequired\":true,\"valueName\":\"search_term_string\"}}],\"inLanguage\":\"ro-RO\"},{\"@type\":\"Organization\",\"@id\":\"https:\\\/\\\/shopatoa.com\\\/ro\\\/#organization\",\"name\":\"SHOPATOA\",\"url\":\"https:\\\/\\\/shopatoa.com\\\/ro\\\/\",\"logo\":{\"@type\":\"ImageObject\",\"inLanguage\":\"ro-RO\",\"@id\":\"https:\\\/\\\/shopatoa.com\\\/ro\\\/#\\\/schema\\\/logo\\\/image\\\/\",\"url\":\"https:\\\/\\\/storage.googleapis.com\\\/cz-shopatoa-img\\\/ro\\\/b4dac915-shopatoa_logo.png\",\"contentUrl\":\"https:\\\/\\\/storage.googleapis.com\\\/cz-shopatoa-img\\\/ro\\\/b4dac915-shopatoa_logo.png\",\"width\":416,\"height\":63,\"caption\":\"SHOPATOA\"},\"image\":{\"@id\":\"https:\\\/\\\/shopatoa.com\\\/ro\\\/#\\\/schema\\\/logo\\\/image\\\/\"}}]}<\/script>\n<!-- \/ Yoast SEO plugin. -->","yoast_head_json":{"title":"Nacomi Deep hydration ap\u0103 din nuc\u0103 de cocos 100 ml - SHOPATOA.COM","robots":{"index":"index","follow":"follow","max-snippet":"max-snippet:-1","max-image-preview":"max-image-preview:large","max-video-preview":"max-video-preview:-1"},"canonical":"https:\/\/shopatoa.com\/ro\/nacomi-deep-hydration-apa-din-nuca-de-cocos-100-ml\/","og_locale":"ro_RO","og_type":"article","og_title":"Nacomi Deep hydration ap\u0103 din nuc\u0103 de cocos 100 ml - SHOPATOA.COM","og_description":"Nacomi Deep hydration, 100 ml, spray pentru fa\u021b\u0103 pentru femei, Spray-ul facial Nacomi Deep hydration nu numai c\u0103 \u00eemprosp\u0103teaz\u0103 \u0219i hidrateaz\u0103 instantaneu tenul, dar ajut\u0103 \u0219i la fixarea machiajului. \u00cel pute\u021bi aplica \u00een orice moment al zilei, chiar \u0219i peste machiaj \u2013 va contribui la prelungirea rezisten\u021bei acestuia \u0219i v\u0103 va oferi o senza\u021bie de...","og_url":"https:\/\/shopatoa.com\/ro\/nacomi-deep-hydration-apa-din-nuca-de-cocos-100-ml\/","og_site_name":"SHOPATOA","article_modified_time":"2025-12-09T18:43:28+00:00","og_image":[{"width":800,"height":800,"url":"https:\/\/storage.googleapis.com\/cz-shopatoa-img\/ro\/13f0056c-unnamed-file.webp","type":"image\/webp"}],"twitter_card":"summary_large_image","twitter_misc":{"Timp estimat pentru citire":"1 minut"},"schema":{"@context":"https:\/\/schema.org","@graph":[{"@type":"WebPage","@id":"https:\/\/shopatoa.com\/ro\/nacomi-deep-hydration-apa-din-nuca-de-cocos-100-ml\/","url":"https:\/\/shopatoa.com\/ro\/nacomi-deep-hydration-apa-din-nuca-de-cocos-100-ml\/","name":"Nacomi Deep hydration ap\u0103 din nuc\u0103 de cocos 100 ml - SHOPATOA.COM","isPartOf":{"@id":"https:\/\/shopatoa.com\/ro\/#website"},"primaryImageOfPage":{"@id":"https:\/\/shopatoa.com\/ro\/nacomi-deep-hydration-apa-din-nuca-de-cocos-100-ml\/#primaryimage"},"image":{"@id":"https:\/\/shopatoa.com\/ro\/nacomi-deep-hydration-apa-din-nuca-de-cocos-100-ml\/#primaryimage"},"thumbnailUrl":"https:\/\/storage.googleapis.com\/cz-shopatoa-img\/ro\/13f0056c-unnamed-file.webp","datePublished":"2025-06-17T08:49:22+00:00","dateModified":"2025-12-09T18:43:28+00:00","breadcrumb":{"@id":"https:\/\/shopatoa.com\/ro\/nacomi-deep-hydration-apa-din-nuca-de-cocos-100-ml\/#breadcrumb"},"inLanguage":"ro-RO","potentialAction":[{"@type":"ReadAction","target":["https:\/\/shopatoa.com\/ro\/nacomi-deep-hydration-apa-din-nuca-de-cocos-100-ml\/"]}]},{"@type":"ImageObject","inLanguage":"ro-RO","@id":"https:\/\/shopatoa.com\/ro\/nacomi-deep-hydration-apa-din-nuca-de-cocos-100-ml\/#primaryimage","url":"https:\/\/storage.googleapis.com\/cz-shopatoa-img\/ro\/13f0056c-unnamed-file.webp","contentUrl":"https:\/\/storage.googleapis.com\/cz-shopatoa-img\/ro\/13f0056c-unnamed-file.webp","width":800,"height":800},{"@type":"BreadcrumbList","@id":"https:\/\/shopatoa.com\/ro\/nacomi-deep-hydration-apa-din-nuca-de-cocos-100-ml\/#breadcrumb","itemListElement":[{"@type":"ListItem","position":1,"name":"Dom\u016f","item":"https:\/\/shopatoa.com\/ro\/"},{"@type":"ListItem","position":2,"name":"Shop","item":"https:\/\/shopatoa.com\/ro\/shop\/"},{"@type":"ListItem","position":3,"name":"S\u0103n\u0103tate \u0219i frumuse\u021be","item":"https:\/\/shopatoa.com\/ro\/sanatate-si-frumusete\/"},{"@type":"ListItem","position":4,"name":"\u00cengrijire personal\u0103","item":"https:\/\/shopatoa.com\/ro\/ingrijire-personala\/"},{"@type":"ListItem","position":5,"name":"Cosmetice","item":"https:\/\/shopatoa.com\/ro\/cosmetice-ingrijire-personala\/"},{"@type":"ListItem","position":6,"name":"\u00cengrijirea pielii","item":"https:\/\/shopatoa.com\/ro\/ingrijirea-pielii\/"},{"@type":"ListItem","position":7,"name":"Nacomi Deep hydration ap\u0103 din nuc\u0103 de cocos 100 ml"}]},{"@type":"WebSite","@id":"https:\/\/shopatoa.com\/ro\/#website","url":"https:\/\/shopatoa.com\/ro\/","name":"SHOPATOA","description":"","publisher":{"@id":"https:\/\/shopatoa.com\/ro\/#organization"},"potentialAction":[{"@type":"SearchAction","target":{"@type":"EntryPoint","urlTemplate":"https:\/\/shopatoa.com\/ro\/?s={search_term_string}"},"query-input":{"@type":"PropertyValueSpecification","valueRequired":true,"valueName":"search_term_string"}}],"inLanguage":"ro-RO"},{"@type":"Organization","@id":"https:\/\/shopatoa.com\/ro\/#organization","name":"SHOPATOA","url":"https:\/\/shopatoa.com\/ro\/","logo":{"@type":"ImageObject","inLanguage":"ro-RO","@id":"https:\/\/shopatoa.com\/ro\/#\/schema\/logo\/image\/","url":"https:\/\/storage.googleapis.com\/cz-shopatoa-img\/ro\/b4dac915-shopatoa_logo.png","contentUrl":"https:\/\/storage.googleapis.com\/cz-shopatoa-img\/ro\/b4dac915-shopatoa_logo.png","width":416,"height":63,"caption":"SHOPATOA"},"image":{"@id":"https:\/\/shopatoa.com\/ro\/#\/schema\/logo\/image\/"}}]}},"_links":{"self":[{"href":"https:\/\/shopatoa.com\/ro\/wp-json\/wp\/v2\/product\/396629","targetHints":{"allow":["GET"]}}],"collection":[{"href":"https:\/\/shopatoa.com\/ro\/wp-json\/wp\/v2\/product"}],"about":[{"href":"https:\/\/shopatoa.com\/ro\/wp-json\/wp\/v2\/types\/product"}],"replies":[{"embeddable":true,"href":"https:\/\/shopatoa.com\/ro\/wp-json\/wp\/v2\/comments?post=396629"}],"wp:featuredmedia":[{"embeddable":true,"href":"https:\/\/shopatoa.com\/ro\/wp-json\/wp\/v2\/media\/396630"}],"wp:attachment":[{"href":"https:\/\/shopatoa.com\/ro\/wp-json\/wp\/v2\/media?parent=396629"}],"wp:term":[{"taxonomy":"product_brand","embeddable":true,"href":"https:\/\/shopatoa.com\/ro\/wp-json\/wp\/v2\/product_brand?post=396629"},{"taxonomy":"product_cat","embeddable":true,"href":"https:\/\/shopatoa.com\/ro\/wp-json\/wp\/v2\/product_cat?post=396629"},{"taxonomy":"product_tag","embeddable":true,"href":"https:\/\/shopatoa.com\/ro\/wp-json\/wp\/v2\/product_tag?post=396629"}],"curies":[{"name":"wp","href":"https:\/\/api.w.org\/{rel}","templated":true}]}}