{"id":396855,"date":"2025-06-17T11:19:39","date_gmt":"2025-06-17T09:19:39","guid":{"rendered":"https:\/\/shopatoa.com\/ro\/guess-seductive-red-set-cadou-pentru-femei\/"},"modified":"2025-11-06T07:34:23","modified_gmt":"2025-11-06T06:34:23","slug":"guess-seductive-red-set-cadou-pentru-femei","status":"publish","type":"product","link":"https:\/\/shopatoa.com\/ro\/guess-seductive-red-set-cadou-pentru-femei\/","title":{"rendered":"Guess Seductive Red set cadou pentru femei"},"content":{"rendered":"<p>Guess Seductive Red, Seturi pentru femei pentru femei, Ajuta\u021bi-v\u0103 parfumul preferat s\u0103 miroas\u0103 \u0219i mai intens. Setul de parfumuri pentru femei Guess Seductive Red con\u021bine, pe l\u00e2ng\u0103 parfum, \u0219i produse cosmetice parfumate identic. Astfel, ve\u021bi avea zi de zi o rutin\u0103 de \u00eengrijire armonioas\u0103 \u0219i o experien\u021b\u0103 senzorial\u0103 persistent\u0103.  Caracteristici:  bucur\u0103 orice femeie set la pre\u021b promo\u021bional  Setul con\u021bine:   Guess Seductive Red Eau de Toilette 75 ml  Guess Seductive Red spray de corp parfumat 125 ml<\/p>\n","protected":false},"excerpt":{"rendered":"<p>Guess Seductive Red, Seturi pentru femei pentru femei, Ajuta\u021bi-v\u0103 parfumul preferat s\u0103 miroas\u0103 \u0219i mai intens. Setul de parfumuri pentru femei Guess Seductive Red con\u021bine, pe l\u00e2ng\u0103 parfum, \u0219i produse cosmetice parfumate identic. Astfel, ve\u021bi avea zi de zi o rutin\u0103 de \u00eengrijire armonioas\u0103 \u0219i o experien\u021b\u0103 senzorial\u0103 persistent\u0103. Caracteristici: bucur\u0103 orice femeie set la&#8230;<\/p>\n","protected":false},"featured_media":396856,"comment_status":"closed","ping_status":"open","template":"","meta":{"_acf_changed":false,"_kadence_starter_templates_imported_post":false,"_kad_post_transparent":"","_kad_post_title":"","_kad_post_layout":"","_kad_post_sidebar_id":"","_kad_post_content_style":"","_kad_post_vertical_padding":"","_kad_post_feature":"","_kad_post_feature_position":"","_kad_post_header":false,"_kad_post_footer":false,"_kad_post_classname":""},"product_brand":[277],"product_cat":[1564,1563,1562,1651],"product_tag":[],"class_list":{"0":"post-396855","1":"product","2":"type-product","3":"status-publish","4":"has-post-thumbnail","6":"product_brand-guess","7":"product_cat-cosmetice-ingrijire-personala","8":"product_cat-ingrijire-personala","9":"product_cat-sanatate-si-frumusete","10":"product_cat-seturi-cosmetice","11":"pa_gen-female","13":"first","14":"instock","15":"sale","16":"product-type-external","17":"entry","18":"content-bg","19":"loop-entry"},"acf":[],"yoast_head":"<!-- This site is optimized with the Yoast SEO plugin v27.4 - https:\/\/yoast.com\/product\/yoast-seo-wordpress\/ -->\n<title>Guess Seductive Red set cadou pentru femei - SHOPATOA.COM<\/title>\n<meta name=\"robots\" content=\"index, follow, max-snippet:-1, max-image-preview:large, max-video-preview:-1\" \/>\n<link rel=\"canonical\" href=\"https:\/\/shopatoa.com\/ro\/guess-seductive-red-set-cadou-pentru-femei\/\" \/>\n<meta property=\"og:locale\" content=\"ro_RO\" \/>\n<meta property=\"og:type\" content=\"article\" \/>\n<meta property=\"og:title\" content=\"Guess Seductive Red set cadou pentru femei - SHOPATOA.COM\" \/>\n<meta property=\"og:description\" content=\"Guess Seductive Red, Seturi pentru femei pentru femei, Ajuta\u021bi-v\u0103 parfumul preferat s\u0103 miroas\u0103 \u0219i mai intens. Setul de parfumuri pentru femei Guess Seductive Red con\u021bine, pe l\u00e2ng\u0103 parfum, \u0219i produse cosmetice parfumate identic. Astfel, ve\u021bi avea zi de zi o rutin\u0103 de \u00eengrijire armonioas\u0103 \u0219i o experien\u021b\u0103 senzorial\u0103 persistent\u0103. Caracteristici: bucur\u0103 orice femeie set la...\" \/>\n<meta property=\"og:url\" content=\"https:\/\/shopatoa.com\/ro\/guess-seductive-red-set-cadou-pentru-femei\/\" \/>\n<meta property=\"og:site_name\" content=\"SHOPATOA\" \/>\n<meta property=\"article:modified_time\" content=\"2025-11-06T06:34:23+00:00\" \/>\n<meta property=\"og:image\" content=\"https:\/\/storage.googleapis.com\/cz-shopatoa-img\/ro\/c8985ab7-unnamed-file.webp\" \/>\n\t<meta property=\"og:image:width\" content=\"800\" \/>\n\t<meta property=\"og:image:height\" content=\"800\" \/>\n\t<meta property=\"og:image:type\" content=\"image\/webp\" \/>\n<meta name=\"twitter:card\" content=\"summary_large_image\" \/>\n<script type=\"application\/ld+json\" class=\"yoast-schema-graph\">{\"@context\":\"https:\\\/\\\/schema.org\",\"@graph\":[{\"@type\":\"WebPage\",\"@id\":\"https:\\\/\\\/shopatoa.com\\\/ro\\\/guess-seductive-red-set-cadou-pentru-femei\\\/\",\"url\":\"https:\\\/\\\/shopatoa.com\\\/ro\\\/guess-seductive-red-set-cadou-pentru-femei\\\/\",\"name\":\"Guess Seductive Red set cadou pentru femei - SHOPATOA.COM\",\"isPartOf\":{\"@id\":\"https:\\\/\\\/shopatoa.com\\\/ro\\\/#website\"},\"primaryImageOfPage\":{\"@id\":\"https:\\\/\\\/shopatoa.com\\\/ro\\\/guess-seductive-red-set-cadou-pentru-femei\\\/#primaryimage\"},\"image\":{\"@id\":\"https:\\\/\\\/shopatoa.com\\\/ro\\\/guess-seductive-red-set-cadou-pentru-femei\\\/#primaryimage\"},\"thumbnailUrl\":\"https:\\\/\\\/storage.googleapis.com\\\/cz-shopatoa-img\\\/ro\\\/c8985ab7-unnamed-file.webp\",\"datePublished\":\"2025-06-17T09:19:39+00:00\",\"dateModified\":\"2025-11-06T06:34:23+00:00\",\"breadcrumb\":{\"@id\":\"https:\\\/\\\/shopatoa.com\\\/ro\\\/guess-seductive-red-set-cadou-pentru-femei\\\/#breadcrumb\"},\"inLanguage\":\"ro-RO\",\"potentialAction\":[{\"@type\":\"ReadAction\",\"target\":[\"https:\\\/\\\/shopatoa.com\\\/ro\\\/guess-seductive-red-set-cadou-pentru-femei\\\/\"]}]},{\"@type\":\"ImageObject\",\"inLanguage\":\"ro-RO\",\"@id\":\"https:\\\/\\\/shopatoa.com\\\/ro\\\/guess-seductive-red-set-cadou-pentru-femei\\\/#primaryimage\",\"url\":\"https:\\\/\\\/storage.googleapis.com\\\/cz-shopatoa-img\\\/ro\\\/c8985ab7-unnamed-file.webp\",\"contentUrl\":\"https:\\\/\\\/storage.googleapis.com\\\/cz-shopatoa-img\\\/ro\\\/c8985ab7-unnamed-file.webp\",\"width\":800,\"height\":800},{\"@type\":\"BreadcrumbList\",\"@id\":\"https:\\\/\\\/shopatoa.com\\\/ro\\\/guess-seductive-red-set-cadou-pentru-femei\\\/#breadcrumb\",\"itemListElement\":[{\"@type\":\"ListItem\",\"position\":1,\"name\":\"Dom\u016f\",\"item\":\"https:\\\/\\\/shopatoa.com\\\/ro\\\/\"},{\"@type\":\"ListItem\",\"position\":2,\"name\":\"Shop\",\"item\":\"https:\\\/\\\/shopatoa.com\\\/ro\\\/shop\\\/\"},{\"@type\":\"ListItem\",\"position\":3,\"name\":\"S\u0103n\u0103tate \u0219i frumuse\u021be\",\"item\":\"https:\\\/\\\/shopatoa.com\\\/ro\\\/sanatate-si-frumusete\\\/\"},{\"@type\":\"ListItem\",\"position\":4,\"name\":\"\u00cengrijire personal\u0103\",\"item\":\"https:\\\/\\\/shopatoa.com\\\/ro\\\/ingrijire-personala\\\/\"},{\"@type\":\"ListItem\",\"position\":5,\"name\":\"Cosmetice\",\"item\":\"https:\\\/\\\/shopatoa.com\\\/ro\\\/cosmetice-ingrijire-personala\\\/\"},{\"@type\":\"ListItem\",\"position\":6,\"name\":\"Seturi cosmetice\",\"item\":\"https:\\\/\\\/shopatoa.com\\\/ro\\\/seturi-cosmetice\\\/\"},{\"@type\":\"ListItem\",\"position\":7,\"name\":\"Guess Seductive Red set cadou pentru femei\"}]},{\"@type\":\"WebSite\",\"@id\":\"https:\\\/\\\/shopatoa.com\\\/ro\\\/#website\",\"url\":\"https:\\\/\\\/shopatoa.com\\\/ro\\\/\",\"name\":\"SHOPATOA\",\"description\":\"\",\"publisher\":{\"@id\":\"https:\\\/\\\/shopatoa.com\\\/ro\\\/#organization\"},\"potentialAction\":[{\"@type\":\"SearchAction\",\"target\":{\"@type\":\"EntryPoint\",\"urlTemplate\":\"https:\\\/\\\/shopatoa.com\\\/ro\\\/?s={search_term_string}\"},\"query-input\":{\"@type\":\"PropertyValueSpecification\",\"valueRequired\":true,\"valueName\":\"search_term_string\"}}],\"inLanguage\":\"ro-RO\"},{\"@type\":\"Organization\",\"@id\":\"https:\\\/\\\/shopatoa.com\\\/ro\\\/#organization\",\"name\":\"SHOPATOA\",\"url\":\"https:\\\/\\\/shopatoa.com\\\/ro\\\/\",\"logo\":{\"@type\":\"ImageObject\",\"inLanguage\":\"ro-RO\",\"@id\":\"https:\\\/\\\/shopatoa.com\\\/ro\\\/#\\\/schema\\\/logo\\\/image\\\/\",\"url\":\"https:\\\/\\\/storage.googleapis.com\\\/cz-shopatoa-img\\\/ro\\\/b4dac915-shopatoa_logo.png\",\"contentUrl\":\"https:\\\/\\\/storage.googleapis.com\\\/cz-shopatoa-img\\\/ro\\\/b4dac915-shopatoa_logo.png\",\"width\":416,\"height\":63,\"caption\":\"SHOPATOA\"},\"image\":{\"@id\":\"https:\\\/\\\/shopatoa.com\\\/ro\\\/#\\\/schema\\\/logo\\\/image\\\/\"}}]}<\/script>\n<!-- \/ Yoast SEO plugin. -->","yoast_head_json":{"title":"Guess Seductive Red set cadou pentru femei - SHOPATOA.COM","robots":{"index":"index","follow":"follow","max-snippet":"max-snippet:-1","max-image-preview":"max-image-preview:large","max-video-preview":"max-video-preview:-1"},"canonical":"https:\/\/shopatoa.com\/ro\/guess-seductive-red-set-cadou-pentru-femei\/","og_locale":"ro_RO","og_type":"article","og_title":"Guess Seductive Red set cadou pentru femei - SHOPATOA.COM","og_description":"Guess Seductive Red, Seturi pentru femei pentru femei, Ajuta\u021bi-v\u0103 parfumul preferat s\u0103 miroas\u0103 \u0219i mai intens. Setul de parfumuri pentru femei Guess Seductive Red con\u021bine, pe l\u00e2ng\u0103 parfum, \u0219i produse cosmetice parfumate identic. Astfel, ve\u021bi avea zi de zi o rutin\u0103 de \u00eengrijire armonioas\u0103 \u0219i o experien\u021b\u0103 senzorial\u0103 persistent\u0103. Caracteristici: bucur\u0103 orice femeie set la...","og_url":"https:\/\/shopatoa.com\/ro\/guess-seductive-red-set-cadou-pentru-femei\/","og_site_name":"SHOPATOA","article_modified_time":"2025-11-06T06:34:23+00:00","og_image":[{"width":800,"height":800,"url":"https:\/\/storage.googleapis.com\/cz-shopatoa-img\/ro\/c8985ab7-unnamed-file.webp","type":"image\/webp"}],"twitter_card":"summary_large_image","schema":{"@context":"https:\/\/schema.org","@graph":[{"@type":"WebPage","@id":"https:\/\/shopatoa.com\/ro\/guess-seductive-red-set-cadou-pentru-femei\/","url":"https:\/\/shopatoa.com\/ro\/guess-seductive-red-set-cadou-pentru-femei\/","name":"Guess Seductive Red set cadou pentru femei - SHOPATOA.COM","isPartOf":{"@id":"https:\/\/shopatoa.com\/ro\/#website"},"primaryImageOfPage":{"@id":"https:\/\/shopatoa.com\/ro\/guess-seductive-red-set-cadou-pentru-femei\/#primaryimage"},"image":{"@id":"https:\/\/shopatoa.com\/ro\/guess-seductive-red-set-cadou-pentru-femei\/#primaryimage"},"thumbnailUrl":"https:\/\/storage.googleapis.com\/cz-shopatoa-img\/ro\/c8985ab7-unnamed-file.webp","datePublished":"2025-06-17T09:19:39+00:00","dateModified":"2025-11-06T06:34:23+00:00","breadcrumb":{"@id":"https:\/\/shopatoa.com\/ro\/guess-seductive-red-set-cadou-pentru-femei\/#breadcrumb"},"inLanguage":"ro-RO","potentialAction":[{"@type":"ReadAction","target":["https:\/\/shopatoa.com\/ro\/guess-seductive-red-set-cadou-pentru-femei\/"]}]},{"@type":"ImageObject","inLanguage":"ro-RO","@id":"https:\/\/shopatoa.com\/ro\/guess-seductive-red-set-cadou-pentru-femei\/#primaryimage","url":"https:\/\/storage.googleapis.com\/cz-shopatoa-img\/ro\/c8985ab7-unnamed-file.webp","contentUrl":"https:\/\/storage.googleapis.com\/cz-shopatoa-img\/ro\/c8985ab7-unnamed-file.webp","width":800,"height":800},{"@type":"BreadcrumbList","@id":"https:\/\/shopatoa.com\/ro\/guess-seductive-red-set-cadou-pentru-femei\/#breadcrumb","itemListElement":[{"@type":"ListItem","position":1,"name":"Dom\u016f","item":"https:\/\/shopatoa.com\/ro\/"},{"@type":"ListItem","position":2,"name":"Shop","item":"https:\/\/shopatoa.com\/ro\/shop\/"},{"@type":"ListItem","position":3,"name":"S\u0103n\u0103tate \u0219i frumuse\u021be","item":"https:\/\/shopatoa.com\/ro\/sanatate-si-frumusete\/"},{"@type":"ListItem","position":4,"name":"\u00cengrijire personal\u0103","item":"https:\/\/shopatoa.com\/ro\/ingrijire-personala\/"},{"@type":"ListItem","position":5,"name":"Cosmetice","item":"https:\/\/shopatoa.com\/ro\/cosmetice-ingrijire-personala\/"},{"@type":"ListItem","position":6,"name":"Seturi cosmetice","item":"https:\/\/shopatoa.com\/ro\/seturi-cosmetice\/"},{"@type":"ListItem","position":7,"name":"Guess Seductive Red set cadou pentru femei"}]},{"@type":"WebSite","@id":"https:\/\/shopatoa.com\/ro\/#website","url":"https:\/\/shopatoa.com\/ro\/","name":"SHOPATOA","description":"","publisher":{"@id":"https:\/\/shopatoa.com\/ro\/#organization"},"potentialAction":[{"@type":"SearchAction","target":{"@type":"EntryPoint","urlTemplate":"https:\/\/shopatoa.com\/ro\/?s={search_term_string}"},"query-input":{"@type":"PropertyValueSpecification","valueRequired":true,"valueName":"search_term_string"}}],"inLanguage":"ro-RO"},{"@type":"Organization","@id":"https:\/\/shopatoa.com\/ro\/#organization","name":"SHOPATOA","url":"https:\/\/shopatoa.com\/ro\/","logo":{"@type":"ImageObject","inLanguage":"ro-RO","@id":"https:\/\/shopatoa.com\/ro\/#\/schema\/logo\/image\/","url":"https:\/\/storage.googleapis.com\/cz-shopatoa-img\/ro\/b4dac915-shopatoa_logo.png","contentUrl":"https:\/\/storage.googleapis.com\/cz-shopatoa-img\/ro\/b4dac915-shopatoa_logo.png","width":416,"height":63,"caption":"SHOPATOA"},"image":{"@id":"https:\/\/shopatoa.com\/ro\/#\/schema\/logo\/image\/"}}]}},"_links":{"self":[{"href":"https:\/\/shopatoa.com\/ro\/wp-json\/wp\/v2\/product\/396855","targetHints":{"allow":["GET"]}}],"collection":[{"href":"https:\/\/shopatoa.com\/ro\/wp-json\/wp\/v2\/product"}],"about":[{"href":"https:\/\/shopatoa.com\/ro\/wp-json\/wp\/v2\/types\/product"}],"replies":[{"embeddable":true,"href":"https:\/\/shopatoa.com\/ro\/wp-json\/wp\/v2\/comments?post=396855"}],"wp:featuredmedia":[{"embeddable":true,"href":"https:\/\/shopatoa.com\/ro\/wp-json\/wp\/v2\/media\/396856"}],"wp:attachment":[{"href":"https:\/\/shopatoa.com\/ro\/wp-json\/wp\/v2\/media?parent=396855"}],"wp:term":[{"taxonomy":"product_brand","embeddable":true,"href":"https:\/\/shopatoa.com\/ro\/wp-json\/wp\/v2\/product_brand?post=396855"},{"taxonomy":"product_cat","embeddable":true,"href":"https:\/\/shopatoa.com\/ro\/wp-json\/wp\/v2\/product_cat?post=396855"},{"taxonomy":"product_tag","embeddable":true,"href":"https:\/\/shopatoa.com\/ro\/wp-json\/wp\/v2\/product_tag?post=396855"}],"curies":[{"name":"wp","href":"https:\/\/api.w.org\/{rel}","templated":true}]}}