{"id":397365,"date":"2025-06-17T12:05:33","date_gmt":"2025-06-17T10:05:33","guid":{"rendered":"https:\/\/shopatoa.com\/ro\/novellista-floral-notes-eau-de-parfum-set-cadou-pentru-femei\/"},"modified":"2025-12-09T11:45:04","modified_gmt":"2025-12-09T10:45:04","slug":"novellista-floral-notes-eau-de-parfum-set-cadou-pentru-femei","status":"publish","type":"product","link":"https:\/\/shopatoa.com\/ro\/novellista-floral-notes-eau-de-parfum-set-cadou-pentru-femei\/","title":{"rendered":"NOVELLISTA Floral Notes Eau de Parfum set cadou pentru femei"},"content":{"rendered":"<p>NOVELLISTA Floral Notes, Seturi pentru femei pentru femei, Nu v\u0103 pute\u021bi decide ce parfum vi se potrive\u0219te cel mai bine? Descoperi\u021bi mereu noi \u0219i noi acorduri \u0219i parfumuri. Setul de parfumuri pentru femei NOVELLISTA Floral Notes v\u0103 ofer\u0103 \u0219ansa ideal\u0103 de a cunoa\u0219te \u0219i de a testa noi compozi\u021bii parfumate, pentru a mirosi zi de zi altfel. Setul con\u021bine mai multe miniaturi, care v\u0103 vor cuceri inima instantaneu. Pe care o ve\u021bi \u00eencerca prima?  Caracteristici:  o posibilitate unic\u0103 de a \u00eencerca mai multe parfumuri de la brandul preferat parfum de lux pentru preten\u021bio\u0219i  Setul con\u021bine:   NOVELLISTA Crazy Rich Eau de Parfum 10 ml  NOVELLISTA Silk Destiny Eau de Parfum 10 ml  NOVELLISTA Couture Chic Eau de Parfum 10 ml<\/p>\n","protected":false},"excerpt":{"rendered":"<p>NOVELLISTA Floral Notes, Seturi pentru femei pentru femei, Nu v\u0103 pute\u021bi decide ce parfum vi se potrive\u0219te cel mai bine? Descoperi\u021bi mereu noi \u0219i noi acorduri \u0219i parfumuri. Setul de parfumuri pentru femei NOVELLISTA Floral Notes v\u0103 ofer\u0103 \u0219ansa ideal\u0103 de a cunoa\u0219te \u0219i de a testa noi compozi\u021bii parfumate, pentru a mirosi zi de&#8230;<\/p>\n","protected":false},"featured_media":397366,"comment_status":"closed","ping_status":"open","template":"","meta":{"_acf_changed":false,"_kadence_starter_templates_imported_post":false,"_kad_post_transparent":"","_kad_post_title":"","_kad_post_layout":"","_kad_post_sidebar_id":"","_kad_post_content_style":"","_kad_post_vertical_padding":"","_kad_post_feature":"","_kad_post_feature_position":"","_kad_post_header":false,"_kad_post_footer":false,"_kad_post_classname":""},"product_brand":[2612],"product_cat":[1564,1563,1740,1562],"product_tag":[],"class_list":{"0":"post-397365","1":"product","2":"type-product","3":"status-publish","4":"has-post-thumbnail","6":"product_brand-novellista","7":"product_cat-cosmetice-ingrijire-personala","8":"product_cat-ingrijire-personala","9":"product_cat-parfumuri-si-colonele","10":"product_cat-sanatate-si-frumusete","11":"pa_gen-female","13":"first","14":"instock","15":"sale","16":"product-type-external","17":"entry","18":"content-bg","19":"loop-entry"},"acf":[],"yoast_head":"<!-- This site is optimized with the Yoast SEO plugin v27.4 - https:\/\/yoast.com\/product\/yoast-seo-wordpress\/ -->\n<title>NOVELLISTA Floral Notes Eau de Parfum set cadou pentru femei - SHOPATOA.COM<\/title>\n<meta name=\"robots\" content=\"index, follow, max-snippet:-1, max-image-preview:large, max-video-preview:-1\" \/>\n<link rel=\"canonical\" href=\"https:\/\/shopatoa.com\/ro\/novellista-floral-notes-eau-de-parfum-set-cadou-pentru-femei\/\" \/>\n<meta property=\"og:locale\" content=\"ro_RO\" \/>\n<meta property=\"og:type\" content=\"article\" \/>\n<meta property=\"og:title\" content=\"NOVELLISTA Floral Notes Eau de Parfum set cadou pentru femei - SHOPATOA.COM\" \/>\n<meta property=\"og:description\" content=\"NOVELLISTA Floral Notes, Seturi pentru femei pentru femei, Nu v\u0103 pute\u021bi decide ce parfum vi se potrive\u0219te cel mai bine? Descoperi\u021bi mereu noi \u0219i noi acorduri \u0219i parfumuri. Setul de parfumuri pentru femei NOVELLISTA Floral Notes v\u0103 ofer\u0103 \u0219ansa ideal\u0103 de a cunoa\u0219te \u0219i de a testa noi compozi\u021bii parfumate, pentru a mirosi zi de...\" \/>\n<meta property=\"og:url\" content=\"https:\/\/shopatoa.com\/ro\/novellista-floral-notes-eau-de-parfum-set-cadou-pentru-femei\/\" \/>\n<meta property=\"og:site_name\" content=\"SHOPATOA\" \/>\n<meta property=\"article:modified_time\" content=\"2025-12-09T10:45:04+00:00\" \/>\n<meta property=\"og:image\" content=\"https:\/\/storage.googleapis.com\/cz-shopatoa-img\/ro\/ea5503a2-unnamed-file.webp\" \/>\n\t<meta property=\"og:image:width\" content=\"800\" \/>\n\t<meta property=\"og:image:height\" content=\"800\" \/>\n\t<meta property=\"og:image:type\" content=\"image\/webp\" \/>\n<meta name=\"twitter:card\" content=\"summary_large_image\" \/>\n<meta name=\"twitter:label1\" content=\"Timp estimat pentru citire\" \/>\n\t<meta name=\"twitter:data1\" content=\"1 minut\" \/>\n<script type=\"application\/ld+json\" class=\"yoast-schema-graph\">{\"@context\":\"https:\\\/\\\/schema.org\",\"@graph\":[{\"@type\":\"WebPage\",\"@id\":\"https:\\\/\\\/shopatoa.com\\\/ro\\\/novellista-floral-notes-eau-de-parfum-set-cadou-pentru-femei\\\/\",\"url\":\"https:\\\/\\\/shopatoa.com\\\/ro\\\/novellista-floral-notes-eau-de-parfum-set-cadou-pentru-femei\\\/\",\"name\":\"NOVELLISTA Floral Notes Eau de Parfum set cadou pentru femei - SHOPATOA.COM\",\"isPartOf\":{\"@id\":\"https:\\\/\\\/shopatoa.com\\\/ro\\\/#website\"},\"primaryImageOfPage\":{\"@id\":\"https:\\\/\\\/shopatoa.com\\\/ro\\\/novellista-floral-notes-eau-de-parfum-set-cadou-pentru-femei\\\/#primaryimage\"},\"image\":{\"@id\":\"https:\\\/\\\/shopatoa.com\\\/ro\\\/novellista-floral-notes-eau-de-parfum-set-cadou-pentru-femei\\\/#primaryimage\"},\"thumbnailUrl\":\"https:\\\/\\\/storage.googleapis.com\\\/cz-shopatoa-img\\\/ro\\\/ea5503a2-unnamed-file.webp\",\"datePublished\":\"2025-06-17T10:05:33+00:00\",\"dateModified\":\"2025-12-09T10:45:04+00:00\",\"breadcrumb\":{\"@id\":\"https:\\\/\\\/shopatoa.com\\\/ro\\\/novellista-floral-notes-eau-de-parfum-set-cadou-pentru-femei\\\/#breadcrumb\"},\"inLanguage\":\"ro-RO\",\"potentialAction\":[{\"@type\":\"ReadAction\",\"target\":[\"https:\\\/\\\/shopatoa.com\\\/ro\\\/novellista-floral-notes-eau-de-parfum-set-cadou-pentru-femei\\\/\"]}]},{\"@type\":\"ImageObject\",\"inLanguage\":\"ro-RO\",\"@id\":\"https:\\\/\\\/shopatoa.com\\\/ro\\\/novellista-floral-notes-eau-de-parfum-set-cadou-pentru-femei\\\/#primaryimage\",\"url\":\"https:\\\/\\\/storage.googleapis.com\\\/cz-shopatoa-img\\\/ro\\\/ea5503a2-unnamed-file.webp\",\"contentUrl\":\"https:\\\/\\\/storage.googleapis.com\\\/cz-shopatoa-img\\\/ro\\\/ea5503a2-unnamed-file.webp\",\"width\":800,\"height\":800},{\"@type\":\"BreadcrumbList\",\"@id\":\"https:\\\/\\\/shopatoa.com\\\/ro\\\/novellista-floral-notes-eau-de-parfum-set-cadou-pentru-femei\\\/#breadcrumb\",\"itemListElement\":[{\"@type\":\"ListItem\",\"position\":1,\"name\":\"Dom\u016f\",\"item\":\"https:\\\/\\\/shopatoa.com\\\/ro\\\/\"},{\"@type\":\"ListItem\",\"position\":2,\"name\":\"Shop\",\"item\":\"https:\\\/\\\/shopatoa.com\\\/ro\\\/shop\\\/\"},{\"@type\":\"ListItem\",\"position\":3,\"name\":\"S\u0103n\u0103tate \u0219i frumuse\u021be\",\"item\":\"https:\\\/\\\/shopatoa.com\\\/ro\\\/sanatate-si-frumusete\\\/\"},{\"@type\":\"ListItem\",\"position\":4,\"name\":\"\u00cengrijire personal\u0103\",\"item\":\"https:\\\/\\\/shopatoa.com\\\/ro\\\/ingrijire-personala\\\/\"},{\"@type\":\"ListItem\",\"position\":5,\"name\":\"Cosmetice\",\"item\":\"https:\\\/\\\/shopatoa.com\\\/ro\\\/cosmetice-ingrijire-personala\\\/\"},{\"@type\":\"ListItem\",\"position\":6,\"name\":\"Parfumuri \u0219i Colonele\",\"item\":\"https:\\\/\\\/shopatoa.com\\\/ro\\\/parfumuri-si-colonele\\\/\"},{\"@type\":\"ListItem\",\"position\":7,\"name\":\"NOVELLISTA Floral Notes Eau de Parfum set cadou pentru femei\"}]},{\"@type\":\"WebSite\",\"@id\":\"https:\\\/\\\/shopatoa.com\\\/ro\\\/#website\",\"url\":\"https:\\\/\\\/shopatoa.com\\\/ro\\\/\",\"name\":\"SHOPATOA\",\"description\":\"\",\"publisher\":{\"@id\":\"https:\\\/\\\/shopatoa.com\\\/ro\\\/#organization\"},\"potentialAction\":[{\"@type\":\"SearchAction\",\"target\":{\"@type\":\"EntryPoint\",\"urlTemplate\":\"https:\\\/\\\/shopatoa.com\\\/ro\\\/?s={search_term_string}\"},\"query-input\":{\"@type\":\"PropertyValueSpecification\",\"valueRequired\":true,\"valueName\":\"search_term_string\"}}],\"inLanguage\":\"ro-RO\"},{\"@type\":\"Organization\",\"@id\":\"https:\\\/\\\/shopatoa.com\\\/ro\\\/#organization\",\"name\":\"SHOPATOA\",\"url\":\"https:\\\/\\\/shopatoa.com\\\/ro\\\/\",\"logo\":{\"@type\":\"ImageObject\",\"inLanguage\":\"ro-RO\",\"@id\":\"https:\\\/\\\/shopatoa.com\\\/ro\\\/#\\\/schema\\\/logo\\\/image\\\/\",\"url\":\"https:\\\/\\\/storage.googleapis.com\\\/cz-shopatoa-img\\\/ro\\\/b4dac915-shopatoa_logo.png\",\"contentUrl\":\"https:\\\/\\\/storage.googleapis.com\\\/cz-shopatoa-img\\\/ro\\\/b4dac915-shopatoa_logo.png\",\"width\":416,\"height\":63,\"caption\":\"SHOPATOA\"},\"image\":{\"@id\":\"https:\\\/\\\/shopatoa.com\\\/ro\\\/#\\\/schema\\\/logo\\\/image\\\/\"}}]}<\/script>\n<!-- \/ Yoast SEO plugin. -->","yoast_head_json":{"title":"NOVELLISTA Floral Notes Eau de Parfum set cadou pentru femei - SHOPATOA.COM","robots":{"index":"index","follow":"follow","max-snippet":"max-snippet:-1","max-image-preview":"max-image-preview:large","max-video-preview":"max-video-preview:-1"},"canonical":"https:\/\/shopatoa.com\/ro\/novellista-floral-notes-eau-de-parfum-set-cadou-pentru-femei\/","og_locale":"ro_RO","og_type":"article","og_title":"NOVELLISTA Floral Notes Eau de Parfum set cadou pentru femei - SHOPATOA.COM","og_description":"NOVELLISTA Floral Notes, Seturi pentru femei pentru femei, Nu v\u0103 pute\u021bi decide ce parfum vi se potrive\u0219te cel mai bine? Descoperi\u021bi mereu noi \u0219i noi acorduri \u0219i parfumuri. Setul de parfumuri pentru femei NOVELLISTA Floral Notes v\u0103 ofer\u0103 \u0219ansa ideal\u0103 de a cunoa\u0219te \u0219i de a testa noi compozi\u021bii parfumate, pentru a mirosi zi de...","og_url":"https:\/\/shopatoa.com\/ro\/novellista-floral-notes-eau-de-parfum-set-cadou-pentru-femei\/","og_site_name":"SHOPATOA","article_modified_time":"2025-12-09T10:45:04+00:00","og_image":[{"width":800,"height":800,"url":"https:\/\/storage.googleapis.com\/cz-shopatoa-img\/ro\/ea5503a2-unnamed-file.webp","type":"image\/webp"}],"twitter_card":"summary_large_image","twitter_misc":{"Timp estimat pentru citire":"1 minut"},"schema":{"@context":"https:\/\/schema.org","@graph":[{"@type":"WebPage","@id":"https:\/\/shopatoa.com\/ro\/novellista-floral-notes-eau-de-parfum-set-cadou-pentru-femei\/","url":"https:\/\/shopatoa.com\/ro\/novellista-floral-notes-eau-de-parfum-set-cadou-pentru-femei\/","name":"NOVELLISTA Floral Notes Eau de Parfum set cadou pentru femei - SHOPATOA.COM","isPartOf":{"@id":"https:\/\/shopatoa.com\/ro\/#website"},"primaryImageOfPage":{"@id":"https:\/\/shopatoa.com\/ro\/novellista-floral-notes-eau-de-parfum-set-cadou-pentru-femei\/#primaryimage"},"image":{"@id":"https:\/\/shopatoa.com\/ro\/novellista-floral-notes-eau-de-parfum-set-cadou-pentru-femei\/#primaryimage"},"thumbnailUrl":"https:\/\/storage.googleapis.com\/cz-shopatoa-img\/ro\/ea5503a2-unnamed-file.webp","datePublished":"2025-06-17T10:05:33+00:00","dateModified":"2025-12-09T10:45:04+00:00","breadcrumb":{"@id":"https:\/\/shopatoa.com\/ro\/novellista-floral-notes-eau-de-parfum-set-cadou-pentru-femei\/#breadcrumb"},"inLanguage":"ro-RO","potentialAction":[{"@type":"ReadAction","target":["https:\/\/shopatoa.com\/ro\/novellista-floral-notes-eau-de-parfum-set-cadou-pentru-femei\/"]}]},{"@type":"ImageObject","inLanguage":"ro-RO","@id":"https:\/\/shopatoa.com\/ro\/novellista-floral-notes-eau-de-parfum-set-cadou-pentru-femei\/#primaryimage","url":"https:\/\/storage.googleapis.com\/cz-shopatoa-img\/ro\/ea5503a2-unnamed-file.webp","contentUrl":"https:\/\/storage.googleapis.com\/cz-shopatoa-img\/ro\/ea5503a2-unnamed-file.webp","width":800,"height":800},{"@type":"BreadcrumbList","@id":"https:\/\/shopatoa.com\/ro\/novellista-floral-notes-eau-de-parfum-set-cadou-pentru-femei\/#breadcrumb","itemListElement":[{"@type":"ListItem","position":1,"name":"Dom\u016f","item":"https:\/\/shopatoa.com\/ro\/"},{"@type":"ListItem","position":2,"name":"Shop","item":"https:\/\/shopatoa.com\/ro\/shop\/"},{"@type":"ListItem","position":3,"name":"S\u0103n\u0103tate \u0219i frumuse\u021be","item":"https:\/\/shopatoa.com\/ro\/sanatate-si-frumusete\/"},{"@type":"ListItem","position":4,"name":"\u00cengrijire personal\u0103","item":"https:\/\/shopatoa.com\/ro\/ingrijire-personala\/"},{"@type":"ListItem","position":5,"name":"Cosmetice","item":"https:\/\/shopatoa.com\/ro\/cosmetice-ingrijire-personala\/"},{"@type":"ListItem","position":6,"name":"Parfumuri \u0219i Colonele","item":"https:\/\/shopatoa.com\/ro\/parfumuri-si-colonele\/"},{"@type":"ListItem","position":7,"name":"NOVELLISTA Floral Notes Eau de Parfum set cadou pentru femei"}]},{"@type":"WebSite","@id":"https:\/\/shopatoa.com\/ro\/#website","url":"https:\/\/shopatoa.com\/ro\/","name":"SHOPATOA","description":"","publisher":{"@id":"https:\/\/shopatoa.com\/ro\/#organization"},"potentialAction":[{"@type":"SearchAction","target":{"@type":"EntryPoint","urlTemplate":"https:\/\/shopatoa.com\/ro\/?s={search_term_string}"},"query-input":{"@type":"PropertyValueSpecification","valueRequired":true,"valueName":"search_term_string"}}],"inLanguage":"ro-RO"},{"@type":"Organization","@id":"https:\/\/shopatoa.com\/ro\/#organization","name":"SHOPATOA","url":"https:\/\/shopatoa.com\/ro\/","logo":{"@type":"ImageObject","inLanguage":"ro-RO","@id":"https:\/\/shopatoa.com\/ro\/#\/schema\/logo\/image\/","url":"https:\/\/storage.googleapis.com\/cz-shopatoa-img\/ro\/b4dac915-shopatoa_logo.png","contentUrl":"https:\/\/storage.googleapis.com\/cz-shopatoa-img\/ro\/b4dac915-shopatoa_logo.png","width":416,"height":63,"caption":"SHOPATOA"},"image":{"@id":"https:\/\/shopatoa.com\/ro\/#\/schema\/logo\/image\/"}}]}},"_links":{"self":[{"href":"https:\/\/shopatoa.com\/ro\/wp-json\/wp\/v2\/product\/397365","targetHints":{"allow":["GET"]}}],"collection":[{"href":"https:\/\/shopatoa.com\/ro\/wp-json\/wp\/v2\/product"}],"about":[{"href":"https:\/\/shopatoa.com\/ro\/wp-json\/wp\/v2\/types\/product"}],"replies":[{"embeddable":true,"href":"https:\/\/shopatoa.com\/ro\/wp-json\/wp\/v2\/comments?post=397365"}],"wp:featuredmedia":[{"embeddable":true,"href":"https:\/\/shopatoa.com\/ro\/wp-json\/wp\/v2\/media\/397366"}],"wp:attachment":[{"href":"https:\/\/shopatoa.com\/ro\/wp-json\/wp\/v2\/media?parent=397365"}],"wp:term":[{"taxonomy":"product_brand","embeddable":true,"href":"https:\/\/shopatoa.com\/ro\/wp-json\/wp\/v2\/product_brand?post=397365"},{"taxonomy":"product_cat","embeddable":true,"href":"https:\/\/shopatoa.com\/ro\/wp-json\/wp\/v2\/product_cat?post=397365"},{"taxonomy":"product_tag","embeddable":true,"href":"https:\/\/shopatoa.com\/ro\/wp-json\/wp\/v2\/product_tag?post=397365"}],"curies":[{"name":"wp","href":"https:\/\/api.w.org\/{rel}","templated":true}]}}