{"id":397547,"date":"2025-06-17T12:21:40","date_gmt":"2025-06-17T10:21:40","guid":{"rendered":"https:\/\/shopatoa.com\/ro\/nanoil-hair-styling-spray-spray-styling-pentru-par-200-ml\/"},"modified":"2025-12-09T10:24:15","modified_gmt":"2025-12-09T09:24:15","slug":"nanoil-hair-styling-spray-spray-styling-pentru-par-200-ml","status":"publish","type":"product","link":"https:\/\/shopatoa.com\/ro\/nanoil-hair-styling-spray-spray-styling-pentru-par-200-ml\/","title":{"rendered":"Nanoil Hair Styling Spray spray styling pentru p\u0103r 200 ml"},"content":{"rendered":"<p>Nanoil Hair Styling Spray, 200 ml, Alte produse de coafat pentru femei, Ave\u021bi control asupra p\u0103rului ondulat sau cre\u021b cu ajutorul produsului de styling Nanoil Hair Styling Spray . V\u0103 va eviden\u021bia valurile sau buclele, le va conferi defini\u021bie \u0219i textur\u0103 \u0219i va sublinia frumuse\u021bea coafurii dvs. Faciliteaz\u0103 aranjarea ulterioar\u0103 a p\u0103rului ondulat sau cre\u021b \u0219i v\u0103 permite s\u0103 \u00eel modela\u021bi \u00een func\u021bie de preferin\u021bele dvs. \u00cen plus, va men\u021bine p\u0103rul \u0219i valurile \u00een parte la forma dorit\u0103 \u0219i f\u0103r\u0103 frizz nedorit pentru un timp cu adev\u0103rat \u00eendelungat.  Caracteristici:  faciliteaz\u0103 coafatul ofer\u0103 p\u0103rului hidratare \u0219i nutri\u021bie d\u0103 form\u0103 ofer\u0103 o str\u0103lucire s\u0103n\u0103toas\u0103 are efect antistatic \u00eempiedic\u0103 electrizarea neteze\u0219te  Ingrediente:  pantenol \u2013 hidrateaz\u0103, men\u021bine p\u0103rul \u0219i scalpul hidratate, calmeaz\u0103 \u0219i combate iritarea scalpului, neteze\u0219te fibrele de p\u0103r, \u00eembun\u0103t\u0103\u021be\u0219te elasticitatea acestora  Cum se utilizeaz\u0103: Pulveriza\u021bi uniform pe p\u0103rul uscat. Crea\u021bi coafura dorit\u0103.<\/p>\n","protected":false},"excerpt":{"rendered":"<p>Nanoil Hair Styling Spray, 200 ml, Alte produse de coafat pentru femei, Ave\u021bi control asupra p\u0103rului ondulat sau cre\u021b cu ajutorul produsului de styling Nanoil Hair Styling Spray . V\u0103 va eviden\u021bia valurile sau buclele, le va conferi defini\u021bie \u0219i textur\u0103 \u0219i va sublinia frumuse\u021bea coafurii dvs. Faciliteaz\u0103 aranjarea ulterioar\u0103 a p\u0103rului ondulat sau cre\u021b&#8230;<\/p>\n","protected":false},"featured_media":397548,"comment_status":"closed","ping_status":"open","template":"","meta":{"_acf_changed":false,"_kadence_starter_templates_imported_post":false,"_kad_post_transparent":"","_kad_post_title":"","_kad_post_layout":"","_kad_post_sidebar_id":"","_kad_post_content_style":"","_kad_post_vertical_padding":"","_kad_post_feature":"","_kad_post_feature_position":"","_kad_post_header":false,"_kad_post_footer":false,"_kad_post_classname":""},"product_brand":[2592],"product_cat":[1563,1590,1562],"product_tag":[],"class_list":{"0":"post-397547","1":"product","2":"type-product","3":"status-publish","4":"has-post-thumbnail","6":"product_brand-nanoil","7":"product_cat-ingrijire-personala","8":"product_cat-ingrijirea-parului","9":"product_cat-sanatate-si-frumusete","10":"pa_gen-female","11":"pa_marime-200-ml","13":"first","14":"instock","15":"product-type-external","16":"entry","17":"content-bg","18":"loop-entry"},"acf":[],"yoast_head":"<!-- This site is optimized with the Yoast SEO plugin v27.4 - https:\/\/yoast.com\/product\/yoast-seo-wordpress\/ -->\n<title>Nanoil Hair Styling Spray spray styling pentru p\u0103r 200 ml - SHOPATOA.COM<\/title>\n<meta name=\"robots\" content=\"index, follow, max-snippet:-1, max-image-preview:large, max-video-preview:-1\" \/>\n<link rel=\"canonical\" href=\"https:\/\/shopatoa.com\/ro\/nanoil-hair-styling-spray-spray-styling-pentru-par-200-ml\/\" \/>\n<meta property=\"og:locale\" content=\"ro_RO\" \/>\n<meta property=\"og:type\" content=\"article\" \/>\n<meta property=\"og:title\" content=\"Nanoil Hair Styling Spray spray styling pentru p\u0103r 200 ml - SHOPATOA.COM\" \/>\n<meta property=\"og:description\" content=\"Nanoil Hair Styling Spray, 200 ml, Alte produse de coafat pentru femei, Ave\u021bi control asupra p\u0103rului ondulat sau cre\u021b cu ajutorul produsului de styling Nanoil Hair Styling Spray . V\u0103 va eviden\u021bia valurile sau buclele, le va conferi defini\u021bie \u0219i textur\u0103 \u0219i va sublinia frumuse\u021bea coafurii dvs. Faciliteaz\u0103 aranjarea ulterioar\u0103 a p\u0103rului ondulat sau cre\u021b...\" \/>\n<meta property=\"og:url\" content=\"https:\/\/shopatoa.com\/ro\/nanoil-hair-styling-spray-spray-styling-pentru-par-200-ml\/\" \/>\n<meta property=\"og:site_name\" content=\"SHOPATOA\" \/>\n<meta property=\"article:modified_time\" content=\"2025-12-09T09:24:15+00:00\" \/>\n<meta property=\"og:image\" content=\"https:\/\/storage.googleapis.com\/cz-shopatoa-img\/ro\/6dde6af0-unnamed-file.webp\" \/>\n\t<meta property=\"og:image:width\" content=\"800\" \/>\n\t<meta property=\"og:image:height\" content=\"800\" \/>\n\t<meta property=\"og:image:type\" content=\"image\/webp\" \/>\n<meta name=\"twitter:card\" content=\"summary_large_image\" \/>\n<meta name=\"twitter:label1\" content=\"Timp estimat pentru citire\" \/>\n\t<meta name=\"twitter:data1\" content=\"1 minut\" \/>\n<script type=\"application\/ld+json\" class=\"yoast-schema-graph\">{\"@context\":\"https:\\\/\\\/schema.org\",\"@graph\":[{\"@type\":\"WebPage\",\"@id\":\"https:\\\/\\\/shopatoa.com\\\/ro\\\/nanoil-hair-styling-spray-spray-styling-pentru-par-200-ml\\\/\",\"url\":\"https:\\\/\\\/shopatoa.com\\\/ro\\\/nanoil-hair-styling-spray-spray-styling-pentru-par-200-ml\\\/\",\"name\":\"Nanoil Hair Styling Spray spray styling pentru p\u0103r 200 ml - SHOPATOA.COM\",\"isPartOf\":{\"@id\":\"https:\\\/\\\/shopatoa.com\\\/ro\\\/#website\"},\"primaryImageOfPage\":{\"@id\":\"https:\\\/\\\/shopatoa.com\\\/ro\\\/nanoil-hair-styling-spray-spray-styling-pentru-par-200-ml\\\/#primaryimage\"},\"image\":{\"@id\":\"https:\\\/\\\/shopatoa.com\\\/ro\\\/nanoil-hair-styling-spray-spray-styling-pentru-par-200-ml\\\/#primaryimage\"},\"thumbnailUrl\":\"https:\\\/\\\/storage.googleapis.com\\\/cz-shopatoa-img\\\/ro\\\/6dde6af0-unnamed-file.webp\",\"datePublished\":\"2025-06-17T10:21:40+00:00\",\"dateModified\":\"2025-12-09T09:24:15+00:00\",\"breadcrumb\":{\"@id\":\"https:\\\/\\\/shopatoa.com\\\/ro\\\/nanoil-hair-styling-spray-spray-styling-pentru-par-200-ml\\\/#breadcrumb\"},\"inLanguage\":\"ro-RO\",\"potentialAction\":[{\"@type\":\"ReadAction\",\"target\":[\"https:\\\/\\\/shopatoa.com\\\/ro\\\/nanoil-hair-styling-spray-spray-styling-pentru-par-200-ml\\\/\"]}]},{\"@type\":\"ImageObject\",\"inLanguage\":\"ro-RO\",\"@id\":\"https:\\\/\\\/shopatoa.com\\\/ro\\\/nanoil-hair-styling-spray-spray-styling-pentru-par-200-ml\\\/#primaryimage\",\"url\":\"https:\\\/\\\/storage.googleapis.com\\\/cz-shopatoa-img\\\/ro\\\/6dde6af0-unnamed-file.webp\",\"contentUrl\":\"https:\\\/\\\/storage.googleapis.com\\\/cz-shopatoa-img\\\/ro\\\/6dde6af0-unnamed-file.webp\",\"width\":800,\"height\":800},{\"@type\":\"BreadcrumbList\",\"@id\":\"https:\\\/\\\/shopatoa.com\\\/ro\\\/nanoil-hair-styling-spray-spray-styling-pentru-par-200-ml\\\/#breadcrumb\",\"itemListElement\":[{\"@type\":\"ListItem\",\"position\":1,\"name\":\"Dom\u016f\",\"item\":\"https:\\\/\\\/shopatoa.com\\\/ro\\\/\"},{\"@type\":\"ListItem\",\"position\":2,\"name\":\"Shop\",\"item\":\"https:\\\/\\\/shopatoa.com\\\/ro\\\/shop\\\/\"},{\"@type\":\"ListItem\",\"position\":3,\"name\":\"S\u0103n\u0103tate \u0219i frumuse\u021be\",\"item\":\"https:\\\/\\\/shopatoa.com\\\/ro\\\/sanatate-si-frumusete\\\/\"},{\"@type\":\"ListItem\",\"position\":4,\"name\":\"\u00cengrijire personal\u0103\",\"item\":\"https:\\\/\\\/shopatoa.com\\\/ro\\\/ingrijire-personala\\\/\"},{\"@type\":\"ListItem\",\"position\":5,\"name\":\"\u00cengrijirea p\u0103rului\",\"item\":\"https:\\\/\\\/shopatoa.com\\\/ro\\\/ingrijirea-parului\\\/\"},{\"@type\":\"ListItem\",\"position\":6,\"name\":\"Nanoil Hair Styling Spray spray styling pentru p\u0103r 200 ml\"}]},{\"@type\":\"WebSite\",\"@id\":\"https:\\\/\\\/shopatoa.com\\\/ro\\\/#website\",\"url\":\"https:\\\/\\\/shopatoa.com\\\/ro\\\/\",\"name\":\"SHOPATOA\",\"description\":\"\",\"publisher\":{\"@id\":\"https:\\\/\\\/shopatoa.com\\\/ro\\\/#organization\"},\"potentialAction\":[{\"@type\":\"SearchAction\",\"target\":{\"@type\":\"EntryPoint\",\"urlTemplate\":\"https:\\\/\\\/shopatoa.com\\\/ro\\\/?s={search_term_string}\"},\"query-input\":{\"@type\":\"PropertyValueSpecification\",\"valueRequired\":true,\"valueName\":\"search_term_string\"}}],\"inLanguage\":\"ro-RO\"},{\"@type\":\"Organization\",\"@id\":\"https:\\\/\\\/shopatoa.com\\\/ro\\\/#organization\",\"name\":\"SHOPATOA\",\"url\":\"https:\\\/\\\/shopatoa.com\\\/ro\\\/\",\"logo\":{\"@type\":\"ImageObject\",\"inLanguage\":\"ro-RO\",\"@id\":\"https:\\\/\\\/shopatoa.com\\\/ro\\\/#\\\/schema\\\/logo\\\/image\\\/\",\"url\":\"https:\\\/\\\/storage.googleapis.com\\\/cz-shopatoa-img\\\/ro\\\/b4dac915-shopatoa_logo.png\",\"contentUrl\":\"https:\\\/\\\/storage.googleapis.com\\\/cz-shopatoa-img\\\/ro\\\/b4dac915-shopatoa_logo.png\",\"width\":416,\"height\":63,\"caption\":\"SHOPATOA\"},\"image\":{\"@id\":\"https:\\\/\\\/shopatoa.com\\\/ro\\\/#\\\/schema\\\/logo\\\/image\\\/\"}}]}<\/script>\n<!-- \/ Yoast SEO plugin. -->","yoast_head_json":{"title":"Nanoil Hair Styling Spray spray styling pentru p\u0103r 200 ml - SHOPATOA.COM","robots":{"index":"index","follow":"follow","max-snippet":"max-snippet:-1","max-image-preview":"max-image-preview:large","max-video-preview":"max-video-preview:-1"},"canonical":"https:\/\/shopatoa.com\/ro\/nanoil-hair-styling-spray-spray-styling-pentru-par-200-ml\/","og_locale":"ro_RO","og_type":"article","og_title":"Nanoil Hair Styling Spray spray styling pentru p\u0103r 200 ml - SHOPATOA.COM","og_description":"Nanoil Hair Styling Spray, 200 ml, Alte produse de coafat pentru femei, Ave\u021bi control asupra p\u0103rului ondulat sau cre\u021b cu ajutorul produsului de styling Nanoil Hair Styling Spray . V\u0103 va eviden\u021bia valurile sau buclele, le va conferi defini\u021bie \u0219i textur\u0103 \u0219i va sublinia frumuse\u021bea coafurii dvs. Faciliteaz\u0103 aranjarea ulterioar\u0103 a p\u0103rului ondulat sau cre\u021b...","og_url":"https:\/\/shopatoa.com\/ro\/nanoil-hair-styling-spray-spray-styling-pentru-par-200-ml\/","og_site_name":"SHOPATOA","article_modified_time":"2025-12-09T09:24:15+00:00","og_image":[{"width":800,"height":800,"url":"https:\/\/storage.googleapis.com\/cz-shopatoa-img\/ro\/6dde6af0-unnamed-file.webp","type":"image\/webp"}],"twitter_card":"summary_large_image","twitter_misc":{"Timp estimat pentru citire":"1 minut"},"schema":{"@context":"https:\/\/schema.org","@graph":[{"@type":"WebPage","@id":"https:\/\/shopatoa.com\/ro\/nanoil-hair-styling-spray-spray-styling-pentru-par-200-ml\/","url":"https:\/\/shopatoa.com\/ro\/nanoil-hair-styling-spray-spray-styling-pentru-par-200-ml\/","name":"Nanoil Hair Styling Spray spray styling pentru p\u0103r 200 ml - SHOPATOA.COM","isPartOf":{"@id":"https:\/\/shopatoa.com\/ro\/#website"},"primaryImageOfPage":{"@id":"https:\/\/shopatoa.com\/ro\/nanoil-hair-styling-spray-spray-styling-pentru-par-200-ml\/#primaryimage"},"image":{"@id":"https:\/\/shopatoa.com\/ro\/nanoil-hair-styling-spray-spray-styling-pentru-par-200-ml\/#primaryimage"},"thumbnailUrl":"https:\/\/storage.googleapis.com\/cz-shopatoa-img\/ro\/6dde6af0-unnamed-file.webp","datePublished":"2025-06-17T10:21:40+00:00","dateModified":"2025-12-09T09:24:15+00:00","breadcrumb":{"@id":"https:\/\/shopatoa.com\/ro\/nanoil-hair-styling-spray-spray-styling-pentru-par-200-ml\/#breadcrumb"},"inLanguage":"ro-RO","potentialAction":[{"@type":"ReadAction","target":["https:\/\/shopatoa.com\/ro\/nanoil-hair-styling-spray-spray-styling-pentru-par-200-ml\/"]}]},{"@type":"ImageObject","inLanguage":"ro-RO","@id":"https:\/\/shopatoa.com\/ro\/nanoil-hair-styling-spray-spray-styling-pentru-par-200-ml\/#primaryimage","url":"https:\/\/storage.googleapis.com\/cz-shopatoa-img\/ro\/6dde6af0-unnamed-file.webp","contentUrl":"https:\/\/storage.googleapis.com\/cz-shopatoa-img\/ro\/6dde6af0-unnamed-file.webp","width":800,"height":800},{"@type":"BreadcrumbList","@id":"https:\/\/shopatoa.com\/ro\/nanoil-hair-styling-spray-spray-styling-pentru-par-200-ml\/#breadcrumb","itemListElement":[{"@type":"ListItem","position":1,"name":"Dom\u016f","item":"https:\/\/shopatoa.com\/ro\/"},{"@type":"ListItem","position":2,"name":"Shop","item":"https:\/\/shopatoa.com\/ro\/shop\/"},{"@type":"ListItem","position":3,"name":"S\u0103n\u0103tate \u0219i frumuse\u021be","item":"https:\/\/shopatoa.com\/ro\/sanatate-si-frumusete\/"},{"@type":"ListItem","position":4,"name":"\u00cengrijire personal\u0103","item":"https:\/\/shopatoa.com\/ro\/ingrijire-personala\/"},{"@type":"ListItem","position":5,"name":"\u00cengrijirea p\u0103rului","item":"https:\/\/shopatoa.com\/ro\/ingrijirea-parului\/"},{"@type":"ListItem","position":6,"name":"Nanoil Hair Styling Spray spray styling pentru p\u0103r 200 ml"}]},{"@type":"WebSite","@id":"https:\/\/shopatoa.com\/ro\/#website","url":"https:\/\/shopatoa.com\/ro\/","name":"SHOPATOA","description":"","publisher":{"@id":"https:\/\/shopatoa.com\/ro\/#organization"},"potentialAction":[{"@type":"SearchAction","target":{"@type":"EntryPoint","urlTemplate":"https:\/\/shopatoa.com\/ro\/?s={search_term_string}"},"query-input":{"@type":"PropertyValueSpecification","valueRequired":true,"valueName":"search_term_string"}}],"inLanguage":"ro-RO"},{"@type":"Organization","@id":"https:\/\/shopatoa.com\/ro\/#organization","name":"SHOPATOA","url":"https:\/\/shopatoa.com\/ro\/","logo":{"@type":"ImageObject","inLanguage":"ro-RO","@id":"https:\/\/shopatoa.com\/ro\/#\/schema\/logo\/image\/","url":"https:\/\/storage.googleapis.com\/cz-shopatoa-img\/ro\/b4dac915-shopatoa_logo.png","contentUrl":"https:\/\/storage.googleapis.com\/cz-shopatoa-img\/ro\/b4dac915-shopatoa_logo.png","width":416,"height":63,"caption":"SHOPATOA"},"image":{"@id":"https:\/\/shopatoa.com\/ro\/#\/schema\/logo\/image\/"}}]}},"_links":{"self":[{"href":"https:\/\/shopatoa.com\/ro\/wp-json\/wp\/v2\/product\/397547","targetHints":{"allow":["GET"]}}],"collection":[{"href":"https:\/\/shopatoa.com\/ro\/wp-json\/wp\/v2\/product"}],"about":[{"href":"https:\/\/shopatoa.com\/ro\/wp-json\/wp\/v2\/types\/product"}],"replies":[{"embeddable":true,"href":"https:\/\/shopatoa.com\/ro\/wp-json\/wp\/v2\/comments?post=397547"}],"wp:featuredmedia":[{"embeddable":true,"href":"https:\/\/shopatoa.com\/ro\/wp-json\/wp\/v2\/media\/397548"}],"wp:attachment":[{"href":"https:\/\/shopatoa.com\/ro\/wp-json\/wp\/v2\/media?parent=397547"}],"wp:term":[{"taxonomy":"product_brand","embeddable":true,"href":"https:\/\/shopatoa.com\/ro\/wp-json\/wp\/v2\/product_brand?post=397547"},{"taxonomy":"product_cat","embeddable":true,"href":"https:\/\/shopatoa.com\/ro\/wp-json\/wp\/v2\/product_cat?post=397547"},{"taxonomy":"product_tag","embeddable":true,"href":"https:\/\/shopatoa.com\/ro\/wp-json\/wp\/v2\/product_tag?post=397547"}],"curies":[{"name":"wp","href":"https:\/\/api.w.org\/{rel}","templated":true}]}}