{"id":397565,"date":"2025-06-17T12:23:35","date_gmt":"2025-06-17T10:23:35","guid":{"rendered":"https:\/\/shopatoa.com\/ro\/nivea-fresh-revive-sampon-uscat-pentru-par-blond-200-ml\/"},"modified":"2025-12-09T10:22:20","modified_gmt":"2025-12-09T09:22:20","slug":"nivea-fresh-revive-sampon-uscat-pentru-par-blond-200-ml","status":"publish","type":"product","link":"https:\/\/shopatoa.com\/ro\/nivea-fresh-revive-sampon-uscat-pentru-par-blond-200-ml\/","title":{"rendered":"NIVEA Fresh Revive \u0219ampon uscat pentru par blond 200 ml"},"content":{"rendered":"<p>NIVEA Fresh Revive, 200 ml, \u0218ampon uscat pentru femei, Nu ave\u021bi timp s\u0103 v\u0103 sp\u0103la\u021bi \u0219i usca\u021bi p\u0103rul, \u00eens\u0103 nu dori\u021bi s\u0103 renun\u021ba\u021bi la aspectul perfect? \u0218ampon uscat NIVEA Fresh Revive ofer\u0103 o solu\u021bie u\u0219oar\u0103 \u0219i rapid\u0103. Acesta absoarbe excesul de sebum, elimin\u00e2nd gr\u0103simea nedorit\u0103, iar p\u0103rul dvs. va ar\u0103ta la fel de bine ca dup\u0103 sp\u0103lare. Practic, \u00een doar un minut, v\u0103 ve\u021bi bucura de o senza\u021bie de curat \u0219i de prospe\u021bime, precum \u0219i de o coafur\u0103 plin\u0103 de structur\u0103 \u0219i volum. Bucura\u021bi-v\u0103 \u00een orice moment de senza\u021bia p\u0103rului proasp\u0103t sp\u0103lat, chiar \u0219i f\u0103r\u0103 a folosi ap\u0103.  Caracteristici:  absoarbe excesul de sebum \u00eemprosp\u0103teaz\u0103 \u0219i aerise\u0219te creeaz\u0103 un volum bogat \u0219i aerisit pentru un p\u0103r parfumat conceput special pentru p\u0103rul blond  Ingrediente:  produs vegan  Cum se utilizeaz\u0103: Se pulverizeaz\u0103 mai ales spre r\u0103d\u0103cina p\u0103rului, de la o distan\u021b\u0103 de 20-30 cm de scalp.<\/p>\n","protected":false},"excerpt":{"rendered":"<p>NIVEA Fresh Revive, 200 ml, \u0218ampon uscat pentru femei, Nu ave\u021bi timp s\u0103 v\u0103 sp\u0103la\u021bi \u0219i usca\u021bi p\u0103rul, \u00eens\u0103 nu dori\u021bi s\u0103 renun\u021ba\u021bi la aspectul perfect? \u0218ampon uscat NIVEA Fresh Revive ofer\u0103 o solu\u021bie u\u0219oar\u0103 \u0219i rapid\u0103. Acesta absoarbe excesul de sebum, elimin\u00e2nd gr\u0103simea nedorit\u0103, iar p\u0103rul dvs. va ar\u0103ta la fel de bine ca&#8230;<\/p>\n","protected":false},"featured_media":397566,"comment_status":"closed","ping_status":"open","template":"","meta":{"_acf_changed":false,"_kadence_starter_templates_imported_post":false,"_kad_post_transparent":"","_kad_post_title":"","_kad_post_layout":"","_kad_post_sidebar_id":"","_kad_post_content_style":"","_kad_post_vertical_padding":"","_kad_post_feature":"","_kad_post_feature_position":"","_kad_post_header":false,"_kad_post_footer":false,"_kad_post_classname":""},"product_brand":[91],"product_cat":[1563,1590,1591,1562],"product_tag":[],"class_list":{"0":"post-397565","1":"product","2":"type-product","3":"status-publish","4":"has-post-thumbnail","6":"product_brand-nivea","7":"product_cat-ingrijire-personala","8":"product_cat-ingrijirea-parului","9":"product_cat-sampon-balsam","10":"product_cat-sanatate-si-frumusete","11":"pa_gen-female","12":"pa_marime-200-ml","14":"first","15":"instock","16":"sale","17":"product-type-external","18":"entry","19":"content-bg","20":"loop-entry"},"acf":[],"yoast_head":"<!-- This site is optimized with the Yoast SEO plugin v27.3 - https:\/\/yoast.com\/product\/yoast-seo-wordpress\/ -->\n<title>NIVEA Fresh Revive \u0219ampon uscat pentru par blond 200 ml - SHOPATOA.COM<\/title>\n<meta name=\"robots\" content=\"index, follow, max-snippet:-1, max-image-preview:large, max-video-preview:-1\" \/>\n<link rel=\"canonical\" href=\"https:\/\/shopatoa.com\/ro\/nivea-fresh-revive-sampon-uscat-pentru-par-blond-200-ml\/\" \/>\n<meta property=\"og:locale\" content=\"ro_RO\" \/>\n<meta property=\"og:type\" content=\"article\" \/>\n<meta property=\"og:title\" content=\"NIVEA Fresh Revive \u0219ampon uscat pentru par blond 200 ml - SHOPATOA.COM\" \/>\n<meta property=\"og:description\" content=\"NIVEA Fresh Revive, 200 ml, \u0218ampon uscat pentru femei, Nu ave\u021bi timp s\u0103 v\u0103 sp\u0103la\u021bi \u0219i usca\u021bi p\u0103rul, \u00eens\u0103 nu dori\u021bi s\u0103 renun\u021ba\u021bi la aspectul perfect? \u0218ampon uscat NIVEA Fresh Revive ofer\u0103 o solu\u021bie u\u0219oar\u0103 \u0219i rapid\u0103. Acesta absoarbe excesul de sebum, elimin\u00e2nd gr\u0103simea nedorit\u0103, iar p\u0103rul dvs. va ar\u0103ta la fel de bine ca...\" \/>\n<meta property=\"og:url\" content=\"https:\/\/shopatoa.com\/ro\/nivea-fresh-revive-sampon-uscat-pentru-par-blond-200-ml\/\" \/>\n<meta property=\"og:site_name\" content=\"SHOPATOA\" \/>\n<meta property=\"article:modified_time\" content=\"2025-12-09T09:22:20+00:00\" \/>\n<meta property=\"og:image\" content=\"https:\/\/storage.googleapis.com\/cz-shopatoa-img\/ro\/c0254a97-unnamed-file.webp\" \/>\n\t<meta property=\"og:image:width\" content=\"800\" \/>\n\t<meta property=\"og:image:height\" content=\"800\" \/>\n\t<meta property=\"og:image:type\" content=\"image\/webp\" \/>\n<meta name=\"twitter:card\" content=\"summary_large_image\" \/>\n<meta name=\"twitter:label1\" content=\"Timp estimat pentru citire\" \/>\n\t<meta name=\"twitter:data1\" content=\"1 minut\" \/>\n<script type=\"application\/ld+json\" class=\"yoast-schema-graph\">{\"@context\":\"https:\\\/\\\/schema.org\",\"@graph\":[{\"@type\":\"WebPage\",\"@id\":\"https:\\\/\\\/shopatoa.com\\\/ro\\\/nivea-fresh-revive-sampon-uscat-pentru-par-blond-200-ml\\\/\",\"url\":\"https:\\\/\\\/shopatoa.com\\\/ro\\\/nivea-fresh-revive-sampon-uscat-pentru-par-blond-200-ml\\\/\",\"name\":\"NIVEA Fresh Revive \u0219ampon uscat pentru par blond 200 ml - SHOPATOA.COM\",\"isPartOf\":{\"@id\":\"https:\\\/\\\/shopatoa.com\\\/ro\\\/#website\"},\"primaryImageOfPage\":{\"@id\":\"https:\\\/\\\/shopatoa.com\\\/ro\\\/nivea-fresh-revive-sampon-uscat-pentru-par-blond-200-ml\\\/#primaryimage\"},\"image\":{\"@id\":\"https:\\\/\\\/shopatoa.com\\\/ro\\\/nivea-fresh-revive-sampon-uscat-pentru-par-blond-200-ml\\\/#primaryimage\"},\"thumbnailUrl\":\"https:\\\/\\\/storage.googleapis.com\\\/cz-shopatoa-img\\\/ro\\\/c0254a97-unnamed-file.webp\",\"datePublished\":\"2025-06-17T10:23:35+00:00\",\"dateModified\":\"2025-12-09T09:22:20+00:00\",\"breadcrumb\":{\"@id\":\"https:\\\/\\\/shopatoa.com\\\/ro\\\/nivea-fresh-revive-sampon-uscat-pentru-par-blond-200-ml\\\/#breadcrumb\"},\"inLanguage\":\"ro-RO\",\"potentialAction\":[{\"@type\":\"ReadAction\",\"target\":[\"https:\\\/\\\/shopatoa.com\\\/ro\\\/nivea-fresh-revive-sampon-uscat-pentru-par-blond-200-ml\\\/\"]}]},{\"@type\":\"ImageObject\",\"inLanguage\":\"ro-RO\",\"@id\":\"https:\\\/\\\/shopatoa.com\\\/ro\\\/nivea-fresh-revive-sampon-uscat-pentru-par-blond-200-ml\\\/#primaryimage\",\"url\":\"https:\\\/\\\/storage.googleapis.com\\\/cz-shopatoa-img\\\/ro\\\/c0254a97-unnamed-file.webp\",\"contentUrl\":\"https:\\\/\\\/storage.googleapis.com\\\/cz-shopatoa-img\\\/ro\\\/c0254a97-unnamed-file.webp\",\"width\":800,\"height\":800},{\"@type\":\"BreadcrumbList\",\"@id\":\"https:\\\/\\\/shopatoa.com\\\/ro\\\/nivea-fresh-revive-sampon-uscat-pentru-par-blond-200-ml\\\/#breadcrumb\",\"itemListElement\":[{\"@type\":\"ListItem\",\"position\":1,\"name\":\"Dom\u016f\",\"item\":\"https:\\\/\\\/shopatoa.com\\\/ro\\\/\"},{\"@type\":\"ListItem\",\"position\":2,\"name\":\"Shop\",\"item\":\"https:\\\/\\\/shopatoa.com\\\/ro\\\/shop\\\/\"},{\"@type\":\"ListItem\",\"position\":3,\"name\":\"S\u0103n\u0103tate \u0219i frumuse\u021be\",\"item\":\"https:\\\/\\\/shopatoa.com\\\/ro\\\/sanatate-si-frumusete\\\/\"},{\"@type\":\"ListItem\",\"position\":4,\"name\":\"\u00cengrijire personal\u0103\",\"item\":\"https:\\\/\\\/shopatoa.com\\\/ro\\\/ingrijire-personala\\\/\"},{\"@type\":\"ListItem\",\"position\":5,\"name\":\"\u00cengrijirea p\u0103rului\",\"item\":\"https:\\\/\\\/shopatoa.com\\\/ro\\\/ingrijirea-parului\\\/\"},{\"@type\":\"ListItem\",\"position\":6,\"name\":\"\u0218ampon &amp; Balsam\",\"item\":\"https:\\\/\\\/shopatoa.com\\\/ro\\\/sampon-balsam\\\/\"},{\"@type\":\"ListItem\",\"position\":7,\"name\":\"NIVEA Fresh Revive \u0219ampon uscat pentru par blond 200 ml\"}]},{\"@type\":\"WebSite\",\"@id\":\"https:\\\/\\\/shopatoa.com\\\/ro\\\/#website\",\"url\":\"https:\\\/\\\/shopatoa.com\\\/ro\\\/\",\"name\":\"SHOPATOA\",\"description\":\"\",\"publisher\":{\"@id\":\"https:\\\/\\\/shopatoa.com\\\/ro\\\/#organization\"},\"potentialAction\":[{\"@type\":\"SearchAction\",\"target\":{\"@type\":\"EntryPoint\",\"urlTemplate\":\"https:\\\/\\\/shopatoa.com\\\/ro\\\/?s={search_term_string}\"},\"query-input\":{\"@type\":\"PropertyValueSpecification\",\"valueRequired\":true,\"valueName\":\"search_term_string\"}}],\"inLanguage\":\"ro-RO\"},{\"@type\":\"Organization\",\"@id\":\"https:\\\/\\\/shopatoa.com\\\/ro\\\/#organization\",\"name\":\"SHOPATOA\",\"url\":\"https:\\\/\\\/shopatoa.com\\\/ro\\\/\",\"logo\":{\"@type\":\"ImageObject\",\"inLanguage\":\"ro-RO\",\"@id\":\"https:\\\/\\\/shopatoa.com\\\/ro\\\/#\\\/schema\\\/logo\\\/image\\\/\",\"url\":\"https:\\\/\\\/storage.googleapis.com\\\/cz-shopatoa-img\\\/ro\\\/b4dac915-shopatoa_logo.png\",\"contentUrl\":\"https:\\\/\\\/storage.googleapis.com\\\/cz-shopatoa-img\\\/ro\\\/b4dac915-shopatoa_logo.png\",\"width\":416,\"height\":63,\"caption\":\"SHOPATOA\"},\"image\":{\"@id\":\"https:\\\/\\\/shopatoa.com\\\/ro\\\/#\\\/schema\\\/logo\\\/image\\\/\"}}]}<\/script>\n<!-- \/ Yoast SEO plugin. -->","yoast_head_json":{"title":"NIVEA Fresh Revive \u0219ampon uscat pentru par blond 200 ml - SHOPATOA.COM","robots":{"index":"index","follow":"follow","max-snippet":"max-snippet:-1","max-image-preview":"max-image-preview:large","max-video-preview":"max-video-preview:-1"},"canonical":"https:\/\/shopatoa.com\/ro\/nivea-fresh-revive-sampon-uscat-pentru-par-blond-200-ml\/","og_locale":"ro_RO","og_type":"article","og_title":"NIVEA Fresh Revive \u0219ampon uscat pentru par blond 200 ml - SHOPATOA.COM","og_description":"NIVEA Fresh Revive, 200 ml, \u0218ampon uscat pentru femei, Nu ave\u021bi timp s\u0103 v\u0103 sp\u0103la\u021bi \u0219i usca\u021bi p\u0103rul, \u00eens\u0103 nu dori\u021bi s\u0103 renun\u021ba\u021bi la aspectul perfect? \u0218ampon uscat NIVEA Fresh Revive ofer\u0103 o solu\u021bie u\u0219oar\u0103 \u0219i rapid\u0103. Acesta absoarbe excesul de sebum, elimin\u00e2nd gr\u0103simea nedorit\u0103, iar p\u0103rul dvs. va ar\u0103ta la fel de bine ca...","og_url":"https:\/\/shopatoa.com\/ro\/nivea-fresh-revive-sampon-uscat-pentru-par-blond-200-ml\/","og_site_name":"SHOPATOA","article_modified_time":"2025-12-09T09:22:20+00:00","og_image":[{"width":800,"height":800,"url":"https:\/\/storage.googleapis.com\/cz-shopatoa-img\/ro\/c0254a97-unnamed-file.webp","type":"image\/webp"}],"twitter_card":"summary_large_image","twitter_misc":{"Timp estimat pentru citire":"1 minut"},"schema":{"@context":"https:\/\/schema.org","@graph":[{"@type":"WebPage","@id":"https:\/\/shopatoa.com\/ro\/nivea-fresh-revive-sampon-uscat-pentru-par-blond-200-ml\/","url":"https:\/\/shopatoa.com\/ro\/nivea-fresh-revive-sampon-uscat-pentru-par-blond-200-ml\/","name":"NIVEA Fresh Revive \u0219ampon uscat pentru par blond 200 ml - SHOPATOA.COM","isPartOf":{"@id":"https:\/\/shopatoa.com\/ro\/#website"},"primaryImageOfPage":{"@id":"https:\/\/shopatoa.com\/ro\/nivea-fresh-revive-sampon-uscat-pentru-par-blond-200-ml\/#primaryimage"},"image":{"@id":"https:\/\/shopatoa.com\/ro\/nivea-fresh-revive-sampon-uscat-pentru-par-blond-200-ml\/#primaryimage"},"thumbnailUrl":"https:\/\/storage.googleapis.com\/cz-shopatoa-img\/ro\/c0254a97-unnamed-file.webp","datePublished":"2025-06-17T10:23:35+00:00","dateModified":"2025-12-09T09:22:20+00:00","breadcrumb":{"@id":"https:\/\/shopatoa.com\/ro\/nivea-fresh-revive-sampon-uscat-pentru-par-blond-200-ml\/#breadcrumb"},"inLanguage":"ro-RO","potentialAction":[{"@type":"ReadAction","target":["https:\/\/shopatoa.com\/ro\/nivea-fresh-revive-sampon-uscat-pentru-par-blond-200-ml\/"]}]},{"@type":"ImageObject","inLanguage":"ro-RO","@id":"https:\/\/shopatoa.com\/ro\/nivea-fresh-revive-sampon-uscat-pentru-par-blond-200-ml\/#primaryimage","url":"https:\/\/storage.googleapis.com\/cz-shopatoa-img\/ro\/c0254a97-unnamed-file.webp","contentUrl":"https:\/\/storage.googleapis.com\/cz-shopatoa-img\/ro\/c0254a97-unnamed-file.webp","width":800,"height":800},{"@type":"BreadcrumbList","@id":"https:\/\/shopatoa.com\/ro\/nivea-fresh-revive-sampon-uscat-pentru-par-blond-200-ml\/#breadcrumb","itemListElement":[{"@type":"ListItem","position":1,"name":"Dom\u016f","item":"https:\/\/shopatoa.com\/ro\/"},{"@type":"ListItem","position":2,"name":"Shop","item":"https:\/\/shopatoa.com\/ro\/shop\/"},{"@type":"ListItem","position":3,"name":"S\u0103n\u0103tate \u0219i frumuse\u021be","item":"https:\/\/shopatoa.com\/ro\/sanatate-si-frumusete\/"},{"@type":"ListItem","position":4,"name":"\u00cengrijire personal\u0103","item":"https:\/\/shopatoa.com\/ro\/ingrijire-personala\/"},{"@type":"ListItem","position":5,"name":"\u00cengrijirea p\u0103rului","item":"https:\/\/shopatoa.com\/ro\/ingrijirea-parului\/"},{"@type":"ListItem","position":6,"name":"\u0218ampon &amp; Balsam","item":"https:\/\/shopatoa.com\/ro\/sampon-balsam\/"},{"@type":"ListItem","position":7,"name":"NIVEA Fresh Revive \u0219ampon uscat pentru par blond 200 ml"}]},{"@type":"WebSite","@id":"https:\/\/shopatoa.com\/ro\/#website","url":"https:\/\/shopatoa.com\/ro\/","name":"SHOPATOA","description":"","publisher":{"@id":"https:\/\/shopatoa.com\/ro\/#organization"},"potentialAction":[{"@type":"SearchAction","target":{"@type":"EntryPoint","urlTemplate":"https:\/\/shopatoa.com\/ro\/?s={search_term_string}"},"query-input":{"@type":"PropertyValueSpecification","valueRequired":true,"valueName":"search_term_string"}}],"inLanguage":"ro-RO"},{"@type":"Organization","@id":"https:\/\/shopatoa.com\/ro\/#organization","name":"SHOPATOA","url":"https:\/\/shopatoa.com\/ro\/","logo":{"@type":"ImageObject","inLanguage":"ro-RO","@id":"https:\/\/shopatoa.com\/ro\/#\/schema\/logo\/image\/","url":"https:\/\/storage.googleapis.com\/cz-shopatoa-img\/ro\/b4dac915-shopatoa_logo.png","contentUrl":"https:\/\/storage.googleapis.com\/cz-shopatoa-img\/ro\/b4dac915-shopatoa_logo.png","width":416,"height":63,"caption":"SHOPATOA"},"image":{"@id":"https:\/\/shopatoa.com\/ro\/#\/schema\/logo\/image\/"}}]}},"_links":{"self":[{"href":"https:\/\/shopatoa.com\/ro\/wp-json\/wp\/v2\/product\/397565","targetHints":{"allow":["GET"]}}],"collection":[{"href":"https:\/\/shopatoa.com\/ro\/wp-json\/wp\/v2\/product"}],"about":[{"href":"https:\/\/shopatoa.com\/ro\/wp-json\/wp\/v2\/types\/product"}],"replies":[{"embeddable":true,"href":"https:\/\/shopatoa.com\/ro\/wp-json\/wp\/v2\/comments?post=397565"}],"wp:featuredmedia":[{"embeddable":true,"href":"https:\/\/shopatoa.com\/ro\/wp-json\/wp\/v2\/media\/397566"}],"wp:attachment":[{"href":"https:\/\/shopatoa.com\/ro\/wp-json\/wp\/v2\/media?parent=397565"}],"wp:term":[{"taxonomy":"product_brand","embeddable":true,"href":"https:\/\/shopatoa.com\/ro\/wp-json\/wp\/v2\/product_brand?post=397565"},{"taxonomy":"product_cat","embeddable":true,"href":"https:\/\/shopatoa.com\/ro\/wp-json\/wp\/v2\/product_cat?post=397565"},{"taxonomy":"product_tag","embeddable":true,"href":"https:\/\/shopatoa.com\/ro\/wp-json\/wp\/v2\/product_tag?post=397565"}],"curies":[{"name":"wp","href":"https:\/\/api.w.org\/{rel}","templated":true}]}}