{"id":397711,"date":"2025-06-17T12:36:19","date_gmt":"2025-06-17T10:36:19","guid":{"rendered":"https:\/\/shopatoa.com\/ro\/beautyblender-disco-beauty-duo-set-cadou-3-buc\/"},"modified":"2025-12-09T09:36:03","modified_gmt":"2025-12-09T08:36:03","slug":"beautyblender-disco-beauty-duo-set-cadou-3-buc","status":"publish","type":"product","link":"https:\/\/shopatoa.com\/ro\/beautyblender-disco-beauty-duo-set-cadou-3-buc\/","title":{"rendered":"beautyblender\u00ae Disco Beauty Duo set cadou 3 buc"},"content":{"rendered":"<p>beautyblender\u00ae Disco Beauty Duo, 3 buc, Gen\u021bi cosmetice pentru femei, Ave\u021bi senza\u021bia c\u0103 atunci c\u00e2nd aplica\u021bi fondul de ten cu degetele sau cu pensula, nu ob\u021bine\u021bi rezultatul dorit? \u00cencerca\u021bi alternativa pensulelor clasice. Bure\u021belul pentru fond de ten beautyblender\u00ae Disco Beauty Duo are grij\u0103 de aplicarea perfect\u0103 a machiajului, pentru un aspect profesional. V\u0103 va ajuta s\u0103 acoperi\u021bi perfect toate imperfec\u021biunile tenului, iar rezultatul va fi mult mai natural dec\u00e2t \u00een cazul aplic\u0103rii machiajului cu degetele. Forma sa se adapteaz\u0103 contururilor oric\u0103rei fe\u021be \u0219i aplic\u0103 produsul \u00een toate pliurile, \u00een timp ce suprafa\u021ba ultra-fin\u0103 asigur\u0103 o aplicare uniform\u0103 \u0219i precis\u0103, f\u0103r\u0103 pete \u0219i cu un consum minim de fond de ten.  Setul con\u021bine:  beautyblender\u00ae Cleanser detergent solid pentru bure\u021bi de machiaj \u0219i pensule 1 buc beautyblender\u00ae Cosmetic Bag geanta de cosmetice 1 buc  beautyblender\u00ae Original burete pentru machiaj 1 buc   Caracteristici:  se \u021bine comod \u00een m\u00e2n\u0103 aplicare precis\u0103 a fondului de ten lichid sau cremos rezultatul este un finisaj neted asigur\u0103 o aplicare confortabil\u0103, inclusiv \u00een pliurile fe\u021bei confer\u0103 fondului de ten un aspect profesional foarte potrivit ca un cadou ideal \u00een c\u0103l\u0103torii cur\u0103\u021b\u0103 temeinic peria  Cum se utilizeaz\u0103: Pe burete se aplic\u0103 fondul de ten, baza de fond de ten sau corectorul \u0219i apoi se \u00eentinde u\u0219or pe fa\u021b\u0103. Cur\u0103\u021ba\u021bi regulat.<\/p>\n","protected":false},"excerpt":{"rendered":"<p>beautyblender\u00ae Disco Beauty Duo, 3 buc, Gen\u021bi cosmetice pentru femei, Ave\u021bi senza\u021bia c\u0103 atunci c\u00e2nd aplica\u021bi fondul de ten cu degetele sau cu pensula, nu ob\u021bine\u021bi rezultatul dorit? \u00cencerca\u021bi alternativa pensulelor clasice. Bure\u021belul pentru fond de ten beautyblender\u00ae Disco Beauty Duo are grij\u0103 de aplicarea perfect\u0103 a machiajului, pentru un aspect profesional. V\u0103 va ajuta&#8230;<\/p>\n","protected":false},"featured_media":397712,"comment_status":"closed","ping_status":"open","template":"","meta":{"_acf_changed":false,"_kadence_starter_templates_imported_post":false,"_kad_post_transparent":"","_kad_post_title":"","_kad_post_layout":"","_kad_post_sidebar_id":"","_kad_post_content_style":"","_kad_post_vertical_padding":"","_kad_post_feature":"","_kad_post_feature_position":"","_kad_post_header":false,"_kad_post_footer":false,"_kad_post_classname":""},"product_brand":[2125],"product_cat":[1564,1563,1576,1622,1562],"product_tag":[],"class_list":{"0":"post-397711","1":"product","2":"type-product","3":"status-publish","4":"has-post-thumbnail","6":"product_brand-beautyblender","7":"product_cat-cosmetice-ingrijire-personala","8":"product_cat-ingrijire-personala","9":"product_cat-machiaj","10":"product_cat-machiaj-de-fata","11":"product_cat-sanatate-si-frumusete","12":"pa_gen-female","13":"pa_marime-3-buc","15":"first","16":"instock","17":"sale","18":"product-type-external","19":"entry","20":"content-bg","21":"loop-entry"},"acf":[],"yoast_head":"<!-- This site is optimized with the Yoast SEO plugin v27.4 - https:\/\/yoast.com\/product\/yoast-seo-wordpress\/ -->\n<title>beautyblender\u00ae Disco Beauty Duo set cadou 3 buc - SHOPATOA.COM<\/title>\n<meta name=\"robots\" content=\"index, follow, max-snippet:-1, max-image-preview:large, max-video-preview:-1\" \/>\n<link rel=\"canonical\" href=\"https:\/\/shopatoa.com\/ro\/beautyblender-disco-beauty-duo-set-cadou-3-buc\/\" \/>\n<meta property=\"og:locale\" content=\"ro_RO\" \/>\n<meta property=\"og:type\" content=\"article\" \/>\n<meta property=\"og:title\" content=\"beautyblender\u00ae Disco Beauty Duo set cadou 3 buc - SHOPATOA.COM\" \/>\n<meta property=\"og:description\" content=\"beautyblender\u00ae Disco Beauty Duo, 3 buc, Gen\u021bi cosmetice pentru femei, Ave\u021bi senza\u021bia c\u0103 atunci c\u00e2nd aplica\u021bi fondul de ten cu degetele sau cu pensula, nu ob\u021bine\u021bi rezultatul dorit? \u00cencerca\u021bi alternativa pensulelor clasice. Bure\u021belul pentru fond de ten beautyblender\u00ae Disco Beauty Duo are grij\u0103 de aplicarea perfect\u0103 a machiajului, pentru un aspect profesional. V\u0103 va ajuta...\" \/>\n<meta property=\"og:url\" content=\"https:\/\/shopatoa.com\/ro\/beautyblender-disco-beauty-duo-set-cadou-3-buc\/\" \/>\n<meta property=\"og:site_name\" content=\"SHOPATOA\" \/>\n<meta property=\"article:modified_time\" content=\"2025-12-09T08:36:03+00:00\" \/>\n<meta property=\"og:image\" content=\"https:\/\/storage.googleapis.com\/cz-shopatoa-img\/ro\/73f8fb36-unnamed-file.webp\" \/>\n\t<meta property=\"og:image:width\" content=\"800\" \/>\n\t<meta property=\"og:image:height\" content=\"800\" \/>\n\t<meta property=\"og:image:type\" content=\"image\/webp\" \/>\n<meta name=\"twitter:card\" content=\"summary_large_image\" \/>\n<meta name=\"twitter:label1\" content=\"Timp estimat pentru citire\" \/>\n\t<meta name=\"twitter:data1\" content=\"1 minut\" \/>\n<script type=\"application\/ld+json\" class=\"yoast-schema-graph\">{\"@context\":\"https:\\\/\\\/schema.org\",\"@graph\":[{\"@type\":\"WebPage\",\"@id\":\"https:\\\/\\\/shopatoa.com\\\/ro\\\/beautyblender-disco-beauty-duo-set-cadou-3-buc\\\/\",\"url\":\"https:\\\/\\\/shopatoa.com\\\/ro\\\/beautyblender-disco-beauty-duo-set-cadou-3-buc\\\/\",\"name\":\"beautyblender\u00ae Disco Beauty Duo set cadou 3 buc - SHOPATOA.COM\",\"isPartOf\":{\"@id\":\"https:\\\/\\\/shopatoa.com\\\/ro\\\/#website\"},\"primaryImageOfPage\":{\"@id\":\"https:\\\/\\\/shopatoa.com\\\/ro\\\/beautyblender-disco-beauty-duo-set-cadou-3-buc\\\/#primaryimage\"},\"image\":{\"@id\":\"https:\\\/\\\/shopatoa.com\\\/ro\\\/beautyblender-disco-beauty-duo-set-cadou-3-buc\\\/#primaryimage\"},\"thumbnailUrl\":\"https:\\\/\\\/storage.googleapis.com\\\/cz-shopatoa-img\\\/ro\\\/73f8fb36-unnamed-file.webp\",\"datePublished\":\"2025-06-17T10:36:19+00:00\",\"dateModified\":\"2025-12-09T08:36:03+00:00\",\"breadcrumb\":{\"@id\":\"https:\\\/\\\/shopatoa.com\\\/ro\\\/beautyblender-disco-beauty-duo-set-cadou-3-buc\\\/#breadcrumb\"},\"inLanguage\":\"ro-RO\",\"potentialAction\":[{\"@type\":\"ReadAction\",\"target\":[\"https:\\\/\\\/shopatoa.com\\\/ro\\\/beautyblender-disco-beauty-duo-set-cadou-3-buc\\\/\"]}]},{\"@type\":\"ImageObject\",\"inLanguage\":\"ro-RO\",\"@id\":\"https:\\\/\\\/shopatoa.com\\\/ro\\\/beautyblender-disco-beauty-duo-set-cadou-3-buc\\\/#primaryimage\",\"url\":\"https:\\\/\\\/storage.googleapis.com\\\/cz-shopatoa-img\\\/ro\\\/73f8fb36-unnamed-file.webp\",\"contentUrl\":\"https:\\\/\\\/storage.googleapis.com\\\/cz-shopatoa-img\\\/ro\\\/73f8fb36-unnamed-file.webp\",\"width\":800,\"height\":800},{\"@type\":\"BreadcrumbList\",\"@id\":\"https:\\\/\\\/shopatoa.com\\\/ro\\\/beautyblender-disco-beauty-duo-set-cadou-3-buc\\\/#breadcrumb\",\"itemListElement\":[{\"@type\":\"ListItem\",\"position\":1,\"name\":\"Dom\u016f\",\"item\":\"https:\\\/\\\/shopatoa.com\\\/ro\\\/\"},{\"@type\":\"ListItem\",\"position\":2,\"name\":\"Shop\",\"item\":\"https:\\\/\\\/shopatoa.com\\\/ro\\\/shop\\\/\"},{\"@type\":\"ListItem\",\"position\":3,\"name\":\"S\u0103n\u0103tate \u0219i frumuse\u021be\",\"item\":\"https:\\\/\\\/shopatoa.com\\\/ro\\\/sanatate-si-frumusete\\\/\"},{\"@type\":\"ListItem\",\"position\":4,\"name\":\"\u00cengrijire personal\u0103\",\"item\":\"https:\\\/\\\/shopatoa.com\\\/ro\\\/ingrijire-personala\\\/\"},{\"@type\":\"ListItem\",\"position\":5,\"name\":\"Cosmetice\",\"item\":\"https:\\\/\\\/shopatoa.com\\\/ro\\\/cosmetice-ingrijire-personala\\\/\"},{\"@type\":\"ListItem\",\"position\":6,\"name\":\"Machiaj\",\"item\":\"https:\\\/\\\/shopatoa.com\\\/ro\\\/machiaj\\\/\"},{\"@type\":\"ListItem\",\"position\":7,\"name\":\"Machiaj de fa\u021b\u0103\",\"item\":\"https:\\\/\\\/shopatoa.com\\\/ro\\\/machiaj-de-fata\\\/\"},{\"@type\":\"ListItem\",\"position\":8,\"name\":\"beautyblender\u00ae Disco Beauty Duo set cadou 3 buc\"}]},{\"@type\":\"WebSite\",\"@id\":\"https:\\\/\\\/shopatoa.com\\\/ro\\\/#website\",\"url\":\"https:\\\/\\\/shopatoa.com\\\/ro\\\/\",\"name\":\"SHOPATOA\",\"description\":\"\",\"publisher\":{\"@id\":\"https:\\\/\\\/shopatoa.com\\\/ro\\\/#organization\"},\"potentialAction\":[{\"@type\":\"SearchAction\",\"target\":{\"@type\":\"EntryPoint\",\"urlTemplate\":\"https:\\\/\\\/shopatoa.com\\\/ro\\\/?s={search_term_string}\"},\"query-input\":{\"@type\":\"PropertyValueSpecification\",\"valueRequired\":true,\"valueName\":\"search_term_string\"}}],\"inLanguage\":\"ro-RO\"},{\"@type\":\"Organization\",\"@id\":\"https:\\\/\\\/shopatoa.com\\\/ro\\\/#organization\",\"name\":\"SHOPATOA\",\"url\":\"https:\\\/\\\/shopatoa.com\\\/ro\\\/\",\"logo\":{\"@type\":\"ImageObject\",\"inLanguage\":\"ro-RO\",\"@id\":\"https:\\\/\\\/shopatoa.com\\\/ro\\\/#\\\/schema\\\/logo\\\/image\\\/\",\"url\":\"https:\\\/\\\/storage.googleapis.com\\\/cz-shopatoa-img\\\/ro\\\/b4dac915-shopatoa_logo.png\",\"contentUrl\":\"https:\\\/\\\/storage.googleapis.com\\\/cz-shopatoa-img\\\/ro\\\/b4dac915-shopatoa_logo.png\",\"width\":416,\"height\":63,\"caption\":\"SHOPATOA\"},\"image\":{\"@id\":\"https:\\\/\\\/shopatoa.com\\\/ro\\\/#\\\/schema\\\/logo\\\/image\\\/\"}}]}<\/script>\n<!-- \/ Yoast SEO plugin. -->","yoast_head_json":{"title":"beautyblender\u00ae Disco Beauty Duo set cadou 3 buc - SHOPATOA.COM","robots":{"index":"index","follow":"follow","max-snippet":"max-snippet:-1","max-image-preview":"max-image-preview:large","max-video-preview":"max-video-preview:-1"},"canonical":"https:\/\/shopatoa.com\/ro\/beautyblender-disco-beauty-duo-set-cadou-3-buc\/","og_locale":"ro_RO","og_type":"article","og_title":"beautyblender\u00ae Disco Beauty Duo set cadou 3 buc - SHOPATOA.COM","og_description":"beautyblender\u00ae Disco Beauty Duo, 3 buc, Gen\u021bi cosmetice pentru femei, Ave\u021bi senza\u021bia c\u0103 atunci c\u00e2nd aplica\u021bi fondul de ten cu degetele sau cu pensula, nu ob\u021bine\u021bi rezultatul dorit? \u00cencerca\u021bi alternativa pensulelor clasice. Bure\u021belul pentru fond de ten beautyblender\u00ae Disco Beauty Duo are grij\u0103 de aplicarea perfect\u0103 a machiajului, pentru un aspect profesional. V\u0103 va ajuta...","og_url":"https:\/\/shopatoa.com\/ro\/beautyblender-disco-beauty-duo-set-cadou-3-buc\/","og_site_name":"SHOPATOA","article_modified_time":"2025-12-09T08:36:03+00:00","og_image":[{"width":800,"height":800,"url":"https:\/\/storage.googleapis.com\/cz-shopatoa-img\/ro\/73f8fb36-unnamed-file.webp","type":"image\/webp"}],"twitter_card":"summary_large_image","twitter_misc":{"Timp estimat pentru citire":"1 minut"},"schema":{"@context":"https:\/\/schema.org","@graph":[{"@type":"WebPage","@id":"https:\/\/shopatoa.com\/ro\/beautyblender-disco-beauty-duo-set-cadou-3-buc\/","url":"https:\/\/shopatoa.com\/ro\/beautyblender-disco-beauty-duo-set-cadou-3-buc\/","name":"beautyblender\u00ae Disco Beauty Duo set cadou 3 buc - SHOPATOA.COM","isPartOf":{"@id":"https:\/\/shopatoa.com\/ro\/#website"},"primaryImageOfPage":{"@id":"https:\/\/shopatoa.com\/ro\/beautyblender-disco-beauty-duo-set-cadou-3-buc\/#primaryimage"},"image":{"@id":"https:\/\/shopatoa.com\/ro\/beautyblender-disco-beauty-duo-set-cadou-3-buc\/#primaryimage"},"thumbnailUrl":"https:\/\/storage.googleapis.com\/cz-shopatoa-img\/ro\/73f8fb36-unnamed-file.webp","datePublished":"2025-06-17T10:36:19+00:00","dateModified":"2025-12-09T08:36:03+00:00","breadcrumb":{"@id":"https:\/\/shopatoa.com\/ro\/beautyblender-disco-beauty-duo-set-cadou-3-buc\/#breadcrumb"},"inLanguage":"ro-RO","potentialAction":[{"@type":"ReadAction","target":["https:\/\/shopatoa.com\/ro\/beautyblender-disco-beauty-duo-set-cadou-3-buc\/"]}]},{"@type":"ImageObject","inLanguage":"ro-RO","@id":"https:\/\/shopatoa.com\/ro\/beautyblender-disco-beauty-duo-set-cadou-3-buc\/#primaryimage","url":"https:\/\/storage.googleapis.com\/cz-shopatoa-img\/ro\/73f8fb36-unnamed-file.webp","contentUrl":"https:\/\/storage.googleapis.com\/cz-shopatoa-img\/ro\/73f8fb36-unnamed-file.webp","width":800,"height":800},{"@type":"BreadcrumbList","@id":"https:\/\/shopatoa.com\/ro\/beautyblender-disco-beauty-duo-set-cadou-3-buc\/#breadcrumb","itemListElement":[{"@type":"ListItem","position":1,"name":"Dom\u016f","item":"https:\/\/shopatoa.com\/ro\/"},{"@type":"ListItem","position":2,"name":"Shop","item":"https:\/\/shopatoa.com\/ro\/shop\/"},{"@type":"ListItem","position":3,"name":"S\u0103n\u0103tate \u0219i frumuse\u021be","item":"https:\/\/shopatoa.com\/ro\/sanatate-si-frumusete\/"},{"@type":"ListItem","position":4,"name":"\u00cengrijire personal\u0103","item":"https:\/\/shopatoa.com\/ro\/ingrijire-personala\/"},{"@type":"ListItem","position":5,"name":"Cosmetice","item":"https:\/\/shopatoa.com\/ro\/cosmetice-ingrijire-personala\/"},{"@type":"ListItem","position":6,"name":"Machiaj","item":"https:\/\/shopatoa.com\/ro\/machiaj\/"},{"@type":"ListItem","position":7,"name":"Machiaj de fa\u021b\u0103","item":"https:\/\/shopatoa.com\/ro\/machiaj-de-fata\/"},{"@type":"ListItem","position":8,"name":"beautyblender\u00ae Disco Beauty Duo set cadou 3 buc"}]},{"@type":"WebSite","@id":"https:\/\/shopatoa.com\/ro\/#website","url":"https:\/\/shopatoa.com\/ro\/","name":"SHOPATOA","description":"","publisher":{"@id":"https:\/\/shopatoa.com\/ro\/#organization"},"potentialAction":[{"@type":"SearchAction","target":{"@type":"EntryPoint","urlTemplate":"https:\/\/shopatoa.com\/ro\/?s={search_term_string}"},"query-input":{"@type":"PropertyValueSpecification","valueRequired":true,"valueName":"search_term_string"}}],"inLanguage":"ro-RO"},{"@type":"Organization","@id":"https:\/\/shopatoa.com\/ro\/#organization","name":"SHOPATOA","url":"https:\/\/shopatoa.com\/ro\/","logo":{"@type":"ImageObject","inLanguage":"ro-RO","@id":"https:\/\/shopatoa.com\/ro\/#\/schema\/logo\/image\/","url":"https:\/\/storage.googleapis.com\/cz-shopatoa-img\/ro\/b4dac915-shopatoa_logo.png","contentUrl":"https:\/\/storage.googleapis.com\/cz-shopatoa-img\/ro\/b4dac915-shopatoa_logo.png","width":416,"height":63,"caption":"SHOPATOA"},"image":{"@id":"https:\/\/shopatoa.com\/ro\/#\/schema\/logo\/image\/"}}]}},"_links":{"self":[{"href":"https:\/\/shopatoa.com\/ro\/wp-json\/wp\/v2\/product\/397711","targetHints":{"allow":["GET"]}}],"collection":[{"href":"https:\/\/shopatoa.com\/ro\/wp-json\/wp\/v2\/product"}],"about":[{"href":"https:\/\/shopatoa.com\/ro\/wp-json\/wp\/v2\/types\/product"}],"replies":[{"embeddable":true,"href":"https:\/\/shopatoa.com\/ro\/wp-json\/wp\/v2\/comments?post=397711"}],"wp:featuredmedia":[{"embeddable":true,"href":"https:\/\/shopatoa.com\/ro\/wp-json\/wp\/v2\/media\/397712"}],"wp:attachment":[{"href":"https:\/\/shopatoa.com\/ro\/wp-json\/wp\/v2\/media?parent=397711"}],"wp:term":[{"taxonomy":"product_brand","embeddable":true,"href":"https:\/\/shopatoa.com\/ro\/wp-json\/wp\/v2\/product_brand?post=397711"},{"taxonomy":"product_cat","embeddable":true,"href":"https:\/\/shopatoa.com\/ro\/wp-json\/wp\/v2\/product_cat?post=397711"},{"taxonomy":"product_tag","embeddable":true,"href":"https:\/\/shopatoa.com\/ro\/wp-json\/wp\/v2\/product_tag?post=397711"}],"curies":[{"name":"wp","href":"https:\/\/api.w.org\/{rel}","templated":true}]}}