{"id":397801,"date":"2025-06-17T12:45:20","date_gmt":"2025-06-17T10:45:20","guid":{"rendered":"https:\/\/shopatoa.com\/ro\/banila-co-clean-it-zero-pink-hydration-toner-pad-dischete-de-tonifiere-cu-efect-de-hidratare-70-buc\/"},"modified":"2025-12-09T09:13:18","modified_gmt":"2025-12-09T08:13:18","slug":"banila-co-clean-it-zero-pink-hydration-toner-pad-dischete-de-tonifiere-cu-efect-de-hidratare-70-buc","status":"publish","type":"product","link":"https:\/\/shopatoa.com\/ro\/banila-co-clean-it-zero-pink-hydration-toner-pad-dischete-de-tonifiere-cu-efect-de-hidratare-70-buc\/","title":{"rendered":"Banila Co. clean it zero Pink Hydration Toner Pad dischete de tonifiere cu efect de hidratare 70 buc"},"content":{"rendered":"<p>Banila Co. clean it zero Pink Hydration Toner Pad, 70 buc, Peeling pentru ten pentru femei, Produsul tonic Banila Co. clean it zero ajut\u0103 la cur\u0103\u021barea final\u0103, la armonizarea \u0219i la \u00eenviorarea pielii.  Caracteristici:  previne uscarea excesiv\u0103 a pielii are efect de calmare hidrateaz\u0103 \u0219i hr\u0103ne\u0219te pielea las\u0103 pielea fin\u0103, moale \u0219i radioas\u0103 se recomand\u0103 pentru tenul sensibil  Ingrediente:  produs vegan  Cum se utilizeaz\u0103: Pentru \u00eenceput, efectua\u021bi un test de toleran\u021b\u0103. A se evita zona ochilor. Tapota\u021bi u\u0219or cu v\u00e2rful degetelor pentru a favoriza absorb\u021bia. Nu cl\u0103ti\u021bi. \u0218terge\u021bi tenul cur\u0103\u021bat \u00een prealabil, cu treceri u\u0219oare ale tamponului peste fa\u021b\u0103. Folosi\u021bi partea structurat\u0103 a tamponului. Apoi \u00eentoarce\u021bi tamponul \u0219i folosi\u021bi cealalt\u0103 fa\u021b\u0103 pentru \u00eenl\u0103turarea impurit\u0103\u021bilor r\u0103mase. De fiecare dat\u0103 c\u00e2nd scoate\u021bi un tampon din cutie, asigura\u021bi-v\u0103 c\u0103 a\u021bi \u00eenchis bine capacul, pentru a p\u0103stra tampoanele r\u0103mase umede \u0219i curate.<\/p>\n","protected":false},"excerpt":{"rendered":"<p>Banila Co. clean it zero Pink Hydration Toner Pad, 70 buc, Peeling pentru ten pentru femei, Produsul tonic Banila Co. clean it zero ajut\u0103 la cur\u0103\u021barea final\u0103, la armonizarea \u0219i la \u00eenviorarea pielii. Caracteristici: previne uscarea excesiv\u0103 a pielii are efect de calmare hidrateaz\u0103 \u0219i hr\u0103ne\u0219te pielea las\u0103 pielea fin\u0103, moale \u0219i radioas\u0103 se recomand\u0103&#8230;<\/p>\n","protected":false},"featured_media":397802,"comment_status":"closed","ping_status":"open","template":"","meta":{"_acf_changed":false,"_kadence_starter_templates_imported_post":false,"_kad_post_transparent":"","_kad_post_title":"","_kad_post_layout":"","_kad_post_sidebar_id":"","_kad_post_content_style":"","_kad_post_vertical_padding":"","_kad_post_feature":"","_kad_post_feature_position":"","_kad_post_header":false,"_kad_post_footer":false,"_kad_post_classname":""},"product_brand":[2456],"product_cat":[1564,1563,1565,1562],"product_tag":[],"class_list":{"0":"post-397801","1":"product","2":"type-product","3":"status-publish","4":"has-post-thumbnail","6":"product_brand-banila-co","7":"product_cat-cosmetice-ingrijire-personala","8":"product_cat-ingrijire-personala","9":"product_cat-ingrijirea-pielii","10":"product_cat-sanatate-si-frumusete","11":"pa_gen-female","12":"pa_marime-70-buc","14":"first","15":"instock","16":"sale","17":"product-type-external","18":"entry","19":"content-bg","20":"loop-entry"},"acf":[],"yoast_head":"<!-- This site is optimized with the Yoast SEO plugin v27.4 - https:\/\/yoast.com\/product\/yoast-seo-wordpress\/ -->\n<title>Banila Co. clean it zero Pink Hydration Toner Pad dischete de tonifiere cu efect de hidratare 70 buc - SHOPATOA.COM<\/title>\n<meta name=\"robots\" content=\"index, follow, max-snippet:-1, max-image-preview:large, max-video-preview:-1\" \/>\n<link rel=\"canonical\" href=\"https:\/\/shopatoa.com\/ro\/banila-co-clean-it-zero-pink-hydration-toner-pad-dischete-de-tonifiere-cu-efect-de-hidratare-70-buc\/\" \/>\n<meta property=\"og:locale\" content=\"ro_RO\" \/>\n<meta property=\"og:type\" content=\"article\" \/>\n<meta property=\"og:title\" content=\"Banila Co. clean it zero Pink Hydration Toner Pad dischete de tonifiere cu efect de hidratare 70 buc - SHOPATOA.COM\" \/>\n<meta property=\"og:description\" content=\"Banila Co. clean it zero Pink Hydration Toner Pad, 70 buc, Peeling pentru ten pentru femei, Produsul tonic Banila Co. clean it zero ajut\u0103 la cur\u0103\u021barea final\u0103, la armonizarea \u0219i la \u00eenviorarea pielii. Caracteristici: previne uscarea excesiv\u0103 a pielii are efect de calmare hidrateaz\u0103 \u0219i hr\u0103ne\u0219te pielea las\u0103 pielea fin\u0103, moale \u0219i radioas\u0103 se recomand\u0103...\" \/>\n<meta property=\"og:url\" content=\"https:\/\/shopatoa.com\/ro\/banila-co-clean-it-zero-pink-hydration-toner-pad-dischete-de-tonifiere-cu-efect-de-hidratare-70-buc\/\" \/>\n<meta property=\"og:site_name\" content=\"SHOPATOA\" \/>\n<meta property=\"article:modified_time\" content=\"2025-12-09T08:13:18+00:00\" \/>\n<meta property=\"og:image\" content=\"https:\/\/storage.googleapis.com\/cz-shopatoa-img\/ro\/ef7e8ee6-unnamed-file.webp\" \/>\n\t<meta property=\"og:image:width\" content=\"800\" \/>\n\t<meta property=\"og:image:height\" content=\"800\" \/>\n\t<meta property=\"og:image:type\" content=\"image\/webp\" \/>\n<meta name=\"twitter:card\" content=\"summary_large_image\" \/>\n<meta name=\"twitter:label1\" content=\"Timp estimat pentru citire\" \/>\n\t<meta name=\"twitter:data1\" content=\"1 minut\" \/>\n<script type=\"application\/ld+json\" class=\"yoast-schema-graph\">{\"@context\":\"https:\\\/\\\/schema.org\",\"@graph\":[{\"@type\":\"WebPage\",\"@id\":\"https:\\\/\\\/shopatoa.com\\\/ro\\\/banila-co-clean-it-zero-pink-hydration-toner-pad-dischete-de-tonifiere-cu-efect-de-hidratare-70-buc\\\/\",\"url\":\"https:\\\/\\\/shopatoa.com\\\/ro\\\/banila-co-clean-it-zero-pink-hydration-toner-pad-dischete-de-tonifiere-cu-efect-de-hidratare-70-buc\\\/\",\"name\":\"Banila Co. clean it zero Pink Hydration Toner Pad dischete de tonifiere cu efect de hidratare 70 buc - SHOPATOA.COM\",\"isPartOf\":{\"@id\":\"https:\\\/\\\/shopatoa.com\\\/ro\\\/#website\"},\"primaryImageOfPage\":{\"@id\":\"https:\\\/\\\/shopatoa.com\\\/ro\\\/banila-co-clean-it-zero-pink-hydration-toner-pad-dischete-de-tonifiere-cu-efect-de-hidratare-70-buc\\\/#primaryimage\"},\"image\":{\"@id\":\"https:\\\/\\\/shopatoa.com\\\/ro\\\/banila-co-clean-it-zero-pink-hydration-toner-pad-dischete-de-tonifiere-cu-efect-de-hidratare-70-buc\\\/#primaryimage\"},\"thumbnailUrl\":\"https:\\\/\\\/storage.googleapis.com\\\/cz-shopatoa-img\\\/ro\\\/ef7e8ee6-unnamed-file.webp\",\"datePublished\":\"2025-06-17T10:45:20+00:00\",\"dateModified\":\"2025-12-09T08:13:18+00:00\",\"breadcrumb\":{\"@id\":\"https:\\\/\\\/shopatoa.com\\\/ro\\\/banila-co-clean-it-zero-pink-hydration-toner-pad-dischete-de-tonifiere-cu-efect-de-hidratare-70-buc\\\/#breadcrumb\"},\"inLanguage\":\"ro-RO\",\"potentialAction\":[{\"@type\":\"ReadAction\",\"target\":[\"https:\\\/\\\/shopatoa.com\\\/ro\\\/banila-co-clean-it-zero-pink-hydration-toner-pad-dischete-de-tonifiere-cu-efect-de-hidratare-70-buc\\\/\"]}]},{\"@type\":\"ImageObject\",\"inLanguage\":\"ro-RO\",\"@id\":\"https:\\\/\\\/shopatoa.com\\\/ro\\\/banila-co-clean-it-zero-pink-hydration-toner-pad-dischete-de-tonifiere-cu-efect-de-hidratare-70-buc\\\/#primaryimage\",\"url\":\"https:\\\/\\\/storage.googleapis.com\\\/cz-shopatoa-img\\\/ro\\\/ef7e8ee6-unnamed-file.webp\",\"contentUrl\":\"https:\\\/\\\/storage.googleapis.com\\\/cz-shopatoa-img\\\/ro\\\/ef7e8ee6-unnamed-file.webp\",\"width\":800,\"height\":800},{\"@type\":\"BreadcrumbList\",\"@id\":\"https:\\\/\\\/shopatoa.com\\\/ro\\\/banila-co-clean-it-zero-pink-hydration-toner-pad-dischete-de-tonifiere-cu-efect-de-hidratare-70-buc\\\/#breadcrumb\",\"itemListElement\":[{\"@type\":\"ListItem\",\"position\":1,\"name\":\"Dom\u016f\",\"item\":\"https:\\\/\\\/shopatoa.com\\\/ro\\\/\"},{\"@type\":\"ListItem\",\"position\":2,\"name\":\"Shop\",\"item\":\"https:\\\/\\\/shopatoa.com\\\/ro\\\/shop\\\/\"},{\"@type\":\"ListItem\",\"position\":3,\"name\":\"S\u0103n\u0103tate \u0219i frumuse\u021be\",\"item\":\"https:\\\/\\\/shopatoa.com\\\/ro\\\/sanatate-si-frumusete\\\/\"},{\"@type\":\"ListItem\",\"position\":4,\"name\":\"\u00cengrijire personal\u0103\",\"item\":\"https:\\\/\\\/shopatoa.com\\\/ro\\\/ingrijire-personala\\\/\"},{\"@type\":\"ListItem\",\"position\":5,\"name\":\"Cosmetice\",\"item\":\"https:\\\/\\\/shopatoa.com\\\/ro\\\/cosmetice-ingrijire-personala\\\/\"},{\"@type\":\"ListItem\",\"position\":6,\"name\":\"\u00cengrijirea pielii\",\"item\":\"https:\\\/\\\/shopatoa.com\\\/ro\\\/ingrijirea-pielii\\\/\"},{\"@type\":\"ListItem\",\"position\":7,\"name\":\"Banila Co. clean it zero Pink Hydration Toner Pad dischete de tonifiere cu efect de hidratare 70 buc\"}]},{\"@type\":\"WebSite\",\"@id\":\"https:\\\/\\\/shopatoa.com\\\/ro\\\/#website\",\"url\":\"https:\\\/\\\/shopatoa.com\\\/ro\\\/\",\"name\":\"SHOPATOA\",\"description\":\"\",\"publisher\":{\"@id\":\"https:\\\/\\\/shopatoa.com\\\/ro\\\/#organization\"},\"potentialAction\":[{\"@type\":\"SearchAction\",\"target\":{\"@type\":\"EntryPoint\",\"urlTemplate\":\"https:\\\/\\\/shopatoa.com\\\/ro\\\/?s={search_term_string}\"},\"query-input\":{\"@type\":\"PropertyValueSpecification\",\"valueRequired\":true,\"valueName\":\"search_term_string\"}}],\"inLanguage\":\"ro-RO\"},{\"@type\":\"Organization\",\"@id\":\"https:\\\/\\\/shopatoa.com\\\/ro\\\/#organization\",\"name\":\"SHOPATOA\",\"url\":\"https:\\\/\\\/shopatoa.com\\\/ro\\\/\",\"logo\":{\"@type\":\"ImageObject\",\"inLanguage\":\"ro-RO\",\"@id\":\"https:\\\/\\\/shopatoa.com\\\/ro\\\/#\\\/schema\\\/logo\\\/image\\\/\",\"url\":\"https:\\\/\\\/storage.googleapis.com\\\/cz-shopatoa-img\\\/ro\\\/b4dac915-shopatoa_logo.png\",\"contentUrl\":\"https:\\\/\\\/storage.googleapis.com\\\/cz-shopatoa-img\\\/ro\\\/b4dac915-shopatoa_logo.png\",\"width\":416,\"height\":63,\"caption\":\"SHOPATOA\"},\"image\":{\"@id\":\"https:\\\/\\\/shopatoa.com\\\/ro\\\/#\\\/schema\\\/logo\\\/image\\\/\"}}]}<\/script>\n<!-- \/ Yoast SEO plugin. -->","yoast_head_json":{"title":"Banila Co. clean it zero Pink Hydration Toner Pad dischete de tonifiere cu efect de hidratare 70 buc - SHOPATOA.COM","robots":{"index":"index","follow":"follow","max-snippet":"max-snippet:-1","max-image-preview":"max-image-preview:large","max-video-preview":"max-video-preview:-1"},"canonical":"https:\/\/shopatoa.com\/ro\/banila-co-clean-it-zero-pink-hydration-toner-pad-dischete-de-tonifiere-cu-efect-de-hidratare-70-buc\/","og_locale":"ro_RO","og_type":"article","og_title":"Banila Co. clean it zero Pink Hydration Toner Pad dischete de tonifiere cu efect de hidratare 70 buc - SHOPATOA.COM","og_description":"Banila Co. clean it zero Pink Hydration Toner Pad, 70 buc, Peeling pentru ten pentru femei, Produsul tonic Banila Co. clean it zero ajut\u0103 la cur\u0103\u021barea final\u0103, la armonizarea \u0219i la \u00eenviorarea pielii. Caracteristici: previne uscarea excesiv\u0103 a pielii are efect de calmare hidrateaz\u0103 \u0219i hr\u0103ne\u0219te pielea las\u0103 pielea fin\u0103, moale \u0219i radioas\u0103 se recomand\u0103...","og_url":"https:\/\/shopatoa.com\/ro\/banila-co-clean-it-zero-pink-hydration-toner-pad-dischete-de-tonifiere-cu-efect-de-hidratare-70-buc\/","og_site_name":"SHOPATOA","article_modified_time":"2025-12-09T08:13:18+00:00","og_image":[{"width":800,"height":800,"url":"https:\/\/storage.googleapis.com\/cz-shopatoa-img\/ro\/ef7e8ee6-unnamed-file.webp","type":"image\/webp"}],"twitter_card":"summary_large_image","twitter_misc":{"Timp estimat pentru citire":"1 minut"},"schema":{"@context":"https:\/\/schema.org","@graph":[{"@type":"WebPage","@id":"https:\/\/shopatoa.com\/ro\/banila-co-clean-it-zero-pink-hydration-toner-pad-dischete-de-tonifiere-cu-efect-de-hidratare-70-buc\/","url":"https:\/\/shopatoa.com\/ro\/banila-co-clean-it-zero-pink-hydration-toner-pad-dischete-de-tonifiere-cu-efect-de-hidratare-70-buc\/","name":"Banila Co. clean it zero Pink Hydration Toner Pad dischete de tonifiere cu efect de hidratare 70 buc - SHOPATOA.COM","isPartOf":{"@id":"https:\/\/shopatoa.com\/ro\/#website"},"primaryImageOfPage":{"@id":"https:\/\/shopatoa.com\/ro\/banila-co-clean-it-zero-pink-hydration-toner-pad-dischete-de-tonifiere-cu-efect-de-hidratare-70-buc\/#primaryimage"},"image":{"@id":"https:\/\/shopatoa.com\/ro\/banila-co-clean-it-zero-pink-hydration-toner-pad-dischete-de-tonifiere-cu-efect-de-hidratare-70-buc\/#primaryimage"},"thumbnailUrl":"https:\/\/storage.googleapis.com\/cz-shopatoa-img\/ro\/ef7e8ee6-unnamed-file.webp","datePublished":"2025-06-17T10:45:20+00:00","dateModified":"2025-12-09T08:13:18+00:00","breadcrumb":{"@id":"https:\/\/shopatoa.com\/ro\/banila-co-clean-it-zero-pink-hydration-toner-pad-dischete-de-tonifiere-cu-efect-de-hidratare-70-buc\/#breadcrumb"},"inLanguage":"ro-RO","potentialAction":[{"@type":"ReadAction","target":["https:\/\/shopatoa.com\/ro\/banila-co-clean-it-zero-pink-hydration-toner-pad-dischete-de-tonifiere-cu-efect-de-hidratare-70-buc\/"]}]},{"@type":"ImageObject","inLanguage":"ro-RO","@id":"https:\/\/shopatoa.com\/ro\/banila-co-clean-it-zero-pink-hydration-toner-pad-dischete-de-tonifiere-cu-efect-de-hidratare-70-buc\/#primaryimage","url":"https:\/\/storage.googleapis.com\/cz-shopatoa-img\/ro\/ef7e8ee6-unnamed-file.webp","contentUrl":"https:\/\/storage.googleapis.com\/cz-shopatoa-img\/ro\/ef7e8ee6-unnamed-file.webp","width":800,"height":800},{"@type":"BreadcrumbList","@id":"https:\/\/shopatoa.com\/ro\/banila-co-clean-it-zero-pink-hydration-toner-pad-dischete-de-tonifiere-cu-efect-de-hidratare-70-buc\/#breadcrumb","itemListElement":[{"@type":"ListItem","position":1,"name":"Dom\u016f","item":"https:\/\/shopatoa.com\/ro\/"},{"@type":"ListItem","position":2,"name":"Shop","item":"https:\/\/shopatoa.com\/ro\/shop\/"},{"@type":"ListItem","position":3,"name":"S\u0103n\u0103tate \u0219i frumuse\u021be","item":"https:\/\/shopatoa.com\/ro\/sanatate-si-frumusete\/"},{"@type":"ListItem","position":4,"name":"\u00cengrijire personal\u0103","item":"https:\/\/shopatoa.com\/ro\/ingrijire-personala\/"},{"@type":"ListItem","position":5,"name":"Cosmetice","item":"https:\/\/shopatoa.com\/ro\/cosmetice-ingrijire-personala\/"},{"@type":"ListItem","position":6,"name":"\u00cengrijirea pielii","item":"https:\/\/shopatoa.com\/ro\/ingrijirea-pielii\/"},{"@type":"ListItem","position":7,"name":"Banila Co. clean it zero Pink Hydration Toner Pad dischete de tonifiere cu efect de hidratare 70 buc"}]},{"@type":"WebSite","@id":"https:\/\/shopatoa.com\/ro\/#website","url":"https:\/\/shopatoa.com\/ro\/","name":"SHOPATOA","description":"","publisher":{"@id":"https:\/\/shopatoa.com\/ro\/#organization"},"potentialAction":[{"@type":"SearchAction","target":{"@type":"EntryPoint","urlTemplate":"https:\/\/shopatoa.com\/ro\/?s={search_term_string}"},"query-input":{"@type":"PropertyValueSpecification","valueRequired":true,"valueName":"search_term_string"}}],"inLanguage":"ro-RO"},{"@type":"Organization","@id":"https:\/\/shopatoa.com\/ro\/#organization","name":"SHOPATOA","url":"https:\/\/shopatoa.com\/ro\/","logo":{"@type":"ImageObject","inLanguage":"ro-RO","@id":"https:\/\/shopatoa.com\/ro\/#\/schema\/logo\/image\/","url":"https:\/\/storage.googleapis.com\/cz-shopatoa-img\/ro\/b4dac915-shopatoa_logo.png","contentUrl":"https:\/\/storage.googleapis.com\/cz-shopatoa-img\/ro\/b4dac915-shopatoa_logo.png","width":416,"height":63,"caption":"SHOPATOA"},"image":{"@id":"https:\/\/shopatoa.com\/ro\/#\/schema\/logo\/image\/"}}]}},"_links":{"self":[{"href":"https:\/\/shopatoa.com\/ro\/wp-json\/wp\/v2\/product\/397801","targetHints":{"allow":["GET"]}}],"collection":[{"href":"https:\/\/shopatoa.com\/ro\/wp-json\/wp\/v2\/product"}],"about":[{"href":"https:\/\/shopatoa.com\/ro\/wp-json\/wp\/v2\/types\/product"}],"replies":[{"embeddable":true,"href":"https:\/\/shopatoa.com\/ro\/wp-json\/wp\/v2\/comments?post=397801"}],"wp:featuredmedia":[{"embeddable":true,"href":"https:\/\/shopatoa.com\/ro\/wp-json\/wp\/v2\/media\/397802"}],"wp:attachment":[{"href":"https:\/\/shopatoa.com\/ro\/wp-json\/wp\/v2\/media?parent=397801"}],"wp:term":[{"taxonomy":"product_brand","embeddable":true,"href":"https:\/\/shopatoa.com\/ro\/wp-json\/wp\/v2\/product_brand?post=397801"},{"taxonomy":"product_cat","embeddable":true,"href":"https:\/\/shopatoa.com\/ro\/wp-json\/wp\/v2\/product_cat?post=397801"},{"taxonomy":"product_tag","embeddable":true,"href":"https:\/\/shopatoa.com\/ro\/wp-json\/wp\/v2\/product_tag?post=397801"}],"curies":[{"name":"wp","href":"https:\/\/api.w.org\/{rel}","templated":true}]}}