{"id":398123,"date":"2025-06-17T13:26:12","date_gmt":"2025-06-17T11:26:12","guid":{"rendered":"https:\/\/shopatoa.com\/ro\/elemis-pro-collagen-rose-cleansing-balm-balsam-de-curatare-pentru-netezirea-pielii-50-g\/"},"modified":"2025-12-09T07:46:18","modified_gmt":"2025-12-09T06:46:18","slug":"elemis-pro-collagen-rose-cleansing-balm-balsam-de-curatare-pentru-netezirea-pielii-50-g","status":"publish","type":"product","link":"https:\/\/shopatoa.com\/ro\/elemis-pro-collagen-rose-cleansing-balm-balsam-de-curatare-pentru-netezirea-pielii-50-g\/","title":{"rendered":"Elemis Pro-Collagen Rose Cleansing Balm balsam de curatare pentru netezirea pielii 50 g"},"content":{"rendered":"<p>Elemis Pro-Collagen Rose Cleansing Balm, 50 g, M\u0103\u0219ti pentru cur\u0103\u021bare pentru femei, Dori\u021bi s\u0103 v\u0103 \u00eembog\u0103\u021bi\u021bi rutina obi\u0219nuit\u0103 de cur\u0103\u021bare \u0219i s\u0103 ob\u021bine\u021bi un ten mai perfect, cur\u0103\u021bat cu adev\u0103rat \u00een profunzime? Masca de cur\u0103\u021bare Elemis Pro-Collagen Rose Cleansing Balm completeaz\u0103 perfect gelul de cur\u0103\u021bare preferat, spuma sau crema \u0219i \u00eendep\u0103rteaz\u0103 \u00eentregul machiaj \u0219i alte impurit\u0103\u021bi din profunzimea porilor. \u00cen plus, contribuie la reglarea sebumului \u0219i reduce luciul nedorit.  Caracteristici:  cur\u0103\u021b\u0103 intens tenul tenul devine fin ca m\u0103tasea calmeaz\u0103 irita\u021biile \u0219i \u00eenro\u0219irea potrivit \u0219i pentru tenul sensibil umidific\u0103 intens tenul confer\u0103 tenului un aspect proasp\u0103t  Cum se utilizeaz\u0103: Masca se aplic\u0103 \u00een strat sub\u021bire pe fa\u021ba curat\u0103, evit\u00e2nd zona ochilor. Se las\u0103 s\u0103 ac\u021bioneze pe perioada specificat\u0103 pe ambalaj. Apoi se spal\u0103 bine masca, cu ap\u0103 c\u0103ldu\u021b\u0103.<\/p>\n","protected":false},"excerpt":{"rendered":"<p>Elemis Pro-Collagen Rose Cleansing Balm, 50 g, M\u0103\u0219ti pentru cur\u0103\u021bare pentru femei, Dori\u021bi s\u0103 v\u0103 \u00eembog\u0103\u021bi\u021bi rutina obi\u0219nuit\u0103 de cur\u0103\u021bare \u0219i s\u0103 ob\u021bine\u021bi un ten mai perfect, cur\u0103\u021bat cu adev\u0103rat \u00een profunzime? Masca de cur\u0103\u021bare Elemis Pro-Collagen Rose Cleansing Balm completeaz\u0103 perfect gelul de cur\u0103\u021bare preferat, spuma sau crema \u0219i \u00eendep\u0103rteaz\u0103 \u00eentregul machiaj \u0219i alte&#8230;<\/p>\n","protected":false},"featured_media":398124,"comment_status":"closed","ping_status":"open","template":"","meta":{"_acf_changed":false,"_kadence_starter_templates_imported_post":false,"_kad_post_transparent":"","_kad_post_title":"","_kad_post_layout":"","_kad_post_sidebar_id":"","_kad_post_content_style":"","_kad_post_vertical_padding":"","_kad_post_feature":"","_kad_post_feature_position":"","_kad_post_header":false,"_kad_post_footer":false,"_kad_post_classname":""},"product_brand":[299],"product_cat":[1564,1563,1565,1614,1562],"product_tag":[],"class_list":{"0":"post-398123","1":"product","2":"type-product","3":"status-publish","4":"has-post-thumbnail","6":"product_brand-elemis","7":"product_cat-cosmetice-ingrijire-personala","8":"product_cat-ingrijire-personala","9":"product_cat-ingrijirea-pielii","10":"product_cat-masti-si-peelings-pentru-ten","11":"product_cat-sanatate-si-frumusete","12":"pa_gen-female","13":"pa_marime-50-g","15":"first","16":"instock","17":"sale","18":"product-type-external","19":"entry","20":"content-bg","21":"loop-entry"},"acf":[],"yoast_head":"<!-- This site is optimized with the Yoast SEO plugin v27.4 - https:\/\/yoast.com\/product\/yoast-seo-wordpress\/ -->\n<title>Elemis Pro-Collagen Rose Cleansing Balm balsam de curatare pentru netezirea pielii 50 g - SHOPATOA.COM<\/title>\n<meta name=\"robots\" content=\"index, follow, max-snippet:-1, max-image-preview:large, max-video-preview:-1\" \/>\n<link rel=\"canonical\" href=\"https:\/\/shopatoa.com\/ro\/elemis-pro-collagen-rose-cleansing-balm-balsam-de-curatare-pentru-netezirea-pielii-50-g\/\" \/>\n<meta property=\"og:locale\" content=\"ro_RO\" \/>\n<meta property=\"og:type\" content=\"article\" \/>\n<meta property=\"og:title\" content=\"Elemis Pro-Collagen Rose Cleansing Balm balsam de curatare pentru netezirea pielii 50 g - SHOPATOA.COM\" \/>\n<meta property=\"og:description\" content=\"Elemis Pro-Collagen Rose Cleansing Balm, 50 g, M\u0103\u0219ti pentru cur\u0103\u021bare pentru femei, Dori\u021bi s\u0103 v\u0103 \u00eembog\u0103\u021bi\u021bi rutina obi\u0219nuit\u0103 de cur\u0103\u021bare \u0219i s\u0103 ob\u021bine\u021bi un ten mai perfect, cur\u0103\u021bat cu adev\u0103rat \u00een profunzime? Masca de cur\u0103\u021bare Elemis Pro-Collagen Rose Cleansing Balm completeaz\u0103 perfect gelul de cur\u0103\u021bare preferat, spuma sau crema \u0219i \u00eendep\u0103rteaz\u0103 \u00eentregul machiaj \u0219i alte...\" \/>\n<meta property=\"og:url\" content=\"https:\/\/shopatoa.com\/ro\/elemis-pro-collagen-rose-cleansing-balm-balsam-de-curatare-pentru-netezirea-pielii-50-g\/\" \/>\n<meta property=\"og:site_name\" content=\"SHOPATOA\" \/>\n<meta property=\"article:modified_time\" content=\"2025-12-09T06:46:18+00:00\" \/>\n<meta property=\"og:image\" content=\"https:\/\/storage.googleapis.com\/cz-shopatoa-img\/ro\/ef4be8f8-unnamed-file.webp\" \/>\n\t<meta property=\"og:image:width\" content=\"800\" \/>\n\t<meta property=\"og:image:height\" content=\"800\" \/>\n\t<meta property=\"og:image:type\" content=\"image\/webp\" \/>\n<meta name=\"twitter:card\" content=\"summary_large_image\" \/>\n<meta name=\"twitter:label1\" content=\"Timp estimat pentru citire\" \/>\n\t<meta name=\"twitter:data1\" content=\"1 minut\" \/>\n<script type=\"application\/ld+json\" class=\"yoast-schema-graph\">{\"@context\":\"https:\\\/\\\/schema.org\",\"@graph\":[{\"@type\":\"WebPage\",\"@id\":\"https:\\\/\\\/shopatoa.com\\\/ro\\\/elemis-pro-collagen-rose-cleansing-balm-balsam-de-curatare-pentru-netezirea-pielii-50-g\\\/\",\"url\":\"https:\\\/\\\/shopatoa.com\\\/ro\\\/elemis-pro-collagen-rose-cleansing-balm-balsam-de-curatare-pentru-netezirea-pielii-50-g\\\/\",\"name\":\"Elemis Pro-Collagen Rose Cleansing Balm balsam de curatare pentru netezirea pielii 50 g - SHOPATOA.COM\",\"isPartOf\":{\"@id\":\"https:\\\/\\\/shopatoa.com\\\/ro\\\/#website\"},\"primaryImageOfPage\":{\"@id\":\"https:\\\/\\\/shopatoa.com\\\/ro\\\/elemis-pro-collagen-rose-cleansing-balm-balsam-de-curatare-pentru-netezirea-pielii-50-g\\\/#primaryimage\"},\"image\":{\"@id\":\"https:\\\/\\\/shopatoa.com\\\/ro\\\/elemis-pro-collagen-rose-cleansing-balm-balsam-de-curatare-pentru-netezirea-pielii-50-g\\\/#primaryimage\"},\"thumbnailUrl\":\"https:\\\/\\\/storage.googleapis.com\\\/cz-shopatoa-img\\\/ro\\\/ef4be8f8-unnamed-file.webp\",\"datePublished\":\"2025-06-17T11:26:12+00:00\",\"dateModified\":\"2025-12-09T06:46:18+00:00\",\"breadcrumb\":{\"@id\":\"https:\\\/\\\/shopatoa.com\\\/ro\\\/elemis-pro-collagen-rose-cleansing-balm-balsam-de-curatare-pentru-netezirea-pielii-50-g\\\/#breadcrumb\"},\"inLanguage\":\"ro-RO\",\"potentialAction\":[{\"@type\":\"ReadAction\",\"target\":[\"https:\\\/\\\/shopatoa.com\\\/ro\\\/elemis-pro-collagen-rose-cleansing-balm-balsam-de-curatare-pentru-netezirea-pielii-50-g\\\/\"]}]},{\"@type\":\"ImageObject\",\"inLanguage\":\"ro-RO\",\"@id\":\"https:\\\/\\\/shopatoa.com\\\/ro\\\/elemis-pro-collagen-rose-cleansing-balm-balsam-de-curatare-pentru-netezirea-pielii-50-g\\\/#primaryimage\",\"url\":\"https:\\\/\\\/storage.googleapis.com\\\/cz-shopatoa-img\\\/ro\\\/ef4be8f8-unnamed-file.webp\",\"contentUrl\":\"https:\\\/\\\/storage.googleapis.com\\\/cz-shopatoa-img\\\/ro\\\/ef4be8f8-unnamed-file.webp\",\"width\":800,\"height\":800},{\"@type\":\"BreadcrumbList\",\"@id\":\"https:\\\/\\\/shopatoa.com\\\/ro\\\/elemis-pro-collagen-rose-cleansing-balm-balsam-de-curatare-pentru-netezirea-pielii-50-g\\\/#breadcrumb\",\"itemListElement\":[{\"@type\":\"ListItem\",\"position\":1,\"name\":\"Dom\u016f\",\"item\":\"https:\\\/\\\/shopatoa.com\\\/ro\\\/\"},{\"@type\":\"ListItem\",\"position\":2,\"name\":\"Shop\",\"item\":\"https:\\\/\\\/shopatoa.com\\\/ro\\\/shop\\\/\"},{\"@type\":\"ListItem\",\"position\":3,\"name\":\"S\u0103n\u0103tate \u0219i frumuse\u021be\",\"item\":\"https:\\\/\\\/shopatoa.com\\\/ro\\\/sanatate-si-frumusete\\\/\"},{\"@type\":\"ListItem\",\"position\":4,\"name\":\"\u00cengrijire personal\u0103\",\"item\":\"https:\\\/\\\/shopatoa.com\\\/ro\\\/ingrijire-personala\\\/\"},{\"@type\":\"ListItem\",\"position\":5,\"name\":\"Cosmetice\",\"item\":\"https:\\\/\\\/shopatoa.com\\\/ro\\\/cosmetice-ingrijire-personala\\\/\"},{\"@type\":\"ListItem\",\"position\":6,\"name\":\"\u00cengrijirea pielii\",\"item\":\"https:\\\/\\\/shopatoa.com\\\/ro\\\/ingrijirea-pielii\\\/\"},{\"@type\":\"ListItem\",\"position\":7,\"name\":\"M\u0103\u0219ti \u0219i peelings pentru ten\",\"item\":\"https:\\\/\\\/shopatoa.com\\\/ro\\\/masti-si-peelings-pentru-ten\\\/\"},{\"@type\":\"ListItem\",\"position\":8,\"name\":\"Elemis Pro-Collagen Rose Cleansing Balm balsam de curatare pentru netezirea pielii 50 g\"}]},{\"@type\":\"WebSite\",\"@id\":\"https:\\\/\\\/shopatoa.com\\\/ro\\\/#website\",\"url\":\"https:\\\/\\\/shopatoa.com\\\/ro\\\/\",\"name\":\"SHOPATOA\",\"description\":\"\",\"publisher\":{\"@id\":\"https:\\\/\\\/shopatoa.com\\\/ro\\\/#organization\"},\"potentialAction\":[{\"@type\":\"SearchAction\",\"target\":{\"@type\":\"EntryPoint\",\"urlTemplate\":\"https:\\\/\\\/shopatoa.com\\\/ro\\\/?s={search_term_string}\"},\"query-input\":{\"@type\":\"PropertyValueSpecification\",\"valueRequired\":true,\"valueName\":\"search_term_string\"}}],\"inLanguage\":\"ro-RO\"},{\"@type\":\"Organization\",\"@id\":\"https:\\\/\\\/shopatoa.com\\\/ro\\\/#organization\",\"name\":\"SHOPATOA\",\"url\":\"https:\\\/\\\/shopatoa.com\\\/ro\\\/\",\"logo\":{\"@type\":\"ImageObject\",\"inLanguage\":\"ro-RO\",\"@id\":\"https:\\\/\\\/shopatoa.com\\\/ro\\\/#\\\/schema\\\/logo\\\/image\\\/\",\"url\":\"https:\\\/\\\/storage.googleapis.com\\\/cz-shopatoa-img\\\/ro\\\/b4dac915-shopatoa_logo.png\",\"contentUrl\":\"https:\\\/\\\/storage.googleapis.com\\\/cz-shopatoa-img\\\/ro\\\/b4dac915-shopatoa_logo.png\",\"width\":416,\"height\":63,\"caption\":\"SHOPATOA\"},\"image\":{\"@id\":\"https:\\\/\\\/shopatoa.com\\\/ro\\\/#\\\/schema\\\/logo\\\/image\\\/\"}}]}<\/script>\n<!-- \/ Yoast SEO plugin. -->","yoast_head_json":{"title":"Elemis Pro-Collagen Rose Cleansing Balm balsam de curatare pentru netezirea pielii 50 g - SHOPATOA.COM","robots":{"index":"index","follow":"follow","max-snippet":"max-snippet:-1","max-image-preview":"max-image-preview:large","max-video-preview":"max-video-preview:-1"},"canonical":"https:\/\/shopatoa.com\/ro\/elemis-pro-collagen-rose-cleansing-balm-balsam-de-curatare-pentru-netezirea-pielii-50-g\/","og_locale":"ro_RO","og_type":"article","og_title":"Elemis Pro-Collagen Rose Cleansing Balm balsam de curatare pentru netezirea pielii 50 g - SHOPATOA.COM","og_description":"Elemis Pro-Collagen Rose Cleansing Balm, 50 g, M\u0103\u0219ti pentru cur\u0103\u021bare pentru femei, Dori\u021bi s\u0103 v\u0103 \u00eembog\u0103\u021bi\u021bi rutina obi\u0219nuit\u0103 de cur\u0103\u021bare \u0219i s\u0103 ob\u021bine\u021bi un ten mai perfect, cur\u0103\u021bat cu adev\u0103rat \u00een profunzime? Masca de cur\u0103\u021bare Elemis Pro-Collagen Rose Cleansing Balm completeaz\u0103 perfect gelul de cur\u0103\u021bare preferat, spuma sau crema \u0219i \u00eendep\u0103rteaz\u0103 \u00eentregul machiaj \u0219i alte...","og_url":"https:\/\/shopatoa.com\/ro\/elemis-pro-collagen-rose-cleansing-balm-balsam-de-curatare-pentru-netezirea-pielii-50-g\/","og_site_name":"SHOPATOA","article_modified_time":"2025-12-09T06:46:18+00:00","og_image":[{"width":800,"height":800,"url":"https:\/\/storage.googleapis.com\/cz-shopatoa-img\/ro\/ef4be8f8-unnamed-file.webp","type":"image\/webp"}],"twitter_card":"summary_large_image","twitter_misc":{"Timp estimat pentru citire":"1 minut"},"schema":{"@context":"https:\/\/schema.org","@graph":[{"@type":"WebPage","@id":"https:\/\/shopatoa.com\/ro\/elemis-pro-collagen-rose-cleansing-balm-balsam-de-curatare-pentru-netezirea-pielii-50-g\/","url":"https:\/\/shopatoa.com\/ro\/elemis-pro-collagen-rose-cleansing-balm-balsam-de-curatare-pentru-netezirea-pielii-50-g\/","name":"Elemis Pro-Collagen Rose Cleansing Balm balsam de curatare pentru netezirea pielii 50 g - SHOPATOA.COM","isPartOf":{"@id":"https:\/\/shopatoa.com\/ro\/#website"},"primaryImageOfPage":{"@id":"https:\/\/shopatoa.com\/ro\/elemis-pro-collagen-rose-cleansing-balm-balsam-de-curatare-pentru-netezirea-pielii-50-g\/#primaryimage"},"image":{"@id":"https:\/\/shopatoa.com\/ro\/elemis-pro-collagen-rose-cleansing-balm-balsam-de-curatare-pentru-netezirea-pielii-50-g\/#primaryimage"},"thumbnailUrl":"https:\/\/storage.googleapis.com\/cz-shopatoa-img\/ro\/ef4be8f8-unnamed-file.webp","datePublished":"2025-06-17T11:26:12+00:00","dateModified":"2025-12-09T06:46:18+00:00","breadcrumb":{"@id":"https:\/\/shopatoa.com\/ro\/elemis-pro-collagen-rose-cleansing-balm-balsam-de-curatare-pentru-netezirea-pielii-50-g\/#breadcrumb"},"inLanguage":"ro-RO","potentialAction":[{"@type":"ReadAction","target":["https:\/\/shopatoa.com\/ro\/elemis-pro-collagen-rose-cleansing-balm-balsam-de-curatare-pentru-netezirea-pielii-50-g\/"]}]},{"@type":"ImageObject","inLanguage":"ro-RO","@id":"https:\/\/shopatoa.com\/ro\/elemis-pro-collagen-rose-cleansing-balm-balsam-de-curatare-pentru-netezirea-pielii-50-g\/#primaryimage","url":"https:\/\/storage.googleapis.com\/cz-shopatoa-img\/ro\/ef4be8f8-unnamed-file.webp","contentUrl":"https:\/\/storage.googleapis.com\/cz-shopatoa-img\/ro\/ef4be8f8-unnamed-file.webp","width":800,"height":800},{"@type":"BreadcrumbList","@id":"https:\/\/shopatoa.com\/ro\/elemis-pro-collagen-rose-cleansing-balm-balsam-de-curatare-pentru-netezirea-pielii-50-g\/#breadcrumb","itemListElement":[{"@type":"ListItem","position":1,"name":"Dom\u016f","item":"https:\/\/shopatoa.com\/ro\/"},{"@type":"ListItem","position":2,"name":"Shop","item":"https:\/\/shopatoa.com\/ro\/shop\/"},{"@type":"ListItem","position":3,"name":"S\u0103n\u0103tate \u0219i frumuse\u021be","item":"https:\/\/shopatoa.com\/ro\/sanatate-si-frumusete\/"},{"@type":"ListItem","position":4,"name":"\u00cengrijire personal\u0103","item":"https:\/\/shopatoa.com\/ro\/ingrijire-personala\/"},{"@type":"ListItem","position":5,"name":"Cosmetice","item":"https:\/\/shopatoa.com\/ro\/cosmetice-ingrijire-personala\/"},{"@type":"ListItem","position":6,"name":"\u00cengrijirea pielii","item":"https:\/\/shopatoa.com\/ro\/ingrijirea-pielii\/"},{"@type":"ListItem","position":7,"name":"M\u0103\u0219ti \u0219i peelings pentru ten","item":"https:\/\/shopatoa.com\/ro\/masti-si-peelings-pentru-ten\/"},{"@type":"ListItem","position":8,"name":"Elemis Pro-Collagen Rose Cleansing Balm balsam de curatare pentru netezirea pielii 50 g"}]},{"@type":"WebSite","@id":"https:\/\/shopatoa.com\/ro\/#website","url":"https:\/\/shopatoa.com\/ro\/","name":"SHOPATOA","description":"","publisher":{"@id":"https:\/\/shopatoa.com\/ro\/#organization"},"potentialAction":[{"@type":"SearchAction","target":{"@type":"EntryPoint","urlTemplate":"https:\/\/shopatoa.com\/ro\/?s={search_term_string}"},"query-input":{"@type":"PropertyValueSpecification","valueRequired":true,"valueName":"search_term_string"}}],"inLanguage":"ro-RO"},{"@type":"Organization","@id":"https:\/\/shopatoa.com\/ro\/#organization","name":"SHOPATOA","url":"https:\/\/shopatoa.com\/ro\/","logo":{"@type":"ImageObject","inLanguage":"ro-RO","@id":"https:\/\/shopatoa.com\/ro\/#\/schema\/logo\/image\/","url":"https:\/\/storage.googleapis.com\/cz-shopatoa-img\/ro\/b4dac915-shopatoa_logo.png","contentUrl":"https:\/\/storage.googleapis.com\/cz-shopatoa-img\/ro\/b4dac915-shopatoa_logo.png","width":416,"height":63,"caption":"SHOPATOA"},"image":{"@id":"https:\/\/shopatoa.com\/ro\/#\/schema\/logo\/image\/"}}]}},"_links":{"self":[{"href":"https:\/\/shopatoa.com\/ro\/wp-json\/wp\/v2\/product\/398123","targetHints":{"allow":["GET"]}}],"collection":[{"href":"https:\/\/shopatoa.com\/ro\/wp-json\/wp\/v2\/product"}],"about":[{"href":"https:\/\/shopatoa.com\/ro\/wp-json\/wp\/v2\/types\/product"}],"replies":[{"embeddable":true,"href":"https:\/\/shopatoa.com\/ro\/wp-json\/wp\/v2\/comments?post=398123"}],"wp:featuredmedia":[{"embeddable":true,"href":"https:\/\/shopatoa.com\/ro\/wp-json\/wp\/v2\/media\/398124"}],"wp:attachment":[{"href":"https:\/\/shopatoa.com\/ro\/wp-json\/wp\/v2\/media?parent=398123"}],"wp:term":[{"taxonomy":"product_brand","embeddable":true,"href":"https:\/\/shopatoa.com\/ro\/wp-json\/wp\/v2\/product_brand?post=398123"},{"taxonomy":"product_cat","embeddable":true,"href":"https:\/\/shopatoa.com\/ro\/wp-json\/wp\/v2\/product_cat?post=398123"},{"taxonomy":"product_tag","embeddable":true,"href":"https:\/\/shopatoa.com\/ro\/wp-json\/wp\/v2\/product_tag?post=398123"}],"curies":[{"name":"wp","href":"https:\/\/api.w.org\/{rel}","templated":true}]}}