{"id":398591,"date":"2025-06-17T14:39:02","date_gmt":"2025-06-17T12:39:02","guid":{"rendered":"https:\/\/shopatoa.com\/ro\/dr-pawpaw-shimmering-trio-collection-set-cadou-de-buze\/"},"modified":"2025-10-15T08:36:14","modified_gmt":"2025-10-15T06:36:14","slug":"dr-pawpaw-shimmering-trio-collection-set-cadou-de-buze","status":"publish","type":"product","link":"https:\/\/shopatoa.com\/ro\/dr-pawpaw-shimmering-trio-collection-set-cadou-de-buze\/","title":{"rendered":"Dr. Pawpaw Shimmering Trio Collection set cadou de buze"},"content":{"rendered":"<p>Dr. Pawpaw Shimmering Trio Collection, 3&#215;10 ml, Balsam pentru buze pentru femei, Pielea delicat\u0103 a buzelor este expus\u0103 \u00een fiecare zi la diver\u0219i factori de stres, de la contactul frecvent cu alimentele p\u00e2n\u0103 la condi\u021biile meteorologice nefavorabile. De aceea, merit\u0103 o \u00eengrijire special\u0103. Balsamul de buze Dr. Pawpaw Shimmering Trio Collection este un ajutor indispensabil pentru \u00eengrijirea zilnic\u0103 a pielii sensibile a buzelor, \u00een orice anotimp. Acesta le ofer\u0103 tot ce au nevoie pentru a r\u0103m\u00e2ne hidratate, moi \u0219i protejate de uscare \u0219i cr\u0103pare.  Setul con\u021bine:   Dr. Pawpaw Shimmer Balm balsam multifunc\u021bional cu particule stralucitoare 10 ml  Dr. Pawpaw Rich Mocha balsam tonic pentru buze si obraji 10 ml  Dr.PawPaw True Coral balsam multifunc\u021bional 10 ml  Caracteristici:  hidrateaz\u0103 profund \u0219i hr\u0103ne\u0219te intens asigur\u0103 protec\u021bia buzelor fa\u021b\u0103 de influen\u021bele externe coloreaz\u0103 u\u0219or buzele las\u0103 buzele moi \u0219i fine  Ingrediente:  cear\u0103 de albine \u2013 creeaz\u0103 un strat protector rezistent la ap\u0103, datorit\u0103 c\u0103ruia pielea este catifelat\u0103, calmat\u0103, hr\u0103nit\u0103 \u0219i protejat\u0103 \u00eempotriva influen\u021belor externe, hidrateaz\u0103 \u0219i previne deshidratarea \u0219i deteriorarea, accelereaz\u0103 regenerarea produs vegan  Cum se utilizeaz\u0103: Se aplic\u0103 pe buze \u00een timpul zilei, ori de c\u00e2te ori este necesar.<\/p>\n","protected":false},"excerpt":{"rendered":"<p>Dr. Pawpaw Shimmering Trio Collection, 3&#215;10 ml, Balsam pentru buze pentru femei, Pielea delicat\u0103 a buzelor este expus\u0103 \u00een fiecare zi la diver\u0219i factori de stres, de la contactul frecvent cu alimentele p\u00e2n\u0103 la condi\u021biile meteorologice nefavorabile. De aceea, merit\u0103 o \u00eengrijire special\u0103. Balsamul de buze Dr. Pawpaw Shimmering Trio Collection este un ajutor indispensabil&#8230;<\/p>\n","protected":false},"featured_media":398592,"comment_status":"closed","ping_status":"open","template":"","meta":{"_acf_changed":false,"_kadence_starter_templates_imported_post":false,"_kad_post_transparent":"","_kad_post_title":"","_kad_post_layout":"","_kad_post_sidebar_id":"","_kad_post_content_style":"","_kad_post_vertical_padding":"","_kad_post_feature":"","_kad_post_feature_position":"","_kad_post_header":false,"_kad_post_footer":false,"_kad_post_classname":""},"product_brand":[1962],"product_cat":[1628,1564,1563,1565,1562],"product_tag":[],"class_list":{"0":"post-398591","1":"product","2":"type-product","3":"status-publish","4":"has-post-thumbnail","6":"product_brand-dr-pawpaw","7":"product_cat-balsamuri-si-tratamente-pentru-buze","8":"product_cat-cosmetice-ingrijire-personala","9":"product_cat-ingrijire-personala","10":"product_cat-ingrijirea-pielii","11":"product_cat-sanatate-si-frumusete","12":"pa_gen-female","13":"pa_marime-3x10-ml","15":"first","16":"instock","17":"sale","18":"product-type-external","19":"entry","20":"content-bg","21":"loop-entry"},"acf":[],"yoast_head":"<!-- This site is optimized with the Yoast SEO plugin v27.4 - https:\/\/yoast.com\/product\/yoast-seo-wordpress\/ -->\n<title>Dr. Pawpaw Shimmering Trio Collection set cadou de buze - SHOPATOA.COM<\/title>\n<meta name=\"robots\" content=\"index, follow, max-snippet:-1, max-image-preview:large, max-video-preview:-1\" \/>\n<link rel=\"canonical\" href=\"https:\/\/shopatoa.com\/ro\/dr-pawpaw-shimmering-trio-collection-set-cadou-de-buze\/\" \/>\n<meta property=\"og:locale\" content=\"ro_RO\" \/>\n<meta property=\"og:type\" content=\"article\" \/>\n<meta property=\"og:title\" content=\"Dr. Pawpaw Shimmering Trio Collection set cadou de buze - SHOPATOA.COM\" \/>\n<meta property=\"og:description\" content=\"Dr. Pawpaw Shimmering Trio Collection, 3&#215;10 ml, Balsam pentru buze pentru femei, Pielea delicat\u0103 a buzelor este expus\u0103 \u00een fiecare zi la diver\u0219i factori de stres, de la contactul frecvent cu alimentele p\u00e2n\u0103 la condi\u021biile meteorologice nefavorabile. De aceea, merit\u0103 o \u00eengrijire special\u0103. Balsamul de buze Dr. Pawpaw Shimmering Trio Collection este un ajutor indispensabil...\" \/>\n<meta property=\"og:url\" content=\"https:\/\/shopatoa.com\/ro\/dr-pawpaw-shimmering-trio-collection-set-cadou-de-buze\/\" \/>\n<meta property=\"og:site_name\" content=\"SHOPATOA\" \/>\n<meta property=\"article:modified_time\" content=\"2025-10-15T06:36:14+00:00\" \/>\n<meta property=\"og:image\" content=\"https:\/\/storage.googleapis.com\/cz-shopatoa-img\/ro\/9f389906-unnamed-file.webp\" \/>\n\t<meta property=\"og:image:width\" content=\"800\" \/>\n\t<meta property=\"og:image:height\" content=\"800\" \/>\n\t<meta property=\"og:image:type\" content=\"image\/webp\" \/>\n<meta name=\"twitter:card\" content=\"summary_large_image\" \/>\n<meta name=\"twitter:label1\" content=\"Timp estimat pentru citire\" \/>\n\t<meta name=\"twitter:data1\" content=\"1 minut\" \/>\n<script type=\"application\/ld+json\" class=\"yoast-schema-graph\">{\"@context\":\"https:\\\/\\\/schema.org\",\"@graph\":[{\"@type\":\"WebPage\",\"@id\":\"https:\\\/\\\/shopatoa.com\\\/ro\\\/dr-pawpaw-shimmering-trio-collection-set-cadou-de-buze\\\/\",\"url\":\"https:\\\/\\\/shopatoa.com\\\/ro\\\/dr-pawpaw-shimmering-trio-collection-set-cadou-de-buze\\\/\",\"name\":\"Dr. Pawpaw Shimmering Trio Collection set cadou de buze - SHOPATOA.COM\",\"isPartOf\":{\"@id\":\"https:\\\/\\\/shopatoa.com\\\/ro\\\/#website\"},\"primaryImageOfPage\":{\"@id\":\"https:\\\/\\\/shopatoa.com\\\/ro\\\/dr-pawpaw-shimmering-trio-collection-set-cadou-de-buze\\\/#primaryimage\"},\"image\":{\"@id\":\"https:\\\/\\\/shopatoa.com\\\/ro\\\/dr-pawpaw-shimmering-trio-collection-set-cadou-de-buze\\\/#primaryimage\"},\"thumbnailUrl\":\"https:\\\/\\\/storage.googleapis.com\\\/cz-shopatoa-img\\\/ro\\\/9f389906-unnamed-file.webp\",\"datePublished\":\"2025-06-17T12:39:02+00:00\",\"dateModified\":\"2025-10-15T06:36:14+00:00\",\"breadcrumb\":{\"@id\":\"https:\\\/\\\/shopatoa.com\\\/ro\\\/dr-pawpaw-shimmering-trio-collection-set-cadou-de-buze\\\/#breadcrumb\"},\"inLanguage\":\"ro-RO\",\"potentialAction\":[{\"@type\":\"ReadAction\",\"target\":[\"https:\\\/\\\/shopatoa.com\\\/ro\\\/dr-pawpaw-shimmering-trio-collection-set-cadou-de-buze\\\/\"]}]},{\"@type\":\"ImageObject\",\"inLanguage\":\"ro-RO\",\"@id\":\"https:\\\/\\\/shopatoa.com\\\/ro\\\/dr-pawpaw-shimmering-trio-collection-set-cadou-de-buze\\\/#primaryimage\",\"url\":\"https:\\\/\\\/storage.googleapis.com\\\/cz-shopatoa-img\\\/ro\\\/9f389906-unnamed-file.webp\",\"contentUrl\":\"https:\\\/\\\/storage.googleapis.com\\\/cz-shopatoa-img\\\/ro\\\/9f389906-unnamed-file.webp\",\"width\":800,\"height\":800},{\"@type\":\"BreadcrumbList\",\"@id\":\"https:\\\/\\\/shopatoa.com\\\/ro\\\/dr-pawpaw-shimmering-trio-collection-set-cadou-de-buze\\\/#breadcrumb\",\"itemListElement\":[{\"@type\":\"ListItem\",\"position\":1,\"name\":\"Dom\u016f\",\"item\":\"https:\\\/\\\/shopatoa.com\\\/ro\\\/\"},{\"@type\":\"ListItem\",\"position\":2,\"name\":\"Shop\",\"item\":\"https:\\\/\\\/shopatoa.com\\\/ro\\\/shop\\\/\"},{\"@type\":\"ListItem\",\"position\":3,\"name\":\"S\u0103n\u0103tate \u0219i frumuse\u021be\",\"item\":\"https:\\\/\\\/shopatoa.com\\\/ro\\\/sanatate-si-frumusete\\\/\"},{\"@type\":\"ListItem\",\"position\":4,\"name\":\"\u00cengrijire personal\u0103\",\"item\":\"https:\\\/\\\/shopatoa.com\\\/ro\\\/ingrijire-personala\\\/\"},{\"@type\":\"ListItem\",\"position\":5,\"name\":\"Cosmetice\",\"item\":\"https:\\\/\\\/shopatoa.com\\\/ro\\\/cosmetice-ingrijire-personala\\\/\"},{\"@type\":\"ListItem\",\"position\":6,\"name\":\"\u00cengrijirea pielii\",\"item\":\"https:\\\/\\\/shopatoa.com\\\/ro\\\/ingrijirea-pielii\\\/\"},{\"@type\":\"ListItem\",\"position\":7,\"name\":\"Balsamuri \u0219i tratamente pentru buze\",\"item\":\"https:\\\/\\\/shopatoa.com\\\/ro\\\/balsamuri-si-tratamente-pentru-buze\\\/\"},{\"@type\":\"ListItem\",\"position\":8,\"name\":\"Dr. Pawpaw Shimmering Trio Collection set cadou de buze\"}]},{\"@type\":\"WebSite\",\"@id\":\"https:\\\/\\\/shopatoa.com\\\/ro\\\/#website\",\"url\":\"https:\\\/\\\/shopatoa.com\\\/ro\\\/\",\"name\":\"SHOPATOA\",\"description\":\"\",\"publisher\":{\"@id\":\"https:\\\/\\\/shopatoa.com\\\/ro\\\/#organization\"},\"potentialAction\":[{\"@type\":\"SearchAction\",\"target\":{\"@type\":\"EntryPoint\",\"urlTemplate\":\"https:\\\/\\\/shopatoa.com\\\/ro\\\/?s={search_term_string}\"},\"query-input\":{\"@type\":\"PropertyValueSpecification\",\"valueRequired\":true,\"valueName\":\"search_term_string\"}}],\"inLanguage\":\"ro-RO\"},{\"@type\":\"Organization\",\"@id\":\"https:\\\/\\\/shopatoa.com\\\/ro\\\/#organization\",\"name\":\"SHOPATOA\",\"url\":\"https:\\\/\\\/shopatoa.com\\\/ro\\\/\",\"logo\":{\"@type\":\"ImageObject\",\"inLanguage\":\"ro-RO\",\"@id\":\"https:\\\/\\\/shopatoa.com\\\/ro\\\/#\\\/schema\\\/logo\\\/image\\\/\",\"url\":\"https:\\\/\\\/storage.googleapis.com\\\/cz-shopatoa-img\\\/ro\\\/b4dac915-shopatoa_logo.png\",\"contentUrl\":\"https:\\\/\\\/storage.googleapis.com\\\/cz-shopatoa-img\\\/ro\\\/b4dac915-shopatoa_logo.png\",\"width\":416,\"height\":63,\"caption\":\"SHOPATOA\"},\"image\":{\"@id\":\"https:\\\/\\\/shopatoa.com\\\/ro\\\/#\\\/schema\\\/logo\\\/image\\\/\"}}]}<\/script>\n<!-- \/ Yoast SEO plugin. -->","yoast_head_json":{"title":"Dr. Pawpaw Shimmering Trio Collection set cadou de buze - SHOPATOA.COM","robots":{"index":"index","follow":"follow","max-snippet":"max-snippet:-1","max-image-preview":"max-image-preview:large","max-video-preview":"max-video-preview:-1"},"canonical":"https:\/\/shopatoa.com\/ro\/dr-pawpaw-shimmering-trio-collection-set-cadou-de-buze\/","og_locale":"ro_RO","og_type":"article","og_title":"Dr. Pawpaw Shimmering Trio Collection set cadou de buze - SHOPATOA.COM","og_description":"Dr. Pawpaw Shimmering Trio Collection, 3&#215;10 ml, Balsam pentru buze pentru femei, Pielea delicat\u0103 a buzelor este expus\u0103 \u00een fiecare zi la diver\u0219i factori de stres, de la contactul frecvent cu alimentele p\u00e2n\u0103 la condi\u021biile meteorologice nefavorabile. De aceea, merit\u0103 o \u00eengrijire special\u0103. Balsamul de buze Dr. Pawpaw Shimmering Trio Collection este un ajutor indispensabil...","og_url":"https:\/\/shopatoa.com\/ro\/dr-pawpaw-shimmering-trio-collection-set-cadou-de-buze\/","og_site_name":"SHOPATOA","article_modified_time":"2025-10-15T06:36:14+00:00","og_image":[{"width":800,"height":800,"url":"https:\/\/storage.googleapis.com\/cz-shopatoa-img\/ro\/9f389906-unnamed-file.webp","type":"image\/webp"}],"twitter_card":"summary_large_image","twitter_misc":{"Timp estimat pentru citire":"1 minut"},"schema":{"@context":"https:\/\/schema.org","@graph":[{"@type":"WebPage","@id":"https:\/\/shopatoa.com\/ro\/dr-pawpaw-shimmering-trio-collection-set-cadou-de-buze\/","url":"https:\/\/shopatoa.com\/ro\/dr-pawpaw-shimmering-trio-collection-set-cadou-de-buze\/","name":"Dr. Pawpaw Shimmering Trio Collection set cadou de buze - SHOPATOA.COM","isPartOf":{"@id":"https:\/\/shopatoa.com\/ro\/#website"},"primaryImageOfPage":{"@id":"https:\/\/shopatoa.com\/ro\/dr-pawpaw-shimmering-trio-collection-set-cadou-de-buze\/#primaryimage"},"image":{"@id":"https:\/\/shopatoa.com\/ro\/dr-pawpaw-shimmering-trio-collection-set-cadou-de-buze\/#primaryimage"},"thumbnailUrl":"https:\/\/storage.googleapis.com\/cz-shopatoa-img\/ro\/9f389906-unnamed-file.webp","datePublished":"2025-06-17T12:39:02+00:00","dateModified":"2025-10-15T06:36:14+00:00","breadcrumb":{"@id":"https:\/\/shopatoa.com\/ro\/dr-pawpaw-shimmering-trio-collection-set-cadou-de-buze\/#breadcrumb"},"inLanguage":"ro-RO","potentialAction":[{"@type":"ReadAction","target":["https:\/\/shopatoa.com\/ro\/dr-pawpaw-shimmering-trio-collection-set-cadou-de-buze\/"]}]},{"@type":"ImageObject","inLanguage":"ro-RO","@id":"https:\/\/shopatoa.com\/ro\/dr-pawpaw-shimmering-trio-collection-set-cadou-de-buze\/#primaryimage","url":"https:\/\/storage.googleapis.com\/cz-shopatoa-img\/ro\/9f389906-unnamed-file.webp","contentUrl":"https:\/\/storage.googleapis.com\/cz-shopatoa-img\/ro\/9f389906-unnamed-file.webp","width":800,"height":800},{"@type":"BreadcrumbList","@id":"https:\/\/shopatoa.com\/ro\/dr-pawpaw-shimmering-trio-collection-set-cadou-de-buze\/#breadcrumb","itemListElement":[{"@type":"ListItem","position":1,"name":"Dom\u016f","item":"https:\/\/shopatoa.com\/ro\/"},{"@type":"ListItem","position":2,"name":"Shop","item":"https:\/\/shopatoa.com\/ro\/shop\/"},{"@type":"ListItem","position":3,"name":"S\u0103n\u0103tate \u0219i frumuse\u021be","item":"https:\/\/shopatoa.com\/ro\/sanatate-si-frumusete\/"},{"@type":"ListItem","position":4,"name":"\u00cengrijire personal\u0103","item":"https:\/\/shopatoa.com\/ro\/ingrijire-personala\/"},{"@type":"ListItem","position":5,"name":"Cosmetice","item":"https:\/\/shopatoa.com\/ro\/cosmetice-ingrijire-personala\/"},{"@type":"ListItem","position":6,"name":"\u00cengrijirea pielii","item":"https:\/\/shopatoa.com\/ro\/ingrijirea-pielii\/"},{"@type":"ListItem","position":7,"name":"Balsamuri \u0219i tratamente pentru buze","item":"https:\/\/shopatoa.com\/ro\/balsamuri-si-tratamente-pentru-buze\/"},{"@type":"ListItem","position":8,"name":"Dr. Pawpaw Shimmering Trio Collection set cadou de buze"}]},{"@type":"WebSite","@id":"https:\/\/shopatoa.com\/ro\/#website","url":"https:\/\/shopatoa.com\/ro\/","name":"SHOPATOA","description":"","publisher":{"@id":"https:\/\/shopatoa.com\/ro\/#organization"},"potentialAction":[{"@type":"SearchAction","target":{"@type":"EntryPoint","urlTemplate":"https:\/\/shopatoa.com\/ro\/?s={search_term_string}"},"query-input":{"@type":"PropertyValueSpecification","valueRequired":true,"valueName":"search_term_string"}}],"inLanguage":"ro-RO"},{"@type":"Organization","@id":"https:\/\/shopatoa.com\/ro\/#organization","name":"SHOPATOA","url":"https:\/\/shopatoa.com\/ro\/","logo":{"@type":"ImageObject","inLanguage":"ro-RO","@id":"https:\/\/shopatoa.com\/ro\/#\/schema\/logo\/image\/","url":"https:\/\/storage.googleapis.com\/cz-shopatoa-img\/ro\/b4dac915-shopatoa_logo.png","contentUrl":"https:\/\/storage.googleapis.com\/cz-shopatoa-img\/ro\/b4dac915-shopatoa_logo.png","width":416,"height":63,"caption":"SHOPATOA"},"image":{"@id":"https:\/\/shopatoa.com\/ro\/#\/schema\/logo\/image\/"}}]}},"_links":{"self":[{"href":"https:\/\/shopatoa.com\/ro\/wp-json\/wp\/v2\/product\/398591","targetHints":{"allow":["GET"]}}],"collection":[{"href":"https:\/\/shopatoa.com\/ro\/wp-json\/wp\/v2\/product"}],"about":[{"href":"https:\/\/shopatoa.com\/ro\/wp-json\/wp\/v2\/types\/product"}],"replies":[{"embeddable":true,"href":"https:\/\/shopatoa.com\/ro\/wp-json\/wp\/v2\/comments?post=398591"}],"wp:featuredmedia":[{"embeddable":true,"href":"https:\/\/shopatoa.com\/ro\/wp-json\/wp\/v2\/media\/398592"}],"wp:attachment":[{"href":"https:\/\/shopatoa.com\/ro\/wp-json\/wp\/v2\/media?parent=398591"}],"wp:term":[{"taxonomy":"product_brand","embeddable":true,"href":"https:\/\/shopatoa.com\/ro\/wp-json\/wp\/v2\/product_brand?post=398591"},{"taxonomy":"product_cat","embeddable":true,"href":"https:\/\/shopatoa.com\/ro\/wp-json\/wp\/v2\/product_cat?post=398591"},{"taxonomy":"product_tag","embeddable":true,"href":"https:\/\/shopatoa.com\/ro\/wp-json\/wp\/v2\/product_tag?post=398591"}],"curies":[{"name":"wp","href":"https:\/\/api.w.org\/{rel}","templated":true}]}}