{"id":398693,"date":"2025-06-17T14:48:51","date_gmt":"2025-06-17T12:48:51","guid":{"rendered":"https:\/\/shopatoa.com\/ro\/olival-professional-crema-hidratanta-pentru-fata-si-gat-spf-50-50-ml\/"},"modified":"2025-12-10T13:23:10","modified_gmt":"2025-12-10T12:23:10","slug":"olival-professional-crema-hidratanta-pentru-fata-si-gat-spf-50-50-ml","status":"publish","type":"product","link":"https:\/\/shopatoa.com\/ro\/olival-professional-crema-hidratanta-pentru-fata-si-gat-spf-50-50-ml\/","title":{"rendered":"Olival Professional crem\u0103 hidratant\u0103 pentru fa\u021b\u0103 \u0219i g\u00e2t SPF 50 50 ml"},"content":{"rendered":"<p>Olival Professional, 50 ml, Protec\u021bie contra radia\u021biilor solare pentru femei, Produsul Olival Professional ofer\u0103 pielii \u00eengrijirea corect\u0103.  Caracteristici:  protejeaz\u0103 pielea fa\u021b\u0103 de radia\u021biile UVA \u0219i UVB fere\u0219te tenul de \u00eemb\u0103tr\u00e2nirea prematur\u0103 ofer\u0103 pielii hidratarea necesar\u0103 reducerea produc\u021biei excesive de sebum  Ingrediente:  produs vegan nu con\u021bine parfum  Cum se utilizeaz\u0103: Se aplic\u0103 pe pielea curat\u0103, cu mi\u0219c\u0103ri circulare \u0219i se maseaz\u0103 u\u0219or. Se aplic\u0103 pe fa\u021b\u0103, pe g\u00e2t \u0219i pe decolteu. Se repet\u0103 dac\u0103 este necesar, \u00een special dup\u0103 \u00eemb\u0103iere, \u00een caz de transpira\u021bie \u0219i dup\u0103 uscarea pielii cu prosopul.<\/p>\n","protected":false},"excerpt":{"rendered":"<p>Olival Professional, 50 ml, Protec\u021bie contra radia\u021biilor solare pentru femei, Produsul Olival Professional ofer\u0103 pielii \u00eengrijirea corect\u0103. Caracteristici: protejeaz\u0103 pielea fa\u021b\u0103 de radia\u021biile UVA \u0219i UVB fere\u0219te tenul de \u00eemb\u0103tr\u00e2nirea prematur\u0103 ofer\u0103 pielii hidratarea necesar\u0103 reducerea produc\u021biei excesive de sebum Ingrediente: produs vegan nu con\u021bine parfum Cum se utilizeaz\u0103: Se aplic\u0103 pe pielea curat\u0103, cu&#8230;<\/p>\n","protected":false},"featured_media":398694,"comment_status":"closed","ping_status":"open","template":"","meta":{"_acf_changed":false,"_kadence_starter_templates_imported_post":false,"_kad_post_transparent":"","_kad_post_title":"","_kad_post_layout":"","_kad_post_sidebar_id":"","_kad_post_content_style":"","_kad_post_vertical_padding":"","_kad_post_feature":"","_kad_post_feature_position":"","_kad_post_header":false,"_kad_post_footer":false,"_kad_post_classname":""},"product_brand":[2277],"product_cat":[1564,1563,1565,1562],"product_tag":[],"class_list":{"0":"post-398693","1":"product","2":"type-product","3":"status-publish","4":"has-post-thumbnail","6":"product_brand-olival","7":"product_cat-cosmetice-ingrijire-personala","8":"product_cat-ingrijire-personala","9":"product_cat-ingrijirea-pielii","10":"product_cat-sanatate-si-frumusete","11":"pa_gen-female","12":"pa_marime-50-ml","14":"first","15":"instock","16":"sale","17":"product-type-external","18":"entry","19":"content-bg","20":"loop-entry"},"acf":[],"yoast_head":"<!-- This site is optimized with the Yoast SEO plugin v27.4 - https:\/\/yoast.com\/product\/yoast-seo-wordpress\/ -->\n<title>Olival Professional crem\u0103 hidratant\u0103 pentru fa\u021b\u0103 \u0219i g\u00e2t SPF 50 50 ml - SHOPATOA.COM<\/title>\n<meta name=\"robots\" content=\"index, follow, max-snippet:-1, max-image-preview:large, max-video-preview:-1\" \/>\n<link rel=\"canonical\" href=\"https:\/\/shopatoa.com\/ro\/olival-professional-crema-hidratanta-pentru-fata-si-gat-spf-50-50-ml\/\" \/>\n<meta property=\"og:locale\" content=\"ro_RO\" \/>\n<meta property=\"og:type\" content=\"article\" \/>\n<meta property=\"og:title\" content=\"Olival Professional crem\u0103 hidratant\u0103 pentru fa\u021b\u0103 \u0219i g\u00e2t SPF 50 50 ml - SHOPATOA.COM\" \/>\n<meta property=\"og:description\" content=\"Olival Professional, 50 ml, Protec\u021bie contra radia\u021biilor solare pentru femei, Produsul Olival Professional ofer\u0103 pielii \u00eengrijirea corect\u0103. Caracteristici: protejeaz\u0103 pielea fa\u021b\u0103 de radia\u021biile UVA \u0219i UVB fere\u0219te tenul de \u00eemb\u0103tr\u00e2nirea prematur\u0103 ofer\u0103 pielii hidratarea necesar\u0103 reducerea produc\u021biei excesive de sebum Ingrediente: produs vegan nu con\u021bine parfum Cum se utilizeaz\u0103: Se aplic\u0103 pe pielea curat\u0103, cu...\" \/>\n<meta property=\"og:url\" content=\"https:\/\/shopatoa.com\/ro\/olival-professional-crema-hidratanta-pentru-fata-si-gat-spf-50-50-ml\/\" \/>\n<meta property=\"og:site_name\" content=\"SHOPATOA\" \/>\n<meta property=\"article:modified_time\" content=\"2025-12-10T12:23:10+00:00\" \/>\n<meta property=\"og:image\" content=\"https:\/\/storage.googleapis.com\/cz-shopatoa-img\/ro\/18321631-unnamed-file.webp\" \/>\n\t<meta property=\"og:image:width\" content=\"800\" \/>\n\t<meta property=\"og:image:height\" content=\"800\" \/>\n\t<meta property=\"og:image:type\" content=\"image\/webp\" \/>\n<meta name=\"twitter:card\" content=\"summary_large_image\" \/>\n<meta name=\"twitter:label1\" content=\"Timp estimat pentru citire\" \/>\n\t<meta name=\"twitter:data1\" content=\"1 minut\" \/>\n<script type=\"application\/ld+json\" class=\"yoast-schema-graph\">{\"@context\":\"https:\\\/\\\/schema.org\",\"@graph\":[{\"@type\":\"WebPage\",\"@id\":\"https:\\\/\\\/shopatoa.com\\\/ro\\\/olival-professional-crema-hidratanta-pentru-fata-si-gat-spf-50-50-ml\\\/\",\"url\":\"https:\\\/\\\/shopatoa.com\\\/ro\\\/olival-professional-crema-hidratanta-pentru-fata-si-gat-spf-50-50-ml\\\/\",\"name\":\"Olival Professional crem\u0103 hidratant\u0103 pentru fa\u021b\u0103 \u0219i g\u00e2t SPF 50 50 ml - SHOPATOA.COM\",\"isPartOf\":{\"@id\":\"https:\\\/\\\/shopatoa.com\\\/ro\\\/#website\"},\"primaryImageOfPage\":{\"@id\":\"https:\\\/\\\/shopatoa.com\\\/ro\\\/olival-professional-crema-hidratanta-pentru-fata-si-gat-spf-50-50-ml\\\/#primaryimage\"},\"image\":{\"@id\":\"https:\\\/\\\/shopatoa.com\\\/ro\\\/olival-professional-crema-hidratanta-pentru-fata-si-gat-spf-50-50-ml\\\/#primaryimage\"},\"thumbnailUrl\":\"https:\\\/\\\/storage.googleapis.com\\\/cz-shopatoa-img\\\/ro\\\/18321631-unnamed-file.webp\",\"datePublished\":\"2025-06-17T12:48:51+00:00\",\"dateModified\":\"2025-12-10T12:23:10+00:00\",\"breadcrumb\":{\"@id\":\"https:\\\/\\\/shopatoa.com\\\/ro\\\/olival-professional-crema-hidratanta-pentru-fata-si-gat-spf-50-50-ml\\\/#breadcrumb\"},\"inLanguage\":\"ro-RO\",\"potentialAction\":[{\"@type\":\"ReadAction\",\"target\":[\"https:\\\/\\\/shopatoa.com\\\/ro\\\/olival-professional-crema-hidratanta-pentru-fata-si-gat-spf-50-50-ml\\\/\"]}]},{\"@type\":\"ImageObject\",\"inLanguage\":\"ro-RO\",\"@id\":\"https:\\\/\\\/shopatoa.com\\\/ro\\\/olival-professional-crema-hidratanta-pentru-fata-si-gat-spf-50-50-ml\\\/#primaryimage\",\"url\":\"https:\\\/\\\/storage.googleapis.com\\\/cz-shopatoa-img\\\/ro\\\/18321631-unnamed-file.webp\",\"contentUrl\":\"https:\\\/\\\/storage.googleapis.com\\\/cz-shopatoa-img\\\/ro\\\/18321631-unnamed-file.webp\",\"width\":800,\"height\":800},{\"@type\":\"BreadcrumbList\",\"@id\":\"https:\\\/\\\/shopatoa.com\\\/ro\\\/olival-professional-crema-hidratanta-pentru-fata-si-gat-spf-50-50-ml\\\/#breadcrumb\",\"itemListElement\":[{\"@type\":\"ListItem\",\"position\":1,\"name\":\"Dom\u016f\",\"item\":\"https:\\\/\\\/shopatoa.com\\\/ro\\\/\"},{\"@type\":\"ListItem\",\"position\":2,\"name\":\"Shop\",\"item\":\"https:\\\/\\\/shopatoa.com\\\/ro\\\/shop\\\/\"},{\"@type\":\"ListItem\",\"position\":3,\"name\":\"S\u0103n\u0103tate \u0219i frumuse\u021be\",\"item\":\"https:\\\/\\\/shopatoa.com\\\/ro\\\/sanatate-si-frumusete\\\/\"},{\"@type\":\"ListItem\",\"position\":4,\"name\":\"\u00cengrijire personal\u0103\",\"item\":\"https:\\\/\\\/shopatoa.com\\\/ro\\\/ingrijire-personala\\\/\"},{\"@type\":\"ListItem\",\"position\":5,\"name\":\"Cosmetice\",\"item\":\"https:\\\/\\\/shopatoa.com\\\/ro\\\/cosmetice-ingrijire-personala\\\/\"},{\"@type\":\"ListItem\",\"position\":6,\"name\":\"\u00cengrijirea pielii\",\"item\":\"https:\\\/\\\/shopatoa.com\\\/ro\\\/ingrijirea-pielii\\\/\"},{\"@type\":\"ListItem\",\"position\":7,\"name\":\"Olival Professional crem\u0103 hidratant\u0103 pentru fa\u021b\u0103 \u0219i g\u00e2t SPF 50 50 ml\"}]},{\"@type\":\"WebSite\",\"@id\":\"https:\\\/\\\/shopatoa.com\\\/ro\\\/#website\",\"url\":\"https:\\\/\\\/shopatoa.com\\\/ro\\\/\",\"name\":\"SHOPATOA\",\"description\":\"\",\"publisher\":{\"@id\":\"https:\\\/\\\/shopatoa.com\\\/ro\\\/#organization\"},\"potentialAction\":[{\"@type\":\"SearchAction\",\"target\":{\"@type\":\"EntryPoint\",\"urlTemplate\":\"https:\\\/\\\/shopatoa.com\\\/ro\\\/?s={search_term_string}\"},\"query-input\":{\"@type\":\"PropertyValueSpecification\",\"valueRequired\":true,\"valueName\":\"search_term_string\"}}],\"inLanguage\":\"ro-RO\"},{\"@type\":\"Organization\",\"@id\":\"https:\\\/\\\/shopatoa.com\\\/ro\\\/#organization\",\"name\":\"SHOPATOA\",\"url\":\"https:\\\/\\\/shopatoa.com\\\/ro\\\/\",\"logo\":{\"@type\":\"ImageObject\",\"inLanguage\":\"ro-RO\",\"@id\":\"https:\\\/\\\/shopatoa.com\\\/ro\\\/#\\\/schema\\\/logo\\\/image\\\/\",\"url\":\"https:\\\/\\\/storage.googleapis.com\\\/cz-shopatoa-img\\\/ro\\\/b4dac915-shopatoa_logo.png\",\"contentUrl\":\"https:\\\/\\\/storage.googleapis.com\\\/cz-shopatoa-img\\\/ro\\\/b4dac915-shopatoa_logo.png\",\"width\":416,\"height\":63,\"caption\":\"SHOPATOA\"},\"image\":{\"@id\":\"https:\\\/\\\/shopatoa.com\\\/ro\\\/#\\\/schema\\\/logo\\\/image\\\/\"}}]}<\/script>\n<!-- \/ Yoast SEO plugin. -->","yoast_head_json":{"title":"Olival Professional crem\u0103 hidratant\u0103 pentru fa\u021b\u0103 \u0219i g\u00e2t SPF 50 50 ml - SHOPATOA.COM","robots":{"index":"index","follow":"follow","max-snippet":"max-snippet:-1","max-image-preview":"max-image-preview:large","max-video-preview":"max-video-preview:-1"},"canonical":"https:\/\/shopatoa.com\/ro\/olival-professional-crema-hidratanta-pentru-fata-si-gat-spf-50-50-ml\/","og_locale":"ro_RO","og_type":"article","og_title":"Olival Professional crem\u0103 hidratant\u0103 pentru fa\u021b\u0103 \u0219i g\u00e2t SPF 50 50 ml - SHOPATOA.COM","og_description":"Olival Professional, 50 ml, Protec\u021bie contra radia\u021biilor solare pentru femei, Produsul Olival Professional ofer\u0103 pielii \u00eengrijirea corect\u0103. Caracteristici: protejeaz\u0103 pielea fa\u021b\u0103 de radia\u021biile UVA \u0219i UVB fere\u0219te tenul de \u00eemb\u0103tr\u00e2nirea prematur\u0103 ofer\u0103 pielii hidratarea necesar\u0103 reducerea produc\u021biei excesive de sebum Ingrediente: produs vegan nu con\u021bine parfum Cum se utilizeaz\u0103: Se aplic\u0103 pe pielea curat\u0103, cu...","og_url":"https:\/\/shopatoa.com\/ro\/olival-professional-crema-hidratanta-pentru-fata-si-gat-spf-50-50-ml\/","og_site_name":"SHOPATOA","article_modified_time":"2025-12-10T12:23:10+00:00","og_image":[{"width":800,"height":800,"url":"https:\/\/storage.googleapis.com\/cz-shopatoa-img\/ro\/18321631-unnamed-file.webp","type":"image\/webp"}],"twitter_card":"summary_large_image","twitter_misc":{"Timp estimat pentru citire":"1 minut"},"schema":{"@context":"https:\/\/schema.org","@graph":[{"@type":"WebPage","@id":"https:\/\/shopatoa.com\/ro\/olival-professional-crema-hidratanta-pentru-fata-si-gat-spf-50-50-ml\/","url":"https:\/\/shopatoa.com\/ro\/olival-professional-crema-hidratanta-pentru-fata-si-gat-spf-50-50-ml\/","name":"Olival Professional crem\u0103 hidratant\u0103 pentru fa\u021b\u0103 \u0219i g\u00e2t SPF 50 50 ml - SHOPATOA.COM","isPartOf":{"@id":"https:\/\/shopatoa.com\/ro\/#website"},"primaryImageOfPage":{"@id":"https:\/\/shopatoa.com\/ro\/olival-professional-crema-hidratanta-pentru-fata-si-gat-spf-50-50-ml\/#primaryimage"},"image":{"@id":"https:\/\/shopatoa.com\/ro\/olival-professional-crema-hidratanta-pentru-fata-si-gat-spf-50-50-ml\/#primaryimage"},"thumbnailUrl":"https:\/\/storage.googleapis.com\/cz-shopatoa-img\/ro\/18321631-unnamed-file.webp","datePublished":"2025-06-17T12:48:51+00:00","dateModified":"2025-12-10T12:23:10+00:00","breadcrumb":{"@id":"https:\/\/shopatoa.com\/ro\/olival-professional-crema-hidratanta-pentru-fata-si-gat-spf-50-50-ml\/#breadcrumb"},"inLanguage":"ro-RO","potentialAction":[{"@type":"ReadAction","target":["https:\/\/shopatoa.com\/ro\/olival-professional-crema-hidratanta-pentru-fata-si-gat-spf-50-50-ml\/"]}]},{"@type":"ImageObject","inLanguage":"ro-RO","@id":"https:\/\/shopatoa.com\/ro\/olival-professional-crema-hidratanta-pentru-fata-si-gat-spf-50-50-ml\/#primaryimage","url":"https:\/\/storage.googleapis.com\/cz-shopatoa-img\/ro\/18321631-unnamed-file.webp","contentUrl":"https:\/\/storage.googleapis.com\/cz-shopatoa-img\/ro\/18321631-unnamed-file.webp","width":800,"height":800},{"@type":"BreadcrumbList","@id":"https:\/\/shopatoa.com\/ro\/olival-professional-crema-hidratanta-pentru-fata-si-gat-spf-50-50-ml\/#breadcrumb","itemListElement":[{"@type":"ListItem","position":1,"name":"Dom\u016f","item":"https:\/\/shopatoa.com\/ro\/"},{"@type":"ListItem","position":2,"name":"Shop","item":"https:\/\/shopatoa.com\/ro\/shop\/"},{"@type":"ListItem","position":3,"name":"S\u0103n\u0103tate \u0219i frumuse\u021be","item":"https:\/\/shopatoa.com\/ro\/sanatate-si-frumusete\/"},{"@type":"ListItem","position":4,"name":"\u00cengrijire personal\u0103","item":"https:\/\/shopatoa.com\/ro\/ingrijire-personala\/"},{"@type":"ListItem","position":5,"name":"Cosmetice","item":"https:\/\/shopatoa.com\/ro\/cosmetice-ingrijire-personala\/"},{"@type":"ListItem","position":6,"name":"\u00cengrijirea pielii","item":"https:\/\/shopatoa.com\/ro\/ingrijirea-pielii\/"},{"@type":"ListItem","position":7,"name":"Olival Professional crem\u0103 hidratant\u0103 pentru fa\u021b\u0103 \u0219i g\u00e2t SPF 50 50 ml"}]},{"@type":"WebSite","@id":"https:\/\/shopatoa.com\/ro\/#website","url":"https:\/\/shopatoa.com\/ro\/","name":"SHOPATOA","description":"","publisher":{"@id":"https:\/\/shopatoa.com\/ro\/#organization"},"potentialAction":[{"@type":"SearchAction","target":{"@type":"EntryPoint","urlTemplate":"https:\/\/shopatoa.com\/ro\/?s={search_term_string}"},"query-input":{"@type":"PropertyValueSpecification","valueRequired":true,"valueName":"search_term_string"}}],"inLanguage":"ro-RO"},{"@type":"Organization","@id":"https:\/\/shopatoa.com\/ro\/#organization","name":"SHOPATOA","url":"https:\/\/shopatoa.com\/ro\/","logo":{"@type":"ImageObject","inLanguage":"ro-RO","@id":"https:\/\/shopatoa.com\/ro\/#\/schema\/logo\/image\/","url":"https:\/\/storage.googleapis.com\/cz-shopatoa-img\/ro\/b4dac915-shopatoa_logo.png","contentUrl":"https:\/\/storage.googleapis.com\/cz-shopatoa-img\/ro\/b4dac915-shopatoa_logo.png","width":416,"height":63,"caption":"SHOPATOA"},"image":{"@id":"https:\/\/shopatoa.com\/ro\/#\/schema\/logo\/image\/"}}]}},"_links":{"self":[{"href":"https:\/\/shopatoa.com\/ro\/wp-json\/wp\/v2\/product\/398693","targetHints":{"allow":["GET"]}}],"collection":[{"href":"https:\/\/shopatoa.com\/ro\/wp-json\/wp\/v2\/product"}],"about":[{"href":"https:\/\/shopatoa.com\/ro\/wp-json\/wp\/v2\/types\/product"}],"replies":[{"embeddable":true,"href":"https:\/\/shopatoa.com\/ro\/wp-json\/wp\/v2\/comments?post=398693"}],"wp:featuredmedia":[{"embeddable":true,"href":"https:\/\/shopatoa.com\/ro\/wp-json\/wp\/v2\/media\/398694"}],"wp:attachment":[{"href":"https:\/\/shopatoa.com\/ro\/wp-json\/wp\/v2\/media?parent=398693"}],"wp:term":[{"taxonomy":"product_brand","embeddable":true,"href":"https:\/\/shopatoa.com\/ro\/wp-json\/wp\/v2\/product_brand?post=398693"},{"taxonomy":"product_cat","embeddable":true,"href":"https:\/\/shopatoa.com\/ro\/wp-json\/wp\/v2\/product_cat?post=398693"},{"taxonomy":"product_tag","embeddable":true,"href":"https:\/\/shopatoa.com\/ro\/wp-json\/wp\/v2\/product_tag?post=398693"}],"curies":[{"name":"wp","href":"https:\/\/api.w.org\/{rel}","templated":true}]}}