{"id":398830,"date":"2025-06-17T15:01:46","date_gmt":"2025-06-17T13:01:46","guid":{"rendered":"https:\/\/shopatoa.com\/ro\/no-inhibition-styling-strong-hold-gel-gel-de-par-pentru-fixare-si-forma-200-ml\/"},"modified":"2025-12-10T11:55:47","modified_gmt":"2025-12-10T10:55:47","slug":"no-inhibition-styling-strong-hold-gel-gel-de-par-pentru-fixare-si-forma-200-ml","status":"publish","type":"product","link":"https:\/\/shopatoa.com\/ro\/no-inhibition-styling-strong-hold-gel-gel-de-par-pentru-fixare-si-forma-200-ml\/","title":{"rendered":"No Inhibition Styling Strong Hold Gel gel de par pentru fixare \u0219i form\u0103 200 ml"},"content":{"rendered":"<p>No Inhibition Styling Strong Hold Gel, 200 ml, Geluri de p\u0103r pentru femei, Atunci c\u00e2nd pieptenele, fixativul sau spray-ul de p\u0103r nu sunt de ajuns pentru a crea coafura dorit\u0103, vine \u00een ajutor gelul de p\u0103r No Inhibition Styling Strong Hold Gel. V\u0103 permite s\u0103 v\u0103 modela\u021bi p\u0103rul a\u0219a cum v\u0103 dori\u021bi \u0219i s\u0103 crea\u021bi un look perfect ca la salon. \u00cen plus, va asigura o fixare puternic\u0103 \u0219i rezisten\u021b\u0103, astfel \u00eenc\u00e2t fiecare \u0219uvi\u021b\u0103 s\u0103 r\u0103m\u00e2n\u0103 la locul ei, iar coafura dvs. s\u0103 reziste intact\u0103 \u00eentreaga zi.  Caracteristici:  creeaz\u0103 o coafur\u0103 perfect\u0103 pentru o coafur\u0103 care rezist\u0103 \u00eentreaga zi produs adecvat mai ales pentru p\u0103rul scurt u\u0219or de aplicat fixeaz\u0103 puternic  Cum se utilizeaz\u0103: Se aplic\u0103 pe p\u0103r \u0219i se modeleaz\u0103 stilul dorit. Se poate utiliza pe p\u0103rul uscat sau umed.<\/p>\n","protected":false},"excerpt":{"rendered":"<p>No Inhibition Styling Strong Hold Gel, 200 ml, Geluri de p\u0103r pentru femei, Atunci c\u00e2nd pieptenele, fixativul sau spray-ul de p\u0103r nu sunt de ajuns pentru a crea coafura dorit\u0103, vine \u00een ajutor gelul de p\u0103r No Inhibition Styling Strong Hold Gel. V\u0103 permite s\u0103 v\u0103 modela\u021bi p\u0103rul a\u0219a cum v\u0103 dori\u021bi \u0219i s\u0103 crea\u021bi&#8230;<\/p>\n","protected":false},"featured_media":398831,"comment_status":"closed","ping_status":"open","template":"","meta":{"_acf_changed":false,"_kadence_starter_templates_imported_post":false,"_kad_post_transparent":"","_kad_post_title":"","_kad_post_layout":"","_kad_post_sidebar_id":"","_kad_post_content_style":"","_kad_post_vertical_padding":"","_kad_post_feature":"","_kad_post_feature_position":"","_kad_post_header":false,"_kad_post_footer":false,"_kad_post_classname":""},"product_brand":[2463],"product_cat":[1563,1590,1633,1562],"product_tag":[],"class_list":{"0":"post-398830","1":"product","2":"type-product","3":"status-publish","4":"has-post-thumbnail","6":"product_brand-no-inhibition","7":"product_cat-ingrijire-personala","8":"product_cat-ingrijirea-parului","9":"product_cat-produse-de-coafare-a-parului","10":"product_cat-sanatate-si-frumusete","11":"pa_gen-female","12":"pa_marime-200-ml","14":"first","15":"instock","16":"product-type-external","17":"entry","18":"content-bg","19":"loop-entry"},"acf":[],"yoast_head":"<!-- This site is optimized with the Yoast SEO plugin v27.4 - https:\/\/yoast.com\/product\/yoast-seo-wordpress\/ -->\n<title>No Inhibition Styling Strong Hold Gel gel de par pentru fixare \u0219i form\u0103 200 ml - SHOPATOA.COM<\/title>\n<meta name=\"robots\" content=\"index, follow, max-snippet:-1, max-image-preview:large, max-video-preview:-1\" \/>\n<link rel=\"canonical\" href=\"https:\/\/shopatoa.com\/ro\/no-inhibition-styling-strong-hold-gel-gel-de-par-pentru-fixare-si-forma-200-ml\/\" \/>\n<meta property=\"og:locale\" content=\"ro_RO\" \/>\n<meta property=\"og:type\" content=\"article\" \/>\n<meta property=\"og:title\" content=\"No Inhibition Styling Strong Hold Gel gel de par pentru fixare \u0219i form\u0103 200 ml - SHOPATOA.COM\" \/>\n<meta property=\"og:description\" content=\"No Inhibition Styling Strong Hold Gel, 200 ml, Geluri de p\u0103r pentru femei, Atunci c\u00e2nd pieptenele, fixativul sau spray-ul de p\u0103r nu sunt de ajuns pentru a crea coafura dorit\u0103, vine \u00een ajutor gelul de p\u0103r No Inhibition Styling Strong Hold Gel. V\u0103 permite s\u0103 v\u0103 modela\u021bi p\u0103rul a\u0219a cum v\u0103 dori\u021bi \u0219i s\u0103 crea\u021bi...\" \/>\n<meta property=\"og:url\" content=\"https:\/\/shopatoa.com\/ro\/no-inhibition-styling-strong-hold-gel-gel-de-par-pentru-fixare-si-forma-200-ml\/\" \/>\n<meta property=\"og:site_name\" content=\"SHOPATOA\" \/>\n<meta property=\"article:modified_time\" content=\"2025-12-10T10:55:47+00:00\" \/>\n<meta property=\"og:image\" content=\"https:\/\/storage.googleapis.com\/cz-shopatoa-img\/ro\/32279ba8-.webp\" \/>\n\t<meta property=\"og:image:width\" content=\"800\" \/>\n\t<meta property=\"og:image:height\" content=\"800\" \/>\n\t<meta property=\"og:image:type\" content=\"image\/webp\" \/>\n<meta name=\"twitter:card\" content=\"summary_large_image\" \/>\n<meta name=\"twitter:label1\" content=\"Timp estimat pentru citire\" \/>\n\t<meta name=\"twitter:data1\" content=\"1 minut\" \/>\n<script type=\"application\/ld+json\" class=\"yoast-schema-graph\">{\"@context\":\"https:\\\/\\\/schema.org\",\"@graph\":[{\"@type\":\"WebPage\",\"@id\":\"https:\\\/\\\/shopatoa.com\\\/ro\\\/no-inhibition-styling-strong-hold-gel-gel-de-par-pentru-fixare-si-forma-200-ml\\\/\",\"url\":\"https:\\\/\\\/shopatoa.com\\\/ro\\\/no-inhibition-styling-strong-hold-gel-gel-de-par-pentru-fixare-si-forma-200-ml\\\/\",\"name\":\"No Inhibition Styling Strong Hold Gel gel de par pentru fixare \u0219i form\u0103 200 ml - SHOPATOA.COM\",\"isPartOf\":{\"@id\":\"https:\\\/\\\/shopatoa.com\\\/ro\\\/#website\"},\"primaryImageOfPage\":{\"@id\":\"https:\\\/\\\/shopatoa.com\\\/ro\\\/no-inhibition-styling-strong-hold-gel-gel-de-par-pentru-fixare-si-forma-200-ml\\\/#primaryimage\"},\"image\":{\"@id\":\"https:\\\/\\\/shopatoa.com\\\/ro\\\/no-inhibition-styling-strong-hold-gel-gel-de-par-pentru-fixare-si-forma-200-ml\\\/#primaryimage\"},\"thumbnailUrl\":\"https:\\\/\\\/storage.googleapis.com\\\/cz-shopatoa-img\\\/ro\\\/32279ba8-.webp\",\"datePublished\":\"2025-06-17T13:01:46+00:00\",\"dateModified\":\"2025-12-10T10:55:47+00:00\",\"breadcrumb\":{\"@id\":\"https:\\\/\\\/shopatoa.com\\\/ro\\\/no-inhibition-styling-strong-hold-gel-gel-de-par-pentru-fixare-si-forma-200-ml\\\/#breadcrumb\"},\"inLanguage\":\"ro-RO\",\"potentialAction\":[{\"@type\":\"ReadAction\",\"target\":[\"https:\\\/\\\/shopatoa.com\\\/ro\\\/no-inhibition-styling-strong-hold-gel-gel-de-par-pentru-fixare-si-forma-200-ml\\\/\"]}]},{\"@type\":\"ImageObject\",\"inLanguage\":\"ro-RO\",\"@id\":\"https:\\\/\\\/shopatoa.com\\\/ro\\\/no-inhibition-styling-strong-hold-gel-gel-de-par-pentru-fixare-si-forma-200-ml\\\/#primaryimage\",\"url\":\"https:\\\/\\\/storage.googleapis.com\\\/cz-shopatoa-img\\\/ro\\\/32279ba8-.webp\",\"contentUrl\":\"https:\\\/\\\/storage.googleapis.com\\\/cz-shopatoa-img\\\/ro\\\/32279ba8-.webp\",\"width\":800,\"height\":800},{\"@type\":\"BreadcrumbList\",\"@id\":\"https:\\\/\\\/shopatoa.com\\\/ro\\\/no-inhibition-styling-strong-hold-gel-gel-de-par-pentru-fixare-si-forma-200-ml\\\/#breadcrumb\",\"itemListElement\":[{\"@type\":\"ListItem\",\"position\":1,\"name\":\"Dom\u016f\",\"item\":\"https:\\\/\\\/shopatoa.com\\\/ro\\\/\"},{\"@type\":\"ListItem\",\"position\":2,\"name\":\"Shop\",\"item\":\"https:\\\/\\\/shopatoa.com\\\/ro\\\/shop\\\/\"},{\"@type\":\"ListItem\",\"position\":3,\"name\":\"S\u0103n\u0103tate \u0219i frumuse\u021be\",\"item\":\"https:\\\/\\\/shopatoa.com\\\/ro\\\/sanatate-si-frumusete\\\/\"},{\"@type\":\"ListItem\",\"position\":4,\"name\":\"\u00cengrijire personal\u0103\",\"item\":\"https:\\\/\\\/shopatoa.com\\\/ro\\\/ingrijire-personala\\\/\"},{\"@type\":\"ListItem\",\"position\":5,\"name\":\"\u00cengrijirea p\u0103rului\",\"item\":\"https:\\\/\\\/shopatoa.com\\\/ro\\\/ingrijirea-parului\\\/\"},{\"@type\":\"ListItem\",\"position\":6,\"name\":\"Produse de coafare a p\u0103rului\",\"item\":\"https:\\\/\\\/shopatoa.com\\\/ro\\\/produse-de-coafare-a-parului\\\/\"},{\"@type\":\"ListItem\",\"position\":7,\"name\":\"No Inhibition Styling Strong Hold Gel gel de par pentru fixare \u0219i form\u0103 200 ml\"}]},{\"@type\":\"WebSite\",\"@id\":\"https:\\\/\\\/shopatoa.com\\\/ro\\\/#website\",\"url\":\"https:\\\/\\\/shopatoa.com\\\/ro\\\/\",\"name\":\"SHOPATOA\",\"description\":\"\",\"publisher\":{\"@id\":\"https:\\\/\\\/shopatoa.com\\\/ro\\\/#organization\"},\"potentialAction\":[{\"@type\":\"SearchAction\",\"target\":{\"@type\":\"EntryPoint\",\"urlTemplate\":\"https:\\\/\\\/shopatoa.com\\\/ro\\\/?s={search_term_string}\"},\"query-input\":{\"@type\":\"PropertyValueSpecification\",\"valueRequired\":true,\"valueName\":\"search_term_string\"}}],\"inLanguage\":\"ro-RO\"},{\"@type\":\"Organization\",\"@id\":\"https:\\\/\\\/shopatoa.com\\\/ro\\\/#organization\",\"name\":\"SHOPATOA\",\"url\":\"https:\\\/\\\/shopatoa.com\\\/ro\\\/\",\"logo\":{\"@type\":\"ImageObject\",\"inLanguage\":\"ro-RO\",\"@id\":\"https:\\\/\\\/shopatoa.com\\\/ro\\\/#\\\/schema\\\/logo\\\/image\\\/\",\"url\":\"https:\\\/\\\/storage.googleapis.com\\\/cz-shopatoa-img\\\/ro\\\/b4dac915-shopatoa_logo.png\",\"contentUrl\":\"https:\\\/\\\/storage.googleapis.com\\\/cz-shopatoa-img\\\/ro\\\/b4dac915-shopatoa_logo.png\",\"width\":416,\"height\":63,\"caption\":\"SHOPATOA\"},\"image\":{\"@id\":\"https:\\\/\\\/shopatoa.com\\\/ro\\\/#\\\/schema\\\/logo\\\/image\\\/\"}}]}<\/script>\n<!-- \/ Yoast SEO plugin. -->","yoast_head_json":{"title":"No Inhibition Styling Strong Hold Gel gel de par pentru fixare \u0219i form\u0103 200 ml - SHOPATOA.COM","robots":{"index":"index","follow":"follow","max-snippet":"max-snippet:-1","max-image-preview":"max-image-preview:large","max-video-preview":"max-video-preview:-1"},"canonical":"https:\/\/shopatoa.com\/ro\/no-inhibition-styling-strong-hold-gel-gel-de-par-pentru-fixare-si-forma-200-ml\/","og_locale":"ro_RO","og_type":"article","og_title":"No Inhibition Styling Strong Hold Gel gel de par pentru fixare \u0219i form\u0103 200 ml - SHOPATOA.COM","og_description":"No Inhibition Styling Strong Hold Gel, 200 ml, Geluri de p\u0103r pentru femei, Atunci c\u00e2nd pieptenele, fixativul sau spray-ul de p\u0103r nu sunt de ajuns pentru a crea coafura dorit\u0103, vine \u00een ajutor gelul de p\u0103r No Inhibition Styling Strong Hold Gel. V\u0103 permite s\u0103 v\u0103 modela\u021bi p\u0103rul a\u0219a cum v\u0103 dori\u021bi \u0219i s\u0103 crea\u021bi...","og_url":"https:\/\/shopatoa.com\/ro\/no-inhibition-styling-strong-hold-gel-gel-de-par-pentru-fixare-si-forma-200-ml\/","og_site_name":"SHOPATOA","article_modified_time":"2025-12-10T10:55:47+00:00","og_image":[{"width":800,"height":800,"url":"https:\/\/storage.googleapis.com\/cz-shopatoa-img\/ro\/32279ba8-.webp","type":"image\/webp"}],"twitter_card":"summary_large_image","twitter_misc":{"Timp estimat pentru citire":"1 minut"},"schema":{"@context":"https:\/\/schema.org","@graph":[{"@type":"WebPage","@id":"https:\/\/shopatoa.com\/ro\/no-inhibition-styling-strong-hold-gel-gel-de-par-pentru-fixare-si-forma-200-ml\/","url":"https:\/\/shopatoa.com\/ro\/no-inhibition-styling-strong-hold-gel-gel-de-par-pentru-fixare-si-forma-200-ml\/","name":"No Inhibition Styling Strong Hold Gel gel de par pentru fixare \u0219i form\u0103 200 ml - SHOPATOA.COM","isPartOf":{"@id":"https:\/\/shopatoa.com\/ro\/#website"},"primaryImageOfPage":{"@id":"https:\/\/shopatoa.com\/ro\/no-inhibition-styling-strong-hold-gel-gel-de-par-pentru-fixare-si-forma-200-ml\/#primaryimage"},"image":{"@id":"https:\/\/shopatoa.com\/ro\/no-inhibition-styling-strong-hold-gel-gel-de-par-pentru-fixare-si-forma-200-ml\/#primaryimage"},"thumbnailUrl":"https:\/\/storage.googleapis.com\/cz-shopatoa-img\/ro\/32279ba8-.webp","datePublished":"2025-06-17T13:01:46+00:00","dateModified":"2025-12-10T10:55:47+00:00","breadcrumb":{"@id":"https:\/\/shopatoa.com\/ro\/no-inhibition-styling-strong-hold-gel-gel-de-par-pentru-fixare-si-forma-200-ml\/#breadcrumb"},"inLanguage":"ro-RO","potentialAction":[{"@type":"ReadAction","target":["https:\/\/shopatoa.com\/ro\/no-inhibition-styling-strong-hold-gel-gel-de-par-pentru-fixare-si-forma-200-ml\/"]}]},{"@type":"ImageObject","inLanguage":"ro-RO","@id":"https:\/\/shopatoa.com\/ro\/no-inhibition-styling-strong-hold-gel-gel-de-par-pentru-fixare-si-forma-200-ml\/#primaryimage","url":"https:\/\/storage.googleapis.com\/cz-shopatoa-img\/ro\/32279ba8-.webp","contentUrl":"https:\/\/storage.googleapis.com\/cz-shopatoa-img\/ro\/32279ba8-.webp","width":800,"height":800},{"@type":"BreadcrumbList","@id":"https:\/\/shopatoa.com\/ro\/no-inhibition-styling-strong-hold-gel-gel-de-par-pentru-fixare-si-forma-200-ml\/#breadcrumb","itemListElement":[{"@type":"ListItem","position":1,"name":"Dom\u016f","item":"https:\/\/shopatoa.com\/ro\/"},{"@type":"ListItem","position":2,"name":"Shop","item":"https:\/\/shopatoa.com\/ro\/shop\/"},{"@type":"ListItem","position":3,"name":"S\u0103n\u0103tate \u0219i frumuse\u021be","item":"https:\/\/shopatoa.com\/ro\/sanatate-si-frumusete\/"},{"@type":"ListItem","position":4,"name":"\u00cengrijire personal\u0103","item":"https:\/\/shopatoa.com\/ro\/ingrijire-personala\/"},{"@type":"ListItem","position":5,"name":"\u00cengrijirea p\u0103rului","item":"https:\/\/shopatoa.com\/ro\/ingrijirea-parului\/"},{"@type":"ListItem","position":6,"name":"Produse de coafare a p\u0103rului","item":"https:\/\/shopatoa.com\/ro\/produse-de-coafare-a-parului\/"},{"@type":"ListItem","position":7,"name":"No Inhibition Styling Strong Hold Gel gel de par pentru fixare \u0219i form\u0103 200 ml"}]},{"@type":"WebSite","@id":"https:\/\/shopatoa.com\/ro\/#website","url":"https:\/\/shopatoa.com\/ro\/","name":"SHOPATOA","description":"","publisher":{"@id":"https:\/\/shopatoa.com\/ro\/#organization"},"potentialAction":[{"@type":"SearchAction","target":{"@type":"EntryPoint","urlTemplate":"https:\/\/shopatoa.com\/ro\/?s={search_term_string}"},"query-input":{"@type":"PropertyValueSpecification","valueRequired":true,"valueName":"search_term_string"}}],"inLanguage":"ro-RO"},{"@type":"Organization","@id":"https:\/\/shopatoa.com\/ro\/#organization","name":"SHOPATOA","url":"https:\/\/shopatoa.com\/ro\/","logo":{"@type":"ImageObject","inLanguage":"ro-RO","@id":"https:\/\/shopatoa.com\/ro\/#\/schema\/logo\/image\/","url":"https:\/\/storage.googleapis.com\/cz-shopatoa-img\/ro\/b4dac915-shopatoa_logo.png","contentUrl":"https:\/\/storage.googleapis.com\/cz-shopatoa-img\/ro\/b4dac915-shopatoa_logo.png","width":416,"height":63,"caption":"SHOPATOA"},"image":{"@id":"https:\/\/shopatoa.com\/ro\/#\/schema\/logo\/image\/"}}]}},"_links":{"self":[{"href":"https:\/\/shopatoa.com\/ro\/wp-json\/wp\/v2\/product\/398830","targetHints":{"allow":["GET"]}}],"collection":[{"href":"https:\/\/shopatoa.com\/ro\/wp-json\/wp\/v2\/product"}],"about":[{"href":"https:\/\/shopatoa.com\/ro\/wp-json\/wp\/v2\/types\/product"}],"replies":[{"embeddable":true,"href":"https:\/\/shopatoa.com\/ro\/wp-json\/wp\/v2\/comments?post=398830"}],"wp:featuredmedia":[{"embeddable":true,"href":"https:\/\/shopatoa.com\/ro\/wp-json\/wp\/v2\/media\/398831"}],"wp:attachment":[{"href":"https:\/\/shopatoa.com\/ro\/wp-json\/wp\/v2\/media?parent=398830"}],"wp:term":[{"taxonomy":"product_brand","embeddable":true,"href":"https:\/\/shopatoa.com\/ro\/wp-json\/wp\/v2\/product_brand?post=398830"},{"taxonomy":"product_cat","embeddable":true,"href":"https:\/\/shopatoa.com\/ro\/wp-json\/wp\/v2\/product_cat?post=398830"},{"taxonomy":"product_tag","embeddable":true,"href":"https:\/\/shopatoa.com\/ro\/wp-json\/wp\/v2\/product_tag?post=398830"}],"curies":[{"name":"wp","href":"https:\/\/api.w.org\/{rel}","templated":true}]}}