{"id":398878,"date":"2025-06-17T15:08:16","date_gmt":"2025-06-17T13:08:16","guid":{"rendered":"https:\/\/shopatoa.com\/ro\/zoe-ayla-rose-quartz-facial-roller-and-gua-sha-tool-set-cadou-faciale\/"},"modified":"2025-12-10T11:44:26","modified_gmt":"2025-12-10T10:44:26","slug":"zoe-ayla-rose-quartz-facial-roller-and-gua-sha-tool-set-cadou-faciale","status":"publish","type":"product","link":"https:\/\/shopatoa.com\/ro\/zoe-ayla-rose-quartz-facial-roller-and-gua-sha-tool-set-cadou-faciale\/","title":{"rendered":"Zo\u00eb Ayla Rose Quartz Facial Roller And Gua Sha Tool set cadou faciale"},"content":{"rendered":"<p>Zo\u00eb Ayla Rose Quartz Facial Roller And Gua Sha Tool, 2 buc, Accesorii pentru femei, \u00cengrijirea tenului nu \u00eenseamn\u0103 doar creme, seruri, tonice, geluri \u0219i lo\u021biuni exfoliante. Rutina dvs. poate fi \u00eembun\u0103t\u0103\u021bit\u0103 prin diverse tipuri de accesorii cosmetice speciale. Articolul Zo\u00eb Ayla Rose Quartz Facial Roller And Gua Sha Tool completeaz\u0103 perfect produsele pe care le folosi\u021bi deja \u00een rutina dvs. \u0219i ofer\u0103 un ten cu aspect mai frumos.  Setul con\u021bine:  Gua Sha Stone accesoriu de masaj faciale 1 buc Facial Roller rol\u0103 pentru masaj faciale 1 buc  Caracteristici:  pentru a restabili fermitatea tenului<\/p>\n","protected":false},"excerpt":{"rendered":"<p>Zo\u00eb Ayla Rose Quartz Facial Roller And Gua Sha Tool, 2 buc, Accesorii pentru femei, \u00cengrijirea tenului nu \u00eenseamn\u0103 doar creme, seruri, tonice, geluri \u0219i lo\u021biuni exfoliante. Rutina dvs. poate fi \u00eembun\u0103t\u0103\u021bit\u0103 prin diverse tipuri de accesorii cosmetice speciale. Articolul Zo\u00eb Ayla Rose Quartz Facial Roller And Gua Sha Tool completeaz\u0103 perfect produsele pe care&#8230;<\/p>\n","protected":false},"featured_media":398879,"comment_status":"closed","ping_status":"open","template":"","meta":{"_acf_changed":false,"_kadence_starter_templates_imported_post":false,"_kad_post_transparent":"","_kad_post_title":"","_kad_post_layout":"","_kad_post_sidebar_id":"","_kad_post_content_style":"","_kad_post_vertical_padding":"","_kad_post_feature":"","_kad_post_feature_position":"","_kad_post_header":false,"_kad_post_footer":false,"_kad_post_classname":""},"product_brand":[2850],"product_cat":[1564,1563,1562,1651],"product_tag":[],"class_list":{"0":"post-398878","1":"product","2":"type-product","3":"status-publish","4":"has-post-thumbnail","6":"product_brand-zoe-ayla","7":"product_cat-cosmetice-ingrijire-personala","8":"product_cat-ingrijire-personala","9":"product_cat-sanatate-si-frumusete","10":"product_cat-seturi-cosmetice","11":"pa_gen-female","12":"pa_marime-2-buc","14":"first","15":"instock","16":"sale","17":"product-type-external","18":"entry","19":"content-bg","20":"loop-entry"},"acf":[],"yoast_head":"<!-- This site is optimized with the Yoast SEO plugin v27.4 - https:\/\/yoast.com\/product\/yoast-seo-wordpress\/ -->\n<title>Zo\u00eb Ayla Rose Quartz Facial Roller And Gua Sha Tool set cadou faciale - SHOPATOA.COM<\/title>\n<meta name=\"robots\" content=\"index, follow, max-snippet:-1, max-image-preview:large, max-video-preview:-1\" \/>\n<link rel=\"canonical\" href=\"https:\/\/shopatoa.com\/ro\/zoe-ayla-rose-quartz-facial-roller-and-gua-sha-tool-set-cadou-faciale\/\" \/>\n<meta property=\"og:locale\" content=\"ro_RO\" \/>\n<meta property=\"og:type\" content=\"article\" \/>\n<meta property=\"og:title\" content=\"Zo\u00eb Ayla Rose Quartz Facial Roller And Gua Sha Tool set cadou faciale - SHOPATOA.COM\" \/>\n<meta property=\"og:description\" content=\"Zo\u00eb Ayla Rose Quartz Facial Roller And Gua Sha Tool, 2 buc, Accesorii pentru femei, \u00cengrijirea tenului nu \u00eenseamn\u0103 doar creme, seruri, tonice, geluri \u0219i lo\u021biuni exfoliante. Rutina dvs. poate fi \u00eembun\u0103t\u0103\u021bit\u0103 prin diverse tipuri de accesorii cosmetice speciale. Articolul Zo\u00eb Ayla Rose Quartz Facial Roller And Gua Sha Tool completeaz\u0103 perfect produsele pe care...\" \/>\n<meta property=\"og:url\" content=\"https:\/\/shopatoa.com\/ro\/zoe-ayla-rose-quartz-facial-roller-and-gua-sha-tool-set-cadou-faciale\/\" \/>\n<meta property=\"og:site_name\" content=\"SHOPATOA\" \/>\n<meta property=\"article:modified_time\" content=\"2025-12-10T10:44:26+00:00\" \/>\n<meta property=\"og:image\" content=\"https:\/\/storage.googleapis.com\/cz-shopatoa-img\/ro\/4c39aded-unnamed-file.webp\" \/>\n\t<meta property=\"og:image:width\" content=\"800\" \/>\n\t<meta property=\"og:image:height\" content=\"800\" \/>\n\t<meta property=\"og:image:type\" content=\"image\/webp\" \/>\n<meta name=\"twitter:card\" content=\"summary_large_image\" \/>\n<script type=\"application\/ld+json\" class=\"yoast-schema-graph\">{\"@context\":\"https:\\\/\\\/schema.org\",\"@graph\":[{\"@type\":\"WebPage\",\"@id\":\"https:\\\/\\\/shopatoa.com\\\/ro\\\/zoe-ayla-rose-quartz-facial-roller-and-gua-sha-tool-set-cadou-faciale\\\/\",\"url\":\"https:\\\/\\\/shopatoa.com\\\/ro\\\/zoe-ayla-rose-quartz-facial-roller-and-gua-sha-tool-set-cadou-faciale\\\/\",\"name\":\"Zo\u00eb Ayla Rose Quartz Facial Roller And Gua Sha Tool set cadou faciale - SHOPATOA.COM\",\"isPartOf\":{\"@id\":\"https:\\\/\\\/shopatoa.com\\\/ro\\\/#website\"},\"primaryImageOfPage\":{\"@id\":\"https:\\\/\\\/shopatoa.com\\\/ro\\\/zoe-ayla-rose-quartz-facial-roller-and-gua-sha-tool-set-cadou-faciale\\\/#primaryimage\"},\"image\":{\"@id\":\"https:\\\/\\\/shopatoa.com\\\/ro\\\/zoe-ayla-rose-quartz-facial-roller-and-gua-sha-tool-set-cadou-faciale\\\/#primaryimage\"},\"thumbnailUrl\":\"https:\\\/\\\/storage.googleapis.com\\\/cz-shopatoa-img\\\/ro\\\/4c39aded-unnamed-file.webp\",\"datePublished\":\"2025-06-17T13:08:16+00:00\",\"dateModified\":\"2025-12-10T10:44:26+00:00\",\"breadcrumb\":{\"@id\":\"https:\\\/\\\/shopatoa.com\\\/ro\\\/zoe-ayla-rose-quartz-facial-roller-and-gua-sha-tool-set-cadou-faciale\\\/#breadcrumb\"},\"inLanguage\":\"ro-RO\",\"potentialAction\":[{\"@type\":\"ReadAction\",\"target\":[\"https:\\\/\\\/shopatoa.com\\\/ro\\\/zoe-ayla-rose-quartz-facial-roller-and-gua-sha-tool-set-cadou-faciale\\\/\"]}]},{\"@type\":\"ImageObject\",\"inLanguage\":\"ro-RO\",\"@id\":\"https:\\\/\\\/shopatoa.com\\\/ro\\\/zoe-ayla-rose-quartz-facial-roller-and-gua-sha-tool-set-cadou-faciale\\\/#primaryimage\",\"url\":\"https:\\\/\\\/storage.googleapis.com\\\/cz-shopatoa-img\\\/ro\\\/4c39aded-unnamed-file.webp\",\"contentUrl\":\"https:\\\/\\\/storage.googleapis.com\\\/cz-shopatoa-img\\\/ro\\\/4c39aded-unnamed-file.webp\",\"width\":800,\"height\":800},{\"@type\":\"BreadcrumbList\",\"@id\":\"https:\\\/\\\/shopatoa.com\\\/ro\\\/zoe-ayla-rose-quartz-facial-roller-and-gua-sha-tool-set-cadou-faciale\\\/#breadcrumb\",\"itemListElement\":[{\"@type\":\"ListItem\",\"position\":1,\"name\":\"Dom\u016f\",\"item\":\"https:\\\/\\\/shopatoa.com\\\/ro\\\/\"},{\"@type\":\"ListItem\",\"position\":2,\"name\":\"Shop\",\"item\":\"https:\\\/\\\/shopatoa.com\\\/ro\\\/shop\\\/\"},{\"@type\":\"ListItem\",\"position\":3,\"name\":\"S\u0103n\u0103tate \u0219i frumuse\u021be\",\"item\":\"https:\\\/\\\/shopatoa.com\\\/ro\\\/sanatate-si-frumusete\\\/\"},{\"@type\":\"ListItem\",\"position\":4,\"name\":\"\u00cengrijire personal\u0103\",\"item\":\"https:\\\/\\\/shopatoa.com\\\/ro\\\/ingrijire-personala\\\/\"},{\"@type\":\"ListItem\",\"position\":5,\"name\":\"Cosmetice\",\"item\":\"https:\\\/\\\/shopatoa.com\\\/ro\\\/cosmetice-ingrijire-personala\\\/\"},{\"@type\":\"ListItem\",\"position\":6,\"name\":\"Seturi cosmetice\",\"item\":\"https:\\\/\\\/shopatoa.com\\\/ro\\\/seturi-cosmetice\\\/\"},{\"@type\":\"ListItem\",\"position\":7,\"name\":\"Zo\u00eb Ayla Rose Quartz Facial Roller And Gua Sha Tool set cadou faciale\"}]},{\"@type\":\"WebSite\",\"@id\":\"https:\\\/\\\/shopatoa.com\\\/ro\\\/#website\",\"url\":\"https:\\\/\\\/shopatoa.com\\\/ro\\\/\",\"name\":\"SHOPATOA\",\"description\":\"\",\"publisher\":{\"@id\":\"https:\\\/\\\/shopatoa.com\\\/ro\\\/#organization\"},\"potentialAction\":[{\"@type\":\"SearchAction\",\"target\":{\"@type\":\"EntryPoint\",\"urlTemplate\":\"https:\\\/\\\/shopatoa.com\\\/ro\\\/?s={search_term_string}\"},\"query-input\":{\"@type\":\"PropertyValueSpecification\",\"valueRequired\":true,\"valueName\":\"search_term_string\"}}],\"inLanguage\":\"ro-RO\"},{\"@type\":\"Organization\",\"@id\":\"https:\\\/\\\/shopatoa.com\\\/ro\\\/#organization\",\"name\":\"SHOPATOA\",\"url\":\"https:\\\/\\\/shopatoa.com\\\/ro\\\/\",\"logo\":{\"@type\":\"ImageObject\",\"inLanguage\":\"ro-RO\",\"@id\":\"https:\\\/\\\/shopatoa.com\\\/ro\\\/#\\\/schema\\\/logo\\\/image\\\/\",\"url\":\"https:\\\/\\\/storage.googleapis.com\\\/cz-shopatoa-img\\\/ro\\\/b4dac915-shopatoa_logo.png\",\"contentUrl\":\"https:\\\/\\\/storage.googleapis.com\\\/cz-shopatoa-img\\\/ro\\\/b4dac915-shopatoa_logo.png\",\"width\":416,\"height\":63,\"caption\":\"SHOPATOA\"},\"image\":{\"@id\":\"https:\\\/\\\/shopatoa.com\\\/ro\\\/#\\\/schema\\\/logo\\\/image\\\/\"}}]}<\/script>\n<!-- \/ Yoast SEO plugin. -->","yoast_head_json":{"title":"Zo\u00eb Ayla Rose Quartz Facial Roller And Gua Sha Tool set cadou faciale - SHOPATOA.COM","robots":{"index":"index","follow":"follow","max-snippet":"max-snippet:-1","max-image-preview":"max-image-preview:large","max-video-preview":"max-video-preview:-1"},"canonical":"https:\/\/shopatoa.com\/ro\/zoe-ayla-rose-quartz-facial-roller-and-gua-sha-tool-set-cadou-faciale\/","og_locale":"ro_RO","og_type":"article","og_title":"Zo\u00eb Ayla Rose Quartz Facial Roller And Gua Sha Tool set cadou faciale - SHOPATOA.COM","og_description":"Zo\u00eb Ayla Rose Quartz Facial Roller And Gua Sha Tool, 2 buc, Accesorii pentru femei, \u00cengrijirea tenului nu \u00eenseamn\u0103 doar creme, seruri, tonice, geluri \u0219i lo\u021biuni exfoliante. Rutina dvs. poate fi \u00eembun\u0103t\u0103\u021bit\u0103 prin diverse tipuri de accesorii cosmetice speciale. Articolul Zo\u00eb Ayla Rose Quartz Facial Roller And Gua Sha Tool completeaz\u0103 perfect produsele pe care...","og_url":"https:\/\/shopatoa.com\/ro\/zoe-ayla-rose-quartz-facial-roller-and-gua-sha-tool-set-cadou-faciale\/","og_site_name":"SHOPATOA","article_modified_time":"2025-12-10T10:44:26+00:00","og_image":[{"width":800,"height":800,"url":"https:\/\/storage.googleapis.com\/cz-shopatoa-img\/ro\/4c39aded-unnamed-file.webp","type":"image\/webp"}],"twitter_card":"summary_large_image","schema":{"@context":"https:\/\/schema.org","@graph":[{"@type":"WebPage","@id":"https:\/\/shopatoa.com\/ro\/zoe-ayla-rose-quartz-facial-roller-and-gua-sha-tool-set-cadou-faciale\/","url":"https:\/\/shopatoa.com\/ro\/zoe-ayla-rose-quartz-facial-roller-and-gua-sha-tool-set-cadou-faciale\/","name":"Zo\u00eb Ayla Rose Quartz Facial Roller And Gua Sha Tool set cadou faciale - SHOPATOA.COM","isPartOf":{"@id":"https:\/\/shopatoa.com\/ro\/#website"},"primaryImageOfPage":{"@id":"https:\/\/shopatoa.com\/ro\/zoe-ayla-rose-quartz-facial-roller-and-gua-sha-tool-set-cadou-faciale\/#primaryimage"},"image":{"@id":"https:\/\/shopatoa.com\/ro\/zoe-ayla-rose-quartz-facial-roller-and-gua-sha-tool-set-cadou-faciale\/#primaryimage"},"thumbnailUrl":"https:\/\/storage.googleapis.com\/cz-shopatoa-img\/ro\/4c39aded-unnamed-file.webp","datePublished":"2025-06-17T13:08:16+00:00","dateModified":"2025-12-10T10:44:26+00:00","breadcrumb":{"@id":"https:\/\/shopatoa.com\/ro\/zoe-ayla-rose-quartz-facial-roller-and-gua-sha-tool-set-cadou-faciale\/#breadcrumb"},"inLanguage":"ro-RO","potentialAction":[{"@type":"ReadAction","target":["https:\/\/shopatoa.com\/ro\/zoe-ayla-rose-quartz-facial-roller-and-gua-sha-tool-set-cadou-faciale\/"]}]},{"@type":"ImageObject","inLanguage":"ro-RO","@id":"https:\/\/shopatoa.com\/ro\/zoe-ayla-rose-quartz-facial-roller-and-gua-sha-tool-set-cadou-faciale\/#primaryimage","url":"https:\/\/storage.googleapis.com\/cz-shopatoa-img\/ro\/4c39aded-unnamed-file.webp","contentUrl":"https:\/\/storage.googleapis.com\/cz-shopatoa-img\/ro\/4c39aded-unnamed-file.webp","width":800,"height":800},{"@type":"BreadcrumbList","@id":"https:\/\/shopatoa.com\/ro\/zoe-ayla-rose-quartz-facial-roller-and-gua-sha-tool-set-cadou-faciale\/#breadcrumb","itemListElement":[{"@type":"ListItem","position":1,"name":"Dom\u016f","item":"https:\/\/shopatoa.com\/ro\/"},{"@type":"ListItem","position":2,"name":"Shop","item":"https:\/\/shopatoa.com\/ro\/shop\/"},{"@type":"ListItem","position":3,"name":"S\u0103n\u0103tate \u0219i frumuse\u021be","item":"https:\/\/shopatoa.com\/ro\/sanatate-si-frumusete\/"},{"@type":"ListItem","position":4,"name":"\u00cengrijire personal\u0103","item":"https:\/\/shopatoa.com\/ro\/ingrijire-personala\/"},{"@type":"ListItem","position":5,"name":"Cosmetice","item":"https:\/\/shopatoa.com\/ro\/cosmetice-ingrijire-personala\/"},{"@type":"ListItem","position":6,"name":"Seturi cosmetice","item":"https:\/\/shopatoa.com\/ro\/seturi-cosmetice\/"},{"@type":"ListItem","position":7,"name":"Zo\u00eb Ayla Rose Quartz Facial Roller And Gua Sha Tool set cadou faciale"}]},{"@type":"WebSite","@id":"https:\/\/shopatoa.com\/ro\/#website","url":"https:\/\/shopatoa.com\/ro\/","name":"SHOPATOA","description":"","publisher":{"@id":"https:\/\/shopatoa.com\/ro\/#organization"},"potentialAction":[{"@type":"SearchAction","target":{"@type":"EntryPoint","urlTemplate":"https:\/\/shopatoa.com\/ro\/?s={search_term_string}"},"query-input":{"@type":"PropertyValueSpecification","valueRequired":true,"valueName":"search_term_string"}}],"inLanguage":"ro-RO"},{"@type":"Organization","@id":"https:\/\/shopatoa.com\/ro\/#organization","name":"SHOPATOA","url":"https:\/\/shopatoa.com\/ro\/","logo":{"@type":"ImageObject","inLanguage":"ro-RO","@id":"https:\/\/shopatoa.com\/ro\/#\/schema\/logo\/image\/","url":"https:\/\/storage.googleapis.com\/cz-shopatoa-img\/ro\/b4dac915-shopatoa_logo.png","contentUrl":"https:\/\/storage.googleapis.com\/cz-shopatoa-img\/ro\/b4dac915-shopatoa_logo.png","width":416,"height":63,"caption":"SHOPATOA"},"image":{"@id":"https:\/\/shopatoa.com\/ro\/#\/schema\/logo\/image\/"}}]}},"_links":{"self":[{"href":"https:\/\/shopatoa.com\/ro\/wp-json\/wp\/v2\/product\/398878","targetHints":{"allow":["GET"]}}],"collection":[{"href":"https:\/\/shopatoa.com\/ro\/wp-json\/wp\/v2\/product"}],"about":[{"href":"https:\/\/shopatoa.com\/ro\/wp-json\/wp\/v2\/types\/product"}],"replies":[{"embeddable":true,"href":"https:\/\/shopatoa.com\/ro\/wp-json\/wp\/v2\/comments?post=398878"}],"wp:featuredmedia":[{"embeddable":true,"href":"https:\/\/shopatoa.com\/ro\/wp-json\/wp\/v2\/media\/398879"}],"wp:attachment":[{"href":"https:\/\/shopatoa.com\/ro\/wp-json\/wp\/v2\/media?parent=398878"}],"wp:term":[{"taxonomy":"product_brand","embeddable":true,"href":"https:\/\/shopatoa.com\/ro\/wp-json\/wp\/v2\/product_brand?post=398878"},{"taxonomy":"product_cat","embeddable":true,"href":"https:\/\/shopatoa.com\/ro\/wp-json\/wp\/v2\/product_cat?post=398878"},{"taxonomy":"product_tag","embeddable":true,"href":"https:\/\/shopatoa.com\/ro\/wp-json\/wp\/v2\/product_tag?post=398878"}],"curies":[{"name":"wp","href":"https:\/\/api.w.org\/{rel}","templated":true}]}}