{"id":399000,"date":"2025-06-17T15:31:07","date_gmt":"2025-06-17T13:31:07","guid":{"rendered":"https:\/\/shopatoa.com\/ro\/chi-luxury-black-seed-oil-dry-oil-blend-ulei-hranitor-uscat-pentru-par-89-ml\/"},"modified":"2025-12-10T10:54:58","modified_gmt":"2025-12-10T09:54:58","slug":"chi-luxury-black-seed-oil-dry-oil-blend-ulei-hranitor-uscat-pentru-par-89-ml","status":"publish","type":"product","link":"https:\/\/shopatoa.com\/ro\/chi-luxury-black-seed-oil-dry-oil-blend-ulei-hranitor-uscat-pentru-par-89-ml\/","title":{"rendered":"CHI Luxury Black Seed Oil Dry Oil Blend ulei hranitor uscat pentru p\u0103r 89 ml"},"content":{"rendered":"<p>CHI Luxury Black Seed Oil Dry Oil Blend, 89 ml, Uleiuri uscate pentru p\u0103r pentru femei, Dori\u021bi s\u0103 oferi\u021bi p\u0103rului dvs. ceva \u00een plus fa\u021b\u0103 de \u00eengrijirea de baz\u0103 oferit\u0103 de \u0219ampon sau balsam, dar s\u0103 evita\u021bi senza\u021bia nedorit\u0103 de gr\u0103sime? Uleiul uscat CHI Luxury Black Seed Oil Dry Oil Blend v\u0103 va completa de minute rutina de \u00eengrijire \u2013 ofer\u0103 p\u0103rului o doz\u0103 suplimentar\u0103 de nutri\u021bie, fiind totu\u0219i absorbit foarte rapid. Va ajuta la restabilirea elasticit\u0103\u021bii \u0219i a flexibilit\u0103\u021bii generale a p\u0103rului, va favoriza regenerarea \u0219i, nu \u00een ultimul r\u00e2nd, se va ocupa de netezirea suprafe\u021bei acestuia. Rezultatul va fi un p\u0103r mai delicat, mai catifelat \u0219i s\u0103n\u0103tos str\u0103lucitor, cu o tendin\u021b\u0103 mai redus\u0103 de frizz.  Caracteristici:  hr\u0103ne\u0219te p\u0103rul \u00een profunzime ofer\u0103 p\u0103rului rezisten\u021b\u0103 \u0219i flexibilitate previne electrizarea p\u0103rului d\u0103 str\u0103lucire p\u0103rului nu \u00eencarc\u0103 p\u0103rul  Ingrediente:  f\u0103r\u0103 sulfa\u021bi  Cum se utilizeaz\u0103: Se aplic\u0103 pe lungimile \u0219i pe v\u00e2rfurile p\u0103rului uscat sau umed. Nu cl\u0103ti\u021bi.<\/p>\n","protected":false},"excerpt":{"rendered":"<p>CHI Luxury Black Seed Oil Dry Oil Blend, 89 ml, Uleiuri uscate pentru p\u0103r pentru femei, Dori\u021bi s\u0103 oferi\u021bi p\u0103rului dvs. ceva \u00een plus fa\u021b\u0103 de \u00eengrijirea de baz\u0103 oferit\u0103 de \u0219ampon sau balsam, dar s\u0103 evita\u021bi senza\u021bia nedorit\u0103 de gr\u0103sime? Uleiul uscat CHI Luxury Black Seed Oil Dry Oil Blend v\u0103 va completa de&#8230;<\/p>\n","protected":false},"featured_media":399001,"comment_status":"closed","ping_status":"open","template":"","meta":{"_acf_changed":false,"_kadence_starter_templates_imported_post":false,"_kad_post_transparent":"","_kad_post_title":"","_kad_post_layout":"","_kad_post_sidebar_id":"","_kad_post_content_style":"","_kad_post_vertical_padding":"","_kad_post_feature":"","_kad_post_feature_position":"","_kad_post_header":false,"_kad_post_footer":false,"_kad_post_classname":""},"product_brand":[1683],"product_cat":[1563,1590,1562],"product_tag":[],"class_list":{"0":"post-399000","1":"product","2":"type-product","3":"status-publish","4":"has-post-thumbnail","6":"product_brand-chi","7":"product_cat-ingrijire-personala","8":"product_cat-ingrijirea-parului","9":"product_cat-sanatate-si-frumusete","10":"pa_gen-female","11":"pa_marime-89-ml","13":"first","14":"instock","15":"product-type-external","16":"entry","17":"content-bg","18":"loop-entry"},"acf":[],"yoast_head":"<!-- This site is optimized with the Yoast SEO plugin v27.4 - https:\/\/yoast.com\/product\/yoast-seo-wordpress\/ -->\n<title>CHI Luxury Black Seed Oil Dry Oil Blend ulei hranitor uscat pentru p\u0103r 89 ml - SHOPATOA.COM<\/title>\n<meta name=\"robots\" content=\"index, follow, max-snippet:-1, max-image-preview:large, max-video-preview:-1\" \/>\n<link rel=\"canonical\" href=\"https:\/\/shopatoa.com\/ro\/chi-luxury-black-seed-oil-dry-oil-blend-ulei-hranitor-uscat-pentru-par-89-ml\/\" \/>\n<meta property=\"og:locale\" content=\"ro_RO\" \/>\n<meta property=\"og:type\" content=\"article\" \/>\n<meta property=\"og:title\" content=\"CHI Luxury Black Seed Oil Dry Oil Blend ulei hranitor uscat pentru p\u0103r 89 ml - SHOPATOA.COM\" \/>\n<meta property=\"og:description\" content=\"CHI Luxury Black Seed Oil Dry Oil Blend, 89 ml, Uleiuri uscate pentru p\u0103r pentru femei, Dori\u021bi s\u0103 oferi\u021bi p\u0103rului dvs. ceva \u00een plus fa\u021b\u0103 de \u00eengrijirea de baz\u0103 oferit\u0103 de \u0219ampon sau balsam, dar s\u0103 evita\u021bi senza\u021bia nedorit\u0103 de gr\u0103sime? Uleiul uscat CHI Luxury Black Seed Oil Dry Oil Blend v\u0103 va completa de...\" \/>\n<meta property=\"og:url\" content=\"https:\/\/shopatoa.com\/ro\/chi-luxury-black-seed-oil-dry-oil-blend-ulei-hranitor-uscat-pentru-par-89-ml\/\" \/>\n<meta property=\"og:site_name\" content=\"SHOPATOA\" \/>\n<meta property=\"article:modified_time\" content=\"2025-12-10T09:54:58+00:00\" \/>\n<meta property=\"og:image\" content=\"https:\/\/storage.googleapis.com\/cz-shopatoa-img\/ro\/ecf25367-unnamed-file.webp\" \/>\n\t<meta property=\"og:image:width\" content=\"800\" \/>\n\t<meta property=\"og:image:height\" content=\"800\" \/>\n\t<meta property=\"og:image:type\" content=\"image\/webp\" \/>\n<meta name=\"twitter:card\" content=\"summary_large_image\" \/>\n<meta name=\"twitter:label1\" content=\"Timp estimat pentru citire\" \/>\n\t<meta name=\"twitter:data1\" content=\"1 minut\" \/>\n<script type=\"application\/ld+json\" class=\"yoast-schema-graph\">{\"@context\":\"https:\\\/\\\/schema.org\",\"@graph\":[{\"@type\":\"WebPage\",\"@id\":\"https:\\\/\\\/shopatoa.com\\\/ro\\\/chi-luxury-black-seed-oil-dry-oil-blend-ulei-hranitor-uscat-pentru-par-89-ml\\\/\",\"url\":\"https:\\\/\\\/shopatoa.com\\\/ro\\\/chi-luxury-black-seed-oil-dry-oil-blend-ulei-hranitor-uscat-pentru-par-89-ml\\\/\",\"name\":\"CHI Luxury Black Seed Oil Dry Oil Blend ulei hranitor uscat pentru p\u0103r 89 ml - SHOPATOA.COM\",\"isPartOf\":{\"@id\":\"https:\\\/\\\/shopatoa.com\\\/ro\\\/#website\"},\"primaryImageOfPage\":{\"@id\":\"https:\\\/\\\/shopatoa.com\\\/ro\\\/chi-luxury-black-seed-oil-dry-oil-blend-ulei-hranitor-uscat-pentru-par-89-ml\\\/#primaryimage\"},\"image\":{\"@id\":\"https:\\\/\\\/shopatoa.com\\\/ro\\\/chi-luxury-black-seed-oil-dry-oil-blend-ulei-hranitor-uscat-pentru-par-89-ml\\\/#primaryimage\"},\"thumbnailUrl\":\"https:\\\/\\\/storage.googleapis.com\\\/cz-shopatoa-img\\\/ro\\\/ecf25367-unnamed-file.webp\",\"datePublished\":\"2025-06-17T13:31:07+00:00\",\"dateModified\":\"2025-12-10T09:54:58+00:00\",\"breadcrumb\":{\"@id\":\"https:\\\/\\\/shopatoa.com\\\/ro\\\/chi-luxury-black-seed-oil-dry-oil-blend-ulei-hranitor-uscat-pentru-par-89-ml\\\/#breadcrumb\"},\"inLanguage\":\"ro-RO\",\"potentialAction\":[{\"@type\":\"ReadAction\",\"target\":[\"https:\\\/\\\/shopatoa.com\\\/ro\\\/chi-luxury-black-seed-oil-dry-oil-blend-ulei-hranitor-uscat-pentru-par-89-ml\\\/\"]}]},{\"@type\":\"ImageObject\",\"inLanguage\":\"ro-RO\",\"@id\":\"https:\\\/\\\/shopatoa.com\\\/ro\\\/chi-luxury-black-seed-oil-dry-oil-blend-ulei-hranitor-uscat-pentru-par-89-ml\\\/#primaryimage\",\"url\":\"https:\\\/\\\/storage.googleapis.com\\\/cz-shopatoa-img\\\/ro\\\/ecf25367-unnamed-file.webp\",\"contentUrl\":\"https:\\\/\\\/storage.googleapis.com\\\/cz-shopatoa-img\\\/ro\\\/ecf25367-unnamed-file.webp\",\"width\":800,\"height\":800},{\"@type\":\"BreadcrumbList\",\"@id\":\"https:\\\/\\\/shopatoa.com\\\/ro\\\/chi-luxury-black-seed-oil-dry-oil-blend-ulei-hranitor-uscat-pentru-par-89-ml\\\/#breadcrumb\",\"itemListElement\":[{\"@type\":\"ListItem\",\"position\":1,\"name\":\"Dom\u016f\",\"item\":\"https:\\\/\\\/shopatoa.com\\\/ro\\\/\"},{\"@type\":\"ListItem\",\"position\":2,\"name\":\"Shop\",\"item\":\"https:\\\/\\\/shopatoa.com\\\/ro\\\/shop\\\/\"},{\"@type\":\"ListItem\",\"position\":3,\"name\":\"S\u0103n\u0103tate \u0219i frumuse\u021be\",\"item\":\"https:\\\/\\\/shopatoa.com\\\/ro\\\/sanatate-si-frumusete\\\/\"},{\"@type\":\"ListItem\",\"position\":4,\"name\":\"\u00cengrijire personal\u0103\",\"item\":\"https:\\\/\\\/shopatoa.com\\\/ro\\\/ingrijire-personala\\\/\"},{\"@type\":\"ListItem\",\"position\":5,\"name\":\"\u00cengrijirea p\u0103rului\",\"item\":\"https:\\\/\\\/shopatoa.com\\\/ro\\\/ingrijirea-parului\\\/\"},{\"@type\":\"ListItem\",\"position\":6,\"name\":\"CHI Luxury Black Seed Oil Dry Oil Blend ulei hranitor uscat pentru p\u0103r 89 ml\"}]},{\"@type\":\"WebSite\",\"@id\":\"https:\\\/\\\/shopatoa.com\\\/ro\\\/#website\",\"url\":\"https:\\\/\\\/shopatoa.com\\\/ro\\\/\",\"name\":\"SHOPATOA\",\"description\":\"\",\"publisher\":{\"@id\":\"https:\\\/\\\/shopatoa.com\\\/ro\\\/#organization\"},\"potentialAction\":[{\"@type\":\"SearchAction\",\"target\":{\"@type\":\"EntryPoint\",\"urlTemplate\":\"https:\\\/\\\/shopatoa.com\\\/ro\\\/?s={search_term_string}\"},\"query-input\":{\"@type\":\"PropertyValueSpecification\",\"valueRequired\":true,\"valueName\":\"search_term_string\"}}],\"inLanguage\":\"ro-RO\"},{\"@type\":\"Organization\",\"@id\":\"https:\\\/\\\/shopatoa.com\\\/ro\\\/#organization\",\"name\":\"SHOPATOA\",\"url\":\"https:\\\/\\\/shopatoa.com\\\/ro\\\/\",\"logo\":{\"@type\":\"ImageObject\",\"inLanguage\":\"ro-RO\",\"@id\":\"https:\\\/\\\/shopatoa.com\\\/ro\\\/#\\\/schema\\\/logo\\\/image\\\/\",\"url\":\"https:\\\/\\\/storage.googleapis.com\\\/cz-shopatoa-img\\\/ro\\\/b4dac915-shopatoa_logo.png\",\"contentUrl\":\"https:\\\/\\\/storage.googleapis.com\\\/cz-shopatoa-img\\\/ro\\\/b4dac915-shopatoa_logo.png\",\"width\":416,\"height\":63,\"caption\":\"SHOPATOA\"},\"image\":{\"@id\":\"https:\\\/\\\/shopatoa.com\\\/ro\\\/#\\\/schema\\\/logo\\\/image\\\/\"}}]}<\/script>\n<!-- \/ Yoast SEO plugin. -->","yoast_head_json":{"title":"CHI Luxury Black Seed Oil Dry Oil Blend ulei hranitor uscat pentru p\u0103r 89 ml - SHOPATOA.COM","robots":{"index":"index","follow":"follow","max-snippet":"max-snippet:-1","max-image-preview":"max-image-preview:large","max-video-preview":"max-video-preview:-1"},"canonical":"https:\/\/shopatoa.com\/ro\/chi-luxury-black-seed-oil-dry-oil-blend-ulei-hranitor-uscat-pentru-par-89-ml\/","og_locale":"ro_RO","og_type":"article","og_title":"CHI Luxury Black Seed Oil Dry Oil Blend ulei hranitor uscat pentru p\u0103r 89 ml - SHOPATOA.COM","og_description":"CHI Luxury Black Seed Oil Dry Oil Blend, 89 ml, Uleiuri uscate pentru p\u0103r pentru femei, Dori\u021bi s\u0103 oferi\u021bi p\u0103rului dvs. ceva \u00een plus fa\u021b\u0103 de \u00eengrijirea de baz\u0103 oferit\u0103 de \u0219ampon sau balsam, dar s\u0103 evita\u021bi senza\u021bia nedorit\u0103 de gr\u0103sime? Uleiul uscat CHI Luxury Black Seed Oil Dry Oil Blend v\u0103 va completa de...","og_url":"https:\/\/shopatoa.com\/ro\/chi-luxury-black-seed-oil-dry-oil-blend-ulei-hranitor-uscat-pentru-par-89-ml\/","og_site_name":"SHOPATOA","article_modified_time":"2025-12-10T09:54:58+00:00","og_image":[{"width":800,"height":800,"url":"https:\/\/storage.googleapis.com\/cz-shopatoa-img\/ro\/ecf25367-unnamed-file.webp","type":"image\/webp"}],"twitter_card":"summary_large_image","twitter_misc":{"Timp estimat pentru citire":"1 minut"},"schema":{"@context":"https:\/\/schema.org","@graph":[{"@type":"WebPage","@id":"https:\/\/shopatoa.com\/ro\/chi-luxury-black-seed-oil-dry-oil-blend-ulei-hranitor-uscat-pentru-par-89-ml\/","url":"https:\/\/shopatoa.com\/ro\/chi-luxury-black-seed-oil-dry-oil-blend-ulei-hranitor-uscat-pentru-par-89-ml\/","name":"CHI Luxury Black Seed Oil Dry Oil Blend ulei hranitor uscat pentru p\u0103r 89 ml - SHOPATOA.COM","isPartOf":{"@id":"https:\/\/shopatoa.com\/ro\/#website"},"primaryImageOfPage":{"@id":"https:\/\/shopatoa.com\/ro\/chi-luxury-black-seed-oil-dry-oil-blend-ulei-hranitor-uscat-pentru-par-89-ml\/#primaryimage"},"image":{"@id":"https:\/\/shopatoa.com\/ro\/chi-luxury-black-seed-oil-dry-oil-blend-ulei-hranitor-uscat-pentru-par-89-ml\/#primaryimage"},"thumbnailUrl":"https:\/\/storage.googleapis.com\/cz-shopatoa-img\/ro\/ecf25367-unnamed-file.webp","datePublished":"2025-06-17T13:31:07+00:00","dateModified":"2025-12-10T09:54:58+00:00","breadcrumb":{"@id":"https:\/\/shopatoa.com\/ro\/chi-luxury-black-seed-oil-dry-oil-blend-ulei-hranitor-uscat-pentru-par-89-ml\/#breadcrumb"},"inLanguage":"ro-RO","potentialAction":[{"@type":"ReadAction","target":["https:\/\/shopatoa.com\/ro\/chi-luxury-black-seed-oil-dry-oil-blend-ulei-hranitor-uscat-pentru-par-89-ml\/"]}]},{"@type":"ImageObject","inLanguage":"ro-RO","@id":"https:\/\/shopatoa.com\/ro\/chi-luxury-black-seed-oil-dry-oil-blend-ulei-hranitor-uscat-pentru-par-89-ml\/#primaryimage","url":"https:\/\/storage.googleapis.com\/cz-shopatoa-img\/ro\/ecf25367-unnamed-file.webp","contentUrl":"https:\/\/storage.googleapis.com\/cz-shopatoa-img\/ro\/ecf25367-unnamed-file.webp","width":800,"height":800},{"@type":"BreadcrumbList","@id":"https:\/\/shopatoa.com\/ro\/chi-luxury-black-seed-oil-dry-oil-blend-ulei-hranitor-uscat-pentru-par-89-ml\/#breadcrumb","itemListElement":[{"@type":"ListItem","position":1,"name":"Dom\u016f","item":"https:\/\/shopatoa.com\/ro\/"},{"@type":"ListItem","position":2,"name":"Shop","item":"https:\/\/shopatoa.com\/ro\/shop\/"},{"@type":"ListItem","position":3,"name":"S\u0103n\u0103tate \u0219i frumuse\u021be","item":"https:\/\/shopatoa.com\/ro\/sanatate-si-frumusete\/"},{"@type":"ListItem","position":4,"name":"\u00cengrijire personal\u0103","item":"https:\/\/shopatoa.com\/ro\/ingrijire-personala\/"},{"@type":"ListItem","position":5,"name":"\u00cengrijirea p\u0103rului","item":"https:\/\/shopatoa.com\/ro\/ingrijirea-parului\/"},{"@type":"ListItem","position":6,"name":"CHI Luxury Black Seed Oil Dry Oil Blend ulei hranitor uscat pentru p\u0103r 89 ml"}]},{"@type":"WebSite","@id":"https:\/\/shopatoa.com\/ro\/#website","url":"https:\/\/shopatoa.com\/ro\/","name":"SHOPATOA","description":"","publisher":{"@id":"https:\/\/shopatoa.com\/ro\/#organization"},"potentialAction":[{"@type":"SearchAction","target":{"@type":"EntryPoint","urlTemplate":"https:\/\/shopatoa.com\/ro\/?s={search_term_string}"},"query-input":{"@type":"PropertyValueSpecification","valueRequired":true,"valueName":"search_term_string"}}],"inLanguage":"ro-RO"},{"@type":"Organization","@id":"https:\/\/shopatoa.com\/ro\/#organization","name":"SHOPATOA","url":"https:\/\/shopatoa.com\/ro\/","logo":{"@type":"ImageObject","inLanguage":"ro-RO","@id":"https:\/\/shopatoa.com\/ro\/#\/schema\/logo\/image\/","url":"https:\/\/storage.googleapis.com\/cz-shopatoa-img\/ro\/b4dac915-shopatoa_logo.png","contentUrl":"https:\/\/storage.googleapis.com\/cz-shopatoa-img\/ro\/b4dac915-shopatoa_logo.png","width":416,"height":63,"caption":"SHOPATOA"},"image":{"@id":"https:\/\/shopatoa.com\/ro\/#\/schema\/logo\/image\/"}}]}},"_links":{"self":[{"href":"https:\/\/shopatoa.com\/ro\/wp-json\/wp\/v2\/product\/399000","targetHints":{"allow":["GET"]}}],"collection":[{"href":"https:\/\/shopatoa.com\/ro\/wp-json\/wp\/v2\/product"}],"about":[{"href":"https:\/\/shopatoa.com\/ro\/wp-json\/wp\/v2\/types\/product"}],"replies":[{"embeddable":true,"href":"https:\/\/shopatoa.com\/ro\/wp-json\/wp\/v2\/comments?post=399000"}],"wp:featuredmedia":[{"embeddable":true,"href":"https:\/\/shopatoa.com\/ro\/wp-json\/wp\/v2\/media\/399001"}],"wp:attachment":[{"href":"https:\/\/shopatoa.com\/ro\/wp-json\/wp\/v2\/media?parent=399000"}],"wp:term":[{"taxonomy":"product_brand","embeddable":true,"href":"https:\/\/shopatoa.com\/ro\/wp-json\/wp\/v2\/product_brand?post=399000"},{"taxonomy":"product_cat","embeddable":true,"href":"https:\/\/shopatoa.com\/ro\/wp-json\/wp\/v2\/product_cat?post=399000"},{"taxonomy":"product_tag","embeddable":true,"href":"https:\/\/shopatoa.com\/ro\/wp-json\/wp\/v2\/product_tag?post=399000"}],"curies":[{"name":"wp","href":"https:\/\/api.w.org\/{rel}","templated":true}]}}