{"id":399536,"date":"2025-06-17T16:29:16","date_gmt":"2025-06-17T14:29:16","guid":{"rendered":"https:\/\/shopatoa.com\/ro\/inebrya-pro-volume-balsam-pentru-volum-300-ml\/"},"modified":"2025-12-10T07:44:19","modified_gmt":"2025-12-10T06:44:19","slug":"inebrya-pro-volume-balsam-pentru-volum-300-ml","status":"publish","type":"product","link":"https:\/\/shopatoa.com\/ro\/inebrya-pro-volume-balsam-pentru-volum-300-ml\/","title":{"rendered":"Inebrya Pro-Volume balsam pentru volum 300 ml"},"content":{"rendered":"<p>Inebrya Pro-Volume, 300 ml, Condi\u021bionere pentru p\u0103r pentru femei, \u00cen timpul sp\u0103l\u0103rii p\u0103rului, \u0219amponul deschide structura de la suprafa\u021ba p\u0103rului \u2013 cuticula. De aceea, este important ca dup\u0103 sp\u0103lare s\u0103 oferi\u021bi p\u0103rului o \u00eengrijire care s\u0103 \u00eenchid\u0103 din nou cuticula. Tocmai de acest lucru se ocup\u0103 balsamul Inebrya Pro-Volume . Pe l\u00e2ng\u0103 faptul c\u0103 \u00eenchide fibrele de p\u0103r, le asigur\u0103 nutri\u021bia, hidratarea \u0219i catifelarea, de care nu se poate lipsi un p\u0103r frumos, str\u0103lucitor \u0219i s\u0103n\u0103tos. Protejeaz\u0103 \u00eempotriva deterior\u0103rii mecanice \u0219i a usc\u0103rii, le neteze\u0219te suprafa\u021ba \u0219i ajut\u0103 la emolierea lor, facilit\u00e2nd piept\u0103narea \u0219i coafarea.  Caracteristici:  faciliteaz\u0103 descurcarea \u0219i modelarea ulterioar\u0103 confer\u0103 p\u0103rului elasticitate \u0219i volum asigur\u0103 p\u0103rului o str\u0103lucire radiant\u0103 \u00eembun\u0103t\u0103\u021be\u0219te structura p\u0103rului  Cum se utilizeaz\u0103: Se aplic\u0103 pe p\u0103rul sp\u0103lat \u00een prealabil cu \u0219ampon. Se las\u0103 s\u0103 ac\u021bioneze un timp scurt \u0219i apoi se cl\u0103te\u0219te bine.<\/p>\n","protected":false},"excerpt":{"rendered":"<p>Inebrya Pro-Volume, 300 ml, Condi\u021bionere pentru p\u0103r pentru femei, \u00cen timpul sp\u0103l\u0103rii p\u0103rului, \u0219amponul deschide structura de la suprafa\u021ba p\u0103rului \u2013 cuticula. De aceea, este important ca dup\u0103 sp\u0103lare s\u0103 oferi\u021bi p\u0103rului o \u00eengrijire care s\u0103 \u00eenchid\u0103 din nou cuticula. Tocmai de acest lucru se ocup\u0103 balsamul Inebrya Pro-Volume . Pe l\u00e2ng\u0103 faptul c\u0103 \u00eenchide&#8230;<\/p>\n","protected":false},"featured_media":399537,"comment_status":"closed","ping_status":"open","template":"","meta":{"_acf_changed":false,"_kadence_starter_templates_imported_post":false,"_kad_post_transparent":"","_kad_post_title":"","_kad_post_layout":"","_kad_post_sidebar_id":"","_kad_post_content_style":"","_kad_post_vertical_padding":"","_kad_post_feature":"","_kad_post_feature_position":"","_kad_post_header":false,"_kad_post_footer":false,"_kad_post_classname":""},"product_brand":[914],"product_cat":[1563,1590,1591,1562],"product_tag":[],"class_list":{"0":"post-399536","1":"product","2":"type-product","3":"status-publish","4":"has-post-thumbnail","6":"product_brand-inebrya","7":"product_cat-ingrijire-personala","8":"product_cat-ingrijirea-parului","9":"product_cat-sampon-balsam","10":"product_cat-sanatate-si-frumusete","11":"pa_gen-female","12":"pa_marime-300-ml","14":"first","15":"instock","16":"sale","17":"product-type-external","18":"entry","19":"content-bg","20":"loop-entry"},"acf":[],"yoast_head":"<!-- This site is optimized with the Yoast SEO plugin v27.3 - https:\/\/yoast.com\/product\/yoast-seo-wordpress\/ -->\n<title>Inebrya Pro-Volume balsam pentru volum 300 ml - SHOPATOA.COM<\/title>\n<meta name=\"robots\" content=\"index, follow, max-snippet:-1, max-image-preview:large, max-video-preview:-1\" \/>\n<link rel=\"canonical\" href=\"https:\/\/shopatoa.com\/ro\/inebrya-pro-volume-balsam-pentru-volum-300-ml\/\" \/>\n<meta property=\"og:locale\" content=\"ro_RO\" \/>\n<meta property=\"og:type\" content=\"article\" \/>\n<meta property=\"og:title\" content=\"Inebrya Pro-Volume balsam pentru volum 300 ml - SHOPATOA.COM\" \/>\n<meta property=\"og:description\" content=\"Inebrya Pro-Volume, 300 ml, Condi\u021bionere pentru p\u0103r pentru femei, \u00cen timpul sp\u0103l\u0103rii p\u0103rului, \u0219amponul deschide structura de la suprafa\u021ba p\u0103rului \u2013 cuticula. De aceea, este important ca dup\u0103 sp\u0103lare s\u0103 oferi\u021bi p\u0103rului o \u00eengrijire care s\u0103 \u00eenchid\u0103 din nou cuticula. Tocmai de acest lucru se ocup\u0103 balsamul Inebrya Pro-Volume . Pe l\u00e2ng\u0103 faptul c\u0103 \u00eenchide...\" \/>\n<meta property=\"og:url\" content=\"https:\/\/shopatoa.com\/ro\/inebrya-pro-volume-balsam-pentru-volum-300-ml\/\" \/>\n<meta property=\"og:site_name\" content=\"SHOPATOA\" \/>\n<meta property=\"article:modified_time\" content=\"2025-12-10T06:44:19+00:00\" \/>\n<meta property=\"og:image\" content=\"https:\/\/storage.googleapis.com\/cz-shopatoa-img\/ro\/69ab39c5-unnamed-file.webp\" \/>\n\t<meta property=\"og:image:width\" content=\"800\" \/>\n\t<meta property=\"og:image:height\" content=\"800\" \/>\n\t<meta property=\"og:image:type\" content=\"image\/webp\" \/>\n<meta name=\"twitter:card\" content=\"summary_large_image\" \/>\n<meta name=\"twitter:label1\" content=\"Timp estimat pentru citire\" \/>\n\t<meta name=\"twitter:data1\" content=\"1 minut\" \/>\n<script type=\"application\/ld+json\" class=\"yoast-schema-graph\">{\"@context\":\"https:\\\/\\\/schema.org\",\"@graph\":[{\"@type\":\"WebPage\",\"@id\":\"https:\\\/\\\/shopatoa.com\\\/ro\\\/inebrya-pro-volume-balsam-pentru-volum-300-ml\\\/\",\"url\":\"https:\\\/\\\/shopatoa.com\\\/ro\\\/inebrya-pro-volume-balsam-pentru-volum-300-ml\\\/\",\"name\":\"Inebrya Pro-Volume balsam pentru volum 300 ml - SHOPATOA.COM\",\"isPartOf\":{\"@id\":\"https:\\\/\\\/shopatoa.com\\\/ro\\\/#website\"},\"primaryImageOfPage\":{\"@id\":\"https:\\\/\\\/shopatoa.com\\\/ro\\\/inebrya-pro-volume-balsam-pentru-volum-300-ml\\\/#primaryimage\"},\"image\":{\"@id\":\"https:\\\/\\\/shopatoa.com\\\/ro\\\/inebrya-pro-volume-balsam-pentru-volum-300-ml\\\/#primaryimage\"},\"thumbnailUrl\":\"https:\\\/\\\/storage.googleapis.com\\\/cz-shopatoa-img\\\/ro\\\/69ab39c5-unnamed-file.webp\",\"datePublished\":\"2025-06-17T14:29:16+00:00\",\"dateModified\":\"2025-12-10T06:44:19+00:00\",\"breadcrumb\":{\"@id\":\"https:\\\/\\\/shopatoa.com\\\/ro\\\/inebrya-pro-volume-balsam-pentru-volum-300-ml\\\/#breadcrumb\"},\"inLanguage\":\"ro-RO\",\"potentialAction\":[{\"@type\":\"ReadAction\",\"target\":[\"https:\\\/\\\/shopatoa.com\\\/ro\\\/inebrya-pro-volume-balsam-pentru-volum-300-ml\\\/\"]}]},{\"@type\":\"ImageObject\",\"inLanguage\":\"ro-RO\",\"@id\":\"https:\\\/\\\/shopatoa.com\\\/ro\\\/inebrya-pro-volume-balsam-pentru-volum-300-ml\\\/#primaryimage\",\"url\":\"https:\\\/\\\/storage.googleapis.com\\\/cz-shopatoa-img\\\/ro\\\/69ab39c5-unnamed-file.webp\",\"contentUrl\":\"https:\\\/\\\/storage.googleapis.com\\\/cz-shopatoa-img\\\/ro\\\/69ab39c5-unnamed-file.webp\",\"width\":800,\"height\":800},{\"@type\":\"BreadcrumbList\",\"@id\":\"https:\\\/\\\/shopatoa.com\\\/ro\\\/inebrya-pro-volume-balsam-pentru-volum-300-ml\\\/#breadcrumb\",\"itemListElement\":[{\"@type\":\"ListItem\",\"position\":1,\"name\":\"Dom\u016f\",\"item\":\"https:\\\/\\\/shopatoa.com\\\/ro\\\/\"},{\"@type\":\"ListItem\",\"position\":2,\"name\":\"Shop\",\"item\":\"https:\\\/\\\/shopatoa.com\\\/ro\\\/shop\\\/\"},{\"@type\":\"ListItem\",\"position\":3,\"name\":\"S\u0103n\u0103tate \u0219i frumuse\u021be\",\"item\":\"https:\\\/\\\/shopatoa.com\\\/ro\\\/sanatate-si-frumusete\\\/\"},{\"@type\":\"ListItem\",\"position\":4,\"name\":\"\u00cengrijire personal\u0103\",\"item\":\"https:\\\/\\\/shopatoa.com\\\/ro\\\/ingrijire-personala\\\/\"},{\"@type\":\"ListItem\",\"position\":5,\"name\":\"\u00cengrijirea p\u0103rului\",\"item\":\"https:\\\/\\\/shopatoa.com\\\/ro\\\/ingrijirea-parului\\\/\"},{\"@type\":\"ListItem\",\"position\":6,\"name\":\"\u0218ampon &amp; Balsam\",\"item\":\"https:\\\/\\\/shopatoa.com\\\/ro\\\/sampon-balsam\\\/\"},{\"@type\":\"ListItem\",\"position\":7,\"name\":\"Inebrya Pro-Volume balsam pentru volum 300 ml\"}]},{\"@type\":\"WebSite\",\"@id\":\"https:\\\/\\\/shopatoa.com\\\/ro\\\/#website\",\"url\":\"https:\\\/\\\/shopatoa.com\\\/ro\\\/\",\"name\":\"SHOPATOA\",\"description\":\"\",\"publisher\":{\"@id\":\"https:\\\/\\\/shopatoa.com\\\/ro\\\/#organization\"},\"potentialAction\":[{\"@type\":\"SearchAction\",\"target\":{\"@type\":\"EntryPoint\",\"urlTemplate\":\"https:\\\/\\\/shopatoa.com\\\/ro\\\/?s={search_term_string}\"},\"query-input\":{\"@type\":\"PropertyValueSpecification\",\"valueRequired\":true,\"valueName\":\"search_term_string\"}}],\"inLanguage\":\"ro-RO\"},{\"@type\":\"Organization\",\"@id\":\"https:\\\/\\\/shopatoa.com\\\/ro\\\/#organization\",\"name\":\"SHOPATOA\",\"url\":\"https:\\\/\\\/shopatoa.com\\\/ro\\\/\",\"logo\":{\"@type\":\"ImageObject\",\"inLanguage\":\"ro-RO\",\"@id\":\"https:\\\/\\\/shopatoa.com\\\/ro\\\/#\\\/schema\\\/logo\\\/image\\\/\",\"url\":\"https:\\\/\\\/storage.googleapis.com\\\/cz-shopatoa-img\\\/ro\\\/b4dac915-shopatoa_logo.png\",\"contentUrl\":\"https:\\\/\\\/storage.googleapis.com\\\/cz-shopatoa-img\\\/ro\\\/b4dac915-shopatoa_logo.png\",\"width\":416,\"height\":63,\"caption\":\"SHOPATOA\"},\"image\":{\"@id\":\"https:\\\/\\\/shopatoa.com\\\/ro\\\/#\\\/schema\\\/logo\\\/image\\\/\"}}]}<\/script>\n<!-- \/ Yoast SEO plugin. -->","yoast_head_json":{"title":"Inebrya Pro-Volume balsam pentru volum 300 ml - SHOPATOA.COM","robots":{"index":"index","follow":"follow","max-snippet":"max-snippet:-1","max-image-preview":"max-image-preview:large","max-video-preview":"max-video-preview:-1"},"canonical":"https:\/\/shopatoa.com\/ro\/inebrya-pro-volume-balsam-pentru-volum-300-ml\/","og_locale":"ro_RO","og_type":"article","og_title":"Inebrya Pro-Volume balsam pentru volum 300 ml - SHOPATOA.COM","og_description":"Inebrya Pro-Volume, 300 ml, Condi\u021bionere pentru p\u0103r pentru femei, \u00cen timpul sp\u0103l\u0103rii p\u0103rului, \u0219amponul deschide structura de la suprafa\u021ba p\u0103rului \u2013 cuticula. De aceea, este important ca dup\u0103 sp\u0103lare s\u0103 oferi\u021bi p\u0103rului o \u00eengrijire care s\u0103 \u00eenchid\u0103 din nou cuticula. Tocmai de acest lucru se ocup\u0103 balsamul Inebrya Pro-Volume . Pe l\u00e2ng\u0103 faptul c\u0103 \u00eenchide...","og_url":"https:\/\/shopatoa.com\/ro\/inebrya-pro-volume-balsam-pentru-volum-300-ml\/","og_site_name":"SHOPATOA","article_modified_time":"2025-12-10T06:44:19+00:00","og_image":[{"width":800,"height":800,"url":"https:\/\/storage.googleapis.com\/cz-shopatoa-img\/ro\/69ab39c5-unnamed-file.webp","type":"image\/webp"}],"twitter_card":"summary_large_image","twitter_misc":{"Timp estimat pentru citire":"1 minut"},"schema":{"@context":"https:\/\/schema.org","@graph":[{"@type":"WebPage","@id":"https:\/\/shopatoa.com\/ro\/inebrya-pro-volume-balsam-pentru-volum-300-ml\/","url":"https:\/\/shopatoa.com\/ro\/inebrya-pro-volume-balsam-pentru-volum-300-ml\/","name":"Inebrya Pro-Volume balsam pentru volum 300 ml - SHOPATOA.COM","isPartOf":{"@id":"https:\/\/shopatoa.com\/ro\/#website"},"primaryImageOfPage":{"@id":"https:\/\/shopatoa.com\/ro\/inebrya-pro-volume-balsam-pentru-volum-300-ml\/#primaryimage"},"image":{"@id":"https:\/\/shopatoa.com\/ro\/inebrya-pro-volume-balsam-pentru-volum-300-ml\/#primaryimage"},"thumbnailUrl":"https:\/\/storage.googleapis.com\/cz-shopatoa-img\/ro\/69ab39c5-unnamed-file.webp","datePublished":"2025-06-17T14:29:16+00:00","dateModified":"2025-12-10T06:44:19+00:00","breadcrumb":{"@id":"https:\/\/shopatoa.com\/ro\/inebrya-pro-volume-balsam-pentru-volum-300-ml\/#breadcrumb"},"inLanguage":"ro-RO","potentialAction":[{"@type":"ReadAction","target":["https:\/\/shopatoa.com\/ro\/inebrya-pro-volume-balsam-pentru-volum-300-ml\/"]}]},{"@type":"ImageObject","inLanguage":"ro-RO","@id":"https:\/\/shopatoa.com\/ro\/inebrya-pro-volume-balsam-pentru-volum-300-ml\/#primaryimage","url":"https:\/\/storage.googleapis.com\/cz-shopatoa-img\/ro\/69ab39c5-unnamed-file.webp","contentUrl":"https:\/\/storage.googleapis.com\/cz-shopatoa-img\/ro\/69ab39c5-unnamed-file.webp","width":800,"height":800},{"@type":"BreadcrumbList","@id":"https:\/\/shopatoa.com\/ro\/inebrya-pro-volume-balsam-pentru-volum-300-ml\/#breadcrumb","itemListElement":[{"@type":"ListItem","position":1,"name":"Dom\u016f","item":"https:\/\/shopatoa.com\/ro\/"},{"@type":"ListItem","position":2,"name":"Shop","item":"https:\/\/shopatoa.com\/ro\/shop\/"},{"@type":"ListItem","position":3,"name":"S\u0103n\u0103tate \u0219i frumuse\u021be","item":"https:\/\/shopatoa.com\/ro\/sanatate-si-frumusete\/"},{"@type":"ListItem","position":4,"name":"\u00cengrijire personal\u0103","item":"https:\/\/shopatoa.com\/ro\/ingrijire-personala\/"},{"@type":"ListItem","position":5,"name":"\u00cengrijirea p\u0103rului","item":"https:\/\/shopatoa.com\/ro\/ingrijirea-parului\/"},{"@type":"ListItem","position":6,"name":"\u0218ampon &amp; Balsam","item":"https:\/\/shopatoa.com\/ro\/sampon-balsam\/"},{"@type":"ListItem","position":7,"name":"Inebrya Pro-Volume balsam pentru volum 300 ml"}]},{"@type":"WebSite","@id":"https:\/\/shopatoa.com\/ro\/#website","url":"https:\/\/shopatoa.com\/ro\/","name":"SHOPATOA","description":"","publisher":{"@id":"https:\/\/shopatoa.com\/ro\/#organization"},"potentialAction":[{"@type":"SearchAction","target":{"@type":"EntryPoint","urlTemplate":"https:\/\/shopatoa.com\/ro\/?s={search_term_string}"},"query-input":{"@type":"PropertyValueSpecification","valueRequired":true,"valueName":"search_term_string"}}],"inLanguage":"ro-RO"},{"@type":"Organization","@id":"https:\/\/shopatoa.com\/ro\/#organization","name":"SHOPATOA","url":"https:\/\/shopatoa.com\/ro\/","logo":{"@type":"ImageObject","inLanguage":"ro-RO","@id":"https:\/\/shopatoa.com\/ro\/#\/schema\/logo\/image\/","url":"https:\/\/storage.googleapis.com\/cz-shopatoa-img\/ro\/b4dac915-shopatoa_logo.png","contentUrl":"https:\/\/storage.googleapis.com\/cz-shopatoa-img\/ro\/b4dac915-shopatoa_logo.png","width":416,"height":63,"caption":"SHOPATOA"},"image":{"@id":"https:\/\/shopatoa.com\/ro\/#\/schema\/logo\/image\/"}}]}},"_links":{"self":[{"href":"https:\/\/shopatoa.com\/ro\/wp-json\/wp\/v2\/product\/399536","targetHints":{"allow":["GET"]}}],"collection":[{"href":"https:\/\/shopatoa.com\/ro\/wp-json\/wp\/v2\/product"}],"about":[{"href":"https:\/\/shopatoa.com\/ro\/wp-json\/wp\/v2\/types\/product"}],"replies":[{"embeddable":true,"href":"https:\/\/shopatoa.com\/ro\/wp-json\/wp\/v2\/comments?post=399536"}],"wp:featuredmedia":[{"embeddable":true,"href":"https:\/\/shopatoa.com\/ro\/wp-json\/wp\/v2\/media\/399537"}],"wp:attachment":[{"href":"https:\/\/shopatoa.com\/ro\/wp-json\/wp\/v2\/media?parent=399536"}],"wp:term":[{"taxonomy":"product_brand","embeddable":true,"href":"https:\/\/shopatoa.com\/ro\/wp-json\/wp\/v2\/product_brand?post=399536"},{"taxonomy":"product_cat","embeddable":true,"href":"https:\/\/shopatoa.com\/ro\/wp-json\/wp\/v2\/product_cat?post=399536"},{"taxonomy":"product_tag","embeddable":true,"href":"https:\/\/shopatoa.com\/ro\/wp-json\/wp\/v2\/product_tag?post=399536"}],"curies":[{"name":"wp","href":"https:\/\/api.w.org\/{rel}","templated":true}]}}