{"id":399630,"date":"2025-06-17T16:37:39","date_gmt":"2025-06-17T14:37:39","guid":{"rendered":"https:\/\/shopatoa.com\/ro\/sally-hansen-salon-wax-kit-ceara-pentru-epilare-pentru-fata-si-zonele-sensibile-ale-pielii-35-g\/"},"modified":"2025-12-10T06:54:45","modified_gmt":"2025-12-10T05:54:45","slug":"sally-hansen-salon-wax-kit-ceara-pentru-epilare-pentru-fata-si-zonele-sensibile-ale-pielii-35-g","status":"publish","type":"product","link":"https:\/\/shopatoa.com\/ro\/sally-hansen-salon-wax-kit-ceara-pentru-epilare-pentru-fata-si-zonele-sensibile-ale-pielii-35-g\/","title":{"rendered":"Sally Hansen Salon Wax Kit cear\u0103 pentru epilare pentru fata si zonele sensibile ale pielii 35 g"},"content":{"rendered":"<p>Sally Hansen Salon Wax Kit, 35 g, Cear\u0103 de epilare pentru femei, Preparatul Sally Hansen Salon faciliteaz\u0103 o depilare u\u0219oar\u0103, av\u00e2nd ca rezultat o piele frumoas\u0103 \u0219i neted\u0103.  Caracteristici:  \u00eendep\u0103rteaz\u0103 delicat p\u0103rul, pentru c\u00e2teva s\u0103pt\u0103m\u00e2ni utilizarea regulat\u0103 reduce num\u0103rul firelor de p\u0103r noi ac\u021bioneaz\u0103 de la r\u0103d\u0103cini poate fi utilizat\u0103 \u0219i pe zona bikini potrivit\u0103 \u0219i pentru pielea sensibil\u0103  Cum se utilizeaz\u0103: \u00cenc\u0103lzi\u021bi ceara la o temperatur\u0103 mai sc\u0103zut\u0103 p\u00e2n\u0103 ob\u021bine\u021bi consisten\u021ba mierii. \u00centinde\u021bi printr-o singur\u0103 mi\u0219care pe piele \u00een direc\u021bia cre\u0219terii firelor de p\u0103r. Crea\u021bi o margine mai groas\u0103 la cap\u0103t pentru o \u00eendep\u0103rtare u\u0219oar\u0103. Trage\u021bi ferm \u00een direc\u021bia de cre\u0219tere a firelor de p\u0103r. Folosi\u021bi pentru a \u00eendep\u0103rta p\u0103rul din zona fe\u021bei.<\/p>\n","protected":false},"excerpt":{"rendered":"<p>Sally Hansen Salon Wax Kit, 35 g, Cear\u0103 de epilare pentru femei, Preparatul Sally Hansen Salon faciliteaz\u0103 o depilare u\u0219oar\u0103, av\u00e2nd ca rezultat o piele frumoas\u0103 \u0219i neted\u0103. Caracteristici: \u00eendep\u0103rteaz\u0103 delicat p\u0103rul, pentru c\u00e2teva s\u0103pt\u0103m\u00e2ni utilizarea regulat\u0103 reduce num\u0103rul firelor de p\u0103r noi ac\u021bioneaz\u0103 de la r\u0103d\u0103cini poate fi utilizat\u0103 \u0219i pe zona bikini potrivit\u0103&#8230;<\/p>\n","protected":false},"featured_media":399631,"comment_status":"closed","ping_status":"open","template":"","meta":{"_acf_changed":false,"_kadence_starter_templates_imported_post":false,"_kad_post_transparent":"","_kad_post_title":"","_kad_post_layout":"","_kad_post_sidebar_id":"","_kad_post_content_style":"","_kad_post_vertical_padding":"","_kad_post_feature":"","_kad_post_feature_position":"","_kad_post_header":false,"_kad_post_footer":false,"_kad_post_classname":""},"product_brand":[1584],"product_cat":[1881,1953,1952,1563,1562],"product_tag":[],"class_list":{"0":"post-399630","1":"product","2":"type-product","3":"status-publish","4":"has-post-thumbnail","6":"product_brand-sally-hansen","7":"product_cat-barbierit-si-ingrijire","8":"product_cat-depilatoare","9":"product_cat-indepartarea-parului","10":"product_cat-ingrijire-personala","11":"product_cat-sanatate-si-frumusete","12":"pa_gen-female","13":"pa_marime-35-g","15":"first","16":"instock","17":"sale","18":"product-type-external","19":"entry","20":"content-bg","21":"loop-entry"},"acf":[],"yoast_head":"<!-- This site is optimized with the Yoast SEO plugin v27.4 - https:\/\/yoast.com\/product\/yoast-seo-wordpress\/ -->\n<title>Sally Hansen Salon Wax Kit cear\u0103 pentru epilare pentru fata si zonele sensibile ale pielii 35 g - SHOPATOA.COM<\/title>\n<meta name=\"robots\" content=\"index, follow, max-snippet:-1, max-image-preview:large, max-video-preview:-1\" \/>\n<link rel=\"canonical\" href=\"https:\/\/shopatoa.com\/ro\/sally-hansen-salon-wax-kit-ceara-pentru-epilare-pentru-fata-si-zonele-sensibile-ale-pielii-35-g\/\" \/>\n<meta property=\"og:locale\" content=\"ro_RO\" \/>\n<meta property=\"og:type\" content=\"article\" \/>\n<meta property=\"og:title\" content=\"Sally Hansen Salon Wax Kit cear\u0103 pentru epilare pentru fata si zonele sensibile ale pielii 35 g - SHOPATOA.COM\" \/>\n<meta property=\"og:description\" content=\"Sally Hansen Salon Wax Kit, 35 g, Cear\u0103 de epilare pentru femei, Preparatul Sally Hansen Salon faciliteaz\u0103 o depilare u\u0219oar\u0103, av\u00e2nd ca rezultat o piele frumoas\u0103 \u0219i neted\u0103. Caracteristici: \u00eendep\u0103rteaz\u0103 delicat p\u0103rul, pentru c\u00e2teva s\u0103pt\u0103m\u00e2ni utilizarea regulat\u0103 reduce num\u0103rul firelor de p\u0103r noi ac\u021bioneaz\u0103 de la r\u0103d\u0103cini poate fi utilizat\u0103 \u0219i pe zona bikini potrivit\u0103...\" \/>\n<meta property=\"og:url\" content=\"https:\/\/shopatoa.com\/ro\/sally-hansen-salon-wax-kit-ceara-pentru-epilare-pentru-fata-si-zonele-sensibile-ale-pielii-35-g\/\" \/>\n<meta property=\"og:site_name\" content=\"SHOPATOA\" \/>\n<meta property=\"article:modified_time\" content=\"2025-12-10T05:54:45+00:00\" \/>\n<meta property=\"og:image\" content=\"https:\/\/storage.googleapis.com\/cz-shopatoa-img\/ro\/e946a0c1-unnamed-file.webp\" \/>\n\t<meta property=\"og:image:width\" content=\"800\" \/>\n\t<meta property=\"og:image:height\" content=\"800\" \/>\n\t<meta property=\"og:image:type\" content=\"image\/webp\" \/>\n<meta name=\"twitter:card\" content=\"summary_large_image\" \/>\n<meta name=\"twitter:label1\" content=\"Timp estimat pentru citire\" \/>\n\t<meta name=\"twitter:data1\" content=\"1 minut\" \/>\n<script type=\"application\/ld+json\" class=\"yoast-schema-graph\">{\"@context\":\"https:\\\/\\\/schema.org\",\"@graph\":[{\"@type\":\"WebPage\",\"@id\":\"https:\\\/\\\/shopatoa.com\\\/ro\\\/sally-hansen-salon-wax-kit-ceara-pentru-epilare-pentru-fata-si-zonele-sensibile-ale-pielii-35-g\\\/\",\"url\":\"https:\\\/\\\/shopatoa.com\\\/ro\\\/sally-hansen-salon-wax-kit-ceara-pentru-epilare-pentru-fata-si-zonele-sensibile-ale-pielii-35-g\\\/\",\"name\":\"Sally Hansen Salon Wax Kit cear\u0103 pentru epilare pentru fata si zonele sensibile ale pielii 35 g - SHOPATOA.COM\",\"isPartOf\":{\"@id\":\"https:\\\/\\\/shopatoa.com\\\/ro\\\/#website\"},\"primaryImageOfPage\":{\"@id\":\"https:\\\/\\\/shopatoa.com\\\/ro\\\/sally-hansen-salon-wax-kit-ceara-pentru-epilare-pentru-fata-si-zonele-sensibile-ale-pielii-35-g\\\/#primaryimage\"},\"image\":{\"@id\":\"https:\\\/\\\/shopatoa.com\\\/ro\\\/sally-hansen-salon-wax-kit-ceara-pentru-epilare-pentru-fata-si-zonele-sensibile-ale-pielii-35-g\\\/#primaryimage\"},\"thumbnailUrl\":\"https:\\\/\\\/storage.googleapis.com\\\/cz-shopatoa-img\\\/ro\\\/e946a0c1-unnamed-file.webp\",\"datePublished\":\"2025-06-17T14:37:39+00:00\",\"dateModified\":\"2025-12-10T05:54:45+00:00\",\"breadcrumb\":{\"@id\":\"https:\\\/\\\/shopatoa.com\\\/ro\\\/sally-hansen-salon-wax-kit-ceara-pentru-epilare-pentru-fata-si-zonele-sensibile-ale-pielii-35-g\\\/#breadcrumb\"},\"inLanguage\":\"ro-RO\",\"potentialAction\":[{\"@type\":\"ReadAction\",\"target\":[\"https:\\\/\\\/shopatoa.com\\\/ro\\\/sally-hansen-salon-wax-kit-ceara-pentru-epilare-pentru-fata-si-zonele-sensibile-ale-pielii-35-g\\\/\"]}]},{\"@type\":\"ImageObject\",\"inLanguage\":\"ro-RO\",\"@id\":\"https:\\\/\\\/shopatoa.com\\\/ro\\\/sally-hansen-salon-wax-kit-ceara-pentru-epilare-pentru-fata-si-zonele-sensibile-ale-pielii-35-g\\\/#primaryimage\",\"url\":\"https:\\\/\\\/storage.googleapis.com\\\/cz-shopatoa-img\\\/ro\\\/e946a0c1-unnamed-file.webp\",\"contentUrl\":\"https:\\\/\\\/storage.googleapis.com\\\/cz-shopatoa-img\\\/ro\\\/e946a0c1-unnamed-file.webp\",\"width\":800,\"height\":800},{\"@type\":\"BreadcrumbList\",\"@id\":\"https:\\\/\\\/shopatoa.com\\\/ro\\\/sally-hansen-salon-wax-kit-ceara-pentru-epilare-pentru-fata-si-zonele-sensibile-ale-pielii-35-g\\\/#breadcrumb\",\"itemListElement\":[{\"@type\":\"ListItem\",\"position\":1,\"name\":\"Dom\u016f\",\"item\":\"https:\\\/\\\/shopatoa.com\\\/ro\\\/\"},{\"@type\":\"ListItem\",\"position\":2,\"name\":\"Shop\",\"item\":\"https:\\\/\\\/shopatoa.com\\\/ro\\\/shop\\\/\"},{\"@type\":\"ListItem\",\"position\":3,\"name\":\"S\u0103n\u0103tate \u0219i frumuse\u021be\",\"item\":\"https:\\\/\\\/shopatoa.com\\\/ro\\\/sanatate-si-frumusete\\\/\"},{\"@type\":\"ListItem\",\"position\":4,\"name\":\"\u00cengrijire personal\u0103\",\"item\":\"https:\\\/\\\/shopatoa.com\\\/ro\\\/ingrijire-personala\\\/\"},{\"@type\":\"ListItem\",\"position\":5,\"name\":\"B\u0103rbierit \u0219i \u00eengrijire\",\"item\":\"https:\\\/\\\/shopatoa.com\\\/ro\\\/barbierit-si-ingrijire\\\/\"},{\"@type\":\"ListItem\",\"position\":6,\"name\":\"\u00cendep\u0103rtarea p\u0103rului\",\"item\":\"https:\\\/\\\/shopatoa.com\\\/ro\\\/indepartarea-parului\\\/\"},{\"@type\":\"ListItem\",\"position\":7,\"name\":\"Depilatoare\",\"item\":\"https:\\\/\\\/shopatoa.com\\\/ro\\\/depilatoare\\\/\"},{\"@type\":\"ListItem\",\"position\":8,\"name\":\"Sally Hansen Salon Wax Kit cear\u0103 pentru epilare pentru fata si zonele sensibile ale pielii 35 g\"}]},{\"@type\":\"WebSite\",\"@id\":\"https:\\\/\\\/shopatoa.com\\\/ro\\\/#website\",\"url\":\"https:\\\/\\\/shopatoa.com\\\/ro\\\/\",\"name\":\"SHOPATOA\",\"description\":\"\",\"publisher\":{\"@id\":\"https:\\\/\\\/shopatoa.com\\\/ro\\\/#organization\"},\"potentialAction\":[{\"@type\":\"SearchAction\",\"target\":{\"@type\":\"EntryPoint\",\"urlTemplate\":\"https:\\\/\\\/shopatoa.com\\\/ro\\\/?s={search_term_string}\"},\"query-input\":{\"@type\":\"PropertyValueSpecification\",\"valueRequired\":true,\"valueName\":\"search_term_string\"}}],\"inLanguage\":\"ro-RO\"},{\"@type\":\"Organization\",\"@id\":\"https:\\\/\\\/shopatoa.com\\\/ro\\\/#organization\",\"name\":\"SHOPATOA\",\"url\":\"https:\\\/\\\/shopatoa.com\\\/ro\\\/\",\"logo\":{\"@type\":\"ImageObject\",\"inLanguage\":\"ro-RO\",\"@id\":\"https:\\\/\\\/shopatoa.com\\\/ro\\\/#\\\/schema\\\/logo\\\/image\\\/\",\"url\":\"https:\\\/\\\/storage.googleapis.com\\\/cz-shopatoa-img\\\/ro\\\/b4dac915-shopatoa_logo.png\",\"contentUrl\":\"https:\\\/\\\/storage.googleapis.com\\\/cz-shopatoa-img\\\/ro\\\/b4dac915-shopatoa_logo.png\",\"width\":416,\"height\":63,\"caption\":\"SHOPATOA\"},\"image\":{\"@id\":\"https:\\\/\\\/shopatoa.com\\\/ro\\\/#\\\/schema\\\/logo\\\/image\\\/\"}}]}<\/script>\n<!-- \/ Yoast SEO plugin. -->","yoast_head_json":{"title":"Sally Hansen Salon Wax Kit cear\u0103 pentru epilare pentru fata si zonele sensibile ale pielii 35 g - SHOPATOA.COM","robots":{"index":"index","follow":"follow","max-snippet":"max-snippet:-1","max-image-preview":"max-image-preview:large","max-video-preview":"max-video-preview:-1"},"canonical":"https:\/\/shopatoa.com\/ro\/sally-hansen-salon-wax-kit-ceara-pentru-epilare-pentru-fata-si-zonele-sensibile-ale-pielii-35-g\/","og_locale":"ro_RO","og_type":"article","og_title":"Sally Hansen Salon Wax Kit cear\u0103 pentru epilare pentru fata si zonele sensibile ale pielii 35 g - SHOPATOA.COM","og_description":"Sally Hansen Salon Wax Kit, 35 g, Cear\u0103 de epilare pentru femei, Preparatul Sally Hansen Salon faciliteaz\u0103 o depilare u\u0219oar\u0103, av\u00e2nd ca rezultat o piele frumoas\u0103 \u0219i neted\u0103. Caracteristici: \u00eendep\u0103rteaz\u0103 delicat p\u0103rul, pentru c\u00e2teva s\u0103pt\u0103m\u00e2ni utilizarea regulat\u0103 reduce num\u0103rul firelor de p\u0103r noi ac\u021bioneaz\u0103 de la r\u0103d\u0103cini poate fi utilizat\u0103 \u0219i pe zona bikini potrivit\u0103...","og_url":"https:\/\/shopatoa.com\/ro\/sally-hansen-salon-wax-kit-ceara-pentru-epilare-pentru-fata-si-zonele-sensibile-ale-pielii-35-g\/","og_site_name":"SHOPATOA","article_modified_time":"2025-12-10T05:54:45+00:00","og_image":[{"width":800,"height":800,"url":"https:\/\/storage.googleapis.com\/cz-shopatoa-img\/ro\/e946a0c1-unnamed-file.webp","type":"image\/webp"}],"twitter_card":"summary_large_image","twitter_misc":{"Timp estimat pentru citire":"1 minut"},"schema":{"@context":"https:\/\/schema.org","@graph":[{"@type":"WebPage","@id":"https:\/\/shopatoa.com\/ro\/sally-hansen-salon-wax-kit-ceara-pentru-epilare-pentru-fata-si-zonele-sensibile-ale-pielii-35-g\/","url":"https:\/\/shopatoa.com\/ro\/sally-hansen-salon-wax-kit-ceara-pentru-epilare-pentru-fata-si-zonele-sensibile-ale-pielii-35-g\/","name":"Sally Hansen Salon Wax Kit cear\u0103 pentru epilare pentru fata si zonele sensibile ale pielii 35 g - SHOPATOA.COM","isPartOf":{"@id":"https:\/\/shopatoa.com\/ro\/#website"},"primaryImageOfPage":{"@id":"https:\/\/shopatoa.com\/ro\/sally-hansen-salon-wax-kit-ceara-pentru-epilare-pentru-fata-si-zonele-sensibile-ale-pielii-35-g\/#primaryimage"},"image":{"@id":"https:\/\/shopatoa.com\/ro\/sally-hansen-salon-wax-kit-ceara-pentru-epilare-pentru-fata-si-zonele-sensibile-ale-pielii-35-g\/#primaryimage"},"thumbnailUrl":"https:\/\/storage.googleapis.com\/cz-shopatoa-img\/ro\/e946a0c1-unnamed-file.webp","datePublished":"2025-06-17T14:37:39+00:00","dateModified":"2025-12-10T05:54:45+00:00","breadcrumb":{"@id":"https:\/\/shopatoa.com\/ro\/sally-hansen-salon-wax-kit-ceara-pentru-epilare-pentru-fata-si-zonele-sensibile-ale-pielii-35-g\/#breadcrumb"},"inLanguage":"ro-RO","potentialAction":[{"@type":"ReadAction","target":["https:\/\/shopatoa.com\/ro\/sally-hansen-salon-wax-kit-ceara-pentru-epilare-pentru-fata-si-zonele-sensibile-ale-pielii-35-g\/"]}]},{"@type":"ImageObject","inLanguage":"ro-RO","@id":"https:\/\/shopatoa.com\/ro\/sally-hansen-salon-wax-kit-ceara-pentru-epilare-pentru-fata-si-zonele-sensibile-ale-pielii-35-g\/#primaryimage","url":"https:\/\/storage.googleapis.com\/cz-shopatoa-img\/ro\/e946a0c1-unnamed-file.webp","contentUrl":"https:\/\/storage.googleapis.com\/cz-shopatoa-img\/ro\/e946a0c1-unnamed-file.webp","width":800,"height":800},{"@type":"BreadcrumbList","@id":"https:\/\/shopatoa.com\/ro\/sally-hansen-salon-wax-kit-ceara-pentru-epilare-pentru-fata-si-zonele-sensibile-ale-pielii-35-g\/#breadcrumb","itemListElement":[{"@type":"ListItem","position":1,"name":"Dom\u016f","item":"https:\/\/shopatoa.com\/ro\/"},{"@type":"ListItem","position":2,"name":"Shop","item":"https:\/\/shopatoa.com\/ro\/shop\/"},{"@type":"ListItem","position":3,"name":"S\u0103n\u0103tate \u0219i frumuse\u021be","item":"https:\/\/shopatoa.com\/ro\/sanatate-si-frumusete\/"},{"@type":"ListItem","position":4,"name":"\u00cengrijire personal\u0103","item":"https:\/\/shopatoa.com\/ro\/ingrijire-personala\/"},{"@type":"ListItem","position":5,"name":"B\u0103rbierit \u0219i \u00eengrijire","item":"https:\/\/shopatoa.com\/ro\/barbierit-si-ingrijire\/"},{"@type":"ListItem","position":6,"name":"\u00cendep\u0103rtarea p\u0103rului","item":"https:\/\/shopatoa.com\/ro\/indepartarea-parului\/"},{"@type":"ListItem","position":7,"name":"Depilatoare","item":"https:\/\/shopatoa.com\/ro\/depilatoare\/"},{"@type":"ListItem","position":8,"name":"Sally Hansen Salon Wax Kit cear\u0103 pentru epilare pentru fata si zonele sensibile ale pielii 35 g"}]},{"@type":"WebSite","@id":"https:\/\/shopatoa.com\/ro\/#website","url":"https:\/\/shopatoa.com\/ro\/","name":"SHOPATOA","description":"","publisher":{"@id":"https:\/\/shopatoa.com\/ro\/#organization"},"potentialAction":[{"@type":"SearchAction","target":{"@type":"EntryPoint","urlTemplate":"https:\/\/shopatoa.com\/ro\/?s={search_term_string}"},"query-input":{"@type":"PropertyValueSpecification","valueRequired":true,"valueName":"search_term_string"}}],"inLanguage":"ro-RO"},{"@type":"Organization","@id":"https:\/\/shopatoa.com\/ro\/#organization","name":"SHOPATOA","url":"https:\/\/shopatoa.com\/ro\/","logo":{"@type":"ImageObject","inLanguage":"ro-RO","@id":"https:\/\/shopatoa.com\/ro\/#\/schema\/logo\/image\/","url":"https:\/\/storage.googleapis.com\/cz-shopatoa-img\/ro\/b4dac915-shopatoa_logo.png","contentUrl":"https:\/\/storage.googleapis.com\/cz-shopatoa-img\/ro\/b4dac915-shopatoa_logo.png","width":416,"height":63,"caption":"SHOPATOA"},"image":{"@id":"https:\/\/shopatoa.com\/ro\/#\/schema\/logo\/image\/"}}]}},"_links":{"self":[{"href":"https:\/\/shopatoa.com\/ro\/wp-json\/wp\/v2\/product\/399630","targetHints":{"allow":["GET"]}}],"collection":[{"href":"https:\/\/shopatoa.com\/ro\/wp-json\/wp\/v2\/product"}],"about":[{"href":"https:\/\/shopatoa.com\/ro\/wp-json\/wp\/v2\/types\/product"}],"replies":[{"embeddable":true,"href":"https:\/\/shopatoa.com\/ro\/wp-json\/wp\/v2\/comments?post=399630"}],"wp:featuredmedia":[{"embeddable":true,"href":"https:\/\/shopatoa.com\/ro\/wp-json\/wp\/v2\/media\/399631"}],"wp:attachment":[{"href":"https:\/\/shopatoa.com\/ro\/wp-json\/wp\/v2\/media?parent=399630"}],"wp:term":[{"taxonomy":"product_brand","embeddable":true,"href":"https:\/\/shopatoa.com\/ro\/wp-json\/wp\/v2\/product_brand?post=399630"},{"taxonomy":"product_cat","embeddable":true,"href":"https:\/\/shopatoa.com\/ro\/wp-json\/wp\/v2\/product_cat?post=399630"},{"taxonomy":"product_tag","embeddable":true,"href":"https:\/\/shopatoa.com\/ro\/wp-json\/wp\/v2\/product_tag?post=399630"}],"curies":[{"name":"wp","href":"https:\/\/api.w.org\/{rel}","templated":true}]}}