{"id":399764,"date":"2025-06-17T16:48:29","date_gmt":"2025-06-17T14:48:29","guid":{"rendered":"https:\/\/shopatoa.com\/ro\/korika-korean-skin-care-routine-set-of-3-brightening-sheet-masks-set-pentru-o-piele-mai-luminoasa\/"},"modified":"2025-12-10T06:03:28","modified_gmt":"2025-12-10T05:03:28","slug":"korika-korean-skin-care-routine-set-of-3-brightening-sheet-masks-set-pentru-o-piele-mai-luminoasa","status":"publish","type":"product","link":"https:\/\/shopatoa.com\/ro\/korika-korean-skin-care-routine-set-of-3-brightening-sheet-masks-set-pentru-o-piele-mai-luminoasa\/","title":{"rendered":"KORIKA KOREAN SKIN CARE ROUTINE SET OF 3 BRIGHTENING SHEET MASKS set pentru o piele mai luminoasa"},"content":{"rendered":"<p>KORIKA KOREAN SKIN CARE ROUTINE SET OF 3 BRIGHTENING SHEET MASKS, M\u0103\u0219ti din p\u00e2nz\u0103 pentru femei, Setul con\u021bine:   KORIKA Korean Heritage Jeju Mandaring &amp; Vitamin B-C-E Complex Skin Illuminating Sheet Mask masc\u0103 textil\u0103 iluminatoare 25 g  KORIKA FermentBeauty Brightening Face Sheet Mask with Fermented Rice and Hyaluronic Acid masc\u0103 facial\u0103 de p\u00e2nz\u0103 cu efect iluminator, cu orez fermentat \u0219i acid hialuronic 20 g  KORIKA SuperFruits Hallabong &#8211; Brightening Sheet Mask masc\u0103 textil\u0103 iluminatoare 25 g   Caracteristici:  hidrateaz\u0103 profund \u0219i hr\u0103ne\u0219te intens pentru \u00eengrijirea tenului matur potrivit \u0219i pentru ten sensibil ilumineaz\u0103 \u0219i \u00eemprosp\u0103teaz\u0103  Cum se utilizeaz\u0103: Se scoate cu grij\u0103 masca din ambalaj \u0219i se aplic\u0103 pe fa\u021ba curat\u0103. Se las\u0103 s\u0103 ac\u021bioneze pe durata specificat\u0103 pe ambalaj. Serul neabsorbit se maseaz\u0103 u\u0219or \u00een piele sau se \u0219terge cu un tampon cosmetic.<\/p>\n","protected":false},"excerpt":{"rendered":"<p>KORIKA KOREAN SKIN CARE ROUTINE SET OF 3 BRIGHTENING SHEET MASKS, M\u0103\u0219ti din p\u00e2nz\u0103 pentru femei, Setul con\u021bine: KORIKA Korean Heritage Jeju Mandaring &amp; Vitamin B-C-E Complex Skin Illuminating Sheet Mask masc\u0103 textil\u0103 iluminatoare 25 g KORIKA FermentBeauty Brightening Face Sheet Mask with Fermented Rice and Hyaluronic Acid masc\u0103 facial\u0103 de p\u00e2nz\u0103 cu efect iluminator,&#8230;<\/p>\n","protected":false},"featured_media":399765,"comment_status":"closed","ping_status":"open","template":"","meta":{"_acf_changed":false,"_kadence_starter_templates_imported_post":false,"_kad_post_transparent":"","_kad_post_title":"","_kad_post_layout":"","_kad_post_sidebar_id":"","_kad_post_content_style":"","_kad_post_vertical_padding":"","_kad_post_feature":"","_kad_post_feature_position":"","_kad_post_header":false,"_kad_post_footer":false,"_kad_post_classname":""},"product_brand":[1924],"product_cat":[1564,1563,1565,1614,1562],"product_tag":[],"class_list":{"0":"post-399764","1":"product","2":"type-product","3":"status-publish","4":"has-post-thumbnail","6":"product_brand-korika","7":"product_cat-cosmetice-ingrijire-personala","8":"product_cat-ingrijire-personala","9":"product_cat-ingrijirea-pielii","10":"product_cat-masti-si-peelings-pentru-ten","11":"product_cat-sanatate-si-frumusete","12":"pa_gen-female","14":"first","15":"instock","16":"sale","17":"product-type-external","18":"entry","19":"content-bg","20":"loop-entry"},"acf":[],"yoast_head":"<!-- This site is optimized with the Yoast SEO plugin v27.4 - https:\/\/yoast.com\/product\/yoast-seo-wordpress\/ -->\n<title>KORIKA KOREAN SKIN CARE ROUTINE SET OF 3 BRIGHTENING SHEET MASKS set pentru o piele mai luminoasa - SHOPATOA.COM<\/title>\n<meta name=\"robots\" content=\"index, follow, max-snippet:-1, max-image-preview:large, max-video-preview:-1\" \/>\n<link rel=\"canonical\" href=\"https:\/\/shopatoa.com\/ro\/korika-korean-skin-care-routine-set-of-3-brightening-sheet-masks-set-pentru-o-piele-mai-luminoasa\/\" \/>\n<meta property=\"og:locale\" content=\"ro_RO\" \/>\n<meta property=\"og:type\" content=\"article\" \/>\n<meta property=\"og:title\" content=\"KORIKA KOREAN SKIN CARE ROUTINE SET OF 3 BRIGHTENING SHEET MASKS set pentru o piele mai luminoasa - SHOPATOA.COM\" \/>\n<meta property=\"og:description\" content=\"KORIKA KOREAN SKIN CARE ROUTINE SET OF 3 BRIGHTENING SHEET MASKS, M\u0103\u0219ti din p\u00e2nz\u0103 pentru femei, Setul con\u021bine: KORIKA Korean Heritage Jeju Mandaring &amp; Vitamin B-C-E Complex Skin Illuminating Sheet Mask masc\u0103 textil\u0103 iluminatoare 25 g KORIKA FermentBeauty Brightening Face Sheet Mask with Fermented Rice and Hyaluronic Acid masc\u0103 facial\u0103 de p\u00e2nz\u0103 cu efect iluminator,...\" \/>\n<meta property=\"og:url\" content=\"https:\/\/shopatoa.com\/ro\/korika-korean-skin-care-routine-set-of-3-brightening-sheet-masks-set-pentru-o-piele-mai-luminoasa\/\" \/>\n<meta property=\"og:site_name\" content=\"SHOPATOA\" \/>\n<meta property=\"article:modified_time\" content=\"2025-12-10T05:03:28+00:00\" \/>\n<meta property=\"og:image\" content=\"https:\/\/storage.googleapis.com\/cz-shopatoa-img\/ro\/1e4720f9-unnamed-file.webp\" \/>\n\t<meta property=\"og:image:width\" content=\"800\" \/>\n\t<meta property=\"og:image:height\" content=\"800\" \/>\n\t<meta property=\"og:image:type\" content=\"image\/webp\" \/>\n<meta name=\"twitter:card\" content=\"summary_large_image\" \/>\n<meta name=\"twitter:label1\" content=\"Timp estimat pentru citire\" \/>\n\t<meta name=\"twitter:data1\" content=\"1 minut\" \/>\n<script type=\"application\/ld+json\" class=\"yoast-schema-graph\">{\"@context\":\"https:\\\/\\\/schema.org\",\"@graph\":[{\"@type\":\"WebPage\",\"@id\":\"https:\\\/\\\/shopatoa.com\\\/ro\\\/korika-korean-skin-care-routine-set-of-3-brightening-sheet-masks-set-pentru-o-piele-mai-luminoasa\\\/\",\"url\":\"https:\\\/\\\/shopatoa.com\\\/ro\\\/korika-korean-skin-care-routine-set-of-3-brightening-sheet-masks-set-pentru-o-piele-mai-luminoasa\\\/\",\"name\":\"KORIKA KOREAN SKIN CARE ROUTINE SET OF 3 BRIGHTENING SHEET MASKS set pentru o piele mai luminoasa - SHOPATOA.COM\",\"isPartOf\":{\"@id\":\"https:\\\/\\\/shopatoa.com\\\/ro\\\/#website\"},\"primaryImageOfPage\":{\"@id\":\"https:\\\/\\\/shopatoa.com\\\/ro\\\/korika-korean-skin-care-routine-set-of-3-brightening-sheet-masks-set-pentru-o-piele-mai-luminoasa\\\/#primaryimage\"},\"image\":{\"@id\":\"https:\\\/\\\/shopatoa.com\\\/ro\\\/korika-korean-skin-care-routine-set-of-3-brightening-sheet-masks-set-pentru-o-piele-mai-luminoasa\\\/#primaryimage\"},\"thumbnailUrl\":\"https:\\\/\\\/storage.googleapis.com\\\/cz-shopatoa-img\\\/ro\\\/1e4720f9-unnamed-file.webp\",\"datePublished\":\"2025-06-17T14:48:29+00:00\",\"dateModified\":\"2025-12-10T05:03:28+00:00\",\"breadcrumb\":{\"@id\":\"https:\\\/\\\/shopatoa.com\\\/ro\\\/korika-korean-skin-care-routine-set-of-3-brightening-sheet-masks-set-pentru-o-piele-mai-luminoasa\\\/#breadcrumb\"},\"inLanguage\":\"ro-RO\",\"potentialAction\":[{\"@type\":\"ReadAction\",\"target\":[\"https:\\\/\\\/shopatoa.com\\\/ro\\\/korika-korean-skin-care-routine-set-of-3-brightening-sheet-masks-set-pentru-o-piele-mai-luminoasa\\\/\"]}]},{\"@type\":\"ImageObject\",\"inLanguage\":\"ro-RO\",\"@id\":\"https:\\\/\\\/shopatoa.com\\\/ro\\\/korika-korean-skin-care-routine-set-of-3-brightening-sheet-masks-set-pentru-o-piele-mai-luminoasa\\\/#primaryimage\",\"url\":\"https:\\\/\\\/storage.googleapis.com\\\/cz-shopatoa-img\\\/ro\\\/1e4720f9-unnamed-file.webp\",\"contentUrl\":\"https:\\\/\\\/storage.googleapis.com\\\/cz-shopatoa-img\\\/ro\\\/1e4720f9-unnamed-file.webp\",\"width\":800,\"height\":800},{\"@type\":\"BreadcrumbList\",\"@id\":\"https:\\\/\\\/shopatoa.com\\\/ro\\\/korika-korean-skin-care-routine-set-of-3-brightening-sheet-masks-set-pentru-o-piele-mai-luminoasa\\\/#breadcrumb\",\"itemListElement\":[{\"@type\":\"ListItem\",\"position\":1,\"name\":\"Dom\u016f\",\"item\":\"https:\\\/\\\/shopatoa.com\\\/ro\\\/\"},{\"@type\":\"ListItem\",\"position\":2,\"name\":\"Shop\",\"item\":\"https:\\\/\\\/shopatoa.com\\\/ro\\\/shop\\\/\"},{\"@type\":\"ListItem\",\"position\":3,\"name\":\"S\u0103n\u0103tate \u0219i frumuse\u021be\",\"item\":\"https:\\\/\\\/shopatoa.com\\\/ro\\\/sanatate-si-frumusete\\\/\"},{\"@type\":\"ListItem\",\"position\":4,\"name\":\"\u00cengrijire personal\u0103\",\"item\":\"https:\\\/\\\/shopatoa.com\\\/ro\\\/ingrijire-personala\\\/\"},{\"@type\":\"ListItem\",\"position\":5,\"name\":\"Cosmetice\",\"item\":\"https:\\\/\\\/shopatoa.com\\\/ro\\\/cosmetice-ingrijire-personala\\\/\"},{\"@type\":\"ListItem\",\"position\":6,\"name\":\"\u00cengrijirea pielii\",\"item\":\"https:\\\/\\\/shopatoa.com\\\/ro\\\/ingrijirea-pielii\\\/\"},{\"@type\":\"ListItem\",\"position\":7,\"name\":\"M\u0103\u0219ti \u0219i peelings pentru ten\",\"item\":\"https:\\\/\\\/shopatoa.com\\\/ro\\\/masti-si-peelings-pentru-ten\\\/\"},{\"@type\":\"ListItem\",\"position\":8,\"name\":\"KORIKA KOREAN SKIN CARE ROUTINE SET OF 3 BRIGHTENING SHEET MASKS set pentru o piele mai luminoasa\"}]},{\"@type\":\"WebSite\",\"@id\":\"https:\\\/\\\/shopatoa.com\\\/ro\\\/#website\",\"url\":\"https:\\\/\\\/shopatoa.com\\\/ro\\\/\",\"name\":\"SHOPATOA\",\"description\":\"\",\"publisher\":{\"@id\":\"https:\\\/\\\/shopatoa.com\\\/ro\\\/#organization\"},\"potentialAction\":[{\"@type\":\"SearchAction\",\"target\":{\"@type\":\"EntryPoint\",\"urlTemplate\":\"https:\\\/\\\/shopatoa.com\\\/ro\\\/?s={search_term_string}\"},\"query-input\":{\"@type\":\"PropertyValueSpecification\",\"valueRequired\":true,\"valueName\":\"search_term_string\"}}],\"inLanguage\":\"ro-RO\"},{\"@type\":\"Organization\",\"@id\":\"https:\\\/\\\/shopatoa.com\\\/ro\\\/#organization\",\"name\":\"SHOPATOA\",\"url\":\"https:\\\/\\\/shopatoa.com\\\/ro\\\/\",\"logo\":{\"@type\":\"ImageObject\",\"inLanguage\":\"ro-RO\",\"@id\":\"https:\\\/\\\/shopatoa.com\\\/ro\\\/#\\\/schema\\\/logo\\\/image\\\/\",\"url\":\"https:\\\/\\\/storage.googleapis.com\\\/cz-shopatoa-img\\\/ro\\\/b4dac915-shopatoa_logo.png\",\"contentUrl\":\"https:\\\/\\\/storage.googleapis.com\\\/cz-shopatoa-img\\\/ro\\\/b4dac915-shopatoa_logo.png\",\"width\":416,\"height\":63,\"caption\":\"SHOPATOA\"},\"image\":{\"@id\":\"https:\\\/\\\/shopatoa.com\\\/ro\\\/#\\\/schema\\\/logo\\\/image\\\/\"}}]}<\/script>\n<!-- \/ Yoast SEO plugin. -->","yoast_head_json":{"title":"KORIKA KOREAN SKIN CARE ROUTINE SET OF 3 BRIGHTENING SHEET MASKS set pentru o piele mai luminoasa - SHOPATOA.COM","robots":{"index":"index","follow":"follow","max-snippet":"max-snippet:-1","max-image-preview":"max-image-preview:large","max-video-preview":"max-video-preview:-1"},"canonical":"https:\/\/shopatoa.com\/ro\/korika-korean-skin-care-routine-set-of-3-brightening-sheet-masks-set-pentru-o-piele-mai-luminoasa\/","og_locale":"ro_RO","og_type":"article","og_title":"KORIKA KOREAN SKIN CARE ROUTINE SET OF 3 BRIGHTENING SHEET MASKS set pentru o piele mai luminoasa - SHOPATOA.COM","og_description":"KORIKA KOREAN SKIN CARE ROUTINE SET OF 3 BRIGHTENING SHEET MASKS, M\u0103\u0219ti din p\u00e2nz\u0103 pentru femei, Setul con\u021bine: KORIKA Korean Heritage Jeju Mandaring &amp; Vitamin B-C-E Complex Skin Illuminating Sheet Mask masc\u0103 textil\u0103 iluminatoare 25 g KORIKA FermentBeauty Brightening Face Sheet Mask with Fermented Rice and Hyaluronic Acid masc\u0103 facial\u0103 de p\u00e2nz\u0103 cu efect iluminator,...","og_url":"https:\/\/shopatoa.com\/ro\/korika-korean-skin-care-routine-set-of-3-brightening-sheet-masks-set-pentru-o-piele-mai-luminoasa\/","og_site_name":"SHOPATOA","article_modified_time":"2025-12-10T05:03:28+00:00","og_image":[{"width":800,"height":800,"url":"https:\/\/storage.googleapis.com\/cz-shopatoa-img\/ro\/1e4720f9-unnamed-file.webp","type":"image\/webp"}],"twitter_card":"summary_large_image","twitter_misc":{"Timp estimat pentru citire":"1 minut"},"schema":{"@context":"https:\/\/schema.org","@graph":[{"@type":"WebPage","@id":"https:\/\/shopatoa.com\/ro\/korika-korean-skin-care-routine-set-of-3-brightening-sheet-masks-set-pentru-o-piele-mai-luminoasa\/","url":"https:\/\/shopatoa.com\/ro\/korika-korean-skin-care-routine-set-of-3-brightening-sheet-masks-set-pentru-o-piele-mai-luminoasa\/","name":"KORIKA KOREAN SKIN CARE ROUTINE SET OF 3 BRIGHTENING SHEET MASKS set pentru o piele mai luminoasa - SHOPATOA.COM","isPartOf":{"@id":"https:\/\/shopatoa.com\/ro\/#website"},"primaryImageOfPage":{"@id":"https:\/\/shopatoa.com\/ro\/korika-korean-skin-care-routine-set-of-3-brightening-sheet-masks-set-pentru-o-piele-mai-luminoasa\/#primaryimage"},"image":{"@id":"https:\/\/shopatoa.com\/ro\/korika-korean-skin-care-routine-set-of-3-brightening-sheet-masks-set-pentru-o-piele-mai-luminoasa\/#primaryimage"},"thumbnailUrl":"https:\/\/storage.googleapis.com\/cz-shopatoa-img\/ro\/1e4720f9-unnamed-file.webp","datePublished":"2025-06-17T14:48:29+00:00","dateModified":"2025-12-10T05:03:28+00:00","breadcrumb":{"@id":"https:\/\/shopatoa.com\/ro\/korika-korean-skin-care-routine-set-of-3-brightening-sheet-masks-set-pentru-o-piele-mai-luminoasa\/#breadcrumb"},"inLanguage":"ro-RO","potentialAction":[{"@type":"ReadAction","target":["https:\/\/shopatoa.com\/ro\/korika-korean-skin-care-routine-set-of-3-brightening-sheet-masks-set-pentru-o-piele-mai-luminoasa\/"]}]},{"@type":"ImageObject","inLanguage":"ro-RO","@id":"https:\/\/shopatoa.com\/ro\/korika-korean-skin-care-routine-set-of-3-brightening-sheet-masks-set-pentru-o-piele-mai-luminoasa\/#primaryimage","url":"https:\/\/storage.googleapis.com\/cz-shopatoa-img\/ro\/1e4720f9-unnamed-file.webp","contentUrl":"https:\/\/storage.googleapis.com\/cz-shopatoa-img\/ro\/1e4720f9-unnamed-file.webp","width":800,"height":800},{"@type":"BreadcrumbList","@id":"https:\/\/shopatoa.com\/ro\/korika-korean-skin-care-routine-set-of-3-brightening-sheet-masks-set-pentru-o-piele-mai-luminoasa\/#breadcrumb","itemListElement":[{"@type":"ListItem","position":1,"name":"Dom\u016f","item":"https:\/\/shopatoa.com\/ro\/"},{"@type":"ListItem","position":2,"name":"Shop","item":"https:\/\/shopatoa.com\/ro\/shop\/"},{"@type":"ListItem","position":3,"name":"S\u0103n\u0103tate \u0219i frumuse\u021be","item":"https:\/\/shopatoa.com\/ro\/sanatate-si-frumusete\/"},{"@type":"ListItem","position":4,"name":"\u00cengrijire personal\u0103","item":"https:\/\/shopatoa.com\/ro\/ingrijire-personala\/"},{"@type":"ListItem","position":5,"name":"Cosmetice","item":"https:\/\/shopatoa.com\/ro\/cosmetice-ingrijire-personala\/"},{"@type":"ListItem","position":6,"name":"\u00cengrijirea pielii","item":"https:\/\/shopatoa.com\/ro\/ingrijirea-pielii\/"},{"@type":"ListItem","position":7,"name":"M\u0103\u0219ti \u0219i peelings pentru ten","item":"https:\/\/shopatoa.com\/ro\/masti-si-peelings-pentru-ten\/"},{"@type":"ListItem","position":8,"name":"KORIKA KOREAN SKIN CARE ROUTINE SET OF 3 BRIGHTENING SHEET MASKS set pentru o piele mai luminoasa"}]},{"@type":"WebSite","@id":"https:\/\/shopatoa.com\/ro\/#website","url":"https:\/\/shopatoa.com\/ro\/","name":"SHOPATOA","description":"","publisher":{"@id":"https:\/\/shopatoa.com\/ro\/#organization"},"potentialAction":[{"@type":"SearchAction","target":{"@type":"EntryPoint","urlTemplate":"https:\/\/shopatoa.com\/ro\/?s={search_term_string}"},"query-input":{"@type":"PropertyValueSpecification","valueRequired":true,"valueName":"search_term_string"}}],"inLanguage":"ro-RO"},{"@type":"Organization","@id":"https:\/\/shopatoa.com\/ro\/#organization","name":"SHOPATOA","url":"https:\/\/shopatoa.com\/ro\/","logo":{"@type":"ImageObject","inLanguage":"ro-RO","@id":"https:\/\/shopatoa.com\/ro\/#\/schema\/logo\/image\/","url":"https:\/\/storage.googleapis.com\/cz-shopatoa-img\/ro\/b4dac915-shopatoa_logo.png","contentUrl":"https:\/\/storage.googleapis.com\/cz-shopatoa-img\/ro\/b4dac915-shopatoa_logo.png","width":416,"height":63,"caption":"SHOPATOA"},"image":{"@id":"https:\/\/shopatoa.com\/ro\/#\/schema\/logo\/image\/"}}]}},"_links":{"self":[{"href":"https:\/\/shopatoa.com\/ro\/wp-json\/wp\/v2\/product\/399764","targetHints":{"allow":["GET"]}}],"collection":[{"href":"https:\/\/shopatoa.com\/ro\/wp-json\/wp\/v2\/product"}],"about":[{"href":"https:\/\/shopatoa.com\/ro\/wp-json\/wp\/v2\/types\/product"}],"replies":[{"embeddable":true,"href":"https:\/\/shopatoa.com\/ro\/wp-json\/wp\/v2\/comments?post=399764"}],"wp:featuredmedia":[{"embeddable":true,"href":"https:\/\/shopatoa.com\/ro\/wp-json\/wp\/v2\/media\/399765"}],"wp:attachment":[{"href":"https:\/\/shopatoa.com\/ro\/wp-json\/wp\/v2\/media?parent=399764"}],"wp:term":[{"taxonomy":"product_brand","embeddable":true,"href":"https:\/\/shopatoa.com\/ro\/wp-json\/wp\/v2\/product_brand?post=399764"},{"taxonomy":"product_cat","embeddable":true,"href":"https:\/\/shopatoa.com\/ro\/wp-json\/wp\/v2\/product_cat?post=399764"},{"taxonomy":"product_tag","embeddable":true,"href":"https:\/\/shopatoa.com\/ro\/wp-json\/wp\/v2\/product_tag?post=399764"}],"curies":[{"name":"wp","href":"https:\/\/api.w.org\/{rel}","templated":true}]}}