{"id":399836,"date":"2025-06-17T16:55:21","date_gmt":"2025-06-17T14:55:21","guid":{"rendered":"https:\/\/shopatoa.com\/ro\/onlybio-botanic-clinic-bright-treatment-exfoliant-iluminator-75-ml\/"},"modified":"2025-10-08T19:05:40","modified_gmt":"2025-10-08T17:05:40","slug":"onlybio-botanic-clinic-bright-treatment-exfoliant-iluminator-75-ml","status":"publish","type":"product","link":"https:\/\/shopatoa.com\/ro\/onlybio-botanic-clinic-bright-treatment-exfoliant-iluminator-75-ml\/","title":{"rendered":"OnlyBio Botanic Clinic Bright Treatment exfoliant iluminator 75 ml"},"content":{"rendered":"<p>OnlyBio Botanic Clinic Bright Treatment, 75 ml, Peeling enzimatic pentru femei, Pentru o exfoliere eficient\u0103 de prevenire a imperfec\u021biunilor tenului nu trebuie s\u0103 merge\u021bi la un salon de cosmetic\u0103. Exfoliantul facial OnlyBio Botanic Clinic Bright Treatment va avea grij\u0103 de el \u00een confortul casei dvs. Nu numai c\u0103 \u00eendep\u0103rteaz\u0103 celulele moarte cutanate, care au tendin\u021ba de a bloca porii, de a provoca puncte negre sau aspect tern \u0219i lipsit de str\u0103lucire, ci \u0219i cur\u0103\u021b\u0103 tenul de impurit\u0103\u021bi \u0219i \u00eel neteze\u0219te.  Caracteristici:  neteze\u0219te \u0219i catifeleaz\u0103 pielea spal\u0103 \u0219i cur\u0103\u021b\u0103 temeinic \u00eentreaga fa\u021b\u0103 ilumineaz\u0103 \u0219i uniformizeaz\u0103 tenul  Ingrediente:  produs vegan  Cum se utilizeaz\u0103: Se aplic\u0103 pe fa\u021ba umed\u0103, prin masaj delicat \u0219i se cl\u0103te\u0219te atent cu ap\u0103.<\/p>\n","protected":false},"excerpt":{"rendered":"<p>OnlyBio Botanic Clinic Bright Treatment, 75 ml, Peeling enzimatic pentru femei, Pentru o exfoliere eficient\u0103 de prevenire a imperfec\u021biunilor tenului nu trebuie s\u0103 merge\u021bi la un salon de cosmetic\u0103. Exfoliantul facial OnlyBio Botanic Clinic Bright Treatment va avea grij\u0103 de el \u00een confortul casei dvs. Nu numai c\u0103 \u00eendep\u0103rteaz\u0103 celulele moarte cutanate, care au tendin\u021ba&#8230;<\/p>\n","protected":false},"featured_media":399837,"comment_status":"closed","ping_status":"open","template":"","meta":{"_acf_changed":false,"_kadence_starter_templates_imported_post":false,"_kad_post_transparent":"","_kad_post_title":"","_kad_post_layout":"","_kad_post_sidebar_id":"","_kad_post_content_style":"","_kad_post_vertical_padding":"","_kad_post_feature":"","_kad_post_feature_position":"","_kad_post_header":false,"_kad_post_footer":false,"_kad_post_classname":""},"product_brand":[2213],"product_cat":[1564,1563,1565,1715,1562],"product_tag":[],"class_list":{"0":"post-399836","1":"product","2":"type-product","3":"status-publish","4":"has-post-thumbnail","6":"product_brand-onlybio","7":"product_cat-cosmetice-ingrijire-personala","8":"product_cat-ingrijire-personala","9":"product_cat-ingrijirea-pielii","10":"product_cat-kituri-de-curatare-faciala","11":"product_cat-sanatate-si-frumusete","12":"pa_gen-female","13":"pa_marime-75-ml","15":"first","16":"instock","17":"sale","18":"product-type-external","19":"entry","20":"content-bg","21":"loop-entry"},"acf":[],"yoast_head":"<!-- This site is optimized with the Yoast SEO plugin v27.4 - https:\/\/yoast.com\/product\/yoast-seo-wordpress\/ -->\n<title>OnlyBio Botanic Clinic Bright Treatment exfoliant iluminator 75 ml - SHOPATOA.COM<\/title>\n<meta name=\"robots\" content=\"index, follow, max-snippet:-1, max-image-preview:large, max-video-preview:-1\" \/>\n<link rel=\"canonical\" href=\"https:\/\/shopatoa.com\/ro\/onlybio-botanic-clinic-bright-treatment-exfoliant-iluminator-75-ml\/\" \/>\n<meta property=\"og:locale\" content=\"ro_RO\" \/>\n<meta property=\"og:type\" content=\"article\" \/>\n<meta property=\"og:title\" content=\"OnlyBio Botanic Clinic Bright Treatment exfoliant iluminator 75 ml - SHOPATOA.COM\" \/>\n<meta property=\"og:description\" content=\"OnlyBio Botanic Clinic Bright Treatment, 75 ml, Peeling enzimatic pentru femei, Pentru o exfoliere eficient\u0103 de prevenire a imperfec\u021biunilor tenului nu trebuie s\u0103 merge\u021bi la un salon de cosmetic\u0103. Exfoliantul facial OnlyBio Botanic Clinic Bright Treatment va avea grij\u0103 de el \u00een confortul casei dvs. Nu numai c\u0103 \u00eendep\u0103rteaz\u0103 celulele moarte cutanate, care au tendin\u021ba...\" \/>\n<meta property=\"og:url\" content=\"https:\/\/shopatoa.com\/ro\/onlybio-botanic-clinic-bright-treatment-exfoliant-iluminator-75-ml\/\" \/>\n<meta property=\"og:site_name\" content=\"SHOPATOA\" \/>\n<meta property=\"article:modified_time\" content=\"2025-10-08T17:05:40+00:00\" \/>\n<meta property=\"og:image\" content=\"https:\/\/storage.googleapis.com\/cz-shopatoa-img\/ro\/18c4e8ef-unnamed-file.webp\" \/>\n\t<meta property=\"og:image:width\" content=\"800\" \/>\n\t<meta property=\"og:image:height\" content=\"800\" \/>\n\t<meta property=\"og:image:type\" content=\"image\/webp\" \/>\n<meta name=\"twitter:card\" content=\"summary_large_image\" \/>\n<meta name=\"twitter:label1\" content=\"Timp estimat pentru citire\" \/>\n\t<meta name=\"twitter:data1\" content=\"1 minut\" \/>\n<script type=\"application\/ld+json\" class=\"yoast-schema-graph\">{\"@context\":\"https:\\\/\\\/schema.org\",\"@graph\":[{\"@type\":\"WebPage\",\"@id\":\"https:\\\/\\\/shopatoa.com\\\/ro\\\/onlybio-botanic-clinic-bright-treatment-exfoliant-iluminator-75-ml\\\/\",\"url\":\"https:\\\/\\\/shopatoa.com\\\/ro\\\/onlybio-botanic-clinic-bright-treatment-exfoliant-iluminator-75-ml\\\/\",\"name\":\"OnlyBio Botanic Clinic Bright Treatment exfoliant iluminator 75 ml - SHOPATOA.COM\",\"isPartOf\":{\"@id\":\"https:\\\/\\\/shopatoa.com\\\/ro\\\/#website\"},\"primaryImageOfPage\":{\"@id\":\"https:\\\/\\\/shopatoa.com\\\/ro\\\/onlybio-botanic-clinic-bright-treatment-exfoliant-iluminator-75-ml\\\/#primaryimage\"},\"image\":{\"@id\":\"https:\\\/\\\/shopatoa.com\\\/ro\\\/onlybio-botanic-clinic-bright-treatment-exfoliant-iluminator-75-ml\\\/#primaryimage\"},\"thumbnailUrl\":\"https:\\\/\\\/storage.googleapis.com\\\/cz-shopatoa-img\\\/ro\\\/18c4e8ef-unnamed-file.webp\",\"datePublished\":\"2025-06-17T14:55:21+00:00\",\"dateModified\":\"2025-10-08T17:05:40+00:00\",\"breadcrumb\":{\"@id\":\"https:\\\/\\\/shopatoa.com\\\/ro\\\/onlybio-botanic-clinic-bright-treatment-exfoliant-iluminator-75-ml\\\/#breadcrumb\"},\"inLanguage\":\"ro-RO\",\"potentialAction\":[{\"@type\":\"ReadAction\",\"target\":[\"https:\\\/\\\/shopatoa.com\\\/ro\\\/onlybio-botanic-clinic-bright-treatment-exfoliant-iluminator-75-ml\\\/\"]}]},{\"@type\":\"ImageObject\",\"inLanguage\":\"ro-RO\",\"@id\":\"https:\\\/\\\/shopatoa.com\\\/ro\\\/onlybio-botanic-clinic-bright-treatment-exfoliant-iluminator-75-ml\\\/#primaryimage\",\"url\":\"https:\\\/\\\/storage.googleapis.com\\\/cz-shopatoa-img\\\/ro\\\/18c4e8ef-unnamed-file.webp\",\"contentUrl\":\"https:\\\/\\\/storage.googleapis.com\\\/cz-shopatoa-img\\\/ro\\\/18c4e8ef-unnamed-file.webp\",\"width\":800,\"height\":800},{\"@type\":\"BreadcrumbList\",\"@id\":\"https:\\\/\\\/shopatoa.com\\\/ro\\\/onlybio-botanic-clinic-bright-treatment-exfoliant-iluminator-75-ml\\\/#breadcrumb\",\"itemListElement\":[{\"@type\":\"ListItem\",\"position\":1,\"name\":\"Dom\u016f\",\"item\":\"https:\\\/\\\/shopatoa.com\\\/ro\\\/\"},{\"@type\":\"ListItem\",\"position\":2,\"name\":\"Shop\",\"item\":\"https:\\\/\\\/shopatoa.com\\\/ro\\\/shop\\\/\"},{\"@type\":\"ListItem\",\"position\":3,\"name\":\"S\u0103n\u0103tate \u0219i frumuse\u021be\",\"item\":\"https:\\\/\\\/shopatoa.com\\\/ro\\\/sanatate-si-frumusete\\\/\"},{\"@type\":\"ListItem\",\"position\":4,\"name\":\"\u00cengrijire personal\u0103\",\"item\":\"https:\\\/\\\/shopatoa.com\\\/ro\\\/ingrijire-personala\\\/\"},{\"@type\":\"ListItem\",\"position\":5,\"name\":\"Cosmetice\",\"item\":\"https:\\\/\\\/shopatoa.com\\\/ro\\\/cosmetice-ingrijire-personala\\\/\"},{\"@type\":\"ListItem\",\"position\":6,\"name\":\"\u00cengrijirea pielii\",\"item\":\"https:\\\/\\\/shopatoa.com\\\/ro\\\/ingrijirea-pielii\\\/\"},{\"@type\":\"ListItem\",\"position\":7,\"name\":\"Kituri de cur\u0103\u021bare facial\u0103\",\"item\":\"https:\\\/\\\/shopatoa.com\\\/ro\\\/kituri-de-curatare-faciala\\\/\"},{\"@type\":\"ListItem\",\"position\":8,\"name\":\"OnlyBio Botanic Clinic Bright Treatment exfoliant iluminator 75 ml\"}]},{\"@type\":\"WebSite\",\"@id\":\"https:\\\/\\\/shopatoa.com\\\/ro\\\/#website\",\"url\":\"https:\\\/\\\/shopatoa.com\\\/ro\\\/\",\"name\":\"SHOPATOA\",\"description\":\"\",\"publisher\":{\"@id\":\"https:\\\/\\\/shopatoa.com\\\/ro\\\/#organization\"},\"potentialAction\":[{\"@type\":\"SearchAction\",\"target\":{\"@type\":\"EntryPoint\",\"urlTemplate\":\"https:\\\/\\\/shopatoa.com\\\/ro\\\/?s={search_term_string}\"},\"query-input\":{\"@type\":\"PropertyValueSpecification\",\"valueRequired\":true,\"valueName\":\"search_term_string\"}}],\"inLanguage\":\"ro-RO\"},{\"@type\":\"Organization\",\"@id\":\"https:\\\/\\\/shopatoa.com\\\/ro\\\/#organization\",\"name\":\"SHOPATOA\",\"url\":\"https:\\\/\\\/shopatoa.com\\\/ro\\\/\",\"logo\":{\"@type\":\"ImageObject\",\"inLanguage\":\"ro-RO\",\"@id\":\"https:\\\/\\\/shopatoa.com\\\/ro\\\/#\\\/schema\\\/logo\\\/image\\\/\",\"url\":\"https:\\\/\\\/storage.googleapis.com\\\/cz-shopatoa-img\\\/ro\\\/b4dac915-shopatoa_logo.png\",\"contentUrl\":\"https:\\\/\\\/storage.googleapis.com\\\/cz-shopatoa-img\\\/ro\\\/b4dac915-shopatoa_logo.png\",\"width\":416,\"height\":63,\"caption\":\"SHOPATOA\"},\"image\":{\"@id\":\"https:\\\/\\\/shopatoa.com\\\/ro\\\/#\\\/schema\\\/logo\\\/image\\\/\"}}]}<\/script>\n<!-- \/ Yoast SEO plugin. -->","yoast_head_json":{"title":"OnlyBio Botanic Clinic Bright Treatment exfoliant iluminator 75 ml - SHOPATOA.COM","robots":{"index":"index","follow":"follow","max-snippet":"max-snippet:-1","max-image-preview":"max-image-preview:large","max-video-preview":"max-video-preview:-1"},"canonical":"https:\/\/shopatoa.com\/ro\/onlybio-botanic-clinic-bright-treatment-exfoliant-iluminator-75-ml\/","og_locale":"ro_RO","og_type":"article","og_title":"OnlyBio Botanic Clinic Bright Treatment exfoliant iluminator 75 ml - SHOPATOA.COM","og_description":"OnlyBio Botanic Clinic Bright Treatment, 75 ml, Peeling enzimatic pentru femei, Pentru o exfoliere eficient\u0103 de prevenire a imperfec\u021biunilor tenului nu trebuie s\u0103 merge\u021bi la un salon de cosmetic\u0103. Exfoliantul facial OnlyBio Botanic Clinic Bright Treatment va avea grij\u0103 de el \u00een confortul casei dvs. Nu numai c\u0103 \u00eendep\u0103rteaz\u0103 celulele moarte cutanate, care au tendin\u021ba...","og_url":"https:\/\/shopatoa.com\/ro\/onlybio-botanic-clinic-bright-treatment-exfoliant-iluminator-75-ml\/","og_site_name":"SHOPATOA","article_modified_time":"2025-10-08T17:05:40+00:00","og_image":[{"width":800,"height":800,"url":"https:\/\/storage.googleapis.com\/cz-shopatoa-img\/ro\/18c4e8ef-unnamed-file.webp","type":"image\/webp"}],"twitter_card":"summary_large_image","twitter_misc":{"Timp estimat pentru citire":"1 minut"},"schema":{"@context":"https:\/\/schema.org","@graph":[{"@type":"WebPage","@id":"https:\/\/shopatoa.com\/ro\/onlybio-botanic-clinic-bright-treatment-exfoliant-iluminator-75-ml\/","url":"https:\/\/shopatoa.com\/ro\/onlybio-botanic-clinic-bright-treatment-exfoliant-iluminator-75-ml\/","name":"OnlyBio Botanic Clinic Bright Treatment exfoliant iluminator 75 ml - SHOPATOA.COM","isPartOf":{"@id":"https:\/\/shopatoa.com\/ro\/#website"},"primaryImageOfPage":{"@id":"https:\/\/shopatoa.com\/ro\/onlybio-botanic-clinic-bright-treatment-exfoliant-iluminator-75-ml\/#primaryimage"},"image":{"@id":"https:\/\/shopatoa.com\/ro\/onlybio-botanic-clinic-bright-treatment-exfoliant-iluminator-75-ml\/#primaryimage"},"thumbnailUrl":"https:\/\/storage.googleapis.com\/cz-shopatoa-img\/ro\/18c4e8ef-unnamed-file.webp","datePublished":"2025-06-17T14:55:21+00:00","dateModified":"2025-10-08T17:05:40+00:00","breadcrumb":{"@id":"https:\/\/shopatoa.com\/ro\/onlybio-botanic-clinic-bright-treatment-exfoliant-iluminator-75-ml\/#breadcrumb"},"inLanguage":"ro-RO","potentialAction":[{"@type":"ReadAction","target":["https:\/\/shopatoa.com\/ro\/onlybio-botanic-clinic-bright-treatment-exfoliant-iluminator-75-ml\/"]}]},{"@type":"ImageObject","inLanguage":"ro-RO","@id":"https:\/\/shopatoa.com\/ro\/onlybio-botanic-clinic-bright-treatment-exfoliant-iluminator-75-ml\/#primaryimage","url":"https:\/\/storage.googleapis.com\/cz-shopatoa-img\/ro\/18c4e8ef-unnamed-file.webp","contentUrl":"https:\/\/storage.googleapis.com\/cz-shopatoa-img\/ro\/18c4e8ef-unnamed-file.webp","width":800,"height":800},{"@type":"BreadcrumbList","@id":"https:\/\/shopatoa.com\/ro\/onlybio-botanic-clinic-bright-treatment-exfoliant-iluminator-75-ml\/#breadcrumb","itemListElement":[{"@type":"ListItem","position":1,"name":"Dom\u016f","item":"https:\/\/shopatoa.com\/ro\/"},{"@type":"ListItem","position":2,"name":"Shop","item":"https:\/\/shopatoa.com\/ro\/shop\/"},{"@type":"ListItem","position":3,"name":"S\u0103n\u0103tate \u0219i frumuse\u021be","item":"https:\/\/shopatoa.com\/ro\/sanatate-si-frumusete\/"},{"@type":"ListItem","position":4,"name":"\u00cengrijire personal\u0103","item":"https:\/\/shopatoa.com\/ro\/ingrijire-personala\/"},{"@type":"ListItem","position":5,"name":"Cosmetice","item":"https:\/\/shopatoa.com\/ro\/cosmetice-ingrijire-personala\/"},{"@type":"ListItem","position":6,"name":"\u00cengrijirea pielii","item":"https:\/\/shopatoa.com\/ro\/ingrijirea-pielii\/"},{"@type":"ListItem","position":7,"name":"Kituri de cur\u0103\u021bare facial\u0103","item":"https:\/\/shopatoa.com\/ro\/kituri-de-curatare-faciala\/"},{"@type":"ListItem","position":8,"name":"OnlyBio Botanic Clinic Bright Treatment exfoliant iluminator 75 ml"}]},{"@type":"WebSite","@id":"https:\/\/shopatoa.com\/ro\/#website","url":"https:\/\/shopatoa.com\/ro\/","name":"SHOPATOA","description":"","publisher":{"@id":"https:\/\/shopatoa.com\/ro\/#organization"},"potentialAction":[{"@type":"SearchAction","target":{"@type":"EntryPoint","urlTemplate":"https:\/\/shopatoa.com\/ro\/?s={search_term_string}"},"query-input":{"@type":"PropertyValueSpecification","valueRequired":true,"valueName":"search_term_string"}}],"inLanguage":"ro-RO"},{"@type":"Organization","@id":"https:\/\/shopatoa.com\/ro\/#organization","name":"SHOPATOA","url":"https:\/\/shopatoa.com\/ro\/","logo":{"@type":"ImageObject","inLanguage":"ro-RO","@id":"https:\/\/shopatoa.com\/ro\/#\/schema\/logo\/image\/","url":"https:\/\/storage.googleapis.com\/cz-shopatoa-img\/ro\/b4dac915-shopatoa_logo.png","contentUrl":"https:\/\/storage.googleapis.com\/cz-shopatoa-img\/ro\/b4dac915-shopatoa_logo.png","width":416,"height":63,"caption":"SHOPATOA"},"image":{"@id":"https:\/\/shopatoa.com\/ro\/#\/schema\/logo\/image\/"}}]}},"_links":{"self":[{"href":"https:\/\/shopatoa.com\/ro\/wp-json\/wp\/v2\/product\/399836","targetHints":{"allow":["GET"]}}],"collection":[{"href":"https:\/\/shopatoa.com\/ro\/wp-json\/wp\/v2\/product"}],"about":[{"href":"https:\/\/shopatoa.com\/ro\/wp-json\/wp\/v2\/types\/product"}],"replies":[{"embeddable":true,"href":"https:\/\/shopatoa.com\/ro\/wp-json\/wp\/v2\/comments?post=399836"}],"wp:featuredmedia":[{"embeddable":true,"href":"https:\/\/shopatoa.com\/ro\/wp-json\/wp\/v2\/media\/399837"}],"wp:attachment":[{"href":"https:\/\/shopatoa.com\/ro\/wp-json\/wp\/v2\/media?parent=399836"}],"wp:term":[{"taxonomy":"product_brand","embeddable":true,"href":"https:\/\/shopatoa.com\/ro\/wp-json\/wp\/v2\/product_brand?post=399836"},{"taxonomy":"product_cat","embeddable":true,"href":"https:\/\/shopatoa.com\/ro\/wp-json\/wp\/v2\/product_cat?post=399836"},{"taxonomy":"product_tag","embeddable":true,"href":"https:\/\/shopatoa.com\/ro\/wp-json\/wp\/v2\/product_tag?post=399836"}],"curies":[{"name":"wp","href":"https:\/\/api.w.org\/{rel}","templated":true}]}}