{"id":399851,"date":"2025-06-17T16:57:10","date_gmt":"2025-06-17T14:57:10","guid":{"rendered":"https:\/\/shopatoa.com\/ro\/pierre-rene-medic-laboratorium-lash-nectar-balm-baza-pentru-mascara-pentru-a-extinde-si-a-indesi-genele-12-ml\/"},"modified":"2025-12-10T05:12:58","modified_gmt":"2025-12-10T04:12:58","slug":"pierre-rene-medic-laboratorium-lash-nectar-balm-baza-pentru-mascara-pentru-a-extinde-si-a-indesi-genele-12-ml","status":"publish","type":"product","link":"https:\/\/shopatoa.com\/ro\/pierre-rene-medic-laboratorium-lash-nectar-balm-baza-pentru-mascara-pentru-a-extinde-si-a-indesi-genele-12-ml\/","title":{"rendered":"Pierre Ren\u00e9 Medic Laboratorium Lash Nectar Balm baz\u0103 pentru mascara pentru a extinde si a indesi genele 12 ml"},"content":{"rendered":"<p>Pierre Ren\u00e9 Medic Laboratorium Lash Nectar Balm, 12 ml, \u00cengrijirea \u0219i aranjarea genelor pentru femei, Dori\u021bi s\u0103 oferi\u021bi genelor dvs. o eviden\u021biere mai intens\u0103 dec\u00e2t o poate face rimelul? Baza pentru mascara Pierre Ren\u00e9Medic LaboratoriumLash Nectar Balm duce machiajul la un nivel cu totul nou. V\u0103 va preg\u0103ti ideal genele pentru aplicarea rimelului, sporind \u0219i mai mult efectele acestuia \u0219i prelungindu-i la maximum rezisten\u021ba. De asemenea, baza \u00eembrac\u0103 genele \u00eentr-un strat delicat, sporindu-le volumul, lungimea \u0219i aspectul plin \u00eenainte de aplicarea rimelului.  Caracteristici:  prelunge\u0219te genele hr\u0103ne\u0219te \u0219i reface genele asigur\u0103 un volum maxim, de la primul strat \u00eengrije\u0219te \u0219i \u00eent\u0103re\u0219te genele<\/p>\n","protected":false},"excerpt":{"rendered":"<p>Pierre Ren\u00e9 Medic Laboratorium Lash Nectar Balm, 12 ml, \u00cengrijirea \u0219i aranjarea genelor pentru femei, Dori\u021bi s\u0103 oferi\u021bi genelor dvs. o eviden\u021biere mai intens\u0103 dec\u00e2t o poate face rimelul? Baza pentru mascara Pierre Ren\u00e9Medic LaboratoriumLash Nectar Balm duce machiajul la un nivel cu totul nou. V\u0103 va preg\u0103ti ideal genele pentru aplicarea rimelului, sporind \u0219i&#8230;<\/p>\n","protected":false},"featured_media":399852,"comment_status":"closed","ping_status":"open","template":"","meta":{"_acf_changed":false,"_kadence_starter_templates_imported_post":false,"_kad_post_transparent":"","_kad_post_title":"","_kad_post_layout":"","_kad_post_sidebar_id":"","_kad_post_content_style":"","_kad_post_vertical_padding":"","_kad_post_feature":"","_kad_post_feature_position":"","_kad_post_header":false,"_kad_post_footer":false,"_kad_post_classname":""},"product_brand":[1800],"product_cat":[1564,1563,1576,1599,1726,1562],"product_tag":[],"class_list":{"0":"post-399851","1":"product","2":"type-product","3":"status-publish","4":"has-post-thumbnail","6":"product_brand-pierre-rene","7":"product_cat-cosmetice-ingrijire-personala","8":"product_cat-ingrijire-personala","9":"product_cat-machiaj","10":"product_cat-machiaj-pentru-ochi-machiaj","11":"product_cat-rimel","12":"product_cat-sanatate-si-frumusete","13":"pa_gen-female","14":"pa_marime-12-ml","16":"first","17":"instock","18":"product-type-external","19":"entry","20":"content-bg","21":"loop-entry"},"acf":[],"yoast_head":"<!-- This site is optimized with the Yoast SEO plugin v27.4 - https:\/\/yoast.com\/product\/yoast-seo-wordpress\/ -->\n<title>Pierre Ren\u00e9 Medic Laboratorium Lash Nectar Balm baz\u0103 pentru mascara pentru a extinde si a indesi genele 12 ml - SHOPATOA.COM<\/title>\n<meta name=\"robots\" content=\"index, follow, max-snippet:-1, max-image-preview:large, max-video-preview:-1\" \/>\n<link rel=\"canonical\" href=\"https:\/\/shopatoa.com\/ro\/pierre-rene-medic-laboratorium-lash-nectar-balm-baza-pentru-mascara-pentru-a-extinde-si-a-indesi-genele-12-ml\/\" \/>\n<meta property=\"og:locale\" content=\"ro_RO\" \/>\n<meta property=\"og:type\" content=\"article\" \/>\n<meta property=\"og:title\" content=\"Pierre Ren\u00e9 Medic Laboratorium Lash Nectar Balm baz\u0103 pentru mascara pentru a extinde si a indesi genele 12 ml - SHOPATOA.COM\" \/>\n<meta property=\"og:description\" content=\"Pierre Ren\u00e9 Medic Laboratorium Lash Nectar Balm, 12 ml, \u00cengrijirea \u0219i aranjarea genelor pentru femei, Dori\u021bi s\u0103 oferi\u021bi genelor dvs. o eviden\u021biere mai intens\u0103 dec\u00e2t o poate face rimelul? Baza pentru mascara Pierre Ren\u00e9Medic LaboratoriumLash Nectar Balm duce machiajul la un nivel cu totul nou. V\u0103 va preg\u0103ti ideal genele pentru aplicarea rimelului, sporind \u0219i...\" \/>\n<meta property=\"og:url\" content=\"https:\/\/shopatoa.com\/ro\/pierre-rene-medic-laboratorium-lash-nectar-balm-baza-pentru-mascara-pentru-a-extinde-si-a-indesi-genele-12-ml\/\" \/>\n<meta property=\"og:site_name\" content=\"SHOPATOA\" \/>\n<meta property=\"article:modified_time\" content=\"2025-12-10T04:12:58+00:00\" \/>\n<meta property=\"og:image\" content=\"https:\/\/storage.googleapis.com\/cz-shopatoa-img\/ro\/610ea6b1-unnamed-file.webp\" \/>\n\t<meta property=\"og:image:width\" content=\"800\" \/>\n\t<meta property=\"og:image:height\" content=\"800\" \/>\n\t<meta property=\"og:image:type\" content=\"image\/webp\" \/>\n<meta name=\"twitter:card\" content=\"summary_large_image\" \/>\n<meta name=\"twitter:label1\" content=\"Timp estimat pentru citire\" \/>\n\t<meta name=\"twitter:data1\" content=\"1 minut\" \/>\n<script type=\"application\/ld+json\" class=\"yoast-schema-graph\">{\"@context\":\"https:\\\/\\\/schema.org\",\"@graph\":[{\"@type\":\"WebPage\",\"@id\":\"https:\\\/\\\/shopatoa.com\\\/ro\\\/pierre-rene-medic-laboratorium-lash-nectar-balm-baza-pentru-mascara-pentru-a-extinde-si-a-indesi-genele-12-ml\\\/\",\"url\":\"https:\\\/\\\/shopatoa.com\\\/ro\\\/pierre-rene-medic-laboratorium-lash-nectar-balm-baza-pentru-mascara-pentru-a-extinde-si-a-indesi-genele-12-ml\\\/\",\"name\":\"Pierre Ren\u00e9 Medic Laboratorium Lash Nectar Balm baz\u0103 pentru mascara pentru a extinde si a indesi genele 12 ml - SHOPATOA.COM\",\"isPartOf\":{\"@id\":\"https:\\\/\\\/shopatoa.com\\\/ro\\\/#website\"},\"primaryImageOfPage\":{\"@id\":\"https:\\\/\\\/shopatoa.com\\\/ro\\\/pierre-rene-medic-laboratorium-lash-nectar-balm-baza-pentru-mascara-pentru-a-extinde-si-a-indesi-genele-12-ml\\\/#primaryimage\"},\"image\":{\"@id\":\"https:\\\/\\\/shopatoa.com\\\/ro\\\/pierre-rene-medic-laboratorium-lash-nectar-balm-baza-pentru-mascara-pentru-a-extinde-si-a-indesi-genele-12-ml\\\/#primaryimage\"},\"thumbnailUrl\":\"https:\\\/\\\/storage.googleapis.com\\\/cz-shopatoa-img\\\/ro\\\/610ea6b1-unnamed-file.webp\",\"datePublished\":\"2025-06-17T14:57:10+00:00\",\"dateModified\":\"2025-12-10T04:12:58+00:00\",\"breadcrumb\":{\"@id\":\"https:\\\/\\\/shopatoa.com\\\/ro\\\/pierre-rene-medic-laboratorium-lash-nectar-balm-baza-pentru-mascara-pentru-a-extinde-si-a-indesi-genele-12-ml\\\/#breadcrumb\"},\"inLanguage\":\"ro-RO\",\"potentialAction\":[{\"@type\":\"ReadAction\",\"target\":[\"https:\\\/\\\/shopatoa.com\\\/ro\\\/pierre-rene-medic-laboratorium-lash-nectar-balm-baza-pentru-mascara-pentru-a-extinde-si-a-indesi-genele-12-ml\\\/\"]}]},{\"@type\":\"ImageObject\",\"inLanguage\":\"ro-RO\",\"@id\":\"https:\\\/\\\/shopatoa.com\\\/ro\\\/pierre-rene-medic-laboratorium-lash-nectar-balm-baza-pentru-mascara-pentru-a-extinde-si-a-indesi-genele-12-ml\\\/#primaryimage\",\"url\":\"https:\\\/\\\/storage.googleapis.com\\\/cz-shopatoa-img\\\/ro\\\/610ea6b1-unnamed-file.webp\",\"contentUrl\":\"https:\\\/\\\/storage.googleapis.com\\\/cz-shopatoa-img\\\/ro\\\/610ea6b1-unnamed-file.webp\",\"width\":800,\"height\":800},{\"@type\":\"BreadcrumbList\",\"@id\":\"https:\\\/\\\/shopatoa.com\\\/ro\\\/pierre-rene-medic-laboratorium-lash-nectar-balm-baza-pentru-mascara-pentru-a-extinde-si-a-indesi-genele-12-ml\\\/#breadcrumb\",\"itemListElement\":[{\"@type\":\"ListItem\",\"position\":1,\"name\":\"Dom\u016f\",\"item\":\"https:\\\/\\\/shopatoa.com\\\/ro\\\/\"},{\"@type\":\"ListItem\",\"position\":2,\"name\":\"Shop\",\"item\":\"https:\\\/\\\/shopatoa.com\\\/ro\\\/shop\\\/\"},{\"@type\":\"ListItem\",\"position\":3,\"name\":\"S\u0103n\u0103tate \u0219i frumuse\u021be\",\"item\":\"https:\\\/\\\/shopatoa.com\\\/ro\\\/sanatate-si-frumusete\\\/\"},{\"@type\":\"ListItem\",\"position\":4,\"name\":\"\u00cengrijire personal\u0103\",\"item\":\"https:\\\/\\\/shopatoa.com\\\/ro\\\/ingrijire-personala\\\/\"},{\"@type\":\"ListItem\",\"position\":5,\"name\":\"Cosmetice\",\"item\":\"https:\\\/\\\/shopatoa.com\\\/ro\\\/cosmetice-ingrijire-personala\\\/\"},{\"@type\":\"ListItem\",\"position\":6,\"name\":\"Machiaj\",\"item\":\"https:\\\/\\\/shopatoa.com\\\/ro\\\/machiaj\\\/\"},{\"@type\":\"ListItem\",\"position\":7,\"name\":\"Machiaj pentru ochi\",\"item\":\"https:\\\/\\\/shopatoa.com\\\/ro\\\/machiaj-pentru-ochi-machiaj\\\/\"},{\"@type\":\"ListItem\",\"position\":8,\"name\":\"Rimel\",\"item\":\"https:\\\/\\\/shopatoa.com\\\/ro\\\/rimel\\\/\"},{\"@type\":\"ListItem\",\"position\":9,\"name\":\"Pierre Ren\u00e9 Medic Laboratorium Lash Nectar Balm baz\u0103 pentru mascara pentru a extinde si a indesi genele 12 ml\"}]},{\"@type\":\"WebSite\",\"@id\":\"https:\\\/\\\/shopatoa.com\\\/ro\\\/#website\",\"url\":\"https:\\\/\\\/shopatoa.com\\\/ro\\\/\",\"name\":\"SHOPATOA\",\"description\":\"\",\"publisher\":{\"@id\":\"https:\\\/\\\/shopatoa.com\\\/ro\\\/#organization\"},\"potentialAction\":[{\"@type\":\"SearchAction\",\"target\":{\"@type\":\"EntryPoint\",\"urlTemplate\":\"https:\\\/\\\/shopatoa.com\\\/ro\\\/?s={search_term_string}\"},\"query-input\":{\"@type\":\"PropertyValueSpecification\",\"valueRequired\":true,\"valueName\":\"search_term_string\"}}],\"inLanguage\":\"ro-RO\"},{\"@type\":\"Organization\",\"@id\":\"https:\\\/\\\/shopatoa.com\\\/ro\\\/#organization\",\"name\":\"SHOPATOA\",\"url\":\"https:\\\/\\\/shopatoa.com\\\/ro\\\/\",\"logo\":{\"@type\":\"ImageObject\",\"inLanguage\":\"ro-RO\",\"@id\":\"https:\\\/\\\/shopatoa.com\\\/ro\\\/#\\\/schema\\\/logo\\\/image\\\/\",\"url\":\"https:\\\/\\\/storage.googleapis.com\\\/cz-shopatoa-img\\\/ro\\\/b4dac915-shopatoa_logo.png\",\"contentUrl\":\"https:\\\/\\\/storage.googleapis.com\\\/cz-shopatoa-img\\\/ro\\\/b4dac915-shopatoa_logo.png\",\"width\":416,\"height\":63,\"caption\":\"SHOPATOA\"},\"image\":{\"@id\":\"https:\\\/\\\/shopatoa.com\\\/ro\\\/#\\\/schema\\\/logo\\\/image\\\/\"}}]}<\/script>\n<!-- \/ Yoast SEO plugin. -->","yoast_head_json":{"title":"Pierre Ren\u00e9 Medic Laboratorium Lash Nectar Balm baz\u0103 pentru mascara pentru a extinde si a indesi genele 12 ml - SHOPATOA.COM","robots":{"index":"index","follow":"follow","max-snippet":"max-snippet:-1","max-image-preview":"max-image-preview:large","max-video-preview":"max-video-preview:-1"},"canonical":"https:\/\/shopatoa.com\/ro\/pierre-rene-medic-laboratorium-lash-nectar-balm-baza-pentru-mascara-pentru-a-extinde-si-a-indesi-genele-12-ml\/","og_locale":"ro_RO","og_type":"article","og_title":"Pierre Ren\u00e9 Medic Laboratorium Lash Nectar Balm baz\u0103 pentru mascara pentru a extinde si a indesi genele 12 ml - SHOPATOA.COM","og_description":"Pierre Ren\u00e9 Medic Laboratorium Lash Nectar Balm, 12 ml, \u00cengrijirea \u0219i aranjarea genelor pentru femei, Dori\u021bi s\u0103 oferi\u021bi genelor dvs. o eviden\u021biere mai intens\u0103 dec\u00e2t o poate face rimelul? Baza pentru mascara Pierre Ren\u00e9Medic LaboratoriumLash Nectar Balm duce machiajul la un nivel cu totul nou. V\u0103 va preg\u0103ti ideal genele pentru aplicarea rimelului, sporind \u0219i...","og_url":"https:\/\/shopatoa.com\/ro\/pierre-rene-medic-laboratorium-lash-nectar-balm-baza-pentru-mascara-pentru-a-extinde-si-a-indesi-genele-12-ml\/","og_site_name":"SHOPATOA","article_modified_time":"2025-12-10T04:12:58+00:00","og_image":[{"width":800,"height":800,"url":"https:\/\/storage.googleapis.com\/cz-shopatoa-img\/ro\/610ea6b1-unnamed-file.webp","type":"image\/webp"}],"twitter_card":"summary_large_image","twitter_misc":{"Timp estimat pentru citire":"1 minut"},"schema":{"@context":"https:\/\/schema.org","@graph":[{"@type":"WebPage","@id":"https:\/\/shopatoa.com\/ro\/pierre-rene-medic-laboratorium-lash-nectar-balm-baza-pentru-mascara-pentru-a-extinde-si-a-indesi-genele-12-ml\/","url":"https:\/\/shopatoa.com\/ro\/pierre-rene-medic-laboratorium-lash-nectar-balm-baza-pentru-mascara-pentru-a-extinde-si-a-indesi-genele-12-ml\/","name":"Pierre Ren\u00e9 Medic Laboratorium Lash Nectar Balm baz\u0103 pentru mascara pentru a extinde si a indesi genele 12 ml - SHOPATOA.COM","isPartOf":{"@id":"https:\/\/shopatoa.com\/ro\/#website"},"primaryImageOfPage":{"@id":"https:\/\/shopatoa.com\/ro\/pierre-rene-medic-laboratorium-lash-nectar-balm-baza-pentru-mascara-pentru-a-extinde-si-a-indesi-genele-12-ml\/#primaryimage"},"image":{"@id":"https:\/\/shopatoa.com\/ro\/pierre-rene-medic-laboratorium-lash-nectar-balm-baza-pentru-mascara-pentru-a-extinde-si-a-indesi-genele-12-ml\/#primaryimage"},"thumbnailUrl":"https:\/\/storage.googleapis.com\/cz-shopatoa-img\/ro\/610ea6b1-unnamed-file.webp","datePublished":"2025-06-17T14:57:10+00:00","dateModified":"2025-12-10T04:12:58+00:00","breadcrumb":{"@id":"https:\/\/shopatoa.com\/ro\/pierre-rene-medic-laboratorium-lash-nectar-balm-baza-pentru-mascara-pentru-a-extinde-si-a-indesi-genele-12-ml\/#breadcrumb"},"inLanguage":"ro-RO","potentialAction":[{"@type":"ReadAction","target":["https:\/\/shopatoa.com\/ro\/pierre-rene-medic-laboratorium-lash-nectar-balm-baza-pentru-mascara-pentru-a-extinde-si-a-indesi-genele-12-ml\/"]}]},{"@type":"ImageObject","inLanguage":"ro-RO","@id":"https:\/\/shopatoa.com\/ro\/pierre-rene-medic-laboratorium-lash-nectar-balm-baza-pentru-mascara-pentru-a-extinde-si-a-indesi-genele-12-ml\/#primaryimage","url":"https:\/\/storage.googleapis.com\/cz-shopatoa-img\/ro\/610ea6b1-unnamed-file.webp","contentUrl":"https:\/\/storage.googleapis.com\/cz-shopatoa-img\/ro\/610ea6b1-unnamed-file.webp","width":800,"height":800},{"@type":"BreadcrumbList","@id":"https:\/\/shopatoa.com\/ro\/pierre-rene-medic-laboratorium-lash-nectar-balm-baza-pentru-mascara-pentru-a-extinde-si-a-indesi-genele-12-ml\/#breadcrumb","itemListElement":[{"@type":"ListItem","position":1,"name":"Dom\u016f","item":"https:\/\/shopatoa.com\/ro\/"},{"@type":"ListItem","position":2,"name":"Shop","item":"https:\/\/shopatoa.com\/ro\/shop\/"},{"@type":"ListItem","position":3,"name":"S\u0103n\u0103tate \u0219i frumuse\u021be","item":"https:\/\/shopatoa.com\/ro\/sanatate-si-frumusete\/"},{"@type":"ListItem","position":4,"name":"\u00cengrijire personal\u0103","item":"https:\/\/shopatoa.com\/ro\/ingrijire-personala\/"},{"@type":"ListItem","position":5,"name":"Cosmetice","item":"https:\/\/shopatoa.com\/ro\/cosmetice-ingrijire-personala\/"},{"@type":"ListItem","position":6,"name":"Machiaj","item":"https:\/\/shopatoa.com\/ro\/machiaj\/"},{"@type":"ListItem","position":7,"name":"Machiaj pentru ochi","item":"https:\/\/shopatoa.com\/ro\/machiaj-pentru-ochi-machiaj\/"},{"@type":"ListItem","position":8,"name":"Rimel","item":"https:\/\/shopatoa.com\/ro\/rimel\/"},{"@type":"ListItem","position":9,"name":"Pierre Ren\u00e9 Medic Laboratorium Lash Nectar Balm baz\u0103 pentru mascara pentru a extinde si a indesi genele 12 ml"}]},{"@type":"WebSite","@id":"https:\/\/shopatoa.com\/ro\/#website","url":"https:\/\/shopatoa.com\/ro\/","name":"SHOPATOA","description":"","publisher":{"@id":"https:\/\/shopatoa.com\/ro\/#organization"},"potentialAction":[{"@type":"SearchAction","target":{"@type":"EntryPoint","urlTemplate":"https:\/\/shopatoa.com\/ro\/?s={search_term_string}"},"query-input":{"@type":"PropertyValueSpecification","valueRequired":true,"valueName":"search_term_string"}}],"inLanguage":"ro-RO"},{"@type":"Organization","@id":"https:\/\/shopatoa.com\/ro\/#organization","name":"SHOPATOA","url":"https:\/\/shopatoa.com\/ro\/","logo":{"@type":"ImageObject","inLanguage":"ro-RO","@id":"https:\/\/shopatoa.com\/ro\/#\/schema\/logo\/image\/","url":"https:\/\/storage.googleapis.com\/cz-shopatoa-img\/ro\/b4dac915-shopatoa_logo.png","contentUrl":"https:\/\/storage.googleapis.com\/cz-shopatoa-img\/ro\/b4dac915-shopatoa_logo.png","width":416,"height":63,"caption":"SHOPATOA"},"image":{"@id":"https:\/\/shopatoa.com\/ro\/#\/schema\/logo\/image\/"}}]}},"_links":{"self":[{"href":"https:\/\/shopatoa.com\/ro\/wp-json\/wp\/v2\/product\/399851","targetHints":{"allow":["GET"]}}],"collection":[{"href":"https:\/\/shopatoa.com\/ro\/wp-json\/wp\/v2\/product"}],"about":[{"href":"https:\/\/shopatoa.com\/ro\/wp-json\/wp\/v2\/types\/product"}],"replies":[{"embeddable":true,"href":"https:\/\/shopatoa.com\/ro\/wp-json\/wp\/v2\/comments?post=399851"}],"wp:featuredmedia":[{"embeddable":true,"href":"https:\/\/shopatoa.com\/ro\/wp-json\/wp\/v2\/media\/399852"}],"wp:attachment":[{"href":"https:\/\/shopatoa.com\/ro\/wp-json\/wp\/v2\/media?parent=399851"}],"wp:term":[{"taxonomy":"product_brand","embeddable":true,"href":"https:\/\/shopatoa.com\/ro\/wp-json\/wp\/v2\/product_brand?post=399851"},{"taxonomy":"product_cat","embeddable":true,"href":"https:\/\/shopatoa.com\/ro\/wp-json\/wp\/v2\/product_cat?post=399851"},{"taxonomy":"product_tag","embeddable":true,"href":"https:\/\/shopatoa.com\/ro\/wp-json\/wp\/v2\/product_tag?post=399851"}],"curies":[{"name":"wp","href":"https:\/\/api.w.org\/{rel}","templated":true}]}}