{"id":399853,"date":"2025-06-17T16:57:10","date_gmt":"2025-06-17T14:57:10","guid":{"rendered":"https:\/\/shopatoa.com\/ro\/andmetics-professional-brow-lash-tint-vopsea-pentru-sprancene-si-gene-culoare-graphit-20-ml\/"},"modified":"2025-12-10T05:13:17","modified_gmt":"2025-12-10T04:13:17","slug":"andmetics-professional-brow-lash-tint-vopsea-pentru-sprancene-si-gene-culoare-graphit-20-ml","status":"publish","type":"product","link":"https:\/\/shopatoa.com\/ro\/andmetics-professional-brow-lash-tint-vopsea-pentru-sprancene-si-gene-culoare-graphit-20-ml\/","title":{"rendered":"andmetics Professional Brow &amp; Lash Tint vopsea pentru sprancene si gene culoare Graphit 20 ml"},"content":{"rendered":"<p>andmetics Professional Brow &amp; Lash Tint, 20 ml, \u00cengrijirea \u0219i aranjarea genelor pentru femei, Nu mai trebuie s\u0103 v\u0103 preocupe spr\u00e2ncenele deschise sau mai pu\u021bin accentuate. Vopseaua pentru spr\u00e2ncene andmeticsProfessionalBrow &amp; Lash Tint v\u0103 poate ajuta s\u0103 le eviden\u021bia\u021bi pentru mult timp, \u00eencadr\u00e2ndu-v\u0103 fa\u021ba \u0219i subliniind perfect frumuse\u021bea \u00eentregului chip. Vopse\u0219te spr\u00e2ncenele cu precizie, pentru ca acestea s\u0103 arate de parc\u0103 au fost \u00eengrijite cu m\u0103iestrie de un estetician. Totu\u0219i, pute\u021bi evita vizita la salon, deoarece \u00een c\u00e2teva minute pute\u021bi face totul singur\u0103 acas\u0103. \u00cen plus, compozi\u021bia cu efect de lung\u0103 durat\u0103 asigur\u0103 c\u0103 spr\u00e2ncenele r\u0103m\u00e2n frumoase, \u00eengrijite \u0219i eviden\u021biate pentru mai mult timp ca niciodat\u0103, f\u0103r\u0103 a fi nevoie de reaplicare sau de retu\u0219uri pe parcursul zilei.  Caracteristici:  vopse\u0219te \u0219i accentueaz\u0103 firele spr\u00e2ncenelor asigur\u0103 un rezultat durabil se \u00eentinde u\u0219or \u0219i nu curge la aplicare intensific\u0103 privirea \u0219i accentueaz\u0103 frumuse\u021bea ochilor emulsia activatoare nu este inclus\u0103<\/p>\n","protected":false},"excerpt":{"rendered":"<p>andmetics Professional Brow &amp; Lash Tint, 20 ml, \u00cengrijirea \u0219i aranjarea genelor pentru femei, Nu mai trebuie s\u0103 v\u0103 preocupe spr\u00e2ncenele deschise sau mai pu\u021bin accentuate. Vopseaua pentru spr\u00e2ncene andmeticsProfessionalBrow &amp; Lash Tint v\u0103 poate ajuta s\u0103 le eviden\u021bia\u021bi pentru mult timp, \u00eencadr\u00e2ndu-v\u0103 fa\u021ba \u0219i subliniind perfect frumuse\u021bea \u00eentregului chip. Vopse\u0219te spr\u00e2ncenele cu precizie, pentru&#8230;<\/p>\n","protected":false},"featured_media":399854,"comment_status":"closed","ping_status":"open","template":"","meta":{"_acf_changed":false,"_kadence_starter_templates_imported_post":false,"_kad_post_transparent":"","_kad_post_title":"","_kad_post_layout":"","_kad_post_sidebar_id":"","_kad_post_content_style":"","_kad_post_vertical_padding":"","_kad_post_feature":"","_kad_post_feature_position":"","_kad_post_header":false,"_kad_post_footer":false,"_kad_post_classname":""},"product_brand":[2119],"product_cat":[1564,1563,1664,1576,1599,1562],"product_tag":[],"class_list":{"0":"post-399853","1":"product","2":"type-product","3":"status-publish","4":"has-post-thumbnail","6":"product_brand-andmetics","7":"product_cat-cosmetice-ingrijire-personala","8":"product_cat-ingrijire-personala","9":"product_cat-intaritori-pentru-sprancene","10":"product_cat-machiaj","11":"product_cat-machiaj-pentru-ochi-machiaj","12":"product_cat-sanatate-si-frumusete","13":"pa_gen-female","14":"pa_marime-20-ml","16":"first","17":"instock","18":"product-type-external","19":"entry","20":"content-bg","21":"loop-entry"},"acf":[],"yoast_head":"<!-- This site is optimized with the Yoast SEO plugin v27.3 - https:\/\/yoast.com\/product\/yoast-seo-wordpress\/ -->\n<title>andmetics Professional Brow &amp; Lash Tint vopsea pentru sprancene si gene culoare Graphit 20 ml - SHOPATOA.COM<\/title>\n<meta name=\"robots\" content=\"index, follow, max-snippet:-1, max-image-preview:large, max-video-preview:-1\" \/>\n<link rel=\"canonical\" href=\"https:\/\/shopatoa.com\/ro\/andmetics-professional-brow-lash-tint-vopsea-pentru-sprancene-si-gene-culoare-graphit-20-ml\/\" \/>\n<meta property=\"og:locale\" content=\"ro_RO\" \/>\n<meta property=\"og:type\" content=\"article\" \/>\n<meta property=\"og:title\" content=\"andmetics Professional Brow &amp; Lash Tint vopsea pentru sprancene si gene culoare Graphit 20 ml - SHOPATOA.COM\" \/>\n<meta property=\"og:description\" content=\"andmetics Professional Brow &amp; Lash Tint, 20 ml, \u00cengrijirea \u0219i aranjarea genelor pentru femei, Nu mai trebuie s\u0103 v\u0103 preocupe spr\u00e2ncenele deschise sau mai pu\u021bin accentuate. Vopseaua pentru spr\u00e2ncene andmeticsProfessionalBrow &amp; Lash Tint v\u0103 poate ajuta s\u0103 le eviden\u021bia\u021bi pentru mult timp, \u00eencadr\u00e2ndu-v\u0103 fa\u021ba \u0219i subliniind perfect frumuse\u021bea \u00eentregului chip. Vopse\u0219te spr\u00e2ncenele cu precizie, pentru...\" \/>\n<meta property=\"og:url\" content=\"https:\/\/shopatoa.com\/ro\/andmetics-professional-brow-lash-tint-vopsea-pentru-sprancene-si-gene-culoare-graphit-20-ml\/\" \/>\n<meta property=\"og:site_name\" content=\"SHOPATOA\" \/>\n<meta property=\"article:modified_time\" content=\"2025-12-10T04:13:17+00:00\" \/>\n<meta property=\"og:image\" content=\"https:\/\/storage.googleapis.com\/cz-shopatoa-img\/ro\/df518f61-unnamed-file.webp\" \/>\n\t<meta property=\"og:image:width\" content=\"800\" \/>\n\t<meta property=\"og:image:height\" content=\"800\" \/>\n\t<meta property=\"og:image:type\" content=\"image\/webp\" \/>\n<meta name=\"twitter:card\" content=\"summary_large_image\" \/>\n<meta name=\"twitter:label1\" content=\"Timp estimat pentru citire\" \/>\n\t<meta name=\"twitter:data1\" content=\"1 minut\" \/>\n<script type=\"application\/ld+json\" class=\"yoast-schema-graph\">{\"@context\":\"https:\\\/\\\/schema.org\",\"@graph\":[{\"@type\":\"WebPage\",\"@id\":\"https:\\\/\\\/shopatoa.com\\\/ro\\\/andmetics-professional-brow-lash-tint-vopsea-pentru-sprancene-si-gene-culoare-graphit-20-ml\\\/\",\"url\":\"https:\\\/\\\/shopatoa.com\\\/ro\\\/andmetics-professional-brow-lash-tint-vopsea-pentru-sprancene-si-gene-culoare-graphit-20-ml\\\/\",\"name\":\"andmetics Professional Brow & Lash Tint vopsea pentru sprancene si gene culoare Graphit 20 ml - SHOPATOA.COM\",\"isPartOf\":{\"@id\":\"https:\\\/\\\/shopatoa.com\\\/ro\\\/#website\"},\"primaryImageOfPage\":{\"@id\":\"https:\\\/\\\/shopatoa.com\\\/ro\\\/andmetics-professional-brow-lash-tint-vopsea-pentru-sprancene-si-gene-culoare-graphit-20-ml\\\/#primaryimage\"},\"image\":{\"@id\":\"https:\\\/\\\/shopatoa.com\\\/ro\\\/andmetics-professional-brow-lash-tint-vopsea-pentru-sprancene-si-gene-culoare-graphit-20-ml\\\/#primaryimage\"},\"thumbnailUrl\":\"https:\\\/\\\/storage.googleapis.com\\\/cz-shopatoa-img\\\/ro\\\/df518f61-unnamed-file.webp\",\"datePublished\":\"2025-06-17T14:57:10+00:00\",\"dateModified\":\"2025-12-10T04:13:17+00:00\",\"breadcrumb\":{\"@id\":\"https:\\\/\\\/shopatoa.com\\\/ro\\\/andmetics-professional-brow-lash-tint-vopsea-pentru-sprancene-si-gene-culoare-graphit-20-ml\\\/#breadcrumb\"},\"inLanguage\":\"ro-RO\",\"potentialAction\":[{\"@type\":\"ReadAction\",\"target\":[\"https:\\\/\\\/shopatoa.com\\\/ro\\\/andmetics-professional-brow-lash-tint-vopsea-pentru-sprancene-si-gene-culoare-graphit-20-ml\\\/\"]}]},{\"@type\":\"ImageObject\",\"inLanguage\":\"ro-RO\",\"@id\":\"https:\\\/\\\/shopatoa.com\\\/ro\\\/andmetics-professional-brow-lash-tint-vopsea-pentru-sprancene-si-gene-culoare-graphit-20-ml\\\/#primaryimage\",\"url\":\"https:\\\/\\\/storage.googleapis.com\\\/cz-shopatoa-img\\\/ro\\\/df518f61-unnamed-file.webp\",\"contentUrl\":\"https:\\\/\\\/storage.googleapis.com\\\/cz-shopatoa-img\\\/ro\\\/df518f61-unnamed-file.webp\",\"width\":800,\"height\":800},{\"@type\":\"BreadcrumbList\",\"@id\":\"https:\\\/\\\/shopatoa.com\\\/ro\\\/andmetics-professional-brow-lash-tint-vopsea-pentru-sprancene-si-gene-culoare-graphit-20-ml\\\/#breadcrumb\",\"itemListElement\":[{\"@type\":\"ListItem\",\"position\":1,\"name\":\"Dom\u016f\",\"item\":\"https:\\\/\\\/shopatoa.com\\\/ro\\\/\"},{\"@type\":\"ListItem\",\"position\":2,\"name\":\"Shop\",\"item\":\"https:\\\/\\\/shopatoa.com\\\/ro\\\/shop\\\/\"},{\"@type\":\"ListItem\",\"position\":3,\"name\":\"S\u0103n\u0103tate \u0219i frumuse\u021be\",\"item\":\"https:\\\/\\\/shopatoa.com\\\/ro\\\/sanatate-si-frumusete\\\/\"},{\"@type\":\"ListItem\",\"position\":4,\"name\":\"\u00cengrijire personal\u0103\",\"item\":\"https:\\\/\\\/shopatoa.com\\\/ro\\\/ingrijire-personala\\\/\"},{\"@type\":\"ListItem\",\"position\":5,\"name\":\"Cosmetice\",\"item\":\"https:\\\/\\\/shopatoa.com\\\/ro\\\/cosmetice-ingrijire-personala\\\/\"},{\"@type\":\"ListItem\",\"position\":6,\"name\":\"Machiaj\",\"item\":\"https:\\\/\\\/shopatoa.com\\\/ro\\\/machiaj\\\/\"},{\"@type\":\"ListItem\",\"position\":7,\"name\":\"Machiaj pentru ochi\",\"item\":\"https:\\\/\\\/shopatoa.com\\\/ro\\\/machiaj-pentru-ochi-machiaj\\\/\"},{\"@type\":\"ListItem\",\"position\":8,\"name\":\"\u00cent\u0103ritori pentru spr\u00e2ncene\",\"item\":\"https:\\\/\\\/shopatoa.com\\\/ro\\\/intaritori-pentru-sprancene\\\/\"},{\"@type\":\"ListItem\",\"position\":9,\"name\":\"andmetics Professional Brow &amp; Lash Tint vopsea pentru sprancene si gene culoare Graphit 20 ml\"}]},{\"@type\":\"WebSite\",\"@id\":\"https:\\\/\\\/shopatoa.com\\\/ro\\\/#website\",\"url\":\"https:\\\/\\\/shopatoa.com\\\/ro\\\/\",\"name\":\"SHOPATOA\",\"description\":\"\",\"publisher\":{\"@id\":\"https:\\\/\\\/shopatoa.com\\\/ro\\\/#organization\"},\"potentialAction\":[{\"@type\":\"SearchAction\",\"target\":{\"@type\":\"EntryPoint\",\"urlTemplate\":\"https:\\\/\\\/shopatoa.com\\\/ro\\\/?s={search_term_string}\"},\"query-input\":{\"@type\":\"PropertyValueSpecification\",\"valueRequired\":true,\"valueName\":\"search_term_string\"}}],\"inLanguage\":\"ro-RO\"},{\"@type\":\"Organization\",\"@id\":\"https:\\\/\\\/shopatoa.com\\\/ro\\\/#organization\",\"name\":\"SHOPATOA\",\"url\":\"https:\\\/\\\/shopatoa.com\\\/ro\\\/\",\"logo\":{\"@type\":\"ImageObject\",\"inLanguage\":\"ro-RO\",\"@id\":\"https:\\\/\\\/shopatoa.com\\\/ro\\\/#\\\/schema\\\/logo\\\/image\\\/\",\"url\":\"https:\\\/\\\/storage.googleapis.com\\\/cz-shopatoa-img\\\/ro\\\/b4dac915-shopatoa_logo.png\",\"contentUrl\":\"https:\\\/\\\/storage.googleapis.com\\\/cz-shopatoa-img\\\/ro\\\/b4dac915-shopatoa_logo.png\",\"width\":416,\"height\":63,\"caption\":\"SHOPATOA\"},\"image\":{\"@id\":\"https:\\\/\\\/shopatoa.com\\\/ro\\\/#\\\/schema\\\/logo\\\/image\\\/\"}}]}<\/script>\n<!-- \/ Yoast SEO plugin. -->","yoast_head_json":{"title":"andmetics Professional Brow & Lash Tint vopsea pentru sprancene si gene culoare Graphit 20 ml - SHOPATOA.COM","robots":{"index":"index","follow":"follow","max-snippet":"max-snippet:-1","max-image-preview":"max-image-preview:large","max-video-preview":"max-video-preview:-1"},"canonical":"https:\/\/shopatoa.com\/ro\/andmetics-professional-brow-lash-tint-vopsea-pentru-sprancene-si-gene-culoare-graphit-20-ml\/","og_locale":"ro_RO","og_type":"article","og_title":"andmetics Professional Brow & Lash Tint vopsea pentru sprancene si gene culoare Graphit 20 ml - SHOPATOA.COM","og_description":"andmetics Professional Brow &amp; Lash Tint, 20 ml, \u00cengrijirea \u0219i aranjarea genelor pentru femei, Nu mai trebuie s\u0103 v\u0103 preocupe spr\u00e2ncenele deschise sau mai pu\u021bin accentuate. Vopseaua pentru spr\u00e2ncene andmeticsProfessionalBrow &amp; Lash Tint v\u0103 poate ajuta s\u0103 le eviden\u021bia\u021bi pentru mult timp, \u00eencadr\u00e2ndu-v\u0103 fa\u021ba \u0219i subliniind perfect frumuse\u021bea \u00eentregului chip. Vopse\u0219te spr\u00e2ncenele cu precizie, pentru...","og_url":"https:\/\/shopatoa.com\/ro\/andmetics-professional-brow-lash-tint-vopsea-pentru-sprancene-si-gene-culoare-graphit-20-ml\/","og_site_name":"SHOPATOA","article_modified_time":"2025-12-10T04:13:17+00:00","og_image":[{"width":800,"height":800,"url":"https:\/\/storage.googleapis.com\/cz-shopatoa-img\/ro\/df518f61-unnamed-file.webp","type":"image\/webp"}],"twitter_card":"summary_large_image","twitter_misc":{"Timp estimat pentru citire":"1 minut"},"schema":{"@context":"https:\/\/schema.org","@graph":[{"@type":"WebPage","@id":"https:\/\/shopatoa.com\/ro\/andmetics-professional-brow-lash-tint-vopsea-pentru-sprancene-si-gene-culoare-graphit-20-ml\/","url":"https:\/\/shopatoa.com\/ro\/andmetics-professional-brow-lash-tint-vopsea-pentru-sprancene-si-gene-culoare-graphit-20-ml\/","name":"andmetics Professional Brow & Lash Tint vopsea pentru sprancene si gene culoare Graphit 20 ml - SHOPATOA.COM","isPartOf":{"@id":"https:\/\/shopatoa.com\/ro\/#website"},"primaryImageOfPage":{"@id":"https:\/\/shopatoa.com\/ro\/andmetics-professional-brow-lash-tint-vopsea-pentru-sprancene-si-gene-culoare-graphit-20-ml\/#primaryimage"},"image":{"@id":"https:\/\/shopatoa.com\/ro\/andmetics-professional-brow-lash-tint-vopsea-pentru-sprancene-si-gene-culoare-graphit-20-ml\/#primaryimage"},"thumbnailUrl":"https:\/\/storage.googleapis.com\/cz-shopatoa-img\/ro\/df518f61-unnamed-file.webp","datePublished":"2025-06-17T14:57:10+00:00","dateModified":"2025-12-10T04:13:17+00:00","breadcrumb":{"@id":"https:\/\/shopatoa.com\/ro\/andmetics-professional-brow-lash-tint-vopsea-pentru-sprancene-si-gene-culoare-graphit-20-ml\/#breadcrumb"},"inLanguage":"ro-RO","potentialAction":[{"@type":"ReadAction","target":["https:\/\/shopatoa.com\/ro\/andmetics-professional-brow-lash-tint-vopsea-pentru-sprancene-si-gene-culoare-graphit-20-ml\/"]}]},{"@type":"ImageObject","inLanguage":"ro-RO","@id":"https:\/\/shopatoa.com\/ro\/andmetics-professional-brow-lash-tint-vopsea-pentru-sprancene-si-gene-culoare-graphit-20-ml\/#primaryimage","url":"https:\/\/storage.googleapis.com\/cz-shopatoa-img\/ro\/df518f61-unnamed-file.webp","contentUrl":"https:\/\/storage.googleapis.com\/cz-shopatoa-img\/ro\/df518f61-unnamed-file.webp","width":800,"height":800},{"@type":"BreadcrumbList","@id":"https:\/\/shopatoa.com\/ro\/andmetics-professional-brow-lash-tint-vopsea-pentru-sprancene-si-gene-culoare-graphit-20-ml\/#breadcrumb","itemListElement":[{"@type":"ListItem","position":1,"name":"Dom\u016f","item":"https:\/\/shopatoa.com\/ro\/"},{"@type":"ListItem","position":2,"name":"Shop","item":"https:\/\/shopatoa.com\/ro\/shop\/"},{"@type":"ListItem","position":3,"name":"S\u0103n\u0103tate \u0219i frumuse\u021be","item":"https:\/\/shopatoa.com\/ro\/sanatate-si-frumusete\/"},{"@type":"ListItem","position":4,"name":"\u00cengrijire personal\u0103","item":"https:\/\/shopatoa.com\/ro\/ingrijire-personala\/"},{"@type":"ListItem","position":5,"name":"Cosmetice","item":"https:\/\/shopatoa.com\/ro\/cosmetice-ingrijire-personala\/"},{"@type":"ListItem","position":6,"name":"Machiaj","item":"https:\/\/shopatoa.com\/ro\/machiaj\/"},{"@type":"ListItem","position":7,"name":"Machiaj pentru ochi","item":"https:\/\/shopatoa.com\/ro\/machiaj-pentru-ochi-machiaj\/"},{"@type":"ListItem","position":8,"name":"\u00cent\u0103ritori pentru spr\u00e2ncene","item":"https:\/\/shopatoa.com\/ro\/intaritori-pentru-sprancene\/"},{"@type":"ListItem","position":9,"name":"andmetics Professional Brow &amp; Lash Tint vopsea pentru sprancene si gene culoare Graphit 20 ml"}]},{"@type":"WebSite","@id":"https:\/\/shopatoa.com\/ro\/#website","url":"https:\/\/shopatoa.com\/ro\/","name":"SHOPATOA","description":"","publisher":{"@id":"https:\/\/shopatoa.com\/ro\/#organization"},"potentialAction":[{"@type":"SearchAction","target":{"@type":"EntryPoint","urlTemplate":"https:\/\/shopatoa.com\/ro\/?s={search_term_string}"},"query-input":{"@type":"PropertyValueSpecification","valueRequired":true,"valueName":"search_term_string"}}],"inLanguage":"ro-RO"},{"@type":"Organization","@id":"https:\/\/shopatoa.com\/ro\/#organization","name":"SHOPATOA","url":"https:\/\/shopatoa.com\/ro\/","logo":{"@type":"ImageObject","inLanguage":"ro-RO","@id":"https:\/\/shopatoa.com\/ro\/#\/schema\/logo\/image\/","url":"https:\/\/storage.googleapis.com\/cz-shopatoa-img\/ro\/b4dac915-shopatoa_logo.png","contentUrl":"https:\/\/storage.googleapis.com\/cz-shopatoa-img\/ro\/b4dac915-shopatoa_logo.png","width":416,"height":63,"caption":"SHOPATOA"},"image":{"@id":"https:\/\/shopatoa.com\/ro\/#\/schema\/logo\/image\/"}}]}},"_links":{"self":[{"href":"https:\/\/shopatoa.com\/ro\/wp-json\/wp\/v2\/product\/399853","targetHints":{"allow":["GET"]}}],"collection":[{"href":"https:\/\/shopatoa.com\/ro\/wp-json\/wp\/v2\/product"}],"about":[{"href":"https:\/\/shopatoa.com\/ro\/wp-json\/wp\/v2\/types\/product"}],"replies":[{"embeddable":true,"href":"https:\/\/shopatoa.com\/ro\/wp-json\/wp\/v2\/comments?post=399853"}],"wp:featuredmedia":[{"embeddable":true,"href":"https:\/\/shopatoa.com\/ro\/wp-json\/wp\/v2\/media\/399854"}],"wp:attachment":[{"href":"https:\/\/shopatoa.com\/ro\/wp-json\/wp\/v2\/media?parent=399853"}],"wp:term":[{"taxonomy":"product_brand","embeddable":true,"href":"https:\/\/shopatoa.com\/ro\/wp-json\/wp\/v2\/product_brand?post=399853"},{"taxonomy":"product_cat","embeddable":true,"href":"https:\/\/shopatoa.com\/ro\/wp-json\/wp\/v2\/product_cat?post=399853"},{"taxonomy":"product_tag","embeddable":true,"href":"https:\/\/shopatoa.com\/ro\/wp-json\/wp\/v2\/product_tag?post=399853"}],"curies":[{"name":"wp","href":"https:\/\/api.w.org\/{rel}","templated":true}]}}