{"id":399885,"date":"2025-06-17T17:09:39","date_gmt":"2025-06-17T15:09:39","guid":{"rendered":"https:\/\/shopatoa.com\/ro\/natura-siberica-ice-professional-tame-my-hair-crema-tonifianta-pentru-par-ondulat-si-cret-100-ml\/"},"modified":"2025-12-10T05:02:50","modified_gmt":"2025-12-10T04:02:50","slug":"natura-siberica-ice-professional-tame-my-hair-crema-tonifianta-pentru-par-ondulat-si-cret-100-ml","status":"publish","type":"product","link":"https:\/\/shopatoa.com\/ro\/natura-siberica-ice-professional-tame-my-hair-crema-tonifianta-pentru-par-ondulat-si-cret-100-ml\/","title":{"rendered":"Natura Siberica ICE Professional Tame My Hair crema tonifianta pentru par ondulat si cret 100 ml"},"content":{"rendered":"<p>Natura Siberica ICE Professional Tame My Hair, 100 ml, Creme \u0219i geluri pentru p\u0103r pentru femei, Dori\u021bi s\u0103 v\u0103 \u00eembl\u00e2nzi\u021bi \u00een sf\u00e2r\u0219it p\u0103rul rebel? Produsul de netezire Natura Siberica ICE Professional Tame My Hair asigur\u0103 un control maxim asupra p\u0103rului indisciplinat \u0219i frizzy, asigur\u00e2nd un aspect perfect neted. Acesta va \u00eembun\u0103t\u0103\u021bi calitativ structura p\u0103rului, \u00eei va netezi suprafa\u021ba \u0219i \u00eel va l\u0103sa mai catifelat \u0219i mai u\u0219or de aranjat. Va elimina frizz-ul nedorit, iar p\u0103rul va r\u0103m\u00e2ne natural str\u0103lucitor, vital \u0219i f\u0103r\u0103 electrizare. Miza\u021bi pe o \u00eengrijire f\u0103r\u0103 cl\u0103tire, care se ocup\u0103 chiar \u0219i de p\u0103rul extrem de ne\u00eembl\u00e2nzit, facilit\u00e2nd semnificativ coafarea ulterioar\u0103 \u0219i cre\u00e2nd coafuri perfect netede.  Caracteristici:  ofer\u0103 o protec\u021bie eficient\u0103 a p\u0103rului, \u00een timpul tratamentului termic neteze\u0219te firele de p\u0103r combate electrizarea pentru un p\u0103r fin \u0219i neted la atingere fixare medie  Ingrediente:  produs vegan  Cum se utilizeaz\u0103: Se ia \u00een palme o cantitate mic\u0103 de produs \u0219i se aplic\u0103 pe p\u0103r. Se maseaz\u0103 \u00een p\u0103r, de la jum\u0103tatea firului p\u00e2n\u0103 la v\u00e2rfuri. Se piept\u0103n\u0103. Apoi se usuc\u0103 p\u0103rul drept.<\/p>\n","protected":false},"excerpt":{"rendered":"<p>Natura Siberica ICE Professional Tame My Hair, 100 ml, Creme \u0219i geluri pentru p\u0103r pentru femei, Dori\u021bi s\u0103 v\u0103 \u00eembl\u00e2nzi\u021bi \u00een sf\u00e2r\u0219it p\u0103rul rebel? Produsul de netezire Natura Siberica ICE Professional Tame My Hair asigur\u0103 un control maxim asupra p\u0103rului indisciplinat \u0219i frizzy, asigur\u00e2nd un aspect perfect neted. Acesta va \u00eembun\u0103t\u0103\u021bi calitativ structura p\u0103rului, \u00eei&#8230;<\/p>\n","protected":false},"featured_media":399886,"comment_status":"closed","ping_status":"open","template":"","meta":{"_acf_changed":false,"_kadence_starter_templates_imported_post":false,"_kad_post_transparent":"","_kad_post_title":"","_kad_post_layout":"","_kad_post_sidebar_id":"","_kad_post_content_style":"","_kad_post_vertical_padding":"","_kad_post_feature":"","_kad_post_feature_position":"","_kad_post_header":false,"_kad_post_footer":false,"_kad_post_classname":""},"product_brand":[2701],"product_cat":[1563,1590,1562],"product_tag":[],"class_list":{"0":"post-399885","1":"product","2":"type-product","3":"status-publish","4":"has-post-thumbnail","6":"product_brand-natura-siberica","7":"product_cat-ingrijire-personala","8":"product_cat-ingrijirea-parului","9":"product_cat-sanatate-si-frumusete","10":"pa_gen-female","11":"pa_marime-100-ml","13":"first","14":"instock","15":"sale","16":"product-type-external","17":"entry","18":"content-bg","19":"loop-entry"},"acf":[],"yoast_head":"<!-- This site is optimized with the Yoast SEO plugin v27.4 - https:\/\/yoast.com\/product\/yoast-seo-wordpress\/ -->\n<title>Natura Siberica ICE Professional Tame My Hair crema tonifianta pentru par ondulat si cret 100 ml - SHOPATOA.COM<\/title>\n<meta name=\"robots\" content=\"index, follow, max-snippet:-1, max-image-preview:large, max-video-preview:-1\" \/>\n<link rel=\"canonical\" href=\"https:\/\/shopatoa.com\/ro\/natura-siberica-ice-professional-tame-my-hair-crema-tonifianta-pentru-par-ondulat-si-cret-100-ml\/\" \/>\n<meta property=\"og:locale\" content=\"ro_RO\" \/>\n<meta property=\"og:type\" content=\"article\" \/>\n<meta property=\"og:title\" content=\"Natura Siberica ICE Professional Tame My Hair crema tonifianta pentru par ondulat si cret 100 ml - SHOPATOA.COM\" \/>\n<meta property=\"og:description\" content=\"Natura Siberica ICE Professional Tame My Hair, 100 ml, Creme \u0219i geluri pentru p\u0103r pentru femei, Dori\u021bi s\u0103 v\u0103 \u00eembl\u00e2nzi\u021bi \u00een sf\u00e2r\u0219it p\u0103rul rebel? Produsul de netezire Natura Siberica ICE Professional Tame My Hair asigur\u0103 un control maxim asupra p\u0103rului indisciplinat \u0219i frizzy, asigur\u00e2nd un aspect perfect neted. Acesta va \u00eembun\u0103t\u0103\u021bi calitativ structura p\u0103rului, \u00eei...\" \/>\n<meta property=\"og:url\" content=\"https:\/\/shopatoa.com\/ro\/natura-siberica-ice-professional-tame-my-hair-crema-tonifianta-pentru-par-ondulat-si-cret-100-ml\/\" \/>\n<meta property=\"og:site_name\" content=\"SHOPATOA\" \/>\n<meta property=\"article:modified_time\" content=\"2025-12-10T04:02:50+00:00\" \/>\n<meta property=\"og:image\" content=\"https:\/\/storage.googleapis.com\/cz-shopatoa-img\/ro\/a192e84d-unnamed-file.webp\" \/>\n\t<meta property=\"og:image:width\" content=\"800\" \/>\n\t<meta property=\"og:image:height\" content=\"800\" \/>\n\t<meta property=\"og:image:type\" content=\"image\/webp\" \/>\n<meta name=\"twitter:card\" content=\"summary_large_image\" \/>\n<meta name=\"twitter:label1\" content=\"Timp estimat pentru citire\" \/>\n\t<meta name=\"twitter:data1\" content=\"1 minut\" \/>\n<script type=\"application\/ld+json\" class=\"yoast-schema-graph\">{\"@context\":\"https:\\\/\\\/schema.org\",\"@graph\":[{\"@type\":\"WebPage\",\"@id\":\"https:\\\/\\\/shopatoa.com\\\/ro\\\/natura-siberica-ice-professional-tame-my-hair-crema-tonifianta-pentru-par-ondulat-si-cret-100-ml\\\/\",\"url\":\"https:\\\/\\\/shopatoa.com\\\/ro\\\/natura-siberica-ice-professional-tame-my-hair-crema-tonifianta-pentru-par-ondulat-si-cret-100-ml\\\/\",\"name\":\"Natura Siberica ICE Professional Tame My Hair crema tonifianta pentru par ondulat si cret 100 ml - SHOPATOA.COM\",\"isPartOf\":{\"@id\":\"https:\\\/\\\/shopatoa.com\\\/ro\\\/#website\"},\"primaryImageOfPage\":{\"@id\":\"https:\\\/\\\/shopatoa.com\\\/ro\\\/natura-siberica-ice-professional-tame-my-hair-crema-tonifianta-pentru-par-ondulat-si-cret-100-ml\\\/#primaryimage\"},\"image\":{\"@id\":\"https:\\\/\\\/shopatoa.com\\\/ro\\\/natura-siberica-ice-professional-tame-my-hair-crema-tonifianta-pentru-par-ondulat-si-cret-100-ml\\\/#primaryimage\"},\"thumbnailUrl\":\"https:\\\/\\\/storage.googleapis.com\\\/cz-shopatoa-img\\\/ro\\\/a192e84d-unnamed-file.webp\",\"datePublished\":\"2025-06-17T15:09:39+00:00\",\"dateModified\":\"2025-12-10T04:02:50+00:00\",\"breadcrumb\":{\"@id\":\"https:\\\/\\\/shopatoa.com\\\/ro\\\/natura-siberica-ice-professional-tame-my-hair-crema-tonifianta-pentru-par-ondulat-si-cret-100-ml\\\/#breadcrumb\"},\"inLanguage\":\"ro-RO\",\"potentialAction\":[{\"@type\":\"ReadAction\",\"target\":[\"https:\\\/\\\/shopatoa.com\\\/ro\\\/natura-siberica-ice-professional-tame-my-hair-crema-tonifianta-pentru-par-ondulat-si-cret-100-ml\\\/\"]}]},{\"@type\":\"ImageObject\",\"inLanguage\":\"ro-RO\",\"@id\":\"https:\\\/\\\/shopatoa.com\\\/ro\\\/natura-siberica-ice-professional-tame-my-hair-crema-tonifianta-pentru-par-ondulat-si-cret-100-ml\\\/#primaryimage\",\"url\":\"https:\\\/\\\/storage.googleapis.com\\\/cz-shopatoa-img\\\/ro\\\/a192e84d-unnamed-file.webp\",\"contentUrl\":\"https:\\\/\\\/storage.googleapis.com\\\/cz-shopatoa-img\\\/ro\\\/a192e84d-unnamed-file.webp\",\"width\":800,\"height\":800},{\"@type\":\"BreadcrumbList\",\"@id\":\"https:\\\/\\\/shopatoa.com\\\/ro\\\/natura-siberica-ice-professional-tame-my-hair-crema-tonifianta-pentru-par-ondulat-si-cret-100-ml\\\/#breadcrumb\",\"itemListElement\":[{\"@type\":\"ListItem\",\"position\":1,\"name\":\"Dom\u016f\",\"item\":\"https:\\\/\\\/shopatoa.com\\\/ro\\\/\"},{\"@type\":\"ListItem\",\"position\":2,\"name\":\"Shop\",\"item\":\"https:\\\/\\\/shopatoa.com\\\/ro\\\/shop\\\/\"},{\"@type\":\"ListItem\",\"position\":3,\"name\":\"S\u0103n\u0103tate \u0219i frumuse\u021be\",\"item\":\"https:\\\/\\\/shopatoa.com\\\/ro\\\/sanatate-si-frumusete\\\/\"},{\"@type\":\"ListItem\",\"position\":4,\"name\":\"\u00cengrijire personal\u0103\",\"item\":\"https:\\\/\\\/shopatoa.com\\\/ro\\\/ingrijire-personala\\\/\"},{\"@type\":\"ListItem\",\"position\":5,\"name\":\"\u00cengrijirea p\u0103rului\",\"item\":\"https:\\\/\\\/shopatoa.com\\\/ro\\\/ingrijirea-parului\\\/\"},{\"@type\":\"ListItem\",\"position\":6,\"name\":\"Natura Siberica ICE Professional Tame My Hair crema tonifianta pentru par ondulat si cret 100 ml\"}]},{\"@type\":\"WebSite\",\"@id\":\"https:\\\/\\\/shopatoa.com\\\/ro\\\/#website\",\"url\":\"https:\\\/\\\/shopatoa.com\\\/ro\\\/\",\"name\":\"SHOPATOA\",\"description\":\"\",\"publisher\":{\"@id\":\"https:\\\/\\\/shopatoa.com\\\/ro\\\/#organization\"},\"potentialAction\":[{\"@type\":\"SearchAction\",\"target\":{\"@type\":\"EntryPoint\",\"urlTemplate\":\"https:\\\/\\\/shopatoa.com\\\/ro\\\/?s={search_term_string}\"},\"query-input\":{\"@type\":\"PropertyValueSpecification\",\"valueRequired\":true,\"valueName\":\"search_term_string\"}}],\"inLanguage\":\"ro-RO\"},{\"@type\":\"Organization\",\"@id\":\"https:\\\/\\\/shopatoa.com\\\/ro\\\/#organization\",\"name\":\"SHOPATOA\",\"url\":\"https:\\\/\\\/shopatoa.com\\\/ro\\\/\",\"logo\":{\"@type\":\"ImageObject\",\"inLanguage\":\"ro-RO\",\"@id\":\"https:\\\/\\\/shopatoa.com\\\/ro\\\/#\\\/schema\\\/logo\\\/image\\\/\",\"url\":\"https:\\\/\\\/storage.googleapis.com\\\/cz-shopatoa-img\\\/ro\\\/b4dac915-shopatoa_logo.png\",\"contentUrl\":\"https:\\\/\\\/storage.googleapis.com\\\/cz-shopatoa-img\\\/ro\\\/b4dac915-shopatoa_logo.png\",\"width\":416,\"height\":63,\"caption\":\"SHOPATOA\"},\"image\":{\"@id\":\"https:\\\/\\\/shopatoa.com\\\/ro\\\/#\\\/schema\\\/logo\\\/image\\\/\"}}]}<\/script>\n<!-- \/ Yoast SEO plugin. -->","yoast_head_json":{"title":"Natura Siberica ICE Professional Tame My Hair crema tonifianta pentru par ondulat si cret 100 ml - SHOPATOA.COM","robots":{"index":"index","follow":"follow","max-snippet":"max-snippet:-1","max-image-preview":"max-image-preview:large","max-video-preview":"max-video-preview:-1"},"canonical":"https:\/\/shopatoa.com\/ro\/natura-siberica-ice-professional-tame-my-hair-crema-tonifianta-pentru-par-ondulat-si-cret-100-ml\/","og_locale":"ro_RO","og_type":"article","og_title":"Natura Siberica ICE Professional Tame My Hair crema tonifianta pentru par ondulat si cret 100 ml - SHOPATOA.COM","og_description":"Natura Siberica ICE Professional Tame My Hair, 100 ml, Creme \u0219i geluri pentru p\u0103r pentru femei, Dori\u021bi s\u0103 v\u0103 \u00eembl\u00e2nzi\u021bi \u00een sf\u00e2r\u0219it p\u0103rul rebel? Produsul de netezire Natura Siberica ICE Professional Tame My Hair asigur\u0103 un control maxim asupra p\u0103rului indisciplinat \u0219i frizzy, asigur\u00e2nd un aspect perfect neted. Acesta va \u00eembun\u0103t\u0103\u021bi calitativ structura p\u0103rului, \u00eei...","og_url":"https:\/\/shopatoa.com\/ro\/natura-siberica-ice-professional-tame-my-hair-crema-tonifianta-pentru-par-ondulat-si-cret-100-ml\/","og_site_name":"SHOPATOA","article_modified_time":"2025-12-10T04:02:50+00:00","og_image":[{"width":800,"height":800,"url":"https:\/\/storage.googleapis.com\/cz-shopatoa-img\/ro\/a192e84d-unnamed-file.webp","type":"image\/webp"}],"twitter_card":"summary_large_image","twitter_misc":{"Timp estimat pentru citire":"1 minut"},"schema":{"@context":"https:\/\/schema.org","@graph":[{"@type":"WebPage","@id":"https:\/\/shopatoa.com\/ro\/natura-siberica-ice-professional-tame-my-hair-crema-tonifianta-pentru-par-ondulat-si-cret-100-ml\/","url":"https:\/\/shopatoa.com\/ro\/natura-siberica-ice-professional-tame-my-hair-crema-tonifianta-pentru-par-ondulat-si-cret-100-ml\/","name":"Natura Siberica ICE Professional Tame My Hair crema tonifianta pentru par ondulat si cret 100 ml - SHOPATOA.COM","isPartOf":{"@id":"https:\/\/shopatoa.com\/ro\/#website"},"primaryImageOfPage":{"@id":"https:\/\/shopatoa.com\/ro\/natura-siberica-ice-professional-tame-my-hair-crema-tonifianta-pentru-par-ondulat-si-cret-100-ml\/#primaryimage"},"image":{"@id":"https:\/\/shopatoa.com\/ro\/natura-siberica-ice-professional-tame-my-hair-crema-tonifianta-pentru-par-ondulat-si-cret-100-ml\/#primaryimage"},"thumbnailUrl":"https:\/\/storage.googleapis.com\/cz-shopatoa-img\/ro\/a192e84d-unnamed-file.webp","datePublished":"2025-06-17T15:09:39+00:00","dateModified":"2025-12-10T04:02:50+00:00","breadcrumb":{"@id":"https:\/\/shopatoa.com\/ro\/natura-siberica-ice-professional-tame-my-hair-crema-tonifianta-pentru-par-ondulat-si-cret-100-ml\/#breadcrumb"},"inLanguage":"ro-RO","potentialAction":[{"@type":"ReadAction","target":["https:\/\/shopatoa.com\/ro\/natura-siberica-ice-professional-tame-my-hair-crema-tonifianta-pentru-par-ondulat-si-cret-100-ml\/"]}]},{"@type":"ImageObject","inLanguage":"ro-RO","@id":"https:\/\/shopatoa.com\/ro\/natura-siberica-ice-professional-tame-my-hair-crema-tonifianta-pentru-par-ondulat-si-cret-100-ml\/#primaryimage","url":"https:\/\/storage.googleapis.com\/cz-shopatoa-img\/ro\/a192e84d-unnamed-file.webp","contentUrl":"https:\/\/storage.googleapis.com\/cz-shopatoa-img\/ro\/a192e84d-unnamed-file.webp","width":800,"height":800},{"@type":"BreadcrumbList","@id":"https:\/\/shopatoa.com\/ro\/natura-siberica-ice-professional-tame-my-hair-crema-tonifianta-pentru-par-ondulat-si-cret-100-ml\/#breadcrumb","itemListElement":[{"@type":"ListItem","position":1,"name":"Dom\u016f","item":"https:\/\/shopatoa.com\/ro\/"},{"@type":"ListItem","position":2,"name":"Shop","item":"https:\/\/shopatoa.com\/ro\/shop\/"},{"@type":"ListItem","position":3,"name":"S\u0103n\u0103tate \u0219i frumuse\u021be","item":"https:\/\/shopatoa.com\/ro\/sanatate-si-frumusete\/"},{"@type":"ListItem","position":4,"name":"\u00cengrijire personal\u0103","item":"https:\/\/shopatoa.com\/ro\/ingrijire-personala\/"},{"@type":"ListItem","position":5,"name":"\u00cengrijirea p\u0103rului","item":"https:\/\/shopatoa.com\/ro\/ingrijirea-parului\/"},{"@type":"ListItem","position":6,"name":"Natura Siberica ICE Professional Tame My Hair crema tonifianta pentru par ondulat si cret 100 ml"}]},{"@type":"WebSite","@id":"https:\/\/shopatoa.com\/ro\/#website","url":"https:\/\/shopatoa.com\/ro\/","name":"SHOPATOA","description":"","publisher":{"@id":"https:\/\/shopatoa.com\/ro\/#organization"},"potentialAction":[{"@type":"SearchAction","target":{"@type":"EntryPoint","urlTemplate":"https:\/\/shopatoa.com\/ro\/?s={search_term_string}"},"query-input":{"@type":"PropertyValueSpecification","valueRequired":true,"valueName":"search_term_string"}}],"inLanguage":"ro-RO"},{"@type":"Organization","@id":"https:\/\/shopatoa.com\/ro\/#organization","name":"SHOPATOA","url":"https:\/\/shopatoa.com\/ro\/","logo":{"@type":"ImageObject","inLanguage":"ro-RO","@id":"https:\/\/shopatoa.com\/ro\/#\/schema\/logo\/image\/","url":"https:\/\/storage.googleapis.com\/cz-shopatoa-img\/ro\/b4dac915-shopatoa_logo.png","contentUrl":"https:\/\/storage.googleapis.com\/cz-shopatoa-img\/ro\/b4dac915-shopatoa_logo.png","width":416,"height":63,"caption":"SHOPATOA"},"image":{"@id":"https:\/\/shopatoa.com\/ro\/#\/schema\/logo\/image\/"}}]}},"_links":{"self":[{"href":"https:\/\/shopatoa.com\/ro\/wp-json\/wp\/v2\/product\/399885","targetHints":{"allow":["GET"]}}],"collection":[{"href":"https:\/\/shopatoa.com\/ro\/wp-json\/wp\/v2\/product"}],"about":[{"href":"https:\/\/shopatoa.com\/ro\/wp-json\/wp\/v2\/types\/product"}],"replies":[{"embeddable":true,"href":"https:\/\/shopatoa.com\/ro\/wp-json\/wp\/v2\/comments?post=399885"}],"wp:featuredmedia":[{"embeddable":true,"href":"https:\/\/shopatoa.com\/ro\/wp-json\/wp\/v2\/media\/399886"}],"wp:attachment":[{"href":"https:\/\/shopatoa.com\/ro\/wp-json\/wp\/v2\/media?parent=399885"}],"wp:term":[{"taxonomy":"product_brand","embeddable":true,"href":"https:\/\/shopatoa.com\/ro\/wp-json\/wp\/v2\/product_brand?post=399885"},{"taxonomy":"product_cat","embeddable":true,"href":"https:\/\/shopatoa.com\/ro\/wp-json\/wp\/v2\/product_cat?post=399885"},{"taxonomy":"product_tag","embeddable":true,"href":"https:\/\/shopatoa.com\/ro\/wp-json\/wp\/v2\/product_tag?post=399885"}],"curies":[{"name":"wp","href":"https:\/\/api.w.org\/{rel}","templated":true}]}}