{"id":399893,"date":"2025-06-17T17:11:22","date_gmt":"2025-06-17T15:11:22","guid":{"rendered":"https:\/\/shopatoa.com\/ro\/natura-siberica-ice-professional-refill-my-hair-tratament-de-hidratare-fara-clatire-spray-100-ml\/"},"modified":"2025-12-10T04:45:58","modified_gmt":"2025-12-10T03:45:58","slug":"natura-siberica-ice-professional-refill-my-hair-tratament-de-hidratare-fara-clatire-spray-100-ml","status":"publish","type":"product","link":"https:\/\/shopatoa.com\/ro\/natura-siberica-ice-professional-refill-my-hair-tratament-de-hidratare-fara-clatire-spray-100-ml\/","title":{"rendered":"Natura Siberica ICE Professional Refill My Hair tratament de hidratare fara clatire Spray 100 ml"},"content":{"rendered":"<p>Natura Siberica ICE Professional Refill My Hair, 100 ml, Balsam f\u0103r\u0103 cl\u0103tire pentru femei, Dup\u0103 sp\u0103larea cu \u0219ampon, p\u0103rul tinde s\u0103 fie ciufulit \u0219i \u00eenc\u00e2lcit. Dac\u0103 nu \u00eei oferi\u021bi \u00eengrijirea de care are nevoie, descurcarea lui poate fi deosebit de dificil\u0103 \u0219i \u00eenso\u021bit\u0103 de trageri nepl\u0103cute. Produsul pentru descurcarea p\u0103rului Natura Siberica ICE Professional Refill My Hair va deveni ajutorul dvs. de nepre\u021buit \u00een lupta \u00eempotriva p\u0103rului \u00eenc\u00e2lcit. Va facilita coafarea p\u0103rului, va oferi, \u00een acela\u0219i timp, o \u00eengrijire hr\u0103nitoare \u0219i catifelare, pentru ca acesta s\u0103 arate mereu frumos \u0219i s\u0103n\u0103tos.  Caracteristici:  ofer\u0103 p\u0103rului hidratare \u0219i nutri\u021bie \u00eembun\u0103t\u0103\u021be\u0219te calitatea \u0219i structura p\u0103rului faciliteaz\u0103 descurcarea \u0219i modelarea ulterioar\u0103 confer\u0103 o netezime de catifea are efect antistatic  Cum se utilizeaz\u0103: Se aplic\u0103 pe p\u0103rul sp\u0103lat, pe lungime, p\u00e2n\u0103 la v\u00e2rfuri. Nu cl\u0103ti\u021bi. Se aranjeaz\u0103 p\u0103rul, ca de obicei.<\/p>\n","protected":false},"excerpt":{"rendered":"<p>Natura Siberica ICE Professional Refill My Hair, 100 ml, Balsam f\u0103r\u0103 cl\u0103tire pentru femei, Dup\u0103 sp\u0103larea cu \u0219ampon, p\u0103rul tinde s\u0103 fie ciufulit \u0219i \u00eenc\u00e2lcit. Dac\u0103 nu \u00eei oferi\u021bi \u00eengrijirea de care are nevoie, descurcarea lui poate fi deosebit de dificil\u0103 \u0219i \u00eenso\u021bit\u0103 de trageri nepl\u0103cute. Produsul pentru descurcarea p\u0103rului Natura Siberica ICE Professional Refill&#8230;<\/p>\n","protected":false},"featured_media":399894,"comment_status":"closed","ping_status":"open","template":"","meta":{"_acf_changed":false,"_kadence_starter_templates_imported_post":false,"_kad_post_transparent":"","_kad_post_title":"","_kad_post_layout":"","_kad_post_sidebar_id":"","_kad_post_content_style":"","_kad_post_vertical_padding":"","_kad_post_feature":"","_kad_post_feature_position":"","_kad_post_header":false,"_kad_post_footer":false,"_kad_post_classname":""},"product_brand":[2701],"product_cat":[1563,1590,1562],"product_tag":[],"class_list":{"0":"post-399893","1":"product","2":"type-product","3":"status-publish","4":"has-post-thumbnail","6":"product_brand-natura-siberica","7":"product_cat-ingrijire-personala","8":"product_cat-ingrijirea-parului","9":"product_cat-sanatate-si-frumusete","10":"pa_gen-female","11":"pa_marime-100-ml","13":"first","14":"instock","15":"sale","16":"product-type-external","17":"entry","18":"content-bg","19":"loop-entry"},"acf":[],"yoast_head":"<!-- This site is optimized with the Yoast SEO plugin v27.4 - https:\/\/yoast.com\/product\/yoast-seo-wordpress\/ -->\n<title>Natura Siberica ICE Professional Refill My Hair tratament de hidratare fara clatire Spray 100 ml - SHOPATOA.COM<\/title>\n<meta name=\"robots\" content=\"index, follow, max-snippet:-1, max-image-preview:large, max-video-preview:-1\" \/>\n<link rel=\"canonical\" href=\"https:\/\/shopatoa.com\/ro\/natura-siberica-ice-professional-refill-my-hair-tratament-de-hidratare-fara-clatire-spray-100-ml\/\" \/>\n<meta property=\"og:locale\" content=\"ro_RO\" \/>\n<meta property=\"og:type\" content=\"article\" \/>\n<meta property=\"og:title\" content=\"Natura Siberica ICE Professional Refill My Hair tratament de hidratare fara clatire Spray 100 ml - SHOPATOA.COM\" \/>\n<meta property=\"og:description\" content=\"Natura Siberica ICE Professional Refill My Hair, 100 ml, Balsam f\u0103r\u0103 cl\u0103tire pentru femei, Dup\u0103 sp\u0103larea cu \u0219ampon, p\u0103rul tinde s\u0103 fie ciufulit \u0219i \u00eenc\u00e2lcit. Dac\u0103 nu \u00eei oferi\u021bi \u00eengrijirea de care are nevoie, descurcarea lui poate fi deosebit de dificil\u0103 \u0219i \u00eenso\u021bit\u0103 de trageri nepl\u0103cute. Produsul pentru descurcarea p\u0103rului Natura Siberica ICE Professional Refill...\" \/>\n<meta property=\"og:url\" content=\"https:\/\/shopatoa.com\/ro\/natura-siberica-ice-professional-refill-my-hair-tratament-de-hidratare-fara-clatire-spray-100-ml\/\" \/>\n<meta property=\"og:site_name\" content=\"SHOPATOA\" \/>\n<meta property=\"article:modified_time\" content=\"2025-12-10T03:45:58+00:00\" \/>\n<meta property=\"og:image\" content=\"https:\/\/storage.googleapis.com\/cz-shopatoa-img\/ro\/37ccc6bd-unnamed-file.webp\" \/>\n\t<meta property=\"og:image:width\" content=\"800\" \/>\n\t<meta property=\"og:image:height\" content=\"800\" \/>\n\t<meta property=\"og:image:type\" content=\"image\/webp\" \/>\n<meta name=\"twitter:card\" content=\"summary_large_image\" \/>\n<meta name=\"twitter:label1\" content=\"Timp estimat pentru citire\" \/>\n\t<meta name=\"twitter:data1\" content=\"1 minut\" \/>\n<script type=\"application\/ld+json\" class=\"yoast-schema-graph\">{\"@context\":\"https:\\\/\\\/schema.org\",\"@graph\":[{\"@type\":\"WebPage\",\"@id\":\"https:\\\/\\\/shopatoa.com\\\/ro\\\/natura-siberica-ice-professional-refill-my-hair-tratament-de-hidratare-fara-clatire-spray-100-ml\\\/\",\"url\":\"https:\\\/\\\/shopatoa.com\\\/ro\\\/natura-siberica-ice-professional-refill-my-hair-tratament-de-hidratare-fara-clatire-spray-100-ml\\\/\",\"name\":\"Natura Siberica ICE Professional Refill My Hair tratament de hidratare fara clatire Spray 100 ml - SHOPATOA.COM\",\"isPartOf\":{\"@id\":\"https:\\\/\\\/shopatoa.com\\\/ro\\\/#website\"},\"primaryImageOfPage\":{\"@id\":\"https:\\\/\\\/shopatoa.com\\\/ro\\\/natura-siberica-ice-professional-refill-my-hair-tratament-de-hidratare-fara-clatire-spray-100-ml\\\/#primaryimage\"},\"image\":{\"@id\":\"https:\\\/\\\/shopatoa.com\\\/ro\\\/natura-siberica-ice-professional-refill-my-hair-tratament-de-hidratare-fara-clatire-spray-100-ml\\\/#primaryimage\"},\"thumbnailUrl\":\"https:\\\/\\\/storage.googleapis.com\\\/cz-shopatoa-img\\\/ro\\\/37ccc6bd-unnamed-file.webp\",\"datePublished\":\"2025-06-17T15:11:22+00:00\",\"dateModified\":\"2025-12-10T03:45:58+00:00\",\"breadcrumb\":{\"@id\":\"https:\\\/\\\/shopatoa.com\\\/ro\\\/natura-siberica-ice-professional-refill-my-hair-tratament-de-hidratare-fara-clatire-spray-100-ml\\\/#breadcrumb\"},\"inLanguage\":\"ro-RO\",\"potentialAction\":[{\"@type\":\"ReadAction\",\"target\":[\"https:\\\/\\\/shopatoa.com\\\/ro\\\/natura-siberica-ice-professional-refill-my-hair-tratament-de-hidratare-fara-clatire-spray-100-ml\\\/\"]}]},{\"@type\":\"ImageObject\",\"inLanguage\":\"ro-RO\",\"@id\":\"https:\\\/\\\/shopatoa.com\\\/ro\\\/natura-siberica-ice-professional-refill-my-hair-tratament-de-hidratare-fara-clatire-spray-100-ml\\\/#primaryimage\",\"url\":\"https:\\\/\\\/storage.googleapis.com\\\/cz-shopatoa-img\\\/ro\\\/37ccc6bd-unnamed-file.webp\",\"contentUrl\":\"https:\\\/\\\/storage.googleapis.com\\\/cz-shopatoa-img\\\/ro\\\/37ccc6bd-unnamed-file.webp\",\"width\":800,\"height\":800},{\"@type\":\"BreadcrumbList\",\"@id\":\"https:\\\/\\\/shopatoa.com\\\/ro\\\/natura-siberica-ice-professional-refill-my-hair-tratament-de-hidratare-fara-clatire-spray-100-ml\\\/#breadcrumb\",\"itemListElement\":[{\"@type\":\"ListItem\",\"position\":1,\"name\":\"Dom\u016f\",\"item\":\"https:\\\/\\\/shopatoa.com\\\/ro\\\/\"},{\"@type\":\"ListItem\",\"position\":2,\"name\":\"Shop\",\"item\":\"https:\\\/\\\/shopatoa.com\\\/ro\\\/shop\\\/\"},{\"@type\":\"ListItem\",\"position\":3,\"name\":\"S\u0103n\u0103tate \u0219i frumuse\u021be\",\"item\":\"https:\\\/\\\/shopatoa.com\\\/ro\\\/sanatate-si-frumusete\\\/\"},{\"@type\":\"ListItem\",\"position\":4,\"name\":\"\u00cengrijire personal\u0103\",\"item\":\"https:\\\/\\\/shopatoa.com\\\/ro\\\/ingrijire-personala\\\/\"},{\"@type\":\"ListItem\",\"position\":5,\"name\":\"\u00cengrijirea p\u0103rului\",\"item\":\"https:\\\/\\\/shopatoa.com\\\/ro\\\/ingrijirea-parului\\\/\"},{\"@type\":\"ListItem\",\"position\":6,\"name\":\"Natura Siberica ICE Professional Refill My Hair tratament de hidratare fara clatire Spray 100 ml\"}]},{\"@type\":\"WebSite\",\"@id\":\"https:\\\/\\\/shopatoa.com\\\/ro\\\/#website\",\"url\":\"https:\\\/\\\/shopatoa.com\\\/ro\\\/\",\"name\":\"SHOPATOA\",\"description\":\"\",\"publisher\":{\"@id\":\"https:\\\/\\\/shopatoa.com\\\/ro\\\/#organization\"},\"potentialAction\":[{\"@type\":\"SearchAction\",\"target\":{\"@type\":\"EntryPoint\",\"urlTemplate\":\"https:\\\/\\\/shopatoa.com\\\/ro\\\/?s={search_term_string}\"},\"query-input\":{\"@type\":\"PropertyValueSpecification\",\"valueRequired\":true,\"valueName\":\"search_term_string\"}}],\"inLanguage\":\"ro-RO\"},{\"@type\":\"Organization\",\"@id\":\"https:\\\/\\\/shopatoa.com\\\/ro\\\/#organization\",\"name\":\"SHOPATOA\",\"url\":\"https:\\\/\\\/shopatoa.com\\\/ro\\\/\",\"logo\":{\"@type\":\"ImageObject\",\"inLanguage\":\"ro-RO\",\"@id\":\"https:\\\/\\\/shopatoa.com\\\/ro\\\/#\\\/schema\\\/logo\\\/image\\\/\",\"url\":\"https:\\\/\\\/storage.googleapis.com\\\/cz-shopatoa-img\\\/ro\\\/b4dac915-shopatoa_logo.png\",\"contentUrl\":\"https:\\\/\\\/storage.googleapis.com\\\/cz-shopatoa-img\\\/ro\\\/b4dac915-shopatoa_logo.png\",\"width\":416,\"height\":63,\"caption\":\"SHOPATOA\"},\"image\":{\"@id\":\"https:\\\/\\\/shopatoa.com\\\/ro\\\/#\\\/schema\\\/logo\\\/image\\\/\"}}]}<\/script>\n<!-- \/ Yoast SEO plugin. -->","yoast_head_json":{"title":"Natura Siberica ICE Professional Refill My Hair tratament de hidratare fara clatire Spray 100 ml - SHOPATOA.COM","robots":{"index":"index","follow":"follow","max-snippet":"max-snippet:-1","max-image-preview":"max-image-preview:large","max-video-preview":"max-video-preview:-1"},"canonical":"https:\/\/shopatoa.com\/ro\/natura-siberica-ice-professional-refill-my-hair-tratament-de-hidratare-fara-clatire-spray-100-ml\/","og_locale":"ro_RO","og_type":"article","og_title":"Natura Siberica ICE Professional Refill My Hair tratament de hidratare fara clatire Spray 100 ml - SHOPATOA.COM","og_description":"Natura Siberica ICE Professional Refill My Hair, 100 ml, Balsam f\u0103r\u0103 cl\u0103tire pentru femei, Dup\u0103 sp\u0103larea cu \u0219ampon, p\u0103rul tinde s\u0103 fie ciufulit \u0219i \u00eenc\u00e2lcit. Dac\u0103 nu \u00eei oferi\u021bi \u00eengrijirea de care are nevoie, descurcarea lui poate fi deosebit de dificil\u0103 \u0219i \u00eenso\u021bit\u0103 de trageri nepl\u0103cute. Produsul pentru descurcarea p\u0103rului Natura Siberica ICE Professional Refill...","og_url":"https:\/\/shopatoa.com\/ro\/natura-siberica-ice-professional-refill-my-hair-tratament-de-hidratare-fara-clatire-spray-100-ml\/","og_site_name":"SHOPATOA","article_modified_time":"2025-12-10T03:45:58+00:00","og_image":[{"width":800,"height":800,"url":"https:\/\/storage.googleapis.com\/cz-shopatoa-img\/ro\/37ccc6bd-unnamed-file.webp","type":"image\/webp"}],"twitter_card":"summary_large_image","twitter_misc":{"Timp estimat pentru citire":"1 minut"},"schema":{"@context":"https:\/\/schema.org","@graph":[{"@type":"WebPage","@id":"https:\/\/shopatoa.com\/ro\/natura-siberica-ice-professional-refill-my-hair-tratament-de-hidratare-fara-clatire-spray-100-ml\/","url":"https:\/\/shopatoa.com\/ro\/natura-siberica-ice-professional-refill-my-hair-tratament-de-hidratare-fara-clatire-spray-100-ml\/","name":"Natura Siberica ICE Professional Refill My Hair tratament de hidratare fara clatire Spray 100 ml - SHOPATOA.COM","isPartOf":{"@id":"https:\/\/shopatoa.com\/ro\/#website"},"primaryImageOfPage":{"@id":"https:\/\/shopatoa.com\/ro\/natura-siberica-ice-professional-refill-my-hair-tratament-de-hidratare-fara-clatire-spray-100-ml\/#primaryimage"},"image":{"@id":"https:\/\/shopatoa.com\/ro\/natura-siberica-ice-professional-refill-my-hair-tratament-de-hidratare-fara-clatire-spray-100-ml\/#primaryimage"},"thumbnailUrl":"https:\/\/storage.googleapis.com\/cz-shopatoa-img\/ro\/37ccc6bd-unnamed-file.webp","datePublished":"2025-06-17T15:11:22+00:00","dateModified":"2025-12-10T03:45:58+00:00","breadcrumb":{"@id":"https:\/\/shopatoa.com\/ro\/natura-siberica-ice-professional-refill-my-hair-tratament-de-hidratare-fara-clatire-spray-100-ml\/#breadcrumb"},"inLanguage":"ro-RO","potentialAction":[{"@type":"ReadAction","target":["https:\/\/shopatoa.com\/ro\/natura-siberica-ice-professional-refill-my-hair-tratament-de-hidratare-fara-clatire-spray-100-ml\/"]}]},{"@type":"ImageObject","inLanguage":"ro-RO","@id":"https:\/\/shopatoa.com\/ro\/natura-siberica-ice-professional-refill-my-hair-tratament-de-hidratare-fara-clatire-spray-100-ml\/#primaryimage","url":"https:\/\/storage.googleapis.com\/cz-shopatoa-img\/ro\/37ccc6bd-unnamed-file.webp","contentUrl":"https:\/\/storage.googleapis.com\/cz-shopatoa-img\/ro\/37ccc6bd-unnamed-file.webp","width":800,"height":800},{"@type":"BreadcrumbList","@id":"https:\/\/shopatoa.com\/ro\/natura-siberica-ice-professional-refill-my-hair-tratament-de-hidratare-fara-clatire-spray-100-ml\/#breadcrumb","itemListElement":[{"@type":"ListItem","position":1,"name":"Dom\u016f","item":"https:\/\/shopatoa.com\/ro\/"},{"@type":"ListItem","position":2,"name":"Shop","item":"https:\/\/shopatoa.com\/ro\/shop\/"},{"@type":"ListItem","position":3,"name":"S\u0103n\u0103tate \u0219i frumuse\u021be","item":"https:\/\/shopatoa.com\/ro\/sanatate-si-frumusete\/"},{"@type":"ListItem","position":4,"name":"\u00cengrijire personal\u0103","item":"https:\/\/shopatoa.com\/ro\/ingrijire-personala\/"},{"@type":"ListItem","position":5,"name":"\u00cengrijirea p\u0103rului","item":"https:\/\/shopatoa.com\/ro\/ingrijirea-parului\/"},{"@type":"ListItem","position":6,"name":"Natura Siberica ICE Professional Refill My Hair tratament de hidratare fara clatire Spray 100 ml"}]},{"@type":"WebSite","@id":"https:\/\/shopatoa.com\/ro\/#website","url":"https:\/\/shopatoa.com\/ro\/","name":"SHOPATOA","description":"","publisher":{"@id":"https:\/\/shopatoa.com\/ro\/#organization"},"potentialAction":[{"@type":"SearchAction","target":{"@type":"EntryPoint","urlTemplate":"https:\/\/shopatoa.com\/ro\/?s={search_term_string}"},"query-input":{"@type":"PropertyValueSpecification","valueRequired":true,"valueName":"search_term_string"}}],"inLanguage":"ro-RO"},{"@type":"Organization","@id":"https:\/\/shopatoa.com\/ro\/#organization","name":"SHOPATOA","url":"https:\/\/shopatoa.com\/ro\/","logo":{"@type":"ImageObject","inLanguage":"ro-RO","@id":"https:\/\/shopatoa.com\/ro\/#\/schema\/logo\/image\/","url":"https:\/\/storage.googleapis.com\/cz-shopatoa-img\/ro\/b4dac915-shopatoa_logo.png","contentUrl":"https:\/\/storage.googleapis.com\/cz-shopatoa-img\/ro\/b4dac915-shopatoa_logo.png","width":416,"height":63,"caption":"SHOPATOA"},"image":{"@id":"https:\/\/shopatoa.com\/ro\/#\/schema\/logo\/image\/"}}]}},"_links":{"self":[{"href":"https:\/\/shopatoa.com\/ro\/wp-json\/wp\/v2\/product\/399893","targetHints":{"allow":["GET"]}}],"collection":[{"href":"https:\/\/shopatoa.com\/ro\/wp-json\/wp\/v2\/product"}],"about":[{"href":"https:\/\/shopatoa.com\/ro\/wp-json\/wp\/v2\/types\/product"}],"replies":[{"embeddable":true,"href":"https:\/\/shopatoa.com\/ro\/wp-json\/wp\/v2\/comments?post=399893"}],"wp:featuredmedia":[{"embeddable":true,"href":"https:\/\/shopatoa.com\/ro\/wp-json\/wp\/v2\/media\/399894"}],"wp:attachment":[{"href":"https:\/\/shopatoa.com\/ro\/wp-json\/wp\/v2\/media?parent=399893"}],"wp:term":[{"taxonomy":"product_brand","embeddable":true,"href":"https:\/\/shopatoa.com\/ro\/wp-json\/wp\/v2\/product_brand?post=399893"},{"taxonomy":"product_cat","embeddable":true,"href":"https:\/\/shopatoa.com\/ro\/wp-json\/wp\/v2\/product_cat?post=399893"},{"taxonomy":"product_tag","embeddable":true,"href":"https:\/\/shopatoa.com\/ro\/wp-json\/wp\/v2\/product_tag?post=399893"}],"curies":[{"name":"wp","href":"https:\/\/api.w.org\/{rel}","templated":true}]}}