{"id":399967,"date":"2025-06-17T17:28:13","date_gmt":"2025-06-17T15:28:13","guid":{"rendered":"https:\/\/shopatoa.com\/ro\/bione-cosmetics-antakne-ser-pentru-regenerarea-pielii-care-sufera-de-cicatrici-cu-sulf-82-ml\/"},"modified":"2025-12-10T04:25:22","modified_gmt":"2025-12-10T03:25:22","slug":"bione-cosmetics-antakne-ser-pentru-regenerarea-pielii-care-sufera-de-cicatrici-cu-sulf-82-ml","status":"publish","type":"product","link":"https:\/\/shopatoa.com\/ro\/bione-cosmetics-antakne-ser-pentru-regenerarea-pielii-care-sufera-de-cicatrici-cu-sulf-82-ml\/","title":{"rendered":"Bione Cosmetics Antakne ser pentru regenerarea pielii care sufera de cicatrici cu sulf 82 ml"},"content":{"rendered":"<p>Bione Cosmetics Antakne, 82 ml, Tratament local pentru femei, Sim\u021bi\u021bi c\u0103 anumite zone ale fe\u021bei dvs. au nevoie de o \u00eengrijire mai intens\u0103 \u0219i \u021bintit\u0103, \u00eentruc\u00e2t cremele \u0219i serurile din rutina dvs. obi\u0219nuit\u0103 nu sunt suficiente? \u00cengrijirea local\u0103 Bione Cosmetics Antakne se va ocupa de aceste zone problematice \u2013 datorit\u0103 compozi\u021biei sale concentrate cu un con\u021binut ridicat de ingrediente active, efectul s\u0103u asupra tenului va fi mult mai intens \u0219i mai rapid dec\u00e2t \u00een cazul \u00eengrijirii obi\u0219nuite a tenului.  Caracteristici:  ac\u021bioneaz\u0103 \u00eempotriva imperfec\u021biunilor elimin\u0103 simptomele acneei trateaz\u0103 local simptomele tenului problematic \u00eembun\u0103t\u0103\u021be\u0219te vizibil starea pielii  Cum se utilizeaz\u0103: Aplica\u021bi cantit\u0103\u021bi mici de produs pe zonele cu probleme \u0219i l\u0103sa\u021bi s\u0103 se absoarb\u0103.<\/p>\n","protected":false},"excerpt":{"rendered":"<p>Bione Cosmetics Antakne, 82 ml, Tratament local pentru femei, Sim\u021bi\u021bi c\u0103 anumite zone ale fe\u021bei dvs. au nevoie de o \u00eengrijire mai intens\u0103 \u0219i \u021bintit\u0103, \u00eentruc\u00e2t cremele \u0219i serurile din rutina dvs. obi\u0219nuit\u0103 nu sunt suficiente? \u00cengrijirea local\u0103 Bione Cosmetics Antakne se va ocupa de aceste zone problematice \u2013 datorit\u0103 compozi\u021biei sale concentrate cu un&#8230;<\/p>\n","protected":false},"featured_media":399968,"comment_status":"closed","ping_status":"open","template":"","meta":{"_acf_changed":false,"_kadence_starter_templates_imported_post":false,"_kad_post_transparent":"","_kad_post_title":"","_kad_post_layout":"","_kad_post_sidebar_id":"","_kad_post_content_style":"","_kad_post_vertical_padding":"","_kad_post_feature":"","_kad_post_feature_position":"","_kad_post_header":false,"_kad_post_footer":false,"_kad_post_classname":""},"product_brand":[2183],"product_cat":[1564,1563,1565,1562],"product_tag":[],"class_list":{"0":"post-399967","1":"product","2":"type-product","3":"status-publish","4":"has-post-thumbnail","6":"product_brand-bione-cosmetics","7":"product_cat-cosmetice-ingrijire-personala","8":"product_cat-ingrijire-personala","9":"product_cat-ingrijirea-pielii","10":"product_cat-sanatate-si-frumusete","11":"pa_gen-female","12":"pa_marime-82-ml","14":"first","15":"instock","16":"sale","17":"product-type-external","18":"entry","19":"content-bg","20":"loop-entry"},"acf":[],"yoast_head":"<!-- This site is optimized with the Yoast SEO plugin v27.4 - https:\/\/yoast.com\/product\/yoast-seo-wordpress\/ -->\n<title>Bione Cosmetics Antakne ser pentru regenerarea pielii care sufera de cicatrici cu sulf 82 ml - SHOPATOA.COM<\/title>\n<meta name=\"robots\" content=\"index, follow, max-snippet:-1, max-image-preview:large, max-video-preview:-1\" \/>\n<link rel=\"canonical\" href=\"https:\/\/shopatoa.com\/ro\/bione-cosmetics-antakne-ser-pentru-regenerarea-pielii-care-sufera-de-cicatrici-cu-sulf-82-ml\/\" \/>\n<meta property=\"og:locale\" content=\"ro_RO\" \/>\n<meta property=\"og:type\" content=\"article\" \/>\n<meta property=\"og:title\" content=\"Bione Cosmetics Antakne ser pentru regenerarea pielii care sufera de cicatrici cu sulf 82 ml - SHOPATOA.COM\" \/>\n<meta property=\"og:description\" content=\"Bione Cosmetics Antakne, 82 ml, Tratament local pentru femei, Sim\u021bi\u021bi c\u0103 anumite zone ale fe\u021bei dvs. au nevoie de o \u00eengrijire mai intens\u0103 \u0219i \u021bintit\u0103, \u00eentruc\u00e2t cremele \u0219i serurile din rutina dvs. obi\u0219nuit\u0103 nu sunt suficiente? \u00cengrijirea local\u0103 Bione Cosmetics Antakne se va ocupa de aceste zone problematice \u2013 datorit\u0103 compozi\u021biei sale concentrate cu un...\" \/>\n<meta property=\"og:url\" content=\"https:\/\/shopatoa.com\/ro\/bione-cosmetics-antakne-ser-pentru-regenerarea-pielii-care-sufera-de-cicatrici-cu-sulf-82-ml\/\" \/>\n<meta property=\"og:site_name\" content=\"SHOPATOA\" \/>\n<meta property=\"article:modified_time\" content=\"2025-12-10T03:25:22+00:00\" \/>\n<meta property=\"og:image\" content=\"https:\/\/storage.googleapis.com\/cz-shopatoa-img\/ro\/2a974d4a-unnamed-file.webp\" \/>\n\t<meta property=\"og:image:width\" content=\"800\" \/>\n\t<meta property=\"og:image:height\" content=\"800\" \/>\n\t<meta property=\"og:image:type\" content=\"image\/webp\" \/>\n<meta name=\"twitter:card\" content=\"summary_large_image\" \/>\n<meta name=\"twitter:label1\" content=\"Timp estimat pentru citire\" \/>\n\t<meta name=\"twitter:data1\" content=\"1 minut\" \/>\n<script type=\"application\/ld+json\" class=\"yoast-schema-graph\">{\"@context\":\"https:\\\/\\\/schema.org\",\"@graph\":[{\"@type\":\"WebPage\",\"@id\":\"https:\\\/\\\/shopatoa.com\\\/ro\\\/bione-cosmetics-antakne-ser-pentru-regenerarea-pielii-care-sufera-de-cicatrici-cu-sulf-82-ml\\\/\",\"url\":\"https:\\\/\\\/shopatoa.com\\\/ro\\\/bione-cosmetics-antakne-ser-pentru-regenerarea-pielii-care-sufera-de-cicatrici-cu-sulf-82-ml\\\/\",\"name\":\"Bione Cosmetics Antakne ser pentru regenerarea pielii care sufera de cicatrici cu sulf 82 ml - SHOPATOA.COM\",\"isPartOf\":{\"@id\":\"https:\\\/\\\/shopatoa.com\\\/ro\\\/#website\"},\"primaryImageOfPage\":{\"@id\":\"https:\\\/\\\/shopatoa.com\\\/ro\\\/bione-cosmetics-antakne-ser-pentru-regenerarea-pielii-care-sufera-de-cicatrici-cu-sulf-82-ml\\\/#primaryimage\"},\"image\":{\"@id\":\"https:\\\/\\\/shopatoa.com\\\/ro\\\/bione-cosmetics-antakne-ser-pentru-regenerarea-pielii-care-sufera-de-cicatrici-cu-sulf-82-ml\\\/#primaryimage\"},\"thumbnailUrl\":\"https:\\\/\\\/storage.googleapis.com\\\/cz-shopatoa-img\\\/ro\\\/2a974d4a-unnamed-file.webp\",\"datePublished\":\"2025-06-17T15:28:13+00:00\",\"dateModified\":\"2025-12-10T03:25:22+00:00\",\"breadcrumb\":{\"@id\":\"https:\\\/\\\/shopatoa.com\\\/ro\\\/bione-cosmetics-antakne-ser-pentru-regenerarea-pielii-care-sufera-de-cicatrici-cu-sulf-82-ml\\\/#breadcrumb\"},\"inLanguage\":\"ro-RO\",\"potentialAction\":[{\"@type\":\"ReadAction\",\"target\":[\"https:\\\/\\\/shopatoa.com\\\/ro\\\/bione-cosmetics-antakne-ser-pentru-regenerarea-pielii-care-sufera-de-cicatrici-cu-sulf-82-ml\\\/\"]}]},{\"@type\":\"ImageObject\",\"inLanguage\":\"ro-RO\",\"@id\":\"https:\\\/\\\/shopatoa.com\\\/ro\\\/bione-cosmetics-antakne-ser-pentru-regenerarea-pielii-care-sufera-de-cicatrici-cu-sulf-82-ml\\\/#primaryimage\",\"url\":\"https:\\\/\\\/storage.googleapis.com\\\/cz-shopatoa-img\\\/ro\\\/2a974d4a-unnamed-file.webp\",\"contentUrl\":\"https:\\\/\\\/storage.googleapis.com\\\/cz-shopatoa-img\\\/ro\\\/2a974d4a-unnamed-file.webp\",\"width\":800,\"height\":800},{\"@type\":\"BreadcrumbList\",\"@id\":\"https:\\\/\\\/shopatoa.com\\\/ro\\\/bione-cosmetics-antakne-ser-pentru-regenerarea-pielii-care-sufera-de-cicatrici-cu-sulf-82-ml\\\/#breadcrumb\",\"itemListElement\":[{\"@type\":\"ListItem\",\"position\":1,\"name\":\"Dom\u016f\",\"item\":\"https:\\\/\\\/shopatoa.com\\\/ro\\\/\"},{\"@type\":\"ListItem\",\"position\":2,\"name\":\"Shop\",\"item\":\"https:\\\/\\\/shopatoa.com\\\/ro\\\/shop\\\/\"},{\"@type\":\"ListItem\",\"position\":3,\"name\":\"S\u0103n\u0103tate \u0219i frumuse\u021be\",\"item\":\"https:\\\/\\\/shopatoa.com\\\/ro\\\/sanatate-si-frumusete\\\/\"},{\"@type\":\"ListItem\",\"position\":4,\"name\":\"\u00cengrijire personal\u0103\",\"item\":\"https:\\\/\\\/shopatoa.com\\\/ro\\\/ingrijire-personala\\\/\"},{\"@type\":\"ListItem\",\"position\":5,\"name\":\"Cosmetice\",\"item\":\"https:\\\/\\\/shopatoa.com\\\/ro\\\/cosmetice-ingrijire-personala\\\/\"},{\"@type\":\"ListItem\",\"position\":6,\"name\":\"\u00cengrijirea pielii\",\"item\":\"https:\\\/\\\/shopatoa.com\\\/ro\\\/ingrijirea-pielii\\\/\"},{\"@type\":\"ListItem\",\"position\":7,\"name\":\"Bione Cosmetics Antakne ser pentru regenerarea pielii care sufera de cicatrici cu sulf 82 ml\"}]},{\"@type\":\"WebSite\",\"@id\":\"https:\\\/\\\/shopatoa.com\\\/ro\\\/#website\",\"url\":\"https:\\\/\\\/shopatoa.com\\\/ro\\\/\",\"name\":\"SHOPATOA\",\"description\":\"\",\"publisher\":{\"@id\":\"https:\\\/\\\/shopatoa.com\\\/ro\\\/#organization\"},\"potentialAction\":[{\"@type\":\"SearchAction\",\"target\":{\"@type\":\"EntryPoint\",\"urlTemplate\":\"https:\\\/\\\/shopatoa.com\\\/ro\\\/?s={search_term_string}\"},\"query-input\":{\"@type\":\"PropertyValueSpecification\",\"valueRequired\":true,\"valueName\":\"search_term_string\"}}],\"inLanguage\":\"ro-RO\"},{\"@type\":\"Organization\",\"@id\":\"https:\\\/\\\/shopatoa.com\\\/ro\\\/#organization\",\"name\":\"SHOPATOA\",\"url\":\"https:\\\/\\\/shopatoa.com\\\/ro\\\/\",\"logo\":{\"@type\":\"ImageObject\",\"inLanguage\":\"ro-RO\",\"@id\":\"https:\\\/\\\/shopatoa.com\\\/ro\\\/#\\\/schema\\\/logo\\\/image\\\/\",\"url\":\"https:\\\/\\\/storage.googleapis.com\\\/cz-shopatoa-img\\\/ro\\\/b4dac915-shopatoa_logo.png\",\"contentUrl\":\"https:\\\/\\\/storage.googleapis.com\\\/cz-shopatoa-img\\\/ro\\\/b4dac915-shopatoa_logo.png\",\"width\":416,\"height\":63,\"caption\":\"SHOPATOA\"},\"image\":{\"@id\":\"https:\\\/\\\/shopatoa.com\\\/ro\\\/#\\\/schema\\\/logo\\\/image\\\/\"}}]}<\/script>\n<!-- \/ Yoast SEO plugin. -->","yoast_head_json":{"title":"Bione Cosmetics Antakne ser pentru regenerarea pielii care sufera de cicatrici cu sulf 82 ml - SHOPATOA.COM","robots":{"index":"index","follow":"follow","max-snippet":"max-snippet:-1","max-image-preview":"max-image-preview:large","max-video-preview":"max-video-preview:-1"},"canonical":"https:\/\/shopatoa.com\/ro\/bione-cosmetics-antakne-ser-pentru-regenerarea-pielii-care-sufera-de-cicatrici-cu-sulf-82-ml\/","og_locale":"ro_RO","og_type":"article","og_title":"Bione Cosmetics Antakne ser pentru regenerarea pielii care sufera de cicatrici cu sulf 82 ml - SHOPATOA.COM","og_description":"Bione Cosmetics Antakne, 82 ml, Tratament local pentru femei, Sim\u021bi\u021bi c\u0103 anumite zone ale fe\u021bei dvs. au nevoie de o \u00eengrijire mai intens\u0103 \u0219i \u021bintit\u0103, \u00eentruc\u00e2t cremele \u0219i serurile din rutina dvs. obi\u0219nuit\u0103 nu sunt suficiente? \u00cengrijirea local\u0103 Bione Cosmetics Antakne se va ocupa de aceste zone problematice \u2013 datorit\u0103 compozi\u021biei sale concentrate cu un...","og_url":"https:\/\/shopatoa.com\/ro\/bione-cosmetics-antakne-ser-pentru-regenerarea-pielii-care-sufera-de-cicatrici-cu-sulf-82-ml\/","og_site_name":"SHOPATOA","article_modified_time":"2025-12-10T03:25:22+00:00","og_image":[{"width":800,"height":800,"url":"https:\/\/storage.googleapis.com\/cz-shopatoa-img\/ro\/2a974d4a-unnamed-file.webp","type":"image\/webp"}],"twitter_card":"summary_large_image","twitter_misc":{"Timp estimat pentru citire":"1 minut"},"schema":{"@context":"https:\/\/schema.org","@graph":[{"@type":"WebPage","@id":"https:\/\/shopatoa.com\/ro\/bione-cosmetics-antakne-ser-pentru-regenerarea-pielii-care-sufera-de-cicatrici-cu-sulf-82-ml\/","url":"https:\/\/shopatoa.com\/ro\/bione-cosmetics-antakne-ser-pentru-regenerarea-pielii-care-sufera-de-cicatrici-cu-sulf-82-ml\/","name":"Bione Cosmetics Antakne ser pentru regenerarea pielii care sufera de cicatrici cu sulf 82 ml - SHOPATOA.COM","isPartOf":{"@id":"https:\/\/shopatoa.com\/ro\/#website"},"primaryImageOfPage":{"@id":"https:\/\/shopatoa.com\/ro\/bione-cosmetics-antakne-ser-pentru-regenerarea-pielii-care-sufera-de-cicatrici-cu-sulf-82-ml\/#primaryimage"},"image":{"@id":"https:\/\/shopatoa.com\/ro\/bione-cosmetics-antakne-ser-pentru-regenerarea-pielii-care-sufera-de-cicatrici-cu-sulf-82-ml\/#primaryimage"},"thumbnailUrl":"https:\/\/storage.googleapis.com\/cz-shopatoa-img\/ro\/2a974d4a-unnamed-file.webp","datePublished":"2025-06-17T15:28:13+00:00","dateModified":"2025-12-10T03:25:22+00:00","breadcrumb":{"@id":"https:\/\/shopatoa.com\/ro\/bione-cosmetics-antakne-ser-pentru-regenerarea-pielii-care-sufera-de-cicatrici-cu-sulf-82-ml\/#breadcrumb"},"inLanguage":"ro-RO","potentialAction":[{"@type":"ReadAction","target":["https:\/\/shopatoa.com\/ro\/bione-cosmetics-antakne-ser-pentru-regenerarea-pielii-care-sufera-de-cicatrici-cu-sulf-82-ml\/"]}]},{"@type":"ImageObject","inLanguage":"ro-RO","@id":"https:\/\/shopatoa.com\/ro\/bione-cosmetics-antakne-ser-pentru-regenerarea-pielii-care-sufera-de-cicatrici-cu-sulf-82-ml\/#primaryimage","url":"https:\/\/storage.googleapis.com\/cz-shopatoa-img\/ro\/2a974d4a-unnamed-file.webp","contentUrl":"https:\/\/storage.googleapis.com\/cz-shopatoa-img\/ro\/2a974d4a-unnamed-file.webp","width":800,"height":800},{"@type":"BreadcrumbList","@id":"https:\/\/shopatoa.com\/ro\/bione-cosmetics-antakne-ser-pentru-regenerarea-pielii-care-sufera-de-cicatrici-cu-sulf-82-ml\/#breadcrumb","itemListElement":[{"@type":"ListItem","position":1,"name":"Dom\u016f","item":"https:\/\/shopatoa.com\/ro\/"},{"@type":"ListItem","position":2,"name":"Shop","item":"https:\/\/shopatoa.com\/ro\/shop\/"},{"@type":"ListItem","position":3,"name":"S\u0103n\u0103tate \u0219i frumuse\u021be","item":"https:\/\/shopatoa.com\/ro\/sanatate-si-frumusete\/"},{"@type":"ListItem","position":4,"name":"\u00cengrijire personal\u0103","item":"https:\/\/shopatoa.com\/ro\/ingrijire-personala\/"},{"@type":"ListItem","position":5,"name":"Cosmetice","item":"https:\/\/shopatoa.com\/ro\/cosmetice-ingrijire-personala\/"},{"@type":"ListItem","position":6,"name":"\u00cengrijirea pielii","item":"https:\/\/shopatoa.com\/ro\/ingrijirea-pielii\/"},{"@type":"ListItem","position":7,"name":"Bione Cosmetics Antakne ser pentru regenerarea pielii care sufera de cicatrici cu sulf 82 ml"}]},{"@type":"WebSite","@id":"https:\/\/shopatoa.com\/ro\/#website","url":"https:\/\/shopatoa.com\/ro\/","name":"SHOPATOA","description":"","publisher":{"@id":"https:\/\/shopatoa.com\/ro\/#organization"},"potentialAction":[{"@type":"SearchAction","target":{"@type":"EntryPoint","urlTemplate":"https:\/\/shopatoa.com\/ro\/?s={search_term_string}"},"query-input":{"@type":"PropertyValueSpecification","valueRequired":true,"valueName":"search_term_string"}}],"inLanguage":"ro-RO"},{"@type":"Organization","@id":"https:\/\/shopatoa.com\/ro\/#organization","name":"SHOPATOA","url":"https:\/\/shopatoa.com\/ro\/","logo":{"@type":"ImageObject","inLanguage":"ro-RO","@id":"https:\/\/shopatoa.com\/ro\/#\/schema\/logo\/image\/","url":"https:\/\/storage.googleapis.com\/cz-shopatoa-img\/ro\/b4dac915-shopatoa_logo.png","contentUrl":"https:\/\/storage.googleapis.com\/cz-shopatoa-img\/ro\/b4dac915-shopatoa_logo.png","width":416,"height":63,"caption":"SHOPATOA"},"image":{"@id":"https:\/\/shopatoa.com\/ro\/#\/schema\/logo\/image\/"}}]}},"_links":{"self":[{"href":"https:\/\/shopatoa.com\/ro\/wp-json\/wp\/v2\/product\/399967","targetHints":{"allow":["GET"]}}],"collection":[{"href":"https:\/\/shopatoa.com\/ro\/wp-json\/wp\/v2\/product"}],"about":[{"href":"https:\/\/shopatoa.com\/ro\/wp-json\/wp\/v2\/types\/product"}],"replies":[{"embeddable":true,"href":"https:\/\/shopatoa.com\/ro\/wp-json\/wp\/v2\/comments?post=399967"}],"wp:featuredmedia":[{"embeddable":true,"href":"https:\/\/shopatoa.com\/ro\/wp-json\/wp\/v2\/media\/399968"}],"wp:attachment":[{"href":"https:\/\/shopatoa.com\/ro\/wp-json\/wp\/v2\/media?parent=399967"}],"wp:term":[{"taxonomy":"product_brand","embeddable":true,"href":"https:\/\/shopatoa.com\/ro\/wp-json\/wp\/v2\/product_brand?post=399967"},{"taxonomy":"product_cat","embeddable":true,"href":"https:\/\/shopatoa.com\/ro\/wp-json\/wp\/v2\/product_cat?post=399967"},{"taxonomy":"product_tag","embeddable":true,"href":"https:\/\/shopatoa.com\/ro\/wp-json\/wp\/v2\/product_tag?post=399967"}],"curies":[{"name":"wp","href":"https:\/\/api.w.org\/{rel}","templated":true}]}}