{"id":400045,"date":"2025-06-17T17:34:31","date_gmt":"2025-06-17T15:34:31","guid":{"rendered":"https:\/\/shopatoa.com\/ro\/lee-stafford-grow-strong-long-stimulating-scapl-scrub-exfoliant-pentru-scalp-vegan-100-ml\/"},"modified":"2025-10-08T19:07:10","modified_gmt":"2025-10-08T17:07:10","slug":"lee-stafford-grow-strong-long-stimulating-scapl-scrub-exfoliant-pentru-scalp-vegan-100-ml","status":"publish","type":"product","link":"https:\/\/shopatoa.com\/ro\/lee-stafford-grow-strong-long-stimulating-scapl-scrub-exfoliant-pentru-scalp-vegan-100-ml\/","title":{"rendered":"Lee Stafford Grow Strong &#038; Long Stimulating Scapl Scrub exfoliant pentru scalp vegan 100 ml"},"content":{"rendered":"<p>Lee Stafford Grow Strong &#038; Long Stimulating Scapl Scrub, 100 ml, Exfoliant pentru p\u0103r pentru femei, Sim\u021bi\u021bi c\u0103 p\u0103rul dvs. are nevoie de o cur\u0103\u021bare mai temeinic\u0103 dec\u00e2t cea pe care o poate oferi \u0219amponul obi\u0219nuit? Exfoliantul pentru p\u0103r Lee Stafford Grow Strong &#038; Long Stimulating Scapl Scrub \u00eendep\u0103rteaz\u0103 impurit\u0103\u021bile, sebumul \u0219i acumul\u0103rile produselor de styling chiar mai temeinic dec\u00e2t un \u0219ampon obi\u0219nuit. \u00cen plus, elimin\u0103 celulele epiteliale moarte de pe scalp \u0219i, datorit\u0103 masajului, \u00eel va stimula \u0219i va \u00eembun\u0103t\u0103\u021bi fluxul sanguin c\u0103tre bulbii capilari, favoriz\u00e2nd astfel cre\u0219terea mai rapid\u0103 a p\u0103rului. V\u0103 va l\u0103sa scalpul profund cur\u0103\u021bat \u0219i v\u0103 va oferi o senza\u021bie de prospe\u021bime. Ve\u021bi observa imediat diferen\u021ba \u0219i \u00eel ve\u021bi \u00eendr\u0103gi cu siguran\u021b\u0103.  Caracteristici:  elibereaz\u0103 complet p\u0103rul de impurit\u0103\u021bi \u0219i de sebum elimin\u0103 din p\u0103r m\u0103trea\u021ba \u0219i celulele epiteliale moarte las\u0103 p\u0103rul perfect curat \u0219i str\u0103lucitor stimuleaz\u0103 scalpul \u0219i \u00eei confer\u0103 o senza\u021bie de prospe\u021bime  Cum se utilizeaz\u0103: Aplica\u021bi pe scalpul umed, ad\u0103uga\u021bi pu\u021bin\u0103 ap\u0103 \u0219i masa\u021bi u\u0219or pentru a crea spum\u0103. L\u0103sa\u021bi s\u0103 ac\u021bioneze c\u00e2teva minute. Apoi sp\u0103la\u021bi p\u0103rul cu \u0219ampon, ca de obicei.<\/p>\n","protected":false},"excerpt":{"rendered":"<p>Lee Stafford Grow Strong &#038; Long Stimulating Scapl Scrub, 100 ml, Exfoliant pentru p\u0103r pentru femei, Sim\u021bi\u021bi c\u0103 p\u0103rul dvs. are nevoie de o cur\u0103\u021bare mai temeinic\u0103 dec\u00e2t cea pe care o poate oferi \u0219amponul obi\u0219nuit? Exfoliantul pentru p\u0103r Lee Stafford Grow Strong &#038; Long Stimulating Scapl Scrub \u00eendep\u0103rteaz\u0103 impurit\u0103\u021bile, sebumul \u0219i acumul\u0103rile produselor de&#8230;<\/p>\n","protected":false},"featured_media":400046,"comment_status":"closed","ping_status":"open","template":"","meta":{"_acf_changed":false,"_kadence_starter_templates_imported_post":false,"_kad_post_transparent":"","_kad_post_title":"","_kad_post_layout":"","_kad_post_sidebar_id":"","_kad_post_content_style":"","_kad_post_vertical_padding":"","_kad_post_feature":"","_kad_post_feature_position":"","_kad_post_header":false,"_kad_post_footer":false,"_kad_post_classname":""},"product_brand":[1989],"product_cat":[1563,1590,1562],"product_tag":[],"class_list":{"0":"post-400045","1":"product","2":"type-product","3":"status-publish","4":"has-post-thumbnail","6":"product_brand-lee-stafford","7":"product_cat-ingrijire-personala","8":"product_cat-ingrijirea-parului","9":"product_cat-sanatate-si-frumusete","10":"pa_gen-female","11":"pa_marime-100-ml","13":"first","14":"instock","15":"sale","16":"product-type-external","17":"entry","18":"content-bg","19":"loop-entry"},"acf":[],"yoast_head":"<!-- This site is optimized with the Yoast SEO plugin v27.4 - https:\/\/yoast.com\/product\/yoast-seo-wordpress\/ -->\n<title>Lee Stafford Grow Strong &amp; Long Stimulating Scapl Scrub exfoliant pentru scalp vegan 100 ml - SHOPATOA.COM<\/title>\n<meta name=\"robots\" content=\"index, follow, max-snippet:-1, max-image-preview:large, max-video-preview:-1\" \/>\n<link rel=\"canonical\" href=\"https:\/\/shopatoa.com\/ro\/lee-stafford-grow-strong-long-stimulating-scapl-scrub-exfoliant-pentru-scalp-vegan-100-ml\/\" \/>\n<meta property=\"og:locale\" content=\"ro_RO\" \/>\n<meta property=\"og:type\" content=\"article\" \/>\n<meta property=\"og:title\" content=\"Lee Stafford Grow Strong &amp; Long Stimulating Scapl Scrub exfoliant pentru scalp vegan 100 ml - SHOPATOA.COM\" \/>\n<meta property=\"og:description\" content=\"Lee Stafford Grow Strong &#038; Long Stimulating Scapl Scrub, 100 ml, Exfoliant pentru p\u0103r pentru femei, Sim\u021bi\u021bi c\u0103 p\u0103rul dvs. are nevoie de o cur\u0103\u021bare mai temeinic\u0103 dec\u00e2t cea pe care o poate oferi \u0219amponul obi\u0219nuit? Exfoliantul pentru p\u0103r Lee Stafford Grow Strong &#038; Long Stimulating Scapl Scrub \u00eendep\u0103rteaz\u0103 impurit\u0103\u021bile, sebumul \u0219i acumul\u0103rile produselor de...\" \/>\n<meta property=\"og:url\" content=\"https:\/\/shopatoa.com\/ro\/lee-stafford-grow-strong-long-stimulating-scapl-scrub-exfoliant-pentru-scalp-vegan-100-ml\/\" \/>\n<meta property=\"og:site_name\" content=\"SHOPATOA\" \/>\n<meta property=\"article:modified_time\" content=\"2025-10-08T17:07:10+00:00\" \/>\n<meta property=\"og:image\" content=\"https:\/\/storage.googleapis.com\/cz-shopatoa-img\/ro\/34aec902-unnamed-file.webp\" \/>\n\t<meta property=\"og:image:width\" content=\"800\" \/>\n\t<meta property=\"og:image:height\" content=\"800\" \/>\n\t<meta property=\"og:image:type\" content=\"image\/webp\" \/>\n<meta name=\"twitter:card\" content=\"summary_large_image\" \/>\n<meta name=\"twitter:label1\" content=\"Timp estimat pentru citire\" \/>\n\t<meta name=\"twitter:data1\" content=\"1 minut\" \/>\n<script type=\"application\/ld+json\" class=\"yoast-schema-graph\">{\"@context\":\"https:\\\/\\\/schema.org\",\"@graph\":[{\"@type\":\"WebPage\",\"@id\":\"https:\\\/\\\/shopatoa.com\\\/ro\\\/lee-stafford-grow-strong-long-stimulating-scapl-scrub-exfoliant-pentru-scalp-vegan-100-ml\\\/\",\"url\":\"https:\\\/\\\/shopatoa.com\\\/ro\\\/lee-stafford-grow-strong-long-stimulating-scapl-scrub-exfoliant-pentru-scalp-vegan-100-ml\\\/\",\"name\":\"Lee Stafford Grow Strong & Long Stimulating Scapl Scrub exfoliant pentru scalp vegan 100 ml - SHOPATOA.COM\",\"isPartOf\":{\"@id\":\"https:\\\/\\\/shopatoa.com\\\/ro\\\/#website\"},\"primaryImageOfPage\":{\"@id\":\"https:\\\/\\\/shopatoa.com\\\/ro\\\/lee-stafford-grow-strong-long-stimulating-scapl-scrub-exfoliant-pentru-scalp-vegan-100-ml\\\/#primaryimage\"},\"image\":{\"@id\":\"https:\\\/\\\/shopatoa.com\\\/ro\\\/lee-stafford-grow-strong-long-stimulating-scapl-scrub-exfoliant-pentru-scalp-vegan-100-ml\\\/#primaryimage\"},\"thumbnailUrl\":\"https:\\\/\\\/storage.googleapis.com\\\/cz-shopatoa-img\\\/ro\\\/34aec902-unnamed-file.webp\",\"datePublished\":\"2025-06-17T15:34:31+00:00\",\"dateModified\":\"2025-10-08T17:07:10+00:00\",\"breadcrumb\":{\"@id\":\"https:\\\/\\\/shopatoa.com\\\/ro\\\/lee-stafford-grow-strong-long-stimulating-scapl-scrub-exfoliant-pentru-scalp-vegan-100-ml\\\/#breadcrumb\"},\"inLanguage\":\"ro-RO\",\"potentialAction\":[{\"@type\":\"ReadAction\",\"target\":[\"https:\\\/\\\/shopatoa.com\\\/ro\\\/lee-stafford-grow-strong-long-stimulating-scapl-scrub-exfoliant-pentru-scalp-vegan-100-ml\\\/\"]}]},{\"@type\":\"ImageObject\",\"inLanguage\":\"ro-RO\",\"@id\":\"https:\\\/\\\/shopatoa.com\\\/ro\\\/lee-stafford-grow-strong-long-stimulating-scapl-scrub-exfoliant-pentru-scalp-vegan-100-ml\\\/#primaryimage\",\"url\":\"https:\\\/\\\/storage.googleapis.com\\\/cz-shopatoa-img\\\/ro\\\/34aec902-unnamed-file.webp\",\"contentUrl\":\"https:\\\/\\\/storage.googleapis.com\\\/cz-shopatoa-img\\\/ro\\\/34aec902-unnamed-file.webp\",\"width\":800,\"height\":800},{\"@type\":\"BreadcrumbList\",\"@id\":\"https:\\\/\\\/shopatoa.com\\\/ro\\\/lee-stafford-grow-strong-long-stimulating-scapl-scrub-exfoliant-pentru-scalp-vegan-100-ml\\\/#breadcrumb\",\"itemListElement\":[{\"@type\":\"ListItem\",\"position\":1,\"name\":\"Dom\u016f\",\"item\":\"https:\\\/\\\/shopatoa.com\\\/ro\\\/\"},{\"@type\":\"ListItem\",\"position\":2,\"name\":\"Shop\",\"item\":\"https:\\\/\\\/shopatoa.com\\\/ro\\\/shop\\\/\"},{\"@type\":\"ListItem\",\"position\":3,\"name\":\"S\u0103n\u0103tate \u0219i frumuse\u021be\",\"item\":\"https:\\\/\\\/shopatoa.com\\\/ro\\\/sanatate-si-frumusete\\\/\"},{\"@type\":\"ListItem\",\"position\":4,\"name\":\"\u00cengrijire personal\u0103\",\"item\":\"https:\\\/\\\/shopatoa.com\\\/ro\\\/ingrijire-personala\\\/\"},{\"@type\":\"ListItem\",\"position\":5,\"name\":\"\u00cengrijirea p\u0103rului\",\"item\":\"https:\\\/\\\/shopatoa.com\\\/ro\\\/ingrijirea-parului\\\/\"},{\"@type\":\"ListItem\",\"position\":6,\"name\":\"Lee Stafford Grow Strong &#038; Long Stimulating Scapl Scrub exfoliant pentru scalp vegan 100 ml\"}]},{\"@type\":\"WebSite\",\"@id\":\"https:\\\/\\\/shopatoa.com\\\/ro\\\/#website\",\"url\":\"https:\\\/\\\/shopatoa.com\\\/ro\\\/\",\"name\":\"SHOPATOA\",\"description\":\"\",\"publisher\":{\"@id\":\"https:\\\/\\\/shopatoa.com\\\/ro\\\/#organization\"},\"potentialAction\":[{\"@type\":\"SearchAction\",\"target\":{\"@type\":\"EntryPoint\",\"urlTemplate\":\"https:\\\/\\\/shopatoa.com\\\/ro\\\/?s={search_term_string}\"},\"query-input\":{\"@type\":\"PropertyValueSpecification\",\"valueRequired\":true,\"valueName\":\"search_term_string\"}}],\"inLanguage\":\"ro-RO\"},{\"@type\":\"Organization\",\"@id\":\"https:\\\/\\\/shopatoa.com\\\/ro\\\/#organization\",\"name\":\"SHOPATOA\",\"url\":\"https:\\\/\\\/shopatoa.com\\\/ro\\\/\",\"logo\":{\"@type\":\"ImageObject\",\"inLanguage\":\"ro-RO\",\"@id\":\"https:\\\/\\\/shopatoa.com\\\/ro\\\/#\\\/schema\\\/logo\\\/image\\\/\",\"url\":\"https:\\\/\\\/storage.googleapis.com\\\/cz-shopatoa-img\\\/ro\\\/b4dac915-shopatoa_logo.png\",\"contentUrl\":\"https:\\\/\\\/storage.googleapis.com\\\/cz-shopatoa-img\\\/ro\\\/b4dac915-shopatoa_logo.png\",\"width\":416,\"height\":63,\"caption\":\"SHOPATOA\"},\"image\":{\"@id\":\"https:\\\/\\\/shopatoa.com\\\/ro\\\/#\\\/schema\\\/logo\\\/image\\\/\"}}]}<\/script>\n<!-- \/ Yoast SEO plugin. -->","yoast_head_json":{"title":"Lee Stafford Grow Strong & Long Stimulating Scapl Scrub exfoliant pentru scalp vegan 100 ml - SHOPATOA.COM","robots":{"index":"index","follow":"follow","max-snippet":"max-snippet:-1","max-image-preview":"max-image-preview:large","max-video-preview":"max-video-preview:-1"},"canonical":"https:\/\/shopatoa.com\/ro\/lee-stafford-grow-strong-long-stimulating-scapl-scrub-exfoliant-pentru-scalp-vegan-100-ml\/","og_locale":"ro_RO","og_type":"article","og_title":"Lee Stafford Grow Strong & Long Stimulating Scapl Scrub exfoliant pentru scalp vegan 100 ml - SHOPATOA.COM","og_description":"Lee Stafford Grow Strong &#038; Long Stimulating Scapl Scrub, 100 ml, Exfoliant pentru p\u0103r pentru femei, Sim\u021bi\u021bi c\u0103 p\u0103rul dvs. are nevoie de o cur\u0103\u021bare mai temeinic\u0103 dec\u00e2t cea pe care o poate oferi \u0219amponul obi\u0219nuit? Exfoliantul pentru p\u0103r Lee Stafford Grow Strong &#038; Long Stimulating Scapl Scrub \u00eendep\u0103rteaz\u0103 impurit\u0103\u021bile, sebumul \u0219i acumul\u0103rile produselor de...","og_url":"https:\/\/shopatoa.com\/ro\/lee-stafford-grow-strong-long-stimulating-scapl-scrub-exfoliant-pentru-scalp-vegan-100-ml\/","og_site_name":"SHOPATOA","article_modified_time":"2025-10-08T17:07:10+00:00","og_image":[{"width":800,"height":800,"url":"https:\/\/storage.googleapis.com\/cz-shopatoa-img\/ro\/34aec902-unnamed-file.webp","type":"image\/webp"}],"twitter_card":"summary_large_image","twitter_misc":{"Timp estimat pentru citire":"1 minut"},"schema":{"@context":"https:\/\/schema.org","@graph":[{"@type":"WebPage","@id":"https:\/\/shopatoa.com\/ro\/lee-stafford-grow-strong-long-stimulating-scapl-scrub-exfoliant-pentru-scalp-vegan-100-ml\/","url":"https:\/\/shopatoa.com\/ro\/lee-stafford-grow-strong-long-stimulating-scapl-scrub-exfoliant-pentru-scalp-vegan-100-ml\/","name":"Lee Stafford Grow Strong & Long Stimulating Scapl Scrub exfoliant pentru scalp vegan 100 ml - SHOPATOA.COM","isPartOf":{"@id":"https:\/\/shopatoa.com\/ro\/#website"},"primaryImageOfPage":{"@id":"https:\/\/shopatoa.com\/ro\/lee-stafford-grow-strong-long-stimulating-scapl-scrub-exfoliant-pentru-scalp-vegan-100-ml\/#primaryimage"},"image":{"@id":"https:\/\/shopatoa.com\/ro\/lee-stafford-grow-strong-long-stimulating-scapl-scrub-exfoliant-pentru-scalp-vegan-100-ml\/#primaryimage"},"thumbnailUrl":"https:\/\/storage.googleapis.com\/cz-shopatoa-img\/ro\/34aec902-unnamed-file.webp","datePublished":"2025-06-17T15:34:31+00:00","dateModified":"2025-10-08T17:07:10+00:00","breadcrumb":{"@id":"https:\/\/shopatoa.com\/ro\/lee-stafford-grow-strong-long-stimulating-scapl-scrub-exfoliant-pentru-scalp-vegan-100-ml\/#breadcrumb"},"inLanguage":"ro-RO","potentialAction":[{"@type":"ReadAction","target":["https:\/\/shopatoa.com\/ro\/lee-stafford-grow-strong-long-stimulating-scapl-scrub-exfoliant-pentru-scalp-vegan-100-ml\/"]}]},{"@type":"ImageObject","inLanguage":"ro-RO","@id":"https:\/\/shopatoa.com\/ro\/lee-stafford-grow-strong-long-stimulating-scapl-scrub-exfoliant-pentru-scalp-vegan-100-ml\/#primaryimage","url":"https:\/\/storage.googleapis.com\/cz-shopatoa-img\/ro\/34aec902-unnamed-file.webp","contentUrl":"https:\/\/storage.googleapis.com\/cz-shopatoa-img\/ro\/34aec902-unnamed-file.webp","width":800,"height":800},{"@type":"BreadcrumbList","@id":"https:\/\/shopatoa.com\/ro\/lee-stafford-grow-strong-long-stimulating-scapl-scrub-exfoliant-pentru-scalp-vegan-100-ml\/#breadcrumb","itemListElement":[{"@type":"ListItem","position":1,"name":"Dom\u016f","item":"https:\/\/shopatoa.com\/ro\/"},{"@type":"ListItem","position":2,"name":"Shop","item":"https:\/\/shopatoa.com\/ro\/shop\/"},{"@type":"ListItem","position":3,"name":"S\u0103n\u0103tate \u0219i frumuse\u021be","item":"https:\/\/shopatoa.com\/ro\/sanatate-si-frumusete\/"},{"@type":"ListItem","position":4,"name":"\u00cengrijire personal\u0103","item":"https:\/\/shopatoa.com\/ro\/ingrijire-personala\/"},{"@type":"ListItem","position":5,"name":"\u00cengrijirea p\u0103rului","item":"https:\/\/shopatoa.com\/ro\/ingrijirea-parului\/"},{"@type":"ListItem","position":6,"name":"Lee Stafford Grow Strong &#038; Long Stimulating Scapl Scrub exfoliant pentru scalp vegan 100 ml"}]},{"@type":"WebSite","@id":"https:\/\/shopatoa.com\/ro\/#website","url":"https:\/\/shopatoa.com\/ro\/","name":"SHOPATOA","description":"","publisher":{"@id":"https:\/\/shopatoa.com\/ro\/#organization"},"potentialAction":[{"@type":"SearchAction","target":{"@type":"EntryPoint","urlTemplate":"https:\/\/shopatoa.com\/ro\/?s={search_term_string}"},"query-input":{"@type":"PropertyValueSpecification","valueRequired":true,"valueName":"search_term_string"}}],"inLanguage":"ro-RO"},{"@type":"Organization","@id":"https:\/\/shopatoa.com\/ro\/#organization","name":"SHOPATOA","url":"https:\/\/shopatoa.com\/ro\/","logo":{"@type":"ImageObject","inLanguage":"ro-RO","@id":"https:\/\/shopatoa.com\/ro\/#\/schema\/logo\/image\/","url":"https:\/\/storage.googleapis.com\/cz-shopatoa-img\/ro\/b4dac915-shopatoa_logo.png","contentUrl":"https:\/\/storage.googleapis.com\/cz-shopatoa-img\/ro\/b4dac915-shopatoa_logo.png","width":416,"height":63,"caption":"SHOPATOA"},"image":{"@id":"https:\/\/shopatoa.com\/ro\/#\/schema\/logo\/image\/"}}]}},"_links":{"self":[{"href":"https:\/\/shopatoa.com\/ro\/wp-json\/wp\/v2\/product\/400045","targetHints":{"allow":["GET"]}}],"collection":[{"href":"https:\/\/shopatoa.com\/ro\/wp-json\/wp\/v2\/product"}],"about":[{"href":"https:\/\/shopatoa.com\/ro\/wp-json\/wp\/v2\/types\/product"}],"replies":[{"embeddable":true,"href":"https:\/\/shopatoa.com\/ro\/wp-json\/wp\/v2\/comments?post=400045"}],"wp:featuredmedia":[{"embeddable":true,"href":"https:\/\/shopatoa.com\/ro\/wp-json\/wp\/v2\/media\/400046"}],"wp:attachment":[{"href":"https:\/\/shopatoa.com\/ro\/wp-json\/wp\/v2\/media?parent=400045"}],"wp:term":[{"taxonomy":"product_brand","embeddable":true,"href":"https:\/\/shopatoa.com\/ro\/wp-json\/wp\/v2\/product_brand?post=400045"},{"taxonomy":"product_cat","embeddable":true,"href":"https:\/\/shopatoa.com\/ro\/wp-json\/wp\/v2\/product_cat?post=400045"},{"taxonomy":"product_tag","embeddable":true,"href":"https:\/\/shopatoa.com\/ro\/wp-json\/wp\/v2\/product_tag?post=400045"}],"curies":[{"name":"wp","href":"https:\/\/api.w.org\/{rel}","templated":true}]}}