{"id":400132,"date":"2025-06-17T17:41:53","date_gmt":"2025-06-17T15:41:53","guid":{"rendered":"https:\/\/shopatoa.com\/ro\/orientica-amber-rouge-eau-de-parfum-unisex-80-ml\/"},"modified":"2025-10-08T19:08:52","modified_gmt":"2025-10-08T17:08:52","slug":"orientica-amber-rouge-eau-de-parfum-unisex-80-ml","status":"publish","type":"product","link":"https:\/\/shopatoa.com\/ro\/orientica-amber-rouge-eau-de-parfum-unisex-80-ml\/","title":{"rendered":"Orientica Amber Rouge Eau de Parfum unisex 80 ml"},"content":{"rendered":"<p>Orientica Amber Rouge, 80 ml, Ap\u0103 de parfum unisex, \u00cenv\u0103lui\u021bi-v\u0103 \u00eentr-un parfum care se \u00eencadreaz\u0103 perfect \u00een stilul dvs. \u0219i care devine rapid noua dvs. semn\u0103tur\u0103. Apa de parfum unisex Orientica Amber Rouge v\u0103 cucere\u0219te de la prima parfumare \u0219i nu va \u00eencerca niciodat\u0103 s\u0103 v\u0103 surprind\u0103.  pentru caractere cu un stil propriu inedit parfum unisex<\/p>\n","protected":false},"excerpt":{"rendered":"<p>Orientica Amber Rouge, 80 ml, Ap\u0103 de parfum unisex, \u00cenv\u0103lui\u021bi-v\u0103 \u00eentr-un parfum care se \u00eencadreaz\u0103 perfect \u00een stilul dvs. \u0219i care devine rapid noua dvs. semn\u0103tur\u0103. Apa de parfum unisex Orientica Amber Rouge v\u0103 cucere\u0219te de la prima parfumare \u0219i nu va \u00eencerca niciodat\u0103 s\u0103 v\u0103 surprind\u0103. pentru caractere cu un stil propriu inedit parfum&#8230;<\/p>\n","protected":false},"featured_media":400133,"comment_status":"closed","ping_status":"open","template":"","meta":{"_acf_changed":false,"_kadence_starter_templates_imported_post":false,"_kad_post_transparent":"","_kad_post_title":"","_kad_post_layout":"","_kad_post_sidebar_id":"","_kad_post_content_style":"","_kad_post_vertical_padding":"","_kad_post_feature":"","_kad_post_feature_position":"","_kad_post_header":false,"_kad_post_footer":false,"_kad_post_classname":""},"product_brand":[992],"product_cat":[1564,1563,1740,1562],"product_tag":[],"class_list":{"0":"post-400132","1":"product","2":"type-product","3":"status-publish","4":"has-post-thumbnail","6":"product_brand-orientica","7":"product_cat-cosmetice-ingrijire-personala","8":"product_cat-ingrijire-personala","9":"product_cat-parfumuri-si-colonele","10":"product_cat-sanatate-si-frumusete","11":"pa_gen-unisex","12":"pa_marime-80-ml","14":"first","15":"instock","16":"sale","17":"product-type-external","18":"entry","19":"content-bg","20":"loop-entry"},"acf":[],"yoast_head":"<!-- This site is optimized with the Yoast SEO plugin v27.4 - https:\/\/yoast.com\/product\/yoast-seo-wordpress\/ -->\n<title>Orientica Amber Rouge Eau de Parfum unisex 80 ml - SHOPATOA.COM<\/title>\n<meta name=\"robots\" content=\"index, follow, max-snippet:-1, max-image-preview:large, max-video-preview:-1\" \/>\n<link rel=\"canonical\" href=\"https:\/\/shopatoa.com\/ro\/orientica-amber-rouge-eau-de-parfum-unisex-80-ml\/\" \/>\n<meta property=\"og:locale\" content=\"ro_RO\" \/>\n<meta property=\"og:type\" content=\"article\" \/>\n<meta property=\"og:title\" content=\"Orientica Amber Rouge Eau de Parfum unisex 80 ml - SHOPATOA.COM\" \/>\n<meta property=\"og:description\" content=\"Orientica Amber Rouge, 80 ml, Ap\u0103 de parfum unisex, \u00cenv\u0103lui\u021bi-v\u0103 \u00eentr-un parfum care se \u00eencadreaz\u0103 perfect \u00een stilul dvs. \u0219i care devine rapid noua dvs. semn\u0103tur\u0103. Apa de parfum unisex Orientica Amber Rouge v\u0103 cucere\u0219te de la prima parfumare \u0219i nu va \u00eencerca niciodat\u0103 s\u0103 v\u0103 surprind\u0103. pentru caractere cu un stil propriu inedit parfum...\" \/>\n<meta property=\"og:url\" content=\"https:\/\/shopatoa.com\/ro\/orientica-amber-rouge-eau-de-parfum-unisex-80-ml\/\" \/>\n<meta property=\"og:site_name\" content=\"SHOPATOA\" \/>\n<meta property=\"article:modified_time\" content=\"2025-10-08T17:08:52+00:00\" \/>\n<meta property=\"og:image\" content=\"https:\/\/storage.googleapis.com\/cz-shopatoa-img\/ro\/4556e31b-unnamed-file.webp\" \/>\n\t<meta property=\"og:image:width\" content=\"800\" \/>\n\t<meta property=\"og:image:height\" content=\"800\" \/>\n\t<meta property=\"og:image:type\" content=\"image\/webp\" \/>\n<meta name=\"twitter:card\" content=\"summary_large_image\" \/>\n<script type=\"application\/ld+json\" class=\"yoast-schema-graph\">{\"@context\":\"https:\\\/\\\/schema.org\",\"@graph\":[{\"@type\":\"WebPage\",\"@id\":\"https:\\\/\\\/shopatoa.com\\\/ro\\\/orientica-amber-rouge-eau-de-parfum-unisex-80-ml\\\/\",\"url\":\"https:\\\/\\\/shopatoa.com\\\/ro\\\/orientica-amber-rouge-eau-de-parfum-unisex-80-ml\\\/\",\"name\":\"Orientica Amber Rouge Eau de Parfum unisex 80 ml - SHOPATOA.COM\",\"isPartOf\":{\"@id\":\"https:\\\/\\\/shopatoa.com\\\/ro\\\/#website\"},\"primaryImageOfPage\":{\"@id\":\"https:\\\/\\\/shopatoa.com\\\/ro\\\/orientica-amber-rouge-eau-de-parfum-unisex-80-ml\\\/#primaryimage\"},\"image\":{\"@id\":\"https:\\\/\\\/shopatoa.com\\\/ro\\\/orientica-amber-rouge-eau-de-parfum-unisex-80-ml\\\/#primaryimage\"},\"thumbnailUrl\":\"https:\\\/\\\/storage.googleapis.com\\\/cz-shopatoa-img\\\/ro\\\/4556e31b-unnamed-file.webp\",\"datePublished\":\"2025-06-17T15:41:53+00:00\",\"dateModified\":\"2025-10-08T17:08:52+00:00\",\"breadcrumb\":{\"@id\":\"https:\\\/\\\/shopatoa.com\\\/ro\\\/orientica-amber-rouge-eau-de-parfum-unisex-80-ml\\\/#breadcrumb\"},\"inLanguage\":\"ro-RO\",\"potentialAction\":[{\"@type\":\"ReadAction\",\"target\":[\"https:\\\/\\\/shopatoa.com\\\/ro\\\/orientica-amber-rouge-eau-de-parfum-unisex-80-ml\\\/\"]}]},{\"@type\":\"ImageObject\",\"inLanguage\":\"ro-RO\",\"@id\":\"https:\\\/\\\/shopatoa.com\\\/ro\\\/orientica-amber-rouge-eau-de-parfum-unisex-80-ml\\\/#primaryimage\",\"url\":\"https:\\\/\\\/storage.googleapis.com\\\/cz-shopatoa-img\\\/ro\\\/4556e31b-unnamed-file.webp\",\"contentUrl\":\"https:\\\/\\\/storage.googleapis.com\\\/cz-shopatoa-img\\\/ro\\\/4556e31b-unnamed-file.webp\",\"width\":800,\"height\":800},{\"@type\":\"BreadcrumbList\",\"@id\":\"https:\\\/\\\/shopatoa.com\\\/ro\\\/orientica-amber-rouge-eau-de-parfum-unisex-80-ml\\\/#breadcrumb\",\"itemListElement\":[{\"@type\":\"ListItem\",\"position\":1,\"name\":\"Dom\u016f\",\"item\":\"https:\\\/\\\/shopatoa.com\\\/ro\\\/\"},{\"@type\":\"ListItem\",\"position\":2,\"name\":\"Shop\",\"item\":\"https:\\\/\\\/shopatoa.com\\\/ro\\\/shop\\\/\"},{\"@type\":\"ListItem\",\"position\":3,\"name\":\"S\u0103n\u0103tate \u0219i frumuse\u021be\",\"item\":\"https:\\\/\\\/shopatoa.com\\\/ro\\\/sanatate-si-frumusete\\\/\"},{\"@type\":\"ListItem\",\"position\":4,\"name\":\"\u00cengrijire personal\u0103\",\"item\":\"https:\\\/\\\/shopatoa.com\\\/ro\\\/ingrijire-personala\\\/\"},{\"@type\":\"ListItem\",\"position\":5,\"name\":\"Cosmetice\",\"item\":\"https:\\\/\\\/shopatoa.com\\\/ro\\\/cosmetice-ingrijire-personala\\\/\"},{\"@type\":\"ListItem\",\"position\":6,\"name\":\"Parfumuri \u0219i Colonele\",\"item\":\"https:\\\/\\\/shopatoa.com\\\/ro\\\/parfumuri-si-colonele\\\/\"},{\"@type\":\"ListItem\",\"position\":7,\"name\":\"Orientica Amber Rouge Eau de Parfum unisex 80 ml\"}]},{\"@type\":\"WebSite\",\"@id\":\"https:\\\/\\\/shopatoa.com\\\/ro\\\/#website\",\"url\":\"https:\\\/\\\/shopatoa.com\\\/ro\\\/\",\"name\":\"SHOPATOA\",\"description\":\"\",\"publisher\":{\"@id\":\"https:\\\/\\\/shopatoa.com\\\/ro\\\/#organization\"},\"potentialAction\":[{\"@type\":\"SearchAction\",\"target\":{\"@type\":\"EntryPoint\",\"urlTemplate\":\"https:\\\/\\\/shopatoa.com\\\/ro\\\/?s={search_term_string}\"},\"query-input\":{\"@type\":\"PropertyValueSpecification\",\"valueRequired\":true,\"valueName\":\"search_term_string\"}}],\"inLanguage\":\"ro-RO\"},{\"@type\":\"Organization\",\"@id\":\"https:\\\/\\\/shopatoa.com\\\/ro\\\/#organization\",\"name\":\"SHOPATOA\",\"url\":\"https:\\\/\\\/shopatoa.com\\\/ro\\\/\",\"logo\":{\"@type\":\"ImageObject\",\"inLanguage\":\"ro-RO\",\"@id\":\"https:\\\/\\\/shopatoa.com\\\/ro\\\/#\\\/schema\\\/logo\\\/image\\\/\",\"url\":\"https:\\\/\\\/storage.googleapis.com\\\/cz-shopatoa-img\\\/ro\\\/b4dac915-shopatoa_logo.png\",\"contentUrl\":\"https:\\\/\\\/storage.googleapis.com\\\/cz-shopatoa-img\\\/ro\\\/b4dac915-shopatoa_logo.png\",\"width\":416,\"height\":63,\"caption\":\"SHOPATOA\"},\"image\":{\"@id\":\"https:\\\/\\\/shopatoa.com\\\/ro\\\/#\\\/schema\\\/logo\\\/image\\\/\"}}]}<\/script>\n<!-- \/ Yoast SEO plugin. -->","yoast_head_json":{"title":"Orientica Amber Rouge Eau de Parfum unisex 80 ml - SHOPATOA.COM","robots":{"index":"index","follow":"follow","max-snippet":"max-snippet:-1","max-image-preview":"max-image-preview:large","max-video-preview":"max-video-preview:-1"},"canonical":"https:\/\/shopatoa.com\/ro\/orientica-amber-rouge-eau-de-parfum-unisex-80-ml\/","og_locale":"ro_RO","og_type":"article","og_title":"Orientica Amber Rouge Eau de Parfum unisex 80 ml - SHOPATOA.COM","og_description":"Orientica Amber Rouge, 80 ml, Ap\u0103 de parfum unisex, \u00cenv\u0103lui\u021bi-v\u0103 \u00eentr-un parfum care se \u00eencadreaz\u0103 perfect \u00een stilul dvs. \u0219i care devine rapid noua dvs. semn\u0103tur\u0103. Apa de parfum unisex Orientica Amber Rouge v\u0103 cucere\u0219te de la prima parfumare \u0219i nu va \u00eencerca niciodat\u0103 s\u0103 v\u0103 surprind\u0103. pentru caractere cu un stil propriu inedit parfum...","og_url":"https:\/\/shopatoa.com\/ro\/orientica-amber-rouge-eau-de-parfum-unisex-80-ml\/","og_site_name":"SHOPATOA","article_modified_time":"2025-10-08T17:08:52+00:00","og_image":[{"width":800,"height":800,"url":"https:\/\/storage.googleapis.com\/cz-shopatoa-img\/ro\/4556e31b-unnamed-file.webp","type":"image\/webp"}],"twitter_card":"summary_large_image","schema":{"@context":"https:\/\/schema.org","@graph":[{"@type":"WebPage","@id":"https:\/\/shopatoa.com\/ro\/orientica-amber-rouge-eau-de-parfum-unisex-80-ml\/","url":"https:\/\/shopatoa.com\/ro\/orientica-amber-rouge-eau-de-parfum-unisex-80-ml\/","name":"Orientica Amber Rouge Eau de Parfum unisex 80 ml - SHOPATOA.COM","isPartOf":{"@id":"https:\/\/shopatoa.com\/ro\/#website"},"primaryImageOfPage":{"@id":"https:\/\/shopatoa.com\/ro\/orientica-amber-rouge-eau-de-parfum-unisex-80-ml\/#primaryimage"},"image":{"@id":"https:\/\/shopatoa.com\/ro\/orientica-amber-rouge-eau-de-parfum-unisex-80-ml\/#primaryimage"},"thumbnailUrl":"https:\/\/storage.googleapis.com\/cz-shopatoa-img\/ro\/4556e31b-unnamed-file.webp","datePublished":"2025-06-17T15:41:53+00:00","dateModified":"2025-10-08T17:08:52+00:00","breadcrumb":{"@id":"https:\/\/shopatoa.com\/ro\/orientica-amber-rouge-eau-de-parfum-unisex-80-ml\/#breadcrumb"},"inLanguage":"ro-RO","potentialAction":[{"@type":"ReadAction","target":["https:\/\/shopatoa.com\/ro\/orientica-amber-rouge-eau-de-parfum-unisex-80-ml\/"]}]},{"@type":"ImageObject","inLanguage":"ro-RO","@id":"https:\/\/shopatoa.com\/ro\/orientica-amber-rouge-eau-de-parfum-unisex-80-ml\/#primaryimage","url":"https:\/\/storage.googleapis.com\/cz-shopatoa-img\/ro\/4556e31b-unnamed-file.webp","contentUrl":"https:\/\/storage.googleapis.com\/cz-shopatoa-img\/ro\/4556e31b-unnamed-file.webp","width":800,"height":800},{"@type":"BreadcrumbList","@id":"https:\/\/shopatoa.com\/ro\/orientica-amber-rouge-eau-de-parfum-unisex-80-ml\/#breadcrumb","itemListElement":[{"@type":"ListItem","position":1,"name":"Dom\u016f","item":"https:\/\/shopatoa.com\/ro\/"},{"@type":"ListItem","position":2,"name":"Shop","item":"https:\/\/shopatoa.com\/ro\/shop\/"},{"@type":"ListItem","position":3,"name":"S\u0103n\u0103tate \u0219i frumuse\u021be","item":"https:\/\/shopatoa.com\/ro\/sanatate-si-frumusete\/"},{"@type":"ListItem","position":4,"name":"\u00cengrijire personal\u0103","item":"https:\/\/shopatoa.com\/ro\/ingrijire-personala\/"},{"@type":"ListItem","position":5,"name":"Cosmetice","item":"https:\/\/shopatoa.com\/ro\/cosmetice-ingrijire-personala\/"},{"@type":"ListItem","position":6,"name":"Parfumuri \u0219i Colonele","item":"https:\/\/shopatoa.com\/ro\/parfumuri-si-colonele\/"},{"@type":"ListItem","position":7,"name":"Orientica Amber Rouge Eau de Parfum unisex 80 ml"}]},{"@type":"WebSite","@id":"https:\/\/shopatoa.com\/ro\/#website","url":"https:\/\/shopatoa.com\/ro\/","name":"SHOPATOA","description":"","publisher":{"@id":"https:\/\/shopatoa.com\/ro\/#organization"},"potentialAction":[{"@type":"SearchAction","target":{"@type":"EntryPoint","urlTemplate":"https:\/\/shopatoa.com\/ro\/?s={search_term_string}"},"query-input":{"@type":"PropertyValueSpecification","valueRequired":true,"valueName":"search_term_string"}}],"inLanguage":"ro-RO"},{"@type":"Organization","@id":"https:\/\/shopatoa.com\/ro\/#organization","name":"SHOPATOA","url":"https:\/\/shopatoa.com\/ro\/","logo":{"@type":"ImageObject","inLanguage":"ro-RO","@id":"https:\/\/shopatoa.com\/ro\/#\/schema\/logo\/image\/","url":"https:\/\/storage.googleapis.com\/cz-shopatoa-img\/ro\/b4dac915-shopatoa_logo.png","contentUrl":"https:\/\/storage.googleapis.com\/cz-shopatoa-img\/ro\/b4dac915-shopatoa_logo.png","width":416,"height":63,"caption":"SHOPATOA"},"image":{"@id":"https:\/\/shopatoa.com\/ro\/#\/schema\/logo\/image\/"}}]}},"_links":{"self":[{"href":"https:\/\/shopatoa.com\/ro\/wp-json\/wp\/v2\/product\/400132","targetHints":{"allow":["GET"]}}],"collection":[{"href":"https:\/\/shopatoa.com\/ro\/wp-json\/wp\/v2\/product"}],"about":[{"href":"https:\/\/shopatoa.com\/ro\/wp-json\/wp\/v2\/types\/product"}],"replies":[{"embeddable":true,"href":"https:\/\/shopatoa.com\/ro\/wp-json\/wp\/v2\/comments?post=400132"}],"wp:featuredmedia":[{"embeddable":true,"href":"https:\/\/shopatoa.com\/ro\/wp-json\/wp\/v2\/media\/400133"}],"wp:attachment":[{"href":"https:\/\/shopatoa.com\/ro\/wp-json\/wp\/v2\/media?parent=400132"}],"wp:term":[{"taxonomy":"product_brand","embeddable":true,"href":"https:\/\/shopatoa.com\/ro\/wp-json\/wp\/v2\/product_brand?post=400132"},{"taxonomy":"product_cat","embeddable":true,"href":"https:\/\/shopatoa.com\/ro\/wp-json\/wp\/v2\/product_cat?post=400132"},{"taxonomy":"product_tag","embeddable":true,"href":"https:\/\/shopatoa.com\/ro\/wp-json\/wp\/v2\/product_tag?post=400132"}],"curies":[{"name":"wp","href":"https:\/\/api.w.org\/{rel}","templated":true}]}}