{"id":400334,"date":"2025-06-17T17:59:13","date_gmt":"2025-06-17T15:59:13","guid":{"rendered":"https:\/\/shopatoa.com\/ro\/keune-1922-fortifying-lotion-tratament-pentru-ingrijirea-parului-fara-clatire-pentru-intarirea-parului-75-ml\/"},"modified":"2025-12-13T17:22:31","modified_gmt":"2025-12-13T16:22:31","slug":"keune-1922-fortifying-lotion-tratament-pentru-ingrijirea-parului-fara-clatire-pentru-intarirea-parului-75-ml","status":"publish","type":"product","link":"https:\/\/shopatoa.com\/ro\/keune-1922-fortifying-lotion-tratament-pentru-ingrijirea-parului-fara-clatire-pentru-intarirea-parului-75-ml\/","title":{"rendered":"Keune 1922 Fortifying Lotion tratament pentru \u00eengrijirea p\u0103rului f\u0103r\u0103 cl\u0103tire pentru intarirea parului 75 ml"},"content":{"rendered":"<p>Keune 1922 Fortifying Lotion, 75 ml, Balsamuri \u0219i lo\u021biuni de p\u0103r  pentru b\u0103rba\u021bi, \u00cengrijirea f\u0103r\u0103 cl\u0103tire Keune 1922 Fortifying Lotion asigur\u0103 o doz\u0103 instantanee de hidratare \u0219i o nutri\u021bie intens\u0103. Va oferi p\u0103rului dvs. tot ce are nevoie dup\u0103 sp\u0103lare, f\u0103r\u0103 a petrece \u00een baie mai mult timp dec\u00e2t este necesar. V\u0103 va ajuta s\u0103 v\u0103 netezi\u021bi p\u0103rul \u0219i s\u0103 \u00eei reda\u021bi str\u0103lucirea natural\u0103 \u0219i integritatea structurii sale. Va favoriza regenerarea \u0219i va facilita descurcarea. Toate acestea u\u0219or, rapid \u0219i f\u0103r\u0103 s\u0103 necesite cl\u0103tire. Este suficient s\u0103 aplica\u021bi, s\u0103 str\u00e2nge\u021bi p\u0103rul \u00een palme, eventual s\u0103 piept\u0103na\u021bi, iar frumuse\u021bea \u0219i s\u0103n\u0103tatea p\u0103rului dvs. vor fi asigurate. \u00cencerca\u021bi aceast\u0103 \u00eengrijire f\u0103r\u0103 cl\u0103tire \u0219i descoperi\u021bi un mod simplu \u0219i rapid de a v\u0103 regenera p\u0103rul, cu multe alte beneficii.  Caracteristici:  m\u0103re\u0219te densitatea \u0219i rezisten\u021ba p\u0103rului dinamizeaz\u0103 activitatea r\u0103d\u0103cinilor p\u0103rului ofer\u0103 p\u0103rului hidratare \u0219i nutri\u021bie prelunge\u0219te ciclul de via\u021b\u0103 al fibrei p\u0103rului  Ingrediente:  cafein\u0103  Cum se utilizeaz\u0103: Se aplic\u0103 pe p\u0103rul sp\u0103lat, uscat \u00een prosop. Se maseaz\u0103 bine \u0219i nu se cl\u0103te\u0219te.<\/p>\n","protected":false},"excerpt":{"rendered":"<p>Keune 1922 Fortifying Lotion, 75 ml, Balsamuri \u0219i lo\u021biuni de p\u0103r pentru b\u0103rba\u021bi, \u00cengrijirea f\u0103r\u0103 cl\u0103tire Keune 1922 Fortifying Lotion asigur\u0103 o doz\u0103 instantanee de hidratare \u0219i o nutri\u021bie intens\u0103. Va oferi p\u0103rului dvs. tot ce are nevoie dup\u0103 sp\u0103lare, f\u0103r\u0103 a petrece \u00een baie mai mult timp dec\u00e2t este necesar. V\u0103 va ajuta s\u0103&#8230;<\/p>\n","protected":false},"featured_media":400335,"comment_status":"closed","ping_status":"open","template":"","meta":{"_acf_changed":false,"_kadence_starter_templates_imported_post":false,"_kad_post_transparent":"","_kad_post_title":"","_kad_post_layout":"","_kad_post_sidebar_id":"","_kad_post_content_style":"","_kad_post_vertical_padding":"","_kad_post_feature":"","_kad_post_feature_position":"","_kad_post_header":false,"_kad_post_footer":false,"_kad_post_classname":""},"product_brand":[1890],"product_cat":[1563,1590,1562],"product_tag":[],"class_list":{"0":"post-400334","1":"product","2":"type-product","3":"status-publish","4":"has-post-thumbnail","6":"product_brand-keune","7":"product_cat-ingrijire-personala","8":"product_cat-ingrijirea-parului","9":"product_cat-sanatate-si-frumusete","10":"pa_gen-male","11":"pa_marime-75-ml","13":"first","14":"instock","15":"sale","16":"product-type-external","17":"entry","18":"content-bg","19":"loop-entry"},"acf":[],"yoast_head":"<!-- This site is optimized with the Yoast SEO plugin v27.4 - https:\/\/yoast.com\/product\/yoast-seo-wordpress\/ -->\n<title>Keune 1922 Fortifying Lotion tratament pentru \u00eengrijirea p\u0103rului f\u0103r\u0103 cl\u0103tire pentru intarirea parului 75 ml - SHOPATOA.COM<\/title>\n<meta name=\"robots\" content=\"index, follow, max-snippet:-1, max-image-preview:large, max-video-preview:-1\" \/>\n<link rel=\"canonical\" href=\"https:\/\/shopatoa.com\/ro\/keune-1922-fortifying-lotion-tratament-pentru-ingrijirea-parului-fara-clatire-pentru-intarirea-parului-75-ml\/\" \/>\n<meta property=\"og:locale\" content=\"ro_RO\" \/>\n<meta property=\"og:type\" content=\"article\" \/>\n<meta property=\"og:title\" content=\"Keune 1922 Fortifying Lotion tratament pentru \u00eengrijirea p\u0103rului f\u0103r\u0103 cl\u0103tire pentru intarirea parului 75 ml - SHOPATOA.COM\" \/>\n<meta property=\"og:description\" content=\"Keune 1922 Fortifying Lotion, 75 ml, Balsamuri \u0219i lo\u021biuni de p\u0103r pentru b\u0103rba\u021bi, \u00cengrijirea f\u0103r\u0103 cl\u0103tire Keune 1922 Fortifying Lotion asigur\u0103 o doz\u0103 instantanee de hidratare \u0219i o nutri\u021bie intens\u0103. Va oferi p\u0103rului dvs. tot ce are nevoie dup\u0103 sp\u0103lare, f\u0103r\u0103 a petrece \u00een baie mai mult timp dec\u00e2t este necesar. V\u0103 va ajuta s\u0103...\" \/>\n<meta property=\"og:url\" content=\"https:\/\/shopatoa.com\/ro\/keune-1922-fortifying-lotion-tratament-pentru-ingrijirea-parului-fara-clatire-pentru-intarirea-parului-75-ml\/\" \/>\n<meta property=\"og:site_name\" content=\"SHOPATOA\" \/>\n<meta property=\"article:modified_time\" content=\"2025-12-13T16:22:31+00:00\" \/>\n<meta property=\"og:image\" content=\"https:\/\/storage.googleapis.com\/cz-shopatoa-img\/ro\/d79bd336-unnamed-file.webp\" \/>\n\t<meta property=\"og:image:width\" content=\"800\" \/>\n\t<meta property=\"og:image:height\" content=\"800\" \/>\n\t<meta property=\"og:image:type\" content=\"image\/webp\" \/>\n<meta name=\"twitter:card\" content=\"summary_large_image\" \/>\n<meta name=\"twitter:label1\" content=\"Timp estimat pentru citire\" \/>\n\t<meta name=\"twitter:data1\" content=\"1 minut\" \/>\n<script type=\"application\/ld+json\" class=\"yoast-schema-graph\">{\"@context\":\"https:\\\/\\\/schema.org\",\"@graph\":[{\"@type\":\"WebPage\",\"@id\":\"https:\\\/\\\/shopatoa.com\\\/ro\\\/keune-1922-fortifying-lotion-tratament-pentru-ingrijirea-parului-fara-clatire-pentru-intarirea-parului-75-ml\\\/\",\"url\":\"https:\\\/\\\/shopatoa.com\\\/ro\\\/keune-1922-fortifying-lotion-tratament-pentru-ingrijirea-parului-fara-clatire-pentru-intarirea-parului-75-ml\\\/\",\"name\":\"Keune 1922 Fortifying Lotion tratament pentru \u00eengrijirea p\u0103rului f\u0103r\u0103 cl\u0103tire pentru intarirea parului 75 ml - SHOPATOA.COM\",\"isPartOf\":{\"@id\":\"https:\\\/\\\/shopatoa.com\\\/ro\\\/#website\"},\"primaryImageOfPage\":{\"@id\":\"https:\\\/\\\/shopatoa.com\\\/ro\\\/keune-1922-fortifying-lotion-tratament-pentru-ingrijirea-parului-fara-clatire-pentru-intarirea-parului-75-ml\\\/#primaryimage\"},\"image\":{\"@id\":\"https:\\\/\\\/shopatoa.com\\\/ro\\\/keune-1922-fortifying-lotion-tratament-pentru-ingrijirea-parului-fara-clatire-pentru-intarirea-parului-75-ml\\\/#primaryimage\"},\"thumbnailUrl\":\"https:\\\/\\\/storage.googleapis.com\\\/cz-shopatoa-img\\\/ro\\\/d79bd336-unnamed-file.webp\",\"datePublished\":\"2025-06-17T15:59:13+00:00\",\"dateModified\":\"2025-12-13T16:22:31+00:00\",\"breadcrumb\":{\"@id\":\"https:\\\/\\\/shopatoa.com\\\/ro\\\/keune-1922-fortifying-lotion-tratament-pentru-ingrijirea-parului-fara-clatire-pentru-intarirea-parului-75-ml\\\/#breadcrumb\"},\"inLanguage\":\"ro-RO\",\"potentialAction\":[{\"@type\":\"ReadAction\",\"target\":[\"https:\\\/\\\/shopatoa.com\\\/ro\\\/keune-1922-fortifying-lotion-tratament-pentru-ingrijirea-parului-fara-clatire-pentru-intarirea-parului-75-ml\\\/\"]}]},{\"@type\":\"ImageObject\",\"inLanguage\":\"ro-RO\",\"@id\":\"https:\\\/\\\/shopatoa.com\\\/ro\\\/keune-1922-fortifying-lotion-tratament-pentru-ingrijirea-parului-fara-clatire-pentru-intarirea-parului-75-ml\\\/#primaryimage\",\"url\":\"https:\\\/\\\/storage.googleapis.com\\\/cz-shopatoa-img\\\/ro\\\/d79bd336-unnamed-file.webp\",\"contentUrl\":\"https:\\\/\\\/storage.googleapis.com\\\/cz-shopatoa-img\\\/ro\\\/d79bd336-unnamed-file.webp\",\"width\":800,\"height\":800},{\"@type\":\"BreadcrumbList\",\"@id\":\"https:\\\/\\\/shopatoa.com\\\/ro\\\/keune-1922-fortifying-lotion-tratament-pentru-ingrijirea-parului-fara-clatire-pentru-intarirea-parului-75-ml\\\/#breadcrumb\",\"itemListElement\":[{\"@type\":\"ListItem\",\"position\":1,\"name\":\"Dom\u016f\",\"item\":\"https:\\\/\\\/shopatoa.com\\\/ro\\\/\"},{\"@type\":\"ListItem\",\"position\":2,\"name\":\"Shop\",\"item\":\"https:\\\/\\\/shopatoa.com\\\/ro\\\/shop\\\/\"},{\"@type\":\"ListItem\",\"position\":3,\"name\":\"S\u0103n\u0103tate \u0219i frumuse\u021be\",\"item\":\"https:\\\/\\\/shopatoa.com\\\/ro\\\/sanatate-si-frumusete\\\/\"},{\"@type\":\"ListItem\",\"position\":4,\"name\":\"\u00cengrijire personal\u0103\",\"item\":\"https:\\\/\\\/shopatoa.com\\\/ro\\\/ingrijire-personala\\\/\"},{\"@type\":\"ListItem\",\"position\":5,\"name\":\"\u00cengrijirea p\u0103rului\",\"item\":\"https:\\\/\\\/shopatoa.com\\\/ro\\\/ingrijirea-parului\\\/\"},{\"@type\":\"ListItem\",\"position\":6,\"name\":\"Keune 1922 Fortifying Lotion tratament pentru \u00eengrijirea p\u0103rului f\u0103r\u0103 cl\u0103tire pentru intarirea parului 75 ml\"}]},{\"@type\":\"WebSite\",\"@id\":\"https:\\\/\\\/shopatoa.com\\\/ro\\\/#website\",\"url\":\"https:\\\/\\\/shopatoa.com\\\/ro\\\/\",\"name\":\"SHOPATOA\",\"description\":\"\",\"publisher\":{\"@id\":\"https:\\\/\\\/shopatoa.com\\\/ro\\\/#organization\"},\"potentialAction\":[{\"@type\":\"SearchAction\",\"target\":{\"@type\":\"EntryPoint\",\"urlTemplate\":\"https:\\\/\\\/shopatoa.com\\\/ro\\\/?s={search_term_string}\"},\"query-input\":{\"@type\":\"PropertyValueSpecification\",\"valueRequired\":true,\"valueName\":\"search_term_string\"}}],\"inLanguage\":\"ro-RO\"},{\"@type\":\"Organization\",\"@id\":\"https:\\\/\\\/shopatoa.com\\\/ro\\\/#organization\",\"name\":\"SHOPATOA\",\"url\":\"https:\\\/\\\/shopatoa.com\\\/ro\\\/\",\"logo\":{\"@type\":\"ImageObject\",\"inLanguage\":\"ro-RO\",\"@id\":\"https:\\\/\\\/shopatoa.com\\\/ro\\\/#\\\/schema\\\/logo\\\/image\\\/\",\"url\":\"https:\\\/\\\/storage.googleapis.com\\\/cz-shopatoa-img\\\/ro\\\/b4dac915-shopatoa_logo.png\",\"contentUrl\":\"https:\\\/\\\/storage.googleapis.com\\\/cz-shopatoa-img\\\/ro\\\/b4dac915-shopatoa_logo.png\",\"width\":416,\"height\":63,\"caption\":\"SHOPATOA\"},\"image\":{\"@id\":\"https:\\\/\\\/shopatoa.com\\\/ro\\\/#\\\/schema\\\/logo\\\/image\\\/\"}}]}<\/script>\n<!-- \/ Yoast SEO plugin. -->","yoast_head_json":{"title":"Keune 1922 Fortifying Lotion tratament pentru \u00eengrijirea p\u0103rului f\u0103r\u0103 cl\u0103tire pentru intarirea parului 75 ml - SHOPATOA.COM","robots":{"index":"index","follow":"follow","max-snippet":"max-snippet:-1","max-image-preview":"max-image-preview:large","max-video-preview":"max-video-preview:-1"},"canonical":"https:\/\/shopatoa.com\/ro\/keune-1922-fortifying-lotion-tratament-pentru-ingrijirea-parului-fara-clatire-pentru-intarirea-parului-75-ml\/","og_locale":"ro_RO","og_type":"article","og_title":"Keune 1922 Fortifying Lotion tratament pentru \u00eengrijirea p\u0103rului f\u0103r\u0103 cl\u0103tire pentru intarirea parului 75 ml - SHOPATOA.COM","og_description":"Keune 1922 Fortifying Lotion, 75 ml, Balsamuri \u0219i lo\u021biuni de p\u0103r pentru b\u0103rba\u021bi, \u00cengrijirea f\u0103r\u0103 cl\u0103tire Keune 1922 Fortifying Lotion asigur\u0103 o doz\u0103 instantanee de hidratare \u0219i o nutri\u021bie intens\u0103. Va oferi p\u0103rului dvs. tot ce are nevoie dup\u0103 sp\u0103lare, f\u0103r\u0103 a petrece \u00een baie mai mult timp dec\u00e2t este necesar. V\u0103 va ajuta s\u0103...","og_url":"https:\/\/shopatoa.com\/ro\/keune-1922-fortifying-lotion-tratament-pentru-ingrijirea-parului-fara-clatire-pentru-intarirea-parului-75-ml\/","og_site_name":"SHOPATOA","article_modified_time":"2025-12-13T16:22:31+00:00","og_image":[{"width":800,"height":800,"url":"https:\/\/storage.googleapis.com\/cz-shopatoa-img\/ro\/d79bd336-unnamed-file.webp","type":"image\/webp"}],"twitter_card":"summary_large_image","twitter_misc":{"Timp estimat pentru citire":"1 minut"},"schema":{"@context":"https:\/\/schema.org","@graph":[{"@type":"WebPage","@id":"https:\/\/shopatoa.com\/ro\/keune-1922-fortifying-lotion-tratament-pentru-ingrijirea-parului-fara-clatire-pentru-intarirea-parului-75-ml\/","url":"https:\/\/shopatoa.com\/ro\/keune-1922-fortifying-lotion-tratament-pentru-ingrijirea-parului-fara-clatire-pentru-intarirea-parului-75-ml\/","name":"Keune 1922 Fortifying Lotion tratament pentru \u00eengrijirea p\u0103rului f\u0103r\u0103 cl\u0103tire pentru intarirea parului 75 ml - SHOPATOA.COM","isPartOf":{"@id":"https:\/\/shopatoa.com\/ro\/#website"},"primaryImageOfPage":{"@id":"https:\/\/shopatoa.com\/ro\/keune-1922-fortifying-lotion-tratament-pentru-ingrijirea-parului-fara-clatire-pentru-intarirea-parului-75-ml\/#primaryimage"},"image":{"@id":"https:\/\/shopatoa.com\/ro\/keune-1922-fortifying-lotion-tratament-pentru-ingrijirea-parului-fara-clatire-pentru-intarirea-parului-75-ml\/#primaryimage"},"thumbnailUrl":"https:\/\/storage.googleapis.com\/cz-shopatoa-img\/ro\/d79bd336-unnamed-file.webp","datePublished":"2025-06-17T15:59:13+00:00","dateModified":"2025-12-13T16:22:31+00:00","breadcrumb":{"@id":"https:\/\/shopatoa.com\/ro\/keune-1922-fortifying-lotion-tratament-pentru-ingrijirea-parului-fara-clatire-pentru-intarirea-parului-75-ml\/#breadcrumb"},"inLanguage":"ro-RO","potentialAction":[{"@type":"ReadAction","target":["https:\/\/shopatoa.com\/ro\/keune-1922-fortifying-lotion-tratament-pentru-ingrijirea-parului-fara-clatire-pentru-intarirea-parului-75-ml\/"]}]},{"@type":"ImageObject","inLanguage":"ro-RO","@id":"https:\/\/shopatoa.com\/ro\/keune-1922-fortifying-lotion-tratament-pentru-ingrijirea-parului-fara-clatire-pentru-intarirea-parului-75-ml\/#primaryimage","url":"https:\/\/storage.googleapis.com\/cz-shopatoa-img\/ro\/d79bd336-unnamed-file.webp","contentUrl":"https:\/\/storage.googleapis.com\/cz-shopatoa-img\/ro\/d79bd336-unnamed-file.webp","width":800,"height":800},{"@type":"BreadcrumbList","@id":"https:\/\/shopatoa.com\/ro\/keune-1922-fortifying-lotion-tratament-pentru-ingrijirea-parului-fara-clatire-pentru-intarirea-parului-75-ml\/#breadcrumb","itemListElement":[{"@type":"ListItem","position":1,"name":"Dom\u016f","item":"https:\/\/shopatoa.com\/ro\/"},{"@type":"ListItem","position":2,"name":"Shop","item":"https:\/\/shopatoa.com\/ro\/shop\/"},{"@type":"ListItem","position":3,"name":"S\u0103n\u0103tate \u0219i frumuse\u021be","item":"https:\/\/shopatoa.com\/ro\/sanatate-si-frumusete\/"},{"@type":"ListItem","position":4,"name":"\u00cengrijire personal\u0103","item":"https:\/\/shopatoa.com\/ro\/ingrijire-personala\/"},{"@type":"ListItem","position":5,"name":"\u00cengrijirea p\u0103rului","item":"https:\/\/shopatoa.com\/ro\/ingrijirea-parului\/"},{"@type":"ListItem","position":6,"name":"Keune 1922 Fortifying Lotion tratament pentru \u00eengrijirea p\u0103rului f\u0103r\u0103 cl\u0103tire pentru intarirea parului 75 ml"}]},{"@type":"WebSite","@id":"https:\/\/shopatoa.com\/ro\/#website","url":"https:\/\/shopatoa.com\/ro\/","name":"SHOPATOA","description":"","publisher":{"@id":"https:\/\/shopatoa.com\/ro\/#organization"},"potentialAction":[{"@type":"SearchAction","target":{"@type":"EntryPoint","urlTemplate":"https:\/\/shopatoa.com\/ro\/?s={search_term_string}"},"query-input":{"@type":"PropertyValueSpecification","valueRequired":true,"valueName":"search_term_string"}}],"inLanguage":"ro-RO"},{"@type":"Organization","@id":"https:\/\/shopatoa.com\/ro\/#organization","name":"SHOPATOA","url":"https:\/\/shopatoa.com\/ro\/","logo":{"@type":"ImageObject","inLanguage":"ro-RO","@id":"https:\/\/shopatoa.com\/ro\/#\/schema\/logo\/image\/","url":"https:\/\/storage.googleapis.com\/cz-shopatoa-img\/ro\/b4dac915-shopatoa_logo.png","contentUrl":"https:\/\/storage.googleapis.com\/cz-shopatoa-img\/ro\/b4dac915-shopatoa_logo.png","width":416,"height":63,"caption":"SHOPATOA"},"image":{"@id":"https:\/\/shopatoa.com\/ro\/#\/schema\/logo\/image\/"}}]}},"_links":{"self":[{"href":"https:\/\/shopatoa.com\/ro\/wp-json\/wp\/v2\/product\/400334","targetHints":{"allow":["GET"]}}],"collection":[{"href":"https:\/\/shopatoa.com\/ro\/wp-json\/wp\/v2\/product"}],"about":[{"href":"https:\/\/shopatoa.com\/ro\/wp-json\/wp\/v2\/types\/product"}],"replies":[{"embeddable":true,"href":"https:\/\/shopatoa.com\/ro\/wp-json\/wp\/v2\/comments?post=400334"}],"wp:featuredmedia":[{"embeddable":true,"href":"https:\/\/shopatoa.com\/ro\/wp-json\/wp\/v2\/media\/400335"}],"wp:attachment":[{"href":"https:\/\/shopatoa.com\/ro\/wp-json\/wp\/v2\/media?parent=400334"}],"wp:term":[{"taxonomy":"product_brand","embeddable":true,"href":"https:\/\/shopatoa.com\/ro\/wp-json\/wp\/v2\/product_brand?post=400334"},{"taxonomy":"product_cat","embeddable":true,"href":"https:\/\/shopatoa.com\/ro\/wp-json\/wp\/v2\/product_cat?post=400334"},{"taxonomy":"product_tag","embeddable":true,"href":"https:\/\/shopatoa.com\/ro\/wp-json\/wp\/v2\/product_tag?post=400334"}],"curies":[{"name":"wp","href":"https:\/\/api.w.org\/{rel}","templated":true}]}}