{"id":400498,"date":"2025-06-17T18:26:15","date_gmt":"2025-06-17T16:26:15","guid":{"rendered":"https:\/\/shopatoa.com\/ro\/medavita-blondie-ice-blonde-enhancing-conditioning-serum-conditioner-spray-leave-in-pentru-nuante-inchise-de-blond-ph-4-5-150-ml\/"},"modified":"2025-12-13T16:44:37","modified_gmt":"2025-12-13T15:44:37","slug":"medavita-blondie-ice-blonde-enhancing-conditioning-serum-conditioner-spray-leave-in-pentru-nuante-inchise-de-blond-ph-4-5-150-ml","status":"publish","type":"product","link":"https:\/\/shopatoa.com\/ro\/medavita-blondie-ice-blonde-enhancing-conditioning-serum-conditioner-spray-leave-in-pentru-nuante-inchise-de-blond-ph-4-5-150-ml\/","title":{"rendered":"Medavita Blondie Ice Blonde Enhancing Conditioning Serum conditioner Spray Leave-in pentru nuante inchise de blond pH 4.5 150 ml"},"content":{"rendered":"<p>Medavita Blondie Ice Blonde Enhancing Conditioning Serum, 150 ml, Balsam f\u0103r\u0103 cl\u0103tire pentru femei, V\u0103 dori\u021bi un p\u0103r frumos de la r\u0103d\u0103cin\u0103 p\u00e2n\u0103 la v\u00e2rfuri, dar sim\u021bi\u021bi c\u0103 \u00eengrijirea oferit\u0103 de \u0219ampon, balsam sau chiar masc\u0103 nu este suficient\u0103? Serul Medavita Blondie Ice Blonde Enhancing Conditioning Serum v\u0103 va \u00eembog\u0103\u021bi perfect rutina de \u00eengrijire existent\u0103 \u0219i v\u0103 va ajuta s\u0103 ob\u021bine\u021bi rezultatul dorit. Va oferi nutri\u021bia necesar\u0103, fortific\u00e2nd p\u0103rul \u0219i oferindu-i tot ce are nevoie pentru a str\u0103luci din nou. Datorit\u0103 formulei de \u00eengrijire care favorizeaz\u0103 regenerarea natural\u0103, serul va oferi p\u0103rului dvs. o nou\u0103 via\u021b\u0103. Cu o utilizare regulat\u0103, ve\u021bi observa \u00een scurt timp un p\u0103r puternic, str\u0103lucitor \u0219i cu aspect s\u0103n\u0103tos.  Caracteristici:  dup\u0103 folosire, p\u0103rul este moale \u0219i m\u0103t\u0103sos \u00eenvioreaz\u0103 luciul \u0219i frumuse\u021bea p\u0103rului vopsit  Cum se utilizeaz\u0103: Se aplic\u0103 o cantitate adecvat\u0103 de produs pe p\u0103rul umed \u0219i uscat \u00een prosop \u0219i se fr\u0103m\u00e2nt\u0103 cu m\u00e2inile.<\/p>\n","protected":false},"excerpt":{"rendered":"<p>Medavita Blondie Ice Blonde Enhancing Conditioning Serum, 150 ml, Balsam f\u0103r\u0103 cl\u0103tire pentru femei, V\u0103 dori\u021bi un p\u0103r frumos de la r\u0103d\u0103cin\u0103 p\u00e2n\u0103 la v\u00e2rfuri, dar sim\u021bi\u021bi c\u0103 \u00eengrijirea oferit\u0103 de \u0219ampon, balsam sau chiar masc\u0103 nu este suficient\u0103? Serul Medavita Blondie Ice Blonde Enhancing Conditioning Serum v\u0103 va \u00eembog\u0103\u021bi perfect rutina de \u00eengrijire existent\u0103&#8230;<\/p>\n","protected":false},"featured_media":400499,"comment_status":"closed","ping_status":"open","template":"","meta":{"_acf_changed":false,"_kadence_starter_templates_imported_post":false,"_kad_post_transparent":"","_kad_post_title":"","_kad_post_layout":"","_kad_post_sidebar_id":"","_kad_post_content_style":"","_kad_post_vertical_padding":"","_kad_post_feature":"","_kad_post_feature_position":"","_kad_post_header":false,"_kad_post_footer":false,"_kad_post_classname":""},"product_brand":[2512],"product_cat":[1563,1590,1562],"product_tag":[],"class_list":{"0":"post-400498","1":"product","2":"type-product","3":"status-publish","4":"has-post-thumbnail","6":"product_brand-medavita","7":"product_cat-ingrijire-personala","8":"product_cat-ingrijirea-parului","9":"product_cat-sanatate-si-frumusete","10":"pa_gen-female","11":"pa_marime-150-ml","13":"first","14":"instock","15":"sale","16":"product-type-external","17":"entry","18":"content-bg","19":"loop-entry"},"acf":[],"yoast_head":"<!-- This site is optimized with the Yoast SEO plugin v27.4 - https:\/\/yoast.com\/product\/yoast-seo-wordpress\/ -->\n<title>Medavita Blondie Ice Blonde Enhancing Conditioning Serum conditioner Spray Leave-in pentru nuante inchise de blond pH 4.5 150 ml - SHOPATOA.COM<\/title>\n<meta name=\"robots\" content=\"index, follow, max-snippet:-1, max-image-preview:large, max-video-preview:-1\" \/>\n<link rel=\"canonical\" href=\"https:\/\/shopatoa.com\/ro\/medavita-blondie-ice-blonde-enhancing-conditioning-serum-conditioner-spray-leave-in-pentru-nuante-inchise-de-blond-ph-4-5-150-ml\/\" \/>\n<meta property=\"og:locale\" content=\"ro_RO\" \/>\n<meta property=\"og:type\" content=\"article\" \/>\n<meta property=\"og:title\" content=\"Medavita Blondie Ice Blonde Enhancing Conditioning Serum conditioner Spray Leave-in pentru nuante inchise de blond pH 4.5 150 ml - SHOPATOA.COM\" \/>\n<meta property=\"og:description\" content=\"Medavita Blondie Ice Blonde Enhancing Conditioning Serum, 150 ml, Balsam f\u0103r\u0103 cl\u0103tire pentru femei, V\u0103 dori\u021bi un p\u0103r frumos de la r\u0103d\u0103cin\u0103 p\u00e2n\u0103 la v\u00e2rfuri, dar sim\u021bi\u021bi c\u0103 \u00eengrijirea oferit\u0103 de \u0219ampon, balsam sau chiar masc\u0103 nu este suficient\u0103? Serul Medavita Blondie Ice Blonde Enhancing Conditioning Serum v\u0103 va \u00eembog\u0103\u021bi perfect rutina de \u00eengrijire existent\u0103...\" \/>\n<meta property=\"og:url\" content=\"https:\/\/shopatoa.com\/ro\/medavita-blondie-ice-blonde-enhancing-conditioning-serum-conditioner-spray-leave-in-pentru-nuante-inchise-de-blond-ph-4-5-150-ml\/\" \/>\n<meta property=\"og:site_name\" content=\"SHOPATOA\" \/>\n<meta property=\"article:modified_time\" content=\"2025-12-13T15:44:37+00:00\" \/>\n<meta property=\"og:image\" content=\"https:\/\/storage.googleapis.com\/cz-shopatoa-img\/ro\/56d80d2e-unnamed-file.webp\" \/>\n\t<meta property=\"og:image:width\" content=\"800\" \/>\n\t<meta property=\"og:image:height\" content=\"800\" \/>\n\t<meta property=\"og:image:type\" content=\"image\/webp\" \/>\n<meta name=\"twitter:card\" content=\"summary_large_image\" \/>\n<meta name=\"twitter:label1\" content=\"Timp estimat pentru citire\" \/>\n\t<meta name=\"twitter:data1\" content=\"1 minut\" \/>\n<script type=\"application\/ld+json\" class=\"yoast-schema-graph\">{\"@context\":\"https:\\\/\\\/schema.org\",\"@graph\":[{\"@type\":\"WebPage\",\"@id\":\"https:\\\/\\\/shopatoa.com\\\/ro\\\/medavita-blondie-ice-blonde-enhancing-conditioning-serum-conditioner-spray-leave-in-pentru-nuante-inchise-de-blond-ph-4-5-150-ml\\\/\",\"url\":\"https:\\\/\\\/shopatoa.com\\\/ro\\\/medavita-blondie-ice-blonde-enhancing-conditioning-serum-conditioner-spray-leave-in-pentru-nuante-inchise-de-blond-ph-4-5-150-ml\\\/\",\"name\":\"Medavita Blondie Ice Blonde Enhancing Conditioning Serum conditioner Spray Leave-in pentru nuante inchise de blond pH 4.5 150 ml - SHOPATOA.COM\",\"isPartOf\":{\"@id\":\"https:\\\/\\\/shopatoa.com\\\/ro\\\/#website\"},\"primaryImageOfPage\":{\"@id\":\"https:\\\/\\\/shopatoa.com\\\/ro\\\/medavita-blondie-ice-blonde-enhancing-conditioning-serum-conditioner-spray-leave-in-pentru-nuante-inchise-de-blond-ph-4-5-150-ml\\\/#primaryimage\"},\"image\":{\"@id\":\"https:\\\/\\\/shopatoa.com\\\/ro\\\/medavita-blondie-ice-blonde-enhancing-conditioning-serum-conditioner-spray-leave-in-pentru-nuante-inchise-de-blond-ph-4-5-150-ml\\\/#primaryimage\"},\"thumbnailUrl\":\"https:\\\/\\\/storage.googleapis.com\\\/cz-shopatoa-img\\\/ro\\\/56d80d2e-unnamed-file.webp\",\"datePublished\":\"2025-06-17T16:26:15+00:00\",\"dateModified\":\"2025-12-13T15:44:37+00:00\",\"breadcrumb\":{\"@id\":\"https:\\\/\\\/shopatoa.com\\\/ro\\\/medavita-blondie-ice-blonde-enhancing-conditioning-serum-conditioner-spray-leave-in-pentru-nuante-inchise-de-blond-ph-4-5-150-ml\\\/#breadcrumb\"},\"inLanguage\":\"ro-RO\",\"potentialAction\":[{\"@type\":\"ReadAction\",\"target\":[\"https:\\\/\\\/shopatoa.com\\\/ro\\\/medavita-blondie-ice-blonde-enhancing-conditioning-serum-conditioner-spray-leave-in-pentru-nuante-inchise-de-blond-ph-4-5-150-ml\\\/\"]}]},{\"@type\":\"ImageObject\",\"inLanguage\":\"ro-RO\",\"@id\":\"https:\\\/\\\/shopatoa.com\\\/ro\\\/medavita-blondie-ice-blonde-enhancing-conditioning-serum-conditioner-spray-leave-in-pentru-nuante-inchise-de-blond-ph-4-5-150-ml\\\/#primaryimage\",\"url\":\"https:\\\/\\\/storage.googleapis.com\\\/cz-shopatoa-img\\\/ro\\\/56d80d2e-unnamed-file.webp\",\"contentUrl\":\"https:\\\/\\\/storage.googleapis.com\\\/cz-shopatoa-img\\\/ro\\\/56d80d2e-unnamed-file.webp\",\"width\":800,\"height\":800},{\"@type\":\"BreadcrumbList\",\"@id\":\"https:\\\/\\\/shopatoa.com\\\/ro\\\/medavita-blondie-ice-blonde-enhancing-conditioning-serum-conditioner-spray-leave-in-pentru-nuante-inchise-de-blond-ph-4-5-150-ml\\\/#breadcrumb\",\"itemListElement\":[{\"@type\":\"ListItem\",\"position\":1,\"name\":\"Dom\u016f\",\"item\":\"https:\\\/\\\/shopatoa.com\\\/ro\\\/\"},{\"@type\":\"ListItem\",\"position\":2,\"name\":\"Shop\",\"item\":\"https:\\\/\\\/shopatoa.com\\\/ro\\\/shop\\\/\"},{\"@type\":\"ListItem\",\"position\":3,\"name\":\"S\u0103n\u0103tate \u0219i frumuse\u021be\",\"item\":\"https:\\\/\\\/shopatoa.com\\\/ro\\\/sanatate-si-frumusete\\\/\"},{\"@type\":\"ListItem\",\"position\":4,\"name\":\"\u00cengrijire personal\u0103\",\"item\":\"https:\\\/\\\/shopatoa.com\\\/ro\\\/ingrijire-personala\\\/\"},{\"@type\":\"ListItem\",\"position\":5,\"name\":\"\u00cengrijirea p\u0103rului\",\"item\":\"https:\\\/\\\/shopatoa.com\\\/ro\\\/ingrijirea-parului\\\/\"},{\"@type\":\"ListItem\",\"position\":6,\"name\":\"Medavita Blondie Ice Blonde Enhancing Conditioning Serum conditioner Spray Leave-in pentru nuante inchise de blond pH 4.5 150 ml\"}]},{\"@type\":\"WebSite\",\"@id\":\"https:\\\/\\\/shopatoa.com\\\/ro\\\/#website\",\"url\":\"https:\\\/\\\/shopatoa.com\\\/ro\\\/\",\"name\":\"SHOPATOA\",\"description\":\"\",\"publisher\":{\"@id\":\"https:\\\/\\\/shopatoa.com\\\/ro\\\/#organization\"},\"potentialAction\":[{\"@type\":\"SearchAction\",\"target\":{\"@type\":\"EntryPoint\",\"urlTemplate\":\"https:\\\/\\\/shopatoa.com\\\/ro\\\/?s={search_term_string}\"},\"query-input\":{\"@type\":\"PropertyValueSpecification\",\"valueRequired\":true,\"valueName\":\"search_term_string\"}}],\"inLanguage\":\"ro-RO\"},{\"@type\":\"Organization\",\"@id\":\"https:\\\/\\\/shopatoa.com\\\/ro\\\/#organization\",\"name\":\"SHOPATOA\",\"url\":\"https:\\\/\\\/shopatoa.com\\\/ro\\\/\",\"logo\":{\"@type\":\"ImageObject\",\"inLanguage\":\"ro-RO\",\"@id\":\"https:\\\/\\\/shopatoa.com\\\/ro\\\/#\\\/schema\\\/logo\\\/image\\\/\",\"url\":\"https:\\\/\\\/storage.googleapis.com\\\/cz-shopatoa-img\\\/ro\\\/b4dac915-shopatoa_logo.png\",\"contentUrl\":\"https:\\\/\\\/storage.googleapis.com\\\/cz-shopatoa-img\\\/ro\\\/b4dac915-shopatoa_logo.png\",\"width\":416,\"height\":63,\"caption\":\"SHOPATOA\"},\"image\":{\"@id\":\"https:\\\/\\\/shopatoa.com\\\/ro\\\/#\\\/schema\\\/logo\\\/image\\\/\"}}]}<\/script>\n<!-- \/ Yoast SEO plugin. -->","yoast_head_json":{"title":"Medavita Blondie Ice Blonde Enhancing Conditioning Serum conditioner Spray Leave-in pentru nuante inchise de blond pH 4.5 150 ml - SHOPATOA.COM","robots":{"index":"index","follow":"follow","max-snippet":"max-snippet:-1","max-image-preview":"max-image-preview:large","max-video-preview":"max-video-preview:-1"},"canonical":"https:\/\/shopatoa.com\/ro\/medavita-blondie-ice-blonde-enhancing-conditioning-serum-conditioner-spray-leave-in-pentru-nuante-inchise-de-blond-ph-4-5-150-ml\/","og_locale":"ro_RO","og_type":"article","og_title":"Medavita Blondie Ice Blonde Enhancing Conditioning Serum conditioner Spray Leave-in pentru nuante inchise de blond pH 4.5 150 ml - SHOPATOA.COM","og_description":"Medavita Blondie Ice Blonde Enhancing Conditioning Serum, 150 ml, Balsam f\u0103r\u0103 cl\u0103tire pentru femei, V\u0103 dori\u021bi un p\u0103r frumos de la r\u0103d\u0103cin\u0103 p\u00e2n\u0103 la v\u00e2rfuri, dar sim\u021bi\u021bi c\u0103 \u00eengrijirea oferit\u0103 de \u0219ampon, balsam sau chiar masc\u0103 nu este suficient\u0103? Serul Medavita Blondie Ice Blonde Enhancing Conditioning Serum v\u0103 va \u00eembog\u0103\u021bi perfect rutina de \u00eengrijire existent\u0103...","og_url":"https:\/\/shopatoa.com\/ro\/medavita-blondie-ice-blonde-enhancing-conditioning-serum-conditioner-spray-leave-in-pentru-nuante-inchise-de-blond-ph-4-5-150-ml\/","og_site_name":"SHOPATOA","article_modified_time":"2025-12-13T15:44:37+00:00","og_image":[{"width":800,"height":800,"url":"https:\/\/storage.googleapis.com\/cz-shopatoa-img\/ro\/56d80d2e-unnamed-file.webp","type":"image\/webp"}],"twitter_card":"summary_large_image","twitter_misc":{"Timp estimat pentru citire":"1 minut"},"schema":{"@context":"https:\/\/schema.org","@graph":[{"@type":"WebPage","@id":"https:\/\/shopatoa.com\/ro\/medavita-blondie-ice-blonde-enhancing-conditioning-serum-conditioner-spray-leave-in-pentru-nuante-inchise-de-blond-ph-4-5-150-ml\/","url":"https:\/\/shopatoa.com\/ro\/medavita-blondie-ice-blonde-enhancing-conditioning-serum-conditioner-spray-leave-in-pentru-nuante-inchise-de-blond-ph-4-5-150-ml\/","name":"Medavita Blondie Ice Blonde Enhancing Conditioning Serum conditioner Spray Leave-in pentru nuante inchise de blond pH 4.5 150 ml - SHOPATOA.COM","isPartOf":{"@id":"https:\/\/shopatoa.com\/ro\/#website"},"primaryImageOfPage":{"@id":"https:\/\/shopatoa.com\/ro\/medavita-blondie-ice-blonde-enhancing-conditioning-serum-conditioner-spray-leave-in-pentru-nuante-inchise-de-blond-ph-4-5-150-ml\/#primaryimage"},"image":{"@id":"https:\/\/shopatoa.com\/ro\/medavita-blondie-ice-blonde-enhancing-conditioning-serum-conditioner-spray-leave-in-pentru-nuante-inchise-de-blond-ph-4-5-150-ml\/#primaryimage"},"thumbnailUrl":"https:\/\/storage.googleapis.com\/cz-shopatoa-img\/ro\/56d80d2e-unnamed-file.webp","datePublished":"2025-06-17T16:26:15+00:00","dateModified":"2025-12-13T15:44:37+00:00","breadcrumb":{"@id":"https:\/\/shopatoa.com\/ro\/medavita-blondie-ice-blonde-enhancing-conditioning-serum-conditioner-spray-leave-in-pentru-nuante-inchise-de-blond-ph-4-5-150-ml\/#breadcrumb"},"inLanguage":"ro-RO","potentialAction":[{"@type":"ReadAction","target":["https:\/\/shopatoa.com\/ro\/medavita-blondie-ice-blonde-enhancing-conditioning-serum-conditioner-spray-leave-in-pentru-nuante-inchise-de-blond-ph-4-5-150-ml\/"]}]},{"@type":"ImageObject","inLanguage":"ro-RO","@id":"https:\/\/shopatoa.com\/ro\/medavita-blondie-ice-blonde-enhancing-conditioning-serum-conditioner-spray-leave-in-pentru-nuante-inchise-de-blond-ph-4-5-150-ml\/#primaryimage","url":"https:\/\/storage.googleapis.com\/cz-shopatoa-img\/ro\/56d80d2e-unnamed-file.webp","contentUrl":"https:\/\/storage.googleapis.com\/cz-shopatoa-img\/ro\/56d80d2e-unnamed-file.webp","width":800,"height":800},{"@type":"BreadcrumbList","@id":"https:\/\/shopatoa.com\/ro\/medavita-blondie-ice-blonde-enhancing-conditioning-serum-conditioner-spray-leave-in-pentru-nuante-inchise-de-blond-ph-4-5-150-ml\/#breadcrumb","itemListElement":[{"@type":"ListItem","position":1,"name":"Dom\u016f","item":"https:\/\/shopatoa.com\/ro\/"},{"@type":"ListItem","position":2,"name":"Shop","item":"https:\/\/shopatoa.com\/ro\/shop\/"},{"@type":"ListItem","position":3,"name":"S\u0103n\u0103tate \u0219i frumuse\u021be","item":"https:\/\/shopatoa.com\/ro\/sanatate-si-frumusete\/"},{"@type":"ListItem","position":4,"name":"\u00cengrijire personal\u0103","item":"https:\/\/shopatoa.com\/ro\/ingrijire-personala\/"},{"@type":"ListItem","position":5,"name":"\u00cengrijirea p\u0103rului","item":"https:\/\/shopatoa.com\/ro\/ingrijirea-parului\/"},{"@type":"ListItem","position":6,"name":"Medavita Blondie Ice Blonde Enhancing Conditioning Serum conditioner Spray Leave-in pentru nuante inchise de blond pH 4.5 150 ml"}]},{"@type":"WebSite","@id":"https:\/\/shopatoa.com\/ro\/#website","url":"https:\/\/shopatoa.com\/ro\/","name":"SHOPATOA","description":"","publisher":{"@id":"https:\/\/shopatoa.com\/ro\/#organization"},"potentialAction":[{"@type":"SearchAction","target":{"@type":"EntryPoint","urlTemplate":"https:\/\/shopatoa.com\/ro\/?s={search_term_string}"},"query-input":{"@type":"PropertyValueSpecification","valueRequired":true,"valueName":"search_term_string"}}],"inLanguage":"ro-RO"},{"@type":"Organization","@id":"https:\/\/shopatoa.com\/ro\/#organization","name":"SHOPATOA","url":"https:\/\/shopatoa.com\/ro\/","logo":{"@type":"ImageObject","inLanguage":"ro-RO","@id":"https:\/\/shopatoa.com\/ro\/#\/schema\/logo\/image\/","url":"https:\/\/storage.googleapis.com\/cz-shopatoa-img\/ro\/b4dac915-shopatoa_logo.png","contentUrl":"https:\/\/storage.googleapis.com\/cz-shopatoa-img\/ro\/b4dac915-shopatoa_logo.png","width":416,"height":63,"caption":"SHOPATOA"},"image":{"@id":"https:\/\/shopatoa.com\/ro\/#\/schema\/logo\/image\/"}}]}},"_links":{"self":[{"href":"https:\/\/shopatoa.com\/ro\/wp-json\/wp\/v2\/product\/400498","targetHints":{"allow":["GET"]}}],"collection":[{"href":"https:\/\/shopatoa.com\/ro\/wp-json\/wp\/v2\/product"}],"about":[{"href":"https:\/\/shopatoa.com\/ro\/wp-json\/wp\/v2\/types\/product"}],"replies":[{"embeddable":true,"href":"https:\/\/shopatoa.com\/ro\/wp-json\/wp\/v2\/comments?post=400498"}],"wp:featuredmedia":[{"embeddable":true,"href":"https:\/\/shopatoa.com\/ro\/wp-json\/wp\/v2\/media\/400499"}],"wp:attachment":[{"href":"https:\/\/shopatoa.com\/ro\/wp-json\/wp\/v2\/media?parent=400498"}],"wp:term":[{"taxonomy":"product_brand","embeddable":true,"href":"https:\/\/shopatoa.com\/ro\/wp-json\/wp\/v2\/product_brand?post=400498"},{"taxonomy":"product_cat","embeddable":true,"href":"https:\/\/shopatoa.com\/ro\/wp-json\/wp\/v2\/product_cat?post=400498"},{"taxonomy":"product_tag","embeddable":true,"href":"https:\/\/shopatoa.com\/ro\/wp-json\/wp\/v2\/product_tag?post=400498"}],"curies":[{"name":"wp","href":"https:\/\/api.w.org\/{rel}","templated":true}]}}