{"id":400685,"date":"2025-06-17T18:42:58","date_gmt":"2025-06-17T16:42:58","guid":{"rendered":"https:\/\/shopatoa.com\/ro\/axis-y-611-advanced-formula-mugwort-pore-clarifying-wash-off-pack-masca-pentru-curatare-profunda-cu-efect-calmant-100-ml\/"},"modified":"2025-12-13T16:04:30","modified_gmt":"2025-12-13T15:04:30","slug":"axis-y-611-advanced-formula-mugwort-pore-clarifying-wash-off-pack-masca-pentru-curatare-profunda-cu-efect-calmant-100-ml","status":"publish","type":"product","link":"https:\/\/shopatoa.com\/ro\/axis-y-611-advanced-formula-mugwort-pore-clarifying-wash-off-pack-masca-pentru-curatare-profunda-cu-efect-calmant-100-ml\/","title":{"rendered":"AXIS-Y 6+1+1 Advanced Formula Mugwort Pore Clarifying Wash Off Pack masca pentru curatare profunda cu efect calmant 100 ml"},"content":{"rendered":"<p>AXIS-Y 6+1+1 Advanced Formula Mugwort Pore Clarifying Wash Off Pack, 100 ml, M\u0103\u0219ti cremoase pentru femei, Sim\u021bi\u021bi c\u0103 tenul dvs. nu este \u00een cea mai bun\u0103 form\u0103 \u0219i c\u0103 are nevoie de o \u00eengrijire suplimentar\u0103 fa\u021b\u0103 de cea oferit\u0103 de crema facial\u0103? Masca facial\u0103 AXIS-Y 6+1+1 Advanced Formula Mugwort Pore Clarifying Wash Off Pack v\u0103 va \u00eembog\u0103\u021bi perfect rutina de \u00eengrijire a tenului \u2013 va r\u0103sf\u0103\u021ba tenul \u0219i \u00eei va oferi o \u00eengrijire intensiv\u0103, care \u00eei va \u00eembun\u0103t\u0103\u021bi imediat aspectul.  Caracteristici:  cur\u0103\u021b\u0103 impurit\u0103\u021bile din pori \u0219i \u00eei contract\u0103 cur\u0103\u021b\u0103 tenul \u00een profunzime detoxific\u0103 pielea efect de exfoliere lin \u00eempotriva ro\u0219e\u021bii se recomand\u0103 pentru tenul sensibil nu astup\u0103 porii regenereaz\u0103 bariera pielii nu las\u0103 o senza\u021bie de gras  Cum se utilizeaz\u0103: Masca se aplic\u0103 \u00een strat sub\u021bire pe fa\u021ba curat\u0103, evit\u00e2nd zona ochilor. Se las\u0103 s\u0103 ac\u021bioneze pe perioada specificat\u0103 pe ambalaj. Apoi se spal\u0103 bine masca, cu ap\u0103 c\u0103ldu\u021b\u0103.<\/p>\n","protected":false},"excerpt":{"rendered":"<p>AXIS-Y 6+1+1 Advanced Formula Mugwort Pore Clarifying Wash Off Pack, 100 ml, M\u0103\u0219ti cremoase pentru femei, Sim\u021bi\u021bi c\u0103 tenul dvs. nu este \u00een cea mai bun\u0103 form\u0103 \u0219i c\u0103 are nevoie de o \u00eengrijire suplimentar\u0103 fa\u021b\u0103 de cea oferit\u0103 de crema facial\u0103? Masca facial\u0103 AXIS-Y 6+1+1 Advanced Formula Mugwort Pore Clarifying Wash Off Pack v\u0103&#8230;<\/p>\n","protected":false},"featured_media":400686,"comment_status":"closed","ping_status":"open","template":"","meta":{"_acf_changed":false,"_kadence_starter_templates_imported_post":false,"_kad_post_transparent":"","_kad_post_title":"","_kad_post_layout":"","_kad_post_sidebar_id":"","_kad_post_content_style":"","_kad_post_vertical_padding":"","_kad_post_feature":"","_kad_post_feature_position":"","_kad_post_header":false,"_kad_post_footer":false,"_kad_post_classname":""},"product_brand":[2704],"product_cat":[1564,1563,1565,1614,1562],"product_tag":[],"class_list":{"0":"post-400685","1":"product","2":"type-product","3":"status-publish","4":"has-post-thumbnail","6":"product_brand-axis-y","7":"product_cat-cosmetice-ingrijire-personala","8":"product_cat-ingrijire-personala","9":"product_cat-ingrijirea-pielii","10":"product_cat-masti-si-peelings-pentru-ten","11":"product_cat-sanatate-si-frumusete","12":"pa_gen-female","13":"pa_marime-100-ml","15":"first","16":"instock","17":"sale","18":"product-type-external","19":"entry","20":"content-bg","21":"loop-entry"},"acf":[],"yoast_head":"<!-- This site is optimized with the Yoast SEO plugin v27.4 - https:\/\/yoast.com\/product\/yoast-seo-wordpress\/ -->\n<title>AXIS-Y 6+1+1 Advanced Formula Mugwort Pore Clarifying Wash Off Pack masca pentru curatare profunda cu efect calmant 100 ml - SHOPATOA.COM<\/title>\n<meta name=\"robots\" content=\"index, follow, max-snippet:-1, max-image-preview:large, max-video-preview:-1\" \/>\n<link rel=\"canonical\" href=\"https:\/\/shopatoa.com\/ro\/axis-y-611-advanced-formula-mugwort-pore-clarifying-wash-off-pack-masca-pentru-curatare-profunda-cu-efect-calmant-100-ml\/\" \/>\n<meta property=\"og:locale\" content=\"ro_RO\" \/>\n<meta property=\"og:type\" content=\"article\" \/>\n<meta property=\"og:title\" content=\"AXIS-Y 6+1+1 Advanced Formula Mugwort Pore Clarifying Wash Off Pack masca pentru curatare profunda cu efect calmant 100 ml - SHOPATOA.COM\" \/>\n<meta property=\"og:description\" content=\"AXIS-Y 6+1+1 Advanced Formula Mugwort Pore Clarifying Wash Off Pack, 100 ml, M\u0103\u0219ti cremoase pentru femei, Sim\u021bi\u021bi c\u0103 tenul dvs. nu este \u00een cea mai bun\u0103 form\u0103 \u0219i c\u0103 are nevoie de o \u00eengrijire suplimentar\u0103 fa\u021b\u0103 de cea oferit\u0103 de crema facial\u0103? Masca facial\u0103 AXIS-Y 6+1+1 Advanced Formula Mugwort Pore Clarifying Wash Off Pack v\u0103...\" \/>\n<meta property=\"og:url\" content=\"https:\/\/shopatoa.com\/ro\/axis-y-611-advanced-formula-mugwort-pore-clarifying-wash-off-pack-masca-pentru-curatare-profunda-cu-efect-calmant-100-ml\/\" \/>\n<meta property=\"og:site_name\" content=\"SHOPATOA\" \/>\n<meta property=\"article:modified_time\" content=\"2025-12-13T15:04:30+00:00\" \/>\n<meta property=\"og:image\" content=\"https:\/\/storage.googleapis.com\/cz-shopatoa-img\/ro\/436606d6-unnamed-file.webp\" \/>\n\t<meta property=\"og:image:width\" content=\"800\" \/>\n\t<meta property=\"og:image:height\" content=\"800\" \/>\n\t<meta property=\"og:image:type\" content=\"image\/webp\" \/>\n<meta name=\"twitter:card\" content=\"summary_large_image\" \/>\n<meta name=\"twitter:label1\" content=\"Timp estimat pentru citire\" \/>\n\t<meta name=\"twitter:data1\" content=\"1 minut\" \/>\n<script type=\"application\/ld+json\" class=\"yoast-schema-graph\">{\"@context\":\"https:\\\/\\\/schema.org\",\"@graph\":[{\"@type\":\"WebPage\",\"@id\":\"https:\\\/\\\/shopatoa.com\\\/ro\\\/axis-y-611-advanced-formula-mugwort-pore-clarifying-wash-off-pack-masca-pentru-curatare-profunda-cu-efect-calmant-100-ml\\\/\",\"url\":\"https:\\\/\\\/shopatoa.com\\\/ro\\\/axis-y-611-advanced-formula-mugwort-pore-clarifying-wash-off-pack-masca-pentru-curatare-profunda-cu-efect-calmant-100-ml\\\/\",\"name\":\"AXIS-Y 6+1+1 Advanced Formula Mugwort Pore Clarifying Wash Off Pack masca pentru curatare profunda cu efect calmant 100 ml - SHOPATOA.COM\",\"isPartOf\":{\"@id\":\"https:\\\/\\\/shopatoa.com\\\/ro\\\/#website\"},\"primaryImageOfPage\":{\"@id\":\"https:\\\/\\\/shopatoa.com\\\/ro\\\/axis-y-611-advanced-formula-mugwort-pore-clarifying-wash-off-pack-masca-pentru-curatare-profunda-cu-efect-calmant-100-ml\\\/#primaryimage\"},\"image\":{\"@id\":\"https:\\\/\\\/shopatoa.com\\\/ro\\\/axis-y-611-advanced-formula-mugwort-pore-clarifying-wash-off-pack-masca-pentru-curatare-profunda-cu-efect-calmant-100-ml\\\/#primaryimage\"},\"thumbnailUrl\":\"https:\\\/\\\/storage.googleapis.com\\\/cz-shopatoa-img\\\/ro\\\/436606d6-unnamed-file.webp\",\"datePublished\":\"2025-06-17T16:42:58+00:00\",\"dateModified\":\"2025-12-13T15:04:30+00:00\",\"breadcrumb\":{\"@id\":\"https:\\\/\\\/shopatoa.com\\\/ro\\\/axis-y-611-advanced-formula-mugwort-pore-clarifying-wash-off-pack-masca-pentru-curatare-profunda-cu-efect-calmant-100-ml\\\/#breadcrumb\"},\"inLanguage\":\"ro-RO\",\"potentialAction\":[{\"@type\":\"ReadAction\",\"target\":[\"https:\\\/\\\/shopatoa.com\\\/ro\\\/axis-y-611-advanced-formula-mugwort-pore-clarifying-wash-off-pack-masca-pentru-curatare-profunda-cu-efect-calmant-100-ml\\\/\"]}]},{\"@type\":\"ImageObject\",\"inLanguage\":\"ro-RO\",\"@id\":\"https:\\\/\\\/shopatoa.com\\\/ro\\\/axis-y-611-advanced-formula-mugwort-pore-clarifying-wash-off-pack-masca-pentru-curatare-profunda-cu-efect-calmant-100-ml\\\/#primaryimage\",\"url\":\"https:\\\/\\\/storage.googleapis.com\\\/cz-shopatoa-img\\\/ro\\\/436606d6-unnamed-file.webp\",\"contentUrl\":\"https:\\\/\\\/storage.googleapis.com\\\/cz-shopatoa-img\\\/ro\\\/436606d6-unnamed-file.webp\",\"width\":800,\"height\":800},{\"@type\":\"BreadcrumbList\",\"@id\":\"https:\\\/\\\/shopatoa.com\\\/ro\\\/axis-y-611-advanced-formula-mugwort-pore-clarifying-wash-off-pack-masca-pentru-curatare-profunda-cu-efect-calmant-100-ml\\\/#breadcrumb\",\"itemListElement\":[{\"@type\":\"ListItem\",\"position\":1,\"name\":\"Dom\u016f\",\"item\":\"https:\\\/\\\/shopatoa.com\\\/ro\\\/\"},{\"@type\":\"ListItem\",\"position\":2,\"name\":\"Shop\",\"item\":\"https:\\\/\\\/shopatoa.com\\\/ro\\\/shop\\\/\"},{\"@type\":\"ListItem\",\"position\":3,\"name\":\"S\u0103n\u0103tate \u0219i frumuse\u021be\",\"item\":\"https:\\\/\\\/shopatoa.com\\\/ro\\\/sanatate-si-frumusete\\\/\"},{\"@type\":\"ListItem\",\"position\":4,\"name\":\"\u00cengrijire personal\u0103\",\"item\":\"https:\\\/\\\/shopatoa.com\\\/ro\\\/ingrijire-personala\\\/\"},{\"@type\":\"ListItem\",\"position\":5,\"name\":\"Cosmetice\",\"item\":\"https:\\\/\\\/shopatoa.com\\\/ro\\\/cosmetice-ingrijire-personala\\\/\"},{\"@type\":\"ListItem\",\"position\":6,\"name\":\"\u00cengrijirea pielii\",\"item\":\"https:\\\/\\\/shopatoa.com\\\/ro\\\/ingrijirea-pielii\\\/\"},{\"@type\":\"ListItem\",\"position\":7,\"name\":\"M\u0103\u0219ti \u0219i peelings pentru ten\",\"item\":\"https:\\\/\\\/shopatoa.com\\\/ro\\\/masti-si-peelings-pentru-ten\\\/\"},{\"@type\":\"ListItem\",\"position\":8,\"name\":\"AXIS-Y 6+1+1 Advanced Formula Mugwort Pore Clarifying Wash Off Pack masca pentru curatare profunda cu efect calmant 100 ml\"}]},{\"@type\":\"WebSite\",\"@id\":\"https:\\\/\\\/shopatoa.com\\\/ro\\\/#website\",\"url\":\"https:\\\/\\\/shopatoa.com\\\/ro\\\/\",\"name\":\"SHOPATOA\",\"description\":\"\",\"publisher\":{\"@id\":\"https:\\\/\\\/shopatoa.com\\\/ro\\\/#organization\"},\"potentialAction\":[{\"@type\":\"SearchAction\",\"target\":{\"@type\":\"EntryPoint\",\"urlTemplate\":\"https:\\\/\\\/shopatoa.com\\\/ro\\\/?s={search_term_string}\"},\"query-input\":{\"@type\":\"PropertyValueSpecification\",\"valueRequired\":true,\"valueName\":\"search_term_string\"}}],\"inLanguage\":\"ro-RO\"},{\"@type\":\"Organization\",\"@id\":\"https:\\\/\\\/shopatoa.com\\\/ro\\\/#organization\",\"name\":\"SHOPATOA\",\"url\":\"https:\\\/\\\/shopatoa.com\\\/ro\\\/\",\"logo\":{\"@type\":\"ImageObject\",\"inLanguage\":\"ro-RO\",\"@id\":\"https:\\\/\\\/shopatoa.com\\\/ro\\\/#\\\/schema\\\/logo\\\/image\\\/\",\"url\":\"https:\\\/\\\/storage.googleapis.com\\\/cz-shopatoa-img\\\/ro\\\/b4dac915-shopatoa_logo.png\",\"contentUrl\":\"https:\\\/\\\/storage.googleapis.com\\\/cz-shopatoa-img\\\/ro\\\/b4dac915-shopatoa_logo.png\",\"width\":416,\"height\":63,\"caption\":\"SHOPATOA\"},\"image\":{\"@id\":\"https:\\\/\\\/shopatoa.com\\\/ro\\\/#\\\/schema\\\/logo\\\/image\\\/\"}}]}<\/script>\n<!-- \/ Yoast SEO plugin. -->","yoast_head_json":{"title":"AXIS-Y 6+1+1 Advanced Formula Mugwort Pore Clarifying Wash Off Pack masca pentru curatare profunda cu efect calmant 100 ml - SHOPATOA.COM","robots":{"index":"index","follow":"follow","max-snippet":"max-snippet:-1","max-image-preview":"max-image-preview:large","max-video-preview":"max-video-preview:-1"},"canonical":"https:\/\/shopatoa.com\/ro\/axis-y-611-advanced-formula-mugwort-pore-clarifying-wash-off-pack-masca-pentru-curatare-profunda-cu-efect-calmant-100-ml\/","og_locale":"ro_RO","og_type":"article","og_title":"AXIS-Y 6+1+1 Advanced Formula Mugwort Pore Clarifying Wash Off Pack masca pentru curatare profunda cu efect calmant 100 ml - SHOPATOA.COM","og_description":"AXIS-Y 6+1+1 Advanced Formula Mugwort Pore Clarifying Wash Off Pack, 100 ml, M\u0103\u0219ti cremoase pentru femei, Sim\u021bi\u021bi c\u0103 tenul dvs. nu este \u00een cea mai bun\u0103 form\u0103 \u0219i c\u0103 are nevoie de o \u00eengrijire suplimentar\u0103 fa\u021b\u0103 de cea oferit\u0103 de crema facial\u0103? Masca facial\u0103 AXIS-Y 6+1+1 Advanced Formula Mugwort Pore Clarifying Wash Off Pack v\u0103...","og_url":"https:\/\/shopatoa.com\/ro\/axis-y-611-advanced-formula-mugwort-pore-clarifying-wash-off-pack-masca-pentru-curatare-profunda-cu-efect-calmant-100-ml\/","og_site_name":"SHOPATOA","article_modified_time":"2025-12-13T15:04:30+00:00","og_image":[{"width":800,"height":800,"url":"https:\/\/storage.googleapis.com\/cz-shopatoa-img\/ro\/436606d6-unnamed-file.webp","type":"image\/webp"}],"twitter_card":"summary_large_image","twitter_misc":{"Timp estimat pentru citire":"1 minut"},"schema":{"@context":"https:\/\/schema.org","@graph":[{"@type":"WebPage","@id":"https:\/\/shopatoa.com\/ro\/axis-y-611-advanced-formula-mugwort-pore-clarifying-wash-off-pack-masca-pentru-curatare-profunda-cu-efect-calmant-100-ml\/","url":"https:\/\/shopatoa.com\/ro\/axis-y-611-advanced-formula-mugwort-pore-clarifying-wash-off-pack-masca-pentru-curatare-profunda-cu-efect-calmant-100-ml\/","name":"AXIS-Y 6+1+1 Advanced Formula Mugwort Pore Clarifying Wash Off Pack masca pentru curatare profunda cu efect calmant 100 ml - SHOPATOA.COM","isPartOf":{"@id":"https:\/\/shopatoa.com\/ro\/#website"},"primaryImageOfPage":{"@id":"https:\/\/shopatoa.com\/ro\/axis-y-611-advanced-formula-mugwort-pore-clarifying-wash-off-pack-masca-pentru-curatare-profunda-cu-efect-calmant-100-ml\/#primaryimage"},"image":{"@id":"https:\/\/shopatoa.com\/ro\/axis-y-611-advanced-formula-mugwort-pore-clarifying-wash-off-pack-masca-pentru-curatare-profunda-cu-efect-calmant-100-ml\/#primaryimage"},"thumbnailUrl":"https:\/\/storage.googleapis.com\/cz-shopatoa-img\/ro\/436606d6-unnamed-file.webp","datePublished":"2025-06-17T16:42:58+00:00","dateModified":"2025-12-13T15:04:30+00:00","breadcrumb":{"@id":"https:\/\/shopatoa.com\/ro\/axis-y-611-advanced-formula-mugwort-pore-clarifying-wash-off-pack-masca-pentru-curatare-profunda-cu-efect-calmant-100-ml\/#breadcrumb"},"inLanguage":"ro-RO","potentialAction":[{"@type":"ReadAction","target":["https:\/\/shopatoa.com\/ro\/axis-y-611-advanced-formula-mugwort-pore-clarifying-wash-off-pack-masca-pentru-curatare-profunda-cu-efect-calmant-100-ml\/"]}]},{"@type":"ImageObject","inLanguage":"ro-RO","@id":"https:\/\/shopatoa.com\/ro\/axis-y-611-advanced-formula-mugwort-pore-clarifying-wash-off-pack-masca-pentru-curatare-profunda-cu-efect-calmant-100-ml\/#primaryimage","url":"https:\/\/storage.googleapis.com\/cz-shopatoa-img\/ro\/436606d6-unnamed-file.webp","contentUrl":"https:\/\/storage.googleapis.com\/cz-shopatoa-img\/ro\/436606d6-unnamed-file.webp","width":800,"height":800},{"@type":"BreadcrumbList","@id":"https:\/\/shopatoa.com\/ro\/axis-y-611-advanced-formula-mugwort-pore-clarifying-wash-off-pack-masca-pentru-curatare-profunda-cu-efect-calmant-100-ml\/#breadcrumb","itemListElement":[{"@type":"ListItem","position":1,"name":"Dom\u016f","item":"https:\/\/shopatoa.com\/ro\/"},{"@type":"ListItem","position":2,"name":"Shop","item":"https:\/\/shopatoa.com\/ro\/shop\/"},{"@type":"ListItem","position":3,"name":"S\u0103n\u0103tate \u0219i frumuse\u021be","item":"https:\/\/shopatoa.com\/ro\/sanatate-si-frumusete\/"},{"@type":"ListItem","position":4,"name":"\u00cengrijire personal\u0103","item":"https:\/\/shopatoa.com\/ro\/ingrijire-personala\/"},{"@type":"ListItem","position":5,"name":"Cosmetice","item":"https:\/\/shopatoa.com\/ro\/cosmetice-ingrijire-personala\/"},{"@type":"ListItem","position":6,"name":"\u00cengrijirea pielii","item":"https:\/\/shopatoa.com\/ro\/ingrijirea-pielii\/"},{"@type":"ListItem","position":7,"name":"M\u0103\u0219ti \u0219i peelings pentru ten","item":"https:\/\/shopatoa.com\/ro\/masti-si-peelings-pentru-ten\/"},{"@type":"ListItem","position":8,"name":"AXIS-Y 6+1+1 Advanced Formula Mugwort Pore Clarifying Wash Off Pack masca pentru curatare profunda cu efect calmant 100 ml"}]},{"@type":"WebSite","@id":"https:\/\/shopatoa.com\/ro\/#website","url":"https:\/\/shopatoa.com\/ro\/","name":"SHOPATOA","description":"","publisher":{"@id":"https:\/\/shopatoa.com\/ro\/#organization"},"potentialAction":[{"@type":"SearchAction","target":{"@type":"EntryPoint","urlTemplate":"https:\/\/shopatoa.com\/ro\/?s={search_term_string}"},"query-input":{"@type":"PropertyValueSpecification","valueRequired":true,"valueName":"search_term_string"}}],"inLanguage":"ro-RO"},{"@type":"Organization","@id":"https:\/\/shopatoa.com\/ro\/#organization","name":"SHOPATOA","url":"https:\/\/shopatoa.com\/ro\/","logo":{"@type":"ImageObject","inLanguage":"ro-RO","@id":"https:\/\/shopatoa.com\/ro\/#\/schema\/logo\/image\/","url":"https:\/\/storage.googleapis.com\/cz-shopatoa-img\/ro\/b4dac915-shopatoa_logo.png","contentUrl":"https:\/\/storage.googleapis.com\/cz-shopatoa-img\/ro\/b4dac915-shopatoa_logo.png","width":416,"height":63,"caption":"SHOPATOA"},"image":{"@id":"https:\/\/shopatoa.com\/ro\/#\/schema\/logo\/image\/"}}]}},"_links":{"self":[{"href":"https:\/\/shopatoa.com\/ro\/wp-json\/wp\/v2\/product\/400685","targetHints":{"allow":["GET"]}}],"collection":[{"href":"https:\/\/shopatoa.com\/ro\/wp-json\/wp\/v2\/product"}],"about":[{"href":"https:\/\/shopatoa.com\/ro\/wp-json\/wp\/v2\/types\/product"}],"replies":[{"embeddable":true,"href":"https:\/\/shopatoa.com\/ro\/wp-json\/wp\/v2\/comments?post=400685"}],"wp:featuredmedia":[{"embeddable":true,"href":"https:\/\/shopatoa.com\/ro\/wp-json\/wp\/v2\/media\/400686"}],"wp:attachment":[{"href":"https:\/\/shopatoa.com\/ro\/wp-json\/wp\/v2\/media?parent=400685"}],"wp:term":[{"taxonomy":"product_brand","embeddable":true,"href":"https:\/\/shopatoa.com\/ro\/wp-json\/wp\/v2\/product_brand?post=400685"},{"taxonomy":"product_cat","embeddable":true,"href":"https:\/\/shopatoa.com\/ro\/wp-json\/wp\/v2\/product_cat?post=400685"},{"taxonomy":"product_tag","embeddable":true,"href":"https:\/\/shopatoa.com\/ro\/wp-json\/wp\/v2\/product_tag?post=400685"}],"curies":[{"name":"wp","href":"https:\/\/api.w.org\/{rel}","templated":true}]}}