{"id":401284,"date":"2025-06-17T19:37:06","date_gmt":"2025-06-17T17:37:06","guid":{"rendered":"https:\/\/shopatoa.com\/ro\/orientica-luxury-collection-discovery-set-set-unisex\/"},"modified":"2025-12-11T19:24:56","modified_gmt":"2025-12-11T18:24:56","slug":"orientica-luxury-collection-discovery-set-set-unisex","status":"publish","type":"product","link":"https:\/\/shopatoa.com\/ro\/orientica-luxury-collection-discovery-set-set-unisex\/","title":{"rendered":"Orientica Luxury Collection Discovery set set unisex"},"content":{"rendered":"<p>Orientica Luxury Collection Discovery set, 5&#215;10 ml, Seturi unisex unisex, Nu v\u0103 pute\u021bi decide ce parfum s\u0103 alege\u021bi pentru dvs. sau pentru cei dragi? L\u0103sa\u021bi aceast\u0103 misiune \u00een seama noastr\u0103. Am selectat cele mai bune parfumuri pentru femei! Bestseller-urile selectate de noi se ascund \u00een Orientica Luxury Collection Discovery set , oferindu-v\u0103 posibilitatea s\u0103 descoperi\u021bi \u0219i s\u0103 \u00eencerca\u021bi noi parfumuri pentru femei \u00eenainte de a le cump\u0103ra la dimensiuni standard. \u00cen box ve\u021bi g\u0103si 5 e\u0219antioane cu diferite compozi\u021bii de parfum create pentru femei. Care dintre acestea v\u0103 va cuceri?  Caracteristici:  5 mostre de parfumuri \u0219i de miniaturi de produse cosmetice  Setul con\u021bine:   Orientica Royal Amber Eau de Parfum 10 ml  Orientica Royal Bleu Eau de Parfum 10 ml Orientica Velvet Gold Eau de Parfum 10 ml  Orientica Oud Saffron Eau de Parfum 10 ml  Orientica Amber Rouge Eau de Parfum 10 ml<\/p>\n","protected":false},"excerpt":{"rendered":"<p>Orientica Luxury Collection Discovery set, 5&#215;10 ml, Seturi unisex unisex, Nu v\u0103 pute\u021bi decide ce parfum s\u0103 alege\u021bi pentru dvs. sau pentru cei dragi? L\u0103sa\u021bi aceast\u0103 misiune \u00een seama noastr\u0103. Am selectat cele mai bune parfumuri pentru femei! Bestseller-urile selectate de noi se ascund \u00een Orientica Luxury Collection Discovery set , oferindu-v\u0103 posibilitatea s\u0103 descoperi\u021bi&#8230;<\/p>\n","protected":false},"featured_media":401285,"comment_status":"closed","ping_status":"open","template":"","meta":{"_acf_changed":false,"_kadence_starter_templates_imported_post":false,"_kad_post_transparent":"","_kad_post_title":"","_kad_post_layout":"","_kad_post_sidebar_id":"","_kad_post_content_style":"","_kad_post_vertical_padding":"","_kad_post_feature":"","_kad_post_feature_position":"","_kad_post_header":false,"_kad_post_footer":false,"_kad_post_classname":""},"product_brand":[992],"product_cat":[1564,1563,1562,1651],"product_tag":[],"class_list":{"0":"post-401284","1":"product","2":"type-product","3":"status-publish","4":"has-post-thumbnail","6":"product_brand-orientica","7":"product_cat-cosmetice-ingrijire-personala","8":"product_cat-ingrijire-personala","9":"product_cat-sanatate-si-frumusete","10":"product_cat-seturi-cosmetice","11":"pa_gen-unisex","12":"pa_marime-5x10-ml","14":"first","15":"instock","16":"sale","17":"product-type-external","18":"entry","19":"content-bg","20":"loop-entry"},"acf":[],"yoast_head":"<!-- This site is optimized with the Yoast SEO plugin v27.4 - https:\/\/yoast.com\/product\/yoast-seo-wordpress\/ -->\n<title>Orientica Luxury Collection Discovery set set unisex - SHOPATOA.COM<\/title>\n<meta name=\"robots\" content=\"index, follow, max-snippet:-1, max-image-preview:large, max-video-preview:-1\" \/>\n<link rel=\"canonical\" href=\"https:\/\/shopatoa.com\/ro\/orientica-luxury-collection-discovery-set-set-unisex\/\" \/>\n<meta property=\"og:locale\" content=\"ro_RO\" \/>\n<meta property=\"og:type\" content=\"article\" \/>\n<meta property=\"og:title\" content=\"Orientica Luxury Collection Discovery set set unisex - SHOPATOA.COM\" \/>\n<meta property=\"og:description\" content=\"Orientica Luxury Collection Discovery set, 5&#215;10 ml, Seturi unisex unisex, Nu v\u0103 pute\u021bi decide ce parfum s\u0103 alege\u021bi pentru dvs. sau pentru cei dragi? L\u0103sa\u021bi aceast\u0103 misiune \u00een seama noastr\u0103. Am selectat cele mai bune parfumuri pentru femei! Bestseller-urile selectate de noi se ascund \u00een Orientica Luxury Collection Discovery set , oferindu-v\u0103 posibilitatea s\u0103 descoperi\u021bi...\" \/>\n<meta property=\"og:url\" content=\"https:\/\/shopatoa.com\/ro\/orientica-luxury-collection-discovery-set-set-unisex\/\" \/>\n<meta property=\"og:site_name\" content=\"SHOPATOA\" \/>\n<meta property=\"article:modified_time\" content=\"2025-12-11T18:24:56+00:00\" \/>\n<meta property=\"og:image\" content=\"https:\/\/storage.googleapis.com\/cz-shopatoa-img\/ro\/49f284f6-unnamed-file.jpeg\" \/>\n\t<meta property=\"og:image:width\" content=\"800\" \/>\n\t<meta property=\"og:image:height\" content=\"800\" \/>\n\t<meta property=\"og:image:type\" content=\"image\/jpeg\" \/>\n<meta name=\"twitter:card\" content=\"summary_large_image\" \/>\n<meta name=\"twitter:label1\" content=\"Timp estimat pentru citire\" \/>\n\t<meta name=\"twitter:data1\" content=\"1 minut\" \/>\n<script type=\"application\/ld+json\" class=\"yoast-schema-graph\">{\"@context\":\"https:\\\/\\\/schema.org\",\"@graph\":[{\"@type\":\"WebPage\",\"@id\":\"https:\\\/\\\/shopatoa.com\\\/ro\\\/orientica-luxury-collection-discovery-set-set-unisex\\\/\",\"url\":\"https:\\\/\\\/shopatoa.com\\\/ro\\\/orientica-luxury-collection-discovery-set-set-unisex\\\/\",\"name\":\"Orientica Luxury Collection Discovery set set unisex - SHOPATOA.COM\",\"isPartOf\":{\"@id\":\"https:\\\/\\\/shopatoa.com\\\/ro\\\/#website\"},\"primaryImageOfPage\":{\"@id\":\"https:\\\/\\\/shopatoa.com\\\/ro\\\/orientica-luxury-collection-discovery-set-set-unisex\\\/#primaryimage\"},\"image\":{\"@id\":\"https:\\\/\\\/shopatoa.com\\\/ro\\\/orientica-luxury-collection-discovery-set-set-unisex\\\/#primaryimage\"},\"thumbnailUrl\":\"https:\\\/\\\/storage.googleapis.com\\\/cz-shopatoa-img\\\/ro\\\/49f284f6-unnamed-file.jpeg\",\"datePublished\":\"2025-06-17T17:37:06+00:00\",\"dateModified\":\"2025-12-11T18:24:56+00:00\",\"breadcrumb\":{\"@id\":\"https:\\\/\\\/shopatoa.com\\\/ro\\\/orientica-luxury-collection-discovery-set-set-unisex\\\/#breadcrumb\"},\"inLanguage\":\"ro-RO\",\"potentialAction\":[{\"@type\":\"ReadAction\",\"target\":[\"https:\\\/\\\/shopatoa.com\\\/ro\\\/orientica-luxury-collection-discovery-set-set-unisex\\\/\"]}]},{\"@type\":\"ImageObject\",\"inLanguage\":\"ro-RO\",\"@id\":\"https:\\\/\\\/shopatoa.com\\\/ro\\\/orientica-luxury-collection-discovery-set-set-unisex\\\/#primaryimage\",\"url\":\"https:\\\/\\\/storage.googleapis.com\\\/cz-shopatoa-img\\\/ro\\\/49f284f6-unnamed-file.jpeg\",\"contentUrl\":\"https:\\\/\\\/storage.googleapis.com\\\/cz-shopatoa-img\\\/ro\\\/49f284f6-unnamed-file.jpeg\",\"width\":800,\"height\":800},{\"@type\":\"BreadcrumbList\",\"@id\":\"https:\\\/\\\/shopatoa.com\\\/ro\\\/orientica-luxury-collection-discovery-set-set-unisex\\\/#breadcrumb\",\"itemListElement\":[{\"@type\":\"ListItem\",\"position\":1,\"name\":\"Dom\u016f\",\"item\":\"https:\\\/\\\/shopatoa.com\\\/ro\\\/\"},{\"@type\":\"ListItem\",\"position\":2,\"name\":\"Shop\",\"item\":\"https:\\\/\\\/shopatoa.com\\\/ro\\\/shop\\\/\"},{\"@type\":\"ListItem\",\"position\":3,\"name\":\"S\u0103n\u0103tate \u0219i frumuse\u021be\",\"item\":\"https:\\\/\\\/shopatoa.com\\\/ro\\\/sanatate-si-frumusete\\\/\"},{\"@type\":\"ListItem\",\"position\":4,\"name\":\"\u00cengrijire personal\u0103\",\"item\":\"https:\\\/\\\/shopatoa.com\\\/ro\\\/ingrijire-personala\\\/\"},{\"@type\":\"ListItem\",\"position\":5,\"name\":\"Cosmetice\",\"item\":\"https:\\\/\\\/shopatoa.com\\\/ro\\\/cosmetice-ingrijire-personala\\\/\"},{\"@type\":\"ListItem\",\"position\":6,\"name\":\"Seturi cosmetice\",\"item\":\"https:\\\/\\\/shopatoa.com\\\/ro\\\/seturi-cosmetice\\\/\"},{\"@type\":\"ListItem\",\"position\":7,\"name\":\"Orientica Luxury Collection Discovery set set unisex\"}]},{\"@type\":\"WebSite\",\"@id\":\"https:\\\/\\\/shopatoa.com\\\/ro\\\/#website\",\"url\":\"https:\\\/\\\/shopatoa.com\\\/ro\\\/\",\"name\":\"SHOPATOA\",\"description\":\"\",\"publisher\":{\"@id\":\"https:\\\/\\\/shopatoa.com\\\/ro\\\/#organization\"},\"potentialAction\":[{\"@type\":\"SearchAction\",\"target\":{\"@type\":\"EntryPoint\",\"urlTemplate\":\"https:\\\/\\\/shopatoa.com\\\/ro\\\/?s={search_term_string}\"},\"query-input\":{\"@type\":\"PropertyValueSpecification\",\"valueRequired\":true,\"valueName\":\"search_term_string\"}}],\"inLanguage\":\"ro-RO\"},{\"@type\":\"Organization\",\"@id\":\"https:\\\/\\\/shopatoa.com\\\/ro\\\/#organization\",\"name\":\"SHOPATOA\",\"url\":\"https:\\\/\\\/shopatoa.com\\\/ro\\\/\",\"logo\":{\"@type\":\"ImageObject\",\"inLanguage\":\"ro-RO\",\"@id\":\"https:\\\/\\\/shopatoa.com\\\/ro\\\/#\\\/schema\\\/logo\\\/image\\\/\",\"url\":\"https:\\\/\\\/storage.googleapis.com\\\/cz-shopatoa-img\\\/ro\\\/b4dac915-shopatoa_logo.png\",\"contentUrl\":\"https:\\\/\\\/storage.googleapis.com\\\/cz-shopatoa-img\\\/ro\\\/b4dac915-shopatoa_logo.png\",\"width\":416,\"height\":63,\"caption\":\"SHOPATOA\"},\"image\":{\"@id\":\"https:\\\/\\\/shopatoa.com\\\/ro\\\/#\\\/schema\\\/logo\\\/image\\\/\"}}]}<\/script>\n<!-- \/ Yoast SEO plugin. -->","yoast_head_json":{"title":"Orientica Luxury Collection Discovery set set unisex - SHOPATOA.COM","robots":{"index":"index","follow":"follow","max-snippet":"max-snippet:-1","max-image-preview":"max-image-preview:large","max-video-preview":"max-video-preview:-1"},"canonical":"https:\/\/shopatoa.com\/ro\/orientica-luxury-collection-discovery-set-set-unisex\/","og_locale":"ro_RO","og_type":"article","og_title":"Orientica Luxury Collection Discovery set set unisex - SHOPATOA.COM","og_description":"Orientica Luxury Collection Discovery set, 5&#215;10 ml, Seturi unisex unisex, Nu v\u0103 pute\u021bi decide ce parfum s\u0103 alege\u021bi pentru dvs. sau pentru cei dragi? L\u0103sa\u021bi aceast\u0103 misiune \u00een seama noastr\u0103. Am selectat cele mai bune parfumuri pentru femei! Bestseller-urile selectate de noi se ascund \u00een Orientica Luxury Collection Discovery set , oferindu-v\u0103 posibilitatea s\u0103 descoperi\u021bi...","og_url":"https:\/\/shopatoa.com\/ro\/orientica-luxury-collection-discovery-set-set-unisex\/","og_site_name":"SHOPATOA","article_modified_time":"2025-12-11T18:24:56+00:00","og_image":[{"width":800,"height":800,"url":"https:\/\/storage.googleapis.com\/cz-shopatoa-img\/ro\/49f284f6-unnamed-file.jpeg","type":"image\/jpeg"}],"twitter_card":"summary_large_image","twitter_misc":{"Timp estimat pentru citire":"1 minut"},"schema":{"@context":"https:\/\/schema.org","@graph":[{"@type":"WebPage","@id":"https:\/\/shopatoa.com\/ro\/orientica-luxury-collection-discovery-set-set-unisex\/","url":"https:\/\/shopatoa.com\/ro\/orientica-luxury-collection-discovery-set-set-unisex\/","name":"Orientica Luxury Collection Discovery set set unisex - SHOPATOA.COM","isPartOf":{"@id":"https:\/\/shopatoa.com\/ro\/#website"},"primaryImageOfPage":{"@id":"https:\/\/shopatoa.com\/ro\/orientica-luxury-collection-discovery-set-set-unisex\/#primaryimage"},"image":{"@id":"https:\/\/shopatoa.com\/ro\/orientica-luxury-collection-discovery-set-set-unisex\/#primaryimage"},"thumbnailUrl":"https:\/\/storage.googleapis.com\/cz-shopatoa-img\/ro\/49f284f6-unnamed-file.jpeg","datePublished":"2025-06-17T17:37:06+00:00","dateModified":"2025-12-11T18:24:56+00:00","breadcrumb":{"@id":"https:\/\/shopatoa.com\/ro\/orientica-luxury-collection-discovery-set-set-unisex\/#breadcrumb"},"inLanguage":"ro-RO","potentialAction":[{"@type":"ReadAction","target":["https:\/\/shopatoa.com\/ro\/orientica-luxury-collection-discovery-set-set-unisex\/"]}]},{"@type":"ImageObject","inLanguage":"ro-RO","@id":"https:\/\/shopatoa.com\/ro\/orientica-luxury-collection-discovery-set-set-unisex\/#primaryimage","url":"https:\/\/storage.googleapis.com\/cz-shopatoa-img\/ro\/49f284f6-unnamed-file.jpeg","contentUrl":"https:\/\/storage.googleapis.com\/cz-shopatoa-img\/ro\/49f284f6-unnamed-file.jpeg","width":800,"height":800},{"@type":"BreadcrumbList","@id":"https:\/\/shopatoa.com\/ro\/orientica-luxury-collection-discovery-set-set-unisex\/#breadcrumb","itemListElement":[{"@type":"ListItem","position":1,"name":"Dom\u016f","item":"https:\/\/shopatoa.com\/ro\/"},{"@type":"ListItem","position":2,"name":"Shop","item":"https:\/\/shopatoa.com\/ro\/shop\/"},{"@type":"ListItem","position":3,"name":"S\u0103n\u0103tate \u0219i frumuse\u021be","item":"https:\/\/shopatoa.com\/ro\/sanatate-si-frumusete\/"},{"@type":"ListItem","position":4,"name":"\u00cengrijire personal\u0103","item":"https:\/\/shopatoa.com\/ro\/ingrijire-personala\/"},{"@type":"ListItem","position":5,"name":"Cosmetice","item":"https:\/\/shopatoa.com\/ro\/cosmetice-ingrijire-personala\/"},{"@type":"ListItem","position":6,"name":"Seturi cosmetice","item":"https:\/\/shopatoa.com\/ro\/seturi-cosmetice\/"},{"@type":"ListItem","position":7,"name":"Orientica Luxury Collection Discovery set set unisex"}]},{"@type":"WebSite","@id":"https:\/\/shopatoa.com\/ro\/#website","url":"https:\/\/shopatoa.com\/ro\/","name":"SHOPATOA","description":"","publisher":{"@id":"https:\/\/shopatoa.com\/ro\/#organization"},"potentialAction":[{"@type":"SearchAction","target":{"@type":"EntryPoint","urlTemplate":"https:\/\/shopatoa.com\/ro\/?s={search_term_string}"},"query-input":{"@type":"PropertyValueSpecification","valueRequired":true,"valueName":"search_term_string"}}],"inLanguage":"ro-RO"},{"@type":"Organization","@id":"https:\/\/shopatoa.com\/ro\/#organization","name":"SHOPATOA","url":"https:\/\/shopatoa.com\/ro\/","logo":{"@type":"ImageObject","inLanguage":"ro-RO","@id":"https:\/\/shopatoa.com\/ro\/#\/schema\/logo\/image\/","url":"https:\/\/storage.googleapis.com\/cz-shopatoa-img\/ro\/b4dac915-shopatoa_logo.png","contentUrl":"https:\/\/storage.googleapis.com\/cz-shopatoa-img\/ro\/b4dac915-shopatoa_logo.png","width":416,"height":63,"caption":"SHOPATOA"},"image":{"@id":"https:\/\/shopatoa.com\/ro\/#\/schema\/logo\/image\/"}}]}},"_links":{"self":[{"href":"https:\/\/shopatoa.com\/ro\/wp-json\/wp\/v2\/product\/401284","targetHints":{"allow":["GET"]}}],"collection":[{"href":"https:\/\/shopatoa.com\/ro\/wp-json\/wp\/v2\/product"}],"about":[{"href":"https:\/\/shopatoa.com\/ro\/wp-json\/wp\/v2\/types\/product"}],"replies":[{"embeddable":true,"href":"https:\/\/shopatoa.com\/ro\/wp-json\/wp\/v2\/comments?post=401284"}],"wp:featuredmedia":[{"embeddable":true,"href":"https:\/\/shopatoa.com\/ro\/wp-json\/wp\/v2\/media\/401285"}],"wp:attachment":[{"href":"https:\/\/shopatoa.com\/ro\/wp-json\/wp\/v2\/media?parent=401284"}],"wp:term":[{"taxonomy":"product_brand","embeddable":true,"href":"https:\/\/shopatoa.com\/ro\/wp-json\/wp\/v2\/product_brand?post=401284"},{"taxonomy":"product_cat","embeddable":true,"href":"https:\/\/shopatoa.com\/ro\/wp-json\/wp\/v2\/product_cat?post=401284"},{"taxonomy":"product_tag","embeddable":true,"href":"https:\/\/shopatoa.com\/ro\/wp-json\/wp\/v2\/product_tag?post=401284"}],"curies":[{"name":"wp","href":"https:\/\/api.w.org\/{rel}","templated":true}]}}