{"id":401318,"date":"2025-06-17T19:38:42","date_gmt":"2025-06-17T17:38:42","guid":{"rendered":"https:\/\/shopatoa.com\/ro\/zoe-ayla-headband-wristband-set-set-pentru-demachiere-cu-bentita-cosmetica\/"},"modified":"2025-12-11T19:24:43","modified_gmt":"2025-12-11T18:24:43","slug":"zoe-ayla-headband-wristband-set-set-pentru-demachiere-cu-bentita-cosmetica","status":"publish","type":"product","link":"https:\/\/shopatoa.com\/ro\/zoe-ayla-headband-wristband-set-set-pentru-demachiere-cu-bentita-cosmetica\/","title":{"rendered":"Zo\u00eb Ayla Headband &amp; Wristband Set set pentru demachiere cu benti\u021b\u0103 cosmetic\u0103"},"content":{"rendered":"<p>Zo\u00eb Ayla Headband &amp; Wristband Set, 3 buc, Accesorii pentru p\u0103r pentru femei, \u00cengrijirea tenului nu \u00eenseamn\u0103 doar creme, seruri, tonice, geluri \u0219i lo\u021biuni exfoliante. Rutina dvs. poate fi \u00eembun\u0103t\u0103\u021bit\u0103 prin diverse tipuri de accesorii cosmetice speciale. Articolul Zo\u00eb Ayla Headband &amp; Wristband Set completeaz\u0103 perfect produsele pe care le folosi\u021bi deja \u00een rutina dvs. \u0219i ofer\u0103 un ten cu aspect mai frumos.  Setul con\u021bine:  benti\u021b\u0103 cosmetic\u0103 1 buc br\u0103\u021bar\u0103 absorbant\u0103 pentru sp\u0103larea fe\u021bei 2 buc  Caracteristici:  un ajutor perfect la demachiere rezist\u0103 \u00een locul unde a fost plasat nu las\u0103 amprente \u00een p\u0103r  Cum se utilizeaz\u0103: \u00cenainte de a aplica \u00eengrijirea sau de a \u00eencepe vreo rutin\u0103 de \u00eenfrumuse\u021bare, aranja\u021bi p\u0103rul astfel \u00eenc\u00e2t s\u0103 fie bine prins departe de fa\u021b\u0103.<\/p>\n","protected":false},"excerpt":{"rendered":"<p>Zo\u00eb Ayla Headband &amp; Wristband Set, 3 buc, Accesorii pentru p\u0103r pentru femei, \u00cengrijirea tenului nu \u00eenseamn\u0103 doar creme, seruri, tonice, geluri \u0219i lo\u021biuni exfoliante. Rutina dvs. poate fi \u00eembun\u0103t\u0103\u021bit\u0103 prin diverse tipuri de accesorii cosmetice speciale. Articolul Zo\u00eb Ayla Headband &amp; Wristband Set completeaz\u0103 perfect produsele pe care le folosi\u021bi deja \u00een rutina dvs&#8230;.<\/p>\n","protected":false},"featured_media":401319,"comment_status":"closed","ping_status":"open","template":"","meta":{"_acf_changed":false,"_kadence_starter_templates_imported_post":false,"_kad_post_transparent":"","_kad_post_title":"","_kad_post_layout":"","_kad_post_sidebar_id":"","_kad_post_content_style":"","_kad_post_vertical_padding":"","_kad_post_feature":"","_kad_post_feature_position":"","_kad_post_header":false,"_kad_post_footer":false,"_kad_post_classname":""},"product_brand":[2850],"product_cat":[1564,1563,1562,1651],"product_tag":[],"class_list":{"0":"post-401318","1":"product","2":"type-product","3":"status-publish","4":"has-post-thumbnail","6":"product_brand-zoe-ayla","7":"product_cat-cosmetice-ingrijire-personala","8":"product_cat-ingrijire-personala","9":"product_cat-sanatate-si-frumusete","10":"product_cat-seturi-cosmetice","11":"pa_gen-female","12":"pa_marime-3-buc","14":"first","15":"instock","16":"sale","17":"product-type-external","18":"entry","19":"content-bg","20":"loop-entry"},"acf":[],"yoast_head":"<!-- This site is optimized with the Yoast SEO plugin v27.4 - https:\/\/yoast.com\/product\/yoast-seo-wordpress\/ -->\n<title>Zo\u00eb Ayla Headband &amp; Wristband Set set pentru demachiere cu benti\u021b\u0103 cosmetic\u0103 - SHOPATOA.COM<\/title>\n<meta name=\"robots\" content=\"index, follow, max-snippet:-1, max-image-preview:large, max-video-preview:-1\" \/>\n<link rel=\"canonical\" href=\"https:\/\/shopatoa.com\/ro\/zoe-ayla-headband-wristband-set-set-pentru-demachiere-cu-bentita-cosmetica\/\" \/>\n<meta property=\"og:locale\" content=\"ro_RO\" \/>\n<meta property=\"og:type\" content=\"article\" \/>\n<meta property=\"og:title\" content=\"Zo\u00eb Ayla Headband &amp; Wristband Set set pentru demachiere cu benti\u021b\u0103 cosmetic\u0103 - SHOPATOA.COM\" \/>\n<meta property=\"og:description\" content=\"Zo\u00eb Ayla Headband &amp; Wristband Set, 3 buc, Accesorii pentru p\u0103r pentru femei, \u00cengrijirea tenului nu \u00eenseamn\u0103 doar creme, seruri, tonice, geluri \u0219i lo\u021biuni exfoliante. Rutina dvs. poate fi \u00eembun\u0103t\u0103\u021bit\u0103 prin diverse tipuri de accesorii cosmetice speciale. Articolul Zo\u00eb Ayla Headband &amp; Wristband Set completeaz\u0103 perfect produsele pe care le folosi\u021bi deja \u00een rutina dvs....\" \/>\n<meta property=\"og:url\" content=\"https:\/\/shopatoa.com\/ro\/zoe-ayla-headband-wristband-set-set-pentru-demachiere-cu-bentita-cosmetica\/\" \/>\n<meta property=\"og:site_name\" content=\"SHOPATOA\" \/>\n<meta property=\"article:modified_time\" content=\"2025-12-11T18:24:43+00:00\" \/>\n<meta property=\"og:image\" content=\"https:\/\/storage.googleapis.com\/cz-shopatoa-img\/ro\/97f11e72-unnamed-file.webp\" \/>\n\t<meta property=\"og:image:width\" content=\"800\" \/>\n\t<meta property=\"og:image:height\" content=\"800\" \/>\n\t<meta property=\"og:image:type\" content=\"image\/webp\" \/>\n<meta name=\"twitter:card\" content=\"summary_large_image\" \/>\n<meta name=\"twitter:label1\" content=\"Timp estimat pentru citire\" \/>\n\t<meta name=\"twitter:data1\" content=\"1 minut\" \/>\n<script type=\"application\/ld+json\" class=\"yoast-schema-graph\">{\"@context\":\"https:\\\/\\\/schema.org\",\"@graph\":[{\"@type\":\"WebPage\",\"@id\":\"https:\\\/\\\/shopatoa.com\\\/ro\\\/zoe-ayla-headband-wristband-set-set-pentru-demachiere-cu-bentita-cosmetica\\\/\",\"url\":\"https:\\\/\\\/shopatoa.com\\\/ro\\\/zoe-ayla-headband-wristband-set-set-pentru-demachiere-cu-bentita-cosmetica\\\/\",\"name\":\"Zo\u00eb Ayla Headband & Wristband Set set pentru demachiere cu benti\u021b\u0103 cosmetic\u0103 - SHOPATOA.COM\",\"isPartOf\":{\"@id\":\"https:\\\/\\\/shopatoa.com\\\/ro\\\/#website\"},\"primaryImageOfPage\":{\"@id\":\"https:\\\/\\\/shopatoa.com\\\/ro\\\/zoe-ayla-headband-wristband-set-set-pentru-demachiere-cu-bentita-cosmetica\\\/#primaryimage\"},\"image\":{\"@id\":\"https:\\\/\\\/shopatoa.com\\\/ro\\\/zoe-ayla-headband-wristband-set-set-pentru-demachiere-cu-bentita-cosmetica\\\/#primaryimage\"},\"thumbnailUrl\":\"https:\\\/\\\/storage.googleapis.com\\\/cz-shopatoa-img\\\/ro\\\/97f11e72-unnamed-file.webp\",\"datePublished\":\"2025-06-17T17:38:42+00:00\",\"dateModified\":\"2025-12-11T18:24:43+00:00\",\"breadcrumb\":{\"@id\":\"https:\\\/\\\/shopatoa.com\\\/ro\\\/zoe-ayla-headband-wristband-set-set-pentru-demachiere-cu-bentita-cosmetica\\\/#breadcrumb\"},\"inLanguage\":\"ro-RO\",\"potentialAction\":[{\"@type\":\"ReadAction\",\"target\":[\"https:\\\/\\\/shopatoa.com\\\/ro\\\/zoe-ayla-headband-wristband-set-set-pentru-demachiere-cu-bentita-cosmetica\\\/\"]}]},{\"@type\":\"ImageObject\",\"inLanguage\":\"ro-RO\",\"@id\":\"https:\\\/\\\/shopatoa.com\\\/ro\\\/zoe-ayla-headband-wristband-set-set-pentru-demachiere-cu-bentita-cosmetica\\\/#primaryimage\",\"url\":\"https:\\\/\\\/storage.googleapis.com\\\/cz-shopatoa-img\\\/ro\\\/97f11e72-unnamed-file.webp\",\"contentUrl\":\"https:\\\/\\\/storage.googleapis.com\\\/cz-shopatoa-img\\\/ro\\\/97f11e72-unnamed-file.webp\",\"width\":800,\"height\":800},{\"@type\":\"BreadcrumbList\",\"@id\":\"https:\\\/\\\/shopatoa.com\\\/ro\\\/zoe-ayla-headband-wristband-set-set-pentru-demachiere-cu-bentita-cosmetica\\\/#breadcrumb\",\"itemListElement\":[{\"@type\":\"ListItem\",\"position\":1,\"name\":\"Dom\u016f\",\"item\":\"https:\\\/\\\/shopatoa.com\\\/ro\\\/\"},{\"@type\":\"ListItem\",\"position\":2,\"name\":\"Shop\",\"item\":\"https:\\\/\\\/shopatoa.com\\\/ro\\\/shop\\\/\"},{\"@type\":\"ListItem\",\"position\":3,\"name\":\"S\u0103n\u0103tate \u0219i frumuse\u021be\",\"item\":\"https:\\\/\\\/shopatoa.com\\\/ro\\\/sanatate-si-frumusete\\\/\"},{\"@type\":\"ListItem\",\"position\":4,\"name\":\"\u00cengrijire personal\u0103\",\"item\":\"https:\\\/\\\/shopatoa.com\\\/ro\\\/ingrijire-personala\\\/\"},{\"@type\":\"ListItem\",\"position\":5,\"name\":\"Cosmetice\",\"item\":\"https:\\\/\\\/shopatoa.com\\\/ro\\\/cosmetice-ingrijire-personala\\\/\"},{\"@type\":\"ListItem\",\"position\":6,\"name\":\"Seturi cosmetice\",\"item\":\"https:\\\/\\\/shopatoa.com\\\/ro\\\/seturi-cosmetice\\\/\"},{\"@type\":\"ListItem\",\"position\":7,\"name\":\"Zo\u00eb Ayla Headband &amp; Wristband Set set pentru demachiere cu benti\u021b\u0103 cosmetic\u0103\"}]},{\"@type\":\"WebSite\",\"@id\":\"https:\\\/\\\/shopatoa.com\\\/ro\\\/#website\",\"url\":\"https:\\\/\\\/shopatoa.com\\\/ro\\\/\",\"name\":\"SHOPATOA\",\"description\":\"\",\"publisher\":{\"@id\":\"https:\\\/\\\/shopatoa.com\\\/ro\\\/#organization\"},\"potentialAction\":[{\"@type\":\"SearchAction\",\"target\":{\"@type\":\"EntryPoint\",\"urlTemplate\":\"https:\\\/\\\/shopatoa.com\\\/ro\\\/?s={search_term_string}\"},\"query-input\":{\"@type\":\"PropertyValueSpecification\",\"valueRequired\":true,\"valueName\":\"search_term_string\"}}],\"inLanguage\":\"ro-RO\"},{\"@type\":\"Organization\",\"@id\":\"https:\\\/\\\/shopatoa.com\\\/ro\\\/#organization\",\"name\":\"SHOPATOA\",\"url\":\"https:\\\/\\\/shopatoa.com\\\/ro\\\/\",\"logo\":{\"@type\":\"ImageObject\",\"inLanguage\":\"ro-RO\",\"@id\":\"https:\\\/\\\/shopatoa.com\\\/ro\\\/#\\\/schema\\\/logo\\\/image\\\/\",\"url\":\"https:\\\/\\\/storage.googleapis.com\\\/cz-shopatoa-img\\\/ro\\\/b4dac915-shopatoa_logo.png\",\"contentUrl\":\"https:\\\/\\\/storage.googleapis.com\\\/cz-shopatoa-img\\\/ro\\\/b4dac915-shopatoa_logo.png\",\"width\":416,\"height\":63,\"caption\":\"SHOPATOA\"},\"image\":{\"@id\":\"https:\\\/\\\/shopatoa.com\\\/ro\\\/#\\\/schema\\\/logo\\\/image\\\/\"}}]}<\/script>\n<!-- \/ Yoast SEO plugin. -->","yoast_head_json":{"title":"Zo\u00eb Ayla Headband & Wristband Set set pentru demachiere cu benti\u021b\u0103 cosmetic\u0103 - SHOPATOA.COM","robots":{"index":"index","follow":"follow","max-snippet":"max-snippet:-1","max-image-preview":"max-image-preview:large","max-video-preview":"max-video-preview:-1"},"canonical":"https:\/\/shopatoa.com\/ro\/zoe-ayla-headband-wristband-set-set-pentru-demachiere-cu-bentita-cosmetica\/","og_locale":"ro_RO","og_type":"article","og_title":"Zo\u00eb Ayla Headband & Wristband Set set pentru demachiere cu benti\u021b\u0103 cosmetic\u0103 - SHOPATOA.COM","og_description":"Zo\u00eb Ayla Headband &amp; Wristband Set, 3 buc, Accesorii pentru p\u0103r pentru femei, \u00cengrijirea tenului nu \u00eenseamn\u0103 doar creme, seruri, tonice, geluri \u0219i lo\u021biuni exfoliante. Rutina dvs. poate fi \u00eembun\u0103t\u0103\u021bit\u0103 prin diverse tipuri de accesorii cosmetice speciale. Articolul Zo\u00eb Ayla Headband &amp; Wristband Set completeaz\u0103 perfect produsele pe care le folosi\u021bi deja \u00een rutina dvs....","og_url":"https:\/\/shopatoa.com\/ro\/zoe-ayla-headband-wristband-set-set-pentru-demachiere-cu-bentita-cosmetica\/","og_site_name":"SHOPATOA","article_modified_time":"2025-12-11T18:24:43+00:00","og_image":[{"width":800,"height":800,"url":"https:\/\/storage.googleapis.com\/cz-shopatoa-img\/ro\/97f11e72-unnamed-file.webp","type":"image\/webp"}],"twitter_card":"summary_large_image","twitter_misc":{"Timp estimat pentru citire":"1 minut"},"schema":{"@context":"https:\/\/schema.org","@graph":[{"@type":"WebPage","@id":"https:\/\/shopatoa.com\/ro\/zoe-ayla-headband-wristband-set-set-pentru-demachiere-cu-bentita-cosmetica\/","url":"https:\/\/shopatoa.com\/ro\/zoe-ayla-headband-wristband-set-set-pentru-demachiere-cu-bentita-cosmetica\/","name":"Zo\u00eb Ayla Headband & Wristband Set set pentru demachiere cu benti\u021b\u0103 cosmetic\u0103 - SHOPATOA.COM","isPartOf":{"@id":"https:\/\/shopatoa.com\/ro\/#website"},"primaryImageOfPage":{"@id":"https:\/\/shopatoa.com\/ro\/zoe-ayla-headband-wristband-set-set-pentru-demachiere-cu-bentita-cosmetica\/#primaryimage"},"image":{"@id":"https:\/\/shopatoa.com\/ro\/zoe-ayla-headband-wristband-set-set-pentru-demachiere-cu-bentita-cosmetica\/#primaryimage"},"thumbnailUrl":"https:\/\/storage.googleapis.com\/cz-shopatoa-img\/ro\/97f11e72-unnamed-file.webp","datePublished":"2025-06-17T17:38:42+00:00","dateModified":"2025-12-11T18:24:43+00:00","breadcrumb":{"@id":"https:\/\/shopatoa.com\/ro\/zoe-ayla-headband-wristband-set-set-pentru-demachiere-cu-bentita-cosmetica\/#breadcrumb"},"inLanguage":"ro-RO","potentialAction":[{"@type":"ReadAction","target":["https:\/\/shopatoa.com\/ro\/zoe-ayla-headband-wristband-set-set-pentru-demachiere-cu-bentita-cosmetica\/"]}]},{"@type":"ImageObject","inLanguage":"ro-RO","@id":"https:\/\/shopatoa.com\/ro\/zoe-ayla-headband-wristband-set-set-pentru-demachiere-cu-bentita-cosmetica\/#primaryimage","url":"https:\/\/storage.googleapis.com\/cz-shopatoa-img\/ro\/97f11e72-unnamed-file.webp","contentUrl":"https:\/\/storage.googleapis.com\/cz-shopatoa-img\/ro\/97f11e72-unnamed-file.webp","width":800,"height":800},{"@type":"BreadcrumbList","@id":"https:\/\/shopatoa.com\/ro\/zoe-ayla-headband-wristband-set-set-pentru-demachiere-cu-bentita-cosmetica\/#breadcrumb","itemListElement":[{"@type":"ListItem","position":1,"name":"Dom\u016f","item":"https:\/\/shopatoa.com\/ro\/"},{"@type":"ListItem","position":2,"name":"Shop","item":"https:\/\/shopatoa.com\/ro\/shop\/"},{"@type":"ListItem","position":3,"name":"S\u0103n\u0103tate \u0219i frumuse\u021be","item":"https:\/\/shopatoa.com\/ro\/sanatate-si-frumusete\/"},{"@type":"ListItem","position":4,"name":"\u00cengrijire personal\u0103","item":"https:\/\/shopatoa.com\/ro\/ingrijire-personala\/"},{"@type":"ListItem","position":5,"name":"Cosmetice","item":"https:\/\/shopatoa.com\/ro\/cosmetice-ingrijire-personala\/"},{"@type":"ListItem","position":6,"name":"Seturi cosmetice","item":"https:\/\/shopatoa.com\/ro\/seturi-cosmetice\/"},{"@type":"ListItem","position":7,"name":"Zo\u00eb Ayla Headband &amp; Wristband Set set pentru demachiere cu benti\u021b\u0103 cosmetic\u0103"}]},{"@type":"WebSite","@id":"https:\/\/shopatoa.com\/ro\/#website","url":"https:\/\/shopatoa.com\/ro\/","name":"SHOPATOA","description":"","publisher":{"@id":"https:\/\/shopatoa.com\/ro\/#organization"},"potentialAction":[{"@type":"SearchAction","target":{"@type":"EntryPoint","urlTemplate":"https:\/\/shopatoa.com\/ro\/?s={search_term_string}"},"query-input":{"@type":"PropertyValueSpecification","valueRequired":true,"valueName":"search_term_string"}}],"inLanguage":"ro-RO"},{"@type":"Organization","@id":"https:\/\/shopatoa.com\/ro\/#organization","name":"SHOPATOA","url":"https:\/\/shopatoa.com\/ro\/","logo":{"@type":"ImageObject","inLanguage":"ro-RO","@id":"https:\/\/shopatoa.com\/ro\/#\/schema\/logo\/image\/","url":"https:\/\/storage.googleapis.com\/cz-shopatoa-img\/ro\/b4dac915-shopatoa_logo.png","contentUrl":"https:\/\/storage.googleapis.com\/cz-shopatoa-img\/ro\/b4dac915-shopatoa_logo.png","width":416,"height":63,"caption":"SHOPATOA"},"image":{"@id":"https:\/\/shopatoa.com\/ro\/#\/schema\/logo\/image\/"}}]}},"_links":{"self":[{"href":"https:\/\/shopatoa.com\/ro\/wp-json\/wp\/v2\/product\/401318","targetHints":{"allow":["GET"]}}],"collection":[{"href":"https:\/\/shopatoa.com\/ro\/wp-json\/wp\/v2\/product"}],"about":[{"href":"https:\/\/shopatoa.com\/ro\/wp-json\/wp\/v2\/types\/product"}],"replies":[{"embeddable":true,"href":"https:\/\/shopatoa.com\/ro\/wp-json\/wp\/v2\/comments?post=401318"}],"wp:featuredmedia":[{"embeddable":true,"href":"https:\/\/shopatoa.com\/ro\/wp-json\/wp\/v2\/media\/401319"}],"wp:attachment":[{"href":"https:\/\/shopatoa.com\/ro\/wp-json\/wp\/v2\/media?parent=401318"}],"wp:term":[{"taxonomy":"product_brand","embeddable":true,"href":"https:\/\/shopatoa.com\/ro\/wp-json\/wp\/v2\/product_brand?post=401318"},{"taxonomy":"product_cat","embeddable":true,"href":"https:\/\/shopatoa.com\/ro\/wp-json\/wp\/v2\/product_cat?post=401318"},{"taxonomy":"product_tag","embeddable":true,"href":"https:\/\/shopatoa.com\/ro\/wp-json\/wp\/v2\/product_tag?post=401318"}],"curies":[{"name":"wp","href":"https:\/\/api.w.org\/{rel}","templated":true}]}}