{"id":401320,"date":"2025-06-17T19:50:45","date_gmt":"2025-06-17T17:50:45","guid":{"rendered":"https:\/\/shopatoa.com\/ro\/mediheal-collagen-ampoule-pad-dischete-de-tonifiere-pentru-hidratare-si-fermitate-100-buc\/"},"modified":"2025-12-11T19:13:16","modified_gmt":"2025-12-11T18:13:16","slug":"mediheal-collagen-ampoule-pad-dischete-de-tonifiere-pentru-hidratare-si-fermitate-100-buc","status":"publish","type":"product","link":"https:\/\/shopatoa.com\/ro\/mediheal-collagen-ampoule-pad-dischete-de-tonifiere-pentru-hidratare-si-fermitate-100-buc\/","title":{"rendered":"MEDIHEAL Collagen Ampoule Pad dischete de tonifiere pentru hidratare si fermitate 100 buc"},"content":{"rendered":"<p>MEDIHEAL Collagen Ampoule Pad, 100 buc, M\u0103\u0219ti din p\u00e2nz\u0103 pentru femei, Sim\u021bi\u021bi c\u0103 tenul dvs. nu este \u00een cea mai bun\u0103 form\u0103 \u0219i c\u0103 are nevoie de o \u00eengrijire suplimentar\u0103 fa\u021b\u0103 de cea oferit\u0103 de crema facial\u0103? Masca facial\u0103 MEDIHEAL Collagen Ampoule Pad v\u0103 va \u00eembog\u0103\u021bi perfect rutina de \u00eengrijire \u2013 va r\u0103sf\u0103\u021ba tenul \u0219i \u00eei va oferi o \u00eengrijire intensiv\u0103, care \u00eei va \u00eembun\u0103t\u0103\u021bi imediat aspectul.  Caracteristici:  aplicare practic\u0103 \u0219i igienic\u0103 calmeaz\u0103 \u0219i tonific\u0103 hidrateaz\u0103 profund \u0219i hr\u0103ne\u0219te intens red\u0103 pielii elasticitatea \u0219i sentimentul de confort netezirea texturii neuniforme a tenului promoveaz\u0103 produc\u021bia de colagen  Ingrediente:  colagen \u2013 leag\u0103 o cantitate mare de ap\u0103, men\u021bin\u00e2nd pielea hidratat\u0103 pe termen lung \u0219i, astfel, favorizeaz\u0103 un aspect tineresc, plin \u0219i elastic al pielii \u0219i reducerea vizibilit\u0103\u021bii ridurilor peptide \u2013 au efecte hidratante, de netezire \u0219i catifelare, ajut\u0103 la reducerea vizibilit\u0103\u021bii ridurilor, favorizeaz\u0103 fermitatea \u0219i elasticitatea pielii, confer\u0103 un aspect s\u0103n\u0103tos, uniform \u0219i radiant \u0219i consolideaz\u0103 bariera cutanat\u0103 ceramide \u2013 lipide esen\u021biale care se g\u0103sesc natural \u00een piele, sunt esen\u021biale pentru buna func\u021bionare a barierei protectoare cutanate, hidrateaz\u0103 \u0219i ajut\u0103 la prevenirea usc\u0103rii, irita\u021biei, deterior\u0103rii \u0219i ridurilor proteine \u2013 alc\u0103tuite din aminoacizi, care sunt esen\u021biali pentru buna func\u021bionare a pielii, ajut\u0103 la men\u021binerea elasticit\u0103\u021bii \u0219i fermit\u0103\u021bii pielii betain\u0103 \u2013 umecteaz\u0103, calmeaz\u0103 \u0219i catifeleaz\u0103 tenul, ajut\u00e2nd la men\u021binerea optim\u0103 a hidrat\u0103rii acestuia adenozin\u0103 \u2013 ajut\u0103 la combaterea ridurilor, favorizeaz\u0103 aspectul tineresc al tenului substan\u021be fermentate \u2013 ajut\u0103 la men\u021binerea microbiomului natural cutanat \u0219i a pH-ului echilibrat, calmeaz\u0103, combat irita\u021biile \u0219i consolideaz\u0103 bariera protectoare cutanat\u0103  Cum se utilizeaz\u0103: Se scoate cu grij\u0103 masca din ambalaj \u0219i se aplic\u0103 pe fa\u021ba curat\u0103. Se las\u0103 s\u0103 ac\u021bioneze pe durata specificat\u0103 pe ambalaj. Apoi se scoate cu aten\u021bie masca. \u0218terge\u021bi tenul cur\u0103\u021bat \u00een prealabil, cu treceri u\u0219oare ale tamponului peste fa\u021b\u0103. Serul neabsorbit se maseaz\u0103 u\u0219or \u00een piele sau se \u0219terge cu un tampon cosmetic.<\/p>\n","protected":false},"excerpt":{"rendered":"<p>MEDIHEAL Collagen Ampoule Pad, 100 buc, M\u0103\u0219ti din p\u00e2nz\u0103 pentru femei, Sim\u021bi\u021bi c\u0103 tenul dvs. nu este \u00een cea mai bun\u0103 form\u0103 \u0219i c\u0103 are nevoie de o \u00eengrijire suplimentar\u0103 fa\u021b\u0103 de cea oferit\u0103 de crema facial\u0103? Masca facial\u0103 MEDIHEAL Collagen Ampoule Pad v\u0103 va \u00eembog\u0103\u021bi perfect rutina de \u00eengrijire \u2013 va r\u0103sf\u0103\u021ba tenul \u0219i&#8230;<\/p>\n","protected":false},"featured_media":401321,"comment_status":"closed","ping_status":"open","template":"","meta":{"_acf_changed":false,"_kadence_starter_templates_imported_post":false,"_kad_post_transparent":"","_kad_post_title":"","_kad_post_layout":"","_kad_post_sidebar_id":"","_kad_post_content_style":"","_kad_post_vertical_padding":"","_kad_post_feature":"","_kad_post_feature_position":"","_kad_post_header":false,"_kad_post_footer":false,"_kad_post_classname":""},"product_brand":[3021],"product_cat":[1564,1563,1565,1614,1562],"product_tag":[],"class_list":{"0":"post-401320","1":"product","2":"type-product","3":"status-publish","4":"has-post-thumbnail","6":"product_brand-mediheal","7":"product_cat-cosmetice-ingrijire-personala","8":"product_cat-ingrijire-personala","9":"product_cat-ingrijirea-pielii","10":"product_cat-masti-si-peelings-pentru-ten","11":"product_cat-sanatate-si-frumusete","12":"pa_gen-female","13":"pa_marime-100-buc","15":"first","16":"instock","17":"sale","18":"product-type-external","19":"entry","20":"content-bg","21":"loop-entry"},"acf":[],"yoast_head":"<!-- This site is optimized with the Yoast SEO plugin v27.4 - https:\/\/yoast.com\/product\/yoast-seo-wordpress\/ -->\n<title>MEDIHEAL Collagen Ampoule Pad dischete de tonifiere pentru hidratare si fermitate 100 buc - SHOPATOA.COM<\/title>\n<meta name=\"robots\" content=\"index, follow, max-snippet:-1, max-image-preview:large, max-video-preview:-1\" \/>\n<link rel=\"canonical\" href=\"https:\/\/shopatoa.com\/ro\/mediheal-collagen-ampoule-pad-dischete-de-tonifiere-pentru-hidratare-si-fermitate-100-buc\/\" \/>\n<meta property=\"og:locale\" content=\"ro_RO\" \/>\n<meta property=\"og:type\" content=\"article\" \/>\n<meta property=\"og:title\" content=\"MEDIHEAL Collagen Ampoule Pad dischete de tonifiere pentru hidratare si fermitate 100 buc - SHOPATOA.COM\" \/>\n<meta property=\"og:description\" content=\"MEDIHEAL Collagen Ampoule Pad, 100 buc, M\u0103\u0219ti din p\u00e2nz\u0103 pentru femei, Sim\u021bi\u021bi c\u0103 tenul dvs. nu este \u00een cea mai bun\u0103 form\u0103 \u0219i c\u0103 are nevoie de o \u00eengrijire suplimentar\u0103 fa\u021b\u0103 de cea oferit\u0103 de crema facial\u0103? Masca facial\u0103 MEDIHEAL Collagen Ampoule Pad v\u0103 va \u00eembog\u0103\u021bi perfect rutina de \u00eengrijire \u2013 va r\u0103sf\u0103\u021ba tenul \u0219i...\" \/>\n<meta property=\"og:url\" content=\"https:\/\/shopatoa.com\/ro\/mediheal-collagen-ampoule-pad-dischete-de-tonifiere-pentru-hidratare-si-fermitate-100-buc\/\" \/>\n<meta property=\"og:site_name\" content=\"SHOPATOA\" \/>\n<meta property=\"article:modified_time\" content=\"2025-12-11T18:13:16+00:00\" \/>\n<meta property=\"og:image\" content=\"https:\/\/storage.googleapis.com\/cz-shopatoa-img\/ro\/06f6c244-unnamed-file.webp\" \/>\n\t<meta property=\"og:image:width\" content=\"800\" \/>\n\t<meta property=\"og:image:height\" content=\"800\" \/>\n\t<meta property=\"og:image:type\" content=\"image\/webp\" \/>\n<meta name=\"twitter:card\" content=\"summary_large_image\" \/>\n<meta name=\"twitter:label1\" content=\"Timp estimat pentru citire\" \/>\n\t<meta name=\"twitter:data1\" content=\"2 minute\" \/>\n<script type=\"application\/ld+json\" class=\"yoast-schema-graph\">{\"@context\":\"https:\\\/\\\/schema.org\",\"@graph\":[{\"@type\":\"WebPage\",\"@id\":\"https:\\\/\\\/shopatoa.com\\\/ro\\\/mediheal-collagen-ampoule-pad-dischete-de-tonifiere-pentru-hidratare-si-fermitate-100-buc\\\/\",\"url\":\"https:\\\/\\\/shopatoa.com\\\/ro\\\/mediheal-collagen-ampoule-pad-dischete-de-tonifiere-pentru-hidratare-si-fermitate-100-buc\\\/\",\"name\":\"MEDIHEAL Collagen Ampoule Pad dischete de tonifiere pentru hidratare si fermitate 100 buc - SHOPATOA.COM\",\"isPartOf\":{\"@id\":\"https:\\\/\\\/shopatoa.com\\\/ro\\\/#website\"},\"primaryImageOfPage\":{\"@id\":\"https:\\\/\\\/shopatoa.com\\\/ro\\\/mediheal-collagen-ampoule-pad-dischete-de-tonifiere-pentru-hidratare-si-fermitate-100-buc\\\/#primaryimage\"},\"image\":{\"@id\":\"https:\\\/\\\/shopatoa.com\\\/ro\\\/mediheal-collagen-ampoule-pad-dischete-de-tonifiere-pentru-hidratare-si-fermitate-100-buc\\\/#primaryimage\"},\"thumbnailUrl\":\"https:\\\/\\\/storage.googleapis.com\\\/cz-shopatoa-img\\\/ro\\\/06f6c244-unnamed-file.webp\",\"datePublished\":\"2025-06-17T17:50:45+00:00\",\"dateModified\":\"2025-12-11T18:13:16+00:00\",\"breadcrumb\":{\"@id\":\"https:\\\/\\\/shopatoa.com\\\/ro\\\/mediheal-collagen-ampoule-pad-dischete-de-tonifiere-pentru-hidratare-si-fermitate-100-buc\\\/#breadcrumb\"},\"inLanguage\":\"ro-RO\",\"potentialAction\":[{\"@type\":\"ReadAction\",\"target\":[\"https:\\\/\\\/shopatoa.com\\\/ro\\\/mediheal-collagen-ampoule-pad-dischete-de-tonifiere-pentru-hidratare-si-fermitate-100-buc\\\/\"]}]},{\"@type\":\"ImageObject\",\"inLanguage\":\"ro-RO\",\"@id\":\"https:\\\/\\\/shopatoa.com\\\/ro\\\/mediheal-collagen-ampoule-pad-dischete-de-tonifiere-pentru-hidratare-si-fermitate-100-buc\\\/#primaryimage\",\"url\":\"https:\\\/\\\/storage.googleapis.com\\\/cz-shopatoa-img\\\/ro\\\/06f6c244-unnamed-file.webp\",\"contentUrl\":\"https:\\\/\\\/storage.googleapis.com\\\/cz-shopatoa-img\\\/ro\\\/06f6c244-unnamed-file.webp\",\"width\":800,\"height\":800},{\"@type\":\"BreadcrumbList\",\"@id\":\"https:\\\/\\\/shopatoa.com\\\/ro\\\/mediheal-collagen-ampoule-pad-dischete-de-tonifiere-pentru-hidratare-si-fermitate-100-buc\\\/#breadcrumb\",\"itemListElement\":[{\"@type\":\"ListItem\",\"position\":1,\"name\":\"Dom\u016f\",\"item\":\"https:\\\/\\\/shopatoa.com\\\/ro\\\/\"},{\"@type\":\"ListItem\",\"position\":2,\"name\":\"Shop\",\"item\":\"https:\\\/\\\/shopatoa.com\\\/ro\\\/shop\\\/\"},{\"@type\":\"ListItem\",\"position\":3,\"name\":\"S\u0103n\u0103tate \u0219i frumuse\u021be\",\"item\":\"https:\\\/\\\/shopatoa.com\\\/ro\\\/sanatate-si-frumusete\\\/\"},{\"@type\":\"ListItem\",\"position\":4,\"name\":\"\u00cengrijire personal\u0103\",\"item\":\"https:\\\/\\\/shopatoa.com\\\/ro\\\/ingrijire-personala\\\/\"},{\"@type\":\"ListItem\",\"position\":5,\"name\":\"Cosmetice\",\"item\":\"https:\\\/\\\/shopatoa.com\\\/ro\\\/cosmetice-ingrijire-personala\\\/\"},{\"@type\":\"ListItem\",\"position\":6,\"name\":\"\u00cengrijirea pielii\",\"item\":\"https:\\\/\\\/shopatoa.com\\\/ro\\\/ingrijirea-pielii\\\/\"},{\"@type\":\"ListItem\",\"position\":7,\"name\":\"M\u0103\u0219ti \u0219i peelings pentru ten\",\"item\":\"https:\\\/\\\/shopatoa.com\\\/ro\\\/masti-si-peelings-pentru-ten\\\/\"},{\"@type\":\"ListItem\",\"position\":8,\"name\":\"MEDIHEAL Collagen Ampoule Pad dischete de tonifiere pentru hidratare si fermitate 100 buc\"}]},{\"@type\":\"WebSite\",\"@id\":\"https:\\\/\\\/shopatoa.com\\\/ro\\\/#website\",\"url\":\"https:\\\/\\\/shopatoa.com\\\/ro\\\/\",\"name\":\"SHOPATOA\",\"description\":\"\",\"publisher\":{\"@id\":\"https:\\\/\\\/shopatoa.com\\\/ro\\\/#organization\"},\"potentialAction\":[{\"@type\":\"SearchAction\",\"target\":{\"@type\":\"EntryPoint\",\"urlTemplate\":\"https:\\\/\\\/shopatoa.com\\\/ro\\\/?s={search_term_string}\"},\"query-input\":{\"@type\":\"PropertyValueSpecification\",\"valueRequired\":true,\"valueName\":\"search_term_string\"}}],\"inLanguage\":\"ro-RO\"},{\"@type\":\"Organization\",\"@id\":\"https:\\\/\\\/shopatoa.com\\\/ro\\\/#organization\",\"name\":\"SHOPATOA\",\"url\":\"https:\\\/\\\/shopatoa.com\\\/ro\\\/\",\"logo\":{\"@type\":\"ImageObject\",\"inLanguage\":\"ro-RO\",\"@id\":\"https:\\\/\\\/shopatoa.com\\\/ro\\\/#\\\/schema\\\/logo\\\/image\\\/\",\"url\":\"https:\\\/\\\/storage.googleapis.com\\\/cz-shopatoa-img\\\/ro\\\/b4dac915-shopatoa_logo.png\",\"contentUrl\":\"https:\\\/\\\/storage.googleapis.com\\\/cz-shopatoa-img\\\/ro\\\/b4dac915-shopatoa_logo.png\",\"width\":416,\"height\":63,\"caption\":\"SHOPATOA\"},\"image\":{\"@id\":\"https:\\\/\\\/shopatoa.com\\\/ro\\\/#\\\/schema\\\/logo\\\/image\\\/\"}}]}<\/script>\n<!-- \/ Yoast SEO plugin. -->","yoast_head_json":{"title":"MEDIHEAL Collagen Ampoule Pad dischete de tonifiere pentru hidratare si fermitate 100 buc - SHOPATOA.COM","robots":{"index":"index","follow":"follow","max-snippet":"max-snippet:-1","max-image-preview":"max-image-preview:large","max-video-preview":"max-video-preview:-1"},"canonical":"https:\/\/shopatoa.com\/ro\/mediheal-collagen-ampoule-pad-dischete-de-tonifiere-pentru-hidratare-si-fermitate-100-buc\/","og_locale":"ro_RO","og_type":"article","og_title":"MEDIHEAL Collagen Ampoule Pad dischete de tonifiere pentru hidratare si fermitate 100 buc - SHOPATOA.COM","og_description":"MEDIHEAL Collagen Ampoule Pad, 100 buc, M\u0103\u0219ti din p\u00e2nz\u0103 pentru femei, Sim\u021bi\u021bi c\u0103 tenul dvs. nu este \u00een cea mai bun\u0103 form\u0103 \u0219i c\u0103 are nevoie de o \u00eengrijire suplimentar\u0103 fa\u021b\u0103 de cea oferit\u0103 de crema facial\u0103? Masca facial\u0103 MEDIHEAL Collagen Ampoule Pad v\u0103 va \u00eembog\u0103\u021bi perfect rutina de \u00eengrijire \u2013 va r\u0103sf\u0103\u021ba tenul \u0219i...","og_url":"https:\/\/shopatoa.com\/ro\/mediheal-collagen-ampoule-pad-dischete-de-tonifiere-pentru-hidratare-si-fermitate-100-buc\/","og_site_name":"SHOPATOA","article_modified_time":"2025-12-11T18:13:16+00:00","og_image":[{"width":800,"height":800,"url":"https:\/\/storage.googleapis.com\/cz-shopatoa-img\/ro\/06f6c244-unnamed-file.webp","type":"image\/webp"}],"twitter_card":"summary_large_image","twitter_misc":{"Timp estimat pentru citire":"2 minute"},"schema":{"@context":"https:\/\/schema.org","@graph":[{"@type":"WebPage","@id":"https:\/\/shopatoa.com\/ro\/mediheal-collagen-ampoule-pad-dischete-de-tonifiere-pentru-hidratare-si-fermitate-100-buc\/","url":"https:\/\/shopatoa.com\/ro\/mediheal-collagen-ampoule-pad-dischete-de-tonifiere-pentru-hidratare-si-fermitate-100-buc\/","name":"MEDIHEAL Collagen Ampoule Pad dischete de tonifiere pentru hidratare si fermitate 100 buc - SHOPATOA.COM","isPartOf":{"@id":"https:\/\/shopatoa.com\/ro\/#website"},"primaryImageOfPage":{"@id":"https:\/\/shopatoa.com\/ro\/mediheal-collagen-ampoule-pad-dischete-de-tonifiere-pentru-hidratare-si-fermitate-100-buc\/#primaryimage"},"image":{"@id":"https:\/\/shopatoa.com\/ro\/mediheal-collagen-ampoule-pad-dischete-de-tonifiere-pentru-hidratare-si-fermitate-100-buc\/#primaryimage"},"thumbnailUrl":"https:\/\/storage.googleapis.com\/cz-shopatoa-img\/ro\/06f6c244-unnamed-file.webp","datePublished":"2025-06-17T17:50:45+00:00","dateModified":"2025-12-11T18:13:16+00:00","breadcrumb":{"@id":"https:\/\/shopatoa.com\/ro\/mediheal-collagen-ampoule-pad-dischete-de-tonifiere-pentru-hidratare-si-fermitate-100-buc\/#breadcrumb"},"inLanguage":"ro-RO","potentialAction":[{"@type":"ReadAction","target":["https:\/\/shopatoa.com\/ro\/mediheal-collagen-ampoule-pad-dischete-de-tonifiere-pentru-hidratare-si-fermitate-100-buc\/"]}]},{"@type":"ImageObject","inLanguage":"ro-RO","@id":"https:\/\/shopatoa.com\/ro\/mediheal-collagen-ampoule-pad-dischete-de-tonifiere-pentru-hidratare-si-fermitate-100-buc\/#primaryimage","url":"https:\/\/storage.googleapis.com\/cz-shopatoa-img\/ro\/06f6c244-unnamed-file.webp","contentUrl":"https:\/\/storage.googleapis.com\/cz-shopatoa-img\/ro\/06f6c244-unnamed-file.webp","width":800,"height":800},{"@type":"BreadcrumbList","@id":"https:\/\/shopatoa.com\/ro\/mediheal-collagen-ampoule-pad-dischete-de-tonifiere-pentru-hidratare-si-fermitate-100-buc\/#breadcrumb","itemListElement":[{"@type":"ListItem","position":1,"name":"Dom\u016f","item":"https:\/\/shopatoa.com\/ro\/"},{"@type":"ListItem","position":2,"name":"Shop","item":"https:\/\/shopatoa.com\/ro\/shop\/"},{"@type":"ListItem","position":3,"name":"S\u0103n\u0103tate \u0219i frumuse\u021be","item":"https:\/\/shopatoa.com\/ro\/sanatate-si-frumusete\/"},{"@type":"ListItem","position":4,"name":"\u00cengrijire personal\u0103","item":"https:\/\/shopatoa.com\/ro\/ingrijire-personala\/"},{"@type":"ListItem","position":5,"name":"Cosmetice","item":"https:\/\/shopatoa.com\/ro\/cosmetice-ingrijire-personala\/"},{"@type":"ListItem","position":6,"name":"\u00cengrijirea pielii","item":"https:\/\/shopatoa.com\/ro\/ingrijirea-pielii\/"},{"@type":"ListItem","position":7,"name":"M\u0103\u0219ti \u0219i peelings pentru ten","item":"https:\/\/shopatoa.com\/ro\/masti-si-peelings-pentru-ten\/"},{"@type":"ListItem","position":8,"name":"MEDIHEAL Collagen Ampoule Pad dischete de tonifiere pentru hidratare si fermitate 100 buc"}]},{"@type":"WebSite","@id":"https:\/\/shopatoa.com\/ro\/#website","url":"https:\/\/shopatoa.com\/ro\/","name":"SHOPATOA","description":"","publisher":{"@id":"https:\/\/shopatoa.com\/ro\/#organization"},"potentialAction":[{"@type":"SearchAction","target":{"@type":"EntryPoint","urlTemplate":"https:\/\/shopatoa.com\/ro\/?s={search_term_string}"},"query-input":{"@type":"PropertyValueSpecification","valueRequired":true,"valueName":"search_term_string"}}],"inLanguage":"ro-RO"},{"@type":"Organization","@id":"https:\/\/shopatoa.com\/ro\/#organization","name":"SHOPATOA","url":"https:\/\/shopatoa.com\/ro\/","logo":{"@type":"ImageObject","inLanguage":"ro-RO","@id":"https:\/\/shopatoa.com\/ro\/#\/schema\/logo\/image\/","url":"https:\/\/storage.googleapis.com\/cz-shopatoa-img\/ro\/b4dac915-shopatoa_logo.png","contentUrl":"https:\/\/storage.googleapis.com\/cz-shopatoa-img\/ro\/b4dac915-shopatoa_logo.png","width":416,"height":63,"caption":"SHOPATOA"},"image":{"@id":"https:\/\/shopatoa.com\/ro\/#\/schema\/logo\/image\/"}}]}},"_links":{"self":[{"href":"https:\/\/shopatoa.com\/ro\/wp-json\/wp\/v2\/product\/401320","targetHints":{"allow":["GET"]}}],"collection":[{"href":"https:\/\/shopatoa.com\/ro\/wp-json\/wp\/v2\/product"}],"about":[{"href":"https:\/\/shopatoa.com\/ro\/wp-json\/wp\/v2\/types\/product"}],"replies":[{"embeddable":true,"href":"https:\/\/shopatoa.com\/ro\/wp-json\/wp\/v2\/comments?post=401320"}],"wp:featuredmedia":[{"embeddable":true,"href":"https:\/\/shopatoa.com\/ro\/wp-json\/wp\/v2\/media\/401321"}],"wp:attachment":[{"href":"https:\/\/shopatoa.com\/ro\/wp-json\/wp\/v2\/media?parent=401320"}],"wp:term":[{"taxonomy":"product_brand","embeddable":true,"href":"https:\/\/shopatoa.com\/ro\/wp-json\/wp\/v2\/product_brand?post=401320"},{"taxonomy":"product_cat","embeddable":true,"href":"https:\/\/shopatoa.com\/ro\/wp-json\/wp\/v2\/product_cat?post=401320"},{"taxonomy":"product_tag","embeddable":true,"href":"https:\/\/shopatoa.com\/ro\/wp-json\/wp\/v2\/product_tag?post=401320"}],"curies":[{"name":"wp","href":"https:\/\/api.w.org\/{rel}","templated":true}]}}