{"id":401492,"date":"2025-06-17T20:04:28","date_gmt":"2025-06-17T18:04:28","guid":{"rendered":"https:\/\/shopatoa.com\/ro\/rude-cosmetics-manga-face-palette-paleta-pentru-fata-multifunctionala-faciale-culoare-sweetheart-sawa-chan-11-2-g\/"},"modified":"2025-12-11T18:22:56","modified_gmt":"2025-12-11T17:22:56","slug":"rude-cosmetics-manga-face-palette-paleta-pentru-fata-multifunctionala-faciale-culoare-sweetheart-sawa-chan-11-2-g","status":"publish","type":"product","link":"https:\/\/shopatoa.com\/ro\/rude-cosmetics-manga-face-palette-paleta-pentru-fata-multifunctionala-faciale-culoare-sweetheart-sawa-chan-11-2-g\/","title":{"rendered":"Rude Cosmetics Manga Face Palette paleta pentru fata multifunctionala faciale culoare Sweetheart Sawa-Chan 11.2 g"},"content":{"rendered":"<p>Rude Cosmetics Manga Face Palette, 11.2 g, Palete de machiaj multifunc\u021bionale pentru femei, Cu paleta de lux Rude Cosmetics Manga se poate crea un fond de ten perfect, ca de la un artist \u00een fond de ten.  Caracteristici:  d\u0103 farmec fe\u021bei iluminator, blush \u0219i bronzer \u00eentr-unul singur pentru rezisten\u021b\u0103 de lung\u0103 durat\u0103 u\u0219or de aplicat prin stratificare se poate ob\u021bine un machiaj mai intens  Ingrediente:  produs vegan  Cum se utilizeaz\u0103: Cu ajutorul aplicatorului selectat, se poate crea orice fond de ten dorit.<\/p>\n","protected":false},"excerpt":{"rendered":"<p>Rude Cosmetics Manga Face Palette, 11.2 g, Palete de machiaj multifunc\u021bionale pentru femei, Cu paleta de lux Rude Cosmetics Manga se poate crea un fond de ten perfect, ca de la un artist \u00een fond de ten. Caracteristici: d\u0103 farmec fe\u021bei iluminator, blush \u0219i bronzer \u00eentr-unul singur pentru rezisten\u021b\u0103 de lung\u0103 durat\u0103 u\u0219or de aplicat&#8230;<\/p>\n","protected":false},"featured_media":401493,"comment_status":"closed","ping_status":"open","template":"","meta":{"_acf_changed":false,"_kadence_starter_templates_imported_post":false,"_kad_post_transparent":"","_kad_post_title":"","_kad_post_layout":"","_kad_post_sidebar_id":"","_kad_post_content_style":"","_kad_post_vertical_padding":"","_kad_post_feature":"","_kad_post_feature_position":"","_kad_post_header":false,"_kad_post_footer":false,"_kad_post_classname":""},"product_brand":[2432],"product_cat":[1564,1563,1576,1622,1562],"product_tag":[],"class_list":{"0":"post-401492","1":"product","2":"type-product","3":"status-publish","4":"has-post-thumbnail","6":"product_brand-rude-cosmetics","7":"product_cat-cosmetice-ingrijire-personala","8":"product_cat-ingrijire-personala","9":"product_cat-machiaj","10":"product_cat-machiaj-de-fata","11":"product_cat-sanatate-si-frumusete","12":"pa_gen-female","13":"pa_marime-11-2-g","15":"first","16":"instock","17":"sale","18":"product-type-external","19":"entry","20":"content-bg","21":"loop-entry"},"acf":[],"yoast_head":"<!-- This site is optimized with the Yoast SEO plugin v27.4 - https:\/\/yoast.com\/product\/yoast-seo-wordpress\/ -->\n<title>Rude Cosmetics Manga Face Palette paleta pentru fata multifunctionala faciale culoare Sweetheart Sawa-Chan 11.2 g - SHOPATOA.COM<\/title>\n<meta name=\"robots\" content=\"index, follow, max-snippet:-1, max-image-preview:large, max-video-preview:-1\" \/>\n<link rel=\"canonical\" href=\"https:\/\/shopatoa.com\/ro\/rude-cosmetics-manga-face-palette-paleta-pentru-fata-multifunctionala-faciale-culoare-sweetheart-sawa-chan-11-2-g\/\" \/>\n<meta property=\"og:locale\" content=\"ro_RO\" \/>\n<meta property=\"og:type\" content=\"article\" \/>\n<meta property=\"og:title\" content=\"Rude Cosmetics Manga Face Palette paleta pentru fata multifunctionala faciale culoare Sweetheart Sawa-Chan 11.2 g - SHOPATOA.COM\" \/>\n<meta property=\"og:description\" content=\"Rude Cosmetics Manga Face Palette, 11.2 g, Palete de machiaj multifunc\u021bionale pentru femei, Cu paleta de lux Rude Cosmetics Manga se poate crea un fond de ten perfect, ca de la un artist \u00een fond de ten. Caracteristici: d\u0103 farmec fe\u021bei iluminator, blush \u0219i bronzer \u00eentr-unul singur pentru rezisten\u021b\u0103 de lung\u0103 durat\u0103 u\u0219or de aplicat...\" \/>\n<meta property=\"og:url\" content=\"https:\/\/shopatoa.com\/ro\/rude-cosmetics-manga-face-palette-paleta-pentru-fata-multifunctionala-faciale-culoare-sweetheart-sawa-chan-11-2-g\/\" \/>\n<meta property=\"og:site_name\" content=\"SHOPATOA\" \/>\n<meta property=\"article:modified_time\" content=\"2025-12-11T17:22:56+00:00\" \/>\n<meta property=\"og:image\" content=\"https:\/\/storage.googleapis.com\/cz-shopatoa-img\/ro\/948cd0be-unnamed-file.webp\" \/>\n\t<meta property=\"og:image:width\" content=\"800\" \/>\n\t<meta property=\"og:image:height\" content=\"800\" \/>\n\t<meta property=\"og:image:type\" content=\"image\/webp\" \/>\n<meta name=\"twitter:card\" content=\"summary_large_image\" \/>\n<script type=\"application\/ld+json\" class=\"yoast-schema-graph\">{\"@context\":\"https:\\\/\\\/schema.org\",\"@graph\":[{\"@type\":\"WebPage\",\"@id\":\"https:\\\/\\\/shopatoa.com\\\/ro\\\/rude-cosmetics-manga-face-palette-paleta-pentru-fata-multifunctionala-faciale-culoare-sweetheart-sawa-chan-11-2-g\\\/\",\"url\":\"https:\\\/\\\/shopatoa.com\\\/ro\\\/rude-cosmetics-manga-face-palette-paleta-pentru-fata-multifunctionala-faciale-culoare-sweetheart-sawa-chan-11-2-g\\\/\",\"name\":\"Rude Cosmetics Manga Face Palette paleta pentru fata multifunctionala faciale culoare Sweetheart Sawa-Chan 11.2 g - SHOPATOA.COM\",\"isPartOf\":{\"@id\":\"https:\\\/\\\/shopatoa.com\\\/ro\\\/#website\"},\"primaryImageOfPage\":{\"@id\":\"https:\\\/\\\/shopatoa.com\\\/ro\\\/rude-cosmetics-manga-face-palette-paleta-pentru-fata-multifunctionala-faciale-culoare-sweetheart-sawa-chan-11-2-g\\\/#primaryimage\"},\"image\":{\"@id\":\"https:\\\/\\\/shopatoa.com\\\/ro\\\/rude-cosmetics-manga-face-palette-paleta-pentru-fata-multifunctionala-faciale-culoare-sweetheart-sawa-chan-11-2-g\\\/#primaryimage\"},\"thumbnailUrl\":\"https:\\\/\\\/storage.googleapis.com\\\/cz-shopatoa-img\\\/ro\\\/948cd0be-unnamed-file.webp\",\"datePublished\":\"2025-06-17T18:04:28+00:00\",\"dateModified\":\"2025-12-11T17:22:56+00:00\",\"breadcrumb\":{\"@id\":\"https:\\\/\\\/shopatoa.com\\\/ro\\\/rude-cosmetics-manga-face-palette-paleta-pentru-fata-multifunctionala-faciale-culoare-sweetheart-sawa-chan-11-2-g\\\/#breadcrumb\"},\"inLanguage\":\"ro-RO\",\"potentialAction\":[{\"@type\":\"ReadAction\",\"target\":[\"https:\\\/\\\/shopatoa.com\\\/ro\\\/rude-cosmetics-manga-face-palette-paleta-pentru-fata-multifunctionala-faciale-culoare-sweetheart-sawa-chan-11-2-g\\\/\"]}]},{\"@type\":\"ImageObject\",\"inLanguage\":\"ro-RO\",\"@id\":\"https:\\\/\\\/shopatoa.com\\\/ro\\\/rude-cosmetics-manga-face-palette-paleta-pentru-fata-multifunctionala-faciale-culoare-sweetheart-sawa-chan-11-2-g\\\/#primaryimage\",\"url\":\"https:\\\/\\\/storage.googleapis.com\\\/cz-shopatoa-img\\\/ro\\\/948cd0be-unnamed-file.webp\",\"contentUrl\":\"https:\\\/\\\/storage.googleapis.com\\\/cz-shopatoa-img\\\/ro\\\/948cd0be-unnamed-file.webp\",\"width\":800,\"height\":800},{\"@type\":\"BreadcrumbList\",\"@id\":\"https:\\\/\\\/shopatoa.com\\\/ro\\\/rude-cosmetics-manga-face-palette-paleta-pentru-fata-multifunctionala-faciale-culoare-sweetheart-sawa-chan-11-2-g\\\/#breadcrumb\",\"itemListElement\":[{\"@type\":\"ListItem\",\"position\":1,\"name\":\"Dom\u016f\",\"item\":\"https:\\\/\\\/shopatoa.com\\\/ro\\\/\"},{\"@type\":\"ListItem\",\"position\":2,\"name\":\"Shop\",\"item\":\"https:\\\/\\\/shopatoa.com\\\/ro\\\/shop\\\/\"},{\"@type\":\"ListItem\",\"position\":3,\"name\":\"S\u0103n\u0103tate \u0219i frumuse\u021be\",\"item\":\"https:\\\/\\\/shopatoa.com\\\/ro\\\/sanatate-si-frumusete\\\/\"},{\"@type\":\"ListItem\",\"position\":4,\"name\":\"\u00cengrijire personal\u0103\",\"item\":\"https:\\\/\\\/shopatoa.com\\\/ro\\\/ingrijire-personala\\\/\"},{\"@type\":\"ListItem\",\"position\":5,\"name\":\"Cosmetice\",\"item\":\"https:\\\/\\\/shopatoa.com\\\/ro\\\/cosmetice-ingrijire-personala\\\/\"},{\"@type\":\"ListItem\",\"position\":6,\"name\":\"Machiaj\",\"item\":\"https:\\\/\\\/shopatoa.com\\\/ro\\\/machiaj\\\/\"},{\"@type\":\"ListItem\",\"position\":7,\"name\":\"Machiaj de fa\u021b\u0103\",\"item\":\"https:\\\/\\\/shopatoa.com\\\/ro\\\/machiaj-de-fata\\\/\"},{\"@type\":\"ListItem\",\"position\":8,\"name\":\"Rude Cosmetics Manga Face Palette paleta pentru fata multifunctionala faciale culoare Sweetheart Sawa-Chan 11.2 g\"}]},{\"@type\":\"WebSite\",\"@id\":\"https:\\\/\\\/shopatoa.com\\\/ro\\\/#website\",\"url\":\"https:\\\/\\\/shopatoa.com\\\/ro\\\/\",\"name\":\"SHOPATOA\",\"description\":\"\",\"publisher\":{\"@id\":\"https:\\\/\\\/shopatoa.com\\\/ro\\\/#organization\"},\"potentialAction\":[{\"@type\":\"SearchAction\",\"target\":{\"@type\":\"EntryPoint\",\"urlTemplate\":\"https:\\\/\\\/shopatoa.com\\\/ro\\\/?s={search_term_string}\"},\"query-input\":{\"@type\":\"PropertyValueSpecification\",\"valueRequired\":true,\"valueName\":\"search_term_string\"}}],\"inLanguage\":\"ro-RO\"},{\"@type\":\"Organization\",\"@id\":\"https:\\\/\\\/shopatoa.com\\\/ro\\\/#organization\",\"name\":\"SHOPATOA\",\"url\":\"https:\\\/\\\/shopatoa.com\\\/ro\\\/\",\"logo\":{\"@type\":\"ImageObject\",\"inLanguage\":\"ro-RO\",\"@id\":\"https:\\\/\\\/shopatoa.com\\\/ro\\\/#\\\/schema\\\/logo\\\/image\\\/\",\"url\":\"https:\\\/\\\/storage.googleapis.com\\\/cz-shopatoa-img\\\/ro\\\/b4dac915-shopatoa_logo.png\",\"contentUrl\":\"https:\\\/\\\/storage.googleapis.com\\\/cz-shopatoa-img\\\/ro\\\/b4dac915-shopatoa_logo.png\",\"width\":416,\"height\":63,\"caption\":\"SHOPATOA\"},\"image\":{\"@id\":\"https:\\\/\\\/shopatoa.com\\\/ro\\\/#\\\/schema\\\/logo\\\/image\\\/\"}}]}<\/script>\n<!-- \/ Yoast SEO plugin. -->","yoast_head_json":{"title":"Rude Cosmetics Manga Face Palette paleta pentru fata multifunctionala faciale culoare Sweetheart Sawa-Chan 11.2 g - SHOPATOA.COM","robots":{"index":"index","follow":"follow","max-snippet":"max-snippet:-1","max-image-preview":"max-image-preview:large","max-video-preview":"max-video-preview:-1"},"canonical":"https:\/\/shopatoa.com\/ro\/rude-cosmetics-manga-face-palette-paleta-pentru-fata-multifunctionala-faciale-culoare-sweetheart-sawa-chan-11-2-g\/","og_locale":"ro_RO","og_type":"article","og_title":"Rude Cosmetics Manga Face Palette paleta pentru fata multifunctionala faciale culoare Sweetheart Sawa-Chan 11.2 g - SHOPATOA.COM","og_description":"Rude Cosmetics Manga Face Palette, 11.2 g, Palete de machiaj multifunc\u021bionale pentru femei, Cu paleta de lux Rude Cosmetics Manga se poate crea un fond de ten perfect, ca de la un artist \u00een fond de ten. Caracteristici: d\u0103 farmec fe\u021bei iluminator, blush \u0219i bronzer \u00eentr-unul singur pentru rezisten\u021b\u0103 de lung\u0103 durat\u0103 u\u0219or de aplicat...","og_url":"https:\/\/shopatoa.com\/ro\/rude-cosmetics-manga-face-palette-paleta-pentru-fata-multifunctionala-faciale-culoare-sweetheart-sawa-chan-11-2-g\/","og_site_name":"SHOPATOA","article_modified_time":"2025-12-11T17:22:56+00:00","og_image":[{"width":800,"height":800,"url":"https:\/\/storage.googleapis.com\/cz-shopatoa-img\/ro\/948cd0be-unnamed-file.webp","type":"image\/webp"}],"twitter_card":"summary_large_image","schema":{"@context":"https:\/\/schema.org","@graph":[{"@type":"WebPage","@id":"https:\/\/shopatoa.com\/ro\/rude-cosmetics-manga-face-palette-paleta-pentru-fata-multifunctionala-faciale-culoare-sweetheart-sawa-chan-11-2-g\/","url":"https:\/\/shopatoa.com\/ro\/rude-cosmetics-manga-face-palette-paleta-pentru-fata-multifunctionala-faciale-culoare-sweetheart-sawa-chan-11-2-g\/","name":"Rude Cosmetics Manga Face Palette paleta pentru fata multifunctionala faciale culoare Sweetheart Sawa-Chan 11.2 g - SHOPATOA.COM","isPartOf":{"@id":"https:\/\/shopatoa.com\/ro\/#website"},"primaryImageOfPage":{"@id":"https:\/\/shopatoa.com\/ro\/rude-cosmetics-manga-face-palette-paleta-pentru-fata-multifunctionala-faciale-culoare-sweetheart-sawa-chan-11-2-g\/#primaryimage"},"image":{"@id":"https:\/\/shopatoa.com\/ro\/rude-cosmetics-manga-face-palette-paleta-pentru-fata-multifunctionala-faciale-culoare-sweetheart-sawa-chan-11-2-g\/#primaryimage"},"thumbnailUrl":"https:\/\/storage.googleapis.com\/cz-shopatoa-img\/ro\/948cd0be-unnamed-file.webp","datePublished":"2025-06-17T18:04:28+00:00","dateModified":"2025-12-11T17:22:56+00:00","breadcrumb":{"@id":"https:\/\/shopatoa.com\/ro\/rude-cosmetics-manga-face-palette-paleta-pentru-fata-multifunctionala-faciale-culoare-sweetheart-sawa-chan-11-2-g\/#breadcrumb"},"inLanguage":"ro-RO","potentialAction":[{"@type":"ReadAction","target":["https:\/\/shopatoa.com\/ro\/rude-cosmetics-manga-face-palette-paleta-pentru-fata-multifunctionala-faciale-culoare-sweetheart-sawa-chan-11-2-g\/"]}]},{"@type":"ImageObject","inLanguage":"ro-RO","@id":"https:\/\/shopatoa.com\/ro\/rude-cosmetics-manga-face-palette-paleta-pentru-fata-multifunctionala-faciale-culoare-sweetheart-sawa-chan-11-2-g\/#primaryimage","url":"https:\/\/storage.googleapis.com\/cz-shopatoa-img\/ro\/948cd0be-unnamed-file.webp","contentUrl":"https:\/\/storage.googleapis.com\/cz-shopatoa-img\/ro\/948cd0be-unnamed-file.webp","width":800,"height":800},{"@type":"BreadcrumbList","@id":"https:\/\/shopatoa.com\/ro\/rude-cosmetics-manga-face-palette-paleta-pentru-fata-multifunctionala-faciale-culoare-sweetheart-sawa-chan-11-2-g\/#breadcrumb","itemListElement":[{"@type":"ListItem","position":1,"name":"Dom\u016f","item":"https:\/\/shopatoa.com\/ro\/"},{"@type":"ListItem","position":2,"name":"Shop","item":"https:\/\/shopatoa.com\/ro\/shop\/"},{"@type":"ListItem","position":3,"name":"S\u0103n\u0103tate \u0219i frumuse\u021be","item":"https:\/\/shopatoa.com\/ro\/sanatate-si-frumusete\/"},{"@type":"ListItem","position":4,"name":"\u00cengrijire personal\u0103","item":"https:\/\/shopatoa.com\/ro\/ingrijire-personala\/"},{"@type":"ListItem","position":5,"name":"Cosmetice","item":"https:\/\/shopatoa.com\/ro\/cosmetice-ingrijire-personala\/"},{"@type":"ListItem","position":6,"name":"Machiaj","item":"https:\/\/shopatoa.com\/ro\/machiaj\/"},{"@type":"ListItem","position":7,"name":"Machiaj de fa\u021b\u0103","item":"https:\/\/shopatoa.com\/ro\/machiaj-de-fata\/"},{"@type":"ListItem","position":8,"name":"Rude Cosmetics Manga Face Palette paleta pentru fata multifunctionala faciale culoare Sweetheart Sawa-Chan 11.2 g"}]},{"@type":"WebSite","@id":"https:\/\/shopatoa.com\/ro\/#website","url":"https:\/\/shopatoa.com\/ro\/","name":"SHOPATOA","description":"","publisher":{"@id":"https:\/\/shopatoa.com\/ro\/#organization"},"potentialAction":[{"@type":"SearchAction","target":{"@type":"EntryPoint","urlTemplate":"https:\/\/shopatoa.com\/ro\/?s={search_term_string}"},"query-input":{"@type":"PropertyValueSpecification","valueRequired":true,"valueName":"search_term_string"}}],"inLanguage":"ro-RO"},{"@type":"Organization","@id":"https:\/\/shopatoa.com\/ro\/#organization","name":"SHOPATOA","url":"https:\/\/shopatoa.com\/ro\/","logo":{"@type":"ImageObject","inLanguage":"ro-RO","@id":"https:\/\/shopatoa.com\/ro\/#\/schema\/logo\/image\/","url":"https:\/\/storage.googleapis.com\/cz-shopatoa-img\/ro\/b4dac915-shopatoa_logo.png","contentUrl":"https:\/\/storage.googleapis.com\/cz-shopatoa-img\/ro\/b4dac915-shopatoa_logo.png","width":416,"height":63,"caption":"SHOPATOA"},"image":{"@id":"https:\/\/shopatoa.com\/ro\/#\/schema\/logo\/image\/"}}]}},"_links":{"self":[{"href":"https:\/\/shopatoa.com\/ro\/wp-json\/wp\/v2\/product\/401492","targetHints":{"allow":["GET"]}}],"collection":[{"href":"https:\/\/shopatoa.com\/ro\/wp-json\/wp\/v2\/product"}],"about":[{"href":"https:\/\/shopatoa.com\/ro\/wp-json\/wp\/v2\/types\/product"}],"replies":[{"embeddable":true,"href":"https:\/\/shopatoa.com\/ro\/wp-json\/wp\/v2\/comments?post=401492"}],"wp:featuredmedia":[{"embeddable":true,"href":"https:\/\/shopatoa.com\/ro\/wp-json\/wp\/v2\/media\/401493"}],"wp:attachment":[{"href":"https:\/\/shopatoa.com\/ro\/wp-json\/wp\/v2\/media?parent=401492"}],"wp:term":[{"taxonomy":"product_brand","embeddable":true,"href":"https:\/\/shopatoa.com\/ro\/wp-json\/wp\/v2\/product_brand?post=401492"},{"taxonomy":"product_cat","embeddable":true,"href":"https:\/\/shopatoa.com\/ro\/wp-json\/wp\/v2\/product_cat?post=401492"},{"taxonomy":"product_tag","embeddable":true,"href":"https:\/\/shopatoa.com\/ro\/wp-json\/wp\/v2\/product_tag?post=401492"}],"curies":[{"name":"wp","href":"https:\/\/api.w.org\/{rel}","templated":true}]}}